{"id":25462,"date":"2026-01-28T16:00:36","date_gmt":"2026-01-28T15:00:36","guid":{"rendered":"https:\/\/xenonkungen.com\/?post_type=product&#038;p=25462"},"modified":"2026-04-24T17:43:29","modified_gmt":"2026-04-24T16:43:29","slug":"batteryjumpstart-1500-ojs030","status":"publish","type":"product","link":"https:\/\/xenonkungen.com\/en\/product\/batteryjumpstart-1500-ojs030\/","title":{"rendered":"BATTERY jump starter 1500 OJS030"},"content":{"rendered":"<h3 data-start=\"141\" data-end=\"199\">Extreme jump start. Maximum safety. No compromise.<\/h3>\n<p data-start=\"201\" data-end=\"583\"><strong data-start=\"201\" data-end=\"232\">OSRAM BATTERYjumpstart 1500<\/strong> is the <strong data-start=\"240\" data-end=\"279\">most powerful starting aid in the series<\/strong>, developed for those who demand absolute reliability \u2013 whether for everyday driving, work or longer journeys. With the entire <strong data-start=\"406\" data-end=\"427\">1500 A starting power<\/strong> It can handle engines up to <strong data-start=\"456\" data-end=\"472\">6.0 l petrol<\/strong> or <strong data-start=\"479\" data-end=\"495\">3.0L diesel<\/strong>, making it perfect for passenger cars, vans, SUVs and light commercial vehicles.<\/p>\n<p data-start=\"585\" data-end=\"729\">The intelligent <strong data-start=\"602\" data-end=\"621\">the boost function<\/strong> makes it possible to start vehicles even when the battery is <strong data-start=\"678\" data-end=\"695\">completely discharged<\/strong> \u2013 quickly, safely and without stress.<\/p>\n<h3 data-start=\"731\" data-end=\"777\">Why you should choose BATTERYjumpstart 1500:<\/h3>\n<ul data-start=\"778\" data-end=\"1566\">\n<li data-start=\"778\" data-end=\"850\">\n<p data-start=\"780\" data-end=\"850\"><strong data-start=\"782\" data-end=\"803\">1500 A jump starter<\/strong> \u2013 maximum performance when it really matters<\/p>\n<\/li>\n<li data-start=\"851\" data-end=\"914\">\n<p data-start=\"853\" data-end=\"914\">\u00a0Starts engines up to <strong data-start=\"881\" data-end=\"912\">6.0 l petrol \/ 3.0 l diesel<\/strong><\/p>\n<\/li>\n<li data-start=\"915\" data-end=\"954\">\n<p data-start=\"917\" data-end=\"954\">\u00a0Fits most people <strong data-start=\"937\" data-end=\"952\">12 V vehicles<\/strong><\/p>\n<\/li>\n<li data-start=\"955\" data-end=\"1107\">\n<p data-start=\"957\" data-end=\"1011\">\u00a0Advanced safety systems for safe use:<\/p>\n<ul data-start=\"1014\" data-end=\"1107\">\n<li data-start=\"1014\" data-end=\"1044\">\n<p data-start=\"1016\" data-end=\"1044\">Reverse polarity protection<\/p>\n<\/li>\n<li data-start=\"1047\" data-end=\"1082\">\n<p data-start=\"1049\" data-end=\"1082\">Surge protection (anti-spike)<\/p>\n<\/li>\n<li data-start=\"1085\" data-end=\"1107\">\n<p data-start=\"1087\" data-end=\"1107\">Short circuit protection<\/p>\n<\/li>\n<\/ul>\n<\/li>\n<li data-start=\"1108\" data-end=\"1182\">\n<p data-start=\"1110\" data-end=\"1182\"><strong data-start=\"1113\" data-end=\"1142\">Sound and LED indicators<\/strong> for clear status and safe handling<\/p>\n<\/li>\n<li data-start=\"1183\" data-end=\"1283\">\n<p data-start=\"1185\" data-end=\"1283\">\u00a0Ergonomic <strong data-start=\"1200\" data-end=\"1239\">smart clamps with extra long cables<\/strong> \u2013 easy connection even in cramped engine compartments<\/p>\n<\/li>\n<li data-start=\"1284\" data-end=\"1355\">\n<p data-start=\"1286\" data-end=\"1355\"><strong data-start=\"1289\" data-end=\"1313\">Integrated flashlight<\/strong> \u2013 perfect for darkness and emergency situations<\/p>\n<\/li>\n<li data-start=\"1356\" data-end=\"1414\">\n<p data-start=\"1358\" data-end=\"1414\">\u00a0LED indicators showing <strong data-start=\"1387\" data-end=\"1412\">real-time battery level<\/strong><\/p>\n<\/li>\n<li data-start=\"1415\" data-end=\"1478\">\n<p data-start=\"1417\" data-end=\"1478\"><strong data-start=\"1420\" data-end=\"1445\">PD 60W fast charging<\/strong> \u2013 fast charging of the device<\/p>\n<\/li>\n<li data-start=\"1479\" data-end=\"1566\">\n<p data-start=\"1481\" data-end=\"1566\"><strong data-start=\"1484\" data-end=\"1501\">USB-C &amp; USB-A<\/strong> \u2013 powerful charging of mobile phones, tablets and other electronics<\/p>\n<\/li>\n<\/ul>\n<p data-start=\"1568\" data-end=\"1766\" data-is-last-node=\"\" data-is-only-node=\"\"><strong data-start=\"1568\" data-end=\"1599\">OSRAM BATTERYjumpstart 1500<\/strong> is more than a starting aid \u2013 it is a <strong data-start=\"1636\" data-end=\"1665\">complete security solution<\/strong> which gives you full control when the unexpected happens. An obvious choice for those who want the best.<\/p>","protected":false},"excerpt":{"rendered":"<p>Extrem starthj\u00e4lp. Maximal trygghet. Ingen kompromiss. OSRAM BATTERYjumpstart 1500 \u00e4r den kraftfullaste starthj\u00e4lpen i serien, utvecklad f\u00f6r dig som kr\u00e4ver absolut p\u00e5litlighet \u2013 oavsett om det g\u00e4ller vardagsk\u00f6rning, arbete eller l\u00e4ngre resor. Med hela 1500 A startkraft klarar den motorer upp till 6,0 l bensin eller 3,0 l diesel, vilket g\u00f6r den perfekt f\u00f6r personbilar, [&hellip;]<\/p>","protected":false},"featured_media":25465,"comment_status":"open","ping_status":"closed","template":"","meta":{"_acf_changed":false,"_smort_price_nok":"2024","_smort_price_dkk":"","_smort_price_eur":"","_smort_sale_price_nok":"","_smort_sale_price_dkk":"","_smort_sale_price_eur":"","smort_restorder":"","shipmondo_restorder":"","_kad_blocks_custom_css":"","_kad_blocks_head_custom_js":"","_kad_blocks_body_custom_js":"","_kad_blocks_footer_custom_js":"","smort_custom_pricelist_1":"1212.8","smort_custom_pricelist_2":"1061.2","smort_custom_pricelist_3":"985.4","smort_custom_pricelist_4":"1516","smort_custom_pricelist_5":"1061.2"},"anvandningsomrade":[],"bilmarken":[],"product_brand":[108],"product_cat":[377],"product_tag":[],"class_list":{"0":"post-25462","1":"product","2":"type-product","3":"status-publish","4":"has-post-thumbnail","6":"product_brand-osram","7":"product_cat-biltillbehor","8":"pa_storlek-mm-254x42x94","9":"pa_volt-v-159","11":"first","12":"instock","13":"taxable","14":"shipping-taxable","15":"purchasable","16":"product-type-simple"},"bundled_by":[],"bundle_stock_status":"instock","bundle_stock_quantity":1,"bundle_virtual":false,"bundle_layout":"","bundle_add_to_cart_form_location":"","bundle_editable_in_cart":false,"bundle_sold_individually_context":"","bundle_item_grouping":"","bundle_min_size":"","bundle_max_size":"","bundle_price":[],"bundled_items":[],"bundle_sell_ids":[],"acf":[],"yoast_head":"<!-- This site is optimized with the Yoast SEO plugin v27.0 - https:\/\/yoast.com\/product\/yoast-seo-wordpress\/ -->\n<title>BATTERYjumpstart 1500 OJS030 - Xenonkungen<\/title>\n<meta name=\"robots\" content=\"index, follow, max-snippet:-1, max-image-preview:large, max-video-preview:-1\" \/>\n<link rel=\"canonical\" href=\"https:\/\/xenonkungen.com\/en\/product\/batteryjumpstart-1500-ojs030\/\" \/>\n<meta property=\"og:locale\" content=\"en_GB\" \/>\n<meta property=\"og:type\" content=\"article\" \/>\n<meta property=\"og:title\" content=\"BATTERYjumpstart 1500 OJS030 - Xenonkungen\" \/>\n<meta property=\"og:description\" content=\"Extrem starthj\u00e4lp. Maximal trygghet. Ingen kompromiss. OSRAM BATTERYjumpstart 1500 \u00e4r den kraftfullaste starthj\u00e4lpen i serien, utvecklad f\u00f6r dig som kr\u00e4ver absolut p\u00e5litlighet \u2013 oavsett om det g\u00e4ller vardagsk\u00f6rning, arbete eller l\u00e4ngre resor. Med hela 1500 A startkraft klarar den motorer upp till 6,0 l bensin eller 3,0 l diesel, vilket g\u00f6r den perfekt f\u00f6r personbilar, [&hellip;]\" \/>\n<meta property=\"og:url\" content=\"https:\/\/xenonkungen.com\/en\/product\/batteryjumpstart-1500-ojs030\/\" \/>\n<meta property=\"og:site_name\" content=\"Xenonkungen\" \/>\n<meta property=\"article:modified_time\" content=\"2026-04-24T16:43:29+00:00\" \/>\n<meta property=\"og:image\" content=\"https:\/\/xenonkungen.com\/wp-content\/uploads\/2026\/01\/Small-for-web-and-ppt-PI_BATTERYstart_OJS030_cmyk_RZ.jpg\" \/>\n\t<meta property=\"og:image:width\" content=\"1024\" \/>\n\t<meta property=\"og:image:height\" content=\"1024\" \/>\n\t<meta property=\"og:image:type\" content=\"image\/jpeg\" \/>\n<meta name=\"twitter:card\" content=\"summary_large_image\" \/>\n<meta name=\"twitter:label1\" content=\"Estimated reading time\" \/>\n\t<meta name=\"twitter:data1\" content=\"2 minutes\" \/>\n<script type=\"application\/ld+json\" class=\"yoast-schema-graph\">{\"@context\":\"https:\/\/schema.org\",\"@graph\":[{\"@type\":\"WebPage\",\"@id\":\"https:\/\/xenonkungen.com\/produkt\/batteryjumpstart-1500-ojs030\/\",\"url\":\"https:\/\/xenonkungen.com\/produkt\/batteryjumpstart-1500-ojs030\/\",\"name\":\"BATTERYjumpstart 1500 OJS030 - Xenonkungen\",\"isPartOf\":{\"@id\":\"https:\/\/xenonkungen.com\/#website\"},\"primaryImageOfPage\":{\"@id\":\"https:\/\/xenonkungen.com\/produkt\/batteryjumpstart-1500-ojs030\/#primaryimage\"},\"image\":{\"@id\":\"https:\/\/xenonkungen.com\/produkt\/batteryjumpstart-1500-ojs030\/#primaryimage\"},\"thumbnailUrl\":\"https:\/\/xenonkungen.com\/wp-content\/uploads\/2026\/01\/Small-for-web-and-ppt-PI_BATTERYstart_OJS030_cmyk_RZ.jpg\",\"datePublished\":\"2026-01-28T15:00:36+00:00\",\"dateModified\":\"2026-04-24T16:43:29+00:00\",\"breadcrumb\":{\"@id\":\"https:\/\/xenonkungen.com\/produkt\/batteryjumpstart-1500-ojs030\/#breadcrumb\"},\"inLanguage\":\"en-GB\",\"potentialAction\":[{\"@type\":\"ReadAction\",\"target\":[\"https:\/\/xenonkungen.com\/produkt\/batteryjumpstart-1500-ojs030\/\"]}]},{\"@type\":\"ImageObject\",\"inLanguage\":\"en-GB\",\"@id\":\"https:\/\/xenonkungen.com\/produkt\/batteryjumpstart-1500-ojs030\/#primaryimage\",\"url\":\"https:\/\/xenonkungen.com\/wp-content\/uploads\/2026\/01\/Small-for-web-and-ppt-PI_BATTERYstart_OJS030_cmyk_RZ.jpg\",\"contentUrl\":\"https:\/\/xenonkungen.com\/wp-content\/uploads\/2026\/01\/Small-for-web-and-ppt-PI_BATTERYstart_OJS030_cmyk_RZ.jpg\",\"width\":1024,\"height\":1024},{\"@type\":\"BreadcrumbList\",\"@id\":\"https:\/\/xenonkungen.com\/produkt\/batteryjumpstart-1500-ojs030\/#breadcrumb\",\"itemListElement\":[{\"@type\":\"ListItem\",\"position\":1,\"name\":\"Hem\",\"item\":\"https:\/\/xenonkungen.com\/\"},{\"@type\":\"ListItem\",\"position\":2,\"name\":\"Shop\",\"item\":\"https:\/\/xenonkungen.com\/shop\/\"},{\"@type\":\"ListItem\",\"position\":3,\"name\":\"BATTERYjumpstart 1500 OJS030\"}]},{\"@type\":\"WebSite\",\"@id\":\"https:\/\/xenonkungen.com\/#website\",\"url\":\"https:\/\/xenonkungen.com\/\",\"name\":\"Xenonkungen\",\"description\":\"\",\"potentialAction\":[{\"@type\":\"SearchAction\",\"target\":{\"@type\":\"EntryPoint\",\"urlTemplate\":\"https:\/\/xenonkungen.com\/?s={search_term_string}\"},\"query-input\":{\"@type\":\"PropertyValueSpecification\",\"valueRequired\":true,\"valueName\":\"search_term_string\"}}],\"inLanguage\":\"en-GB\"}]}<\/script>\n<!-- \/ Yoast SEO plugin. -->","yoast_head_json":{"title":"BATTERYjumpstart 1500 OJS030 - The Xenon King","robots":{"index":"index","follow":"follow","max-snippet":"max-snippet:-1","max-image-preview":"max-image-preview:large","max-video-preview":"max-video-preview:-1"},"canonical":"https:\/\/xenonkungen.com\/en\/product\/batteryjumpstart-1500-ojs030\/","og_locale":"en_GB","og_type":"article","og_title":"BATTERYjumpstart 1500 OJS030 - Xenonkungen","og_description":"Extrem starthj\u00e4lp. Maximal trygghet. Ingen kompromiss. OSRAM BATTERYjumpstart 1500 \u00e4r den kraftfullaste starthj\u00e4lpen i serien, utvecklad f\u00f6r dig som kr\u00e4ver absolut p\u00e5litlighet \u2013 oavsett om det g\u00e4ller vardagsk\u00f6rning, arbete eller l\u00e4ngre resor. Med hela 1500 A startkraft klarar den motorer upp till 6,0 l bensin eller 3,0 l diesel, vilket g\u00f6r den perfekt f\u00f6r personbilar, [&hellip;]","og_url":"https:\/\/xenonkungen.com\/en\/product\/batteryjumpstart-1500-ojs030\/","og_site_name":"Xenonkungen","article_modified_time":"2026-04-24T16:43:29+00:00","og_image":[{"width":1024,"height":1024,"url":"https:\/\/xenonkungen.com\/wp-content\/uploads\/2026\/01\/Small-for-web-and-ppt-PI_BATTERYstart_OJS030_cmyk_RZ.jpg","type":"image\/jpeg"}],"twitter_card":"summary_large_image","twitter_misc":{"Estimated reading time":"2 minutes"},"schema":{"@context":"https:\/\/schema.org","@graph":[{"@type":"WebPage","@id":"https:\/\/xenonkungen.com\/produkt\/batteryjumpstart-1500-ojs030\/","url":"https:\/\/xenonkungen.com\/produkt\/batteryjumpstart-1500-ojs030\/","name":"BATTERYjumpstart 1500 OJS030 - The Xenon King","isPartOf":{"@id":"https:\/\/xenonkungen.com\/#website"},"primaryImageOfPage":{"@id":"https:\/\/xenonkungen.com\/produkt\/batteryjumpstart-1500-ojs030\/#primaryimage"},"image":{"@id":"https:\/\/xenonkungen.com\/produkt\/batteryjumpstart-1500-ojs030\/#primaryimage"},"thumbnailUrl":"https:\/\/xenonkungen.com\/wp-content\/uploads\/2026\/01\/Small-for-web-and-ppt-PI_BATTERYstart_OJS030_cmyk_RZ.jpg","datePublished":"2026-01-28T15:00:36+00:00","dateModified":"2026-04-24T16:43:29+00:00","breadcrumb":{"@id":"https:\/\/xenonkungen.com\/produkt\/batteryjumpstart-1500-ojs030\/#breadcrumb"},"inLanguage":"en-GB","potentialAction":[{"@type":"ReadAction","target":["https:\/\/xenonkungen.com\/produkt\/batteryjumpstart-1500-ojs030\/"]}]},{"@type":"ImageObject","inLanguage":"en-GB","@id":"https:\/\/xenonkungen.com\/produkt\/batteryjumpstart-1500-ojs030\/#primaryimage","url":"https:\/\/xenonkungen.com\/wp-content\/uploads\/2026\/01\/Small-for-web-and-ppt-PI_BATTERYstart_OJS030_cmyk_RZ.jpg","contentUrl":"https:\/\/xenonkungen.com\/wp-content\/uploads\/2026\/01\/Small-for-web-and-ppt-PI_BATTERYstart_OJS030_cmyk_RZ.jpg","width":1024,"height":1024},{"@type":"BreadcrumbList","@id":"https:\/\/xenonkungen.com\/produkt\/batteryjumpstart-1500-ojs030\/#breadcrumb","itemListElement":[{"@type":"ListItem","position":1,"name":"Hem","item":"https:\/\/xenonkungen.com\/"},{"@type":"ListItem","position":2,"name":"Shop","item":"https:\/\/xenonkungen.com\/shop\/"},{"@type":"ListItem","position":3,"name":"BATTERYjumpstart 1500 OJS030"}]},{"@type":"WebSite","@id":"https:\/\/xenonkungen.com\/#website","url":"https:\/\/xenonkungen.com\/","name":"Xenonkungen","description":"","potentialAction":[{"@type":"SearchAction","target":{"@type":"EntryPoint","urlTemplate":"https:\/\/xenonkungen.com\/?s={search_term_string}"},"query-input":{"@type":"PropertyValueSpecification","valueRequired":true,"valueName":"search_term_string"}}],"inLanguage":"en-GB"}]}},"taxonomy_info":{"product_brand":[{"value":108,"label":"OSRAM"}],"product_cat":[{"value":377,"label":"Biltillbeh\u00f6r"}],"pa_storlek-mm":[{"value":2873,"label":"254x42x94"}],"pa_volt-v":[{"value":159,"label":"12"}]},"featured_image_src_large":["https:\/\/xenonkungen.com\/wp-content\/uploads\/2026\/01\/Small-for-web-and-ppt-PI_BATTERYstart_OJS030_cmyk_RZ.jpg",1024,1024,false],"author_info":[],"comment_info":0,"_links":{"self":[{"href":"https:\/\/xenonkungen.com\/en\/wp-json\/wp\/v2\/product\/25462","targetHints":{"allow":["GET"]}}],"collection":[{"href":"https:\/\/xenonkungen.com\/en\/wp-json\/wp\/v2\/product"}],"about":[{"href":"https:\/\/xenonkungen.com\/en\/wp-json\/wp\/v2\/types\/product"}],"replies":[{"embeddable":true,"href":"https:\/\/xenonkungen.com\/en\/wp-json\/wp\/v2\/comments?post=25462"}],"wp:featuredmedia":[{"embeddable":true,"href":"https:\/\/xenonkungen.com\/en\/wp-json\/wp\/v2\/media\/25465"}],"wp:attachment":[{"href":"https:\/\/xenonkungen.com\/en\/wp-json\/wp\/v2\/media?parent=25462"}],"wp:term":[{"taxonomy":"anvandningsomrade","embeddable":true,"href":"https:\/\/xenonkungen.com\/en\/wp-json\/wp\/v2\/anvandningsomrade?post=25462"},{"taxonomy":"bilmarken","embeddable":true,"href":"https:\/\/xenonkungen.com\/en\/wp-json\/wp\/v2\/bilmarken?post=25462"},{"taxonomy":"product_brand","embeddable":true,"href":"https:\/\/xenonkungen.com\/en\/wp-json\/wp\/v2\/product_brand?post=25462"},{"taxonomy":"product_cat","embeddable":true,"href":"https:\/\/xenonkungen.com\/en\/wp-json\/wp\/v2\/product_cat?post=25462"},{"taxonomy":"product_tag","embeddable":true,"href":"https:\/\/xenonkungen.com\/en\/wp-json\/wp\/v2\/product_tag?post=25462"}],"curies":[{"name":"wp","href":"https:\/\/api.w.org\/{rel}","templated":true}]}}