{"id":25558,"date":"2026-01-30T11:26:56","date_gmt":"2026-01-30T10:26:56","guid":{"rendered":"https:\/\/xenonkungen.com\/?post_type=product&#038;p=25558"},"modified":"2026-05-08T15:41:29","modified_gmt":"2026-05-08T14:41:29","slug":"ledinspect-head-torch-87-essential","status":"publish","type":"product","link":"https:\/\/xenonkungen.com\/en\/product\/ledinspect-head-torch-87-essential\/","title":{"rendered":"LEDinspect HEAD TORCH 87 ESSENTIAL"},"content":{"rendered":"<h3 data-start=\"122\" data-end=\"179\">Powerful headlamp for work, leisure and safety<\/h3>\n<p data-start=\"181\" data-end=\"475\"><strong data-start=\"181\" data-end=\"257\"><span class=\"hover:entity-accent entity-underline inline cursor-pointer align-baseline\"><span class=\"whitespace-normal\">OSRAM<\/span><\/span> LEDinspect HEAD TORCH 87 ESSENTIAL<\/strong> is a handy and reliable headlamp that gives you full control over the light \u2013 right where you need it. Perfect for working in garages and workshops, outdoor activities, camping or when you need your hands free in dark environments.<\/p>\n<p data-start=\"477\" data-end=\"755\">The strong white LED light delivers up to <strong data-start=\"523\" data-end=\"535\">87 lumens<\/strong> with a reach of the entire <strong data-start=\"560\" data-end=\"572\">57 meters<\/strong>, which provides clear and focused lighting even in total darkness. For extra safety, there is also a <strong data-start=\"669\" data-end=\"690\">red flashing LED<\/strong>, ideal for emergencies or when you need to be clearly visible.<\/p>\n<p data-start=\"757\" data-end=\"982\">The headlamp is designed for comfort and flexibility with <strong data-start=\"813\" data-end=\"837\">adjustable 90\u00b0 angle<\/strong>, so you can easily direct the light where the work requires it. With a <strong data-start=\"900\" data-end=\"933\">operating time of up to 8 hours<\/strong> you can count on long-lasting performance without interruption.<\/p>\n<p data-start=\"984\" data-end=\"1202\">The lightweight and ergonomic design makes it comfortable to wear for long periods of time. It also comes complete with <strong data-start=\"1107\" data-end=\"1128\">3 \u00d7 AAA batteries<\/strong>, which means that it is <strong data-start=\"1156\" data-end=\"1201\">ready to use straight out of the package<\/strong>.<\/p>\n<p data-start=\"1204\" data-end=\"1303\" data-is-last-node=\"\" data-is-only-node=\"\">An excellent choice for those looking for a versatile, practical and reliable headlamp for everyday use.<\/p>","protected":false},"excerpt":{"rendered":"<p>Kraftfull pannlampa f\u00f6r arbete, fritid och s\u00e4kerhet OSRAM LEDinspect HEAD TORCH 87 ESSENTIAL \u00e4r en smidig och p\u00e5litlig pannlampa som ger dig full kontroll \u00f6ver ljuset \u2013 precis d\u00e4r du beh\u00f6ver det. Perfekt f\u00f6r arbete i garage och verkstad, friluftsliv, camping eller n\u00e4r du beh\u00f6ver h\u00e4nderna fria i m\u00f6rka milj\u00f6er. Det starka vita LED-ljuset levererar [&hellip;]<\/p>","protected":false},"featured_media":25563,"comment_status":"open","ping_status":"closed","template":"","meta":{"_acf_changed":false,"_smort_price_nok":"76","_smort_price_dkk":"","_smort_price_eur":"","_smort_sale_price_nok":"76","_smort_sale_price_dkk":"","_smort_sale_price_eur":"","smort_restorder":"","shipmondo_restorder":"","_kad_blocks_custom_css":"","_kad_blocks_head_custom_js":"","_kad_blocks_body_custom_js":"","_kad_blocks_footer_custom_js":"","smort_custom_pricelist_1":"60.8","smort_custom_pricelist_2":"53.2","smort_custom_pricelist_3":"49.4","smort_custom_pricelist_4":"76","smort_custom_pricelist_5":"53.2"},"anvandningsomrade":[],"bilmarken":[],"product_brand":[108],"product_cat":[1402,1277],"product_tag":[],"class_list":{"0":"post-25558","1":"product","2":"type-product","3":"status-publish","4":"has-post-thumbnail","6":"product_brand-osram","7":"product_cat-outlet","8":"product_cat-pannlampor","9":"pa_led-chips-effekt-w-2007","10":"pa_storlek-mm-61x32x45","11":"pa_volt-v-2875","13":"first","14":"onbackorder","15":"taxable","16":"shipping-taxable","17":"purchasable","18":"product-type-simple"},"bundled_by":[],"bundle_stock_status":"onbackorder","bundle_stock_quantity":0,"bundle_virtual":false,"bundle_layout":"","bundle_add_to_cart_form_location":"","bundle_editable_in_cart":false,"bundle_sold_individually_context":"","bundle_item_grouping":"","bundle_min_size":"","bundle_max_size":"","bundle_price":[],"bundled_items":[],"bundle_sell_ids":[],"acf":[],"yoast_head":"<!-- This site is optimized with the Yoast SEO plugin v27.0 - https:\/\/yoast.com\/product\/yoast-seo-wordpress\/ -->\n<title>LEDinspect HEAD TORCH 87 ESSENTIAL - Xenonkungen<\/title>\n<meta name=\"robots\" content=\"index, follow, max-snippet:-1, max-image-preview:large, max-video-preview:-1\" \/>\n<link rel=\"canonical\" href=\"https:\/\/xenonkungen.com\/en\/product\/ledinspect-head-torch-87-essential\/\" \/>\n<meta property=\"og:locale\" content=\"en_GB\" \/>\n<meta property=\"og:type\" content=\"article\" \/>\n<meta property=\"og:title\" content=\"LEDinspect HEAD TORCH 87 ESSENTIAL - Xenonkungen\" \/>\n<meta property=\"og:description\" content=\"Kraftfull pannlampa f\u00f6r arbete, fritid och s\u00e4kerhet OSRAM LEDinspect HEAD TORCH 87 ESSENTIAL \u00e4r en smidig och p\u00e5litlig pannlampa som ger dig full kontroll \u00f6ver ljuset \u2013 precis d\u00e4r du beh\u00f6ver det. Perfekt f\u00f6r arbete i garage och verkstad, friluftsliv, camping eller n\u00e4r du beh\u00f6ver h\u00e4nderna fria i m\u00f6rka milj\u00f6er. Det starka vita LED-ljuset levererar [&hellip;]\" \/>\n<meta property=\"og:url\" content=\"https:\/\/xenonkungen.com\/en\/product\/ledinspect-head-torch-87-essential\/\" \/>\n<meta property=\"og:site_name\" content=\"Xenonkungen\" \/>\n<meta property=\"article:modified_time\" content=\"2026-05-08T14:41:29+00:00\" \/>\n<meta property=\"og:image\" content=\"https:\/\/xenonkungen.com\/wp-content\/uploads\/2026\/01\/Small-for-web-and-ppt-LEDIL433ESN_STUDIO_004.jpg\" \/>\n\t<meta property=\"og:image:width\" content=\"1024\" \/>\n\t<meta property=\"og:image:height\" content=\"1024\" \/>\n\t<meta property=\"og:image:type\" content=\"image\/jpeg\" \/>\n<meta name=\"twitter:card\" content=\"summary_large_image\" \/>\n<meta name=\"twitter:label1\" content=\"Estimated reading time\" \/>\n\t<meta name=\"twitter:data1\" content=\"2 minutes\" \/>\n<script type=\"application\/ld+json\" class=\"yoast-schema-graph\">{\"@context\":\"https:\/\/schema.org\",\"@graph\":[{\"@type\":\"WebPage\",\"@id\":\"https:\/\/xenonkungen.com\/produkt\/ledinspect-head-torch-87-essential\/\",\"url\":\"https:\/\/xenonkungen.com\/produkt\/ledinspect-head-torch-87-essential\/\",\"name\":\"LEDinspect HEAD TORCH 87 ESSENTIAL - Xenonkungen\",\"isPartOf\":{\"@id\":\"https:\/\/xenonkungen.com\/#website\"},\"primaryImageOfPage\":{\"@id\":\"https:\/\/xenonkungen.com\/produkt\/ledinspect-head-torch-87-essential\/#primaryimage\"},\"image\":{\"@id\":\"https:\/\/xenonkungen.com\/produkt\/ledinspect-head-torch-87-essential\/#primaryimage\"},\"thumbnailUrl\":\"https:\/\/xenonkungen.com\/wp-content\/uploads\/2026\/01\/Small-for-web-and-ppt-LEDIL433ESN_STUDIO_004.jpg\",\"datePublished\":\"2026-01-30T10:26:56+00:00\",\"dateModified\":\"2026-05-08T14:41:29+00:00\",\"breadcrumb\":{\"@id\":\"https:\/\/xenonkungen.com\/produkt\/ledinspect-head-torch-87-essential\/#breadcrumb\"},\"inLanguage\":\"en-GB\",\"potentialAction\":[{\"@type\":\"ReadAction\",\"target\":[\"https:\/\/xenonkungen.com\/produkt\/ledinspect-head-torch-87-essential\/\"]}]},{\"@type\":\"ImageObject\",\"inLanguage\":\"en-GB\",\"@id\":\"https:\/\/xenonkungen.com\/produkt\/ledinspect-head-torch-87-essential\/#primaryimage\",\"url\":\"https:\/\/xenonkungen.com\/wp-content\/uploads\/2026\/01\/Small-for-web-and-ppt-LEDIL433ESN_STUDIO_004.jpg\",\"contentUrl\":\"https:\/\/xenonkungen.com\/wp-content\/uploads\/2026\/01\/Small-for-web-and-ppt-LEDIL433ESN_STUDIO_004.jpg\",\"width\":1024,\"height\":1024},{\"@type\":\"BreadcrumbList\",\"@id\":\"https:\/\/xenonkungen.com\/produkt\/ledinspect-head-torch-87-essential\/#breadcrumb\",\"itemListElement\":[{\"@type\":\"ListItem\",\"position\":1,\"name\":\"Hem\",\"item\":\"https:\/\/xenonkungen.com\/\"},{\"@type\":\"ListItem\",\"position\":2,\"name\":\"Shop\",\"item\":\"https:\/\/xenonkungen.com\/shop\/\"},{\"@type\":\"ListItem\",\"position\":3,\"name\":\"LEDinspect HEAD TORCH 87 ESSENTIAL\"}]},{\"@type\":\"WebSite\",\"@id\":\"https:\/\/xenonkungen.com\/#website\",\"url\":\"https:\/\/xenonkungen.com\/\",\"name\":\"Xenonkungen\",\"description\":\"\",\"potentialAction\":[{\"@type\":\"SearchAction\",\"target\":{\"@type\":\"EntryPoint\",\"urlTemplate\":\"https:\/\/xenonkungen.com\/?s={search_term_string}\"},\"query-input\":{\"@type\":\"PropertyValueSpecification\",\"valueRequired\":true,\"valueName\":\"search_term_string\"}}],\"inLanguage\":\"en-GB\"}]}<\/script>\n<!-- \/ Yoast SEO plugin. -->","yoast_head_json":{"title":"LEDinspect HEAD TORCH 87 ESSENTIAL - The xenon king","robots":{"index":"index","follow":"follow","max-snippet":"max-snippet:-1","max-image-preview":"max-image-preview:large","max-video-preview":"max-video-preview:-1"},"canonical":"https:\/\/xenonkungen.com\/en\/product\/ledinspect-head-torch-87-essential\/","og_locale":"en_GB","og_type":"article","og_title":"LEDinspect HEAD TORCH 87 ESSENTIAL - Xenonkungen","og_description":"Kraftfull pannlampa f\u00f6r arbete, fritid och s\u00e4kerhet OSRAM LEDinspect HEAD TORCH 87 ESSENTIAL \u00e4r en smidig och p\u00e5litlig pannlampa som ger dig full kontroll \u00f6ver ljuset \u2013 precis d\u00e4r du beh\u00f6ver det. Perfekt f\u00f6r arbete i garage och verkstad, friluftsliv, camping eller n\u00e4r du beh\u00f6ver h\u00e4nderna fria i m\u00f6rka milj\u00f6er. Det starka vita LED-ljuset levererar [&hellip;]","og_url":"https:\/\/xenonkungen.com\/en\/product\/ledinspect-head-torch-87-essential\/","og_site_name":"Xenonkungen","article_modified_time":"2026-05-08T14:41:29+00:00","og_image":[{"width":1024,"height":1024,"url":"https:\/\/xenonkungen.com\/wp-content\/uploads\/2026\/01\/Small-for-web-and-ppt-LEDIL433ESN_STUDIO_004.jpg","type":"image\/jpeg"}],"twitter_card":"summary_large_image","twitter_misc":{"Estimated reading time":"2 minutes"},"schema":{"@context":"https:\/\/schema.org","@graph":[{"@type":"WebPage","@id":"https:\/\/xenonkungen.com\/produkt\/ledinspect-head-torch-87-essential\/","url":"https:\/\/xenonkungen.com\/produkt\/ledinspect-head-torch-87-essential\/","name":"LEDinspect HEAD TORCH 87 ESSENTIAL - The xenon king","isPartOf":{"@id":"https:\/\/xenonkungen.com\/#website"},"primaryImageOfPage":{"@id":"https:\/\/xenonkungen.com\/produkt\/ledinspect-head-torch-87-essential\/#primaryimage"},"image":{"@id":"https:\/\/xenonkungen.com\/produkt\/ledinspect-head-torch-87-essential\/#primaryimage"},"thumbnailUrl":"https:\/\/xenonkungen.com\/wp-content\/uploads\/2026\/01\/Small-for-web-and-ppt-LEDIL433ESN_STUDIO_004.jpg","datePublished":"2026-01-30T10:26:56+00:00","dateModified":"2026-05-08T14:41:29+00:00","breadcrumb":{"@id":"https:\/\/xenonkungen.com\/produkt\/ledinspect-head-torch-87-essential\/#breadcrumb"},"inLanguage":"en-GB","potentialAction":[{"@type":"ReadAction","target":["https:\/\/xenonkungen.com\/produkt\/ledinspect-head-torch-87-essential\/"]}]},{"@type":"ImageObject","inLanguage":"en-GB","@id":"https:\/\/xenonkungen.com\/produkt\/ledinspect-head-torch-87-essential\/#primaryimage","url":"https:\/\/xenonkungen.com\/wp-content\/uploads\/2026\/01\/Small-for-web-and-ppt-LEDIL433ESN_STUDIO_004.jpg","contentUrl":"https:\/\/xenonkungen.com\/wp-content\/uploads\/2026\/01\/Small-for-web-and-ppt-LEDIL433ESN_STUDIO_004.jpg","width":1024,"height":1024},{"@type":"BreadcrumbList","@id":"https:\/\/xenonkungen.com\/produkt\/ledinspect-head-torch-87-essential\/#breadcrumb","itemListElement":[{"@type":"ListItem","position":1,"name":"Hem","item":"https:\/\/xenonkungen.com\/"},{"@type":"ListItem","position":2,"name":"Shop","item":"https:\/\/xenonkungen.com\/shop\/"},{"@type":"ListItem","position":3,"name":"LEDinspect HEAD TORCH 87 ESSENTIAL"}]},{"@type":"WebSite","@id":"https:\/\/xenonkungen.com\/#website","url":"https:\/\/xenonkungen.com\/","name":"Xenonkungen","description":"","potentialAction":[{"@type":"SearchAction","target":{"@type":"EntryPoint","urlTemplate":"https:\/\/xenonkungen.com\/?s={search_term_string}"},"query-input":{"@type":"PropertyValueSpecification","valueRequired":true,"valueName":"search_term_string"}}],"inLanguage":"en-GB"}]}},"taxonomy_info":{"product_brand":[{"value":108,"label":"OSRAM"}],"product_cat":[{"value":1402,"label":"Outlet"},{"value":1277,"label":"Pannlampor"}],"pa_led-chips-effekt-w":[{"value":2007,"label":"1"}],"pa_storlek-mm":[{"value":2874,"label":"61x32x45"}],"pa_volt-v":[{"value":2875,"label":"1,5"}]},"featured_image_src_large":["https:\/\/xenonkungen.com\/wp-content\/uploads\/2026\/01\/Small-for-web-and-ppt-LEDIL433ESN_STUDIO_004.jpg",1024,1024,false],"author_info":[],"comment_info":0,"_links":{"self":[{"href":"https:\/\/xenonkungen.com\/en\/wp-json\/wp\/v2\/product\/25558","targetHints":{"allow":["GET"]}}],"collection":[{"href":"https:\/\/xenonkungen.com\/en\/wp-json\/wp\/v2\/product"}],"about":[{"href":"https:\/\/xenonkungen.com\/en\/wp-json\/wp\/v2\/types\/product"}],"replies":[{"embeddable":true,"href":"https:\/\/xenonkungen.com\/en\/wp-json\/wp\/v2\/comments?post=25558"}],"wp:featuredmedia":[{"embeddable":true,"href":"https:\/\/xenonkungen.com\/en\/wp-json\/wp\/v2\/media\/25563"}],"wp:attachment":[{"href":"https:\/\/xenonkungen.com\/en\/wp-json\/wp\/v2\/media?parent=25558"}],"wp:term":[{"taxonomy":"anvandningsomrade","embeddable":true,"href":"https:\/\/xenonkungen.com\/en\/wp-json\/wp\/v2\/anvandningsomrade?post=25558"},{"taxonomy":"bilmarken","embeddable":true,"href":"https:\/\/xenonkungen.com\/en\/wp-json\/wp\/v2\/bilmarken?post=25558"},{"taxonomy":"product_brand","embeddable":true,"href":"https:\/\/xenonkungen.com\/en\/wp-json\/wp\/v2\/product_brand?post=25558"},{"taxonomy":"product_cat","embeddable":true,"href":"https:\/\/xenonkungen.com\/en\/wp-json\/wp\/v2\/product_cat?post=25558"},{"taxonomy":"product_tag","embeddable":true,"href":"https:\/\/xenonkungen.com\/en\/wp-json\/wp\/v2\/product_tag?post=25558"}],"curies":[{"name":"wp","href":"https:\/\/api.w.org\/{rel}","templated":true}]}}