{"id":25623,"date":"2026-01-30T15:38:14","date_gmt":"2026-01-30T14:38:14","guid":{"rendered":"https:\/\/xenonkungen.com\/?post_type=product&#038;p=25623"},"modified":"2026-04-24T17:43:36","modified_gmt":"2026-04-24T16:43:36","slug":"osram-snow-brush-010","status":"publish","type":"product","link":"https:\/\/xenonkungen.com\/en\/product\/osram-snow-brush-010\/","title":{"rendered":"OSRAM SNOW BRUSH 010"},"content":{"rendered":"<h3 data-start=\"121\" data-end=\"177\">A smarter winter tool \u2013 four functions in one<\/h3>\n<p data-start=\"179\" data-end=\"484\"><strong data-start=\"179\" data-end=\"239\"><span class=\"hover:entity-accent entity-underline inline cursor-pointer align-baseline\"><span class=\"whitespace-normal\">OSRAM<\/span><\/span> 4-in-1 Winter Tool<\/strong> is the ultimate solution for fast and efficient snow and ice removal during the winter. With <strong data-start=\"327\" data-end=\"393\">snow brush, ice scraper, shovel and window cleaner in a single system<\/strong> are you ready for all winter conditions \u2013 whether the car is covered in fresh snow or hard ice.<\/p>\n<p data-start=\"486\" data-end=\"777\">The <strong data-start=\"490\" data-end=\"530\">lightweight, telescopic aluminum handle<\/strong> provides extra reach so you can easily reach windshields, roofs and hard-to-reach areas without having to stretch or reach unnecessarily. It <strong data-start=\"668\" data-end=\"707\">ergonomic and non-slip handle<\/strong> provides a stable grip and high comfort, even when using gloves.<\/p>\n<p data-start=\"779\" data-end=\"1144\">The <strong data-start=\"782\" data-end=\"812\">dense and effective bristles<\/strong> moves heavy snow with fewer strokes, while it <strong data-start=\"861\" data-end=\"911\">reinforced ice scraper with integrated ice breakers<\/strong> cuts through stubborn ice without damaging the glass. The tool heads can be quickly changed for maximum flexibility, and the entire tool can be divided into <strong data-start=\"1054\" data-end=\"1076\">five compact parts<\/strong> \u2013 perfect for convenient storage in the trunk or glove compartment.<\/p>\n<p data-start=\"1146\" data-end=\"1374\">Built to last <strong data-start=\"1166\" data-end=\"1192\">harsh Nordic winters<\/strong>, but at the same time flexible enough for everyday use. A tool that <strong data-start=\"1259\" data-end=\"1290\">saves time on cold mornings<\/strong>, reduces effort and helps protect your car&#039;s windows throughout the winter season.<\/p>\n<p data-start=\"1376\" data-end=\"1447\" data-is-last-node=\"\" data-is-only-node=\"\">A must-have in every car during the winter \u2013 smart, robust and always ready.<\/p>","protected":false},"excerpt":{"rendered":"<p>Ett smartare vinterverktyg \u2013 fyra funktioner i ett OSRAM 4-in-1 Winter Tool \u00e4r den ultimata l\u00f6sningen f\u00f6r snabb och effektiv sn\u00f6- och isr\u00f6jning under vintern. Med sn\u00f6borste, isskrapa, skyffel och f\u00f6nsterputs i ett enda system \u00e4r du redo f\u00f6r alla vinterf\u00f6rh\u00e5llanden \u2013 oavsett om bilen \u00e4r t\u00e4ckt av nysn\u00f6 eller h\u00e5rd is. Det l\u00e4tta, teleskopiska [&hellip;]<\/p>","protected":false},"featured_media":25638,"comment_status":"open","ping_status":"closed","template":"","meta":{"_acf_changed":false,"_smort_price_nok":"422","_smort_price_dkk":"","_smort_price_eur":"","_smort_sale_price_nok":"","_smort_sale_price_dkk":"","_smort_sale_price_eur":"","smort_restorder":"","shipmondo_restorder":"","_kad_blocks_custom_css":"","_kad_blocks_head_custom_js":"","_kad_blocks_body_custom_js":"","_kad_blocks_footer_custom_js":"","smort_custom_pricelist_1":"252.8","smort_custom_pricelist_2":"221.2","smort_custom_pricelist_3":"205.4","smort_custom_pricelist_4":"316","smort_custom_pricelist_5":"221.2"},"anvandningsomrade":[],"bilmarken":[],"product_brand":[108],"product_cat":[377],"product_tag":[],"class_list":{"0":"post-25623","1":"product","2":"type-product","3":"status-publish","4":"has-post-thumbnail","6":"product_brand-osram","7":"product_cat-biltillbehor","8":"pa_storlek-mm-2876","10":"first","11":"instock","12":"taxable","13":"shipping-taxable","14":"purchasable","15":"product-type-simple"},"bundled_by":[],"bundle_stock_status":"instock","bundle_stock_quantity":2,"bundle_virtual":false,"bundle_layout":"","bundle_add_to_cart_form_location":"","bundle_editable_in_cart":false,"bundle_sold_individually_context":"","bundle_item_grouping":"","bundle_min_size":"","bundle_max_size":"","bundle_price":[],"bundled_items":[],"bundle_sell_ids":[],"acf":[],"yoast_head":"<!-- This site is optimized with the Yoast SEO plugin v27.0 - https:\/\/yoast.com\/product\/yoast-seo-wordpress\/ -->\n<title>OSRAM SNOW BRUSH 010 - Xenonkungen<\/title>\n<meta name=\"robots\" content=\"index, follow, max-snippet:-1, max-image-preview:large, max-video-preview:-1\" \/>\n<link rel=\"canonical\" href=\"https:\/\/xenonkungen.com\/en\/product\/osram-snow-brush-010\/\" \/>\n<meta property=\"og:locale\" content=\"en_GB\" \/>\n<meta property=\"og:type\" content=\"article\" \/>\n<meta property=\"og:title\" content=\"OSRAM SNOW BRUSH 010 - Xenonkungen\" \/>\n<meta property=\"og:description\" content=\"Ett smartare vinterverktyg \u2013 fyra funktioner i ett OSRAM 4-in-1 Winter Tool \u00e4r den ultimata l\u00f6sningen f\u00f6r snabb och effektiv sn\u00f6- och isr\u00f6jning under vintern. Med sn\u00f6borste, isskrapa, skyffel och f\u00f6nsterputs i ett enda system \u00e4r du redo f\u00f6r alla vinterf\u00f6rh\u00e5llanden \u2013 oavsett om bilen \u00e4r t\u00e4ckt av nysn\u00f6 eller h\u00e5rd is. Det l\u00e4tta, teleskopiska [&hellip;]\" \/>\n<meta property=\"og:url\" content=\"https:\/\/xenonkungen.com\/en\/product\/osram-snow-brush-010\/\" \/>\n<meta property=\"og:site_name\" content=\"Xenonkungen\" \/>\n<meta property=\"article:modified_time\" content=\"2026-04-24T16:43:36+00:00\" \/>\n<meta property=\"og:image\" content=\"https:\/\/xenonkungen.com\/wp-content\/uploads\/2026\/01\/Small-for-web-and-ppt-G15142221_AM_FC1_OSB010_MiCh_OSRAM_04_Composing.jpg\" \/>\n\t<meta property=\"og:image:width\" content=\"1024\" \/>\n\t<meta property=\"og:image:height\" content=\"1024\" \/>\n\t<meta property=\"og:image:type\" content=\"image\/jpeg\" \/>\n<meta name=\"twitter:card\" content=\"summary_large_image\" \/>\n<meta name=\"twitter:label1\" content=\"Estimated reading time\" \/>\n\t<meta name=\"twitter:data1\" content=\"2 minutes\" \/>\n<script type=\"application\/ld+json\" class=\"yoast-schema-graph\">{\"@context\":\"https:\/\/schema.org\",\"@graph\":[{\"@type\":\"WebPage\",\"@id\":\"https:\/\/xenonkungen.com\/produkt\/osram-snow-brush-010\/\",\"url\":\"https:\/\/xenonkungen.com\/produkt\/osram-snow-brush-010\/\",\"name\":\"OSRAM SNOW BRUSH 010 - Xenonkungen\",\"isPartOf\":{\"@id\":\"https:\/\/xenonkungen.com\/#website\"},\"primaryImageOfPage\":{\"@id\":\"https:\/\/xenonkungen.com\/produkt\/osram-snow-brush-010\/#primaryimage\"},\"image\":{\"@id\":\"https:\/\/xenonkungen.com\/produkt\/osram-snow-brush-010\/#primaryimage\"},\"thumbnailUrl\":\"https:\/\/xenonkungen.com\/wp-content\/uploads\/2026\/01\/Small-for-web-and-ppt-G15142221_AM_FC1_OSB010_MiCh_OSRAM_04_Composing.jpg\",\"datePublished\":\"2026-01-30T14:38:14+00:00\",\"dateModified\":\"2026-04-24T16:43:36+00:00\",\"breadcrumb\":{\"@id\":\"https:\/\/xenonkungen.com\/produkt\/osram-snow-brush-010\/#breadcrumb\"},\"inLanguage\":\"en-GB\",\"potentialAction\":[{\"@type\":\"ReadAction\",\"target\":[\"https:\/\/xenonkungen.com\/produkt\/osram-snow-brush-010\/\"]}]},{\"@type\":\"ImageObject\",\"inLanguage\":\"en-GB\",\"@id\":\"https:\/\/xenonkungen.com\/produkt\/osram-snow-brush-010\/#primaryimage\",\"url\":\"https:\/\/xenonkungen.com\/wp-content\/uploads\/2026\/01\/Small-for-web-and-ppt-G15142221_AM_FC1_OSB010_MiCh_OSRAM_04_Composing.jpg\",\"contentUrl\":\"https:\/\/xenonkungen.com\/wp-content\/uploads\/2026\/01\/Small-for-web-and-ppt-G15142221_AM_FC1_OSB010_MiCh_OSRAM_04_Composing.jpg\",\"width\":1024,\"height\":1024},{\"@type\":\"BreadcrumbList\",\"@id\":\"https:\/\/xenonkungen.com\/produkt\/osram-snow-brush-010\/#breadcrumb\",\"itemListElement\":[{\"@type\":\"ListItem\",\"position\":1,\"name\":\"Hem\",\"item\":\"https:\/\/xenonkungen.com\/\"},{\"@type\":\"ListItem\",\"position\":2,\"name\":\"Shop\",\"item\":\"https:\/\/xenonkungen.com\/shop\/\"},{\"@type\":\"ListItem\",\"position\":3,\"name\":\"OSRAM SNOW BRUSH 010\"}]},{\"@type\":\"WebSite\",\"@id\":\"https:\/\/xenonkungen.com\/#website\",\"url\":\"https:\/\/xenonkungen.com\/\",\"name\":\"Xenonkungen\",\"description\":\"\",\"potentialAction\":[{\"@type\":\"SearchAction\",\"target\":{\"@type\":\"EntryPoint\",\"urlTemplate\":\"https:\/\/xenonkungen.com\/?s={search_term_string}\"},\"query-input\":{\"@type\":\"PropertyValueSpecification\",\"valueRequired\":true,\"valueName\":\"search_term_string\"}}],\"inLanguage\":\"en-GB\"}]}<\/script>\n<!-- \/ Yoast SEO plugin. -->","yoast_head_json":{"title":"OSRAM SNOW BRUSH 010 - The xenon king","robots":{"index":"index","follow":"follow","max-snippet":"max-snippet:-1","max-image-preview":"max-image-preview:large","max-video-preview":"max-video-preview:-1"},"canonical":"https:\/\/xenonkungen.com\/en\/product\/osram-snow-brush-010\/","og_locale":"en_GB","og_type":"article","og_title":"OSRAM SNOW BRUSH 010 - Xenonkungen","og_description":"Ett smartare vinterverktyg \u2013 fyra funktioner i ett OSRAM 4-in-1 Winter Tool \u00e4r den ultimata l\u00f6sningen f\u00f6r snabb och effektiv sn\u00f6- och isr\u00f6jning under vintern. Med sn\u00f6borste, isskrapa, skyffel och f\u00f6nsterputs i ett enda system \u00e4r du redo f\u00f6r alla vinterf\u00f6rh\u00e5llanden \u2013 oavsett om bilen \u00e4r t\u00e4ckt av nysn\u00f6 eller h\u00e5rd is. Det l\u00e4tta, teleskopiska [&hellip;]","og_url":"https:\/\/xenonkungen.com\/en\/product\/osram-snow-brush-010\/","og_site_name":"Xenonkungen","article_modified_time":"2026-04-24T16:43:36+00:00","og_image":[{"width":1024,"height":1024,"url":"https:\/\/xenonkungen.com\/wp-content\/uploads\/2026\/01\/Small-for-web-and-ppt-G15142221_AM_FC1_OSB010_MiCh_OSRAM_04_Composing.jpg","type":"image\/jpeg"}],"twitter_card":"summary_large_image","twitter_misc":{"Estimated reading time":"2 minutes"},"schema":{"@context":"https:\/\/schema.org","@graph":[{"@type":"WebPage","@id":"https:\/\/xenonkungen.com\/produkt\/osram-snow-brush-010\/","url":"https:\/\/xenonkungen.com\/produkt\/osram-snow-brush-010\/","name":"OSRAM SNOW BRUSH 010 - The xenon king","isPartOf":{"@id":"https:\/\/xenonkungen.com\/#website"},"primaryImageOfPage":{"@id":"https:\/\/xenonkungen.com\/produkt\/osram-snow-brush-010\/#primaryimage"},"image":{"@id":"https:\/\/xenonkungen.com\/produkt\/osram-snow-brush-010\/#primaryimage"},"thumbnailUrl":"https:\/\/xenonkungen.com\/wp-content\/uploads\/2026\/01\/Small-for-web-and-ppt-G15142221_AM_FC1_OSB010_MiCh_OSRAM_04_Composing.jpg","datePublished":"2026-01-30T14:38:14+00:00","dateModified":"2026-04-24T16:43:36+00:00","breadcrumb":{"@id":"https:\/\/xenonkungen.com\/produkt\/osram-snow-brush-010\/#breadcrumb"},"inLanguage":"en-GB","potentialAction":[{"@type":"ReadAction","target":["https:\/\/xenonkungen.com\/produkt\/osram-snow-brush-010\/"]}]},{"@type":"ImageObject","inLanguage":"en-GB","@id":"https:\/\/xenonkungen.com\/produkt\/osram-snow-brush-010\/#primaryimage","url":"https:\/\/xenonkungen.com\/wp-content\/uploads\/2026\/01\/Small-for-web-and-ppt-G15142221_AM_FC1_OSB010_MiCh_OSRAM_04_Composing.jpg","contentUrl":"https:\/\/xenonkungen.com\/wp-content\/uploads\/2026\/01\/Small-for-web-and-ppt-G15142221_AM_FC1_OSB010_MiCh_OSRAM_04_Composing.jpg","width":1024,"height":1024},{"@type":"BreadcrumbList","@id":"https:\/\/xenonkungen.com\/produkt\/osram-snow-brush-010\/#breadcrumb","itemListElement":[{"@type":"ListItem","position":1,"name":"Hem","item":"https:\/\/xenonkungen.com\/"},{"@type":"ListItem","position":2,"name":"Shop","item":"https:\/\/xenonkungen.com\/shop\/"},{"@type":"ListItem","position":3,"name":"OSRAM SNOW BRUSH 010"}]},{"@type":"WebSite","@id":"https:\/\/xenonkungen.com\/#website","url":"https:\/\/xenonkungen.com\/","name":"Xenonkungen","description":"","potentialAction":[{"@type":"SearchAction","target":{"@type":"EntryPoint","urlTemplate":"https:\/\/xenonkungen.com\/?s={search_term_string}"},"query-input":{"@type":"PropertyValueSpecification","valueRequired":true,"valueName":"search_term_string"}}],"inLanguage":"en-GB"}]}},"taxonomy_info":{"product_brand":[{"value":108,"label":"OSRAM"}],"product_cat":[{"value":377,"label":"Biltillbeh\u00f6r"}],"pa_storlek-mm":[{"value":2876,"label":"1066*264*135"}]},"featured_image_src_large":["https:\/\/xenonkungen.com\/wp-content\/uploads\/2026\/01\/Small-for-web-and-ppt-G15142221_AM_FC1_OSB010_MiCh_OSRAM_04_Composing.jpg",1024,1024,false],"author_info":[],"comment_info":0,"_links":{"self":[{"href":"https:\/\/xenonkungen.com\/en\/wp-json\/wp\/v2\/product\/25623","targetHints":{"allow":["GET"]}}],"collection":[{"href":"https:\/\/xenonkungen.com\/en\/wp-json\/wp\/v2\/product"}],"about":[{"href":"https:\/\/xenonkungen.com\/en\/wp-json\/wp\/v2\/types\/product"}],"replies":[{"embeddable":true,"href":"https:\/\/xenonkungen.com\/en\/wp-json\/wp\/v2\/comments?post=25623"}],"wp:featuredmedia":[{"embeddable":true,"href":"https:\/\/xenonkungen.com\/en\/wp-json\/wp\/v2\/media\/25638"}],"wp:attachment":[{"href":"https:\/\/xenonkungen.com\/en\/wp-json\/wp\/v2\/media?parent=25623"}],"wp:term":[{"taxonomy":"anvandningsomrade","embeddable":true,"href":"https:\/\/xenonkungen.com\/en\/wp-json\/wp\/v2\/anvandningsomrade?post=25623"},{"taxonomy":"bilmarken","embeddable":true,"href":"https:\/\/xenonkungen.com\/en\/wp-json\/wp\/v2\/bilmarken?post=25623"},{"taxonomy":"product_brand","embeddable":true,"href":"https:\/\/xenonkungen.com\/en\/wp-json\/wp\/v2\/product_brand?post=25623"},{"taxonomy":"product_cat","embeddable":true,"href":"https:\/\/xenonkungen.com\/en\/wp-json\/wp\/v2\/product_cat?post=25623"},{"taxonomy":"product_tag","embeddable":true,"href":"https:\/\/xenonkungen.com\/en\/wp-json\/wp\/v2\/product_tag?post=25623"}],"curies":[{"name":"wp","href":"https:\/\/api.w.org\/{rel}","templated":true}]}}