{"id":2576,"date":"2025-04-15T08:39:19","date_gmt":"2025-04-15T08:39:19","guid":{"rendered":"https:\/\/xenonkungen.com\/product\/xbb-obd-ii-dongel\/"},"modified":"2026-05-08T13:26:14","modified_gmt":"2026-05-08T12:26:14","slug":"xbb-obd-ii-dongle","status":"publish","type":"product","link":"https:\/\/xenonkungen.com\/en\/product\/xbb-obd-ii-dongle\/","title":{"rendered":"XBB OBD-II Dongle"},"content":{"rendered":"<h1>XBB OBD-II Dongle<\/h1>\n<p>XBB Powerunit is a completely unique product. With this you facilitate the connection of led ramps, auxiliary lights, reversing lights, work lights etc. Works on both 12 and 24V systems.<\/p>\n<p>The dongle simply plugs into the OBD socket on your car. Then you can synchronise it with 1 or more wireless relays. XBB has developed several recipes for different cars. It is important that you check if your car is compatible via the list that we link here in the article. <\/p>\n<p>Inside the app, you tell the relay what to do. should it be switched on together with the main beam? Is there a position light that should be switched on when the auxiliary lights\/ramp are switched off? Mm. <\/p>\n<p>It is also possible to programme reversing lights on most cars, so that they are switched on when you put the car in reverse. <\/p>\n<p><strong>Delivery content<\/strong><br \/>1st dongle<\/p>\n<p>The product is under development and XBB is constantly working on new recipes for more cars, so the list will be updated regularly.<\/p>\n<p>Find out more about how to use <a href=\"https:\/\/www.xenonkungen.com\/se\/produkter\/installationsmaterial\/xbb-dongle-power-unit\/\">XBB Dongle and Power Unit<\/a>.<\/p>","protected":false},"excerpt":{"rendered":"<p>It's here! The future way to connect Extra Lights and LED Ramps! This item is the Dongle only<\/p>","protected":false},"featured_media":2577,"comment_status":"closed","ping_status":"open","template":"","meta":{"_acf_changed":false,"_smort_price_nok":"1633","_smort_price_dkk":"1038","_smort_price_eur":"138.99","_smort_sale_price_nok":"","_smort_sale_price_dkk":"","_smort_sale_price_eur":"","smort_restorder":"","shipmondo_restorder":"","_kad_blocks_custom_css":"","_kad_blocks_head_custom_js":"","_kad_blocks_body_custom_js":"","_kad_blocks_footer_custom_js":"","smort_custom_pricelist_1":"978.56","smort_custom_pricelist_2":"856.24","smort_custom_pricelist_3":"795.08","smort_custom_pricelist_4":"1223.2","smort_custom_pricelist_5":"856.56"},"anvandningsomrade":[],"bilmarken":[],"product_brand":[115],"product_cat":[2487,2841,2828,2468,2497,477,390],"product_tag":[],"class_list":{"0":"post-2576","1":"product","2":"type-product","3":"status-publish","4":"has-post-thumbnail","6":"product_brand-xbb","7":"product_cat-canbus-installation","8":"product_cat-installation-extraljus","9":"product_cat-installation-led-ramper","10":"product_cat-rela","11":"product_cat-xbb","12":"product_cat-canbus-emc","13":"product_cat-installation","14":"pa_volt-v-12-24","16":"first","17":"instock","18":"taxable","19":"shipping-taxable","20":"purchasable","21":"product-type-simple"},"bundled_by":["15682"],"bundle_stock_status":"instock","bundle_stock_quantity":54,"bundle_virtual":false,"bundle_layout":"","bundle_add_to_cart_form_location":"","bundle_editable_in_cart":false,"bundle_sold_individually_context":"","bundle_item_grouping":"","bundle_min_size":"","bundle_max_size":"","bundle_price":[],"bundled_items":[],"bundle_sell_ids":[],"acf":[],"yoast_head":"<!-- This site is optimized with the Yoast SEO plugin v27.0 - https:\/\/yoast.com\/product\/yoast-seo-wordpress\/ -->\n<title>XBB OBD-II Dongel - Xenonkungen<\/title>\n<meta name=\"robots\" content=\"index, follow, max-snippet:-1, max-image-preview:large, max-video-preview:-1\" \/>\n<link rel=\"canonical\" href=\"https:\/\/xenonkungen.com\/en\/product\/xbb-obd-ii-dongle\/\" \/>\n<meta property=\"og:locale\" content=\"en_GB\" \/>\n<meta property=\"og:type\" content=\"article\" \/>\n<meta property=\"og:title\" content=\"XBB OBD-II Dongel - Xenonkungen\" \/>\n<meta property=\"og:description\" content=\"Nu \u00e4r den h\u00e4r! Framtidens s\u00e4tt att koppla Extraljus och LEDramper! Denna vara \u00e4r Endast Dongeln\" \/>\n<meta property=\"og:url\" content=\"https:\/\/xenonkungen.com\/en\/product\/xbb-obd-ii-dongle\/\" \/>\n<meta property=\"og:site_name\" content=\"Xenonkungen\" \/>\n<meta property=\"article:modified_time\" content=\"2026-05-08T12:26:14+00:00\" \/>\n<meta property=\"og:image\" content=\"https:\/\/xenonkungen.com\/wp-content\/uploads\/2025\/04\/179738801-origpic-8e8c68.png\" \/>\n\t<meta property=\"og:image:width\" content=\"1000\" \/>\n\t<meta property=\"og:image:height\" content=\"1000\" \/>\n\t<meta property=\"og:image:type\" content=\"image\/png\" \/>\n<meta name=\"twitter:card\" content=\"summary_large_image\" \/>\n<meta name=\"twitter:label1\" content=\"Estimated reading time\" \/>\n\t<meta name=\"twitter:data1\" content=\"1 minute\" \/>\n<script type=\"application\/ld+json\" class=\"yoast-schema-graph\">{\"@context\":\"https:\/\/schema.org\",\"@graph\":[{\"@type\":\"WebPage\",\"@id\":\"https:\/\/xenonkungen.com\/produkt\/xbb-obd-ii-dongel\/\",\"url\":\"https:\/\/xenonkungen.com\/produkt\/xbb-obd-ii-dongel\/\",\"name\":\"XBB OBD-II Dongel - Xenonkungen\",\"isPartOf\":{\"@id\":\"https:\/\/xenonkungen.com\/#website\"},\"primaryImageOfPage\":{\"@id\":\"https:\/\/xenonkungen.com\/produkt\/xbb-obd-ii-dongel\/#primaryimage\"},\"image\":{\"@id\":\"https:\/\/xenonkungen.com\/produkt\/xbb-obd-ii-dongel\/#primaryimage\"},\"thumbnailUrl\":\"https:\/\/xenonkungen.com\/wp-content\/uploads\/2025\/04\/179738801-origpic-8e8c68.png\",\"datePublished\":\"2025-04-15T08:39:19+00:00\",\"dateModified\":\"2026-05-08T12:26:14+00:00\",\"breadcrumb\":{\"@id\":\"https:\/\/xenonkungen.com\/produkt\/xbb-obd-ii-dongel\/#breadcrumb\"},\"inLanguage\":\"en-GB\",\"potentialAction\":[{\"@type\":\"ReadAction\",\"target\":[\"https:\/\/xenonkungen.com\/produkt\/xbb-obd-ii-dongel\/\"]}]},{\"@type\":\"ImageObject\",\"inLanguage\":\"en-GB\",\"@id\":\"https:\/\/xenonkungen.com\/produkt\/xbb-obd-ii-dongel\/#primaryimage\",\"url\":\"https:\/\/xenonkungen.com\/wp-content\/uploads\/2025\/04\/179738801-origpic-8e8c68.png\",\"contentUrl\":\"https:\/\/xenonkungen.com\/wp-content\/uploads\/2025\/04\/179738801-origpic-8e8c68.png\",\"width\":1000,\"height\":1000},{\"@type\":\"BreadcrumbList\",\"@id\":\"https:\/\/xenonkungen.com\/produkt\/xbb-obd-ii-dongel\/#breadcrumb\",\"itemListElement\":[{\"@type\":\"ListItem\",\"position\":1,\"name\":\"Hem\",\"item\":\"https:\/\/xenonkungen.com\/\"},{\"@type\":\"ListItem\",\"position\":2,\"name\":\"Shop\",\"item\":\"https:\/\/xenonkungen.com\/shop\/\"},{\"@type\":\"ListItem\",\"position\":3,\"name\":\"XBB OBD-II Dongel\"}]},{\"@type\":\"WebSite\",\"@id\":\"https:\/\/xenonkungen.com\/#website\",\"url\":\"https:\/\/xenonkungen.com\/\",\"name\":\"Xenonkungen\",\"description\":\"\",\"potentialAction\":[{\"@type\":\"SearchAction\",\"target\":{\"@type\":\"EntryPoint\",\"urlTemplate\":\"https:\/\/xenonkungen.com\/?s={search_term_string}\"},\"query-input\":{\"@type\":\"PropertyValueSpecification\",\"valueRequired\":true,\"valueName\":\"search_term_string\"}}],\"inLanguage\":\"en-GB\"}]}<\/script>\n<!-- \/ Yoast SEO plugin. -->","yoast_head_json":{"title":"XBB OBD-II Dongle - The Xenon King","robots":{"index":"index","follow":"follow","max-snippet":"max-snippet:-1","max-image-preview":"max-image-preview:large","max-video-preview":"max-video-preview:-1"},"canonical":"https:\/\/xenonkungen.com\/en\/product\/xbb-obd-ii-dongle\/","og_locale":"en_GB","og_type":"article","og_title":"XBB OBD-II Dongel - Xenonkungen","og_description":"Nu \u00e4r den h\u00e4r! Framtidens s\u00e4tt att koppla Extraljus och LEDramper! Denna vara \u00e4r Endast Dongeln","og_url":"https:\/\/xenonkungen.com\/en\/product\/xbb-obd-ii-dongle\/","og_site_name":"Xenonkungen","article_modified_time":"2026-05-08T12:26:14+00:00","og_image":[{"width":1000,"height":1000,"url":"https:\/\/xenonkungen.com\/wp-content\/uploads\/2025\/04\/179738801-origpic-8e8c68.png","type":"image\/png"}],"twitter_card":"summary_large_image","twitter_misc":{"Estimated reading time":"1 minute"},"schema":{"@context":"https:\/\/schema.org","@graph":[{"@type":"WebPage","@id":"https:\/\/xenonkungen.com\/produkt\/xbb-obd-ii-dongel\/","url":"https:\/\/xenonkungen.com\/produkt\/xbb-obd-ii-dongel\/","name":"XBB OBD-II Dongle - The Xenon King","isPartOf":{"@id":"https:\/\/xenonkungen.com\/#website"},"primaryImageOfPage":{"@id":"https:\/\/xenonkungen.com\/produkt\/xbb-obd-ii-dongel\/#primaryimage"},"image":{"@id":"https:\/\/xenonkungen.com\/produkt\/xbb-obd-ii-dongel\/#primaryimage"},"thumbnailUrl":"https:\/\/xenonkungen.com\/wp-content\/uploads\/2025\/04\/179738801-origpic-8e8c68.png","datePublished":"2025-04-15T08:39:19+00:00","dateModified":"2026-05-08T12:26:14+00:00","breadcrumb":{"@id":"https:\/\/xenonkungen.com\/produkt\/xbb-obd-ii-dongel\/#breadcrumb"},"inLanguage":"en-GB","potentialAction":[{"@type":"ReadAction","target":["https:\/\/xenonkungen.com\/produkt\/xbb-obd-ii-dongel\/"]}]},{"@type":"ImageObject","inLanguage":"en-GB","@id":"https:\/\/xenonkungen.com\/produkt\/xbb-obd-ii-dongel\/#primaryimage","url":"https:\/\/xenonkungen.com\/wp-content\/uploads\/2025\/04\/179738801-origpic-8e8c68.png","contentUrl":"https:\/\/xenonkungen.com\/wp-content\/uploads\/2025\/04\/179738801-origpic-8e8c68.png","width":1000,"height":1000},{"@type":"BreadcrumbList","@id":"https:\/\/xenonkungen.com\/produkt\/xbb-obd-ii-dongel\/#breadcrumb","itemListElement":[{"@type":"ListItem","position":1,"name":"Hem","item":"https:\/\/xenonkungen.com\/"},{"@type":"ListItem","position":2,"name":"Shop","item":"https:\/\/xenonkungen.com\/shop\/"},{"@type":"ListItem","position":3,"name":"XBB OBD-II Dongel"}]},{"@type":"WebSite","@id":"https:\/\/xenonkungen.com\/#website","url":"https:\/\/xenonkungen.com\/","name":"Xenonkungen","description":"","potentialAction":[{"@type":"SearchAction","target":{"@type":"EntryPoint","urlTemplate":"https:\/\/xenonkungen.com\/?s={search_term_string}"},"query-input":{"@type":"PropertyValueSpecification","valueRequired":true,"valueName":"search_term_string"}}],"inLanguage":"en-GB"}]}},"taxonomy_info":{"product_brand":[{"value":115,"label":"XBB"}],"product_cat":[{"value":2487,"label":"Canbus"},{"value":2841,"label":"Installation extraljus"},{"value":2828,"label":"Installation LED-ramper"},{"value":2468,"label":"Rel\u00e4"},{"value":2497,"label":"XBB"},{"value":477,"label":"Canbus | EMC"},{"value":390,"label":"Installation"}],"pa_volt-v":[{"value":348,"label":"12, 24"}]},"featured_image_src_large":["https:\/\/xenonkungen.com\/wp-content\/uploads\/2025\/04\/179738801-origpic-8e8c68.png",1000,1000,false],"author_info":[],"comment_info":0,"_links":{"self":[{"href":"https:\/\/xenonkungen.com\/en\/wp-json\/wp\/v2\/product\/2576","targetHints":{"allow":["GET"]}}],"collection":[{"href":"https:\/\/xenonkungen.com\/en\/wp-json\/wp\/v2\/product"}],"about":[{"href":"https:\/\/xenonkungen.com\/en\/wp-json\/wp\/v2\/types\/product"}],"replies":[{"embeddable":true,"href":"https:\/\/xenonkungen.com\/en\/wp-json\/wp\/v2\/comments?post=2576"}],"wp:featuredmedia":[{"embeddable":true,"href":"https:\/\/xenonkungen.com\/en\/wp-json\/wp\/v2\/media\/2577"}],"wp:attachment":[{"href":"https:\/\/xenonkungen.com\/en\/wp-json\/wp\/v2\/media?parent=2576"}],"wp:term":[{"taxonomy":"anvandningsomrade","embeddable":true,"href":"https:\/\/xenonkungen.com\/en\/wp-json\/wp\/v2\/anvandningsomrade?post=2576"},{"taxonomy":"bilmarken","embeddable":true,"href":"https:\/\/xenonkungen.com\/en\/wp-json\/wp\/v2\/bilmarken?post=2576"},{"taxonomy":"product_brand","embeddable":true,"href":"https:\/\/xenonkungen.com\/en\/wp-json\/wp\/v2\/product_brand?post=2576"},{"taxonomy":"product_cat","embeddable":true,"href":"https:\/\/xenonkungen.com\/en\/wp-json\/wp\/v2\/product_cat?post=2576"},{"taxonomy":"product_tag","embeddable":true,"href":"https:\/\/xenonkungen.com\/en\/wp-json\/wp\/v2\/product_tag?post=2576"}],"curies":[{"name":"wp","href":"https:\/\/api.w.org\/{rel}","templated":true}]}}