{"id":25776,"date":"2026-02-02T14:20:15","date_gmt":"2026-02-02T13:20:15","guid":{"rendered":"https:\/\/xenonkungen.com\/?post_type=product&#038;p=25776"},"modified":"2026-02-02T14:33:49","modified_gmt":"2026-02-02T13:33:49","slug":"osram-starter-cable-1500a-bag","status":"publish","type":"product","link":"https:\/\/xenonkungen.com\/en\/product\/osram-starter-cable-1500a-bag\/","title":{"rendered":"OSRAM STARTERcable 1500A (BAG)"},"content":{"rendered":"<h2 data-start=\"158\" data-end=\"209\">Classic jump starters \u2013 maximum power from OSRAM<\/h2>\n<p data-start=\"211\" data-end=\"554\">Med <strong data-start=\"215\" data-end=\"301\"><span class=\"hover:entity-accent entity-underline inline cursor-pointer align-baseline\"><span class=\"whitespace-normal\">OSRAM<\/span><\/span> BATTERYstart PROFESSIONAL STARTERcable 1200A<\/strong> do you get <strong data-start=\"309\" data-end=\"360\">extreme starting assistance for the heaviest vehicles<\/strong>These jump leads are designed for <strong data-start=\"398\" data-end=\"421\">professional use<\/strong>, but also suitable for private users who demand maximum performance \u2013 perfect for trucks, construction machinery and larger commercial vehicles.<\/p>\n<p data-start=\"556\" data-end=\"984\">The cables are made of <strong data-start=\"583\" data-end=\"609\">copper-clad aluminum<\/strong> for low resistance and safe, efficient current transmission even at very high loads. With a generous length of <strong data-start=\"723\" data-end=\"734\">5 meters<\/strong> and a strong <strong data-start=\"750\" data-end=\"773\">cable cross-section of 50 mm\u00b2<\/strong> Are they able to start? <strong data-start=\"795\" data-end=\"843\">petrol and diesel engines up to 9.5 liters<\/strong>The design allows for a <strong data-start=\"873\" data-end=\"906\">peak current of up to 1,200 A<\/strong> and <strong data-start=\"911\" data-end=\"939\">600 A continuous current<\/strong>, adapted for both <strong data-start=\"959\" data-end=\"976\">12V and 24V<\/strong>-system.<\/p>\n<p data-start=\"986\" data-end=\"1317\">The durable <strong data-start=\"1001\" data-end=\"1020\">The PVC insulation<\/strong> protects cables in tough working environments, while <strong data-start=\"1067\" data-end=\"1119\">Insulated handles and clearly color-coded clamps<\/strong> increases safety and minimizes the risk of incorrect connection. For easy handling and orderly storage, the jump leads are supplied in a <strong data-start=\"1244\" data-end=\"1270\">robust storage bag<\/strong>, with the instruction manual always readily available.<\/p>\n<h3 data-start=\"1319\" data-end=\"1341\">Important features<\/h3>\n<ul data-start=\"1342\" data-end=\"1737\">\n<li data-start=\"1342\" data-end=\"1412\">\n<p data-start=\"1344\" data-end=\"1412\">Extremely powerful jump starters for heavy and professional vehicles<\/p>\n<\/li>\n<li data-start=\"1413\" data-end=\"1468\">\n<p data-start=\"1415\" data-end=\"1468\">Copper-clad aluminum for efficient power transfer<\/p>\n<\/li>\n<li data-start=\"1469\" data-end=\"1503\">\n<p data-start=\"1471\" data-end=\"1503\">5 m length and 50 mm\u00b2 cable area<\/p>\n<\/li>\n<li data-start=\"1504\" data-end=\"1556\">\n<p data-start=\"1506\" data-end=\"1556\">Up to 1200 A peak current (600 A continuous)<\/p>\n<\/li>\n<li data-start=\"1557\" data-end=\"1605\">\n<p data-start=\"1559\" data-end=\"1605\">For petrol and diesel engines up to 9.5 l<\/p>\n<\/li>\n<li data-start=\"1606\" data-end=\"1634\">\n<p data-start=\"1608\" data-end=\"1634\">For 12 V and 24 V systems<\/p>\n<\/li>\n<li data-start=\"1635\" data-end=\"1680\">\n<p data-start=\"1637\" data-end=\"1680\">Insulated, color-coded clamps and handles<\/p>\n<\/li>\n<li data-start=\"1681\" data-end=\"1706\">\n<p data-start=\"1683\" data-end=\"1706\">Storage bag included<\/p>\n<\/li>\n<li data-start=\"1707\" data-end=\"1737\">\n<p data-start=\"1709\" data-end=\"1737\"><strong data-start=\"1709\" data-end=\"1737\">2-year warranty from OSRAM<\/strong><\/p>\n<\/li>\n<\/ul>\n<p data-start=\"1739\" data-end=\"1844\"><strong data-start=\"1739\" data-end=\"1837\">OSRAM BATTERYstart PROFESSIONAL STARTERcable 1200A \u2013 when nothing less than maximum power is enough.<\/strong><\/p>","protected":false},"excerpt":{"rendered":"<p>Klassiska startkablar \u2013 maximal kraft fr\u00e5n OSRAM Med OSRAM BATTERYstart PROFESSIONAL STARTERcable 1200A f\u00e5r du extrem starthj\u00e4lp f\u00f6r de allra tyngsta fordonen. Dessa startkablar \u00e4r utvecklade f\u00f6r professionellt bruk, men passar \u00e4ven privata anv\u00e4ndare som kr\u00e4ver maximal prestanda \u2013 perfekt f\u00f6r lastbilar, entreprenadmaskiner och st\u00f6rre nyttofordon. Kablarna \u00e4r tillverkade av kopparbelagd aluminium f\u00f6r l\u00e5g resistans [&hellip;]<\/p>","protected":false},"featured_media":25784,"comment_status":"open","ping_status":"closed","template":"","meta":{"_acf_changed":false,"_smort_price_nok":"742","_smort_price_dkk":"","_smort_price_eur":"","_smort_sale_price_nok":"","_smort_sale_price_dkk":"","_smort_sale_price_eur":"","smort_restorder":"","shipmondo_restorder":"","_kad_blocks_custom_css":"","_kad_blocks_head_custom_js":"","_kad_blocks_body_custom_js":"","_kad_blocks_footer_custom_js":"","smort_custom_pricelist_1":"444.8","smort_custom_pricelist_2":"389.2","smort_custom_pricelist_3":"361.4","smort_custom_pricelist_4":"556","smort_custom_pricelist_5":"389.2"},"anvandningsomrade":[],"bilmarken":[],"product_brand":[108],"product_cat":[377],"product_tag":[],"class_list":{"0":"post-25776","1":"product","2":"type-product","3":"status-publish","4":"has-post-thumbnail","6":"product_brand-osram","7":"product_cat-biltillbehor","9":"first","10":"onbackorder","11":"taxable","12":"shipping-taxable","13":"purchasable","14":"product-type-simple"},"bundled_by":[],"bundle_stock_status":"onbackorder","bundle_stock_quantity":0,"bundle_virtual":false,"bundle_layout":"","bundle_add_to_cart_form_location":"","bundle_editable_in_cart":false,"bundle_sold_individually_context":"","bundle_item_grouping":"","bundle_min_size":"","bundle_max_size":"","bundle_price":[],"bundled_items":[],"bundle_sell_ids":[],"acf":[],"yoast_head":"<!-- This site is optimized with the Yoast SEO plugin v27.0 - https:\/\/yoast.com\/product\/yoast-seo-wordpress\/ -->\n<title>OSRAM STARTERcable 1500A (BAG) - Xenonkungen<\/title>\n<meta name=\"robots\" content=\"index, follow, max-snippet:-1, max-image-preview:large, max-video-preview:-1\" \/>\n<link rel=\"canonical\" href=\"https:\/\/xenonkungen.com\/en\/product\/osram-starter-cable-1500a-bag\/\" \/>\n<meta property=\"og:locale\" content=\"en_GB\" \/>\n<meta property=\"og:type\" content=\"article\" \/>\n<meta property=\"og:title\" content=\"OSRAM STARTERcable 1500A (BAG) - Xenonkungen\" \/>\n<meta property=\"og:description\" content=\"Klassiska startkablar \u2013 maximal kraft fr\u00e5n OSRAM Med OSRAM BATTERYstart PROFESSIONAL STARTERcable 1200A f\u00e5r du extrem starthj\u00e4lp f\u00f6r de allra tyngsta fordonen. Dessa startkablar \u00e4r utvecklade f\u00f6r professionellt bruk, men passar \u00e4ven privata anv\u00e4ndare som kr\u00e4ver maximal prestanda \u2013 perfekt f\u00f6r lastbilar, entreprenadmaskiner och st\u00f6rre nyttofordon. Kablarna \u00e4r tillverkade av kopparbelagd aluminium f\u00f6r l\u00e5g resistans [&hellip;]\" \/>\n<meta property=\"og:url\" content=\"https:\/\/xenonkungen.com\/en\/product\/osram-starter-cable-1500a-bag\/\" \/>\n<meta property=\"og:site_name\" content=\"Xenonkungen\" \/>\n<meta property=\"article:modified_time\" content=\"2026-02-02T13:33:49+00:00\" \/>\n<meta property=\"og:image\" content=\"https:\/\/xenonkungen.com\/wp-content\/uploads\/2026\/02\/Small-for-web-and-ppt-PI_ARF-2021-01593_BATTERYstart_STARTER_CABLE_1200A_OSC500.jpg\" \/>\n\t<meta property=\"og:image:width\" content=\"1024\" \/>\n\t<meta property=\"og:image:height\" content=\"1024\" \/>\n\t<meta property=\"og:image:type\" content=\"image\/jpeg\" \/>\n<meta name=\"twitter:card\" content=\"summary_large_image\" \/>\n<meta name=\"twitter:label1\" content=\"Estimated reading time\" \/>\n\t<meta name=\"twitter:data1\" content=\"2 minutes\" \/>\n<script type=\"application\/ld+json\" class=\"yoast-schema-graph\">{\"@context\":\"https:\/\/schema.org\",\"@graph\":[{\"@type\":\"WebPage\",\"@id\":\"https:\/\/xenonkungen.com\/produkt\/osram-startercable-1500a-bag\/\",\"url\":\"https:\/\/xenonkungen.com\/produkt\/osram-startercable-1500a-bag\/\",\"name\":\"OSRAM STARTERcable 1500A (BAG) - Xenonkungen\",\"isPartOf\":{\"@id\":\"https:\/\/xenonkungen.com\/#website\"},\"primaryImageOfPage\":{\"@id\":\"https:\/\/xenonkungen.com\/produkt\/osram-startercable-1500a-bag\/#primaryimage\"},\"image\":{\"@id\":\"https:\/\/xenonkungen.com\/produkt\/osram-startercable-1500a-bag\/#primaryimage\"},\"thumbnailUrl\":\"https:\/\/xenonkungen.com\/wp-content\/uploads\/2026\/02\/Small-for-web-and-ppt-PI_ARF-2021-01593_BATTERYstart_STARTER_CABLE_1200A_OSC500.jpg\",\"datePublished\":\"2026-02-02T13:20:15+00:00\",\"dateModified\":\"2026-02-02T13:33:49+00:00\",\"breadcrumb\":{\"@id\":\"https:\/\/xenonkungen.com\/produkt\/osram-startercable-1500a-bag\/#breadcrumb\"},\"inLanguage\":\"en-GB\",\"potentialAction\":[{\"@type\":\"ReadAction\",\"target\":[\"https:\/\/xenonkungen.com\/produkt\/osram-startercable-1500a-bag\/\"]}]},{\"@type\":\"ImageObject\",\"inLanguage\":\"en-GB\",\"@id\":\"https:\/\/xenonkungen.com\/produkt\/osram-startercable-1500a-bag\/#primaryimage\",\"url\":\"https:\/\/xenonkungen.com\/wp-content\/uploads\/2026\/02\/Small-for-web-and-ppt-PI_ARF-2021-01593_BATTERYstart_STARTER_CABLE_1200A_OSC500.jpg\",\"contentUrl\":\"https:\/\/xenonkungen.com\/wp-content\/uploads\/2026\/02\/Small-for-web-and-ppt-PI_ARF-2021-01593_BATTERYstart_STARTER_CABLE_1200A_OSC500.jpg\",\"width\":1024,\"height\":1024},{\"@type\":\"BreadcrumbList\",\"@id\":\"https:\/\/xenonkungen.com\/produkt\/osram-startercable-1500a-bag\/#breadcrumb\",\"itemListElement\":[{\"@type\":\"ListItem\",\"position\":1,\"name\":\"Hem\",\"item\":\"https:\/\/xenonkungen.com\/\"},{\"@type\":\"ListItem\",\"position\":2,\"name\":\"Shop\",\"item\":\"https:\/\/xenonkungen.com\/shop\/\"},{\"@type\":\"ListItem\",\"position\":3,\"name\":\"OSRAM STARTERcable 1500A (BAG)\"}]},{\"@type\":\"WebSite\",\"@id\":\"https:\/\/xenonkungen.com\/#website\",\"url\":\"https:\/\/xenonkungen.com\/\",\"name\":\"Xenonkungen\",\"description\":\"\",\"potentialAction\":[{\"@type\":\"SearchAction\",\"target\":{\"@type\":\"EntryPoint\",\"urlTemplate\":\"https:\/\/xenonkungen.com\/?s={search_term_string}\"},\"query-input\":{\"@type\":\"PropertyValueSpecification\",\"valueRequired\":true,\"valueName\":\"search_term_string\"}}],\"inLanguage\":\"en-GB\"}]}<\/script>\n<!-- \/ Yoast SEO plugin. -->","yoast_head_json":{"title":"OSRAM STARTERcable 1500A (BAG) - The Xenon king","robots":{"index":"index","follow":"follow","max-snippet":"max-snippet:-1","max-image-preview":"max-image-preview:large","max-video-preview":"max-video-preview:-1"},"canonical":"https:\/\/xenonkungen.com\/en\/product\/osram-starter-cable-1500a-bag\/","og_locale":"en_GB","og_type":"article","og_title":"OSRAM STARTERcable 1500A (BAG) - Xenonkungen","og_description":"Klassiska startkablar \u2013 maximal kraft fr\u00e5n OSRAM Med OSRAM BATTERYstart PROFESSIONAL STARTERcable 1200A f\u00e5r du extrem starthj\u00e4lp f\u00f6r de allra tyngsta fordonen. Dessa startkablar \u00e4r utvecklade f\u00f6r professionellt bruk, men passar \u00e4ven privata anv\u00e4ndare som kr\u00e4ver maximal prestanda \u2013 perfekt f\u00f6r lastbilar, entreprenadmaskiner och st\u00f6rre nyttofordon. Kablarna \u00e4r tillverkade av kopparbelagd aluminium f\u00f6r l\u00e5g resistans [&hellip;]","og_url":"https:\/\/xenonkungen.com\/en\/product\/osram-starter-cable-1500a-bag\/","og_site_name":"Xenonkungen","article_modified_time":"2026-02-02T13:33:49+00:00","og_image":[{"width":1024,"height":1024,"url":"https:\/\/xenonkungen.com\/wp-content\/uploads\/2026\/02\/Small-for-web-and-ppt-PI_ARF-2021-01593_BATTERYstart_STARTER_CABLE_1200A_OSC500.jpg","type":"image\/jpeg"}],"twitter_card":"summary_large_image","twitter_misc":{"Estimated reading time":"2 minutes"},"schema":{"@context":"https:\/\/schema.org","@graph":[{"@type":"WebPage","@id":"https:\/\/xenonkungen.com\/produkt\/osram-startercable-1500a-bag\/","url":"https:\/\/xenonkungen.com\/produkt\/osram-startercable-1500a-bag\/","name":"OSRAM STARTERcable 1500A (BAG) - The Xenon king","isPartOf":{"@id":"https:\/\/xenonkungen.com\/#website"},"primaryImageOfPage":{"@id":"https:\/\/xenonkungen.com\/produkt\/osram-startercable-1500a-bag\/#primaryimage"},"image":{"@id":"https:\/\/xenonkungen.com\/produkt\/osram-startercable-1500a-bag\/#primaryimage"},"thumbnailUrl":"https:\/\/xenonkungen.com\/wp-content\/uploads\/2026\/02\/Small-for-web-and-ppt-PI_ARF-2021-01593_BATTERYstart_STARTER_CABLE_1200A_OSC500.jpg","datePublished":"2026-02-02T13:20:15+00:00","dateModified":"2026-02-02T13:33:49+00:00","breadcrumb":{"@id":"https:\/\/xenonkungen.com\/produkt\/osram-startercable-1500a-bag\/#breadcrumb"},"inLanguage":"en-GB","potentialAction":[{"@type":"ReadAction","target":["https:\/\/xenonkungen.com\/produkt\/osram-startercable-1500a-bag\/"]}]},{"@type":"ImageObject","inLanguage":"en-GB","@id":"https:\/\/xenonkungen.com\/produkt\/osram-startercable-1500a-bag\/#primaryimage","url":"https:\/\/xenonkungen.com\/wp-content\/uploads\/2026\/02\/Small-for-web-and-ppt-PI_ARF-2021-01593_BATTERYstart_STARTER_CABLE_1200A_OSC500.jpg","contentUrl":"https:\/\/xenonkungen.com\/wp-content\/uploads\/2026\/02\/Small-for-web-and-ppt-PI_ARF-2021-01593_BATTERYstart_STARTER_CABLE_1200A_OSC500.jpg","width":1024,"height":1024},{"@type":"BreadcrumbList","@id":"https:\/\/xenonkungen.com\/produkt\/osram-startercable-1500a-bag\/#breadcrumb","itemListElement":[{"@type":"ListItem","position":1,"name":"Hem","item":"https:\/\/xenonkungen.com\/"},{"@type":"ListItem","position":2,"name":"Shop","item":"https:\/\/xenonkungen.com\/shop\/"},{"@type":"ListItem","position":3,"name":"OSRAM STARTERcable 1500A (BAG)"}]},{"@type":"WebSite","@id":"https:\/\/xenonkungen.com\/#website","url":"https:\/\/xenonkungen.com\/","name":"Xenonkungen","description":"","potentialAction":[{"@type":"SearchAction","target":{"@type":"EntryPoint","urlTemplate":"https:\/\/xenonkungen.com\/?s={search_term_string}"},"query-input":{"@type":"PropertyValueSpecification","valueRequired":true,"valueName":"search_term_string"}}],"inLanguage":"en-GB"}]}},"taxonomy_info":{"product_brand":[{"value":108,"label":"OSRAM"}],"product_cat":[{"value":377,"label":"Biltillbeh\u00f6r"}]},"featured_image_src_large":["https:\/\/xenonkungen.com\/wp-content\/uploads\/2026\/02\/Small-for-web-and-ppt-PI_ARF-2021-01593_BATTERYstart_STARTER_CABLE_1200A_OSC500.jpg",1024,1024,false],"author_info":[],"comment_info":0,"_links":{"self":[{"href":"https:\/\/xenonkungen.com\/en\/wp-json\/wp\/v2\/product\/25776","targetHints":{"allow":["GET"]}}],"collection":[{"href":"https:\/\/xenonkungen.com\/en\/wp-json\/wp\/v2\/product"}],"about":[{"href":"https:\/\/xenonkungen.com\/en\/wp-json\/wp\/v2\/types\/product"}],"replies":[{"embeddable":true,"href":"https:\/\/xenonkungen.com\/en\/wp-json\/wp\/v2\/comments?post=25776"}],"wp:featuredmedia":[{"embeddable":true,"href":"https:\/\/xenonkungen.com\/en\/wp-json\/wp\/v2\/media\/25784"}],"wp:attachment":[{"href":"https:\/\/xenonkungen.com\/en\/wp-json\/wp\/v2\/media?parent=25776"}],"wp:term":[{"taxonomy":"anvandningsomrade","embeddable":true,"href":"https:\/\/xenonkungen.com\/en\/wp-json\/wp\/v2\/anvandningsomrade?post=25776"},{"taxonomy":"bilmarken","embeddable":true,"href":"https:\/\/xenonkungen.com\/en\/wp-json\/wp\/v2\/bilmarken?post=25776"},{"taxonomy":"product_brand","embeddable":true,"href":"https:\/\/xenonkungen.com\/en\/wp-json\/wp\/v2\/product_brand?post=25776"},{"taxonomy":"product_cat","embeddable":true,"href":"https:\/\/xenonkungen.com\/en\/wp-json\/wp\/v2\/product_cat?post=25776"},{"taxonomy":"product_tag","embeddable":true,"href":"https:\/\/xenonkungen.com\/en\/wp-json\/wp\/v2\/product_tag?post=25776"}],"curies":[{"name":"wp","href":"https:\/\/api.w.org\/{rel}","templated":true}]}}