{"id":25816,"date":"2026-02-02T15:30:19","date_gmt":"2026-02-02T14:30:19","guid":{"rendered":"https:\/\/xenonkungen.com\/?post_type=product&#038;p=25816"},"modified":"2026-05-04T17:02:34","modified_gmt":"2026-05-04T16:02:34","slug":"w-light-xtreme-w9-rad4","status":"publish","type":"product","link":"https:\/\/xenonkungen.com\/en\/product\/w-light-xtreme-w9-rad4\/","title":{"rendered":"W-Light XTREME W9 RAD4"},"content":{"rendered":"<h2 data-start=\"187\" data-end=\"247\">W-Light XTREME W9 RAD4 \u2013 uncompromising power and range<\/h2>\n<p data-start=\"249\" data-end=\"550\"><strong data-start=\"249\" data-end=\"305\"><span class=\"hover:entity-accent entity-underline inline cursor-pointer align-baseline\"><span class=\"whitespace-normal\">W-Light<\/span><\/span> XTREME W9 RAD4<\/strong>\u00a0is designed for drivers who don&#039;t settle for &quot;enough.&quot; With extreme brightness, advanced optics, and a design that signals performance, this auxiliary light delivers safe visibility far beyond expectations \u2013 even in the toughest conditions.<\/p>\n<p data-start=\"552\" data-end=\"805\">The updated light pattern provides a wide and comfortable light field that illuminates both the road and the roadside, while extending the range far ahead. The result is a better overview, faster reaction time and a driving experience with full control in the dark.<\/p>\n<h3 data-start=\"807\" data-end=\"826\">Power that is noticeable<\/h3>\n<p data-start=\"827\" data-end=\"1102\">Med <strong data-start=\"831\" data-end=\"861\">15,000 lumens per auxiliary light<\/strong> and an impressive range of <strong data-start=\"893\" data-end=\"918\">over 1.5 km at 1 lux<\/strong>, the W9 RAD4 transforms the night into a workspace with crystal-clear visibility. The eye-friendly color temperature of <strong data-start=\"1027\" data-end=\"1037\">5500K<\/strong> Provides natural light that reduces fatigue during long drives.<\/p>\n<h3 data-start=\"1104\" data-end=\"1126\">Design with attitude<\/h3>\n<p data-start=\"1127\" data-end=\"1363\">The stylish <strong data-start=\"1140\" data-end=\"1162\">The Dark Look design<\/strong> gives an exclusive and modern look that suits both passenger cars and transport vehicles. With <strong data-start=\"1252\" data-end=\"1279\">two-color position light<\/strong> You can choose between white or orange and put your own touch on the front of the vehicle.<\/p>\n<h3 data-start=\"1365\" data-end=\"1400\">Built for Nordic conditions<\/h3>\n<p data-start=\"1401\" data-end=\"1697\">The XTREME W9 RAD4 is designed to withstand harsh environments. The reinforced chassis, durable finish and improved ventilation ensure long life and stable performance in rain, cold and snow. Thanks to <strong data-start=\"1628\" data-end=\"1654\">integrated DT4 connector<\/strong> The installation is fast, safe and smooth.<\/p>\n<h3 data-start=\"1699\" data-end=\"1721\">Important features<\/h3>\n<ul data-start=\"1722\" data-end=\"2120\">\n<li data-start=\"1722\" data-end=\"1765\">\n<p data-start=\"1724\" data-end=\"1765\">Up to <strong data-start=\"1733\" data-end=\"1749\">15,000 lumens<\/strong> per extra light<\/p>\n<\/li>\n<li data-start=\"1766\" data-end=\"1818\">\n<p data-start=\"1768\" data-end=\"1818\">Scope: <strong data-start=\"1778\" data-end=\"1816\">1509 m @ 1 lux \/ 2889 m @ 0.25 lux<\/strong><\/p>\n<\/li>\n<li data-start=\"1819\" data-end=\"1876\">\n<p data-start=\"1821\" data-end=\"1876\">Optimized light pattern for wide and comfortable lighting<\/p>\n<\/li>\n<li data-start=\"1877\" data-end=\"1939\">\n<p data-start=\"1879\" data-end=\"1939\">Colour temperature <strong data-start=\"1894\" data-end=\"1904\">5500K<\/strong> \u2013 natural and eye-friendly light<\/p>\n<\/li>\n<li data-start=\"1940\" data-end=\"1981\">\n<p data-start=\"1942\" data-end=\"1981\">Position lights in <strong data-start=\"1958\" data-end=\"1979\">white or orange<\/strong><\/p>\n<\/li>\n<li data-start=\"1982\" data-end=\"2034\">\n<p data-start=\"1984\" data-end=\"2034\">Robust construction adapted to Nordic climate<\/p>\n<\/li>\n<li data-start=\"2035\" data-end=\"2082\">\n<p data-start=\"2037\" data-end=\"2082\">Improved cooling for longer LED life<\/p>\n<\/li>\n<li data-start=\"2083\" data-end=\"2120\">\n<p data-start=\"2085\" data-end=\"2120\">Easy assembly with <strong data-start=\"2105\" data-end=\"2120\">DT4 connector<\/strong><\/p>\n<\/li>\n<\/ul>\n<p data-start=\"2122\" data-end=\"2217\"><strong data-start=\"2122\" data-end=\"2215\">W-Light XTREME W9 RAD4 \u2013 for those who want to see further, drive safer and stand out in style.<\/strong><\/p>","protected":false},"excerpt":{"rendered":"<p><strong data-start=\"110\" data-end=\"166\"><span class=\"hover:entity-accent entity-underline inline cursor-pointer align-baseline\"><span class=\"whitespace-normal\">W-Light<\/span><\/span> XTREME W9 RAD4<\/strong> is a powerful LED auxiliary light with impressive range and modern Dark Look design. With up to <strong data-start=\"266\" data-end=\"282\" data-is-only-node=\"\">15,000 lumens<\/strong>, optimized lighting and <strong data-start=\"307\" data-end=\"348\">two-color position light (white\/orange)<\/strong> gives it excellent visibility and an exclusive look. Robust construction, easy on the eyes <strong data-start=\"430\" data-end=\"445\">5500 K light<\/strong> and easy assembly with <strong data-start=\"470\" data-end=\"485\">DT4 connector<\/strong> makes the W9 RAD4 an obvious choice for demanding driving in all conditions.<\/p>","protected":false},"featured_media":25808,"comment_status":"open","ping_status":"closed","template":"","meta":{"_acf_changed":false,"_smort_price_nok":"12919","_smort_price_dkk":"","_smort_price_eur":"","_smort_sale_price_nok":"","_smort_sale_price_dkk":"","_smort_sale_price_eur":"","smort_restorder":"","shipmondo_restorder":"","_kad_blocks_custom_css":"","_kad_blocks_head_custom_js":"","_kad_blocks_body_custom_js":"","_kad_blocks_footer_custom_js":"","smort_custom_pricelist_1":"7740.8","smort_custom_pricelist_2":"6773.2","smort_custom_pricelist_3":"6289.4","smort_custom_pricelist_4":"9676","smort_custom_pricelist_5":"6773.2"},"anvandningsomrade":[],"bilmarken":[],"product_brand":[114,115,117],"product_cat":[1859],"product_tag":[],"class_list":{"0":"post-25816","1":"product","2":"type-product","3":"status-publish","4":"has-post-thumbnail","6":"product_brand-w-light","7":"product_brand-xbb","8":"product_brand-xenonkungen","9":"product_cat-extraljuspaket","11":"first","12":"outofstock","13":"virtual","14":"taxable","15":"purchasable","16":"product-type-bundle"},"bundled_by":[],"bundle_stock_status":"outofstock","bundle_stock_quantity":0,"bundle_virtual":false,"bundle_layout":"default","bundle_add_to_cart_form_location":"default","bundle_editable_in_cart":false,"bundle_sold_individually_context":"product","bundle_item_grouping":"parent","bundle_min_size":"","bundle_max_size":"","bundle_price":{"price":{"min":{"incl_tax":"1099.45","excl_tax":"879.55643108"},"max":{"incl_tax":"1099.45","excl_tax":"879.55643108"}},"regular_price":{"min":{"incl_tax":"1099.45","excl_tax":"879.55643108"},"max":{"incl_tax":"1099.45","excl_tax":"879.55643108"}}},"bundled_items":[{"bundled_item_id":559,"product_id":2718,"menu_order":0,"quantity_min":1,"quantity_max":1,"quantity_default":1,"priced_individually":false,"shipped_individually":false,"override_title":false,"title":"Extra light bracket for 4 x 225mm|9\"","override_description":false,"description":"","optional":false,"hide_thumbnail":false,"discount":"","override_variations":false,"allowed_variations":[],"override_default_variation_attributes":false,"default_variation_attributes":[],"single_product_visibility":"visible","cart_visibility":"visible","order_visibility":"visible","single_product_price_visibility":"visible","cart_price_visibility":"visible","order_price_visibility":"visible","stock_status":"in_stock"},{"bundled_item_id":556,"product_id":1538,"menu_order":1,"quantity_min":1,"quantity_max":1,"quantity_default":1,"priced_individually":false,"shipped_individually":false,"override_title":false,"title":"XBB OBD-II Dongle + PowerUnit","override_description":false,"description":"","optional":false,"hide_thumbnail":false,"discount":"","override_variations":false,"allowed_variations":[],"override_default_variation_attributes":false,"default_variation_attributes":[],"single_product_visibility":"visible","cart_visibility":"visible","order_visibility":"visible","single_product_price_visibility":"visible","cart_price_visibility":"visible","order_price_visibility":"visible","stock_status":"on_backorder"},{"bundled_item_id":560,"product_id":1056,"menu_order":2,"quantity_min":1,"quantity_max":1,"quantity_default":1,"priced_individually":false,"shipped_individually":false,"override_title":false,"title":"Luxtar Relay cable set DT-4 X4 12V 80A Relay","override_description":false,"description":"","optional":false,"hide_thumbnail":false,"discount":"","override_variations":false,"allowed_variations":[],"override_default_variation_attributes":false,"default_variation_attributes":[],"single_product_visibility":"visible","cart_visibility":"visible","order_visibility":"visible","single_product_price_visibility":"visible","cart_price_visibility":"visible","order_price_visibility":"visible","stock_status":"in_stock"},{"bundled_item_id":558,"product_id":2605,"menu_order":3,"quantity_min":1,"quantity_max":1,"quantity_default":1,"priced_individually":false,"shipped_individually":false,"override_title":false,"title":"Cable set for XBB Power Unit - DT","override_description":false,"description":"","optional":false,"hide_thumbnail":false,"discount":"","override_variations":false,"allowed_variations":[],"override_default_variation_attributes":false,"default_variation_attributes":[],"single_product_visibility":"visible","cart_visibility":"visible","order_visibility":"visible","single_product_price_visibility":"visible","cart_price_visibility":"visible","order_price_visibility":"visible","stock_status":"on_backorder"}],"bundle_sell_ids":[],"acf":[],"yoast_head":"<!-- This site is optimized with the Yoast SEO plugin v27.0 - https:\/\/yoast.com\/product\/yoast-seo-wordpress\/ -->\n<title>W-Light XTREME W9 RAD4 - Xenonkungen<\/title>\n<meta name=\"robots\" content=\"index, follow, max-snippet:-1, max-image-preview:large, max-video-preview:-1\" \/>\n<link rel=\"canonical\" href=\"https:\/\/xenonkungen.com\/en\/product\/w-light-xtreme-w9-rad4\/\" \/>\n<meta property=\"og:locale\" content=\"en_GB\" \/>\n<meta property=\"og:type\" content=\"article\" \/>\n<meta property=\"og:title\" content=\"W-Light XTREME W9 RAD4 - Xenonkungen\" \/>\n<meta property=\"og:description\" content=\"W-Light XTREME W9 RAD4 \u00e4r ett kraftfullt LED-extraljus med imponerande r\u00e4ckvidd och modern Dark Look-design. Med upp till 15 000 lumen, optimerad ljusbild och tv\u00e5f\u00e4rgat positionsljus (vitt\/orange) ger det utm\u00e4rkt sikt och ett exklusivt uttryck. Robust konstruktion, \u00f6gonv\u00e4nligt 5500 K-ljus och enkel montering med DT4-kontakt g\u00f6r W9 RAD4 till ett sj\u00e4lvklart val f\u00f6r kr\u00e4vande k\u00f6rning i alla f\u00f6rh\u00e5llanden.\" \/>\n<meta property=\"og:url\" content=\"https:\/\/xenonkungen.com\/en\/product\/w-light-xtreme-w9-rad4\/\" \/>\n<meta property=\"og:site_name\" content=\"Xenonkungen\" \/>\n<meta property=\"article:modified_time\" content=\"2026-05-04T16:02:34+00:00\" \/>\n<meta property=\"og:image\" content=\"https:\/\/xenonkungen.com\/wp-content\/uploads\/2026\/02\/RAD4-5stx9tum-W-Light-w9-Phoenix-Paket-White-PNNG-1024x719.png\" \/>\n\t<meta property=\"og:image:width\" content=\"1024\" \/>\n\t<meta property=\"og:image:height\" content=\"719\" \/>\n\t<meta property=\"og:image:type\" content=\"image\/png\" \/>\n<meta name=\"twitter:card\" content=\"summary_large_image\" \/>\n<meta name=\"twitter:label1\" content=\"Estimated reading time\" \/>\n\t<meta name=\"twitter:data1\" content=\"2 minutes\" \/>\n<script type=\"application\/ld+json\" class=\"yoast-schema-graph\">{\"@context\":\"https:\/\/schema.org\",\"@graph\":[{\"@type\":\"WebPage\",\"@id\":\"https:\/\/xenonkungen.com\/produkt\/w-light-xtreme-w9-rad4\/\",\"url\":\"https:\/\/xenonkungen.com\/produkt\/w-light-xtreme-w9-rad4\/\",\"name\":\"W-Light XTREME W9 RAD4 - Xenonkungen\",\"isPartOf\":{\"@id\":\"https:\/\/xenonkungen.com\/#website\"},\"primaryImageOfPage\":{\"@id\":\"https:\/\/xenonkungen.com\/produkt\/w-light-xtreme-w9-rad4\/#primaryimage\"},\"image\":{\"@id\":\"https:\/\/xenonkungen.com\/produkt\/w-light-xtreme-w9-rad4\/#primaryimage\"},\"thumbnailUrl\":\"https:\/\/xenonkungen.com\/wp-content\/uploads\/2026\/02\/RAD4-5stx9tum-W-Light-w9-Phoenix-Paket-White-PNNG.png\",\"datePublished\":\"2026-02-02T14:30:19+00:00\",\"dateModified\":\"2026-05-04T16:02:34+00:00\",\"breadcrumb\":{\"@id\":\"https:\/\/xenonkungen.com\/produkt\/w-light-xtreme-w9-rad4\/#breadcrumb\"},\"inLanguage\":\"en-GB\",\"potentialAction\":[{\"@type\":\"ReadAction\",\"target\":[\"https:\/\/xenonkungen.com\/produkt\/w-light-xtreme-w9-rad4\/\"]}]},{\"@type\":\"ImageObject\",\"inLanguage\":\"en-GB\",\"@id\":\"https:\/\/xenonkungen.com\/produkt\/w-light-xtreme-w9-rad4\/#primaryimage\",\"url\":\"https:\/\/xenonkungen.com\/wp-content\/uploads\/2026\/02\/RAD4-5stx9tum-W-Light-w9-Phoenix-Paket-White-PNNG.png\",\"contentUrl\":\"https:\/\/xenonkungen.com\/wp-content\/uploads\/2026\/02\/RAD4-5stx9tum-W-Light-w9-Phoenix-Paket-White-PNNG.png\",\"width\":2450,\"height\":1720},{\"@type\":\"BreadcrumbList\",\"@id\":\"https:\/\/xenonkungen.com\/produkt\/w-light-xtreme-w9-rad4\/#breadcrumb\",\"itemListElement\":[{\"@type\":\"ListItem\",\"position\":1,\"name\":\"Hem\",\"item\":\"https:\/\/xenonkungen.com\/\"},{\"@type\":\"ListItem\",\"position\":2,\"name\":\"Shop\",\"item\":\"https:\/\/xenonkungen.com\/shop\/\"},{\"@type\":\"ListItem\",\"position\":3,\"name\":\"W-Light XTREME W9 RAD4\"}]},{\"@type\":\"WebSite\",\"@id\":\"https:\/\/xenonkungen.com\/#website\",\"url\":\"https:\/\/xenonkungen.com\/\",\"name\":\"Xenonkungen\",\"description\":\"\",\"potentialAction\":[{\"@type\":\"SearchAction\",\"target\":{\"@type\":\"EntryPoint\",\"urlTemplate\":\"https:\/\/xenonkungen.com\/?s={search_term_string}\"},\"query-input\":{\"@type\":\"PropertyValueSpecification\",\"valueRequired\":true,\"valueName\":\"search_term_string\"}}],\"inLanguage\":\"en-GB\"}]}<\/script>\n<!-- \/ Yoast SEO plugin. -->","yoast_head_json":{"title":"W-Light XTREME W9 RAD4 - The Xenon King","robots":{"index":"index","follow":"follow","max-snippet":"max-snippet:-1","max-image-preview":"max-image-preview:large","max-video-preview":"max-video-preview:-1"},"canonical":"https:\/\/xenonkungen.com\/en\/product\/w-light-xtreme-w9-rad4\/","og_locale":"en_GB","og_type":"article","og_title":"W-Light XTREME W9 RAD4 - Xenonkungen","og_description":"W-Light XTREME W9 RAD4 \u00e4r ett kraftfullt LED-extraljus med imponerande r\u00e4ckvidd och modern Dark Look-design. Med upp till 15 000 lumen, optimerad ljusbild och tv\u00e5f\u00e4rgat positionsljus (vitt\/orange) ger det utm\u00e4rkt sikt och ett exklusivt uttryck. Robust konstruktion, \u00f6gonv\u00e4nligt 5500 K-ljus och enkel montering med DT4-kontakt g\u00f6r W9 RAD4 till ett sj\u00e4lvklart val f\u00f6r kr\u00e4vande k\u00f6rning i alla f\u00f6rh\u00e5llanden.","og_url":"https:\/\/xenonkungen.com\/en\/product\/w-light-xtreme-w9-rad4\/","og_site_name":"Xenonkungen","article_modified_time":"2026-05-04T16:02:34+00:00","og_image":[{"width":1024,"height":719,"url":"https:\/\/xenonkungen.com\/wp-content\/uploads\/2026\/02\/RAD4-5stx9tum-W-Light-w9-Phoenix-Paket-White-PNNG-1024x719.png","type":"image\/png"}],"twitter_card":"summary_large_image","twitter_misc":{"Estimated reading time":"2 minutes"},"schema":{"@context":"https:\/\/schema.org","@graph":[{"@type":"WebPage","@id":"https:\/\/xenonkungen.com\/produkt\/w-light-xtreme-w9-rad4\/","url":"https:\/\/xenonkungen.com\/produkt\/w-light-xtreme-w9-rad4\/","name":"W-Light XTREME W9 RAD4 - The Xenon King","isPartOf":{"@id":"https:\/\/xenonkungen.com\/#website"},"primaryImageOfPage":{"@id":"https:\/\/xenonkungen.com\/produkt\/w-light-xtreme-w9-rad4\/#primaryimage"},"image":{"@id":"https:\/\/xenonkungen.com\/produkt\/w-light-xtreme-w9-rad4\/#primaryimage"},"thumbnailUrl":"https:\/\/xenonkungen.com\/wp-content\/uploads\/2026\/02\/RAD4-5stx9tum-W-Light-w9-Phoenix-Paket-White-PNNG.png","datePublished":"2026-02-02T14:30:19+00:00","dateModified":"2026-05-04T16:02:34+00:00","breadcrumb":{"@id":"https:\/\/xenonkungen.com\/produkt\/w-light-xtreme-w9-rad4\/#breadcrumb"},"inLanguage":"en-GB","potentialAction":[{"@type":"ReadAction","target":["https:\/\/xenonkungen.com\/produkt\/w-light-xtreme-w9-rad4\/"]}]},{"@type":"ImageObject","inLanguage":"en-GB","@id":"https:\/\/xenonkungen.com\/produkt\/w-light-xtreme-w9-rad4\/#primaryimage","url":"https:\/\/xenonkungen.com\/wp-content\/uploads\/2026\/02\/RAD4-5stx9tum-W-Light-w9-Phoenix-Paket-White-PNNG.png","contentUrl":"https:\/\/xenonkungen.com\/wp-content\/uploads\/2026\/02\/RAD4-5stx9tum-W-Light-w9-Phoenix-Paket-White-PNNG.png","width":2450,"height":1720},{"@type":"BreadcrumbList","@id":"https:\/\/xenonkungen.com\/produkt\/w-light-xtreme-w9-rad4\/#breadcrumb","itemListElement":[{"@type":"ListItem","position":1,"name":"Hem","item":"https:\/\/xenonkungen.com\/"},{"@type":"ListItem","position":2,"name":"Shop","item":"https:\/\/xenonkungen.com\/shop\/"},{"@type":"ListItem","position":3,"name":"W-Light XTREME W9 RAD4"}]},{"@type":"WebSite","@id":"https:\/\/xenonkungen.com\/#website","url":"https:\/\/xenonkungen.com\/","name":"Xenonkungen","description":"","potentialAction":[{"@type":"SearchAction","target":{"@type":"EntryPoint","urlTemplate":"https:\/\/xenonkungen.com\/?s={search_term_string}"},"query-input":{"@type":"PropertyValueSpecification","valueRequired":true,"valueName":"search_term_string"}}],"inLanguage":"en-GB"}]}},"taxonomy_info":{"product_brand":[{"value":114,"label":"W-Light"},{"value":115,"label":"XBB"},{"value":117,"label":"Xenonkungen"}],"product_cat":[{"value":1859,"label":"Extraljuspaket"}]},"featured_image_src_large":["https:\/\/xenonkungen.com\/wp-content\/uploads\/2026\/02\/RAD4-5stx9tum-W-Light-w9-Phoenix-Paket-White-PNNG-1024x719.png",1024,719,true],"author_info":[],"comment_info":0,"_links":{"self":[{"href":"https:\/\/xenonkungen.com\/en\/wp-json\/wp\/v2\/product\/25816","targetHints":{"allow":["GET"]}}],"collection":[{"href":"https:\/\/xenonkungen.com\/en\/wp-json\/wp\/v2\/product"}],"about":[{"href":"https:\/\/xenonkungen.com\/en\/wp-json\/wp\/v2\/types\/product"}],"replies":[{"embeddable":true,"href":"https:\/\/xenonkungen.com\/en\/wp-json\/wp\/v2\/comments?post=25816"}],"wp:featuredmedia":[{"embeddable":true,"href":"https:\/\/xenonkungen.com\/en\/wp-json\/wp\/v2\/media\/25808"}],"wp:attachment":[{"href":"https:\/\/xenonkungen.com\/en\/wp-json\/wp\/v2\/media?parent=25816"}],"wp:term":[{"taxonomy":"anvandningsomrade","embeddable":true,"href":"https:\/\/xenonkungen.com\/en\/wp-json\/wp\/v2\/anvandningsomrade?post=25816"},{"taxonomy":"bilmarken","embeddable":true,"href":"https:\/\/xenonkungen.com\/en\/wp-json\/wp\/v2\/bilmarken?post=25816"},{"taxonomy":"product_brand","embeddable":true,"href":"https:\/\/xenonkungen.com\/en\/wp-json\/wp\/v2\/product_brand?post=25816"},{"taxonomy":"product_cat","embeddable":true,"href":"https:\/\/xenonkungen.com\/en\/wp-json\/wp\/v2\/product_cat?post=25816"},{"taxonomy":"product_tag","embeddable":true,"href":"https:\/\/xenonkungen.com\/en\/wp-json\/wp\/v2\/product_tag?post=25816"}],"curies":[{"name":"wp","href":"https:\/\/api.w.org\/{rel}","templated":true}]}}