{"id":25827,"date":"2026-02-02T15:54:38","date_gmt":"2026-02-02T14:54:38","guid":{"rendered":"https:\/\/xenonkungen.com\/?post_type=product&#038;p=25827"},"modified":"2026-05-04T17:44:29","modified_gmt":"2026-05-04T16:44:29","slug":"w-light-xtreme-w9-rad4-yellow","status":"publish","type":"product","link":"https:\/\/xenonkungen.com\/en\/product\/w-light-xtreme-w9-rad4-yellow\/","title":{"rendered":"W-Light XTREME W9 RAD4 | Yellow"},"content":{"rendered":"<h2 data-start=\"172\" data-end=\"238\">W-Light XTREME W9 RAD4 Yellow \u2013 uncompromising visibility with character<\/h2>\n<p data-start=\"240\" data-end=\"537\"><strong data-start=\"240\" data-end=\"303\"><span class=\"hover:entity-accent entity-underline inline cursor-pointer align-baseline\"><span class=\"whitespace-normal\">W-Light<\/span><\/span> XTREME W9 RAD4 Yellow<\/strong> is the extra light for those who want to combine <strong data-start=\"346\" data-end=\"365\">extreme range<\/strong>, high performance and a clear visual expression. The yellow light provides improved contrast in fog, snow and rain \u2013 perfect for Nordic conditions where visibility is often challenged.<\/p>\n<p data-start=\"539\" data-end=\"767\">With advanced optics and powerful LED technology, the W9 RAD4 Yellow delivers a wide and balanced light pattern that illuminates both the road and the surroundings. The result is better visibility, faster reaction times and safer driving in the dark.<\/p>\n<p data-start=\"769\" data-end=\"792\"><strong data-start=\"769\" data-end=\"792\">Performance in brief<\/strong><\/p>\n<ul data-start=\"793\" data-end=\"1033\">\n<li data-start=\"793\" data-end=\"845\">\n<p data-start=\"795\" data-end=\"845\">Scope: <strong data-start=\"805\" data-end=\"843\">1509 m @ 1 lux \/ 2889 m @ 0.25 lux<\/strong><\/p>\n<\/li>\n<li data-start=\"846\" data-end=\"880\">\n<p data-start=\"848\" data-end=\"880\"><strong data-start=\"848\" data-end=\"864\">15,000 lumens<\/strong> per extra light<\/p>\n<\/li>\n<li data-start=\"881\" data-end=\"935\">\n<p data-start=\"883\" data-end=\"935\">Optimized light pattern for long range and good width<\/p>\n<\/li>\n<li data-start=\"936\" data-end=\"993\">\n<p data-start=\"938\" data-end=\"993\">Yellow light for increased contrast in difficult weather conditions<\/p>\n<\/li>\n<li data-start=\"994\" data-end=\"1033\">\n<p data-start=\"996\" data-end=\"1033\">Position lights in <strong data-start=\"1012\" data-end=\"1033\">white or orange<\/strong><\/p>\n<\/li>\n<\/ul>\n<h3 data-start=\"1035\" data-end=\"1060\">Light that makes a difference<\/h3>\n<p data-start=\"1061\" data-end=\"1313\">The yellow light is designed to reduce glare and improve contrast when the weather deteriorates. Together with a color temperature of <strong data-start=\"1199\" data-end=\"1209\">5500K<\/strong> The auxiliary light provides an effective and at the same time pleasant light that works great during long driving sessions.<\/p>\n<h3 data-start=\"1315\" data-end=\"1340\">Design that stands out<\/h3>\n<p data-start=\"1341\" data-end=\"1525\">The dark front in <strong data-start=\"1361\" data-end=\"1381\">Dark Look design<\/strong> gives an exclusive and aggressive look. With selectable position light in white or orange you can easily adapt the expression to your vehicle and style.<\/p>\n<h3 data-start=\"1527\" data-end=\"1556\">Built for Nordic climate<\/h3>\n<p data-start=\"1557\" data-end=\"1809\">The W9 RAD4 Yellow is designed for tough use. A reinforced chassis, durable finish and improved cooling ensure long life and stable performance in cold, rain and snow. <strong data-start=\"1747\" data-end=\"1773\">Integrated DT4 connector<\/strong> makes installation quick and safe.<\/p>\n<p data-start=\"1811\" data-end=\"1931\"><strong data-start=\"1811\" data-end=\"1929\">W-Light XTREME W9 RAD4 Yellow \u2013 when you want to see further, clearer and drive with full confidence regardless of the weather.<\/strong><\/p>","protected":false},"excerpt":{"rendered":"<p><strong data-start=\"17\" data-end=\"80\"><span class=\"hover:entity-accent entity-underline inline cursor-pointer align-baseline\"><span class=\"whitespace-normal\">W-Light<\/span><\/span> XTREME W9 RAD4 Yellow<\/strong> is a powerful LED auxiliary light with extreme range and yellow light for better contrast in fog, snow and rain. With up to <strong data-start=\"203\" data-end=\"219\" data-is-only-node=\"\">15,000 lumens<\/strong>, optimized lighting and <strong data-start=\"244\" data-end=\"289\">selectable position light in white or orange<\/strong> you get both high performance and a distinctive look. Robust construction and <strong data-start=\"367\" data-end=\"382\">DT4 connector<\/strong> making it a reliable choice for demanding driving in Nordic climates.<\/p>","protected":false},"featured_media":25809,"comment_status":"open","ping_status":"closed","template":"","meta":{"_acf_changed":false,"_smort_price_nok":"13774","_smort_price_dkk":"","_smort_price_eur":"","_smort_sale_price_nok":"","_smort_sale_price_dkk":"","_smort_sale_price_eur":"","smort_restorder":"","shipmondo_restorder":"","_kad_blocks_custom_css":"","_kad_blocks_head_custom_js":"","_kad_blocks_body_custom_js":"","_kad_blocks_footer_custom_js":"","smort_custom_pricelist_1":"8252.8","smort_custom_pricelist_2":"7221.2","smort_custom_pricelist_3":"6705.4","smort_custom_pricelist_4":"10316","smort_custom_pricelist_5":"7221.2"},"anvandningsomrade":[],"bilmarken":[],"product_brand":[114,115,117],"product_cat":[1859],"product_tag":[],"class_list":{"0":"post-25827","1":"product","2":"type-product","3":"status-publish","4":"has-post-thumbnail","6":"product_brand-w-light","7":"product_brand-xbb","8":"product_brand-xenonkungen","9":"product_cat-extraljuspaket","11":"first","12":"outofstock","13":"virtual","14":"taxable","15":"purchasable","16":"product-type-bundle"},"bundled_by":[],"bundle_stock_status":"outofstock","bundle_stock_quantity":0,"bundle_virtual":false,"bundle_layout":"default","bundle_add_to_cart_form_location":"default","bundle_editable_in_cart":false,"bundle_sold_individually_context":"product","bundle_item_grouping":"parent","bundle_min_size":"","bundle_max_size":"","bundle_price":{"price":{"min":{"incl_tax":"1172.16","excl_tax":"937.73296228"},"max":{"incl_tax":"1172.16","excl_tax":"937.73296228"}},"regular_price":{"min":{"incl_tax":"1172.16","excl_tax":"937.73296228"},"max":{"incl_tax":"1172.16","excl_tax":"937.73296228"}}},"bundled_items":[{"bundled_item_id":581,"product_id":2718,"menu_order":0,"quantity_min":1,"quantity_max":1,"quantity_default":1,"priced_individually":false,"shipped_individually":false,"override_title":false,"title":"Extra light bracket for 4 x 225mm|9\"","override_description":false,"description":"","optional":false,"hide_thumbnail":false,"discount":"","override_variations":false,"allowed_variations":[],"override_default_variation_attributes":false,"default_variation_attributes":[],"single_product_visibility":"visible","cart_visibility":"visible","order_visibility":"visible","single_product_price_visibility":"visible","cart_price_visibility":"visible","order_price_visibility":"visible","stock_status":"in_stock"},{"bundled_item_id":582,"product_id":1056,"menu_order":1,"quantity_min":1,"quantity_max":1,"quantity_default":1,"priced_individually":false,"shipped_individually":false,"override_title":false,"title":"Luxtar Relay cable set DT-4 X4 12V 80A Relay","override_description":false,"description":"","optional":false,"hide_thumbnail":false,"discount":"","override_variations":false,"allowed_variations":[],"override_default_variation_attributes":false,"default_variation_attributes":[],"single_product_visibility":"visible","cart_visibility":"visible","order_visibility":"visible","single_product_price_visibility":"visible","cart_price_visibility":"visible","order_price_visibility":"visible","stock_status":"in_stock"},{"bundled_item_id":579,"product_id":1538,"menu_order":2,"quantity_min":1,"quantity_max":1,"quantity_default":1,"priced_individually":false,"shipped_individually":false,"override_title":false,"title":"XBB OBD-II Dongle + PowerUnit","override_description":false,"description":"","optional":false,"hide_thumbnail":false,"discount":"","override_variations":false,"allowed_variations":[],"override_default_variation_attributes":false,"default_variation_attributes":[],"single_product_visibility":"visible","cart_visibility":"visible","order_visibility":"visible","single_product_price_visibility":"visible","cart_price_visibility":"visible","order_price_visibility":"visible","stock_status":"on_backorder"},{"bundled_item_id":580,"product_id":2605,"menu_order":3,"quantity_min":1,"quantity_max":1,"quantity_default":1,"priced_individually":false,"shipped_individually":false,"override_title":false,"title":"Cable set for XBB Power Unit - DT","override_description":false,"description":"","optional":false,"hide_thumbnail":false,"discount":"","override_variations":false,"allowed_variations":[],"override_default_variation_attributes":false,"default_variation_attributes":[],"single_product_visibility":"visible","cart_visibility":"visible","order_visibility":"visible","single_product_price_visibility":"visible","cart_price_visibility":"visible","order_price_visibility":"visible","stock_status":"on_backorder"}],"bundle_sell_ids":[],"acf":[],"yoast_head":"<!-- This site is optimized with the Yoast SEO plugin v27.0 - https:\/\/yoast.com\/product\/yoast-seo-wordpress\/ -->\n<title>W-Light XTREME W9 RAD4 | Yellow - Xenonkungen<\/title>\n<meta name=\"robots\" content=\"index, follow, max-snippet:-1, max-image-preview:large, max-video-preview:-1\" \/>\n<link rel=\"canonical\" href=\"https:\/\/xenonkungen.com\/en\/product\/w-light-xtreme-w9-rad4-yellow\/\" \/>\n<meta property=\"og:locale\" content=\"en_GB\" \/>\n<meta property=\"og:type\" content=\"article\" \/>\n<meta property=\"og:title\" content=\"W-Light XTREME W9 RAD4 | Yellow - Xenonkungen\" \/>\n<meta property=\"og:description\" content=\"W-Light XTREME W9 RAD4 Yellow \u00e4r ett kraftfullt LED-extraljus med extrem r\u00e4ckvidd och gult ljus f\u00f6r b\u00e4ttre kontrast i dimma, sn\u00f6 och regn. Med upp till 15 000 lumen, optimerad ljusbild och valbart positionsljus i vitt eller orange f\u00e5r du b\u00e5de h\u00f6g prestanda och ett distinkt utseende. Robust konstruktion och DT4-kontakt g\u00f6r det till ett p\u00e5litligt val f\u00f6r kr\u00e4vande k\u00f6rning i nordiskt klimat.\" \/>\n<meta property=\"og:url\" content=\"https:\/\/xenonkungen.com\/en\/product\/w-light-xtreme-w9-rad4-yellow\/\" \/>\n<meta property=\"og:site_name\" content=\"Xenonkungen\" \/>\n<meta property=\"article:modified_time\" content=\"2026-05-04T16:44:29+00:00\" \/>\n<meta property=\"og:image\" content=\"https:\/\/xenonkungen.com\/wp-content\/uploads\/2026\/02\/RAD4-5stx9tum-W-Light-W9-Phoenix-Paket-Yellow-PNNG-1024x719.png\" \/>\n\t<meta property=\"og:image:width\" content=\"1024\" \/>\n\t<meta property=\"og:image:height\" content=\"719\" \/>\n\t<meta property=\"og:image:type\" content=\"image\/png\" \/>\n<meta name=\"twitter:card\" content=\"summary_large_image\" \/>\n<meta name=\"twitter:label1\" content=\"Estimated reading time\" \/>\n\t<meta name=\"twitter:data1\" content=\"2 minutes\" \/>\n<script type=\"application\/ld+json\" class=\"yoast-schema-graph\">{\"@context\":\"https:\/\/schema.org\",\"@graph\":[{\"@type\":\"WebPage\",\"@id\":\"https:\/\/xenonkungen.com\/produkt\/w-light-xtreme-w9-rad4-yellow\/\",\"url\":\"https:\/\/xenonkungen.com\/produkt\/w-light-xtreme-w9-rad4-yellow\/\",\"name\":\"W-Light XTREME W9 RAD4 | Yellow - Xenonkungen\",\"isPartOf\":{\"@id\":\"https:\/\/xenonkungen.com\/#website\"},\"primaryImageOfPage\":{\"@id\":\"https:\/\/xenonkungen.com\/produkt\/w-light-xtreme-w9-rad4-yellow\/#primaryimage\"},\"image\":{\"@id\":\"https:\/\/xenonkungen.com\/produkt\/w-light-xtreme-w9-rad4-yellow\/#primaryimage\"},\"thumbnailUrl\":\"https:\/\/xenonkungen.com\/wp-content\/uploads\/2026\/02\/RAD4-5stx9tum-W-Light-W9-Phoenix-Paket-Yellow-PNNG.png\",\"datePublished\":\"2026-02-02T14:54:38+00:00\",\"dateModified\":\"2026-05-04T16:44:29+00:00\",\"breadcrumb\":{\"@id\":\"https:\/\/xenonkungen.com\/produkt\/w-light-xtreme-w9-rad4-yellow\/#breadcrumb\"},\"inLanguage\":\"en-GB\",\"potentialAction\":[{\"@type\":\"ReadAction\",\"target\":[\"https:\/\/xenonkungen.com\/produkt\/w-light-xtreme-w9-rad4-yellow\/\"]}]},{\"@type\":\"ImageObject\",\"inLanguage\":\"en-GB\",\"@id\":\"https:\/\/xenonkungen.com\/produkt\/w-light-xtreme-w9-rad4-yellow\/#primaryimage\",\"url\":\"https:\/\/xenonkungen.com\/wp-content\/uploads\/2026\/02\/RAD4-5stx9tum-W-Light-W9-Phoenix-Paket-Yellow-PNNG.png\",\"contentUrl\":\"https:\/\/xenonkungen.com\/wp-content\/uploads\/2026\/02\/RAD4-5stx9tum-W-Light-W9-Phoenix-Paket-Yellow-PNNG.png\",\"width\":2450,\"height\":1720},{\"@type\":\"BreadcrumbList\",\"@id\":\"https:\/\/xenonkungen.com\/produkt\/w-light-xtreme-w9-rad4-yellow\/#breadcrumb\",\"itemListElement\":[{\"@type\":\"ListItem\",\"position\":1,\"name\":\"Hem\",\"item\":\"https:\/\/xenonkungen.com\/\"},{\"@type\":\"ListItem\",\"position\":2,\"name\":\"Shop\",\"item\":\"https:\/\/xenonkungen.com\/shop\/\"},{\"@type\":\"ListItem\",\"position\":3,\"name\":\"W-Light XTREME W9 RAD4 | Yellow\"}]},{\"@type\":\"WebSite\",\"@id\":\"https:\/\/xenonkungen.com\/#website\",\"url\":\"https:\/\/xenonkungen.com\/\",\"name\":\"Xenonkungen\",\"description\":\"\",\"potentialAction\":[{\"@type\":\"SearchAction\",\"target\":{\"@type\":\"EntryPoint\",\"urlTemplate\":\"https:\/\/xenonkungen.com\/?s={search_term_string}\"},\"query-input\":{\"@type\":\"PropertyValueSpecification\",\"valueRequired\":true,\"valueName\":\"search_term_string\"}}],\"inLanguage\":\"en-GB\"}]}<\/script>\n<!-- \/ Yoast SEO plugin. -->","yoast_head_json":{"title":"W-Light XTREME W9 RAD4 | Yellow - The Xenon King","robots":{"index":"index","follow":"follow","max-snippet":"max-snippet:-1","max-image-preview":"max-image-preview:large","max-video-preview":"max-video-preview:-1"},"canonical":"https:\/\/xenonkungen.com\/en\/product\/w-light-xtreme-w9-rad4-yellow\/","og_locale":"en_GB","og_type":"article","og_title":"W-Light XTREME W9 RAD4 | Yellow - Xenonkungen","og_description":"W-Light XTREME W9 RAD4 Yellow \u00e4r ett kraftfullt LED-extraljus med extrem r\u00e4ckvidd och gult ljus f\u00f6r b\u00e4ttre kontrast i dimma, sn\u00f6 och regn. Med upp till 15 000 lumen, optimerad ljusbild och valbart positionsljus i vitt eller orange f\u00e5r du b\u00e5de h\u00f6g prestanda och ett distinkt utseende. Robust konstruktion och DT4-kontakt g\u00f6r det till ett p\u00e5litligt val f\u00f6r kr\u00e4vande k\u00f6rning i nordiskt klimat.","og_url":"https:\/\/xenonkungen.com\/en\/product\/w-light-xtreme-w9-rad4-yellow\/","og_site_name":"Xenonkungen","article_modified_time":"2026-05-04T16:44:29+00:00","og_image":[{"width":1024,"height":719,"url":"https:\/\/xenonkungen.com\/wp-content\/uploads\/2026\/02\/RAD4-5stx9tum-W-Light-W9-Phoenix-Paket-Yellow-PNNG-1024x719.png","type":"image\/png"}],"twitter_card":"summary_large_image","twitter_misc":{"Estimated reading time":"2 minutes"},"schema":{"@context":"https:\/\/schema.org","@graph":[{"@type":"WebPage","@id":"https:\/\/xenonkungen.com\/produkt\/w-light-xtreme-w9-rad4-yellow\/","url":"https:\/\/xenonkungen.com\/produkt\/w-light-xtreme-w9-rad4-yellow\/","name":"W-Light XTREME W9 RAD4 | Yellow - The Xenon King","isPartOf":{"@id":"https:\/\/xenonkungen.com\/#website"},"primaryImageOfPage":{"@id":"https:\/\/xenonkungen.com\/produkt\/w-light-xtreme-w9-rad4-yellow\/#primaryimage"},"image":{"@id":"https:\/\/xenonkungen.com\/produkt\/w-light-xtreme-w9-rad4-yellow\/#primaryimage"},"thumbnailUrl":"https:\/\/xenonkungen.com\/wp-content\/uploads\/2026\/02\/RAD4-5stx9tum-W-Light-W9-Phoenix-Paket-Yellow-PNNG.png","datePublished":"2026-02-02T14:54:38+00:00","dateModified":"2026-05-04T16:44:29+00:00","breadcrumb":{"@id":"https:\/\/xenonkungen.com\/produkt\/w-light-xtreme-w9-rad4-yellow\/#breadcrumb"},"inLanguage":"en-GB","potentialAction":[{"@type":"ReadAction","target":["https:\/\/xenonkungen.com\/produkt\/w-light-xtreme-w9-rad4-yellow\/"]}]},{"@type":"ImageObject","inLanguage":"en-GB","@id":"https:\/\/xenonkungen.com\/produkt\/w-light-xtreme-w9-rad4-yellow\/#primaryimage","url":"https:\/\/xenonkungen.com\/wp-content\/uploads\/2026\/02\/RAD4-5stx9tum-W-Light-W9-Phoenix-Paket-Yellow-PNNG.png","contentUrl":"https:\/\/xenonkungen.com\/wp-content\/uploads\/2026\/02\/RAD4-5stx9tum-W-Light-W9-Phoenix-Paket-Yellow-PNNG.png","width":2450,"height":1720},{"@type":"BreadcrumbList","@id":"https:\/\/xenonkungen.com\/produkt\/w-light-xtreme-w9-rad4-yellow\/#breadcrumb","itemListElement":[{"@type":"ListItem","position":1,"name":"Hem","item":"https:\/\/xenonkungen.com\/"},{"@type":"ListItem","position":2,"name":"Shop","item":"https:\/\/xenonkungen.com\/shop\/"},{"@type":"ListItem","position":3,"name":"W-Light XTREME W9 RAD4 | Yellow"}]},{"@type":"WebSite","@id":"https:\/\/xenonkungen.com\/#website","url":"https:\/\/xenonkungen.com\/","name":"Xenonkungen","description":"","potentialAction":[{"@type":"SearchAction","target":{"@type":"EntryPoint","urlTemplate":"https:\/\/xenonkungen.com\/?s={search_term_string}"},"query-input":{"@type":"PropertyValueSpecification","valueRequired":true,"valueName":"search_term_string"}}],"inLanguage":"en-GB"}]}},"taxonomy_info":{"product_brand":[{"value":114,"label":"W-Light"},{"value":115,"label":"XBB"},{"value":117,"label":"Xenonkungen"}],"product_cat":[{"value":1859,"label":"Extraljuspaket"}]},"featured_image_src_large":["https:\/\/xenonkungen.com\/wp-content\/uploads\/2026\/02\/RAD4-5stx9tum-W-Light-W9-Phoenix-Paket-Yellow-PNNG-1024x719.png",1024,719,true],"author_info":[],"comment_info":0,"_links":{"self":[{"href":"https:\/\/xenonkungen.com\/en\/wp-json\/wp\/v2\/product\/25827","targetHints":{"allow":["GET"]}}],"collection":[{"href":"https:\/\/xenonkungen.com\/en\/wp-json\/wp\/v2\/product"}],"about":[{"href":"https:\/\/xenonkungen.com\/en\/wp-json\/wp\/v2\/types\/product"}],"replies":[{"embeddable":true,"href":"https:\/\/xenonkungen.com\/en\/wp-json\/wp\/v2\/comments?post=25827"}],"wp:featuredmedia":[{"embeddable":true,"href":"https:\/\/xenonkungen.com\/en\/wp-json\/wp\/v2\/media\/25809"}],"wp:attachment":[{"href":"https:\/\/xenonkungen.com\/en\/wp-json\/wp\/v2\/media?parent=25827"}],"wp:term":[{"taxonomy":"anvandningsomrade","embeddable":true,"href":"https:\/\/xenonkungen.com\/en\/wp-json\/wp\/v2\/anvandningsomrade?post=25827"},{"taxonomy":"bilmarken","embeddable":true,"href":"https:\/\/xenonkungen.com\/en\/wp-json\/wp\/v2\/bilmarken?post=25827"},{"taxonomy":"product_brand","embeddable":true,"href":"https:\/\/xenonkungen.com\/en\/wp-json\/wp\/v2\/product_brand?post=25827"},{"taxonomy":"product_cat","embeddable":true,"href":"https:\/\/xenonkungen.com\/en\/wp-json\/wp\/v2\/product_cat?post=25827"},{"taxonomy":"product_tag","embeddable":true,"href":"https:\/\/xenonkungen.com\/en\/wp-json\/wp\/v2\/product_tag?post=25827"}],"curies":[{"name":"wp","href":"https:\/\/api.w.org\/{rel}","templated":true}]}}