{"id":2607,"date":"2025-04-15T08:39:48","date_gmt":"2025-04-15T08:39:48","guid":{"rendered":"https:\/\/xenonkungen.com\/product\/obd-ii-y-kablage\/"},"modified":"2026-05-13T16:11:59","modified_gmt":"2026-05-13T15:11:59","slug":"obd-ii-y-wiring-harness","status":"publish","type":"product","link":"https:\/\/xenonkungen.com\/en\/product\/obd-ii-y-wiring-harness\/","title":{"rendered":"OBD-II Y-cabling"},"content":{"rendered":"<h2 data-start=\"456\" data-end=\"502\">Stable OBD connection for multiple XBB devices<\/h2>\n<p data-start=\"504\" data-end=\"764\">The OBD-II Y-cable allows you to split your car&#039;s OBD port into two separate connections. This makes installation easy when two XBB OBDII units need to be used simultaneously, for example when installing multiple auxiliary lights or different control systems in the same vehicle.<\/p>\n<p data-start=\"766\" data-end=\"907\">The cable is built for stable communication and safe power supply in 12V systems and works directly via the car&#039;s standardized OBD-II socket.<\/p>\n<h2 data-start=\"909\" data-end=\"949\">Compact design for easy installation<\/h2>\n<p data-start=\"951\" data-end=\"1212\">With a compact wiring harness and approximately 20 cm between the connectors, the cable is easy to install even behind the dashboard where space is often limited. The design allows both units to be connected without straining the original socket or interfering with other diagnostics.<\/p>\n<p data-start=\"1214\" data-end=\"1303\">The installation is completely plug-and-play and requires no modifications to the vehicle&#039;s electrical system.<\/p>\n<table>\n<thead data-start=\"1336\" data-end=\"1364\">\n<tr data-start=\"1336\" data-end=\"1364\">\n<th class=\"\" data-start=\"1336\" data-end=\"1347\" data-col-size=\"sm\">Property<\/th>\n<th class=\"\" data-start=\"1347\" data-end=\"1364\" data-col-size=\"sm\">Specification<\/th>\n<\/tr>\n<\/thead>\n<\/table>\n<div>\n<table>\n<tbody>\n<tr data-start=\"1375\" data-end=\"1427\">\n<td data-start=\"1375\" data-end=\"1388\" data-col-size=\"sm\">Product type<\/td>\n<td data-col-size=\"sm\" data-start=\"1388\" data-end=\"1427\">OBD-II Y-harness \/ branch cable<\/td>\n<\/tr>\n<\/tbody>\n<\/table>\n<\/div>\n<div>\n<table>\n<tbody>\n<tr data-start=\"1428\" data-end=\"1474\">\n<td data-start=\"1428\" data-end=\"1441\" data-col-size=\"sm\">Use<\/td>\n<td data-col-size=\"sm\" data-start=\"1441\" data-end=\"1474\">Connecting two XBB OBDII devices<\/td>\n<\/tr>\n<\/tbody>\n<\/table>\n<\/div>\n<div>\n<table>\n<tbody>\n<tr data-start=\"1475\" data-end=\"1493\">\n<td data-start=\"1475\" data-end=\"1486\" data-col-size=\"sm\">Tension<\/td>\n<td data-col-size=\"sm\" data-start=\"1486\" data-end=\"1493\">12V<\/td>\n<\/tr>\n<\/tbody>\n<\/table>\n<\/div>\n<div>\n<table>\n<tbody>\n<tr data-start=\"1494\" data-end=\"1536\">\n<td data-start=\"1494\" data-end=\"1524\" data-col-size=\"sm\">Cable length between connectors<\/td>\n<td data-col-size=\"sm\" data-start=\"1524\" data-end=\"1536\">about 20 cm<\/td>\n<\/tr>\n<\/tbody>\n<\/table>\n<\/div>\n<div>\n<table>\n<tbody>\n<tr data-start=\"1537\" data-end=\"1585\">\n<td data-start=\"1537\" data-end=\"1550\" data-col-size=\"sm\">Connection<\/td>\n<td data-col-size=\"sm\" data-start=\"1550\" data-end=\"1585\">1x OBD-II male \u2192 2x OBD-II female<\/td>\n<\/tr>\n<\/tbody>\n<\/table>\n<\/div>\n<div>\n<table>\n<tbody>\n<tr data-start=\"1586\" data-end=\"1618\">\n<td data-start=\"1586\" data-end=\"1601\" data-col-size=\"sm\">Installation<\/td>\n<td data-col-size=\"sm\" data-start=\"1601\" data-end=\"1618\">Plug and play<\/td>\n<\/tr>\n<\/tbody>\n<\/table>\n<\/div>\n<div>\n<table>\n<tbody>\n<tr data-start=\"1619\" data-end=\"1672\">\n<td data-start=\"1619\" data-end=\"1636\" data-col-size=\"sm\">Compatibility<\/td>\n<td data-col-size=\"sm\" data-start=\"1636\" data-end=\"1672\">Vehicles with standard OBD-II socket<\/td>\n<\/tr>\n<\/tbody>\n<\/table>\n<\/div>","protected":false},"excerpt":{"rendered":"<p>Convenient OBD-II branch wiring harness that allows you to connect two XBB OBDII units simultaneously. Perfect when you want to control multiple extra lights or functions via the car&#039;s OBD port without having to disconnect existing equipment.<\/p>","protected":false},"featured_media":2608,"comment_status":"closed","ping_status":"closed","template":"","meta":{"_acf_changed":false,"_smort_price_nok":"240","_smort_price_dkk":"153","_smort_price_eur":"20.45","_smort_sale_price_nok":"","_smort_sale_price_dkk":"","_smort_sale_price_eur":"","smort_restorder":"","shipmondo_restorder":"","_kad_blocks_custom_css":"","_kad_blocks_head_custom_js":"","_kad_blocks_body_custom_js":"","_kad_blocks_footer_custom_js":"","smort_custom_pricelist_1":"144","smort_custom_pricelist_2":"126","smort_custom_pricelist_3":"117","smort_custom_pricelist_4":"180","smort_custom_pricelist_5":"126"},"anvandningsomrade":[],"bilmarken":[],"product_brand":[115],"product_cat":[2487,2841,2828,2574,477,390],"product_tag":[],"class_list":{"0":"post-2607","1":"product","2":"type-product","3":"status-publish","4":"has-post-thumbnail","6":"product_brand-xbb","7":"product_cat-canbus-installation","8":"product_cat-installation-extraljus","9":"product_cat-installation-led-ramper","10":"product_cat-relasats-xbb-installation","11":"product_cat-canbus-emc","12":"product_cat-installation","13":"pa_storlek-mm-839","14":"pa_volt-v-159","16":"first","17":"instock","18":"taxable","19":"shipping-taxable","20":"purchasable","21":"product-type-simple"},"bundled_by":[],"bundle_stock_status":"instock","bundle_stock_quantity":27,"bundle_virtual":false,"bundle_layout":"","bundle_add_to_cart_form_location":"","bundle_editable_in_cart":false,"bundle_sold_individually_context":"","bundle_item_grouping":"","bundle_min_size":"","bundle_max_size":"","bundle_price":[],"bundled_items":[],"bundle_sell_ids":[],"acf":[],"yoast_head":"<!-- This site is optimized with the Yoast SEO plugin v27.0 - https:\/\/yoast.com\/product\/yoast-seo-wordpress\/ -->\n<title>OBD-II Y-kablage - Xenonkungen OBD-II Y-kabel 2x OBD-port 12V 20cm, XBB - Xenonkungen<\/title>\n<meta name=\"description\" content=\"K\u00f6p OBD-II Y-kabel 2x OBD-port 12V 20cm, XBB. F\u00f6rgreningskabel f\u00f6r tv\u00e5 XBB OBDII-enheter. Snabb leverans. \u00d6ppet k\u00f6p 30 dagar. Handla enkelt p\u00e5 xenonkungen.com!\" \/>\n<meta name=\"robots\" content=\"index, follow, max-snippet:-1, max-image-preview:large, max-video-preview:-1\" \/>\n<link rel=\"canonical\" href=\"https:\/\/xenonkungen.com\/en\/product\/obd-ii-y-wiring-harness\/\" \/>\n<meta property=\"og:locale\" content=\"en_GB\" \/>\n<meta property=\"og:type\" content=\"article\" \/>\n<meta property=\"og:title\" content=\"OBD-II Y-kablage - Xenonkungen OBD-II Y-kabel 2x OBD-port 12V 20cm, XBB - Xenonkungen\" \/>\n<meta property=\"og:description\" content=\"K\u00f6p OBD-II Y-kabel 2x OBD-port 12V 20cm, XBB. F\u00f6rgreningskabel f\u00f6r tv\u00e5 XBB OBDII-enheter. Snabb leverans. \u00d6ppet k\u00f6p 30 dagar. Handla enkelt p\u00e5 xenonkungen.com!\" \/>\n<meta property=\"og:url\" content=\"https:\/\/xenonkungen.com\/en\/product\/obd-ii-y-wiring-harness\/\" \/>\n<meta property=\"og:site_name\" content=\"Xenonkungen\" \/>\n<meta property=\"article:modified_time\" content=\"2026-05-13T15:11:59+00:00\" \/>\n<meta property=\"og:image\" content=\"https:\/\/xenonkungen.com\/wp-content\/uploads\/2025\/04\/180033183-origpic-c1bf73.png\" \/>\n\t<meta property=\"og:image:width\" content=\"1000\" \/>\n\t<meta property=\"og:image:height\" content=\"1000\" \/>\n\t<meta property=\"og:image:type\" content=\"image\/png\" \/>\n<meta name=\"twitter:card\" content=\"summary_large_image\" \/>\n<meta name=\"twitter:label1\" content=\"Estimated reading time\" \/>\n\t<meta name=\"twitter:data1\" content=\"1 minute\" \/>\n<script type=\"application\/ld+json\" class=\"yoast-schema-graph\">{\"@context\":\"https:\/\/schema.org\",\"@graph\":[{\"@type\":\"WebPage\",\"@id\":\"https:\/\/xenonkungen.com\/produkt\/obd-ii-y-kablage\/\",\"url\":\"https:\/\/xenonkungen.com\/produkt\/obd-ii-y-kablage\/\",\"name\":\"OBD-II Y-kablage - Xenonkungen OBD-II Y-kabel 2x OBD-port 12V 20cm, XBB - Xenonkungen\",\"isPartOf\":{\"@id\":\"https:\/\/xenonkungen.com\/#website\"},\"primaryImageOfPage\":{\"@id\":\"https:\/\/xenonkungen.com\/produkt\/obd-ii-y-kablage\/#primaryimage\"},\"image\":{\"@id\":\"https:\/\/xenonkungen.com\/produkt\/obd-ii-y-kablage\/#primaryimage\"},\"thumbnailUrl\":\"https:\/\/xenonkungen.com\/wp-content\/uploads\/2025\/04\/180033183-origpic-c1bf73.png\",\"datePublished\":\"2025-04-15T08:39:48+00:00\",\"dateModified\":\"2026-05-13T15:11:59+00:00\",\"description\":\"K\u00f6p OBD-II Y-kabel 2x OBD-port 12V 20cm, XBB. F\u00f6rgreningskabel f\u00f6r tv\u00e5 XBB OBDII-enheter. Snabb leverans. \u00d6ppet k\u00f6p 30 dagar. Handla enkelt p\u00e5 xenonkungen.com!\",\"breadcrumb\":{\"@id\":\"https:\/\/xenonkungen.com\/produkt\/obd-ii-y-kablage\/#breadcrumb\"},\"inLanguage\":\"en-GB\",\"potentialAction\":[{\"@type\":\"ReadAction\",\"target\":[\"https:\/\/xenonkungen.com\/produkt\/obd-ii-y-kablage\/\"]}]},{\"@type\":\"ImageObject\",\"inLanguage\":\"en-GB\",\"@id\":\"https:\/\/xenonkungen.com\/produkt\/obd-ii-y-kablage\/#primaryimage\",\"url\":\"https:\/\/xenonkungen.com\/wp-content\/uploads\/2025\/04\/180033183-origpic-c1bf73.png\",\"contentUrl\":\"https:\/\/xenonkungen.com\/wp-content\/uploads\/2025\/04\/180033183-origpic-c1bf73.png\",\"width\":1000,\"height\":1000},{\"@type\":\"BreadcrumbList\",\"@id\":\"https:\/\/xenonkungen.com\/produkt\/obd-ii-y-kablage\/#breadcrumb\",\"itemListElement\":[{\"@type\":\"ListItem\",\"position\":1,\"name\":\"Hem\",\"item\":\"https:\/\/xenonkungen.com\/\"},{\"@type\":\"ListItem\",\"position\":2,\"name\":\"Shop\",\"item\":\"https:\/\/xenonkungen.com\/shop\/\"},{\"@type\":\"ListItem\",\"position\":3,\"name\":\"OBD-II Y-kablage\"}]},{\"@type\":\"WebSite\",\"@id\":\"https:\/\/xenonkungen.com\/#website\",\"url\":\"https:\/\/xenonkungen.com\/\",\"name\":\"Xenonkungen\",\"description\":\"\",\"potentialAction\":[{\"@type\":\"SearchAction\",\"target\":{\"@type\":\"EntryPoint\",\"urlTemplate\":\"https:\/\/xenonkungen.com\/?s={search_term_string}\"},\"query-input\":{\"@type\":\"PropertyValueSpecification\",\"valueRequired\":true,\"valueName\":\"search_term_string\"}}],\"inLanguage\":\"en-GB\"}]}<\/script>\n<!-- \/ Yoast SEO plugin. -->","yoast_head_json":{"title":"OBD-II Y-cable - Xenonkungen OBD-II Y-cable 2x OBD port 12V 20cm, XBB - Xenonkungen","description":"Buy OBD-II Y-cable 2x OBD port 12V 20cm, XBB. Branch cable for two XBB OBDII units. Fast delivery. Open purchase 30 days. Shop easily at xenonkungen.com!","robots":{"index":"index","follow":"follow","max-snippet":"max-snippet:-1","max-image-preview":"max-image-preview:large","max-video-preview":"max-video-preview:-1"},"canonical":"https:\/\/xenonkungen.com\/en\/product\/obd-ii-y-wiring-harness\/","og_locale":"en_GB","og_type":"article","og_title":"OBD-II Y-kablage - Xenonkungen OBD-II Y-kabel 2x OBD-port 12V 20cm, XBB - Xenonkungen","og_description":"K\u00f6p OBD-II Y-kabel 2x OBD-port 12V 20cm, XBB. F\u00f6rgreningskabel f\u00f6r tv\u00e5 XBB OBDII-enheter. Snabb leverans. \u00d6ppet k\u00f6p 30 dagar. Handla enkelt p\u00e5 xenonkungen.com!","og_url":"https:\/\/xenonkungen.com\/en\/product\/obd-ii-y-wiring-harness\/","og_site_name":"Xenonkungen","article_modified_time":"2026-05-13T15:11:59+00:00","og_image":[{"width":1000,"height":1000,"url":"https:\/\/xenonkungen.com\/wp-content\/uploads\/2025\/04\/180033183-origpic-c1bf73.png","type":"image\/png"}],"twitter_card":"summary_large_image","twitter_misc":{"Estimated reading time":"1 minute"},"schema":{"@context":"https:\/\/schema.org","@graph":[{"@type":"WebPage","@id":"https:\/\/xenonkungen.com\/produkt\/obd-ii-y-kablage\/","url":"https:\/\/xenonkungen.com\/produkt\/obd-ii-y-kablage\/","name":"OBD-II Y-cable - Xenonkungen OBD-II Y-cable 2x OBD port 12V 20cm, XBB - Xenonkungen","isPartOf":{"@id":"https:\/\/xenonkungen.com\/#website"},"primaryImageOfPage":{"@id":"https:\/\/xenonkungen.com\/produkt\/obd-ii-y-kablage\/#primaryimage"},"image":{"@id":"https:\/\/xenonkungen.com\/produkt\/obd-ii-y-kablage\/#primaryimage"},"thumbnailUrl":"https:\/\/xenonkungen.com\/wp-content\/uploads\/2025\/04\/180033183-origpic-c1bf73.png","datePublished":"2025-04-15T08:39:48+00:00","dateModified":"2026-05-13T15:11:59+00:00","description":"Buy OBD-II Y-cable 2x OBD port 12V 20cm, XBB. Branch cable for two XBB OBDII units. Fast delivery. Open purchase 30 days. Shop easily at xenonkungen.com!","breadcrumb":{"@id":"https:\/\/xenonkungen.com\/produkt\/obd-ii-y-kablage\/#breadcrumb"},"inLanguage":"en-GB","potentialAction":[{"@type":"ReadAction","target":["https:\/\/xenonkungen.com\/produkt\/obd-ii-y-kablage\/"]}]},{"@type":"ImageObject","inLanguage":"en-GB","@id":"https:\/\/xenonkungen.com\/produkt\/obd-ii-y-kablage\/#primaryimage","url":"https:\/\/xenonkungen.com\/wp-content\/uploads\/2025\/04\/180033183-origpic-c1bf73.png","contentUrl":"https:\/\/xenonkungen.com\/wp-content\/uploads\/2025\/04\/180033183-origpic-c1bf73.png","width":1000,"height":1000},{"@type":"BreadcrumbList","@id":"https:\/\/xenonkungen.com\/produkt\/obd-ii-y-kablage\/#breadcrumb","itemListElement":[{"@type":"ListItem","position":1,"name":"Hem","item":"https:\/\/xenonkungen.com\/"},{"@type":"ListItem","position":2,"name":"Shop","item":"https:\/\/xenonkungen.com\/shop\/"},{"@type":"ListItem","position":3,"name":"OBD-II Y-kablage"}]},{"@type":"WebSite","@id":"https:\/\/xenonkungen.com\/#website","url":"https:\/\/xenonkungen.com\/","name":"Xenonkungen","description":"","potentialAction":[{"@type":"SearchAction","target":{"@type":"EntryPoint","urlTemplate":"https:\/\/xenonkungen.com\/?s={search_term_string}"},"query-input":{"@type":"PropertyValueSpecification","valueRequired":true,"valueName":"search_term_string"}}],"inLanguage":"en-GB"}]}},"taxonomy_info":{"product_brand":[{"value":115,"label":"XBB"}],"product_cat":[{"value":2487,"label":"Canbus"},{"value":2841,"label":"Installation extraljus"},{"value":2828,"label":"Installation LED-ramper"},{"value":2574,"label":"Rel\u00e4sats"},{"value":477,"label":"Canbus | EMC"},{"value":390,"label":"Installation"}],"pa_storlek-mm":[{"value":839,"label":"200"}],"pa_volt-v":[{"value":159,"label":"12"}]},"featured_image_src_large":["https:\/\/xenonkungen.com\/wp-content\/uploads\/2025\/04\/180033183-origpic-c1bf73.png",1000,1000,false],"author_info":[],"comment_info":0,"_links":{"self":[{"href":"https:\/\/xenonkungen.com\/en\/wp-json\/wp\/v2\/product\/2607","targetHints":{"allow":["GET"]}}],"collection":[{"href":"https:\/\/xenonkungen.com\/en\/wp-json\/wp\/v2\/product"}],"about":[{"href":"https:\/\/xenonkungen.com\/en\/wp-json\/wp\/v2\/types\/product"}],"replies":[{"embeddable":true,"href":"https:\/\/xenonkungen.com\/en\/wp-json\/wp\/v2\/comments?post=2607"}],"wp:featuredmedia":[{"embeddable":true,"href":"https:\/\/xenonkungen.com\/en\/wp-json\/wp\/v2\/media\/2608"}],"wp:attachment":[{"href":"https:\/\/xenonkungen.com\/en\/wp-json\/wp\/v2\/media?parent=2607"}],"wp:term":[{"taxonomy":"anvandningsomrade","embeddable":true,"href":"https:\/\/xenonkungen.com\/en\/wp-json\/wp\/v2\/anvandningsomrade?post=2607"},{"taxonomy":"bilmarken","embeddable":true,"href":"https:\/\/xenonkungen.com\/en\/wp-json\/wp\/v2\/bilmarken?post=2607"},{"taxonomy":"product_brand","embeddable":true,"href":"https:\/\/xenonkungen.com\/en\/wp-json\/wp\/v2\/product_brand?post=2607"},{"taxonomy":"product_cat","embeddable":true,"href":"https:\/\/xenonkungen.com\/en\/wp-json\/wp\/v2\/product_cat?post=2607"},{"taxonomy":"product_tag","embeddable":true,"href":"https:\/\/xenonkungen.com\/en\/wp-json\/wp\/v2\/product_tag?post=2607"}],"curies":[{"name":"wp","href":"https:\/\/api.w.org\/{rel}","templated":true}]}}