{"id":26250,"date":"2026-02-16T11:57:15","date_gmt":"2026-02-16T10:57:15","guid":{"rendered":"https:\/\/xenonkungen.com\/?post_type=product&#038;p=26250"},"modified":"2026-03-25T09:35:03","modified_gmt":"2026-03-25T08:35:03","slug":"luxtar-relay-cable-set-master-slave-x-4-12v-80a-relay","status":"publish","type":"product","link":"https:\/\/xenonkungen.com\/en\/product\/luxtar-relay-cable-set-master-slave-x-4-12v-80a-relay\/","title":{"rendered":"Luxtar Relay Cable Set Master &amp; Slave X 4 | 12V | 80A Relay"},"content":{"rendered":"<p>Luxtar Relay Cable Kit Master &amp; Slave is an innovative and high-performance relay cable kit developed for modern vehicles with CAN bus.<\/p>\n<p>It is designed for those who want to get the most out of their XBB OBD-II Dongle and XBB PowerUnit. Thanks to an intelligent Master &amp; Slave system with dual relays, you can connect powerful LED bars and auxiliary lights - without having to install another separate relay cable set.<\/p>\n<p><strong>Therefore Master &amp; Slave are needed<\/strong><\/p>\n<p>When the XBB relay is used separately, the limitation is that it can handle auxiliary lights up to 15A.<br \/>\nSince many of today&#039;s LED ramps and auxiliary lights have significantly higher power, this is not enough for more demanding installations.<br \/>\nLuxtar&#039;s Plug &amp; Play solution is therefore equipped with a powerful 80A relay (slave relay) and an additional relay holder for control via the XBB PowerUnit.<\/p>\n<p>It allows installation of:<\/p>\n<ul>\n<li><strong>Item no. 103220<\/strong> \u2013 up to 40A \/ 500W (1 output)<\/li>\n<li><strong>Item no. 103221<\/strong> \u2013 up to 60A \/ 750W (4 outputs)<\/li>\n<\/ul>\n<p>The result is a stable, safe and future-proof installation.<\/p>\n<p><strong>Advantages of the programme<\/strong><\/p>\n<ul>\n<li>Adapted for CAN bus controlled vehicles without analog high beam signal<\/li>\n<li>Works with LED, halogen and xenon<\/li>\n<li>Dimensioned for high power and stable power supply<\/li>\n<li>Professional installation straight out of the box<\/li>\n<li>Saves time and money \u2013 whether you are a hobby installer or a professional<\/li>\n<\/ul>\n<p>The relay cable set is unique on the market and delivers more than enough capacity for even the most powerful auxiliary lights and LED bars.<\/p>\n<p><strong>System function<\/strong><\/p>\n<p>The XBB PowerUnit controls the relay via <strong>output 2 (5A)<\/strong>, which in turn activates the auxiliary light.<br \/>\n<strong>Output 1 (15A)<\/strong> is free and can be used for, for example, position lights or other products with a maximum load of 15A. Cable for output 1 is pre-assembled and included in the kit.<\/p>\n<p><strong>Compatibility &amp; Installation<\/strong><\/p>\n<p>For the installation to work, you need:<\/p>\n<ul>\n<li>XBB OBD-II Dongle<\/li>\n<li>XBB PowerUnit<\/li>\n<\/ul>\n<p>The relay cable set can be purchased separately or as a complete package together with the XBB OBD dongle and PowerUnit. Select the desired option from the product selections.<br \/>\nFits most passenger cars with OBD socket and support for XBB&#039;s vehicle database.<\/p>\n<p><strong>This is included<\/strong><\/p>\n<ul>\n<li>4 X 2 m connection cable<\/li>\n<li>4 selectable Deutsch contacts: <strong>DT-3 | DT-4 | DTP-2 | DTP-4<\/strong><\/li>\n<li>1 pc 80A relay with relay holder (12V)<\/li>\n<li>1 extra relay holder compatible with XBB PowerUnit<\/li>\n<li>1 pc 60A fuse with fuse holder<\/li>\n<li>Black power cable, 0.5 m<\/li>\n<li>Brown power cable, 1 m<\/li>\n<li>Red power cable, 1.1 m<\/li>\n<li>Blue signal cable, 1 m<\/li>\n<li>Assembly materials: 4 x heat shrink tubing, cable ties, ring terminals and splice sleeve with tinned core and self-adhesive heat shrink tubing.<\/li>\n<\/ul>\n<p><strong>Deutsch contacts (optional \u2013 included)<\/strong><\/p>\n<p>4 pcs. DT-3 | DT-4 | DTP-2 | DTP-4<\/p>\n<p>All are high-quality and waterproof Deutsch connectors adapted for the automotive environment.<\/p>\n<ul>\n<li><strong>DT series<\/strong> used for standard power and 2\u20134-pin connections<\/li>\n<li><strong>DTP series<\/strong> is intended for higher current and larger cable dimensions<\/li>\n<\/ul>\n<p>This ensures a robust and professional installation.<\/p>\n<p><strong>Specifications<\/strong><\/p>\n<ul>\n<li>Article number: 103221<\/li>\n<li>Voltage: 12V<\/li>\n<li>Max load: up to 60A 750W (4 x 187 W)<\/li>\n<li>Relay: 80A (included)<\/li>\n<li>Fuse: 60A (included)<\/li>\n<li>Compatible with: XBB PowerUnit<\/li>\n<li>Temperature range: -40\u00b0C to +60\u00b0C<\/li>\n<li>Selectable Deutsch connectors: 4 pcs. DT-3 | DT-4 | DTP-2 | DTP-4<\/li>\n<\/ul>\n<p><strong>ATTENTION!<\/strong> XBB PowerUnit is not included and must be purchased separately.<\/p>\n<p>With the Luxtar Relay Cable Kit Master &amp; Slave you get a professional solution that combines power, safety and easy installation.<br \/>\nThe cable set is dimensioned for high power and is the obvious choice for those who want to install powerful additional lighting on a modern 12V vehicle - without compromise.<\/p>","protected":false},"excerpt":{"rendered":"<p><strong>LUXTAR RELAY CABLE KIT MASTER &amp; SLAVE | 12V | 80A RELAY<\/strong><\/p>\n<p><strong>Plug &amp; Play \u2013 XBB Ready<\/strong><\/p>\n<p><strong>Powerful solution for modern CAN bus controlled vehicles<\/strong><\/p>","protected":false},"featured_media":26918,"comment_status":"open","ping_status":"closed","template":"","meta":{"_acf_changed":false,"_smort_price_nok":"1063","_smort_price_dkk":"","_smort_price_eur":"","_smort_sale_price_nok":"","_smort_sale_price_dkk":"","_smort_sale_price_eur":"","smort_restorder":"","shipmondo_restorder":"","_kad_blocks_custom_css":"","_kad_blocks_head_custom_js":"","_kad_blocks_body_custom_js":"","_kad_blocks_footer_custom_js":"","smort_custom_pricelist_1":"636.8","smort_custom_pricelist_2":"557.2","smort_custom_pricelist_3":"517.4","smort_custom_pricelist_4":"796","smort_custom_pricelist_5":"557.2"},"anvandningsomrade":[],"bilmarken":[],"product_brand":[103],"product_cat":[2795,2821,2796],"product_tag":[],"class_list":{"0":"post-26250","1":"product","2":"type-product","3":"status-publish","4":"has-post-thumbnail","6":"product_brand-luxtar","7":"product_cat-kablar-rela","8":"product_cat-luxtar-relakabelsatser","9":"product_cat-relakabelsatser","10":"pa_lampsockel-kontakt-dt-4","11":"pa_lampsockel-kontakt-dt-3","12":"pa_lampsockel-kontakt-dtp-2","13":"pa_lampsockel-kontakt-dtp-4","14":"pa_volt-v-159","16":"first","17":"instock","18":"taxable","19":"shipping-taxable","20":"purchasable","21":"product-type-simple"},"bundled_by":["27189"],"bundle_stock_status":"instock","bundle_stock_quantity":191,"bundle_virtual":false,"bundle_layout":"","bundle_add_to_cart_form_location":"","bundle_editable_in_cart":false,"bundle_sold_individually_context":"","bundle_item_grouping":"","bundle_min_size":"","bundle_max_size":"","bundle_price":[],"bundled_items":[],"bundle_sell_ids":[],"acf":[],"yoast_head":"<!-- This site is optimized with the Yoast SEO plugin v27.0 - https:\/\/yoast.com\/product\/yoast-seo-wordpress\/ -->\n<title>Luxtar Rel\u00e4kabelsats Master &amp; Slave X 4 | 12V | 80A Rel\u00e4 - Xenonkungen<\/title>\n<meta name=\"robots\" content=\"index, follow, max-snippet:-1, max-image-preview:large, max-video-preview:-1\" \/>\n<link rel=\"canonical\" href=\"https:\/\/xenonkungen.com\/en\/product\/luxtar-relay-cable-set-master-slave-x-4-12v-80a-relay\/\" \/>\n<meta property=\"og:locale\" content=\"en_GB\" \/>\n<meta property=\"og:type\" content=\"article\" \/>\n<meta property=\"og:title\" content=\"Luxtar Rel\u00e4kabelsats Master &amp; Slave X 4 | 12V | 80A Rel\u00e4 - Xenonkungen\" \/>\n<meta property=\"og:description\" content=\"LUXTAR RELAY CABLE KIT MASTER &amp; SLAVE | 12V | 80A RELAY  Plug &amp; Play \u2013 F\u00f6rberedd f\u00f6r XBB  Kraftfull l\u00f6sning f\u00f6r moderna CAN-busstyrda fordon\" \/>\n<meta property=\"og:url\" content=\"https:\/\/xenonkungen.com\/en\/product\/luxtar-relay-cable-set-master-slave-x-4-12v-80a-relay\/\" \/>\n<meta property=\"og:site_name\" content=\"Xenonkungen\" \/>\n<meta property=\"article:modified_time\" content=\"2026-03-25T08:35:03+00:00\" \/>\n<meta property=\"og:image\" content=\"https:\/\/xenonkungen.com\/wp-content\/uploads\/2026\/02\/Relakabelsats-Master-And-Slave-80A-4xArtNr-103224-KZ260536-2000px-PNNG-1024x632.png\" \/>\n\t<meta property=\"og:image:width\" content=\"1024\" \/>\n\t<meta property=\"og:image:height\" content=\"632\" \/>\n\t<meta property=\"og:image:type\" content=\"image\/png\" \/>\n<meta name=\"twitter:card\" content=\"summary_large_image\" \/>\n<meta name=\"twitter:label1\" content=\"Estimated reading time\" \/>\n\t<meta name=\"twitter:data1\" content=\"3 minutes\" \/>\n<script type=\"application\/ld+json\" class=\"yoast-schema-graph\">{\"@context\":\"https:\/\/schema.org\",\"@graph\":[{\"@type\":\"WebPage\",\"@id\":\"https:\/\/xenonkungen.com\/produkt\/luxtar-relakabelsats-master-slave-x-4-12v-80a-rela\/\",\"url\":\"https:\/\/xenonkungen.com\/produkt\/luxtar-relakabelsats-master-slave-x-4-12v-80a-rela\/\",\"name\":\"Luxtar Rel\u00e4kabelsats Master & Slave X 4 | 12V | 80A Rel\u00e4 - Xenonkungen\",\"isPartOf\":{\"@id\":\"https:\/\/xenonkungen.com\/#website\"},\"primaryImageOfPage\":{\"@id\":\"https:\/\/xenonkungen.com\/produkt\/luxtar-relakabelsats-master-slave-x-4-12v-80a-rela\/#primaryimage\"},\"image\":{\"@id\":\"https:\/\/xenonkungen.com\/produkt\/luxtar-relakabelsats-master-slave-x-4-12v-80a-rela\/#primaryimage\"},\"thumbnailUrl\":\"https:\/\/xenonkungen.com\/wp-content\/uploads\/2026\/02\/Relakabelsats-Master-And-Slave-80A-4xArtNr-103224-KZ260536-2000px-PNNG.png\",\"datePublished\":\"2026-02-16T10:57:15+00:00\",\"dateModified\":\"2026-03-25T08:35:03+00:00\",\"breadcrumb\":{\"@id\":\"https:\/\/xenonkungen.com\/produkt\/luxtar-relakabelsats-master-slave-x-4-12v-80a-rela\/#breadcrumb\"},\"inLanguage\":\"en-GB\",\"potentialAction\":[{\"@type\":\"ReadAction\",\"target\":[\"https:\/\/xenonkungen.com\/produkt\/luxtar-relakabelsats-master-slave-x-4-12v-80a-rela\/\"]}]},{\"@type\":\"ImageObject\",\"inLanguage\":\"en-GB\",\"@id\":\"https:\/\/xenonkungen.com\/produkt\/luxtar-relakabelsats-master-slave-x-4-12v-80a-rela\/#primaryimage\",\"url\":\"https:\/\/xenonkungen.com\/wp-content\/uploads\/2026\/02\/Relakabelsats-Master-And-Slave-80A-4xArtNr-103224-KZ260536-2000px-PNNG.png\",\"contentUrl\":\"https:\/\/xenonkungen.com\/wp-content\/uploads\/2026\/02\/Relakabelsats-Master-And-Slave-80A-4xArtNr-103224-KZ260536-2000px-PNNG.png\",\"width\":2000,\"height\":1235},{\"@type\":\"BreadcrumbList\",\"@id\":\"https:\/\/xenonkungen.com\/produkt\/luxtar-relakabelsats-master-slave-x-4-12v-80a-rela\/#breadcrumb\",\"itemListElement\":[{\"@type\":\"ListItem\",\"position\":1,\"name\":\"Hem\",\"item\":\"https:\/\/xenonkungen.com\/\"},{\"@type\":\"ListItem\",\"position\":2,\"name\":\"Shop\",\"item\":\"https:\/\/xenonkungen.com\/shop\/\"},{\"@type\":\"ListItem\",\"position\":3,\"name\":\"Luxtar Rel\u00e4kabelsats Master &#038; Slave X 4 | 12V | 80A Rel\u00e4\"}]},{\"@type\":\"WebSite\",\"@id\":\"https:\/\/xenonkungen.com\/#website\",\"url\":\"https:\/\/xenonkungen.com\/\",\"name\":\"Xenonkungen\",\"description\":\"\",\"potentialAction\":[{\"@type\":\"SearchAction\",\"target\":{\"@type\":\"EntryPoint\",\"urlTemplate\":\"https:\/\/xenonkungen.com\/?s={search_term_string}\"},\"query-input\":{\"@type\":\"PropertyValueSpecification\",\"valueRequired\":true,\"valueName\":\"search_term_string\"}}],\"inLanguage\":\"en-GB\"}]}<\/script>\n<!-- \/ Yoast SEO plugin. -->","yoast_head_json":{"title":"Luxtar Relay Cable Set Master &amp; Slave X 4 | 12V | 80A Relay - Xenonkungen","robots":{"index":"index","follow":"follow","max-snippet":"max-snippet:-1","max-image-preview":"max-image-preview:large","max-video-preview":"max-video-preview:-1"},"canonical":"https:\/\/xenonkungen.com\/en\/product\/luxtar-relay-cable-set-master-slave-x-4-12v-80a-relay\/","og_locale":"en_GB","og_type":"article","og_title":"Luxtar Rel\u00e4kabelsats Master & Slave X 4 | 12V | 80A Rel\u00e4 - Xenonkungen","og_description":"LUXTAR RELAY CABLE KIT MASTER &amp; SLAVE | 12V | 80A RELAY  Plug &amp; Play \u2013 F\u00f6rberedd f\u00f6r XBB  Kraftfull l\u00f6sning f\u00f6r moderna CAN-busstyrda fordon","og_url":"https:\/\/xenonkungen.com\/en\/product\/luxtar-relay-cable-set-master-slave-x-4-12v-80a-relay\/","og_site_name":"Xenonkungen","article_modified_time":"2026-03-25T08:35:03+00:00","og_image":[{"width":1024,"height":632,"url":"https:\/\/xenonkungen.com\/wp-content\/uploads\/2026\/02\/Relakabelsats-Master-And-Slave-80A-4xArtNr-103224-KZ260536-2000px-PNNG-1024x632.png","type":"image\/png"}],"twitter_card":"summary_large_image","twitter_misc":{"Estimated reading time":"3 minutes"},"schema":{"@context":"https:\/\/schema.org","@graph":[{"@type":"WebPage","@id":"https:\/\/xenonkungen.com\/produkt\/luxtar-relakabelsats-master-slave-x-4-12v-80a-rela\/","url":"https:\/\/xenonkungen.com\/produkt\/luxtar-relakabelsats-master-slave-x-4-12v-80a-rela\/","name":"Luxtar Relay Cable Set Master &amp; Slave X 4 | 12V | 80A Relay - Xenonkungen","isPartOf":{"@id":"https:\/\/xenonkungen.com\/#website"},"primaryImageOfPage":{"@id":"https:\/\/xenonkungen.com\/produkt\/luxtar-relakabelsats-master-slave-x-4-12v-80a-rela\/#primaryimage"},"image":{"@id":"https:\/\/xenonkungen.com\/produkt\/luxtar-relakabelsats-master-slave-x-4-12v-80a-rela\/#primaryimage"},"thumbnailUrl":"https:\/\/xenonkungen.com\/wp-content\/uploads\/2026\/02\/Relakabelsats-Master-And-Slave-80A-4xArtNr-103224-KZ260536-2000px-PNNG.png","datePublished":"2026-02-16T10:57:15+00:00","dateModified":"2026-03-25T08:35:03+00:00","breadcrumb":{"@id":"https:\/\/xenonkungen.com\/produkt\/luxtar-relakabelsats-master-slave-x-4-12v-80a-rela\/#breadcrumb"},"inLanguage":"en-GB","potentialAction":[{"@type":"ReadAction","target":["https:\/\/xenonkungen.com\/produkt\/luxtar-relakabelsats-master-slave-x-4-12v-80a-rela\/"]}]},{"@type":"ImageObject","inLanguage":"en-GB","@id":"https:\/\/xenonkungen.com\/produkt\/luxtar-relakabelsats-master-slave-x-4-12v-80a-rela\/#primaryimage","url":"https:\/\/xenonkungen.com\/wp-content\/uploads\/2026\/02\/Relakabelsats-Master-And-Slave-80A-4xArtNr-103224-KZ260536-2000px-PNNG.png","contentUrl":"https:\/\/xenonkungen.com\/wp-content\/uploads\/2026\/02\/Relakabelsats-Master-And-Slave-80A-4xArtNr-103224-KZ260536-2000px-PNNG.png","width":2000,"height":1235},{"@type":"BreadcrumbList","@id":"https:\/\/xenonkungen.com\/produkt\/luxtar-relakabelsats-master-slave-x-4-12v-80a-rela\/#breadcrumb","itemListElement":[{"@type":"ListItem","position":1,"name":"Hem","item":"https:\/\/xenonkungen.com\/"},{"@type":"ListItem","position":2,"name":"Shop","item":"https:\/\/xenonkungen.com\/shop\/"},{"@type":"ListItem","position":3,"name":"Luxtar Rel\u00e4kabelsats Master &#038; Slave X 4 | 12V | 80A Rel\u00e4"}]},{"@type":"WebSite","@id":"https:\/\/xenonkungen.com\/#website","url":"https:\/\/xenonkungen.com\/","name":"Xenonkungen","description":"","potentialAction":[{"@type":"SearchAction","target":{"@type":"EntryPoint","urlTemplate":"https:\/\/xenonkungen.com\/?s={search_term_string}"},"query-input":{"@type":"PropertyValueSpecification","valueRequired":true,"valueName":"search_term_string"}}],"inLanguage":"en-GB"}]}},"taxonomy_info":{"product_brand":[{"value":103,"label":"LUXTAR"}],"product_cat":[{"value":2795,"label":"Kablar och Rel\u00e4"},{"value":2821,"label":"Luxtar - Rel\u00e4kabelsatser"},{"value":2796,"label":"Rel\u00e4kabelsatser"}],"pa_lampsockel-kontakt":[{"value":181,"label":"DT-4"},{"value":2147,"label":"DT-3"},{"value":2225,"label":"DTP-2"},{"value":358,"label":"DTP-4"}],"pa_volt-v":[{"value":159,"label":"12"}]},"featured_image_src_large":["https:\/\/xenonkungen.com\/wp-content\/uploads\/2026\/02\/Relakabelsats-Master-And-Slave-80A-4xArtNr-103224-KZ260536-2000px-PNNG-1024x632.png",1024,632,true],"author_info":[],"comment_info":0,"_links":{"self":[{"href":"https:\/\/xenonkungen.com\/en\/wp-json\/wp\/v2\/product\/26250","targetHints":{"allow":["GET"]}}],"collection":[{"href":"https:\/\/xenonkungen.com\/en\/wp-json\/wp\/v2\/product"}],"about":[{"href":"https:\/\/xenonkungen.com\/en\/wp-json\/wp\/v2\/types\/product"}],"replies":[{"embeddable":true,"href":"https:\/\/xenonkungen.com\/en\/wp-json\/wp\/v2\/comments?post=26250"}],"wp:featuredmedia":[{"embeddable":true,"href":"https:\/\/xenonkungen.com\/en\/wp-json\/wp\/v2\/media\/26918"}],"wp:attachment":[{"href":"https:\/\/xenonkungen.com\/en\/wp-json\/wp\/v2\/media?parent=26250"}],"wp:term":[{"taxonomy":"anvandningsomrade","embeddable":true,"href":"https:\/\/xenonkungen.com\/en\/wp-json\/wp\/v2\/anvandningsomrade?post=26250"},{"taxonomy":"bilmarken","embeddable":true,"href":"https:\/\/xenonkungen.com\/en\/wp-json\/wp\/v2\/bilmarken?post=26250"},{"taxonomy":"product_brand","embeddable":true,"href":"https:\/\/xenonkungen.com\/en\/wp-json\/wp\/v2\/product_brand?post=26250"},{"taxonomy":"product_cat","embeddable":true,"href":"https:\/\/xenonkungen.com\/en\/wp-json\/wp\/v2\/product_cat?post=26250"},{"taxonomy":"product_tag","embeddable":true,"href":"https:\/\/xenonkungen.com\/en\/wp-json\/wp\/v2\/product_tag?post=26250"}],"curies":[{"name":"wp","href":"https:\/\/api.w.org\/{rel}","templated":true}]}}