{"id":26483,"date":"2026-02-20T09:07:45","date_gmt":"2026-02-20T08:07:45","guid":{"rendered":"https:\/\/xenonkungen.com\/?post_type=product&#038;p=26483"},"modified":"2026-02-20T11:17:22","modified_gmt":"2026-02-20T10:17:22","slug":"luxtar-ratchet-crimping-tool-set-with-cable-wire-stripper","status":"publish","type":"product","link":"https:\/\/xenonkungen.com\/en\/product\/luxtar-ratchet-crimping-tool-set-with-cable-wire-stripper\/","title":{"rendered":"Ratchet Crimping Tool Set With Cable Wire Stripper, Luxtar"},"content":{"rendered":"<p><strong>Professional crimping with precise ratchet mechanism<\/strong><\/p>\n<p>Luxtar Crimping Tool Set Art. No. 159054 is developed for those who require safe and smooth cable connections in automotive, industrial and solar installations. The precise ratchet mechanism ensures that the tool only releases when the correct pressure is reached, providing a uniform and professional crimp every time.<\/p>\n<p>The pressure can be adjusted and the tool has an integrated release function if necessary. The reinforced gear mechanism provides long life and smooth power transmission even in daily use.<\/p>\n<p><strong>5 interchangeable crimp jaws for maximum flexibility<\/strong><\/p>\n<p>The set comes with five specially adapted jaws that cover a wide range of applications:<\/p>\n<ul>\n<li>VK-2546 \u2013 2.5\u20136.0 mm\u00b2 (Solar panel \/ PV connectors)<\/li>\n<li>VK-10A \u2013 0.5\u201310.0 mm\u00b2 (Uninsulated O-ring cable lugs)<\/li>\n<li>VK-03BC \u2013 0.5\u20136.0 mm\u00b2 (DuPont 2.8 mm, 4.8 mm, 6.3 mm, XH2.54, PH2.0, 2510 terminals)<\/li>\n<li>VK-10WF \u2013 0.25\u201310.0 mm\u00b2 (Ferrule terminals)<\/li>\n<li>VK-40J \u2013 0.25\u20136.0 mm\u00b2 (Insulated O-ring cable lugs)<\/li>\n<\/ul>\n<p>Works with heat shrink connectors, nylon terminals, open barrel, flag terminals and ferrules.<\/p>\n<p><strong>Includes precision wire stripper<\/strong><\/p>\n<p>The included cable stripper makes it easy to cut and strip conductors quickly and accurately. Clear markings in both AWG and mm\u00b2 make setting easy.<\/p>\n<p>Scale range:<br \/>\n10\u201324 AWG (approx. 0.2\u20136.0 mm\u00b2 depending on conductor type)<\/p>\n<p><strong>Robust construction for daily use<\/strong><\/p>\n<p>The tool is made of durable 65Mn steel with an electrophoretic finish for increased durability. The ergonomic PP &amp; TPR handles provide a comfortable grip and reduce hand fatigue during long work sessions.<\/p>\n<p>Perfectly suited for:<\/p>\n<ul>\n<li>Vehicle &amp; auxiliary lighting installations<\/li>\n<li>Solar cell installations<\/li>\n<li>Workshop &amp; service<\/li>\n<li>Industrial electrical work<\/li>\n<\/ul>\n<p><strong>FAQ<\/strong><\/p>\n<p><strong>Can the tool handle both insulated and uninsulated cable lugs?<\/strong><\/p>\n<p>Yes, with the right crimpback you can work with both insulated and uninsulated terminals as well as ferrules and DuPont connectors.<\/p>\n<p><strong>Is this suitable for solar installations?<\/strong><\/p>\n<p>Yes, the VK-2546 socket is suitable for 2.5\u20136.0 mm\u00b2 PV solar cell connectors.<\/p>\n<p><strong>Is a cable stripper included in the package?<\/strong><\/p>\n<p>Yes, a precision cable stripper is included in the set.<\/p>","protected":false},"excerpt":{"rendered":"<p>Luxtar crimping tool set Ratchet 0.25-10 mm\u00b2 with cable stripper<\/p>\n<p>Professional crimping set with 5 interchangeable jaws and precision ratchet for perfect crimps every time. Fits insulated, uninsulated, ferrule, DuPont and solar connectors. Complete with wire stripper for efficient installation.<\/p>","protected":false},"featured_media":26493,"comment_status":"open","ping_status":"closed","template":"","meta":{"_acf_changed":false,"_smort_price_nok":"1383","_smort_price_dkk":"","_smort_price_eur":"","_smort_sale_price_nok":"","_smort_sale_price_dkk":"","_smort_sale_price_eur":"","smort_restorder":"","shipmondo_restorder":"","_kad_blocks_custom_css":"","_kad_blocks_head_custom_js":"","_kad_blocks_body_custom_js":"","_kad_blocks_footer_custom_js":"","smort_custom_pricelist_1":"828.8","smort_custom_pricelist_2":"725.2","smort_custom_pricelist_3":"673.4","smort_custom_pricelist_4":"1036","smort_custom_pricelist_5":"725.2"},"anvandningsomrade":[],"bilmarken":[],"product_brand":[103],"product_cat":[2545,2612,2795,2446,2536,390,727,2154],"product_tag":[],"class_list":{"0":"post-26483","1":"product","2":"type-product","3":"status-publish","4":"has-post-thumbnail","6":"product_brand-luxtar","7":"product_cat-tillbehor-installation","8":"product_cat-tillbehor-installation-ledramper","9":"product_cat-kablar-rela","10":"product_cat-tillbehor-slap","11":"product_cat-tillbehor-tillbehor-ledramper","12":"product_cat-installation","13":"product_cat-tillbehor","14":"product_cat-verktyg","16":"first","17":"instock","18":"taxable","19":"shipping-taxable","20":"purchasable","21":"product-type-simple"},"bundled_by":[],"bundle_stock_status":"instock","bundle_stock_quantity":50,"bundle_virtual":false,"bundle_layout":"","bundle_add_to_cart_form_location":"","bundle_editable_in_cart":false,"bundle_sold_individually_context":"","bundle_item_grouping":"","bundle_min_size":"","bundle_max_size":"","bundle_price":[],"bundled_items":[],"bundle_sell_ids":[],"acf":[],"yoast_head":"<!-- This site is optimized with the Yoast SEO plugin v27.0 - https:\/\/yoast.com\/product\/yoast-seo-wordpress\/ -->\n<title>Ratchet Crimping Tool Set With Cable Wire Stripper, Luxtar - Xenonkungen Luxtar Crimpverktygssats med kabelskalare Ratchet 0,25\u201310 mm\u00b2<\/title>\n<meta name=\"description\" content=\"K\u00f6p Crimpverktygssats med kabelskalare Ratchet 0,25\u201310 mm\u00b2, Luxtar. 5 utbytbara backar f\u00f6r isolerade, oisolerade, ferrule och solcellskontakter. Snabb leverans. \u00d6ppet k\u00f6p 30 dagar. Handla enkelt p\u00e5 xenonkungen.com!\" \/>\n<meta name=\"robots\" content=\"index, follow, max-snippet:-1, max-image-preview:large, max-video-preview:-1\" \/>\n<link rel=\"canonical\" href=\"https:\/\/xenonkungen.com\/en\/product\/luxtar-ratchet-crimping-tool-set-with-cable-wire-stripper\/\" \/>\n<meta property=\"og:locale\" content=\"en_GB\" \/>\n<meta property=\"og:type\" content=\"article\" \/>\n<meta property=\"og:title\" content=\"Ratchet Crimping Tool Set With Cable Wire Stripper, Luxtar - Xenonkungen Luxtar Crimpverktygssats med kabelskalare Ratchet 0,25\u201310 mm\u00b2\" \/>\n<meta property=\"og:description\" content=\"K\u00f6p Crimpverktygssats med kabelskalare Ratchet 0,25\u201310 mm\u00b2, Luxtar. 5 utbytbara backar f\u00f6r isolerade, oisolerade, ferrule och solcellskontakter. Snabb leverans. \u00d6ppet k\u00f6p 30 dagar. Handla enkelt p\u00e5 xenonkungen.com!\" \/>\n<meta property=\"og:url\" content=\"https:\/\/xenonkungen.com\/en\/product\/luxtar-ratchet-crimping-tool-set-with-cable-wire-stripper\/\" \/>\n<meta property=\"og:site_name\" content=\"Xenonkungen\" \/>\n<meta property=\"article:modified_time\" content=\"2026-02-20T10:17:22+00:00\" \/>\n<meta property=\"og:image\" content=\"https:\/\/xenonkungen.com\/wp-content\/uploads\/2026\/02\/Tool-BOX-1-ArtNr.159054-DSCF9220-2000px-PNNG-1024x996.png\" \/>\n\t<meta property=\"og:image:width\" content=\"1024\" \/>\n\t<meta property=\"og:image:height\" content=\"996\" \/>\n\t<meta property=\"og:image:type\" content=\"image\/png\" \/>\n<meta name=\"twitter:card\" content=\"summary_large_image\" \/>\n<meta name=\"twitter:label1\" content=\"Estimated reading time\" \/>\n\t<meta name=\"twitter:data1\" content=\"2 minutes\" \/>\n<script type=\"application\/ld+json\" class=\"yoast-schema-graph\">{\"@context\":\"https:\/\/schema.org\",\"@graph\":[{\"@type\":\"WebPage\",\"@id\":\"https:\/\/xenonkungen.com\/produkt\/luxtar-ratchet-crimping-tool-set-with-cable-wire-stripper\/\",\"url\":\"https:\/\/xenonkungen.com\/produkt\/luxtar-ratchet-crimping-tool-set-with-cable-wire-stripper\/\",\"name\":\"Ratchet Crimping Tool Set With Cable Wire Stripper, Luxtar - Xenonkungen Luxtar Crimpverktygssats med kabelskalare Ratchet 0,25\u201310 mm\u00b2\",\"isPartOf\":{\"@id\":\"https:\/\/xenonkungen.com\/#website\"},\"primaryImageOfPage\":{\"@id\":\"https:\/\/xenonkungen.com\/produkt\/luxtar-ratchet-crimping-tool-set-with-cable-wire-stripper\/#primaryimage\"},\"image\":{\"@id\":\"https:\/\/xenonkungen.com\/produkt\/luxtar-ratchet-crimping-tool-set-with-cable-wire-stripper\/#primaryimage\"},\"thumbnailUrl\":\"https:\/\/xenonkungen.com\/wp-content\/uploads\/2026\/02\/Tool-BOX-1-ArtNr.159054-DSCF9220-2000px-PNNG.png\",\"datePublished\":\"2026-02-20T08:07:45+00:00\",\"dateModified\":\"2026-02-20T10:17:22+00:00\",\"description\":\"K\u00f6p Crimpverktygssats med kabelskalare Ratchet 0,25\u201310 mm\u00b2, Luxtar. 5 utbytbara backar f\u00f6r isolerade, oisolerade, ferrule och solcellskontakter. Snabb leverans. \u00d6ppet k\u00f6p 30 dagar. Handla enkelt p\u00e5 xenonkungen.com!\",\"breadcrumb\":{\"@id\":\"https:\/\/xenonkungen.com\/produkt\/luxtar-ratchet-crimping-tool-set-with-cable-wire-stripper\/#breadcrumb\"},\"inLanguage\":\"en-GB\",\"potentialAction\":[{\"@type\":\"ReadAction\",\"target\":[\"https:\/\/xenonkungen.com\/produkt\/luxtar-ratchet-crimping-tool-set-with-cable-wire-stripper\/\"]}]},{\"@type\":\"ImageObject\",\"inLanguage\":\"en-GB\",\"@id\":\"https:\/\/xenonkungen.com\/produkt\/luxtar-ratchet-crimping-tool-set-with-cable-wire-stripper\/#primaryimage\",\"url\":\"https:\/\/xenonkungen.com\/wp-content\/uploads\/2026\/02\/Tool-BOX-1-ArtNr.159054-DSCF9220-2000px-PNNG.png\",\"contentUrl\":\"https:\/\/xenonkungen.com\/wp-content\/uploads\/2026\/02\/Tool-BOX-1-ArtNr.159054-DSCF9220-2000px-PNNG.png\",\"width\":2400,\"height\":2334},{\"@type\":\"BreadcrumbList\",\"@id\":\"https:\/\/xenonkungen.com\/produkt\/luxtar-ratchet-crimping-tool-set-with-cable-wire-stripper\/#breadcrumb\",\"itemListElement\":[{\"@type\":\"ListItem\",\"position\":1,\"name\":\"Hem\",\"item\":\"https:\/\/xenonkungen.com\/\"},{\"@type\":\"ListItem\",\"position\":2,\"name\":\"Shop\",\"item\":\"https:\/\/xenonkungen.com\/shop\/\"},{\"@type\":\"ListItem\",\"position\":3,\"name\":\"Ratchet Crimping Tool Set With Cable Wire Stripper, Luxtar\"}]},{\"@type\":\"WebSite\",\"@id\":\"https:\/\/xenonkungen.com\/#website\",\"url\":\"https:\/\/xenonkungen.com\/\",\"name\":\"Xenonkungen\",\"description\":\"\",\"potentialAction\":[{\"@type\":\"SearchAction\",\"target\":{\"@type\":\"EntryPoint\",\"urlTemplate\":\"https:\/\/xenonkungen.com\/?s={search_term_string}\"},\"query-input\":{\"@type\":\"PropertyValueSpecification\",\"valueRequired\":true,\"valueName\":\"search_term_string\"}}],\"inLanguage\":\"en-GB\"}]}<\/script>\n<!-- \/ Yoast SEO plugin. -->","yoast_head_json":{"title":"Ratchet Crimping Tool Set With Cable Wire Stripper, Luxtar - Xenonkungen Luxtar Crimping Tool Set with Cable Stripper Ratchet 0.25\u201310 mm\u00b2","description":"Buy Crimping tool set with cable stripper Ratchet 0.25\u201310 mm\u00b2, Luxtar. 5 interchangeable jaws for insulated, uninsulated, ferrule and solar cell contacts. Fast delivery. Open purchase 30 days. Shop easily at xenonkungen.com!","robots":{"index":"index","follow":"follow","max-snippet":"max-snippet:-1","max-image-preview":"max-image-preview:large","max-video-preview":"max-video-preview:-1"},"canonical":"https:\/\/xenonkungen.com\/en\/product\/luxtar-ratchet-crimping-tool-set-with-cable-wire-stripper\/","og_locale":"en_GB","og_type":"article","og_title":"Ratchet Crimping Tool Set With Cable Wire Stripper, Luxtar - Xenonkungen Luxtar Crimpverktygssats med kabelskalare Ratchet 0,25\u201310 mm\u00b2","og_description":"K\u00f6p Crimpverktygssats med kabelskalare Ratchet 0,25\u201310 mm\u00b2, Luxtar. 5 utbytbara backar f\u00f6r isolerade, oisolerade, ferrule och solcellskontakter. Snabb leverans. \u00d6ppet k\u00f6p 30 dagar. Handla enkelt p\u00e5 xenonkungen.com!","og_url":"https:\/\/xenonkungen.com\/en\/product\/luxtar-ratchet-crimping-tool-set-with-cable-wire-stripper\/","og_site_name":"Xenonkungen","article_modified_time":"2026-02-20T10:17:22+00:00","og_image":[{"width":1024,"height":996,"url":"https:\/\/xenonkungen.com\/wp-content\/uploads\/2026\/02\/Tool-BOX-1-ArtNr.159054-DSCF9220-2000px-PNNG-1024x996.png","type":"image\/png"}],"twitter_card":"summary_large_image","twitter_misc":{"Estimated reading time":"2 minutes"},"schema":{"@context":"https:\/\/schema.org","@graph":[{"@type":"WebPage","@id":"https:\/\/xenonkungen.com\/produkt\/luxtar-ratchet-crimping-tool-set-with-cable-wire-stripper\/","url":"https:\/\/xenonkungen.com\/produkt\/luxtar-ratchet-crimping-tool-set-with-cable-wire-stripper\/","name":"Ratchet Crimping Tool Set With Cable Wire Stripper, Luxtar - Xenonkungen Luxtar Crimping Tool Set with Cable Stripper Ratchet 0.25\u201310 mm\u00b2","isPartOf":{"@id":"https:\/\/xenonkungen.com\/#website"},"primaryImageOfPage":{"@id":"https:\/\/xenonkungen.com\/produkt\/luxtar-ratchet-crimping-tool-set-with-cable-wire-stripper\/#primaryimage"},"image":{"@id":"https:\/\/xenonkungen.com\/produkt\/luxtar-ratchet-crimping-tool-set-with-cable-wire-stripper\/#primaryimage"},"thumbnailUrl":"https:\/\/xenonkungen.com\/wp-content\/uploads\/2026\/02\/Tool-BOX-1-ArtNr.159054-DSCF9220-2000px-PNNG.png","datePublished":"2026-02-20T08:07:45+00:00","dateModified":"2026-02-20T10:17:22+00:00","description":"Buy Crimping tool set with cable stripper Ratchet 0.25\u201310 mm\u00b2, Luxtar. 5 interchangeable jaws for insulated, uninsulated, ferrule and solar cell contacts. Fast delivery. Open purchase 30 days. Shop easily at xenonkungen.com!","breadcrumb":{"@id":"https:\/\/xenonkungen.com\/produkt\/luxtar-ratchet-crimping-tool-set-with-cable-wire-stripper\/#breadcrumb"},"inLanguage":"en-GB","potentialAction":[{"@type":"ReadAction","target":["https:\/\/xenonkungen.com\/produkt\/luxtar-ratchet-crimping-tool-set-with-cable-wire-stripper\/"]}]},{"@type":"ImageObject","inLanguage":"en-GB","@id":"https:\/\/xenonkungen.com\/produkt\/luxtar-ratchet-crimping-tool-set-with-cable-wire-stripper\/#primaryimage","url":"https:\/\/xenonkungen.com\/wp-content\/uploads\/2026\/02\/Tool-BOX-1-ArtNr.159054-DSCF9220-2000px-PNNG.png","contentUrl":"https:\/\/xenonkungen.com\/wp-content\/uploads\/2026\/02\/Tool-BOX-1-ArtNr.159054-DSCF9220-2000px-PNNG.png","width":2400,"height":2334},{"@type":"BreadcrumbList","@id":"https:\/\/xenonkungen.com\/produkt\/luxtar-ratchet-crimping-tool-set-with-cable-wire-stripper\/#breadcrumb","itemListElement":[{"@type":"ListItem","position":1,"name":"Hem","item":"https:\/\/xenonkungen.com\/"},{"@type":"ListItem","position":2,"name":"Shop","item":"https:\/\/xenonkungen.com\/shop\/"},{"@type":"ListItem","position":3,"name":"Ratchet Crimping Tool Set With Cable Wire Stripper, Luxtar"}]},{"@type":"WebSite","@id":"https:\/\/xenonkungen.com\/#website","url":"https:\/\/xenonkungen.com\/","name":"Xenonkungen","description":"","potentialAction":[{"@type":"SearchAction","target":{"@type":"EntryPoint","urlTemplate":"https:\/\/xenonkungen.com\/?s={search_term_string}"},"query-input":{"@type":"PropertyValueSpecification","valueRequired":true,"valueName":"search_term_string"}}],"inLanguage":"en-GB"}]}},"taxonomy_info":{"product_brand":[{"value":103,"label":"LUXTAR"}],"product_cat":[{"value":2545,"label":"INSTALLATION"},{"value":2612,"label":"INSTALLATION"},{"value":2795,"label":"Kablar och Rel\u00e4"},{"value":2446,"label":"Tillbeh\u00f6r"},{"value":2536,"label":"Tillbeh\u00f6r"},{"value":390,"label":"Installation"},{"value":727,"label":"Tillbeh\u00f6r"},{"value":2154,"label":"Verktyg"}]},"featured_image_src_large":["https:\/\/xenonkungen.com\/wp-content\/uploads\/2026\/02\/Tool-BOX-1-ArtNr.159054-DSCF9220-2000px-PNNG-1024x996.png",1024,996,true],"author_info":[],"comment_info":0,"_links":{"self":[{"href":"https:\/\/xenonkungen.com\/en\/wp-json\/wp\/v2\/product\/26483","targetHints":{"allow":["GET"]}}],"collection":[{"href":"https:\/\/xenonkungen.com\/en\/wp-json\/wp\/v2\/product"}],"about":[{"href":"https:\/\/xenonkungen.com\/en\/wp-json\/wp\/v2\/types\/product"}],"replies":[{"embeddable":true,"href":"https:\/\/xenonkungen.com\/en\/wp-json\/wp\/v2\/comments?post=26483"}],"wp:featuredmedia":[{"embeddable":true,"href":"https:\/\/xenonkungen.com\/en\/wp-json\/wp\/v2\/media\/26493"}],"wp:attachment":[{"href":"https:\/\/xenonkungen.com\/en\/wp-json\/wp\/v2\/media?parent=26483"}],"wp:term":[{"taxonomy":"anvandningsomrade","embeddable":true,"href":"https:\/\/xenonkungen.com\/en\/wp-json\/wp\/v2\/anvandningsomrade?post=26483"},{"taxonomy":"bilmarken","embeddable":true,"href":"https:\/\/xenonkungen.com\/en\/wp-json\/wp\/v2\/bilmarken?post=26483"},{"taxonomy":"product_brand","embeddable":true,"href":"https:\/\/xenonkungen.com\/en\/wp-json\/wp\/v2\/product_brand?post=26483"},{"taxonomy":"product_cat","embeddable":true,"href":"https:\/\/xenonkungen.com\/en\/wp-json\/wp\/v2\/product_cat?post=26483"},{"taxonomy":"product_tag","embeddable":true,"href":"https:\/\/xenonkungen.com\/en\/wp-json\/wp\/v2\/product_tag?post=26483"}],"curies":[{"name":"wp","href":"https:\/\/api.w.org\/{rel}","templated":true}]}}