{"id":26507,"date":"2026-02-20T11:23:34","date_gmt":"2026-02-20T10:23:34","guid":{"rendered":"https:\/\/xenonkungen.com\/?post_type=product&#038;p=26507"},"modified":"2026-03-04T16:34:12","modified_gmt":"2026-03-04T15:34:12","slug":"deutsch-removal-tool-dt-blue-16-gauge-luxtar","status":"publish","type":"product","link":"https:\/\/xenonkungen.com\/en\/product\/deutsch-removal-tool-dt-blue-16-gauge-luxtar\/","title":{"rendered":"Deutsch Removal Tool DT \u2013 Blue 16 Gauge, Luxtar"},"content":{"rendered":"<p><strong>Easy and safe disassembly of Deutsch size 16 connectors<\/strong><\/p>\n<p>Luxtar Deutsch Removal Tool DT \u2013 Blue 16 Gauge (Art. No. 159052) is designed to quickly and safely remove size 16 pins and sockets from Deutsch DT connector housings. Perfect for servicing, troubleshooting or switching in automotive electrical, auxiliary lighting installations and industrial electrical systems.<\/p>\n<p>By placing the tool over the cable and pushing it down into the connector housing, the locking mechanism is released without damaging the connector or housing. This provides a professional disassembly and minimizes the risk of errors or unnecessary wear.<\/p>\n<p><strong>Adapted for Deutsch DT series<\/strong><\/p>\n<p>The tool is specifically designed for:<\/p>\n<ul>\n<li>DT Series<\/li>\n<\/ul>\n<p>Intended for <strong>size 16 connectors<\/strong> and works with conductor sizes <strong>16\u201318 AWG<\/strong> (approx. 0.75\u20131.5 mm\u00b2 depending on cable type).<\/p>\n<p>An essential tool for anyone working with Deutsch DT connectors in relay wiring, LED ramps, work lighting and vehicle systems.<\/p>\n<p><strong>Durable and easily identifiable construction<\/strong><\/p>\n<p>The removal tool is made of durable plastic with a clear blue color for quick identification in the toolbox. The flat handle design provides a stable grip and the thin tip is precisely shaped to release the connector&#039;s locking tabs without deforming them.<\/p>\n<p>Compact, easy to use and an obvious tool for professional installations.<\/p>\n<p><strong>FAQ<\/strong><\/p>\n<p><strong>What is the tool used for?<\/strong><\/p>\n<p>It is used to remove size 16 pins and sockets from Deutsch DT connectors without damaging the connector housing.<\/p>\n<p><strong>Does it fit the DTP or HD series?<\/strong><\/p>\n<p>No, this tool is adapted for the DT series. For DTP or HD a different removal tool is required.<\/p>\n<p><strong>Can it handle cable sizes other than 16\u201318 AWG?<\/strong><\/p>\n<p>The tool is optimized for 16\u201318 AWG. For other dimensions, corresponding tools are required.<\/p>","protected":false},"excerpt":{"rendered":"<p>Special tool for easy removal of size 16 connectors in the Deutsch DT series. Fits 16\u201318 AWG and makes service and switching quick and safe.<\/p>","protected":false},"featured_media":26508,"comment_status":"open","ping_status":"closed","template":"","meta":{"_acf_changed":false,"_smort_price_nok":"101","_smort_price_dkk":"","_smort_price_eur":"","_smort_sale_price_nok":"","_smort_sale_price_dkk":"","_smort_sale_price_eur":"","smort_restorder":"","shipmondo_restorder":"","_kad_blocks_custom_css":"","_kad_blocks_head_custom_js":"","_kad_blocks_body_custom_js":"","_kad_blocks_footer_custom_js":"","smort_custom_pricelist_1":"45.6","smort_custom_pricelist_2":"45.6","smort_custom_pricelist_3":"38","smort_custom_pricelist_4":"76","smort_custom_pricelist_5":"45.6"},"anvandningsomrade":[],"bilmarken":[],"product_brand":[103],"product_cat":[2545,2612,2795,2555,2446,2536,2538,390,727],"product_tag":[],"class_list":{"0":"post-26507","1":"product","2":"type-product","3":"status-publish","4":"has-post-thumbnail","6":"product_brand-luxtar","7":"product_cat-tillbehor-installation","8":"product_cat-tillbehor-installation-ledramper","9":"product_cat-kablar-rela","10":"product_cat-tillbehor-varningsljus","11":"product_cat-tillbehor-slap","12":"product_cat-tillbehor-tillbehor-ledramper","13":"product_cat-tillbehor-fasten-ledramper","14":"product_cat-installation","15":"product_cat-tillbehor","17":"first","18":"instock","19":"taxable","20":"shipping-taxable","21":"purchasable","22":"product-type-simple"},"bundled_by":[],"bundle_stock_status":"instock","bundle_stock_quantity":47,"bundle_virtual":false,"bundle_layout":"","bundle_add_to_cart_form_location":"","bundle_editable_in_cart":false,"bundle_sold_individually_context":"","bundle_item_grouping":"","bundle_min_size":"","bundle_max_size":"","bundle_price":[],"bundled_items":[],"bundle_sell_ids":[],"acf":[],"yoast_head":"<!-- This site is optimized with the Yoast SEO plugin v27.0 - https:\/\/yoast.com\/product\/yoast-seo-wordpress\/ -->\n<title>Deutsch Removal Tool DT \u2013 Blue 16 Gauge, Luxtar - Xenonkungen Deutsch Removal Tool DT Blue 16 Gauge, Luxtar - Xenonkungen<\/title>\n<meta name=\"description\" content=\"K\u00f6p Deutsch Removal Tool DT Blue 16 Gauge, Luxtar. Verktyg f\u00f6r att lossa size 16 kontakter i DT-serien. Passar 16\u201318 AWG. Snabb leverans. \u00d6ppet k\u00f6p 30 dagar. Handla enkelt p\u00e5 xenonkungen.com!\" \/>\n<meta name=\"robots\" content=\"index, follow, max-snippet:-1, max-image-preview:large, max-video-preview:-1\" \/>\n<link rel=\"canonical\" href=\"https:\/\/xenonkungen.com\/en\/product\/deutsch-removal-tool-dt-blue-16-gauge-luxtar\/\" \/>\n<meta property=\"og:locale\" content=\"en_GB\" \/>\n<meta property=\"og:type\" content=\"article\" \/>\n<meta property=\"og:title\" content=\"Deutsch Removal Tool DT \u2013 Blue 16 Gauge, Luxtar - Xenonkungen Deutsch Removal Tool DT Blue 16 Gauge, Luxtar - Xenonkungen\" \/>\n<meta property=\"og:description\" content=\"K\u00f6p Deutsch Removal Tool DT Blue 16 Gauge, Luxtar. Verktyg f\u00f6r att lossa size 16 kontakter i DT-serien. Passar 16\u201318 AWG. Snabb leverans. \u00d6ppet k\u00f6p 30 dagar. Handla enkelt p\u00e5 xenonkungen.com!\" \/>\n<meta property=\"og:url\" content=\"https:\/\/xenonkungen.com\/en\/product\/deutsch-removal-tool-dt-blue-16-gauge-luxtar\/\" \/>\n<meta property=\"og:site_name\" content=\"Xenonkungen\" \/>\n<meta property=\"article:modified_time\" content=\"2026-03-04T15:34:12+00:00\" \/>\n<meta property=\"og:image\" content=\"https:\/\/xenonkungen.com\/wp-content\/uploads\/2026\/02\/ArtNr.159052-DT-0411-DSCF9307-Org-PNNG.png\" \/>\n\t<meta property=\"og:image:width\" content=\"1200\" \/>\n\t<meta property=\"og:image:height\" content=\"857\" \/>\n\t<meta property=\"og:image:type\" content=\"image\/png\" \/>\n<meta name=\"twitter:card\" content=\"summary_large_image\" \/>\n<meta name=\"twitter:label1\" content=\"Estimated reading time\" \/>\n\t<meta name=\"twitter:data1\" content=\"2 minutes\" \/>\n<script type=\"application\/ld+json\" class=\"yoast-schema-graph\">{\"@context\":\"https:\/\/schema.org\",\"@graph\":[{\"@type\":\"WebPage\",\"@id\":\"https:\/\/xenonkungen.com\/produkt\/deutsch-removal-tool-dt-blue-16-gauge-luxtar\/\",\"url\":\"https:\/\/xenonkungen.com\/produkt\/deutsch-removal-tool-dt-blue-16-gauge-luxtar\/\",\"name\":\"Deutsch Removal Tool DT \u2013 Blue 16 Gauge, Luxtar - Xenonkungen Deutsch Removal Tool DT Blue 16 Gauge, Luxtar - Xenonkungen\",\"isPartOf\":{\"@id\":\"https:\/\/xenonkungen.com\/#website\"},\"primaryImageOfPage\":{\"@id\":\"https:\/\/xenonkungen.com\/produkt\/deutsch-removal-tool-dt-blue-16-gauge-luxtar\/#primaryimage\"},\"image\":{\"@id\":\"https:\/\/xenonkungen.com\/produkt\/deutsch-removal-tool-dt-blue-16-gauge-luxtar\/#primaryimage\"},\"thumbnailUrl\":\"https:\/\/xenonkungen.com\/wp-content\/uploads\/2026\/02\/ArtNr.159052-DT-0411-DSCF9307-Org-PNNG.png\",\"datePublished\":\"2026-02-20T10:23:34+00:00\",\"dateModified\":\"2026-03-04T15:34:12+00:00\",\"description\":\"K\u00f6p Deutsch Removal Tool DT Blue 16 Gauge, Luxtar. Verktyg f\u00f6r att lossa size 16 kontakter i DT-serien. Passar 16\u201318 AWG. Snabb leverans. \u00d6ppet k\u00f6p 30 dagar. Handla enkelt p\u00e5 xenonkungen.com!\",\"breadcrumb\":{\"@id\":\"https:\/\/xenonkungen.com\/produkt\/deutsch-removal-tool-dt-blue-16-gauge-luxtar\/#breadcrumb\"},\"inLanguage\":\"en-GB\",\"potentialAction\":[{\"@type\":\"ReadAction\",\"target\":[\"https:\/\/xenonkungen.com\/produkt\/deutsch-removal-tool-dt-blue-16-gauge-luxtar\/\"]}]},{\"@type\":\"ImageObject\",\"inLanguage\":\"en-GB\",\"@id\":\"https:\/\/xenonkungen.com\/produkt\/deutsch-removal-tool-dt-blue-16-gauge-luxtar\/#primaryimage\",\"url\":\"https:\/\/xenonkungen.com\/wp-content\/uploads\/2026\/02\/ArtNr.159052-DT-0411-DSCF9307-Org-PNNG.png\",\"contentUrl\":\"https:\/\/xenonkungen.com\/wp-content\/uploads\/2026\/02\/ArtNr.159052-DT-0411-DSCF9307-Org-PNNG.png\",\"width\":1200,\"height\":857},{\"@type\":\"BreadcrumbList\",\"@id\":\"https:\/\/xenonkungen.com\/produkt\/deutsch-removal-tool-dt-blue-16-gauge-luxtar\/#breadcrumb\",\"itemListElement\":[{\"@type\":\"ListItem\",\"position\":1,\"name\":\"Hem\",\"item\":\"https:\/\/xenonkungen.com\/\"},{\"@type\":\"ListItem\",\"position\":2,\"name\":\"Shop\",\"item\":\"https:\/\/xenonkungen.com\/shop\/\"},{\"@type\":\"ListItem\",\"position\":3,\"name\":\"Deutsch Removal Tool DT \u2013 Blue 16 Gauge, Luxtar\"}]},{\"@type\":\"WebSite\",\"@id\":\"https:\/\/xenonkungen.com\/#website\",\"url\":\"https:\/\/xenonkungen.com\/\",\"name\":\"Xenonkungen\",\"description\":\"\",\"potentialAction\":[{\"@type\":\"SearchAction\",\"target\":{\"@type\":\"EntryPoint\",\"urlTemplate\":\"https:\/\/xenonkungen.com\/?s={search_term_string}\"},\"query-input\":{\"@type\":\"PropertyValueSpecification\",\"valueRequired\":true,\"valueName\":\"search_term_string\"}}],\"inLanguage\":\"en-GB\"}]}<\/script>\n<!-- \/ Yoast SEO plugin. -->","yoast_head_json":{"title":"Deutsch Removal Tool DT \u2013 Blue 16 Gauge, Luxtar - The Xenon King Deutsch Removal Tool DT Blue 16 Gauge, Luxtar - The Xenon King","description":"Buy Deutsch Removal Tool DT Blue 16 Gauge, Luxtar. Tool for removing size 16 connectors in the DT series. Fits 16\u201318 AWG. Fast delivery. Open purchase 30 days. Shop easily at xenonkungen.com!","robots":{"index":"index","follow":"follow","max-snippet":"max-snippet:-1","max-image-preview":"max-image-preview:large","max-video-preview":"max-video-preview:-1"},"canonical":"https:\/\/xenonkungen.com\/en\/product\/deutsch-removal-tool-dt-blue-16-gauge-luxtar\/","og_locale":"en_GB","og_type":"article","og_title":"Deutsch Removal Tool DT \u2013 Blue 16 Gauge, Luxtar - Xenonkungen Deutsch Removal Tool DT Blue 16 Gauge, Luxtar - Xenonkungen","og_description":"K\u00f6p Deutsch Removal Tool DT Blue 16 Gauge, Luxtar. Verktyg f\u00f6r att lossa size 16 kontakter i DT-serien. Passar 16\u201318 AWG. Snabb leverans. \u00d6ppet k\u00f6p 30 dagar. Handla enkelt p\u00e5 xenonkungen.com!","og_url":"https:\/\/xenonkungen.com\/en\/product\/deutsch-removal-tool-dt-blue-16-gauge-luxtar\/","og_site_name":"Xenonkungen","article_modified_time":"2026-03-04T15:34:12+00:00","og_image":[{"width":1200,"height":857,"url":"https:\/\/xenonkungen.com\/wp-content\/uploads\/2026\/02\/ArtNr.159052-DT-0411-DSCF9307-Org-PNNG.png","type":"image\/png"}],"twitter_card":"summary_large_image","twitter_misc":{"Estimated reading time":"2 minutes"},"schema":{"@context":"https:\/\/schema.org","@graph":[{"@type":"WebPage","@id":"https:\/\/xenonkungen.com\/produkt\/deutsch-removal-tool-dt-blue-16-gauge-luxtar\/","url":"https:\/\/xenonkungen.com\/produkt\/deutsch-removal-tool-dt-blue-16-gauge-luxtar\/","name":"Deutsch Removal Tool DT \u2013 Blue 16 Gauge, Luxtar - The Xenon King Deutsch Removal Tool DT Blue 16 Gauge, Luxtar - The Xenon King","isPartOf":{"@id":"https:\/\/xenonkungen.com\/#website"},"primaryImageOfPage":{"@id":"https:\/\/xenonkungen.com\/produkt\/deutsch-removal-tool-dt-blue-16-gauge-luxtar\/#primaryimage"},"image":{"@id":"https:\/\/xenonkungen.com\/produkt\/deutsch-removal-tool-dt-blue-16-gauge-luxtar\/#primaryimage"},"thumbnailUrl":"https:\/\/xenonkungen.com\/wp-content\/uploads\/2026\/02\/ArtNr.159052-DT-0411-DSCF9307-Org-PNNG.png","datePublished":"2026-02-20T10:23:34+00:00","dateModified":"2026-03-04T15:34:12+00:00","description":"Buy Deutsch Removal Tool DT Blue 16 Gauge, Luxtar. Tool for removing size 16 connectors in the DT series. Fits 16\u201318 AWG. Fast delivery. Open purchase 30 days. Shop easily at xenonkungen.com!","breadcrumb":{"@id":"https:\/\/xenonkungen.com\/produkt\/deutsch-removal-tool-dt-blue-16-gauge-luxtar\/#breadcrumb"},"inLanguage":"en-GB","potentialAction":[{"@type":"ReadAction","target":["https:\/\/xenonkungen.com\/produkt\/deutsch-removal-tool-dt-blue-16-gauge-luxtar\/"]}]},{"@type":"ImageObject","inLanguage":"en-GB","@id":"https:\/\/xenonkungen.com\/produkt\/deutsch-removal-tool-dt-blue-16-gauge-luxtar\/#primaryimage","url":"https:\/\/xenonkungen.com\/wp-content\/uploads\/2026\/02\/ArtNr.159052-DT-0411-DSCF9307-Org-PNNG.png","contentUrl":"https:\/\/xenonkungen.com\/wp-content\/uploads\/2026\/02\/ArtNr.159052-DT-0411-DSCF9307-Org-PNNG.png","width":1200,"height":857},{"@type":"BreadcrumbList","@id":"https:\/\/xenonkungen.com\/produkt\/deutsch-removal-tool-dt-blue-16-gauge-luxtar\/#breadcrumb","itemListElement":[{"@type":"ListItem","position":1,"name":"Hem","item":"https:\/\/xenonkungen.com\/"},{"@type":"ListItem","position":2,"name":"Shop","item":"https:\/\/xenonkungen.com\/shop\/"},{"@type":"ListItem","position":3,"name":"Deutsch Removal Tool DT \u2013 Blue 16 Gauge, Luxtar"}]},{"@type":"WebSite","@id":"https:\/\/xenonkungen.com\/#website","url":"https:\/\/xenonkungen.com\/","name":"Xenonkungen","description":"","potentialAction":[{"@type":"SearchAction","target":{"@type":"EntryPoint","urlTemplate":"https:\/\/xenonkungen.com\/?s={search_term_string}"},"query-input":{"@type":"PropertyValueSpecification","valueRequired":true,"valueName":"search_term_string"}}],"inLanguage":"en-GB"}]}},"taxonomy_info":{"product_brand":[{"value":103,"label":"LUXTAR"}],"product_cat":[{"value":2545,"label":"INSTALLATION"},{"value":2612,"label":"INSTALLATION"},{"value":2795,"label":"Kablar och Rel\u00e4"},{"value":2555,"label":"Tillbeh\u00f6r"},{"value":2446,"label":"Tillbeh\u00f6r"},{"value":2536,"label":"Tillbeh\u00f6r"},{"value":2538,"label":"Tillbeh\u00f6r"},{"value":390,"label":"Installation"},{"value":727,"label":"Tillbeh\u00f6r"}]},"featured_image_src_large":["https:\/\/xenonkungen.com\/wp-content\/uploads\/2026\/02\/ArtNr.159052-DT-0411-DSCF9307-Org-PNNG-1024x731.png",1024,731,true],"author_info":[],"comment_info":0,"_links":{"self":[{"href":"https:\/\/xenonkungen.com\/en\/wp-json\/wp\/v2\/product\/26507","targetHints":{"allow":["GET"]}}],"collection":[{"href":"https:\/\/xenonkungen.com\/en\/wp-json\/wp\/v2\/product"}],"about":[{"href":"https:\/\/xenonkungen.com\/en\/wp-json\/wp\/v2\/types\/product"}],"replies":[{"embeddable":true,"href":"https:\/\/xenonkungen.com\/en\/wp-json\/wp\/v2\/comments?post=26507"}],"wp:featuredmedia":[{"embeddable":true,"href":"https:\/\/xenonkungen.com\/en\/wp-json\/wp\/v2\/media\/26508"}],"wp:attachment":[{"href":"https:\/\/xenonkungen.com\/en\/wp-json\/wp\/v2\/media?parent=26507"}],"wp:term":[{"taxonomy":"anvandningsomrade","embeddable":true,"href":"https:\/\/xenonkungen.com\/en\/wp-json\/wp\/v2\/anvandningsomrade?post=26507"},{"taxonomy":"bilmarken","embeddable":true,"href":"https:\/\/xenonkungen.com\/en\/wp-json\/wp\/v2\/bilmarken?post=26507"},{"taxonomy":"product_brand","embeddable":true,"href":"https:\/\/xenonkungen.com\/en\/wp-json\/wp\/v2\/product_brand?post=26507"},{"taxonomy":"product_cat","embeddable":true,"href":"https:\/\/xenonkungen.com\/en\/wp-json\/wp\/v2\/product_cat?post=26507"},{"taxonomy":"product_tag","embeddable":true,"href":"https:\/\/xenonkungen.com\/en\/wp-json\/wp\/v2\/product_tag?post=26507"}],"curies":[{"name":"wp","href":"https:\/\/api.w.org\/{rel}","templated":true}]}}