{"id":26518,"date":"2026-02-20T13:43:58","date_gmt":"2026-02-20T12:43:58","guid":{"rendered":"https:\/\/xenonkungen.com\/?post_type=product&#038;p=26518"},"modified":"2026-03-27T09:58:03","modified_gmt":"2026-03-27T08:58:03","slug":"extra-light-sqr-3-3500lm-driving-beam-ozz-lights","status":"publish","type":"product","link":"https:\/\/xenonkungen.com\/en\/product\/extra-light-sqr-3-3500lm-driving-beam-ozz-lights\/","title":{"rendered":"Extra light SQR 3\u201d 3500lm Driving Beam, OZZ Lights"},"content":{"rendered":"<h2 data-start=\"657\" data-end=\"707\">Powerful LED performance in an ultra-compact format<\/h2>\n<p data-start=\"708\" data-end=\"1045\">The OZZ SQR 3\u201d is the smallest auxiliary light in the SQR series \u2013 but does not compromise on performance. With 3500 measured lumens and a comfortable color temperature of 5000K, it delivers a clear, natural light that improves visibility when driving at night. In boost mode, the lamp reaches 1 lux at a full 375 meters, which provides a long range despite the compact format.<\/p>\n<h2 data-start=\"1047\" data-end=\"1090\">Flexible mounting for tight spaces<\/h2>\n<p data-start=\"1091\" data-end=\"1414\">Measuring 97x97x50 mm, the SQR 3\u201d is ideal for installations where space is limited. It fits perfectly on ATVs, UTVs, motorcycles, pickups and custom builds, but works equally well as part of multi-lamp solutions on larger vehicles. The compact design makes it easy to integrate discreetly without compromising on the light pattern.<\/p>\n<h2 data-start=\"1416\" data-end=\"1462\">Premium design with dynamic position light<\/h2>\n<p data-start=\"1463\" data-end=\"1681\">The integrated white and orange position light gives an exclusive look right from the start. The Driving Beam light pattern provides a balanced combination of length and width for safe driving on both highways and smaller roads.<\/p>\n<h2 data-start=\"1683\" data-end=\"1725\">Robust construction for tough environments<\/h2>\n<p data-start=\"1726\" data-end=\"1965\">The lamp housing is made of aluminum and is rated IP68\/IP69K for maximum resistance to water, dirt and high pressure. It is E-approved according to R148 and R149 and EMC certified according to R10, making it approved for use in traffic.<\/p>\n<h2 data-start=\"91\" data-end=\"99\">FAQ<\/h2>\n<h3 data-start=\"101\" data-end=\"151\">Is the OZZ SQR 3\u201d approved for road use?<\/h3>\n<p data-start=\"152\" data-end=\"338\">Yes, OZZ SQR 3\u201d is E-approved according to R148 and R149 and EMC-certified according to R10. This means that it meets the requirements for use in traffic when installed according to current regulations.<\/p>\n<h3 data-start=\"340\" data-end=\"412\">Is this auxiliary light suitable for smaller vehicles such as ATVs or motorcycles?<\/h3>\n<p data-start=\"413\" data-end=\"629\">Absolutely. Its ultra-compact size (97 x 97 x 50 mm) makes it ideal for ATVs, UTVs, motorcycles and other vehicles where mounting space is limited. It also works great in multi-lamp solutions on larger vehicles.<\/p>\n<h3 data-start=\"631\" data-end=\"690\">What is the difference between regular mode and boost mode?<\/h3>\n<p data-start=\"691\" data-end=\"904\">In boost mode, the lamp delivers maximum light performance, reaching 1 lux at up to 375 meters. This provides longer range when driving at night. Normal mode is used to meet approved lighting requirements for road traffic where required.<\/p>","protected":false},"excerpt":{"rendered":"<p>Ultra-compact 3&quot; auxiliary light with 3500 measured lumens, dynamic white and orange position light and 375 meter range in boost mode. Perfect for installations where space is limited but performance is crucial.<\/p>","protected":false},"featured_media":26541,"comment_status":"open","ping_status":"closed","template":"","meta":{"_acf_changed":false,"_smort_price_nok":"1495","_smort_price_dkk":"","_smort_price_eur":"","_smort_sale_price_nok":"","_smort_sale_price_dkk":"","_smort_sale_price_eur":"","smort_restorder":"","shipmondo_restorder":"","_kad_blocks_custom_css":"","_kad_blocks_head_custom_js":"","_kad_blocks_body_custom_js":"","_kad_blocks_footer_custom_js":"","smort_custom_pricelist_1":"896","smort_custom_pricelist_2":"784","smort_custom_pricelist_3":"784","smort_custom_pricelist_4":"1120","smort_custom_pricelist_5":"784"},"anvandningsomrade":[],"bilmarken":[],"product_brand":[1051,109],"product_cat":[142],"product_tag":[],"class_list":{"0":"post-26518","1":"product","2":"type-product","3":"status-publish","4":"has-post-thumbnail","6":"product_brand-ozz","7":"product_brand-ozz-lights","8":"product_cat-extraljus","9":"pa_faktisk-effekts-forbrukning-401","10":"pa_fargtemperatur-5000k","11":"pa_fuktskydd-varde-ipxx-ip68","12":"pa_fuktskydd-varde-ipxx-ip69k","13":"pa_godkannande-r10","14":"pa_godkannande-r148","15":"pa_godkannande-r149","16":"pa_lampsockel-kontakt-dt-4","17":"pa_ljusbild-driving","18":"pa_stromforbrukning-1-94-24v","19":"pa_stromforbrukning-4-18-12v","20":"pa_volt-v-multivolt-10-12-16-18-24-28-30-32","22":"first","23":"instock","24":"taxable","25":"shipping-taxable","26":"purchasable","27":"product-type-simple"},"bundled_by":[],"bundle_stock_status":"instock","bundle_stock_quantity":2,"bundle_virtual":false,"bundle_layout":"","bundle_add_to_cart_form_location":"","bundle_editable_in_cart":false,"bundle_sold_individually_context":"","bundle_item_grouping":"","bundle_min_size":"","bundle_max_size":"","bundle_price":[],"bundled_items":[],"bundle_sell_ids":[],"acf":[],"yoast_head":"<!-- This site is optimized with the Yoast SEO plugin v27.0 - https:\/\/yoast.com\/product\/yoast-seo-wordpress\/ -->\n<title>Extraljus SQR 3\u201d 3500lm Driving Beam, OZZ Lights - Xenonkungen OZZ Square Extraljus 3\u201d 3500lm Driving Beam, OZZ Lights<\/title>\n<meta name=\"description\" content=\"K\u00f6p OZZ Square Extraljus 3\u201d 3500lm Driving Beam fr\u00e5n OZZ Lights. Ultrakompakt design med vitt &amp; orange positionsljus. E-godk\u00e4nd. Snabb leverans. \u00d6ppet k\u00f6p 30 dagar. Handla enkelt p\u00e5 xenonkungen.com!\" \/>\n<meta name=\"robots\" content=\"index, follow, max-snippet:-1, max-image-preview:large, max-video-preview:-1\" \/>\n<link rel=\"canonical\" href=\"https:\/\/xenonkungen.com\/en\/product\/extra-light-sqr-3-3500lm-driving-beam-ozz-lights\/\" \/>\n<meta property=\"og:locale\" content=\"en_GB\" \/>\n<meta property=\"og:type\" content=\"article\" \/>\n<meta property=\"og:title\" content=\"Extraljus SQR 3\u201d 3500lm Driving Beam, OZZ Lights - Xenonkungen OZZ Square Extraljus 3\u201d 3500lm Driving Beam, OZZ Lights\" \/>\n<meta property=\"og:description\" content=\"K\u00f6p OZZ Square Extraljus 3\u201d 3500lm Driving Beam fr\u00e5n OZZ Lights. Ultrakompakt design med vitt &amp; orange positionsljus. E-godk\u00e4nd. Snabb leverans. \u00d6ppet k\u00f6p 30 dagar. Handla enkelt p\u00e5 xenonkungen.com!\" \/>\n<meta property=\"og:url\" content=\"https:\/\/xenonkungen.com\/en\/product\/extra-light-sqr-3-3500lm-driving-beam-ozz-lights\/\" \/>\n<meta property=\"og:site_name\" content=\"Xenonkungen\" \/>\n<meta property=\"article:modified_time\" content=\"2026-03-27T08:58:03+00:00\" \/>\n<meta property=\"og:image\" content=\"https:\/\/xenonkungen.com\/wp-content\/uploads\/2026\/02\/DSC06447-665x998-1.jpg\" \/>\n\t<meta property=\"og:image:width\" content=\"665\" \/>\n\t<meta property=\"og:image:height\" content=\"998\" \/>\n\t<meta property=\"og:image:type\" content=\"image\/jpeg\" \/>\n<meta name=\"twitter:card\" content=\"summary_large_image\" \/>\n<meta name=\"twitter:label1\" content=\"Estimated reading time\" \/>\n\t<meta name=\"twitter:data1\" content=\"2 minutes\" \/>\n<script type=\"application\/ld+json\" class=\"yoast-schema-graph\">{\"@context\":\"https:\/\/schema.org\",\"@graph\":[{\"@type\":\"WebPage\",\"@id\":\"https:\/\/xenonkungen.com\/produkt\/extraljus-sqr-3-3500lm-driving-beam-ozz-lights\/\",\"url\":\"https:\/\/xenonkungen.com\/produkt\/extraljus-sqr-3-3500lm-driving-beam-ozz-lights\/\",\"name\":\"Extraljus SQR 3\u201d 3500lm Driving Beam, OZZ Lights - Xenonkungen OZZ Square Extraljus 3\u201d 3500lm Driving Beam, OZZ Lights\",\"isPartOf\":{\"@id\":\"https:\/\/xenonkungen.com\/#website\"},\"primaryImageOfPage\":{\"@id\":\"https:\/\/xenonkungen.com\/produkt\/extraljus-sqr-3-3500lm-driving-beam-ozz-lights\/#primaryimage\"},\"image\":{\"@id\":\"https:\/\/xenonkungen.com\/produkt\/extraljus-sqr-3-3500lm-driving-beam-ozz-lights\/#primaryimage\"},\"thumbnailUrl\":\"https:\/\/xenonkungen.com\/wp-content\/uploads\/2026\/02\/DSC06447-665x998-1.jpg\",\"datePublished\":\"2026-02-20T12:43:58+00:00\",\"dateModified\":\"2026-03-27T08:58:03+00:00\",\"description\":\"K\u00f6p OZZ Square Extraljus 3\u201d 3500lm Driving Beam fr\u00e5n OZZ Lights. Ultrakompakt design med vitt & orange positionsljus. E-godk\u00e4nd. Snabb leverans. \u00d6ppet k\u00f6p 30 dagar. Handla enkelt p\u00e5 xenonkungen.com!\",\"breadcrumb\":{\"@id\":\"https:\/\/xenonkungen.com\/produkt\/extraljus-sqr-3-3500lm-driving-beam-ozz-lights\/#breadcrumb\"},\"inLanguage\":\"en-GB\",\"potentialAction\":[{\"@type\":\"ReadAction\",\"target\":[\"https:\/\/xenonkungen.com\/produkt\/extraljus-sqr-3-3500lm-driving-beam-ozz-lights\/\"]}]},{\"@type\":\"ImageObject\",\"inLanguage\":\"en-GB\",\"@id\":\"https:\/\/xenonkungen.com\/produkt\/extraljus-sqr-3-3500lm-driving-beam-ozz-lights\/#primaryimage\",\"url\":\"https:\/\/xenonkungen.com\/wp-content\/uploads\/2026\/02\/DSC06447-665x998-1.jpg\",\"contentUrl\":\"https:\/\/xenonkungen.com\/wp-content\/uploads\/2026\/02\/DSC06447-665x998-1.jpg\",\"width\":665,\"height\":998},{\"@type\":\"BreadcrumbList\",\"@id\":\"https:\/\/xenonkungen.com\/produkt\/extraljus-sqr-3-3500lm-driving-beam-ozz-lights\/#breadcrumb\",\"itemListElement\":[{\"@type\":\"ListItem\",\"position\":1,\"name\":\"Hem\",\"item\":\"https:\/\/xenonkungen.com\/\"},{\"@type\":\"ListItem\",\"position\":2,\"name\":\"Shop\",\"item\":\"https:\/\/xenonkungen.com\/shop\/\"},{\"@type\":\"ListItem\",\"position\":3,\"name\":\"Extraljus SQR 3\u201d 3500lm Driving Beam, OZZ Lights\"}]},{\"@type\":\"WebSite\",\"@id\":\"https:\/\/xenonkungen.com\/#website\",\"url\":\"https:\/\/xenonkungen.com\/\",\"name\":\"Xenonkungen\",\"description\":\"\",\"potentialAction\":[{\"@type\":\"SearchAction\",\"target\":{\"@type\":\"EntryPoint\",\"urlTemplate\":\"https:\/\/xenonkungen.com\/?s={search_term_string}\"},\"query-input\":{\"@type\":\"PropertyValueSpecification\",\"valueRequired\":true,\"valueName\":\"search_term_string\"}}],\"inLanguage\":\"en-GB\"}]}<\/script>\n<!-- \/ Yoast SEO plugin. -->","yoast_head_json":{"title":"Auxiliary light SQR 3\u201d 3500lm Driving Beam, OZZ Lights - Xenonkungen OZZ Square Auxiliary light 3\u201d 3500lm Driving Beam, OZZ Lights","description":"Buy OZZ Square Auxiliary Lights 3\u201d 3500lm Driving Beam from OZZ Lights. Ultra-compact design with white &amp; orange position light. E-approved. Fast delivery. Open purchase 30 days. Shop easily at xenonkungen.com!","robots":{"index":"index","follow":"follow","max-snippet":"max-snippet:-1","max-image-preview":"max-image-preview:large","max-video-preview":"max-video-preview:-1"},"canonical":"https:\/\/xenonkungen.com\/en\/product\/extra-light-sqr-3-3500lm-driving-beam-ozz-lights\/","og_locale":"en_GB","og_type":"article","og_title":"Extraljus SQR 3\u201d 3500lm Driving Beam, OZZ Lights - Xenonkungen OZZ Square Extraljus 3\u201d 3500lm Driving Beam, OZZ Lights","og_description":"K\u00f6p OZZ Square Extraljus 3\u201d 3500lm Driving Beam fr\u00e5n OZZ Lights. Ultrakompakt design med vitt & orange positionsljus. E-godk\u00e4nd. Snabb leverans. \u00d6ppet k\u00f6p 30 dagar. Handla enkelt p\u00e5 xenonkungen.com!","og_url":"https:\/\/xenonkungen.com\/en\/product\/extra-light-sqr-3-3500lm-driving-beam-ozz-lights\/","og_site_name":"Xenonkungen","article_modified_time":"2026-03-27T08:58:03+00:00","og_image":[{"width":665,"height":998,"url":"https:\/\/xenonkungen.com\/wp-content\/uploads\/2026\/02\/DSC06447-665x998-1.jpg","type":"image\/jpeg"}],"twitter_card":"summary_large_image","twitter_misc":{"Estimated reading time":"2 minutes"},"schema":{"@context":"https:\/\/schema.org","@graph":[{"@type":"WebPage","@id":"https:\/\/xenonkungen.com\/produkt\/extraljus-sqr-3-3500lm-driving-beam-ozz-lights\/","url":"https:\/\/xenonkungen.com\/produkt\/extraljus-sqr-3-3500lm-driving-beam-ozz-lights\/","name":"Auxiliary light SQR 3\u201d 3500lm Driving Beam, OZZ Lights - Xenonkungen OZZ Square Auxiliary light 3\u201d 3500lm Driving Beam, OZZ Lights","isPartOf":{"@id":"https:\/\/xenonkungen.com\/#website"},"primaryImageOfPage":{"@id":"https:\/\/xenonkungen.com\/produkt\/extraljus-sqr-3-3500lm-driving-beam-ozz-lights\/#primaryimage"},"image":{"@id":"https:\/\/xenonkungen.com\/produkt\/extraljus-sqr-3-3500lm-driving-beam-ozz-lights\/#primaryimage"},"thumbnailUrl":"https:\/\/xenonkungen.com\/wp-content\/uploads\/2026\/02\/DSC06447-665x998-1.jpg","datePublished":"2026-02-20T12:43:58+00:00","dateModified":"2026-03-27T08:58:03+00:00","description":"Buy OZZ Square Auxiliary Lights 3\u201d 3500lm Driving Beam from OZZ Lights. Ultra-compact design with white &amp; orange position light. E-approved. Fast delivery. Open purchase 30 days. Shop easily at xenonkungen.com!","breadcrumb":{"@id":"https:\/\/xenonkungen.com\/produkt\/extraljus-sqr-3-3500lm-driving-beam-ozz-lights\/#breadcrumb"},"inLanguage":"en-GB","potentialAction":[{"@type":"ReadAction","target":["https:\/\/xenonkungen.com\/produkt\/extraljus-sqr-3-3500lm-driving-beam-ozz-lights\/"]}]},{"@type":"ImageObject","inLanguage":"en-GB","@id":"https:\/\/xenonkungen.com\/produkt\/extraljus-sqr-3-3500lm-driving-beam-ozz-lights\/#primaryimage","url":"https:\/\/xenonkungen.com\/wp-content\/uploads\/2026\/02\/DSC06447-665x998-1.jpg","contentUrl":"https:\/\/xenonkungen.com\/wp-content\/uploads\/2026\/02\/DSC06447-665x998-1.jpg","width":665,"height":998},{"@type":"BreadcrumbList","@id":"https:\/\/xenonkungen.com\/produkt\/extraljus-sqr-3-3500lm-driving-beam-ozz-lights\/#breadcrumb","itemListElement":[{"@type":"ListItem","position":1,"name":"Hem","item":"https:\/\/xenonkungen.com\/"},{"@type":"ListItem","position":2,"name":"Shop","item":"https:\/\/xenonkungen.com\/shop\/"},{"@type":"ListItem","position":3,"name":"Extraljus SQR 3\u201d 3500lm Driving Beam, OZZ Lights"}]},{"@type":"WebSite","@id":"https:\/\/xenonkungen.com\/#website","url":"https:\/\/xenonkungen.com\/","name":"Xenonkungen","description":"","potentialAction":[{"@type":"SearchAction","target":{"@type":"EntryPoint","urlTemplate":"https:\/\/xenonkungen.com\/?s={search_term_string}"},"query-input":{"@type":"PropertyValueSpecification","valueRequired":true,"valueName":"search_term_string"}}],"inLanguage":"en-GB"}]}},"taxonomy_info":{"product_brand":[{"value":1051,"label":"OZZ"},{"value":109,"label":"OZZ LIGHTS"}],"product_cat":[{"value":142,"label":"Extraljus"}],"pa_faktisk-effekts-forbrukning":[{"value":401,"label":"60"}],"pa_fargtemperatur":[{"value":154,"label":"5000K"}],"pa_fuktskydd-varde-ipxx":[{"value":177,"label":"IP68"},{"value":155,"label":"IP69K"}],"pa_godkannande":[{"value":184,"label":"R10"},{"value":185,"label":"R148"},{"value":186,"label":"R149"}],"pa_lampsockel-kontakt":[{"value":181,"label":"DT-4"}],"pa_ljusbild":[{"value":178,"label":"Driving"}],"pa_stromforbrukning":[{"value":2885,"label":"1.94 @24V"},{"value":2884,"label":"4.18 @12V"}],"pa_volt-v":[{"value":1084,"label":"Multivolt, 10, 12, 16, 18, 24, 28, 30, 32"}]},"featured_image_src_large":["https:\/\/xenonkungen.com\/wp-content\/uploads\/2026\/02\/DSC06447-665x998-1.jpg",665,998,false],"author_info":[],"comment_info":0,"_links":{"self":[{"href":"https:\/\/xenonkungen.com\/en\/wp-json\/wp\/v2\/product\/26518","targetHints":{"allow":["GET"]}}],"collection":[{"href":"https:\/\/xenonkungen.com\/en\/wp-json\/wp\/v2\/product"}],"about":[{"href":"https:\/\/xenonkungen.com\/en\/wp-json\/wp\/v2\/types\/product"}],"replies":[{"embeddable":true,"href":"https:\/\/xenonkungen.com\/en\/wp-json\/wp\/v2\/comments?post=26518"}],"wp:featuredmedia":[{"embeddable":true,"href":"https:\/\/xenonkungen.com\/en\/wp-json\/wp\/v2\/media\/26541"}],"wp:attachment":[{"href":"https:\/\/xenonkungen.com\/en\/wp-json\/wp\/v2\/media?parent=26518"}],"wp:term":[{"taxonomy":"anvandningsomrade","embeddable":true,"href":"https:\/\/xenonkungen.com\/en\/wp-json\/wp\/v2\/anvandningsomrade?post=26518"},{"taxonomy":"bilmarken","embeddable":true,"href":"https:\/\/xenonkungen.com\/en\/wp-json\/wp\/v2\/bilmarken?post=26518"},{"taxonomy":"product_brand","embeddable":true,"href":"https:\/\/xenonkungen.com\/en\/wp-json\/wp\/v2\/product_brand?post=26518"},{"taxonomy":"product_cat","embeddable":true,"href":"https:\/\/xenonkungen.com\/en\/wp-json\/wp\/v2\/product_cat?post=26518"},{"taxonomy":"product_tag","embeddable":true,"href":"https:\/\/xenonkungen.com\/en\/wp-json\/wp\/v2\/product_tag?post=26518"}],"curies":[{"name":"wp","href":"https:\/\/api.w.org\/{rel}","templated":true}]}}