{"id":2655,"date":"2025-04-15T08:40:34","date_gmt":"2025-04-15T08:40:34","guid":{"rendered":"https:\/\/xenonkungen.com\/product\/xenonlook-halogen-9006-hb4\/"},"modified":"2026-04-10T23:54:02","modified_gmt":"2026-04-10T22:54:02","slug":"xenon-look-halogen-9006-hb4","status":"publish","type":"product","link":"https:\/\/xenonkungen.com\/en\/product\/xenon-look-halogen-9006-hb4\/","title":{"rendered":"Xenonlook Halogen | 9006.HB4"},"content":{"rendered":"<p>Our new range with halogen xenon look.<br \/>\nPerfect for giving your car a more modern look.<\/p>\n<p>These lamps are really good considering that they have normal standard power. It is therefore only in appearance (light colour) that they aspire to xenon light.<\/p>\n<p>The lamps fit equally well in the vehicle's regular lighting, or in auxiliary lights.<\/p>\n<p>You simply select the plinth you have today in the menu.<\/p>\n<p>If you are looking for a more yellow light, our \"Offroad\" series gives you the classic Le Mans light with a yellow tone.<\/p>\n<p><strong>Good to know<\/strong><br \/>\nThese bulbs change just the same as any halogen bulb, making this an item we believe everyone can change themselves<\/p>","protected":false},"excerpt":{"rendered":"<p>Xenonlook Halogen lamp with good performance and whiter light! For those who want to modernise the look without switching to LED or Xenon<\/p>\n<p>Same effect as original halogen<\/p>\n<p>Good lifetime 4-500 hours<\/p>\n<p>E-labelled, Approved for use on the road<\/p>\n<p>Whiter light<\/p>\n<p>High quality<\/p>","protected":false},"featured_media":2656,"comment_status":"closed","ping_status":"closed","template":"","meta":{"_acf_changed":false,"_smort_price_nok":"60","_smort_price_dkk":"132","_smort_price_eur":"17.73","_smort_sale_price_nok":"60","_smort_sale_price_dkk":"","_smort_sale_price_eur":"5.11","smort_restorder":"","shipmondo_restorder":"","_kad_blocks_custom_css":"","_kad_blocks_head_custom_js":"","_kad_blocks_body_custom_js":"","_kad_blocks_footer_custom_js":"","smort_custom_pricelist_1":"124.8","smort_custom_pricelist_2":"109.2","smort_custom_pricelist_3":"103.74","smort_custom_pricelist_4":"156","smort_custom_pricelist_5":"109.2"},"anvandningsomrade":[],"bilmarken":[],"product_brand":[117],"product_cat":[2543,733],"product_tag":[],"class_list":{"0":"post-2655","1":"product","2":"type-product","3":"status-publish","4":"has-post-thumbnail","6":"product_brand-xenonkungen","7":"product_cat-halogen-halvljus-helljus","8":"product_cat-halvljus-helljus","9":"pa_faktisk-effekts-forbrukning-846","10":"pa_fargtemperatur-4500k","11":"pa_godkannande-e-markt","12":"pa_lampsockel-kontakt-9006-hb4","13":"pa_volt-v-12v","15":"first","16":"instock","17":"sale","18":"taxable","19":"shipping-taxable","20":"purchasable","21":"product-type-simple"},"bundled_by":[],"bundle_stock_status":"instock","bundle_stock_quantity":62,"bundle_virtual":false,"bundle_layout":"","bundle_add_to_cart_form_location":"","bundle_editable_in_cart":false,"bundle_sold_individually_context":"","bundle_item_grouping":"","bundle_min_size":"","bundle_max_size":"","bundle_price":[],"bundled_items":[],"bundle_sell_ids":[],"acf":[],"yoast_head":"<!-- This site is optimized with the Yoast SEO plugin v27.0 - https:\/\/yoast.com\/product\/yoast-seo-wordpress\/ -->\n<title>Xenonlook Halogen | 9006.HB4 - Xenonkungen<\/title>\n<meta name=\"robots\" content=\"index, follow, max-snippet:-1, max-image-preview:large, max-video-preview:-1\" \/>\n<link rel=\"canonical\" href=\"https:\/\/xenonkungen.com\/en\/product\/xenon-look-halogen-9006-hb4\/\" \/>\n<meta property=\"og:locale\" content=\"en_GB\" \/>\n<meta property=\"og:type\" content=\"article\" \/>\n<meta property=\"og:title\" content=\"Xenonlook Halogen | 9006.HB4 - Xenonkungen\" \/>\n<meta property=\"og:description\" content=\"Xenonlook Halogenlampa med god prestanda och vitare ljus! F\u00f6r dig som vill modernisera utseendet utan att byta till LED eller Xenon  Samma effekt som orginal halogen  God livsl\u00e4ngd 4-500 timmar  E-M\u00e4rkt, Godk\u00e4nd att anv\u00e4nda p\u00e5 v\u00e4g  Vitare ljus  H\u00f6g kvalitet\" \/>\n<meta property=\"og:url\" content=\"https:\/\/xenonkungen.com\/en\/product\/xenon-look-halogen-9006-hb4\/\" \/>\n<meta property=\"og:site_name\" content=\"Xenonkungen\" \/>\n<meta property=\"article:modified_time\" content=\"2026-04-10T22:54:02+00:00\" \/>\n<meta property=\"og:image\" content=\"https:\/\/xenonkungen.com\/wp-content\/uploads\/2025\/04\/167049021-origpic-c77221.png\" \/>\n\t<meta property=\"og:image:width\" content=\"1000\" \/>\n\t<meta property=\"og:image:height\" content=\"1000\" \/>\n\t<meta property=\"og:image:type\" content=\"image\/png\" \/>\n<meta name=\"twitter:card\" content=\"summary_large_image\" \/>\n<meta name=\"twitter:label1\" content=\"Estimated reading time\" \/>\n\t<meta name=\"twitter:data1\" content=\"1 minute\" \/>\n<script type=\"application\/ld+json\" class=\"yoast-schema-graph\">{\"@context\":\"https:\/\/schema.org\",\"@graph\":[{\"@type\":\"WebPage\",\"@id\":\"https:\/\/xenonkungen.com\/produkt\/xenonlook-halogen-9006-hb4\/\",\"url\":\"https:\/\/xenonkungen.com\/produkt\/xenonlook-halogen-9006-hb4\/\",\"name\":\"Xenonlook Halogen | 9006.HB4 - Xenonkungen\",\"isPartOf\":{\"@id\":\"https:\/\/xenonkungen.com\/#website\"},\"primaryImageOfPage\":{\"@id\":\"https:\/\/xenonkungen.com\/produkt\/xenonlook-halogen-9006-hb4\/#primaryimage\"},\"image\":{\"@id\":\"https:\/\/xenonkungen.com\/produkt\/xenonlook-halogen-9006-hb4\/#primaryimage\"},\"thumbnailUrl\":\"https:\/\/xenonkungen.com\/wp-content\/uploads\/2025\/04\/167049021-origpic-c77221.png\",\"datePublished\":\"2025-04-15T08:40:34+00:00\",\"dateModified\":\"2026-04-10T22:54:02+00:00\",\"breadcrumb\":{\"@id\":\"https:\/\/xenonkungen.com\/produkt\/xenonlook-halogen-9006-hb4\/#breadcrumb\"},\"inLanguage\":\"en-GB\",\"potentialAction\":[{\"@type\":\"ReadAction\",\"target\":[\"https:\/\/xenonkungen.com\/produkt\/xenonlook-halogen-9006-hb4\/\"]}]},{\"@type\":\"ImageObject\",\"inLanguage\":\"en-GB\",\"@id\":\"https:\/\/xenonkungen.com\/produkt\/xenonlook-halogen-9006-hb4\/#primaryimage\",\"url\":\"https:\/\/xenonkungen.com\/wp-content\/uploads\/2025\/04\/167049021-origpic-c77221.png\",\"contentUrl\":\"https:\/\/xenonkungen.com\/wp-content\/uploads\/2025\/04\/167049021-origpic-c77221.png\",\"width\":1000,\"height\":1000},{\"@type\":\"BreadcrumbList\",\"@id\":\"https:\/\/xenonkungen.com\/produkt\/xenonlook-halogen-9006-hb4\/#breadcrumb\",\"itemListElement\":[{\"@type\":\"ListItem\",\"position\":1,\"name\":\"Hem\",\"item\":\"https:\/\/xenonkungen.com\/\"},{\"@type\":\"ListItem\",\"position\":2,\"name\":\"Shop\",\"item\":\"https:\/\/xenonkungen.com\/shop\/\"},{\"@type\":\"ListItem\",\"position\":3,\"name\":\"Xenonlook Halogen | 9006.HB4\"}]},{\"@type\":\"WebSite\",\"@id\":\"https:\/\/xenonkungen.com\/#website\",\"url\":\"https:\/\/xenonkungen.com\/\",\"name\":\"Xenonkungen\",\"description\":\"\",\"potentialAction\":[{\"@type\":\"SearchAction\",\"target\":{\"@type\":\"EntryPoint\",\"urlTemplate\":\"https:\/\/xenonkungen.com\/?s={search_term_string}\"},\"query-input\":{\"@type\":\"PropertyValueSpecification\",\"valueRequired\":true,\"valueName\":\"search_term_string\"}}],\"inLanguage\":\"en-GB\"}]}<\/script>\n<!-- \/ Yoast SEO plugin. -->","yoast_head_json":{"title":"Xenon look Halogen | 9006.HB4 - The Xenon King","robots":{"index":"index","follow":"follow","max-snippet":"max-snippet:-1","max-image-preview":"max-image-preview:large","max-video-preview":"max-video-preview:-1"},"canonical":"https:\/\/xenonkungen.com\/en\/product\/xenon-look-halogen-9006-hb4\/","og_locale":"en_GB","og_type":"article","og_title":"Xenonlook Halogen | 9006.HB4 - Xenonkungen","og_description":"Xenonlook Halogenlampa med god prestanda och vitare ljus! F\u00f6r dig som vill modernisera utseendet utan att byta till LED eller Xenon  Samma effekt som orginal halogen  God livsl\u00e4ngd 4-500 timmar  E-M\u00e4rkt, Godk\u00e4nd att anv\u00e4nda p\u00e5 v\u00e4g  Vitare ljus  H\u00f6g kvalitet","og_url":"https:\/\/xenonkungen.com\/en\/product\/xenon-look-halogen-9006-hb4\/","og_site_name":"Xenonkungen","article_modified_time":"2026-04-10T22:54:02+00:00","og_image":[{"width":1000,"height":1000,"url":"https:\/\/xenonkungen.com\/wp-content\/uploads\/2025\/04\/167049021-origpic-c77221.png","type":"image\/png"}],"twitter_card":"summary_large_image","twitter_misc":{"Estimated reading time":"1 minute"},"schema":{"@context":"https:\/\/schema.org","@graph":[{"@type":"WebPage","@id":"https:\/\/xenonkungen.com\/produkt\/xenonlook-halogen-9006-hb4\/","url":"https:\/\/xenonkungen.com\/produkt\/xenonlook-halogen-9006-hb4\/","name":"Xenon look Halogen | 9006.HB4 - The Xenon King","isPartOf":{"@id":"https:\/\/xenonkungen.com\/#website"},"primaryImageOfPage":{"@id":"https:\/\/xenonkungen.com\/produkt\/xenonlook-halogen-9006-hb4\/#primaryimage"},"image":{"@id":"https:\/\/xenonkungen.com\/produkt\/xenonlook-halogen-9006-hb4\/#primaryimage"},"thumbnailUrl":"https:\/\/xenonkungen.com\/wp-content\/uploads\/2025\/04\/167049021-origpic-c77221.png","datePublished":"2025-04-15T08:40:34+00:00","dateModified":"2026-04-10T22:54:02+00:00","breadcrumb":{"@id":"https:\/\/xenonkungen.com\/produkt\/xenonlook-halogen-9006-hb4\/#breadcrumb"},"inLanguage":"en-GB","potentialAction":[{"@type":"ReadAction","target":["https:\/\/xenonkungen.com\/produkt\/xenonlook-halogen-9006-hb4\/"]}]},{"@type":"ImageObject","inLanguage":"en-GB","@id":"https:\/\/xenonkungen.com\/produkt\/xenonlook-halogen-9006-hb4\/#primaryimage","url":"https:\/\/xenonkungen.com\/wp-content\/uploads\/2025\/04\/167049021-origpic-c77221.png","contentUrl":"https:\/\/xenonkungen.com\/wp-content\/uploads\/2025\/04\/167049021-origpic-c77221.png","width":1000,"height":1000},{"@type":"BreadcrumbList","@id":"https:\/\/xenonkungen.com\/produkt\/xenonlook-halogen-9006-hb4\/#breadcrumb","itemListElement":[{"@type":"ListItem","position":1,"name":"Hem","item":"https:\/\/xenonkungen.com\/"},{"@type":"ListItem","position":2,"name":"Shop","item":"https:\/\/xenonkungen.com\/shop\/"},{"@type":"ListItem","position":3,"name":"Xenonlook Halogen | 9006.HB4"}]},{"@type":"WebSite","@id":"https:\/\/xenonkungen.com\/#website","url":"https:\/\/xenonkungen.com\/","name":"Xenonkungen","description":"","potentialAction":[{"@type":"SearchAction","target":{"@type":"EntryPoint","urlTemplate":"https:\/\/xenonkungen.com\/?s={search_term_string}"},"query-input":{"@type":"PropertyValueSpecification","valueRequired":true,"valueName":"search_term_string"}}],"inLanguage":"en-GB"}]}},"taxonomy_info":{"product_brand":[{"value":117,"label":"Xenonkungen"}],"product_cat":[{"value":2543,"label":"Halogen"},{"value":733,"label":"Halvljus \/ Helljus"}],"pa_faktisk-effekts-forbrukning":[{"value":846,"label":"51"}],"pa_fargtemperatur":[{"value":842,"label":"4500K"}],"pa_godkannande":[{"value":191,"label":"E-m\u00e4rkt"}],"pa_lampsockel-kontakt":[{"value":326,"label":"9006 , HB4"}],"pa_volt-v":[{"value":843,"label":"12V"}]},"featured_image_src_large":["https:\/\/xenonkungen.com\/wp-content\/uploads\/2025\/04\/167049021-origpic-c77221.png",1000,1000,false],"author_info":[],"comment_info":0,"_links":{"self":[{"href":"https:\/\/xenonkungen.com\/en\/wp-json\/wp\/v2\/product\/2655","targetHints":{"allow":["GET"]}}],"collection":[{"href":"https:\/\/xenonkungen.com\/en\/wp-json\/wp\/v2\/product"}],"about":[{"href":"https:\/\/xenonkungen.com\/en\/wp-json\/wp\/v2\/types\/product"}],"replies":[{"embeddable":true,"href":"https:\/\/xenonkungen.com\/en\/wp-json\/wp\/v2\/comments?post=2655"}],"wp:featuredmedia":[{"embeddable":true,"href":"https:\/\/xenonkungen.com\/en\/wp-json\/wp\/v2\/media\/2656"}],"wp:attachment":[{"href":"https:\/\/xenonkungen.com\/en\/wp-json\/wp\/v2\/media?parent=2655"}],"wp:term":[{"taxonomy":"anvandningsomrade","embeddable":true,"href":"https:\/\/xenonkungen.com\/en\/wp-json\/wp\/v2\/anvandningsomrade?post=2655"},{"taxonomy":"bilmarken","embeddable":true,"href":"https:\/\/xenonkungen.com\/en\/wp-json\/wp\/v2\/bilmarken?post=2655"},{"taxonomy":"product_brand","embeddable":true,"href":"https:\/\/xenonkungen.com\/en\/wp-json\/wp\/v2\/product_brand?post=2655"},{"taxonomy":"product_cat","embeddable":true,"href":"https:\/\/xenonkungen.com\/en\/wp-json\/wp\/v2\/product_cat?post=2655"},{"taxonomy":"product_tag","embeddable":true,"href":"https:\/\/xenonkungen.com\/en\/wp-json\/wp\/v2\/product_tag?post=2655"}],"curies":[{"name":"wp","href":"https:\/\/api.w.org\/{rel}","templated":true}]}}