{"id":27189,"date":"2026-03-05T13:58:17","date_gmt":"2026-03-05T12:58:17","guid":{"rendered":"https:\/\/xenonkungen.com\/?post_type=product&#038;p=27189"},"modified":"2026-04-20T08:20:54","modified_gmt":"2026-04-20T07:20:54","slug":"luxtar-master-slave-x4-xbb-powerunit-dongle-copy","status":"publish","type":"product","link":"https:\/\/xenonkungen.com\/en\/product\/luxtar-master-slave-x4-xbb-powerunit-dongle-copy\/","title":{"rendered":"Luxtar Master &amp; Slave x4 + XBB PowerUnit &amp; Dongle"},"content":{"rendered":"<h2 data-start=\"586\" data-end=\"618\">Smart lighting control via OBD-II<\/h2>\n<p data-start=\"620\" data-end=\"866\">This package combines the XBB OBD-II Dongle and XBB PowerUnit with Luxtar&#039;s advanced Relay Cable Kit Master &amp; Slave. The solution allows you to control auxiliary lights, LED ramps, work lights and reverse lights wirelessly via the car&#039;s OBD socket and the XBB app.<\/p>\n<p data-start=\"868\" data-end=\"1119\">The installation takes place without connecting to the car&#039;s high beam signal, making the system ideal for modern vehicles with CAN bus. The dongle reads the car&#039;s signals directly via the OBD socket and sends them wirelessly to the PowerUnit relay that controls the lighting.<\/p>\n<p data-start=\"1121\" data-end=\"1216\">The system works on both 12V and 24V and can control up to four PowerUnits from the same dongle.<\/p>\n<h2 data-start=\"1218\" data-end=\"1252\">Master &amp; Slave x4 \u2013 for high power<\/h2>\n<p data-start=\"1254\" data-end=\"1432\">For powerful auxiliary lights, a standard relay is often not enough. The Luxtar Relay Cable Kit Master &amp; Slave is therefore equipped with a powerful 80A slave relay that is controlled via the XBB PowerUnit.<\/p>\n<p data-start=\"1434\" data-end=\"1535\">This makes it possible to install significantly stronger lighting than a standard XBB relay can handle.<\/p>\n<p data-start=\"1537\" data-end=\"1583\">The system enables, for example, the installation of:<\/p>\n<ul data-start=\"1585\" data-end=\"1664\">\n<li data-start=\"1585\" data-end=\"1623\">\n<p data-start=\"1587\" data-end=\"1623\">up to <strong data-start=\"1596\" data-end=\"1621\">40A \/ 500W (1 output)<\/strong><\/p>\n<\/li>\n<li data-start=\"1624\" data-end=\"1664\">\n<p data-start=\"1626\" data-end=\"1664\">up to <strong data-start=\"1635\" data-end=\"1662\">60A \/ 750W (4 outputs)<\/strong><\/p>\n<\/li>\n<\/ul>\n<p data-start=\"1666\" data-end=\"1780\">The result is a stable, safe and future-proof installation even for very powerful LED ramps and auxiliary lights.<\/p>\n<h2 data-start=\"1782\" data-end=\"1825\">Easy installation and flexible control<\/h2>\n<p data-start=\"1827\" data-end=\"2017\">Installation is plug-and-play and only requires the dongle to be plugged into the car&#039;s OBD socket. The PowerUnit is then paired in the XBB app where you can choose which functions should activate the lighting.<\/p>\n<p data-start=\"2019\" data-end=\"2054\">For example, you can control the light via:<\/p>\n<ul data-start=\"2056\" data-end=\"2161\">\n<li data-start=\"2056\" data-end=\"2067\">\n<p data-start=\"2058\" data-end=\"2067\">high beam<\/p>\n<\/li>\n<li data-start=\"2068\" data-end=\"2081\">\n<p data-start=\"2070\" data-end=\"2081\">reverse gear<\/p>\n<\/li>\n<li data-start=\"2082\" data-end=\"2099\">\n<p data-start=\"2084\" data-end=\"2099\">position light<\/p>\n<\/li>\n<li data-start=\"2100\" data-end=\"2107\">\n<p data-start=\"2102\" data-end=\"2107\">DRL<\/p>\n<\/li>\n<li data-start=\"2108\" data-end=\"2161\">\n<p data-start=\"2110\" data-end=\"2161\">manual activation via app or XBB Smart Button<\/p>\n<\/li>\n<\/ul>\n<p data-start=\"2163\" data-end=\"2311\">The relay cable set is dimensioned for high loads and comes with waterproof Deutsch connectors for a professional and reliable installation.<\/p>\n<h2 data-start=\"2313\" data-end=\"2337\">This is included in the package<\/h2>\n<ul data-start=\"2339\" data-end=\"2764\">\n<li data-start=\"2339\" data-end=\"2364\">\n<p data-start=\"2341\" data-end=\"2364\">1 \u00d7 XBB OBD-II Dongle<\/p>\n<\/li>\n<li data-start=\"2365\" data-end=\"2402\">\n<p data-start=\"2367\" data-end=\"2402\">1 \u00d7 XBB PowerUnit (wireless relay)<\/p>\n<\/li>\n<li data-start=\"2403\" data-end=\"2448\">\n<p data-start=\"2405\" data-end=\"2448\">1 \u00d7 Luxtar Relay Cable Kit Master &amp; Slave x4<\/p>\n<\/li>\n<li data-start=\"2449\" data-end=\"2481\">\n<p data-start=\"2451\" data-end=\"2481\">1 \u00d7 80A relay with relay holder<\/p>\n<\/li>\n<li data-start=\"2482\" data-end=\"2538\">\n<p data-start=\"2484\" data-end=\"2538\">1 \u00d7 additional relay holder for control via XBB PowerUnit<\/p>\n<\/li>\n<li data-start=\"2539\" data-end=\"2578\">\n<p data-start=\"2541\" data-end=\"2578\">1 \u00d7 40A fuse with fuse holder<\/p>\n<\/li>\n<li data-start=\"2579\" data-end=\"2603\">\n<p data-start=\"2581\" data-end=\"2603\">2 m connection cable<\/p>\n<\/li>\n<li data-start=\"2604\" data-end=\"2636\">\n<p data-start=\"2606\" data-end=\"2636\">Power cables and signal cables<\/p>\n<\/li>\n<li data-start=\"2637\" data-end=\"2708\">\n<p data-start=\"2639\" data-end=\"2708\">Mounting materials (shrink tubing, cable ties, ring terminals and splice sleeves)<\/p>\n<\/li>\n<li data-start=\"2709\" data-end=\"2764\">\n<p data-start=\"2711\" data-end=\"2764\">Selectable Deutsch connector: 4x DT-3 | DT-4 | DTP-2 | DTP-4<\/p>\n<\/li>\n<\/ul>\n<h2 data-start=\"2766\" data-end=\"2783\">Compatibility<\/h2>\n<p data-start=\"2785\" data-end=\"2933\">The system is developed for modern vehicles with OBD sockets and supported by XBB&#039;s vehicle database. New vehicle profiles are added continuously via app updates.<\/p>","protected":false},"excerpt":{"rendered":"<p>Complete auxiliary light package with XBB OBD-II Dongel, PowerUnit and Luxtar Relay Cable Kit Master &amp; Slave x4. A smart plug-and-play solution for CAN bus controlled vehicles that provides wireless light control and capacity for powerful LED bars and auxiliary lights.<\/p>","protected":false},"featured_media":27188,"comment_status":"open","ping_status":"closed","template":"","meta":{"_acf_changed":false,"_smort_price_nok":"3514","_smort_price_dkk":"","_smort_price_eur":"","_smort_sale_price_nok":"","_smort_sale_price_dkk":"","_smort_sale_price_eur":"","smort_restorder":"","shipmondo_restorder":"","_kad_blocks_custom_css":"","_kad_blocks_head_custom_js":"","_kad_blocks_body_custom_js":"","_kad_blocks_footer_custom_js":"","smort_custom_pricelist_1":"2105.6","smort_custom_pricelist_2":"1842.4","smort_custom_pricelist_3":"1710.8","smort_custom_pricelist_4":"2632","smort_custom_pricelist_5":"1842.4"},"anvandningsomrade":[],"bilmarken":[],"product_brand":[115],"product_cat":[2487,2795,2821,2490,2497,390],"product_tag":[],"class_list":{"0":"post-27189","1":"product","2":"type-product","3":"status-publish","4":"has-post-thumbnail","6":"product_brand-xbb","7":"product_cat-canbus-installation","8":"product_cat-kablar-rela","9":"product_cat-luxtar-relakabelsatser","10":"product_cat-relasats-2","11":"product_cat-xbb","12":"product_cat-installation","14":"first","15":"onbackorder","16":"taxable","17":"shipping-taxable","18":"purchasable","19":"product-type-bundle"},"bundled_by":[],"bundle_stock_status":"instock","bundle_stock_quantity":"","bundle_virtual":false,"bundle_layout":"default","bundle_add_to_cart_form_location":"default","bundle_editable_in_cart":false,"bundle_sold_individually_context":"product","bundle_item_grouping":"parent","bundle_min_size":"","bundle_max_size":"","bundle_price":{"price":{"min":{"incl_tax":"299.06","excl_tax":"239.25098456"},"max":{"incl_tax":"299.06","excl_tax":"239.25098456"}},"regular_price":{"min":{"incl_tax":"299.06","excl_tax":"239.25098456"},"max":{"incl_tax":"299.06","excl_tax":"239.25098456"}}},"bundled_items":[{"bundled_item_id":603,"product_id":26250,"menu_order":0,"quantity_min":1,"quantity_max":1,"quantity_default":1,"priced_individually":false,"shipped_individually":false,"override_title":false,"title":"Luxtar Relay Cable Set Master &amp; Slave X 4 | 12V | 80A Relay","override_description":false,"description":"","optional":false,"hide_thumbnail":false,"discount":"","override_variations":false,"allowed_variations":[],"override_default_variation_attributes":false,"default_variation_attributes":[],"single_product_visibility":"visible","cart_visibility":"visible","order_visibility":"visible","single_product_price_visibility":"visible","cart_price_visibility":"visible","order_price_visibility":"visible","stock_status":"in_stock"},{"bundled_item_id":604,"product_id":1538,"menu_order":1,"quantity_min":1,"quantity_max":1,"quantity_default":1,"priced_individually":false,"shipped_individually":false,"override_title":false,"title":"XBB OBD-II Dongle + PowerUnit","override_description":false,"description":"","optional":false,"hide_thumbnail":false,"discount":"","override_variations":false,"allowed_variations":[],"override_default_variation_attributes":false,"default_variation_attributes":[],"single_product_visibility":"visible","cart_visibility":"visible","order_visibility":"visible","single_product_price_visibility":"visible","cart_price_visibility":"visible","order_price_visibility":"visible","stock_status":"on_backorder"}],"bundle_sell_ids":[],"acf":[],"yoast_head":"<!-- This site is optimized with the Yoast SEO plugin v27.0 - https:\/\/yoast.com\/product\/yoast-seo-wordpress\/ -->\n<title>Luxtar Master &amp; Slave x4 + XBB PowerUnit &amp; Dongel - Xenonkungen Extraljuspaket XBB OBD-II Dongel, PowerUnit &amp; Relay Cable Kit Master &amp; Slave, Luxtar - Xenonkungen<\/title>\n<meta name=\"description\" content=\"K\u00f6p extraljuspaket med XBB OBD-II Dongel, PowerUnit och Luxtar Relay Cable Kit Master &amp; Slave. Smart CAN-busstyrning och h\u00f6g effekt f\u00f6r LED-ramper. Snabb leverans. \u00d6ppet k\u00f6p 30 dagar.\" \/>\n<meta name=\"robots\" content=\"index, follow, max-snippet:-1, max-image-preview:large, max-video-preview:-1\" \/>\n<link rel=\"canonical\" href=\"https:\/\/xenonkungen.com\/en\/product\/luxtar-master-slave-x4-xbb-powerunit-dongle-copy\/\" \/>\n<meta property=\"og:locale\" content=\"en_GB\" \/>\n<meta property=\"og:type\" content=\"article\" \/>\n<meta property=\"og:title\" content=\"Luxtar Master &amp; Slave x4 + XBB PowerUnit &amp; Dongel - Xenonkungen Extraljuspaket XBB OBD-II Dongel, PowerUnit &amp; Relay Cable Kit Master &amp; Slave, Luxtar - Xenonkungen\" \/>\n<meta property=\"og:description\" content=\"K\u00f6p extraljuspaket med XBB OBD-II Dongel, PowerUnit och Luxtar Relay Cable Kit Master &amp; Slave. Smart CAN-busstyrning och h\u00f6g effekt f\u00f6r LED-ramper. Snabb leverans. \u00d6ppet k\u00f6p 30 dagar.\" \/>\n<meta property=\"og:url\" content=\"https:\/\/xenonkungen.com\/en\/product\/luxtar-master-slave-x4-xbb-powerunit-dongle-copy\/\" \/>\n<meta property=\"og:site_name\" content=\"Xenonkungen\" \/>\n<meta property=\"article:modified_time\" content=\"2026-04-20T07:20:54+00:00\" \/>\n<meta property=\"og:image\" content=\"https:\/\/xenonkungen.com\/wp-content\/uploads\/2026\/03\/103220-XBB.png\" \/>\n\t<meta property=\"og:image:width\" content=\"2048\" \/>\n\t<meta property=\"og:image:height\" content=\"1293\" \/>\n\t<meta property=\"og:image:type\" content=\"image\/png\" \/>\n<meta name=\"twitter:card\" content=\"summary_large_image\" \/>\n<meta name=\"twitter:label1\" content=\"Estimated reading time\" \/>\n\t<meta name=\"twitter:data1\" content=\"2 minutes\" \/>\n<script type=\"application\/ld+json\" class=\"yoast-schema-graph\">{\"@context\":\"https:\/\/schema.org\",\"@graph\":[{\"@type\":\"WebPage\",\"@id\":\"https:\/\/xenonkungen.com\/produkt\/luxtar-master-slave-x4-xbb-powerunit-dongel-kopia\/\",\"url\":\"https:\/\/xenonkungen.com\/produkt\/luxtar-master-slave-x4-xbb-powerunit-dongel-kopia\/\",\"name\":\"Luxtar Master & Slave x4 + XBB PowerUnit & Dongel - Xenonkungen Extraljuspaket XBB OBD-II Dongel, PowerUnit & Relay Cable Kit Master & Slave, Luxtar - Xenonkungen\",\"isPartOf\":{\"@id\":\"https:\/\/xenonkungen.com\/#website\"},\"primaryImageOfPage\":{\"@id\":\"https:\/\/xenonkungen.com\/produkt\/luxtar-master-slave-x4-xbb-powerunit-dongel-kopia\/#primaryimage\"},\"image\":{\"@id\":\"https:\/\/xenonkungen.com\/produkt\/luxtar-master-slave-x4-xbb-powerunit-dongel-kopia\/#primaryimage\"},\"thumbnailUrl\":\"https:\/\/xenonkungen.com\/wp-content\/uploads\/2026\/03\/103220-XBB.png\",\"datePublished\":\"2026-03-05T12:58:17+00:00\",\"dateModified\":\"2026-04-20T07:20:54+00:00\",\"description\":\"K\u00f6p extraljuspaket med XBB OBD-II Dongel, PowerUnit och Luxtar Relay Cable Kit Master & Slave. Smart CAN-busstyrning och h\u00f6g effekt f\u00f6r LED-ramper. Snabb leverans. \u00d6ppet k\u00f6p 30 dagar.\",\"breadcrumb\":{\"@id\":\"https:\/\/xenonkungen.com\/produkt\/luxtar-master-slave-x4-xbb-powerunit-dongel-kopia\/#breadcrumb\"},\"inLanguage\":\"en-GB\",\"potentialAction\":[{\"@type\":\"ReadAction\",\"target\":[\"https:\/\/xenonkungen.com\/produkt\/luxtar-master-slave-x4-xbb-powerunit-dongel-kopia\/\"]}]},{\"@type\":\"ImageObject\",\"inLanguage\":\"en-GB\",\"@id\":\"https:\/\/xenonkungen.com\/produkt\/luxtar-master-slave-x4-xbb-powerunit-dongel-kopia\/#primaryimage\",\"url\":\"https:\/\/xenonkungen.com\/wp-content\/uploads\/2026\/03\/103220-XBB.png\",\"contentUrl\":\"https:\/\/xenonkungen.com\/wp-content\/uploads\/2026\/03\/103220-XBB.png\",\"width\":2048,\"height\":1293},{\"@type\":\"BreadcrumbList\",\"@id\":\"https:\/\/xenonkungen.com\/produkt\/luxtar-master-slave-x4-xbb-powerunit-dongel-kopia\/#breadcrumb\",\"itemListElement\":[{\"@type\":\"ListItem\",\"position\":1,\"name\":\"Hem\",\"item\":\"https:\/\/xenonkungen.com\/\"},{\"@type\":\"ListItem\",\"position\":2,\"name\":\"Shop\",\"item\":\"https:\/\/xenonkungen.com\/shop\/\"},{\"@type\":\"ListItem\",\"position\":3,\"name\":\"Luxtar Master &#038; Slave x4 + XBB PowerUnit &#038; Dongel\"}]},{\"@type\":\"WebSite\",\"@id\":\"https:\/\/xenonkungen.com\/#website\",\"url\":\"https:\/\/xenonkungen.com\/\",\"name\":\"Xenonkungen\",\"description\":\"\",\"potentialAction\":[{\"@type\":\"SearchAction\",\"target\":{\"@type\":\"EntryPoint\",\"urlTemplate\":\"https:\/\/xenonkungen.com\/?s={search_term_string}\"},\"query-input\":{\"@type\":\"PropertyValueSpecification\",\"valueRequired\":true,\"valueName\":\"search_term_string\"}}],\"inLanguage\":\"en-GB\"}]}<\/script>\n<!-- \/ Yoast SEO plugin. -->","yoast_head_json":{"title":"Luxtar Master &amp; Slave x4 + XBB PowerUnit &amp; Dongle - The Xenon King Extra light package XBB OBD-II Dongle, PowerUnit &amp; Relay Cable Kit Master &amp; Slave, Luxtar - The Xenon King","description":"Buy extra light package with XBB OBD-II Dongel, PowerUnit and Luxtar Relay Cable Kit Master &amp; Slave. Smart CAN bus control and high power for LED ramps. Fast delivery. Open purchase 30 days.","robots":{"index":"index","follow":"follow","max-snippet":"max-snippet:-1","max-image-preview":"max-image-preview:large","max-video-preview":"max-video-preview:-1"},"canonical":"https:\/\/xenonkungen.com\/en\/product\/luxtar-master-slave-x4-xbb-powerunit-dongle-copy\/","og_locale":"en_GB","og_type":"article","og_title":"Luxtar Master & Slave x4 + XBB PowerUnit & Dongel - Xenonkungen Extraljuspaket XBB OBD-II Dongel, PowerUnit & Relay Cable Kit Master & Slave, Luxtar - Xenonkungen","og_description":"K\u00f6p extraljuspaket med XBB OBD-II Dongel, PowerUnit och Luxtar Relay Cable Kit Master & Slave. Smart CAN-busstyrning och h\u00f6g effekt f\u00f6r LED-ramper. Snabb leverans. \u00d6ppet k\u00f6p 30 dagar.","og_url":"https:\/\/xenonkungen.com\/en\/product\/luxtar-master-slave-x4-xbb-powerunit-dongle-copy\/","og_site_name":"Xenonkungen","article_modified_time":"2026-04-20T07:20:54+00:00","og_image":[{"width":2048,"height":1293,"url":"https:\/\/xenonkungen.com\/wp-content\/uploads\/2026\/03\/103220-XBB.png","type":"image\/png"}],"twitter_card":"summary_large_image","twitter_misc":{"Estimated reading time":"2 minutes"},"schema":{"@context":"https:\/\/schema.org","@graph":[{"@type":"WebPage","@id":"https:\/\/xenonkungen.com\/produkt\/luxtar-master-slave-x4-xbb-powerunit-dongel-kopia\/","url":"https:\/\/xenonkungen.com\/produkt\/luxtar-master-slave-x4-xbb-powerunit-dongel-kopia\/","name":"Luxtar Master &amp; Slave x4 + XBB PowerUnit &amp; Dongle - The Xenon King Extra light package XBB OBD-II Dongle, PowerUnit &amp; Relay Cable Kit Master &amp; Slave, Luxtar - The Xenon King","isPartOf":{"@id":"https:\/\/xenonkungen.com\/#website"},"primaryImageOfPage":{"@id":"https:\/\/xenonkungen.com\/produkt\/luxtar-master-slave-x4-xbb-powerunit-dongel-kopia\/#primaryimage"},"image":{"@id":"https:\/\/xenonkungen.com\/produkt\/luxtar-master-slave-x4-xbb-powerunit-dongel-kopia\/#primaryimage"},"thumbnailUrl":"https:\/\/xenonkungen.com\/wp-content\/uploads\/2026\/03\/103220-XBB.png","datePublished":"2026-03-05T12:58:17+00:00","dateModified":"2026-04-20T07:20:54+00:00","description":"Buy extra light package with XBB OBD-II Dongel, PowerUnit and Luxtar Relay Cable Kit Master &amp; Slave. Smart CAN bus control and high power for LED ramps. Fast delivery. Open purchase 30 days.","breadcrumb":{"@id":"https:\/\/xenonkungen.com\/produkt\/luxtar-master-slave-x4-xbb-powerunit-dongel-kopia\/#breadcrumb"},"inLanguage":"en-GB","potentialAction":[{"@type":"ReadAction","target":["https:\/\/xenonkungen.com\/produkt\/luxtar-master-slave-x4-xbb-powerunit-dongel-kopia\/"]}]},{"@type":"ImageObject","inLanguage":"en-GB","@id":"https:\/\/xenonkungen.com\/produkt\/luxtar-master-slave-x4-xbb-powerunit-dongel-kopia\/#primaryimage","url":"https:\/\/xenonkungen.com\/wp-content\/uploads\/2026\/03\/103220-XBB.png","contentUrl":"https:\/\/xenonkungen.com\/wp-content\/uploads\/2026\/03\/103220-XBB.png","width":2048,"height":1293},{"@type":"BreadcrumbList","@id":"https:\/\/xenonkungen.com\/produkt\/luxtar-master-slave-x4-xbb-powerunit-dongel-kopia\/#breadcrumb","itemListElement":[{"@type":"ListItem","position":1,"name":"Hem","item":"https:\/\/xenonkungen.com\/"},{"@type":"ListItem","position":2,"name":"Shop","item":"https:\/\/xenonkungen.com\/shop\/"},{"@type":"ListItem","position":3,"name":"Luxtar Master &#038; Slave x4 + XBB PowerUnit &#038; Dongel"}]},{"@type":"WebSite","@id":"https:\/\/xenonkungen.com\/#website","url":"https:\/\/xenonkungen.com\/","name":"Xenonkungen","description":"","potentialAction":[{"@type":"SearchAction","target":{"@type":"EntryPoint","urlTemplate":"https:\/\/xenonkungen.com\/?s={search_term_string}"},"query-input":{"@type":"PropertyValueSpecification","valueRequired":true,"valueName":"search_term_string"}}],"inLanguage":"en-GB"}]}},"taxonomy_info":{"product_brand":[{"value":115,"label":"XBB"}],"product_cat":[{"value":2487,"label":"Canbus"},{"value":2795,"label":"Kablar och Rel\u00e4"},{"value":2821,"label":"Luxtar - Rel\u00e4kabelsatser"},{"value":2490,"label":"Rel\u00e4satser"},{"value":2497,"label":"XBB"},{"value":390,"label":"Installation"}]},"featured_image_src_large":["https:\/\/xenonkungen.com\/wp-content\/uploads\/2026\/03\/103220-XBB-1024x647.png",1024,647,true],"author_info":[],"comment_info":0,"_links":{"self":[{"href":"https:\/\/xenonkungen.com\/en\/wp-json\/wp\/v2\/product\/27189","targetHints":{"allow":["GET"]}}],"collection":[{"href":"https:\/\/xenonkungen.com\/en\/wp-json\/wp\/v2\/product"}],"about":[{"href":"https:\/\/xenonkungen.com\/en\/wp-json\/wp\/v2\/types\/product"}],"replies":[{"embeddable":true,"href":"https:\/\/xenonkungen.com\/en\/wp-json\/wp\/v2\/comments?post=27189"}],"wp:featuredmedia":[{"embeddable":true,"href":"https:\/\/xenonkungen.com\/en\/wp-json\/wp\/v2\/media\/27188"}],"wp:attachment":[{"href":"https:\/\/xenonkungen.com\/en\/wp-json\/wp\/v2\/media?parent=27189"}],"wp:term":[{"taxonomy":"anvandningsomrade","embeddable":true,"href":"https:\/\/xenonkungen.com\/en\/wp-json\/wp\/v2\/anvandningsomrade?post=27189"},{"taxonomy":"bilmarken","embeddable":true,"href":"https:\/\/xenonkungen.com\/en\/wp-json\/wp\/v2\/bilmarken?post=27189"},{"taxonomy":"product_brand","embeddable":true,"href":"https:\/\/xenonkungen.com\/en\/wp-json\/wp\/v2\/product_brand?post=27189"},{"taxonomy":"product_cat","embeddable":true,"href":"https:\/\/xenonkungen.com\/en\/wp-json\/wp\/v2\/product_cat?post=27189"},{"taxonomy":"product_tag","embeddable":true,"href":"https:\/\/xenonkungen.com\/en\/wp-json\/wp\/v2\/product_tag?post=27189"}],"curies":[{"name":"wp","href":"https:\/\/api.w.org\/{rel}","templated":true}]}}