{"id":2722,"date":"2025-04-15T08:41:34","date_gmt":"2025-04-15T08:41:34","guid":{"rendered":"https:\/\/xenonkungen.com\/product\/extraljusfaste-till-5st-225mm9-rallyfemma\/"},"modified":"2026-04-26T13:33:21","modified_gmt":"2026-04-26T12:33:21","slug":"extra-light-fixture-for-5pcs-225mm9-rally-five","status":"publish","type":"product","link":"https:\/\/xenonkungen.com\/en\/product\/extra-light-fixture-for-5pcs-225mm9-rally-five\/","title":{"rendered":"Extra light bracket for 5 x 225mm|9\u2033 Rallyfemma"},"content":{"rendered":"<h1>Extra light bracket Rallyfemma for 5 extra lights<\/h1>\n<p>Are you ready to dominate the city streets or the rally forest? Our robust mounting bracket is designed to accommodate up to five auxiliary lights with a maximum diameter of 225mm in the front of your vehicle.<\/p>\n<p>This bracket allows flexibility in installation, and you can freely combine both auxiliary lights and battens. A popular configuration is three auxiliary lights combined with a large led ramp underneath, ensuring optimal lighting for all conditions.<\/p>\n<p>The bracket is Swedish made, black lacquered and consists of 3mm thick laser cut steel which guarantees durability and quality. Weighing 2.6kg, it is highly recommended that the bracket is secured to the crash bar for best stability, especially when fully equipped with lighting.<\/p>","protected":false},"excerpt":{"rendered":"<p>Want the most light of all? Then you can easily solve that with a Rally5a in the front!<\/p>","protected":false},"featured_media":2723,"comment_status":"closed","ping_status":"open","template":"","meta":{"_acf_changed":false,"_smort_price_nok":"853","_smort_price_dkk":"542","_smort_price_eur":"72.63","_smort_sale_price_nok":"","_smort_sale_price_dkk":"","_smort_sale_price_eur":"","smort_restorder":"","shipmondo_restorder":"","_kad_blocks_custom_css":"","_kad_blocks_head_custom_js":"","_kad_blocks_body_custom_js":"","_kad_blocks_footer_custom_js":"","smort_custom_pricelist_1":"511.36","smort_custom_pricelist_2":"383.4","smort_custom_pricelist_3":"351.45","smort_custom_pricelist_4":"639.2","smort_custom_pricelist_5":"383.4"},"anvandningsomrade":[],"bilmarken":[],"product_brand":[],"product_cat":[2534,2461,2841,2535,2536,390],"product_tag":[],"class_list":{"0":"post-2722","1":"product","2":"type-product","3":"status-publish","4":"has-post-thumbnail","6":"product_cat-extraljusfaste-extraljus","7":"product_cat-fasten-installation","8":"product_cat-installation-extraljus","9":"product_cat-tillbehor-ledramper","10":"product_cat-tillbehor-tillbehor-ledramper","11":"product_cat-installation","13":"first","14":"instock","15":"taxable","16":"shipping-taxable","17":"purchasable","18":"product-type-simple"},"bundled_by":["9144","9206","9239","9260","9283","9302","9333","9360","9393","9400","9433","9439","9445","9451","10292","25285","25821","25828"],"bundle_stock_status":"instock","bundle_stock_quantity":55,"bundle_virtual":false,"bundle_layout":"","bundle_add_to_cart_form_location":"","bundle_editable_in_cart":false,"bundle_sold_individually_context":"","bundle_item_grouping":"","bundle_min_size":"","bundle_max_size":"","bundle_price":[],"bundled_items":[],"bundle_sell_ids":[],"acf":[],"yoast_head":"<!-- This site is optimized with the Yoast SEO plugin v27.0 - https:\/\/yoast.com\/product\/yoast-seo-wordpress\/ -->\n<title>Extraljusf\u00e4ste till 5st 225mm|9&quot; Rallyfemma - Xenonkungen<\/title>\n<meta name=\"robots\" content=\"index, follow, max-snippet:-1, max-image-preview:large, max-video-preview:-1\" \/>\n<link rel=\"canonical\" href=\"https:\/\/xenonkungen.com\/en\/product\/extra-light-fixture-for-5pcs-225mm9-rally-five\/\" \/>\n<meta property=\"og:locale\" content=\"en_GB\" \/>\n<meta property=\"og:type\" content=\"article\" \/>\n<meta property=\"og:title\" content=\"Extraljusf\u00e4ste till 5st 225mm|9&quot; Rallyfemma - Xenonkungen\" \/>\n<meta property=\"og:description\" content=\"Vill du ha mest ljus av alla? D\u00e5 kan du enkelt l\u00f6sa det med en Rally5a i fronten!\" \/>\n<meta property=\"og:url\" content=\"https:\/\/xenonkungen.com\/en\/product\/extra-light-fixture-for-5pcs-225mm9-rally-five\/\" \/>\n<meta property=\"og:site_name\" content=\"Xenonkungen\" \/>\n<meta property=\"article:modified_time\" content=\"2026-04-26T12:33:21+00:00\" \/>\n<meta property=\"og:image\" content=\"https:\/\/xenonkungen.com\/wp-content\/uploads\/2025\/04\/5-Faste-NK-Serien-DSCF5242-PNG-Org-1000px.png\" \/>\n\t<meta property=\"og:image:width\" content=\"1000\" \/>\n\t<meta property=\"og:image:height\" content=\"381\" \/>\n\t<meta property=\"og:image:type\" content=\"image\/png\" \/>\n<meta name=\"twitter:card\" content=\"summary_large_image\" \/>\n<meta name=\"twitter:label1\" content=\"Estimated reading time\" \/>\n\t<meta name=\"twitter:data1\" content=\"1 minute\" \/>\n<script type=\"application\/ld+json\" class=\"yoast-schema-graph\">{\"@context\":\"https:\/\/schema.org\",\"@graph\":[{\"@type\":\"WebPage\",\"@id\":\"https:\/\/xenonkungen.com\/produkt\/extraljusfaste-till-5st-225mm9-rallyfemma\/\",\"url\":\"https:\/\/xenonkungen.com\/produkt\/extraljusfaste-till-5st-225mm9-rallyfemma\/\",\"name\":\"Extraljusf\u00e4ste till 5st 225mm|9\\\" Rallyfemma - Xenonkungen\",\"isPartOf\":{\"@id\":\"https:\/\/xenonkungen.com\/#website\"},\"primaryImageOfPage\":{\"@id\":\"https:\/\/xenonkungen.com\/produkt\/extraljusfaste-till-5st-225mm9-rallyfemma\/#primaryimage\"},\"image\":{\"@id\":\"https:\/\/xenonkungen.com\/produkt\/extraljusfaste-till-5st-225mm9-rallyfemma\/#primaryimage\"},\"thumbnailUrl\":\"https:\/\/xenonkungen.com\/wp-content\/uploads\/2025\/04\/5-Faste-NK-Serien-DSCF5242-PNG-Org-1000px.png\",\"datePublished\":\"2025-04-15T08:41:34+00:00\",\"dateModified\":\"2026-04-26T12:33:21+00:00\",\"breadcrumb\":{\"@id\":\"https:\/\/xenonkungen.com\/produkt\/extraljusfaste-till-5st-225mm9-rallyfemma\/#breadcrumb\"},\"inLanguage\":\"en-GB\",\"potentialAction\":[{\"@type\":\"ReadAction\",\"target\":[\"https:\/\/xenonkungen.com\/produkt\/extraljusfaste-till-5st-225mm9-rallyfemma\/\"]}]},{\"@type\":\"ImageObject\",\"inLanguage\":\"en-GB\",\"@id\":\"https:\/\/xenonkungen.com\/produkt\/extraljusfaste-till-5st-225mm9-rallyfemma\/#primaryimage\",\"url\":\"https:\/\/xenonkungen.com\/wp-content\/uploads\/2025\/04\/5-Faste-NK-Serien-DSCF5242-PNG-Org-1000px.png\",\"contentUrl\":\"https:\/\/xenonkungen.com\/wp-content\/uploads\/2025\/04\/5-Faste-NK-Serien-DSCF5242-PNG-Org-1000px.png\",\"width\":1000,\"height\":381},{\"@type\":\"BreadcrumbList\",\"@id\":\"https:\/\/xenonkungen.com\/produkt\/extraljusfaste-till-5st-225mm9-rallyfemma\/#breadcrumb\",\"itemListElement\":[{\"@type\":\"ListItem\",\"position\":1,\"name\":\"Hem\",\"item\":\"https:\/\/xenonkungen.com\/\"},{\"@type\":\"ListItem\",\"position\":2,\"name\":\"Shop\",\"item\":\"https:\/\/xenonkungen.com\/shop\/\"},{\"@type\":\"ListItem\",\"position\":3,\"name\":\"Extraljusf\u00e4ste till 5st 225mm|9&#8243; Rallyfemma\"}]},{\"@type\":\"WebSite\",\"@id\":\"https:\/\/xenonkungen.com\/#website\",\"url\":\"https:\/\/xenonkungen.com\/\",\"name\":\"Xenonkungen\",\"description\":\"\",\"potentialAction\":[{\"@type\":\"SearchAction\",\"target\":{\"@type\":\"EntryPoint\",\"urlTemplate\":\"https:\/\/xenonkungen.com\/?s={search_term_string}\"},\"query-input\":{\"@type\":\"PropertyValueSpecification\",\"valueRequired\":true,\"valueName\":\"search_term_string\"}}],\"inLanguage\":\"en-GB\"}]}<\/script>\n<!-- \/ Yoast SEO plugin. -->","yoast_head_json":{"title":"Auxiliary light bracket for 5pcs 225mm|9&quot; Rallyfive - Xenonkungen","robots":{"index":"index","follow":"follow","max-snippet":"max-snippet:-1","max-image-preview":"max-image-preview:large","max-video-preview":"max-video-preview:-1"},"canonical":"https:\/\/xenonkungen.com\/en\/product\/extra-light-fixture-for-5pcs-225mm9-rally-five\/","og_locale":"en_GB","og_type":"article","og_title":"Extraljusf\u00e4ste till 5st 225mm|9\" Rallyfemma - Xenonkungen","og_description":"Vill du ha mest ljus av alla? D\u00e5 kan du enkelt l\u00f6sa det med en Rally5a i fronten!","og_url":"https:\/\/xenonkungen.com\/en\/product\/extra-light-fixture-for-5pcs-225mm9-rally-five\/","og_site_name":"Xenonkungen","article_modified_time":"2026-04-26T12:33:21+00:00","og_image":[{"width":1000,"height":381,"url":"https:\/\/xenonkungen.com\/wp-content\/uploads\/2025\/04\/5-Faste-NK-Serien-DSCF5242-PNG-Org-1000px.png","type":"image\/png"}],"twitter_card":"summary_large_image","twitter_misc":{"Estimated reading time":"1 minute"},"schema":{"@context":"https:\/\/schema.org","@graph":[{"@type":"WebPage","@id":"https:\/\/xenonkungen.com\/produkt\/extraljusfaste-till-5st-225mm9-rallyfemma\/","url":"https:\/\/xenonkungen.com\/produkt\/extraljusfaste-till-5st-225mm9-rallyfemma\/","name":"Auxiliary light bracket for 5pcs 225mm|9&quot; Rallyfive - Xenonkungen","isPartOf":{"@id":"https:\/\/xenonkungen.com\/#website"},"primaryImageOfPage":{"@id":"https:\/\/xenonkungen.com\/produkt\/extraljusfaste-till-5st-225mm9-rallyfemma\/#primaryimage"},"image":{"@id":"https:\/\/xenonkungen.com\/produkt\/extraljusfaste-till-5st-225mm9-rallyfemma\/#primaryimage"},"thumbnailUrl":"https:\/\/xenonkungen.com\/wp-content\/uploads\/2025\/04\/5-Faste-NK-Serien-DSCF5242-PNG-Org-1000px.png","datePublished":"2025-04-15T08:41:34+00:00","dateModified":"2026-04-26T12:33:21+00:00","breadcrumb":{"@id":"https:\/\/xenonkungen.com\/produkt\/extraljusfaste-till-5st-225mm9-rallyfemma\/#breadcrumb"},"inLanguage":"en-GB","potentialAction":[{"@type":"ReadAction","target":["https:\/\/xenonkungen.com\/produkt\/extraljusfaste-till-5st-225mm9-rallyfemma\/"]}]},{"@type":"ImageObject","inLanguage":"en-GB","@id":"https:\/\/xenonkungen.com\/produkt\/extraljusfaste-till-5st-225mm9-rallyfemma\/#primaryimage","url":"https:\/\/xenonkungen.com\/wp-content\/uploads\/2025\/04\/5-Faste-NK-Serien-DSCF5242-PNG-Org-1000px.png","contentUrl":"https:\/\/xenonkungen.com\/wp-content\/uploads\/2025\/04\/5-Faste-NK-Serien-DSCF5242-PNG-Org-1000px.png","width":1000,"height":381},{"@type":"BreadcrumbList","@id":"https:\/\/xenonkungen.com\/produkt\/extraljusfaste-till-5st-225mm9-rallyfemma\/#breadcrumb","itemListElement":[{"@type":"ListItem","position":1,"name":"Hem","item":"https:\/\/xenonkungen.com\/"},{"@type":"ListItem","position":2,"name":"Shop","item":"https:\/\/xenonkungen.com\/shop\/"},{"@type":"ListItem","position":3,"name":"Extraljusf\u00e4ste till 5st 225mm|9&#8243; Rallyfemma"}]},{"@type":"WebSite","@id":"https:\/\/xenonkungen.com\/#website","url":"https:\/\/xenonkungen.com\/","name":"Xenonkungen","description":"","potentialAction":[{"@type":"SearchAction","target":{"@type":"EntryPoint","urlTemplate":"https:\/\/xenonkungen.com\/?s={search_term_string}"},"query-input":{"@type":"PropertyValueSpecification","valueRequired":true,"valueName":"search_term_string"}}],"inLanguage":"en-GB"}]}},"taxonomy_info":{"product_cat":[{"value":2534,"label":"F\u00e4ste till extraljus"},{"value":2461,"label":"F\u00e4sten"},{"value":2841,"label":"Installation extraljus"},{"value":2535,"label":"LEDRAMPER"},{"value":2536,"label":"Tillbeh\u00f6r"},{"value":390,"label":"Installation"}]},"featured_image_src_large":["https:\/\/xenonkungen.com\/wp-content\/uploads\/2025\/04\/5-Faste-NK-Serien-DSCF5242-PNG-Org-1000px.png",1000,381,false],"author_info":[],"comment_info":0,"_links":{"self":[{"href":"https:\/\/xenonkungen.com\/en\/wp-json\/wp\/v2\/product\/2722","targetHints":{"allow":["GET"]}}],"collection":[{"href":"https:\/\/xenonkungen.com\/en\/wp-json\/wp\/v2\/product"}],"about":[{"href":"https:\/\/xenonkungen.com\/en\/wp-json\/wp\/v2\/types\/product"}],"replies":[{"embeddable":true,"href":"https:\/\/xenonkungen.com\/en\/wp-json\/wp\/v2\/comments?post=2722"}],"wp:featuredmedia":[{"embeddable":true,"href":"https:\/\/xenonkungen.com\/en\/wp-json\/wp\/v2\/media\/2723"}],"wp:attachment":[{"href":"https:\/\/xenonkungen.com\/en\/wp-json\/wp\/v2\/media?parent=2722"}],"wp:term":[{"taxonomy":"anvandningsomrade","embeddable":true,"href":"https:\/\/xenonkungen.com\/en\/wp-json\/wp\/v2\/anvandningsomrade?post=2722"},{"taxonomy":"bilmarken","embeddable":true,"href":"https:\/\/xenonkungen.com\/en\/wp-json\/wp\/v2\/bilmarken?post=2722"},{"taxonomy":"product_brand","embeddable":true,"href":"https:\/\/xenonkungen.com\/en\/wp-json\/wp\/v2\/product_brand?post=2722"},{"taxonomy":"product_cat","embeddable":true,"href":"https:\/\/xenonkungen.com\/en\/wp-json\/wp\/v2\/product_cat?post=2722"},{"taxonomy":"product_tag","embeddable":true,"href":"https:\/\/xenonkungen.com\/en\/wp-json\/wp\/v2\/product_tag?post=2722"}],"curies":[{"name":"wp","href":"https:\/\/api.w.org\/{rel}","templated":true}]}}