{"id":27709,"date":"2026-03-13T15:09:58","date_gmt":"2026-03-13T14:09:58","guid":{"rendered":"https:\/\/xenonkungen.com\/?post_type=product&#038;p=27709"},"modified":"2026-05-11T10:37:08","modified_gmt":"2026-05-11T09:37:08","slug":"tershine-amplify-wet-coat-500-ml","status":"publish","type":"product","link":"https:\/\/xenonkungen.com\/en\/product\/tershine-amplify-wet-coat-500-ml\/","title":{"rendered":"Tershine Amplify \u2013 Wet Coat 500 ml"},"content":{"rendered":"<p>Paint protect your vehicle in no time, spray on wet surface and rinse off! Extremely easy to use and works on virtually all types of surfaces such as paint, plastic and glass!<\/p>\n<p><strong>Creates huge runoff and lots of shine<br \/>\nDilutable<br \/>\nExtremely easy to apply<br \/>\nWorks on all surfaces and vehicles<br \/>\nLong shelf life<br \/>\nThe product is not classified as requiring labeling according to CLP Regulation (EC) 1272\/2008.<br \/>\nThe surfactant(s) contained in this preparation meet the biodegradability criteria of EU Regulation (EC) No 648\/2004 on detergents.<\/p>\n<p><\/strong><\/p>\n<p><strong>How to use Amplify \u2013 Wet Coat\u00a0<\/strong><\/p>\n<p><strong>1.\u00a0<\/strong>Wash the vehicle with all steps, avoid shampoos with run-off such as Purify S+ etc (can be a bit too much of a good thing)! Of course you can, but then dilute Amplify with water to be on the safe side.\u00a0<strong><br \/>\n2.\u00a0<\/strong>Spray on wet surface<strong><br \/>\n3.\u00a0<\/strong>Rinse thoroughly.<strong><br \/>\n4.\u00a0<\/strong>Dry with a microfiber cloth of your choice<strong><br \/>\n5.\u00a0<\/strong>Yes, we know, it&#039;s completely crazy!<\/p>\n<p><strong>What is Amplify \u2013 Wet Coat?<\/strong><\/p>\n<p>Amplify \u2013 Wet Coat is a ceramic wet coat that is the easiest way to get paint protection and shine in no time.<\/p>\n<p>Very easy to use and provides fantastic drainage, shine and protection without any frills. Works equally well on wraps, PPF, matte paints, plastic, glass and rims. Can be diluted all the way up to 1:10 (affordable!).<\/p>\n<p>Smells fantastic of exotic fruits, think Fanta Exotic (ish). Works on almost all materials such as paint, glass, plastic, gelcoat, aluminum, rubber, etc. Keep in mind that the product is very thick so you will get a long way with just a little shower.. Work out what you like and feel free to test on one panel at a time before you get to know the product. As usual with our products, less is more!<\/p>\n<p>Can be diluted with water up to 1:10, but feel free to try what you like best yourself. It all depends on how good the base is, if you have all our protections underneath such as Magnify \u2013 Coating, Refract \u2013 Ceramic spray paint protection etc then diluting with water works fine.. However, it is intended to be used as is, so again, feel free to try what you like best yourself. Avoid direct sunlight when using or very strong wind.<\/p>\n<p><strong>Tip<\/strong>: Make sure the surface is cool and thoroughly cleaned (rinse thoroughly). Always start with one or two panels and then rinse off so you know how it works in your particular environment. Remember that it is super-potent, less is more and avoid sun\/wind.<\/p>\n<p>If, against all odds, any kind of flame should occur, just buff it away when you dry the car with the microfiber cloth or if it has already hardened, the easiest way is to use a damp cloth and Apex+ \u2013 Gloss Booster! If that doesn&#039;t work, sponge in Dissolve \u2013 Cold Degreasing or Prime \u2013 Panel Wipe and it will disappear.<\/p>\n<p>Keep in mind that if you are outside, wind and heat will accelerate the flash time. If you are a little unfamiliar with the product, feel free to use one or two panels at a time and then shower off.<\/p>\n<p>Please avoid Purify S+ or other shampoos with &quot;varnish protection\/drainage&quot; before use. It usually works but can be a bit too much of a good thing! The first few times you try it, you might want to start with one panel at a time or dilute it a little until you are satisfied.<\/p>","protected":false},"excerpt":{"rendered":"<p>Ceramic spray paint protection \/ Wet Coat that provides a water-repellent surface and fantastic shine in just a few seconds. Spray on a clean and wet surface, wait a few seconds - and rinse off!<\/p>","protected":false},"featured_media":27710,"comment_status":"open","ping_status":"closed","template":"","meta":{"_acf_changed":false,"_smort_price_nok":"","_smort_price_dkk":"","_smort_price_eur":"","_smort_sale_price_nok":"","_smort_sale_price_dkk":"","_smort_sale_price_eur":"","smort_restorder":"","shipmondo_restorder":"","_kad_blocks_custom_css":"","_kad_blocks_head_custom_js":"","_kad_blocks_body_custom_js":"","_kad_blocks_footer_custom_js":"","smort_custom_pricelist_1":"127.36","smort_custom_pricelist_2":"127.36","smort_custom_pricelist_3":"127.36","smort_custom_pricelist_4":"159.2","smort_custom_pricelist_5":"127.36"},"anvandningsomrade":[],"bilmarken":[],"product_brand":[2893],"product_cat":[2989,2614,378],"product_tag":[],"class_list":{"0":"post-27709","1":"product","2":"type-product","3":"status-publish","4":"has-post-thumbnail","6":"product_brand-tershine","7":"product_cat-avfettning","8":"product_cat-lackskydd","9":"product_cat-bilvard","11":"first","12":"instock","13":"taxable","14":"shipping-taxable","15":"purchasable","16":"product-type-simple"},"bundled_by":[],"bundle_stock_status":"instock","bundle_stock_quantity":6,"bundle_virtual":false,"bundle_layout":"","bundle_add_to_cart_form_location":"","bundle_editable_in_cart":false,"bundle_sold_individually_context":"","bundle_item_grouping":"","bundle_min_size":"","bundle_max_size":"","bundle_price":[],"bundled_items":[],"bundle_sell_ids":[],"acf":[],"yoast_head":"<!-- This site is optimized with the Yoast SEO plugin v27.0 - https:\/\/yoast.com\/product\/yoast-seo-wordpress\/ -->\n<title>Tershine Amplify - Wet Coat 500 ml - Xenonkungen<\/title>\n<meta name=\"robots\" content=\"index, follow, max-snippet:-1, max-image-preview:large, max-video-preview:-1\" \/>\n<link rel=\"canonical\" href=\"https:\/\/xenonkungen.com\/en\/product\/tershine-amplify-wet-coat-500-ml\/\" \/>\n<meta property=\"og:locale\" content=\"en_GB\" \/>\n<meta property=\"og:type\" content=\"article\" \/>\n<meta property=\"og:title\" content=\"Tershine Amplify - Wet Coat 500 ml - Xenonkungen\" \/>\n<meta property=\"og:description\" content=\"Keramiskt spraylackskydd \/ Wet Coat som ger en vattenavvisande yta och fantastisk glans p\u00e5 bara n\u00e5gra sekunder. Spraya p\u00e5 ren och v\u00e5t yta, v\u00e4nta n\u00e5gra sekunder - och spola av!\" \/>\n<meta property=\"og:url\" content=\"https:\/\/xenonkungen.com\/en\/product\/tershine-amplify-wet-coat-500-ml\/\" \/>\n<meta property=\"og:site_name\" content=\"Xenonkungen\" \/>\n<meta property=\"article:modified_time\" content=\"2026-05-11T09:37:08+00:00\" \/>\n<meta property=\"og:image\" content=\"https:\/\/xenonkungen.com\/wp-content\/uploads\/2026\/03\/LzyWVCupLRI2VzAMDWpr0mEzylC9m5F9LnrLD8RC.webp\" \/>\n\t<meta property=\"og:image:width\" content=\"1024\" \/>\n\t<meta property=\"og:image:height\" content=\"1024\" \/>\n\t<meta property=\"og:image:type\" content=\"image\/webp\" \/>\n<meta name=\"twitter:card\" content=\"summary_large_image\" \/>\n<meta name=\"twitter:label1\" content=\"Estimated reading time\" \/>\n\t<meta name=\"twitter:data1\" content=\"3 minutes\" \/>\n<script type=\"application\/ld+json\" class=\"yoast-schema-graph\">{\"@context\":\"https:\/\/schema.org\",\"@graph\":[{\"@type\":\"WebPage\",\"@id\":\"https:\/\/xenonkungen.com\/produkt\/tershine-amplify-wet-coat-500-ml\/\",\"url\":\"https:\/\/xenonkungen.com\/produkt\/tershine-amplify-wet-coat-500-ml\/\",\"name\":\"Tershine Amplify - Wet Coat 500 ml - Xenonkungen\",\"isPartOf\":{\"@id\":\"https:\/\/xenonkungen.com\/#website\"},\"primaryImageOfPage\":{\"@id\":\"https:\/\/xenonkungen.com\/produkt\/tershine-amplify-wet-coat-500-ml\/#primaryimage\"},\"image\":{\"@id\":\"https:\/\/xenonkungen.com\/produkt\/tershine-amplify-wet-coat-500-ml\/#primaryimage\"},\"thumbnailUrl\":\"https:\/\/xenonkungen.com\/wp-content\/uploads\/2026\/03\/LzyWVCupLRI2VzAMDWpr0mEzylC9m5F9LnrLD8RC.webp\",\"datePublished\":\"2026-03-13T14:09:58+00:00\",\"dateModified\":\"2026-05-11T09:37:08+00:00\",\"breadcrumb\":{\"@id\":\"https:\/\/xenonkungen.com\/produkt\/tershine-amplify-wet-coat-500-ml\/#breadcrumb\"},\"inLanguage\":\"en-GB\",\"potentialAction\":[{\"@type\":\"ReadAction\",\"target\":[\"https:\/\/xenonkungen.com\/produkt\/tershine-amplify-wet-coat-500-ml\/\"]}]},{\"@type\":\"ImageObject\",\"inLanguage\":\"en-GB\",\"@id\":\"https:\/\/xenonkungen.com\/produkt\/tershine-amplify-wet-coat-500-ml\/#primaryimage\",\"url\":\"https:\/\/xenonkungen.com\/wp-content\/uploads\/2026\/03\/LzyWVCupLRI2VzAMDWpr0mEzylC9m5F9LnrLD8RC.webp\",\"contentUrl\":\"https:\/\/xenonkungen.com\/wp-content\/uploads\/2026\/03\/LzyWVCupLRI2VzAMDWpr0mEzylC9m5F9LnrLD8RC.webp\",\"width\":1024,\"height\":1024},{\"@type\":\"BreadcrumbList\",\"@id\":\"https:\/\/xenonkungen.com\/produkt\/tershine-amplify-wet-coat-500-ml\/#breadcrumb\",\"itemListElement\":[{\"@type\":\"ListItem\",\"position\":1,\"name\":\"Hem\",\"item\":\"https:\/\/xenonkungen.com\/\"},{\"@type\":\"ListItem\",\"position\":2,\"name\":\"Shop\",\"item\":\"https:\/\/xenonkungen.com\/shop\/\"},{\"@type\":\"ListItem\",\"position\":3,\"name\":\"Tershine Amplify &#8211; Wet Coat 500 ml\"}]},{\"@type\":\"WebSite\",\"@id\":\"https:\/\/xenonkungen.com\/#website\",\"url\":\"https:\/\/xenonkungen.com\/\",\"name\":\"Xenonkungen\",\"description\":\"\",\"potentialAction\":[{\"@type\":\"SearchAction\",\"target\":{\"@type\":\"EntryPoint\",\"urlTemplate\":\"https:\/\/xenonkungen.com\/?s={search_term_string}\"},\"query-input\":{\"@type\":\"PropertyValueSpecification\",\"valueRequired\":true,\"valueName\":\"search_term_string\"}}],\"inLanguage\":\"en-GB\"}]}<\/script>\n<!-- \/ Yoast SEO plugin. -->","yoast_head_json":{"title":"Tershine Amplify - Wet Coat 500 ml - The Xenon King","robots":{"index":"index","follow":"follow","max-snippet":"max-snippet:-1","max-image-preview":"max-image-preview:large","max-video-preview":"max-video-preview:-1"},"canonical":"https:\/\/xenonkungen.com\/en\/product\/tershine-amplify-wet-coat-500-ml\/","og_locale":"en_GB","og_type":"article","og_title":"Tershine Amplify - Wet Coat 500 ml - Xenonkungen","og_description":"Keramiskt spraylackskydd \/ Wet Coat som ger en vattenavvisande yta och fantastisk glans p\u00e5 bara n\u00e5gra sekunder. Spraya p\u00e5 ren och v\u00e5t yta, v\u00e4nta n\u00e5gra sekunder - och spola av!","og_url":"https:\/\/xenonkungen.com\/en\/product\/tershine-amplify-wet-coat-500-ml\/","og_site_name":"Xenonkungen","article_modified_time":"2026-05-11T09:37:08+00:00","og_image":[{"width":1024,"height":1024,"url":"https:\/\/xenonkungen.com\/wp-content\/uploads\/2026\/03\/LzyWVCupLRI2VzAMDWpr0mEzylC9m5F9LnrLD8RC.webp","type":"image\/webp"}],"twitter_card":"summary_large_image","twitter_misc":{"Estimated reading time":"3 minutes"},"schema":{"@context":"https:\/\/schema.org","@graph":[{"@type":"WebPage","@id":"https:\/\/xenonkungen.com\/produkt\/tershine-amplify-wet-coat-500-ml\/","url":"https:\/\/xenonkungen.com\/produkt\/tershine-amplify-wet-coat-500-ml\/","name":"Tershine Amplify - Wet Coat 500 ml - The Xenon King","isPartOf":{"@id":"https:\/\/xenonkungen.com\/#website"},"primaryImageOfPage":{"@id":"https:\/\/xenonkungen.com\/produkt\/tershine-amplify-wet-coat-500-ml\/#primaryimage"},"image":{"@id":"https:\/\/xenonkungen.com\/produkt\/tershine-amplify-wet-coat-500-ml\/#primaryimage"},"thumbnailUrl":"https:\/\/xenonkungen.com\/wp-content\/uploads\/2026\/03\/LzyWVCupLRI2VzAMDWpr0mEzylC9m5F9LnrLD8RC.webp","datePublished":"2026-03-13T14:09:58+00:00","dateModified":"2026-05-11T09:37:08+00:00","breadcrumb":{"@id":"https:\/\/xenonkungen.com\/produkt\/tershine-amplify-wet-coat-500-ml\/#breadcrumb"},"inLanguage":"en-GB","potentialAction":[{"@type":"ReadAction","target":["https:\/\/xenonkungen.com\/produkt\/tershine-amplify-wet-coat-500-ml\/"]}]},{"@type":"ImageObject","inLanguage":"en-GB","@id":"https:\/\/xenonkungen.com\/produkt\/tershine-amplify-wet-coat-500-ml\/#primaryimage","url":"https:\/\/xenonkungen.com\/wp-content\/uploads\/2026\/03\/LzyWVCupLRI2VzAMDWpr0mEzylC9m5F9LnrLD8RC.webp","contentUrl":"https:\/\/xenonkungen.com\/wp-content\/uploads\/2026\/03\/LzyWVCupLRI2VzAMDWpr0mEzylC9m5F9LnrLD8RC.webp","width":1024,"height":1024},{"@type":"BreadcrumbList","@id":"https:\/\/xenonkungen.com\/produkt\/tershine-amplify-wet-coat-500-ml\/#breadcrumb","itemListElement":[{"@type":"ListItem","position":1,"name":"Hem","item":"https:\/\/xenonkungen.com\/"},{"@type":"ListItem","position":2,"name":"Shop","item":"https:\/\/xenonkungen.com\/shop\/"},{"@type":"ListItem","position":3,"name":"Tershine Amplify &#8211; Wet Coat 500 ml"}]},{"@type":"WebSite","@id":"https:\/\/xenonkungen.com\/#website","url":"https:\/\/xenonkungen.com\/","name":"Xenonkungen","description":"","potentialAction":[{"@type":"SearchAction","target":{"@type":"EntryPoint","urlTemplate":"https:\/\/xenonkungen.com\/?s={search_term_string}"},"query-input":{"@type":"PropertyValueSpecification","valueRequired":true,"valueName":"search_term_string"}}],"inLanguage":"en-GB"}]}},"taxonomy_info":{"product_brand":[{"value":2893,"label":"Tershine"}],"product_cat":[{"value":2989,"label":"2 | Avfettning"},{"value":2614,"label":"4 | Bilvax &amp; Lackskydd"},{"value":378,"label":"Bilv\u00e5rd"}]},"featured_image_src_large":["https:\/\/xenonkungen.com\/wp-content\/uploads\/2026\/03\/LzyWVCupLRI2VzAMDWpr0mEzylC9m5F9LnrLD8RC.webp",1024,1024,false],"author_info":[],"comment_info":0,"_links":{"self":[{"href":"https:\/\/xenonkungen.com\/en\/wp-json\/wp\/v2\/product\/27709","targetHints":{"allow":["GET"]}}],"collection":[{"href":"https:\/\/xenonkungen.com\/en\/wp-json\/wp\/v2\/product"}],"about":[{"href":"https:\/\/xenonkungen.com\/en\/wp-json\/wp\/v2\/types\/product"}],"replies":[{"embeddable":true,"href":"https:\/\/xenonkungen.com\/en\/wp-json\/wp\/v2\/comments?post=27709"}],"wp:featuredmedia":[{"embeddable":true,"href":"https:\/\/xenonkungen.com\/en\/wp-json\/wp\/v2\/media\/27710"}],"wp:attachment":[{"href":"https:\/\/xenonkungen.com\/en\/wp-json\/wp\/v2\/media?parent=27709"}],"wp:term":[{"taxonomy":"anvandningsomrade","embeddable":true,"href":"https:\/\/xenonkungen.com\/en\/wp-json\/wp\/v2\/anvandningsomrade?post=27709"},{"taxonomy":"bilmarken","embeddable":true,"href":"https:\/\/xenonkungen.com\/en\/wp-json\/wp\/v2\/bilmarken?post=27709"},{"taxonomy":"product_brand","embeddable":true,"href":"https:\/\/xenonkungen.com\/en\/wp-json\/wp\/v2\/product_brand?post=27709"},{"taxonomy":"product_cat","embeddable":true,"href":"https:\/\/xenonkungen.com\/en\/wp-json\/wp\/v2\/product_cat?post=27709"},{"taxonomy":"product_tag","embeddable":true,"href":"https:\/\/xenonkungen.com\/en\/wp-json\/wp\/v2\/product_tag?post=27709"}],"curies":[{"name":"wp","href":"https:\/\/api.w.org\/{rel}","templated":true}]}}