{"id":27819,"date":"2026-03-16T09:02:23","date_gmt":"2026-03-16T08:02:23","guid":{"rendered":"https:\/\/xenonkungen.com\/?post_type=product&#038;p=27819"},"modified":"2026-04-24T17:47:22","modified_gmt":"2026-04-24T16:47:22","slug":"tershine-dissolve-cold-degreasing-1-l","status":"publish","type":"product","link":"https:\/\/xenonkungen.com\/en\/product\/tershine-dissolve-cold-degreasing-1-l\/","title":{"rendered":"Tershine Dissolve \u2013 Cold degreasing 1 L"},"content":{"rendered":"<p>Dissolve \u2013 Cold degreasing is used against asphalt cracks, oil and other petroleum-based dirt, such as diesel, soot, gasoline, grease, oil and glue residue. Also perfect against road salt which is a mix of everything that has stuck to the surface during the winter.<\/p>\n<p><strong>Very effective<br \/>\nLow aromatic, almost odorless<br \/>\nKind to plastic, lamps and rubber<br \/>\nEffective against road salt<br \/>\nEffectively removes winter dirt<br \/>\nCan be applied to wet surface<\/p>\n<p>What is cold degreasing used for?<br \/>\n<\/strong><strong><br \/>\n<\/strong>All petroleum-based dirt<strong><br \/>\n<\/strong>Asphalt cracks\u00a0<strong><br \/>\n<\/strong>Gasoline\/Diesel\/soot<strong><br \/>\n<\/strong>Road salt<strong><br \/>\n<\/strong>Tar, bitumen<strong><br \/>\n<\/strong>Engine wash<br \/>\nGlue residue<\/p>\n<p>Dissolve is a low aromatic cold degreaser that effectively dissolves asphalt, oil and other petroleum-based dirt. It can be applied to both wet and dry surfaces, making it versatile and easy to use in a variety of situations. It also minimizes the risk of damage or problems, making it safe and easy to use.<\/p>\n<p>We have chosen to go with a gentler (non-flammable) mixture that minimizes the risk of damage or problems. This means that it can and should be left on a little longer than many others. Of course, it is no less effective for that.<\/p>\n<p><strong>How to use Dissolve \u2013 Cold degreasing<\/strong><\/p>\n<p><strong>1.\u00a0<\/strong>Apply evenly over the surface (normally from the handles downwards)<br \/>\n<strong>2.<\/strong>\u00a0Leave for a few minutes, remember that in colder weather it should be left longer.<br \/>\n<strong>3.\u00a0<\/strong>Rinse from bottom to top<br \/>\n<strong>4.\u00a0<\/strong>Continue with the next step in your washing procedure.<\/p>\n<p>Of course, it is good to use for example engine washing and other surfaces that are heavily soiled. Also remember that the product should remain on the surface longer at cold temperatures (up to 15 min ish). For best effect, Extract - Alkaline degreasing should also be used on top of Dissolve after step 2. You will also need Extract - Alkaline degreasing, i.e. it is not enough to degrease just once a year.<\/p>\n<p><strong>Fragrance:<\/strong>\u00a0Almost fragrance-free<\/p>\n<p><strong>Safety data sheets are available on request.<\/p>\n<p><img decoding=\"async\" src=\"https:\/\/d3dnwnveix5428.cloudfront.net\/store_72f4e2a4-e492-4ff0-8f8a-c603645bdb5c\/media\/24H05kBSmb7mjBaXEDh16ZGsh8pL6UMxmsYcBS6Z.png\" \/><\/p>\n<p>DANGER: May be fatal if swallowed and enters respiratory tract.<br \/>\nRepeated contact may cause dry skin or skin cracking.<br \/>\nIF SWALLOWED: Immediately call a POISON CENTER or doctor\/physician.<br \/>\nDo not induce vomiting. Keep away from heat\/sparks\/open flame.<br \/>\nNo smoking. Keep locked up. The contents of the container should be left to a<br \/>\napproved waste facility. Contains aromatic hydrocarbons &gt;30%.<\/strong><\/p>","protected":false},"excerpt":{"rendered":"<p>Cold degreasing that very effectively dissolves oil-based dirt such as asphalt, tar, road salt and other petroleum-based dirt.<\/p>","protected":false},"featured_media":27821,"comment_status":"open","ping_status":"closed","template":"","meta":{"_acf_changed":false,"_smort_price_nok":"","_smort_price_dkk":"","_smort_price_eur":"","_smort_sale_price_nok":"","_smort_sale_price_dkk":"","_smort_sale_price_eur":"","smort_restorder":"","shipmondo_restorder":"","_kad_blocks_custom_css":"","_kad_blocks_head_custom_js":"","_kad_blocks_body_custom_js":"","_kad_blocks_footer_custom_js":"","smort_custom_pricelist_1":"88.96","smort_custom_pricelist_2":"88.96","smort_custom_pricelist_3":"88.96","smort_custom_pricelist_4":"111.2","smort_custom_pricelist_5":"88.96"},"anvandningsomrade":[],"bilmarken":[],"product_brand":[2893],"product_cat":[2989,378],"product_tag":[],"class_list":{"0":"post-27819","1":"product","2":"type-product","3":"status-publish","4":"has-post-thumbnail","6":"product_brand-tershine","7":"product_cat-avfettning","8":"product_cat-bilvard","10":"first","11":"instock","12":"taxable","13":"shipping-taxable","14":"purchasable","15":"product-type-simple"},"bundled_by":[],"bundle_stock_status":"instock","bundle_stock_quantity":1,"bundle_virtual":false,"bundle_layout":"","bundle_add_to_cart_form_location":"","bundle_editable_in_cart":false,"bundle_sold_individually_context":"","bundle_item_grouping":"","bundle_min_size":"","bundle_max_size":"","bundle_price":[],"bundled_items":[],"bundle_sell_ids":[],"acf":[],"yoast_head":"<!-- This site is optimized with the Yoast SEO plugin v27.0 - https:\/\/yoast.com\/product\/yoast-seo-wordpress\/ -->\n<title>Tershine Dissolve - Kallavfettning 1 L - Xenonkungen<\/title>\n<meta name=\"robots\" content=\"index, follow, max-snippet:-1, max-image-preview:large, max-video-preview:-1\" \/>\n<link rel=\"canonical\" href=\"https:\/\/xenonkungen.com\/en\/product\/tershine-dissolve-cold-degreasing-1-l\/\" \/>\n<meta property=\"og:locale\" content=\"en_GB\" \/>\n<meta property=\"og:type\" content=\"article\" \/>\n<meta property=\"og:title\" content=\"Tershine Dissolve - Kallavfettning 1 L - Xenonkungen\" \/>\n<meta property=\"og:description\" content=\"Kallavfettning som mycket effektivt l\u00f6ser oljebaserad smuts som asfalt, tj\u00e4ra, v\u00e4gsalt och annan petroleumbaserad smuts.\" \/>\n<meta property=\"og:url\" content=\"https:\/\/xenonkungen.com\/en\/product\/tershine-dissolve-cold-degreasing-1-l\/\" \/>\n<meta property=\"og:site_name\" content=\"Xenonkungen\" \/>\n<meta property=\"article:modified_time\" content=\"2026-04-24T16:47:22+00:00\" \/>\n<meta property=\"og:image\" content=\"https:\/\/xenonkungen.com\/wp-content\/uploads\/2026\/03\/t2Wlub1EElWd86heYHaENA76CkY9TR6e9d1DKPGT.webp\" \/>\n\t<meta property=\"og:image:width\" content=\"1024\" \/>\n\t<meta property=\"og:image:height\" content=\"1024\" \/>\n\t<meta property=\"og:image:type\" content=\"image\/webp\" \/>\n<meta name=\"twitter:card\" content=\"summary_large_image\" \/>\n<meta name=\"twitter:label1\" content=\"Estimated reading time\" \/>\n\t<meta name=\"twitter:data1\" content=\"3 minutes\" \/>\n<script type=\"application\/ld+json\" class=\"yoast-schema-graph\">{\"@context\":\"https:\/\/schema.org\",\"@graph\":[{\"@type\":\"WebPage\",\"@id\":\"https:\/\/xenonkungen.com\/produkt\/tershine-dissolve-kallavfettning-1-l\/\",\"url\":\"https:\/\/xenonkungen.com\/produkt\/tershine-dissolve-kallavfettning-1-l\/\",\"name\":\"Tershine Dissolve - Kallavfettning 1 L - Xenonkungen\",\"isPartOf\":{\"@id\":\"https:\/\/xenonkungen.com\/#website\"},\"primaryImageOfPage\":{\"@id\":\"https:\/\/xenonkungen.com\/produkt\/tershine-dissolve-kallavfettning-1-l\/#primaryimage\"},\"image\":{\"@id\":\"https:\/\/xenonkungen.com\/produkt\/tershine-dissolve-kallavfettning-1-l\/#primaryimage\"},\"thumbnailUrl\":\"https:\/\/xenonkungen.com\/wp-content\/uploads\/2026\/03\/t2Wlub1EElWd86heYHaENA76CkY9TR6e9d1DKPGT.webp\",\"datePublished\":\"2026-03-16T08:02:23+00:00\",\"dateModified\":\"2026-04-24T16:47:22+00:00\",\"breadcrumb\":{\"@id\":\"https:\/\/xenonkungen.com\/produkt\/tershine-dissolve-kallavfettning-1-l\/#breadcrumb\"},\"inLanguage\":\"en-GB\",\"potentialAction\":[{\"@type\":\"ReadAction\",\"target\":[\"https:\/\/xenonkungen.com\/produkt\/tershine-dissolve-kallavfettning-1-l\/\"]}]},{\"@type\":\"ImageObject\",\"inLanguage\":\"en-GB\",\"@id\":\"https:\/\/xenonkungen.com\/produkt\/tershine-dissolve-kallavfettning-1-l\/#primaryimage\",\"url\":\"https:\/\/xenonkungen.com\/wp-content\/uploads\/2026\/03\/t2Wlub1EElWd86heYHaENA76CkY9TR6e9d1DKPGT.webp\",\"contentUrl\":\"https:\/\/xenonkungen.com\/wp-content\/uploads\/2026\/03\/t2Wlub1EElWd86heYHaENA76CkY9TR6e9d1DKPGT.webp\",\"width\":1024,\"height\":1024},{\"@type\":\"BreadcrumbList\",\"@id\":\"https:\/\/xenonkungen.com\/produkt\/tershine-dissolve-kallavfettning-1-l\/#breadcrumb\",\"itemListElement\":[{\"@type\":\"ListItem\",\"position\":1,\"name\":\"Hem\",\"item\":\"https:\/\/xenonkungen.com\/\"},{\"@type\":\"ListItem\",\"position\":2,\"name\":\"Shop\",\"item\":\"https:\/\/xenonkungen.com\/shop\/\"},{\"@type\":\"ListItem\",\"position\":3,\"name\":\"Tershine Dissolve &#8211; Kallavfettning 1 L\"}]},{\"@type\":\"WebSite\",\"@id\":\"https:\/\/xenonkungen.com\/#website\",\"url\":\"https:\/\/xenonkungen.com\/\",\"name\":\"Xenonkungen\",\"description\":\"\",\"potentialAction\":[{\"@type\":\"SearchAction\",\"target\":{\"@type\":\"EntryPoint\",\"urlTemplate\":\"https:\/\/xenonkungen.com\/?s={search_term_string}\"},\"query-input\":{\"@type\":\"PropertyValueSpecification\",\"valueRequired\":true,\"valueName\":\"search_term_string\"}}],\"inLanguage\":\"en-GB\"}]}<\/script>\n<!-- \/ Yoast SEO plugin. -->","yoast_head_json":{"title":"Tershine Dissolve - Cold degreasing 1 L - Xenonkungen","robots":{"index":"index","follow":"follow","max-snippet":"max-snippet:-1","max-image-preview":"max-image-preview:large","max-video-preview":"max-video-preview:-1"},"canonical":"https:\/\/xenonkungen.com\/en\/product\/tershine-dissolve-cold-degreasing-1-l\/","og_locale":"en_GB","og_type":"article","og_title":"Tershine Dissolve - Kallavfettning 1 L - Xenonkungen","og_description":"Kallavfettning som mycket effektivt l\u00f6ser oljebaserad smuts som asfalt, tj\u00e4ra, v\u00e4gsalt och annan petroleumbaserad smuts.","og_url":"https:\/\/xenonkungen.com\/en\/product\/tershine-dissolve-cold-degreasing-1-l\/","og_site_name":"Xenonkungen","article_modified_time":"2026-04-24T16:47:22+00:00","og_image":[{"width":1024,"height":1024,"url":"https:\/\/xenonkungen.com\/wp-content\/uploads\/2026\/03\/t2Wlub1EElWd86heYHaENA76CkY9TR6e9d1DKPGT.webp","type":"image\/webp"}],"twitter_card":"summary_large_image","twitter_misc":{"Estimated reading time":"3 minutes"},"schema":{"@context":"https:\/\/schema.org","@graph":[{"@type":"WebPage","@id":"https:\/\/xenonkungen.com\/produkt\/tershine-dissolve-kallavfettning-1-l\/","url":"https:\/\/xenonkungen.com\/produkt\/tershine-dissolve-kallavfettning-1-l\/","name":"Tershine Dissolve - Cold degreasing 1 L - Xenonkungen","isPartOf":{"@id":"https:\/\/xenonkungen.com\/#website"},"primaryImageOfPage":{"@id":"https:\/\/xenonkungen.com\/produkt\/tershine-dissolve-kallavfettning-1-l\/#primaryimage"},"image":{"@id":"https:\/\/xenonkungen.com\/produkt\/tershine-dissolve-kallavfettning-1-l\/#primaryimage"},"thumbnailUrl":"https:\/\/xenonkungen.com\/wp-content\/uploads\/2026\/03\/t2Wlub1EElWd86heYHaENA76CkY9TR6e9d1DKPGT.webp","datePublished":"2026-03-16T08:02:23+00:00","dateModified":"2026-04-24T16:47:22+00:00","breadcrumb":{"@id":"https:\/\/xenonkungen.com\/produkt\/tershine-dissolve-kallavfettning-1-l\/#breadcrumb"},"inLanguage":"en-GB","potentialAction":[{"@type":"ReadAction","target":["https:\/\/xenonkungen.com\/produkt\/tershine-dissolve-kallavfettning-1-l\/"]}]},{"@type":"ImageObject","inLanguage":"en-GB","@id":"https:\/\/xenonkungen.com\/produkt\/tershine-dissolve-kallavfettning-1-l\/#primaryimage","url":"https:\/\/xenonkungen.com\/wp-content\/uploads\/2026\/03\/t2Wlub1EElWd86heYHaENA76CkY9TR6e9d1DKPGT.webp","contentUrl":"https:\/\/xenonkungen.com\/wp-content\/uploads\/2026\/03\/t2Wlub1EElWd86heYHaENA76CkY9TR6e9d1DKPGT.webp","width":1024,"height":1024},{"@type":"BreadcrumbList","@id":"https:\/\/xenonkungen.com\/produkt\/tershine-dissolve-kallavfettning-1-l\/#breadcrumb","itemListElement":[{"@type":"ListItem","position":1,"name":"Hem","item":"https:\/\/xenonkungen.com\/"},{"@type":"ListItem","position":2,"name":"Shop","item":"https:\/\/xenonkungen.com\/shop\/"},{"@type":"ListItem","position":3,"name":"Tershine Dissolve &#8211; Kallavfettning 1 L"}]},{"@type":"WebSite","@id":"https:\/\/xenonkungen.com\/#website","url":"https:\/\/xenonkungen.com\/","name":"Xenonkungen","description":"","potentialAction":[{"@type":"SearchAction","target":{"@type":"EntryPoint","urlTemplate":"https:\/\/xenonkungen.com\/?s={search_term_string}"},"query-input":{"@type":"PropertyValueSpecification","valueRequired":true,"valueName":"search_term_string"}}],"inLanguage":"en-GB"}]}},"taxonomy_info":{"product_brand":[{"value":2893,"label":"Tershine"}],"product_cat":[{"value":2989,"label":"2 | Avfettning"},{"value":378,"label":"Bilv\u00e5rd"}]},"featured_image_src_large":["https:\/\/xenonkungen.com\/wp-content\/uploads\/2026\/03\/t2Wlub1EElWd86heYHaENA76CkY9TR6e9d1DKPGT.webp",1024,1024,false],"author_info":[],"comment_info":0,"_links":{"self":[{"href":"https:\/\/xenonkungen.com\/en\/wp-json\/wp\/v2\/product\/27819","targetHints":{"allow":["GET"]}}],"collection":[{"href":"https:\/\/xenonkungen.com\/en\/wp-json\/wp\/v2\/product"}],"about":[{"href":"https:\/\/xenonkungen.com\/en\/wp-json\/wp\/v2\/types\/product"}],"replies":[{"embeddable":true,"href":"https:\/\/xenonkungen.com\/en\/wp-json\/wp\/v2\/comments?post=27819"}],"wp:featuredmedia":[{"embeddable":true,"href":"https:\/\/xenonkungen.com\/en\/wp-json\/wp\/v2\/media\/27821"}],"wp:attachment":[{"href":"https:\/\/xenonkungen.com\/en\/wp-json\/wp\/v2\/media?parent=27819"}],"wp:term":[{"taxonomy":"anvandningsomrade","embeddable":true,"href":"https:\/\/xenonkungen.com\/en\/wp-json\/wp\/v2\/anvandningsomrade?post=27819"},{"taxonomy":"bilmarken","embeddable":true,"href":"https:\/\/xenonkungen.com\/en\/wp-json\/wp\/v2\/bilmarken?post=27819"},{"taxonomy":"product_brand","embeddable":true,"href":"https:\/\/xenonkungen.com\/en\/wp-json\/wp\/v2\/product_brand?post=27819"},{"taxonomy":"product_cat","embeddable":true,"href":"https:\/\/xenonkungen.com\/en\/wp-json\/wp\/v2\/product_cat?post=27819"},{"taxonomy":"product_tag","embeddable":true,"href":"https:\/\/xenonkungen.com\/en\/wp-json\/wp\/v2\/product_tag?post=27819"}],"curies":[{"name":"wp","href":"https:\/\/api.w.org\/{rel}","templated":true}]}}