{"id":27824,"date":"2026-03-16T09:09:23","date_gmt":"2026-03-16T08:09:23","guid":{"rendered":"https:\/\/xenonkungen.com\/?post_type=product&#038;p=27824"},"modified":"2026-05-12T14:38:00","modified_gmt":"2026-05-12T13:38:00","slug":"tershine-dissolve-cold-degreasing-5-l","status":"publish","type":"product","link":"https:\/\/xenonkungen.com\/en\/product\/tershine-dissolve-cold-degreasing-5-l\/","title":{"rendered":"Tershine Dissolve \u2013 Cold degreasing 5 L"},"content":{"rendered":"<p>Cold degreasing used against asphalt cracks and other petroleum-based dirt such as diesel, soot, gasoline, grease, oil and adhesive residue.<\/p>\n<p><strong>Very effective<br \/>\nLow aromatic, almost odorless<br \/>\nKind to plastic, lamps and rubber<br \/>\nEffective against road salt<br \/>\nEffectively removes winter dirt<br \/>\nReady to use<br \/>\nCan be applied to wet surface<br \/>\nFree from PFAS<\/strong><\/p>\n<p>Dissolve 5000 ml is a low-aromatic cold degreaser (smells almost nothing) that effectively dissolves asphalt, oil and other petroleum-based dirt. Can be applied to both wet and dry surfaces. I have chosen to go with a gentler (non-flammable) mixture that minimizes the risk of damage or problems. This means that it can and should stay on a little longer than many others. Of course, it is no less effective for that.<\/p>\n<p><strong>1.\u00a0<\/strong>Apply evenly over the surface (normally from the handles downwards)<br \/>\n<strong>2.<\/strong>\u00a0Let it sit for a few minutes, remember that in colder weather it should sit for considerably longer.<br \/>\n<strong>3.<\/strong>\u00a0Rinse from bottom to top<br \/>\n<strong>4.<\/strong>\u00a0Continue with the next step in your washing procedure.<\/p>\n<p>Ps. Of course, it can be used for example for engine washing etc. Also remember that the product should remain on the surface longer at cold temperatures (up to 15 min ish). For best effect, Extract should also be used on top of Dissolve \u2013 Cold degreasing after step 2. Extract \u2013 Alkaline degreasing will also be needed, i.e. it is not enough to degrease just once a year. If you have really stubborn asphalt spots that do not disappear, Prime \u2013 Panel Wipe is absolutely magical at removing them, so try it in selected places.<\/p>\n<h6>Safety data sheets are available on request.<\/h6>\n<p><img decoding=\"async\" src=\"https:\/\/d3dnwnveix5428.cloudfront.net\/store_72f4e2a4-e492-4ff0-8f8a-c603645bdb5c\/media\/OZlcs529hYIqb5zYGL3Ariy4cKiV85SbGfjVRwnD.png\" \/><\/p>\n<h6>DANGER: May be fatal if swallowed and enters respiratory tract.<br \/>\nRepeated contact may cause dry skin or skin cracking.<br \/>\nIF SWALLOWED: Immediately call a POISON CENTER or doctor\/physician.<br \/>\nDo not induce vomiting. Keep away from heat\/sparks\/open flame.<br \/>\nNo smoking. Keep locked up. The contents of the container should be left to a<br \/>\napproved waste facility. Contains aromatic hydrocarbons &gt;30%.<\/h6>","protected":false},"excerpt":{"rendered":"<p>Effective and virtually odorless cold degreasing that dissolves asphalt, tar and oil without harmful substances.<\/p>","protected":false},"featured_media":27825,"comment_status":"open","ping_status":"closed","template":"","meta":{"_acf_changed":false,"_smort_price_nok":"","_smort_price_dkk":"","_smort_price_eur":"","_smort_sale_price_nok":"","_smort_sale_price_dkk":"","_smort_sale_price_eur":"","smort_restorder":"","shipmondo_restorder":"","_kad_blocks_custom_css":"","_kad_blocks_head_custom_js":"","_kad_blocks_body_custom_js":"","_kad_blocks_footer_custom_js":"","smort_custom_pricelist_1":"319.36","smort_custom_pricelist_2":"319.36","smort_custom_pricelist_3":"319.36","smort_custom_pricelist_4":"399.2","smort_custom_pricelist_5":"319.36"},"anvandningsomrade":[],"bilmarken":[],"product_brand":[2893],"product_cat":[2989,378],"product_tag":[],"class_list":{"0":"post-27824","1":"product","2":"type-product","3":"status-publish","4":"has-post-thumbnail","6":"product_brand-tershine","7":"product_cat-avfettning","8":"product_cat-bilvard","10":"first","11":"onbackorder","12":"taxable","13":"shipping-taxable","14":"purchasable","15":"product-type-simple"},"bundled_by":[],"bundle_stock_status":"onbackorder","bundle_stock_quantity":0,"bundle_virtual":false,"bundle_layout":"","bundle_add_to_cart_form_location":"","bundle_editable_in_cart":false,"bundle_sold_individually_context":"","bundle_item_grouping":"","bundle_min_size":"","bundle_max_size":"","bundle_price":[],"bundled_items":[],"bundle_sell_ids":[],"acf":[],"yoast_head":"<!-- This site is optimized with the Yoast SEO plugin v27.0 - https:\/\/yoast.com\/product\/yoast-seo-wordpress\/ -->\n<title>Tershine Dissolve - Kallavfettning 5 L - Xenonkungen<\/title>\n<meta name=\"robots\" content=\"index, follow, max-snippet:-1, max-image-preview:large, max-video-preview:-1\" \/>\n<link rel=\"canonical\" href=\"https:\/\/xenonkungen.com\/en\/product\/tershine-dissolve-cold-degreasing-5-l\/\" \/>\n<meta property=\"og:locale\" content=\"en_GB\" \/>\n<meta property=\"og:type\" content=\"article\" \/>\n<meta property=\"og:title\" content=\"Tershine Dissolve - Kallavfettning 5 L - Xenonkungen\" \/>\n<meta property=\"og:description\" content=\"Effektiv och n\u00e4stintill doftfri kallavfettning som l\u00f6ser asfalt, tj\u00e4ra och olja utan skadliga \u00e4mnen.\" \/>\n<meta property=\"og:url\" content=\"https:\/\/xenonkungen.com\/en\/product\/tershine-dissolve-cold-degreasing-5-l\/\" \/>\n<meta property=\"og:site_name\" content=\"Xenonkungen\" \/>\n<meta property=\"article:modified_time\" content=\"2026-05-12T13:38:00+00:00\" \/>\n<meta property=\"og:image\" content=\"https:\/\/xenonkungen.com\/wp-content\/uploads\/2026\/03\/FZ7sDLZry6uKKhaFVZWaKycEqnwPDuBdfx0KNOqX.webp\" \/>\n\t<meta property=\"og:image:width\" content=\"1024\" \/>\n\t<meta property=\"og:image:height\" content=\"1024\" \/>\n\t<meta property=\"og:image:type\" content=\"image\/webp\" \/>\n<meta name=\"twitter:card\" content=\"summary_large_image\" \/>\n<meta name=\"twitter:label1\" content=\"Estimated reading time\" \/>\n\t<meta name=\"twitter:data1\" content=\"2 minutes\" \/>\n<script type=\"application\/ld+json\" class=\"yoast-schema-graph\">{\"@context\":\"https:\/\/schema.org\",\"@graph\":[{\"@type\":\"WebPage\",\"@id\":\"https:\/\/xenonkungen.com\/produkt\/tershine-dissolve-kallavfettning-5-l\/\",\"url\":\"https:\/\/xenonkungen.com\/produkt\/tershine-dissolve-kallavfettning-5-l\/\",\"name\":\"Tershine Dissolve - Kallavfettning 5 L - Xenonkungen\",\"isPartOf\":{\"@id\":\"https:\/\/xenonkungen.com\/#website\"},\"primaryImageOfPage\":{\"@id\":\"https:\/\/xenonkungen.com\/produkt\/tershine-dissolve-kallavfettning-5-l\/#primaryimage\"},\"image\":{\"@id\":\"https:\/\/xenonkungen.com\/produkt\/tershine-dissolve-kallavfettning-5-l\/#primaryimage\"},\"thumbnailUrl\":\"https:\/\/xenonkungen.com\/wp-content\/uploads\/2026\/03\/FZ7sDLZry6uKKhaFVZWaKycEqnwPDuBdfx0KNOqX.webp\",\"datePublished\":\"2026-03-16T08:09:23+00:00\",\"dateModified\":\"2026-05-12T13:38:00+00:00\",\"breadcrumb\":{\"@id\":\"https:\/\/xenonkungen.com\/produkt\/tershine-dissolve-kallavfettning-5-l\/#breadcrumb\"},\"inLanguage\":\"en-GB\",\"potentialAction\":[{\"@type\":\"ReadAction\",\"target\":[\"https:\/\/xenonkungen.com\/produkt\/tershine-dissolve-kallavfettning-5-l\/\"]}]},{\"@type\":\"ImageObject\",\"inLanguage\":\"en-GB\",\"@id\":\"https:\/\/xenonkungen.com\/produkt\/tershine-dissolve-kallavfettning-5-l\/#primaryimage\",\"url\":\"https:\/\/xenonkungen.com\/wp-content\/uploads\/2026\/03\/FZ7sDLZry6uKKhaFVZWaKycEqnwPDuBdfx0KNOqX.webp\",\"contentUrl\":\"https:\/\/xenonkungen.com\/wp-content\/uploads\/2026\/03\/FZ7sDLZry6uKKhaFVZWaKycEqnwPDuBdfx0KNOqX.webp\",\"width\":1024,\"height\":1024},{\"@type\":\"BreadcrumbList\",\"@id\":\"https:\/\/xenonkungen.com\/produkt\/tershine-dissolve-kallavfettning-5-l\/#breadcrumb\",\"itemListElement\":[{\"@type\":\"ListItem\",\"position\":1,\"name\":\"Hem\",\"item\":\"https:\/\/xenonkungen.com\/\"},{\"@type\":\"ListItem\",\"position\":2,\"name\":\"Shop\",\"item\":\"https:\/\/xenonkungen.com\/shop\/\"},{\"@type\":\"ListItem\",\"position\":3,\"name\":\"Tershine Dissolve &#8211; Kallavfettning 5 L\"}]},{\"@type\":\"WebSite\",\"@id\":\"https:\/\/xenonkungen.com\/#website\",\"url\":\"https:\/\/xenonkungen.com\/\",\"name\":\"Xenonkungen\",\"description\":\"\",\"potentialAction\":[{\"@type\":\"SearchAction\",\"target\":{\"@type\":\"EntryPoint\",\"urlTemplate\":\"https:\/\/xenonkungen.com\/?s={search_term_string}\"},\"query-input\":{\"@type\":\"PropertyValueSpecification\",\"valueRequired\":true,\"valueName\":\"search_term_string\"}}],\"inLanguage\":\"en-GB\"}]}<\/script>\n<!-- \/ Yoast SEO plugin. -->","yoast_head_json":{"title":"Tershine Dissolve - Cold degreasing 5 L - Xenonkungen","robots":{"index":"index","follow":"follow","max-snippet":"max-snippet:-1","max-image-preview":"max-image-preview:large","max-video-preview":"max-video-preview:-1"},"canonical":"https:\/\/xenonkungen.com\/en\/product\/tershine-dissolve-cold-degreasing-5-l\/","og_locale":"en_GB","og_type":"article","og_title":"Tershine Dissolve - Kallavfettning 5 L - Xenonkungen","og_description":"Effektiv och n\u00e4stintill doftfri kallavfettning som l\u00f6ser asfalt, tj\u00e4ra och olja utan skadliga \u00e4mnen.","og_url":"https:\/\/xenonkungen.com\/en\/product\/tershine-dissolve-cold-degreasing-5-l\/","og_site_name":"Xenonkungen","article_modified_time":"2026-05-12T13:38:00+00:00","og_image":[{"width":1024,"height":1024,"url":"https:\/\/xenonkungen.com\/wp-content\/uploads\/2026\/03\/FZ7sDLZry6uKKhaFVZWaKycEqnwPDuBdfx0KNOqX.webp","type":"image\/webp"}],"twitter_card":"summary_large_image","twitter_misc":{"Estimated reading time":"2 minutes"},"schema":{"@context":"https:\/\/schema.org","@graph":[{"@type":"WebPage","@id":"https:\/\/xenonkungen.com\/produkt\/tershine-dissolve-kallavfettning-5-l\/","url":"https:\/\/xenonkungen.com\/produkt\/tershine-dissolve-kallavfettning-5-l\/","name":"Tershine Dissolve - Cold degreasing 5 L - Xenonkungen","isPartOf":{"@id":"https:\/\/xenonkungen.com\/#website"},"primaryImageOfPage":{"@id":"https:\/\/xenonkungen.com\/produkt\/tershine-dissolve-kallavfettning-5-l\/#primaryimage"},"image":{"@id":"https:\/\/xenonkungen.com\/produkt\/tershine-dissolve-kallavfettning-5-l\/#primaryimage"},"thumbnailUrl":"https:\/\/xenonkungen.com\/wp-content\/uploads\/2026\/03\/FZ7sDLZry6uKKhaFVZWaKycEqnwPDuBdfx0KNOqX.webp","datePublished":"2026-03-16T08:09:23+00:00","dateModified":"2026-05-12T13:38:00+00:00","breadcrumb":{"@id":"https:\/\/xenonkungen.com\/produkt\/tershine-dissolve-kallavfettning-5-l\/#breadcrumb"},"inLanguage":"en-GB","potentialAction":[{"@type":"ReadAction","target":["https:\/\/xenonkungen.com\/produkt\/tershine-dissolve-kallavfettning-5-l\/"]}]},{"@type":"ImageObject","inLanguage":"en-GB","@id":"https:\/\/xenonkungen.com\/produkt\/tershine-dissolve-kallavfettning-5-l\/#primaryimage","url":"https:\/\/xenonkungen.com\/wp-content\/uploads\/2026\/03\/FZ7sDLZry6uKKhaFVZWaKycEqnwPDuBdfx0KNOqX.webp","contentUrl":"https:\/\/xenonkungen.com\/wp-content\/uploads\/2026\/03\/FZ7sDLZry6uKKhaFVZWaKycEqnwPDuBdfx0KNOqX.webp","width":1024,"height":1024},{"@type":"BreadcrumbList","@id":"https:\/\/xenonkungen.com\/produkt\/tershine-dissolve-kallavfettning-5-l\/#breadcrumb","itemListElement":[{"@type":"ListItem","position":1,"name":"Hem","item":"https:\/\/xenonkungen.com\/"},{"@type":"ListItem","position":2,"name":"Shop","item":"https:\/\/xenonkungen.com\/shop\/"},{"@type":"ListItem","position":3,"name":"Tershine Dissolve &#8211; Kallavfettning 5 L"}]},{"@type":"WebSite","@id":"https:\/\/xenonkungen.com\/#website","url":"https:\/\/xenonkungen.com\/","name":"Xenonkungen","description":"","potentialAction":[{"@type":"SearchAction","target":{"@type":"EntryPoint","urlTemplate":"https:\/\/xenonkungen.com\/?s={search_term_string}"},"query-input":{"@type":"PropertyValueSpecification","valueRequired":true,"valueName":"search_term_string"}}],"inLanguage":"en-GB"}]}},"taxonomy_info":{"product_brand":[{"value":2893,"label":"Tershine"}],"product_cat":[{"value":2989,"label":"2 | Avfettning"},{"value":378,"label":"Bilv\u00e5rd"}]},"featured_image_src_large":["https:\/\/xenonkungen.com\/wp-content\/uploads\/2026\/03\/FZ7sDLZry6uKKhaFVZWaKycEqnwPDuBdfx0KNOqX.webp",1024,1024,false],"author_info":[],"comment_info":0,"_links":{"self":[{"href":"https:\/\/xenonkungen.com\/en\/wp-json\/wp\/v2\/product\/27824","targetHints":{"allow":["GET"]}}],"collection":[{"href":"https:\/\/xenonkungen.com\/en\/wp-json\/wp\/v2\/product"}],"about":[{"href":"https:\/\/xenonkungen.com\/en\/wp-json\/wp\/v2\/types\/product"}],"replies":[{"embeddable":true,"href":"https:\/\/xenonkungen.com\/en\/wp-json\/wp\/v2\/comments?post=27824"}],"wp:featuredmedia":[{"embeddable":true,"href":"https:\/\/xenonkungen.com\/en\/wp-json\/wp\/v2\/media\/27825"}],"wp:attachment":[{"href":"https:\/\/xenonkungen.com\/en\/wp-json\/wp\/v2\/media?parent=27824"}],"wp:term":[{"taxonomy":"anvandningsomrade","embeddable":true,"href":"https:\/\/xenonkungen.com\/en\/wp-json\/wp\/v2\/anvandningsomrade?post=27824"},{"taxonomy":"bilmarken","embeddable":true,"href":"https:\/\/xenonkungen.com\/en\/wp-json\/wp\/v2\/bilmarken?post=27824"},{"taxonomy":"product_brand","embeddable":true,"href":"https:\/\/xenonkungen.com\/en\/wp-json\/wp\/v2\/product_brand?post=27824"},{"taxonomy":"product_cat","embeddable":true,"href":"https:\/\/xenonkungen.com\/en\/wp-json\/wp\/v2\/product_cat?post=27824"},{"taxonomy":"product_tag","embeddable":true,"href":"https:\/\/xenonkungen.com\/en\/wp-json\/wp\/v2\/product_tag?post=27824"}],"curies":[{"name":"wp","href":"https:\/\/api.w.org\/{rel}","templated":true}]}}