{"id":27835,"date":"2026-03-16T09:42:31","date_gmt":"2026-03-16T08:42:31","guid":{"rendered":"https:\/\/xenonkungen.com\/?post_type=product&#038;p=27835"},"modified":"2026-05-04T10:49:13","modified_gmt":"2026-05-04T09:49:13","slug":"tershine-extract-alkaline-degreasing-1-l","status":"publish","type":"product","link":"https:\/\/xenonkungen.com\/en\/product\/tershine-extract-alkaline-degreasing-1-l\/","title":{"rendered":"Tershine Extract \u2013 Alkaline degreasing 1 L"},"content":{"rendered":"<p>Alkaline degreasing in super concentrate that effectively removes all types of organic dirt such as flies, insects, traffic film, algae, pollen, mold and other growth. A must for every wash!<\/p>\n<p><strong>Extremely generous, 1 liter yields 20+ liters of finished product<br \/>\nAffordable<br \/>\nCruel as an insect remover<br \/>\nVery effective on most materials<br \/>\nWorks on car, camper, caravan, boat, deck, facade, bathroom, etc.<br \/>\nDoes the cannon work in Foam Lance?<br \/>\nKind to aluminum<br \/>\nAvailable in several sizes<br \/>\nSmells good of peach<br \/>\nThe surfactant(s) contained in this preparation meet the biodegradability criteria of EU Regulation (EC) No 648\/2004 on detergents.<br \/>\nThe product is not classified as requiring labeling according to CLP Regulation (EC) 1272\/2008.<\/p>\n<p>What is alkaline degreasing used for?<\/p>\n<p><\/strong>Dissolves all forms of organic dirt<strong><br \/>\n<\/strong>Flies, mosquitoes and insects<strong><br \/>\n<\/strong>Traffic film<strong><br \/>\n<\/strong>Algae and fouling<strong><br \/>\n<\/strong>Mildew<strong><br \/>\n<\/strong>Perfect for car, caravan, motorhome, motorcycle, deck and boat<strong><br \/>\n<\/strong>Bathroom, facade and most surfaces<br \/>\nStable<br \/>\nWooden facade<\/p>\n<p><strong>How to dilute Extract \u2013 Alkaline degreasing:<\/strong><\/p>\n<p><strong>Weak mixture:<\/strong>\u00a0\u00a02-4% concentrate rest water<br \/>\n<strong>Normal mixture:\u00a0<\/strong>\u00a05-7% concentrate rest water<br \/>\n<strong>Strong mix:\u00a0<\/strong>10-15% concentrate rest water<br \/>\n<strong>Very strong mixture:<\/strong>\u00a015-25% concentrate rest water<br \/>\n<strong>Extremely strong mixture:<\/strong>\u00a050-100% (do not let dry)<\/p>\n<p>Extract is a highly effective and super concentrated alkaline degreaser perfect for all types of vehicles, floors, facades, wooden decks\/decking etc. Lifts all forms of organic dirt and smells lovely of peach. Mix 3-15% in water and 1 liter thus gives 20+ liters of finished product to use. Also works great for coarser dirt on workshop floors, carpets, gelcoat etc.<\/p>\n<p><strong>Use like this:<\/strong><\/p>\n<p><strong>1.\u00a0<\/strong>Mix 3-15% with water (depending on degree of soiling)<br \/>\n<strong>2.\u00a0<\/strong>Spray over selected area and leave for 5-15 minutes (do not let dry)<br \/>\n<strong>3.\u00a0<\/strong>Rinse off with high pressure<br \/>\n<strong>4.\u00a0<\/strong>Begin the next step in the washing process<\/p>\n<p>Works great in a foam gun, dose the amount with the nozzle. Also keep in mind that all types of chemicals, but especially degreasing (cold\/alkaline) need longer to work the surface when it is cold. So try out what time you prefer, anything between 5-15 minutes, but don&#039;t let it dry. Be gentle on aluminum and other metals, but as usual don&#039;t let it dry!<\/p>\n<p>Magical as\u00a0<strong>fly\/insect repeller\u00a0<\/strong>in the front, then mix the product significantly stronger all the way up to clean!<\/p>\n<p>This does not dissolve tar\/asphalt stains, then you need our cold degreasing agent Dissolve! Also available as a ready-to-use solution diluted to 10%!<\/p>\n<p><strong>FAQ and common questions about alkaline degreasing:<\/strong><\/p>\n<p><strong>What is the difference between alkaline degreasing and cold degreasing?<\/strong><br \/>\nAlkaline degreasing dissolves organic dirt such as soil, sand, bird droppings, flies and mosquitoes, and cold degreasing dissolves all forms of petroleum-based dirt such as asphalt, tar, gasoline, diesel and more.<\/p>\n<p><strong>When should you use alkaline degreasing?<\/strong><br \/>\nWith each wash to dissolve flies, mosquitoes, sand, soil and traffic film to have the cleanest surface possible before you start shampooing.<\/p>\n<p><strong>Can alkaline degreasing be used on the entire car?\u00a0<\/strong><br \/>\nYes, that&#039;s fine, just don&#039;t let anything dry in.<\/p>\n<p><strong>What does alkaline degreasing mean?<\/strong><br \/>\nDegreasers with higher pH values.<\/p>\n<p><strong>How do you mix an alkaline degreaser?<\/strong><\/p>\n<p><em>For 5% mixture, take the volume, for example 500ml x 0.05 = 25ml, for 10%, take 500 ml x 0.1, etc.!<br \/>\n<\/em><\/p>\n<p><strong>Fragrance:\u00a0<\/strong>Peach<strong><br \/>\n<em><br \/>\n<\/em><\/strong><em>Store frost-free.<\/em><\/p>","protected":false},"excerpt":{"rendered":"<p>Super concentrated alkaline degreaser \u2013 a powerful cleaning product that effectively removes traffic film, insects, algae and dirt from cars, boats and houses. Dissolves all forms of organic dirt!<\/p>","protected":false},"featured_media":27837,"comment_status":"open","ping_status":"closed","template":"","meta":{"_acf_changed":false,"_smort_price_nok":"","_smort_price_dkk":"","_smort_price_eur":"","_smort_sale_price_nok":"","_smort_sale_price_dkk":"","_smort_sale_price_eur":"","smort_restorder":"","shipmondo_restorder":"","_kad_blocks_custom_css":"","_kad_blocks_head_custom_js":"","_kad_blocks_body_custom_js":"","_kad_blocks_footer_custom_js":"","smort_custom_pricelist_1":"101.76","smort_custom_pricelist_2":"101.76","smort_custom_pricelist_3":"101.76","smort_custom_pricelist_4":"127.2","smort_custom_pricelist_5":"101.76"},"anvandningsomrade":[],"bilmarken":[],"product_brand":[2893],"product_cat":[2988,2989,378],"product_tag":[],"class_list":{"0":"post-27835","1":"product","2":"type-product","3":"status-publish","4":"has-post-thumbnail","6":"product_brand-tershine","7":"product_cat-biltvatt","8":"product_cat-avfettning","9":"product_cat-bilvard","11":"first","12":"instock","13":"taxable","14":"shipping-taxable","15":"purchasable","16":"product-type-simple"},"bundled_by":[],"bundle_stock_status":"instock","bundle_stock_quantity":1,"bundle_virtual":false,"bundle_layout":"","bundle_add_to_cart_form_location":"","bundle_editable_in_cart":false,"bundle_sold_individually_context":"","bundle_item_grouping":"","bundle_min_size":"","bundle_max_size":"","bundle_price":[],"bundled_items":[],"bundle_sell_ids":[],"acf":[],"yoast_head":"<!-- This site is optimized with the Yoast SEO plugin v27.0 - https:\/\/yoast.com\/product\/yoast-seo-wordpress\/ -->\n<title>Tershine Extract - Alkalisk avfettning 1 L - Xenonkungen<\/title>\n<meta name=\"robots\" content=\"index, follow, max-snippet:-1, max-image-preview:large, max-video-preview:-1\" \/>\n<link rel=\"canonical\" href=\"https:\/\/xenonkungen.com\/en\/product\/tershine-extract-alkaline-degreasing-1-l\/\" \/>\n<meta property=\"og:locale\" content=\"en_GB\" \/>\n<meta property=\"og:type\" content=\"article\" \/>\n<meta property=\"og:title\" content=\"Tershine Extract - Alkalisk avfettning 1 L - Xenonkungen\" \/>\n<meta property=\"og:description\" content=\"Superkoncentrad alkalisk avfettning - en kraftfull reng\u00f6ringsprodukt som effektivt tar bort trafikfilm, insekter, alger och smuts fr\u00e5n bil, b\u00e5t och hus. L\u00f6ser all form av organisk smuts!\" \/>\n<meta property=\"og:url\" content=\"https:\/\/xenonkungen.com\/en\/product\/tershine-extract-alkaline-degreasing-1-l\/\" \/>\n<meta property=\"og:site_name\" content=\"Xenonkungen\" \/>\n<meta property=\"article:modified_time\" content=\"2026-05-04T09:49:13+00:00\" \/>\n<meta property=\"og:image\" content=\"https:\/\/xenonkungen.com\/wp-content\/uploads\/2026\/03\/kHHctWa1bDWTnQr5Ml2jzudRqKSLMjR8RQlVbrqE.webp\" \/>\n\t<meta property=\"og:image:width\" content=\"1024\" \/>\n\t<meta property=\"og:image:height\" content=\"1024\" \/>\n\t<meta property=\"og:image:type\" content=\"image\/webp\" \/>\n<meta name=\"twitter:card\" content=\"summary_large_image\" \/>\n<meta name=\"twitter:label1\" content=\"Estimated reading time\" \/>\n\t<meta name=\"twitter:data1\" content=\"3 minutes\" \/>\n<script type=\"application\/ld+json\" class=\"yoast-schema-graph\">{\"@context\":\"https:\/\/schema.org\",\"@graph\":[{\"@type\":\"WebPage\",\"@id\":\"https:\/\/xenonkungen.com\/produkt\/tershine-extract-alkalisk-avfettning-1-l\/\",\"url\":\"https:\/\/xenonkungen.com\/produkt\/tershine-extract-alkalisk-avfettning-1-l\/\",\"name\":\"Tershine Extract - Alkalisk avfettning 1 L - Xenonkungen\",\"isPartOf\":{\"@id\":\"https:\/\/xenonkungen.com\/#website\"},\"primaryImageOfPage\":{\"@id\":\"https:\/\/xenonkungen.com\/produkt\/tershine-extract-alkalisk-avfettning-1-l\/#primaryimage\"},\"image\":{\"@id\":\"https:\/\/xenonkungen.com\/produkt\/tershine-extract-alkalisk-avfettning-1-l\/#primaryimage\"},\"thumbnailUrl\":\"https:\/\/xenonkungen.com\/wp-content\/uploads\/2026\/03\/kHHctWa1bDWTnQr5Ml2jzudRqKSLMjR8RQlVbrqE.webp\",\"datePublished\":\"2026-03-16T08:42:31+00:00\",\"dateModified\":\"2026-05-04T09:49:13+00:00\",\"breadcrumb\":{\"@id\":\"https:\/\/xenonkungen.com\/produkt\/tershine-extract-alkalisk-avfettning-1-l\/#breadcrumb\"},\"inLanguage\":\"en-GB\",\"potentialAction\":[{\"@type\":\"ReadAction\",\"target\":[\"https:\/\/xenonkungen.com\/produkt\/tershine-extract-alkalisk-avfettning-1-l\/\"]}]},{\"@type\":\"ImageObject\",\"inLanguage\":\"en-GB\",\"@id\":\"https:\/\/xenonkungen.com\/produkt\/tershine-extract-alkalisk-avfettning-1-l\/#primaryimage\",\"url\":\"https:\/\/xenonkungen.com\/wp-content\/uploads\/2026\/03\/kHHctWa1bDWTnQr5Ml2jzudRqKSLMjR8RQlVbrqE.webp\",\"contentUrl\":\"https:\/\/xenonkungen.com\/wp-content\/uploads\/2026\/03\/kHHctWa1bDWTnQr5Ml2jzudRqKSLMjR8RQlVbrqE.webp\",\"width\":1024,\"height\":1024},{\"@type\":\"BreadcrumbList\",\"@id\":\"https:\/\/xenonkungen.com\/produkt\/tershine-extract-alkalisk-avfettning-1-l\/#breadcrumb\",\"itemListElement\":[{\"@type\":\"ListItem\",\"position\":1,\"name\":\"Hem\",\"item\":\"https:\/\/xenonkungen.com\/\"},{\"@type\":\"ListItem\",\"position\":2,\"name\":\"Shop\",\"item\":\"https:\/\/xenonkungen.com\/shop\/\"},{\"@type\":\"ListItem\",\"position\":3,\"name\":\"Tershine Extract &#8211; Alkalisk avfettning 1 L\"}]},{\"@type\":\"WebSite\",\"@id\":\"https:\/\/xenonkungen.com\/#website\",\"url\":\"https:\/\/xenonkungen.com\/\",\"name\":\"Xenonkungen\",\"description\":\"\",\"potentialAction\":[{\"@type\":\"SearchAction\",\"target\":{\"@type\":\"EntryPoint\",\"urlTemplate\":\"https:\/\/xenonkungen.com\/?s={search_term_string}\"},\"query-input\":{\"@type\":\"PropertyValueSpecification\",\"valueRequired\":true,\"valueName\":\"search_term_string\"}}],\"inLanguage\":\"en-GB\"}]}<\/script>\n<!-- \/ Yoast SEO plugin. -->","yoast_head_json":{"title":"Tershine Extract - Alkaline degreasing 1 L - Xenonkungen","robots":{"index":"index","follow":"follow","max-snippet":"max-snippet:-1","max-image-preview":"max-image-preview:large","max-video-preview":"max-video-preview:-1"},"canonical":"https:\/\/xenonkungen.com\/en\/product\/tershine-extract-alkaline-degreasing-1-l\/","og_locale":"en_GB","og_type":"article","og_title":"Tershine Extract - Alkalisk avfettning 1 L - Xenonkungen","og_description":"Superkoncentrad alkalisk avfettning - en kraftfull reng\u00f6ringsprodukt som effektivt tar bort trafikfilm, insekter, alger och smuts fr\u00e5n bil, b\u00e5t och hus. L\u00f6ser all form av organisk smuts!","og_url":"https:\/\/xenonkungen.com\/en\/product\/tershine-extract-alkaline-degreasing-1-l\/","og_site_name":"Xenonkungen","article_modified_time":"2026-05-04T09:49:13+00:00","og_image":[{"width":1024,"height":1024,"url":"https:\/\/xenonkungen.com\/wp-content\/uploads\/2026\/03\/kHHctWa1bDWTnQr5Ml2jzudRqKSLMjR8RQlVbrqE.webp","type":"image\/webp"}],"twitter_card":"summary_large_image","twitter_misc":{"Estimated reading time":"3 minutes"},"schema":{"@context":"https:\/\/schema.org","@graph":[{"@type":"WebPage","@id":"https:\/\/xenonkungen.com\/produkt\/tershine-extract-alkalisk-avfettning-1-l\/","url":"https:\/\/xenonkungen.com\/produkt\/tershine-extract-alkalisk-avfettning-1-l\/","name":"Tershine Extract - Alkaline degreasing 1 L - Xenonkungen","isPartOf":{"@id":"https:\/\/xenonkungen.com\/#website"},"primaryImageOfPage":{"@id":"https:\/\/xenonkungen.com\/produkt\/tershine-extract-alkalisk-avfettning-1-l\/#primaryimage"},"image":{"@id":"https:\/\/xenonkungen.com\/produkt\/tershine-extract-alkalisk-avfettning-1-l\/#primaryimage"},"thumbnailUrl":"https:\/\/xenonkungen.com\/wp-content\/uploads\/2026\/03\/kHHctWa1bDWTnQr5Ml2jzudRqKSLMjR8RQlVbrqE.webp","datePublished":"2026-03-16T08:42:31+00:00","dateModified":"2026-05-04T09:49:13+00:00","breadcrumb":{"@id":"https:\/\/xenonkungen.com\/produkt\/tershine-extract-alkalisk-avfettning-1-l\/#breadcrumb"},"inLanguage":"en-GB","potentialAction":[{"@type":"ReadAction","target":["https:\/\/xenonkungen.com\/produkt\/tershine-extract-alkalisk-avfettning-1-l\/"]}]},{"@type":"ImageObject","inLanguage":"en-GB","@id":"https:\/\/xenonkungen.com\/produkt\/tershine-extract-alkalisk-avfettning-1-l\/#primaryimage","url":"https:\/\/xenonkungen.com\/wp-content\/uploads\/2026\/03\/kHHctWa1bDWTnQr5Ml2jzudRqKSLMjR8RQlVbrqE.webp","contentUrl":"https:\/\/xenonkungen.com\/wp-content\/uploads\/2026\/03\/kHHctWa1bDWTnQr5Ml2jzudRqKSLMjR8RQlVbrqE.webp","width":1024,"height":1024},{"@type":"BreadcrumbList","@id":"https:\/\/xenonkungen.com\/produkt\/tershine-extract-alkalisk-avfettning-1-l\/#breadcrumb","itemListElement":[{"@type":"ListItem","position":1,"name":"Hem","item":"https:\/\/xenonkungen.com\/"},{"@type":"ListItem","position":2,"name":"Shop","item":"https:\/\/xenonkungen.com\/shop\/"},{"@type":"ListItem","position":3,"name":"Tershine Extract &#8211; Alkalisk avfettning 1 L"}]},{"@type":"WebSite","@id":"https:\/\/xenonkungen.com\/#website","url":"https:\/\/xenonkungen.com\/","name":"Xenonkungen","description":"","potentialAction":[{"@type":"SearchAction","target":{"@type":"EntryPoint","urlTemplate":"https:\/\/xenonkungen.com\/?s={search_term_string}"},"query-input":{"@type":"PropertyValueSpecification","valueRequired":true,"valueName":"search_term_string"}}],"inLanguage":"en-GB"}]}},"taxonomy_info":{"product_brand":[{"value":2893,"label":"Tershine"}],"product_cat":[{"value":2988,"label":"1 | Biltv\u00e4tt"},{"value":2989,"label":"2 | Avfettning"},{"value":378,"label":"Bilv\u00e5rd"}]},"featured_image_src_large":["https:\/\/xenonkungen.com\/wp-content\/uploads\/2026\/03\/kHHctWa1bDWTnQr5Ml2jzudRqKSLMjR8RQlVbrqE.webp",1024,1024,false],"author_info":[],"comment_info":0,"_links":{"self":[{"href":"https:\/\/xenonkungen.com\/en\/wp-json\/wp\/v2\/product\/27835","targetHints":{"allow":["GET"]}}],"collection":[{"href":"https:\/\/xenonkungen.com\/en\/wp-json\/wp\/v2\/product"}],"about":[{"href":"https:\/\/xenonkungen.com\/en\/wp-json\/wp\/v2\/types\/product"}],"replies":[{"embeddable":true,"href":"https:\/\/xenonkungen.com\/en\/wp-json\/wp\/v2\/comments?post=27835"}],"wp:featuredmedia":[{"embeddable":true,"href":"https:\/\/xenonkungen.com\/en\/wp-json\/wp\/v2\/media\/27837"}],"wp:attachment":[{"href":"https:\/\/xenonkungen.com\/en\/wp-json\/wp\/v2\/media?parent=27835"}],"wp:term":[{"taxonomy":"anvandningsomrade","embeddable":true,"href":"https:\/\/xenonkungen.com\/en\/wp-json\/wp\/v2\/anvandningsomrade?post=27835"},{"taxonomy":"bilmarken","embeddable":true,"href":"https:\/\/xenonkungen.com\/en\/wp-json\/wp\/v2\/bilmarken?post=27835"},{"taxonomy":"product_brand","embeddable":true,"href":"https:\/\/xenonkungen.com\/en\/wp-json\/wp\/v2\/product_brand?post=27835"},{"taxonomy":"product_cat","embeddable":true,"href":"https:\/\/xenonkungen.com\/en\/wp-json\/wp\/v2\/product_cat?post=27835"},{"taxonomy":"product_tag","embeddable":true,"href":"https:\/\/xenonkungen.com\/en\/wp-json\/wp\/v2\/product_tag?post=27835"}],"curies":[{"name":"wp","href":"https:\/\/api.w.org\/{rel}","templated":true}]}}