{"id":27838,"date":"2026-03-16T09:48:54","date_gmt":"2026-03-16T08:48:54","guid":{"rendered":"https:\/\/xenonkungen.com\/?post_type=product&#038;p=27838"},"modified":"2026-05-12T14:37:46","modified_gmt":"2026-05-12T13:37:46","slug":"tershine-extract-alkaline-degreasing-25-l","status":"publish","type":"product","link":"https:\/\/xenonkungen.com\/en\/product\/tershine-extract-alkaline-degreasing-25-l\/","title":{"rendered":"Tershine Extract \u2013 Alkaline degreasing 25 L"},"content":{"rendered":"<p>Alkaline degreasing that effectively removes all types of organic dirt such as flies, insects, traffic film, algae, pollen, mold and other growth. Used all year round. A must with every wash and used all year round.<\/p>\n<p><strong>Extremely generous, 1 liter yields 20+ liters of finished product<br \/>\nAffordable<br \/>\nVery effective on most materials<br \/>\nExtremely effective as an insect remover<br \/>\nWorks on car, camper, caravan, boat, deck, facade, bathroom, etc.<br \/>\nKind to aluminum<br \/>\nAvailable in several sizes<br \/>\nSmells good of peach<br \/>\nThe product is not classified as requiring labeling according to CLP Regulation (EC) 1272\/2008.<\/strong><\/p>\n<p><strong>How to dilute Extract \u2013 Alkaline degreasing:<\/strong><\/p>\n<p><strong>Weak mixture:<\/strong>\u00a0\u00a02-4% concentrate rest water<br \/>\n<strong>Normal mixture:\u00a0<\/strong>\u00a05-7% concentrate rest water<br \/>\n<strong>Strong mix:<\/strong>\u00a010-15% concentrate rest water<br \/>\n<strong>Very strong mixture:<\/strong>\u00a015-25% concentrate rest water<br \/>\n<strong>Extremely strong mixture:<\/strong>\u00a050-100% (do not let dry)<\/p>\n<p>Extract 25l is a highly effective and super concentrated alkaline degreaser suitable for all types of vehicles, floors, facades etc. Lifts organic dirt and smells lovely of peach. Mix 5-15% in water and 1 litre thus gives 20 litres of finished product to use. Also works excellently for coarser dirt on floor mats etc.<\/p>\n<p>Magical as a fly\/insect repellent in the front, then mix the product significantly stronger all the way up to pure!<\/p>\n<p><strong>How to use Extract \u2013 Alkaline degreasing<\/strong><\/p>\n<p><strong>1.\u00a0<\/strong>Mix 5-15% with water (depending on application)<strong><br \/>\n2.\u00a0<\/strong>Spray over the selected surface and leave for a minute or so. Remember that in cold weather &lt;10c the product should remain on the surface considerably longer.<strong><br \/>\n3.\u00a0<\/strong>Rinse off with high pressure<strong><br \/>\n4.\u00a0<\/strong>Begin the next step in the washing process<\/p>\n<p>Works great in a foam gun, dose the amount with the nozzle. Also keep in mind that all types of chemicals, especially degreasing (cold\/alkaline), need longer to work on the surface when it&#039;s cold, it makes a huge difference. So try out what time you prefer, anything between 5-15 minutes, but don&#039;t let it dry. Be gentle with aluminum and other metals!<\/p>\n<p>Feel free to use our dosing measure and pressure sprayer for alkaline products.<\/p>\n<p><strong>Since this question comes up very often, I will explain it simply below:<\/strong><\/p>\n<p><strong><em>For 5% mixture, take the volume, for example 500ml x 0.05 = 25ml, for 10%, take 500 ml x 0.1, etc.!<\/em><\/strong><em>Store frost-free.<br \/>\n<\/em><br \/>\n<strong>Do you have any questions?<\/strong><\/p>\n<p>We have great support and usually respond lightning fast! We know all our products inside and out, so if you have the slightest question or concern, you are welcome to contact us at support@tershine.com 08-99 01 18 or via our social media where we are called tershine above all.<\/p>","protected":false},"excerpt":{"rendered":"<p>Super concentrated alkaline degreaser \u2013 a powerful cleaning product that effectively removes traffic film, insects, algae and dirt from cars, boats and houses. Dissolves all forms of organic dirt!<\/p>","protected":false},"featured_media":27839,"comment_status":"open","ping_status":"closed","template":"","meta":{"_acf_changed":false,"_smort_price_nok":"","_smort_price_dkk":"","_smort_price_eur":"","_smort_sale_price_nok":"","_smort_sale_price_dkk":"","_smort_sale_price_eur":"","smort_restorder":"","shipmondo_restorder":"","_kad_blocks_custom_css":"","_kad_blocks_head_custom_js":"","_kad_blocks_body_custom_js":"","_kad_blocks_footer_custom_js":"","smort_custom_pricelist_1":"1084.8","smort_custom_pricelist_2":"1084.8","smort_custom_pricelist_3":"1084.8","smort_custom_pricelist_4":"1356","smort_custom_pricelist_5":"1084.8"},"anvandningsomrade":[],"bilmarken":[],"product_brand":[2893],"product_cat":[2988,2989,378],"product_tag":[],"class_list":{"0":"post-27838","1":"product","2":"type-product","3":"status-publish","4":"has-post-thumbnail","6":"product_brand-tershine","7":"product_cat-biltvatt","8":"product_cat-avfettning","9":"product_cat-bilvard","11":"first","12":"onbackorder","13":"taxable","14":"shipping-taxable","15":"purchasable","16":"product-type-simple"},"bundled_by":[],"bundle_stock_status":"onbackorder","bundle_stock_quantity":0,"bundle_virtual":false,"bundle_layout":"","bundle_add_to_cart_form_location":"","bundle_editable_in_cart":false,"bundle_sold_individually_context":"","bundle_item_grouping":"","bundle_min_size":"","bundle_max_size":"","bundle_price":[],"bundled_items":[],"bundle_sell_ids":[],"acf":[],"yoast_head":"<!-- This site is optimized with the Yoast SEO plugin v27.0 - https:\/\/yoast.com\/product\/yoast-seo-wordpress\/ -->\n<title>Tershine Extract - Alkalisk avfettning 25 L - Xenonkungen<\/title>\n<meta name=\"robots\" content=\"index, follow, max-snippet:-1, max-image-preview:large, max-video-preview:-1\" \/>\n<link rel=\"canonical\" href=\"https:\/\/xenonkungen.com\/en\/product\/tershine-extract-alkaline-degreasing-25-l\/\" \/>\n<meta property=\"og:locale\" content=\"en_GB\" \/>\n<meta property=\"og:type\" content=\"article\" \/>\n<meta property=\"og:title\" content=\"Tershine Extract - Alkalisk avfettning 25 L - Xenonkungen\" \/>\n<meta property=\"og:description\" content=\"Superkoncentrad alkalisk avfettning - en kraftfull reng\u00f6ringsprodukt som effektivt tar bort trafikfilm, insekter, alger och smuts fr\u00e5n bil, b\u00e5t och hus. L\u00f6ser all form av organisk smuts!\" \/>\n<meta property=\"og:url\" content=\"https:\/\/xenonkungen.com\/en\/product\/tershine-extract-alkaline-degreasing-25-l\/\" \/>\n<meta property=\"og:site_name\" content=\"Xenonkungen\" \/>\n<meta property=\"article:modified_time\" content=\"2026-05-12T13:37:46+00:00\" \/>\n<meta property=\"og:image\" content=\"https:\/\/xenonkungen.com\/wp-content\/uploads\/2026\/03\/O4VYHTlPsBtCMxtiqvFWLnmPshD1EKNJFkNrnKZC.webp\" \/>\n\t<meta property=\"og:image:width\" content=\"1024\" \/>\n\t<meta property=\"og:image:height\" content=\"1024\" \/>\n\t<meta property=\"og:image:type\" content=\"image\/webp\" \/>\n<meta name=\"twitter:card\" content=\"summary_large_image\" \/>\n<meta name=\"twitter:label1\" content=\"Estimated reading time\" \/>\n\t<meta name=\"twitter:data1\" content=\"3 minutes\" \/>\n<script type=\"application\/ld+json\" class=\"yoast-schema-graph\">{\"@context\":\"https:\/\/schema.org\",\"@graph\":[{\"@type\":\"WebPage\",\"@id\":\"https:\/\/xenonkungen.com\/produkt\/tershine-extract-alkalisk-avfettning-25-l\/\",\"url\":\"https:\/\/xenonkungen.com\/produkt\/tershine-extract-alkalisk-avfettning-25-l\/\",\"name\":\"Tershine Extract - Alkalisk avfettning 25 L - Xenonkungen\",\"isPartOf\":{\"@id\":\"https:\/\/xenonkungen.com\/#website\"},\"primaryImageOfPage\":{\"@id\":\"https:\/\/xenonkungen.com\/produkt\/tershine-extract-alkalisk-avfettning-25-l\/#primaryimage\"},\"image\":{\"@id\":\"https:\/\/xenonkungen.com\/produkt\/tershine-extract-alkalisk-avfettning-25-l\/#primaryimage\"},\"thumbnailUrl\":\"https:\/\/xenonkungen.com\/wp-content\/uploads\/2026\/03\/O4VYHTlPsBtCMxtiqvFWLnmPshD1EKNJFkNrnKZC.webp\",\"datePublished\":\"2026-03-16T08:48:54+00:00\",\"dateModified\":\"2026-05-12T13:37:46+00:00\",\"breadcrumb\":{\"@id\":\"https:\/\/xenonkungen.com\/produkt\/tershine-extract-alkalisk-avfettning-25-l\/#breadcrumb\"},\"inLanguage\":\"en-GB\",\"potentialAction\":[{\"@type\":\"ReadAction\",\"target\":[\"https:\/\/xenonkungen.com\/produkt\/tershine-extract-alkalisk-avfettning-25-l\/\"]}]},{\"@type\":\"ImageObject\",\"inLanguage\":\"en-GB\",\"@id\":\"https:\/\/xenonkungen.com\/produkt\/tershine-extract-alkalisk-avfettning-25-l\/#primaryimage\",\"url\":\"https:\/\/xenonkungen.com\/wp-content\/uploads\/2026\/03\/O4VYHTlPsBtCMxtiqvFWLnmPshD1EKNJFkNrnKZC.webp\",\"contentUrl\":\"https:\/\/xenonkungen.com\/wp-content\/uploads\/2026\/03\/O4VYHTlPsBtCMxtiqvFWLnmPshD1EKNJFkNrnKZC.webp\",\"width\":1024,\"height\":1024},{\"@type\":\"BreadcrumbList\",\"@id\":\"https:\/\/xenonkungen.com\/produkt\/tershine-extract-alkalisk-avfettning-25-l\/#breadcrumb\",\"itemListElement\":[{\"@type\":\"ListItem\",\"position\":1,\"name\":\"Hem\",\"item\":\"https:\/\/xenonkungen.com\/\"},{\"@type\":\"ListItem\",\"position\":2,\"name\":\"Shop\",\"item\":\"https:\/\/xenonkungen.com\/shop\/\"},{\"@type\":\"ListItem\",\"position\":3,\"name\":\"Tershine Extract &#8211; Alkalisk avfettning 25 L\"}]},{\"@type\":\"WebSite\",\"@id\":\"https:\/\/xenonkungen.com\/#website\",\"url\":\"https:\/\/xenonkungen.com\/\",\"name\":\"Xenonkungen\",\"description\":\"\",\"potentialAction\":[{\"@type\":\"SearchAction\",\"target\":{\"@type\":\"EntryPoint\",\"urlTemplate\":\"https:\/\/xenonkungen.com\/?s={search_term_string}\"},\"query-input\":{\"@type\":\"PropertyValueSpecification\",\"valueRequired\":true,\"valueName\":\"search_term_string\"}}],\"inLanguage\":\"en-GB\"}]}<\/script>\n<!-- \/ Yoast SEO plugin. -->","yoast_head_json":{"title":"Tershine Extract - Alkaline degreasing 25 L - Xenonkungen","robots":{"index":"index","follow":"follow","max-snippet":"max-snippet:-1","max-image-preview":"max-image-preview:large","max-video-preview":"max-video-preview:-1"},"canonical":"https:\/\/xenonkungen.com\/en\/product\/tershine-extract-alkaline-degreasing-25-l\/","og_locale":"en_GB","og_type":"article","og_title":"Tershine Extract - Alkalisk avfettning 25 L - Xenonkungen","og_description":"Superkoncentrad alkalisk avfettning - en kraftfull reng\u00f6ringsprodukt som effektivt tar bort trafikfilm, insekter, alger och smuts fr\u00e5n bil, b\u00e5t och hus. L\u00f6ser all form av organisk smuts!","og_url":"https:\/\/xenonkungen.com\/en\/product\/tershine-extract-alkaline-degreasing-25-l\/","og_site_name":"Xenonkungen","article_modified_time":"2026-05-12T13:37:46+00:00","og_image":[{"width":1024,"height":1024,"url":"https:\/\/xenonkungen.com\/wp-content\/uploads\/2026\/03\/O4VYHTlPsBtCMxtiqvFWLnmPshD1EKNJFkNrnKZC.webp","type":"image\/webp"}],"twitter_card":"summary_large_image","twitter_misc":{"Estimated reading time":"3 minutes"},"schema":{"@context":"https:\/\/schema.org","@graph":[{"@type":"WebPage","@id":"https:\/\/xenonkungen.com\/produkt\/tershine-extract-alkalisk-avfettning-25-l\/","url":"https:\/\/xenonkungen.com\/produkt\/tershine-extract-alkalisk-avfettning-25-l\/","name":"Tershine Extract - Alkaline degreasing 25 L - Xenonkungen","isPartOf":{"@id":"https:\/\/xenonkungen.com\/#website"},"primaryImageOfPage":{"@id":"https:\/\/xenonkungen.com\/produkt\/tershine-extract-alkalisk-avfettning-25-l\/#primaryimage"},"image":{"@id":"https:\/\/xenonkungen.com\/produkt\/tershine-extract-alkalisk-avfettning-25-l\/#primaryimage"},"thumbnailUrl":"https:\/\/xenonkungen.com\/wp-content\/uploads\/2026\/03\/O4VYHTlPsBtCMxtiqvFWLnmPshD1EKNJFkNrnKZC.webp","datePublished":"2026-03-16T08:48:54+00:00","dateModified":"2026-05-12T13:37:46+00:00","breadcrumb":{"@id":"https:\/\/xenonkungen.com\/produkt\/tershine-extract-alkalisk-avfettning-25-l\/#breadcrumb"},"inLanguage":"en-GB","potentialAction":[{"@type":"ReadAction","target":["https:\/\/xenonkungen.com\/produkt\/tershine-extract-alkalisk-avfettning-25-l\/"]}]},{"@type":"ImageObject","inLanguage":"en-GB","@id":"https:\/\/xenonkungen.com\/produkt\/tershine-extract-alkalisk-avfettning-25-l\/#primaryimage","url":"https:\/\/xenonkungen.com\/wp-content\/uploads\/2026\/03\/O4VYHTlPsBtCMxtiqvFWLnmPshD1EKNJFkNrnKZC.webp","contentUrl":"https:\/\/xenonkungen.com\/wp-content\/uploads\/2026\/03\/O4VYHTlPsBtCMxtiqvFWLnmPshD1EKNJFkNrnKZC.webp","width":1024,"height":1024},{"@type":"BreadcrumbList","@id":"https:\/\/xenonkungen.com\/produkt\/tershine-extract-alkalisk-avfettning-25-l\/#breadcrumb","itemListElement":[{"@type":"ListItem","position":1,"name":"Hem","item":"https:\/\/xenonkungen.com\/"},{"@type":"ListItem","position":2,"name":"Shop","item":"https:\/\/xenonkungen.com\/shop\/"},{"@type":"ListItem","position":3,"name":"Tershine Extract &#8211; Alkalisk avfettning 25 L"}]},{"@type":"WebSite","@id":"https:\/\/xenonkungen.com\/#website","url":"https:\/\/xenonkungen.com\/","name":"Xenonkungen","description":"","potentialAction":[{"@type":"SearchAction","target":{"@type":"EntryPoint","urlTemplate":"https:\/\/xenonkungen.com\/?s={search_term_string}"},"query-input":{"@type":"PropertyValueSpecification","valueRequired":true,"valueName":"search_term_string"}}],"inLanguage":"en-GB"}]}},"taxonomy_info":{"product_brand":[{"value":2893,"label":"Tershine"}],"product_cat":[{"value":2988,"label":"1 | Biltv\u00e4tt"},{"value":2989,"label":"2 | Avfettning"},{"value":378,"label":"Bilv\u00e5rd"}]},"featured_image_src_large":["https:\/\/xenonkungen.com\/wp-content\/uploads\/2026\/03\/O4VYHTlPsBtCMxtiqvFWLnmPshD1EKNJFkNrnKZC.webp",1024,1024,false],"author_info":[],"comment_info":0,"_links":{"self":[{"href":"https:\/\/xenonkungen.com\/en\/wp-json\/wp\/v2\/product\/27838","targetHints":{"allow":["GET"]}}],"collection":[{"href":"https:\/\/xenonkungen.com\/en\/wp-json\/wp\/v2\/product"}],"about":[{"href":"https:\/\/xenonkungen.com\/en\/wp-json\/wp\/v2\/types\/product"}],"replies":[{"embeddable":true,"href":"https:\/\/xenonkungen.com\/en\/wp-json\/wp\/v2\/comments?post=27838"}],"wp:featuredmedia":[{"embeddable":true,"href":"https:\/\/xenonkungen.com\/en\/wp-json\/wp\/v2\/media\/27839"}],"wp:attachment":[{"href":"https:\/\/xenonkungen.com\/en\/wp-json\/wp\/v2\/media?parent=27838"}],"wp:term":[{"taxonomy":"anvandningsomrade","embeddable":true,"href":"https:\/\/xenonkungen.com\/en\/wp-json\/wp\/v2\/anvandningsomrade?post=27838"},{"taxonomy":"bilmarken","embeddable":true,"href":"https:\/\/xenonkungen.com\/en\/wp-json\/wp\/v2\/bilmarken?post=27838"},{"taxonomy":"product_brand","embeddable":true,"href":"https:\/\/xenonkungen.com\/en\/wp-json\/wp\/v2\/product_brand?post=27838"},{"taxonomy":"product_cat","embeddable":true,"href":"https:\/\/xenonkungen.com\/en\/wp-json\/wp\/v2\/product_cat?post=27838"},{"taxonomy":"product_tag","embeddable":true,"href":"https:\/\/xenonkungen.com\/en\/wp-json\/wp\/v2\/product_tag?post=27838"}],"curies":[{"name":"wp","href":"https:\/\/api.w.org\/{rel}","templated":true}]}}