{"id":27843,"date":"2026-03-16T10:13:26","date_gmt":"2026-03-16T09:13:26","guid":{"rendered":"https:\/\/xenonkungen.com\/?post_type=product&#038;p=27843"},"modified":"2026-05-12T14:36:37","modified_gmt":"2026-05-12T13:36:37","slug":"tershine-extract-alkaline-degreasing-ready-made-pad-1-l","status":"publish","type":"product","link":"https:\/\/xenonkungen.com\/en\/product\/tershine-extract-alkaline-degreasing-ready-made-pad-1-l\/","title":{"rendered":"Tershine Extract \u2013 Alkaline degreasing ready-diluted 1 L"},"content":{"rendered":"<p>Ready-mixed alkaline degreasing that effectively removes all types of organic dirt such as flies, insects, traffic film, algae, pollen, mold and other growth.<\/p>\n<p><strong>Usage solution<br \/>\nCruel against all forms of organic dirt<br \/>\nVery effective on most materials<br \/>\nCruel as an insect remover<br \/>\nWorks on car, camper, caravan, boat, deck, facade, bathroom, etc.<br \/>\nKind to aluminum<br \/>\nAvailable in several sizes<br \/>\nThe product is not classified as requiring labeling according to CLP Regulation (EC) 1272\/2008.<br \/>\nThe surfactant(s) contained in this preparation meet the biodegradability criteria of EU Regulation (EC) No 648\/2004 on detergents.<\/strong><\/p>\n<p>Extract \u2013 Ready To Use is a highly effective alkaline degreaser suitable for all types of vehicles, floors, facades etc. Lifts organic dirt and smells lovely of citrus. Ready mixed 10% in water and 1 liter can thus become two if you mix it down to 5%. Also works excellently for coarser dirt on floor mats etc.<\/p>\n<p><strong>How to use Extract \u2013 Alkaline degreasing agent, ready-diluted<\/strong><\/p>\n<p><strong>1.\u00a0<\/strong>Spray over the selected surface and let it work for a minute or so. In cold weather &lt;10c, all chemicals should remain on the surface for considerably longer to be fully effective.<br \/>\n<strong>2.\u00a0<\/strong>Rinse off with high pressure<br \/>\n<strong>3.\u00a0<\/strong>Begin the next step in the washing process<\/p>\n<p>Also keep in mind that all types of chemicals, especially degreasing (cold\/alkaline), need longer to work on the surface when it&#039;s cold, yes I promise it&#039;s a huge difference. So try out what time you prefer, anything between 5-15 minutes, but don&#039;t let it dry in. Also available in concentrate where 1l becomes 20 -litres of finished product to use!<\/p>\n<p>This does not solve tar\/asphalt stains, then you need our cold degreasing agent Dissolve!<\/p>\n<p><strong>Fragrance:<\/strong>\u00a0 Lemon<\/p>\n<p><em>Store frost-free.<\/em><\/p>","protected":false},"excerpt":{"rendered":"<p>Extract \u2013 Alkaline degreasing, ready-mixed is a great cleaning solution that removes organic dirt, traffic film, insects and algae directly without mixing.<\/p>","protected":false},"featured_media":27844,"comment_status":"open","ping_status":"closed","template":"","meta":{"_acf_changed":false,"_smort_price_nok":"","_smort_price_dkk":"","_smort_price_eur":"","_smort_sale_price_nok":"","_smort_sale_price_dkk":"","_smort_sale_price_eur":"","smort_restorder":"","shipmondo_restorder":"","_kad_blocks_custom_css":"","_kad_blocks_head_custom_js":"","_kad_blocks_body_custom_js":"","_kad_blocks_footer_custom_js":"","smort_custom_pricelist_1":"63.36","smort_custom_pricelist_2":"63.36","smort_custom_pricelist_3":"63.36","smort_custom_pricelist_4":"79.2","smort_custom_pricelist_5":"63.36"},"anvandningsomrade":[],"bilmarken":[],"product_brand":[2893],"product_cat":[2989,378],"product_tag":[],"class_list":{"0":"post-27843","1":"product","2":"type-product","3":"status-publish","4":"has-post-thumbnail","6":"product_brand-tershine","7":"product_cat-avfettning","8":"product_cat-bilvard","10":"first","11":"onbackorder","12":"taxable","13":"shipping-taxable","14":"purchasable","15":"product-type-simple"},"bundled_by":[],"bundle_stock_status":"onbackorder","bundle_stock_quantity":0,"bundle_virtual":false,"bundle_layout":"","bundle_add_to_cart_form_location":"","bundle_editable_in_cart":false,"bundle_sold_individually_context":"","bundle_item_grouping":"","bundle_min_size":"","bundle_max_size":"","bundle_price":[],"bundled_items":[],"bundle_sell_ids":[],"acf":[],"yoast_head":"<!-- This site is optimized with the Yoast SEO plugin v27.0 - https:\/\/yoast.com\/product\/yoast-seo-wordpress\/ -->\n<title>Tershine Extract - Alkalisk avfettning f\u00e4rdigutsp\u00e4dd 1 L - Xenonkungen<\/title>\n<meta name=\"robots\" content=\"index, follow, max-snippet:-1, max-image-preview:large, max-video-preview:-1\" \/>\n<link rel=\"canonical\" href=\"https:\/\/xenonkungen.com\/en\/product\/tershine-extract-alkaline-degreasing-ready-made-pad-1-l\/\" \/>\n<meta property=\"og:locale\" content=\"en_GB\" \/>\n<meta property=\"og:type\" content=\"article\" \/>\n<meta property=\"og:title\" content=\"Tershine Extract - Alkalisk avfettning f\u00e4rdigutsp\u00e4dd 1 L - Xenonkungen\" \/>\n<meta property=\"og:description\" content=\"Extract \u2013 Alkalisk avfettning, f\u00e4rdigblandad \u00e4r en grym reng\u00f6ringsl\u00f6sning som tar bort organisk smuts, trafikfilm, insekter och alger direkt utan blandning.\" \/>\n<meta property=\"og:url\" content=\"https:\/\/xenonkungen.com\/en\/product\/tershine-extract-alkaline-degreasing-ready-made-pad-1-l\/\" \/>\n<meta property=\"og:site_name\" content=\"Xenonkungen\" \/>\n<meta property=\"article:modified_time\" content=\"2026-05-12T13:36:37+00:00\" \/>\n<meta property=\"og:image\" content=\"https:\/\/xenonkungen.com\/wp-content\/uploads\/2026\/03\/y2PqxojzwqiRVB1uM2NinNXYsWJgHErZPCDmxxhq.webp\" \/>\n\t<meta property=\"og:image:width\" content=\"1023\" \/>\n\t<meta property=\"og:image:height\" content=\"1023\" \/>\n\t<meta property=\"og:image:type\" content=\"image\/webp\" \/>\n<meta name=\"twitter:card\" content=\"summary_large_image\" \/>\n<meta name=\"twitter:label1\" content=\"Estimated reading time\" \/>\n\t<meta name=\"twitter:data1\" content=\"2 minutes\" \/>\n<script type=\"application\/ld+json\" class=\"yoast-schema-graph\">{\"@context\":\"https:\/\/schema.org\",\"@graph\":[{\"@type\":\"WebPage\",\"@id\":\"https:\/\/xenonkungen.com\/produkt\/tershine-extract-alkalisk-avfettning-fardigutspadd-1-l\/\",\"url\":\"https:\/\/xenonkungen.com\/produkt\/tershine-extract-alkalisk-avfettning-fardigutspadd-1-l\/\",\"name\":\"Tershine Extract - Alkalisk avfettning f\u00e4rdigutsp\u00e4dd 1 L - Xenonkungen\",\"isPartOf\":{\"@id\":\"https:\/\/xenonkungen.com\/#website\"},\"primaryImageOfPage\":{\"@id\":\"https:\/\/xenonkungen.com\/produkt\/tershine-extract-alkalisk-avfettning-fardigutspadd-1-l\/#primaryimage\"},\"image\":{\"@id\":\"https:\/\/xenonkungen.com\/produkt\/tershine-extract-alkalisk-avfettning-fardigutspadd-1-l\/#primaryimage\"},\"thumbnailUrl\":\"https:\/\/xenonkungen.com\/wp-content\/uploads\/2026\/03\/y2PqxojzwqiRVB1uM2NinNXYsWJgHErZPCDmxxhq.webp\",\"datePublished\":\"2026-03-16T09:13:26+00:00\",\"dateModified\":\"2026-05-12T13:36:37+00:00\",\"breadcrumb\":{\"@id\":\"https:\/\/xenonkungen.com\/produkt\/tershine-extract-alkalisk-avfettning-fardigutspadd-1-l\/#breadcrumb\"},\"inLanguage\":\"en-GB\",\"potentialAction\":[{\"@type\":\"ReadAction\",\"target\":[\"https:\/\/xenonkungen.com\/produkt\/tershine-extract-alkalisk-avfettning-fardigutspadd-1-l\/\"]}]},{\"@type\":\"ImageObject\",\"inLanguage\":\"en-GB\",\"@id\":\"https:\/\/xenonkungen.com\/produkt\/tershine-extract-alkalisk-avfettning-fardigutspadd-1-l\/#primaryimage\",\"url\":\"https:\/\/xenonkungen.com\/wp-content\/uploads\/2026\/03\/y2PqxojzwqiRVB1uM2NinNXYsWJgHErZPCDmxxhq.webp\",\"contentUrl\":\"https:\/\/xenonkungen.com\/wp-content\/uploads\/2026\/03\/y2PqxojzwqiRVB1uM2NinNXYsWJgHErZPCDmxxhq.webp\",\"width\":1023,\"height\":1023},{\"@type\":\"BreadcrumbList\",\"@id\":\"https:\/\/xenonkungen.com\/produkt\/tershine-extract-alkalisk-avfettning-fardigutspadd-1-l\/#breadcrumb\",\"itemListElement\":[{\"@type\":\"ListItem\",\"position\":1,\"name\":\"Hem\",\"item\":\"https:\/\/xenonkungen.com\/\"},{\"@type\":\"ListItem\",\"position\":2,\"name\":\"Shop\",\"item\":\"https:\/\/xenonkungen.com\/shop\/\"},{\"@type\":\"ListItem\",\"position\":3,\"name\":\"Tershine Extract &#8211; Alkalisk avfettning f\u00e4rdigutsp\u00e4dd 1 L\"}]},{\"@type\":\"WebSite\",\"@id\":\"https:\/\/xenonkungen.com\/#website\",\"url\":\"https:\/\/xenonkungen.com\/\",\"name\":\"Xenonkungen\",\"description\":\"\",\"potentialAction\":[{\"@type\":\"SearchAction\",\"target\":{\"@type\":\"EntryPoint\",\"urlTemplate\":\"https:\/\/xenonkungen.com\/?s={search_term_string}\"},\"query-input\":{\"@type\":\"PropertyValueSpecification\",\"valueRequired\":true,\"valueName\":\"search_term_string\"}}],\"inLanguage\":\"en-GB\"}]}<\/script>\n<!-- \/ Yoast SEO plugin. -->","yoast_head_json":{"title":"Tershine Extract - Alkaline degreasing ready-diluted 1 L - Xenonkungen","robots":{"index":"index","follow":"follow","max-snippet":"max-snippet:-1","max-image-preview":"max-image-preview:large","max-video-preview":"max-video-preview:-1"},"canonical":"https:\/\/xenonkungen.com\/en\/product\/tershine-extract-alkaline-degreasing-ready-made-pad-1-l\/","og_locale":"en_GB","og_type":"article","og_title":"Tershine Extract - Alkalisk avfettning f\u00e4rdigutsp\u00e4dd 1 L - Xenonkungen","og_description":"Extract \u2013 Alkalisk avfettning, f\u00e4rdigblandad \u00e4r en grym reng\u00f6ringsl\u00f6sning som tar bort organisk smuts, trafikfilm, insekter och alger direkt utan blandning.","og_url":"https:\/\/xenonkungen.com\/en\/product\/tershine-extract-alkaline-degreasing-ready-made-pad-1-l\/","og_site_name":"Xenonkungen","article_modified_time":"2026-05-12T13:36:37+00:00","og_image":[{"width":1023,"height":1023,"url":"https:\/\/xenonkungen.com\/wp-content\/uploads\/2026\/03\/y2PqxojzwqiRVB1uM2NinNXYsWJgHErZPCDmxxhq.webp","type":"image\/webp"}],"twitter_card":"summary_large_image","twitter_misc":{"Estimated reading time":"2 minutes"},"schema":{"@context":"https:\/\/schema.org","@graph":[{"@type":"WebPage","@id":"https:\/\/xenonkungen.com\/produkt\/tershine-extract-alkalisk-avfettning-fardigutspadd-1-l\/","url":"https:\/\/xenonkungen.com\/produkt\/tershine-extract-alkalisk-avfettning-fardigutspadd-1-l\/","name":"Tershine Extract - Alkaline degreasing ready-diluted 1 L - Xenonkungen","isPartOf":{"@id":"https:\/\/xenonkungen.com\/#website"},"primaryImageOfPage":{"@id":"https:\/\/xenonkungen.com\/produkt\/tershine-extract-alkalisk-avfettning-fardigutspadd-1-l\/#primaryimage"},"image":{"@id":"https:\/\/xenonkungen.com\/produkt\/tershine-extract-alkalisk-avfettning-fardigutspadd-1-l\/#primaryimage"},"thumbnailUrl":"https:\/\/xenonkungen.com\/wp-content\/uploads\/2026\/03\/y2PqxojzwqiRVB1uM2NinNXYsWJgHErZPCDmxxhq.webp","datePublished":"2026-03-16T09:13:26+00:00","dateModified":"2026-05-12T13:36:37+00:00","breadcrumb":{"@id":"https:\/\/xenonkungen.com\/produkt\/tershine-extract-alkalisk-avfettning-fardigutspadd-1-l\/#breadcrumb"},"inLanguage":"en-GB","potentialAction":[{"@type":"ReadAction","target":["https:\/\/xenonkungen.com\/produkt\/tershine-extract-alkalisk-avfettning-fardigutspadd-1-l\/"]}]},{"@type":"ImageObject","inLanguage":"en-GB","@id":"https:\/\/xenonkungen.com\/produkt\/tershine-extract-alkalisk-avfettning-fardigutspadd-1-l\/#primaryimage","url":"https:\/\/xenonkungen.com\/wp-content\/uploads\/2026\/03\/y2PqxojzwqiRVB1uM2NinNXYsWJgHErZPCDmxxhq.webp","contentUrl":"https:\/\/xenonkungen.com\/wp-content\/uploads\/2026\/03\/y2PqxojzwqiRVB1uM2NinNXYsWJgHErZPCDmxxhq.webp","width":1023,"height":1023},{"@type":"BreadcrumbList","@id":"https:\/\/xenonkungen.com\/produkt\/tershine-extract-alkalisk-avfettning-fardigutspadd-1-l\/#breadcrumb","itemListElement":[{"@type":"ListItem","position":1,"name":"Hem","item":"https:\/\/xenonkungen.com\/"},{"@type":"ListItem","position":2,"name":"Shop","item":"https:\/\/xenonkungen.com\/shop\/"},{"@type":"ListItem","position":3,"name":"Tershine Extract &#8211; Alkalisk avfettning f\u00e4rdigutsp\u00e4dd 1 L"}]},{"@type":"WebSite","@id":"https:\/\/xenonkungen.com\/#website","url":"https:\/\/xenonkungen.com\/","name":"Xenonkungen","description":"","potentialAction":[{"@type":"SearchAction","target":{"@type":"EntryPoint","urlTemplate":"https:\/\/xenonkungen.com\/?s={search_term_string}"},"query-input":{"@type":"PropertyValueSpecification","valueRequired":true,"valueName":"search_term_string"}}],"inLanguage":"en-GB"}]}},"taxonomy_info":{"product_brand":[{"value":2893,"label":"Tershine"}],"product_cat":[{"value":2989,"label":"2 | Avfettning"},{"value":378,"label":"Bilv\u00e5rd"}]},"featured_image_src_large":["https:\/\/xenonkungen.com\/wp-content\/uploads\/2026\/03\/y2PqxojzwqiRVB1uM2NinNXYsWJgHErZPCDmxxhq.webp",1023,1023,false],"author_info":[],"comment_info":0,"_links":{"self":[{"href":"https:\/\/xenonkungen.com\/en\/wp-json\/wp\/v2\/product\/27843","targetHints":{"allow":["GET"]}}],"collection":[{"href":"https:\/\/xenonkungen.com\/en\/wp-json\/wp\/v2\/product"}],"about":[{"href":"https:\/\/xenonkungen.com\/en\/wp-json\/wp\/v2\/types\/product"}],"replies":[{"embeddable":true,"href":"https:\/\/xenonkungen.com\/en\/wp-json\/wp\/v2\/comments?post=27843"}],"wp:featuredmedia":[{"embeddable":true,"href":"https:\/\/xenonkungen.com\/en\/wp-json\/wp\/v2\/media\/27844"}],"wp:attachment":[{"href":"https:\/\/xenonkungen.com\/en\/wp-json\/wp\/v2\/media?parent=27843"}],"wp:term":[{"taxonomy":"anvandningsomrade","embeddable":true,"href":"https:\/\/xenonkungen.com\/en\/wp-json\/wp\/v2\/anvandningsomrade?post=27843"},{"taxonomy":"bilmarken","embeddable":true,"href":"https:\/\/xenonkungen.com\/en\/wp-json\/wp\/v2\/bilmarken?post=27843"},{"taxonomy":"product_brand","embeddable":true,"href":"https:\/\/xenonkungen.com\/en\/wp-json\/wp\/v2\/product_brand?post=27843"},{"taxonomy":"product_cat","embeddable":true,"href":"https:\/\/xenonkungen.com\/en\/wp-json\/wp\/v2\/product_cat?post=27843"},{"taxonomy":"product_tag","embeddable":true,"href":"https:\/\/xenonkungen.com\/en\/wp-json\/wp\/v2\/product_tag?post=27843"}],"curies":[{"name":"wp","href":"https:\/\/api.w.org\/{rel}","templated":true}]}}