{"id":27874,"date":"2026-03-16T11:20:40","date_gmt":"2026-03-16T10:20:40","guid":{"rendered":"https:\/\/xenonkungen.com\/?post_type=product&#038;p=27874"},"modified":"2026-04-24T17:47:58","modified_gmt":"2026-04-24T16:47:58","slug":"tershine-magnify-glass-sealer","status":"publish","type":"product","link":"https:\/\/xenonkungen.com\/en\/product\/tershine-magnify-glass-sealer\/","title":{"rendered":"Tershine Magnify \u2013 Glass Sealant"},"content":{"rendered":"<p>Very effective glass sealing (glass treatment\/coating) that is super easy to apply. Provides water-repellent windows which leads to better visibility and increased safety. The product has a shelf life of up to 2 years (2000+ miles) and is enough for 3-5 windows depending on size.<\/p>\n<p><strong>Better visibility<br \/>\nExtremely water-repellent surface<br \/>\nLong shelf life<br \/>\nExtremely easy to apply<br \/>\nWorks on all types of glass and plastic windows<br \/>\nThe product is produced without the addition of per- and polyfluorinated substances (PFAS).<br \/>\nCruel on shower walls<br \/>\nPerfect for helmet visors<br \/>\n<\/strong><\/p>\n<p>How to use\u00a0<strong>Magnify \u2013 Glass Sealing<\/strong>:<\/p>\n<p><strong>1.<\/strong>\u00a0Clean the window with, for example, Vison \u2013 Glass Cleaner or Prime \u2013 Panel Wipe.<br \/>\n<strong>2.<\/strong>\u00a0Unfold the cloth into sections and apply in crosswise strokes.<br \/>\n<strong>3.<\/strong>\u00a0Let dry for about 10 minutes.<br \/>\n<strong>4.\u00a0<\/strong>Wipe with a clean, lint-free microfiber cloth.<br \/>\n<strong>5.<\/strong>\u00a0It was really nice, wasn&#039;t it?<\/p>\n<p>If you are standing outside, the alcohol in it will evaporate faster. So be careful if you apply it outside in wind and heat. Plus, you don&#039;t have to unroll the whole cloth at once!<\/p>\n<p>The cloth will also feel &quot;drier&quot; and drier, but it is still enough for it to work on several windows.<\/p>\n<p>It&#039;s not only epic on car windows but also works great as a glass treatment on the shower wall, boat, motorcycle visor, gazebo and yes the list goes on. Awesomely simple format like a &quot;savett bag&quot; there but tear off the top, take out the cloth and apply to any glass\/plastic window, let it dry 10 min ish and then simply wipe off. Of course completely free of PFAS and other shady things (yes it&#039;s more common than you think with fluorine and other shady things in glass coatings).<\/p>\n<p>Keep in mind that the more thoroughly you clean the window beforehand, the better the results and durability you will get. So feel free to clean with our Prime \u2013 Panel Wipe or a similar IPA cleaner. Also keep in mind that the cloth \u201cevaporates\u201d in wind, etc. So don\u2019t unfold the whole thing at once when you\u2019re driving outside. Unfold it in stages!<\/p>\n<p><img decoding=\"async\" src=\"https:\/\/d3dnwnveix5428.cloudfront.net\/store_72f4e2a4-e492-4ff0-8f8a-c603645bdb5c\/media\/UYnhdK4LzDYprMcXM8iGNUX6kuwUi5FGkcFdcaqL.png\" \/><\/p>\n<p><span>Contains: Propan-2-ol. DANGER: Highly flammable liquid and vapor. Causes serious eye irritation. May cause drowsiness or dizziness. If medical advice is needed, have product container or label at hand. Keep out of reach of children. Keep away from heat, hot surfaces, sparks, open flames or other ignition sources. No smoking. Avoid breathing dust, fumes, mist, gas, vapors, spray. Wash hands thoroughly after use. Dispose of contents and container to an authorized waste disposal facility.<\/span><\/p>","protected":false},"excerpt":{"rendered":"<p>Glass sealing (glass treatment\/coating) that is super easy to apply and comes as a smooth sheet. Long lasting and better visibility!<\/p>","protected":false},"featured_media":27876,"comment_status":"open","ping_status":"closed","template":"","meta":{"_acf_changed":false,"_smort_price_nok":"","_smort_price_dkk":"","_smort_price_eur":"","_smort_sale_price_nok":"","_smort_sale_price_dkk":"","_smort_sale_price_eur":"","smort_restorder":"","shipmondo_restorder":"","_kad_blocks_custom_css":"","_kad_blocks_head_custom_js":"","_kad_blocks_body_custom_js":"","_kad_blocks_footer_custom_js":"","smort_custom_pricelist_1":"82.56","smort_custom_pricelist_2":"82.56","smort_custom_pricelist_3":"82.56","smort_custom_pricelist_4":"103.2","smort_custom_pricelist_5":"82.56"},"anvandningsomrade":[],"bilmarken":[],"product_brand":[2893],"product_cat":[2989,2614,378],"product_tag":[],"class_list":{"0":"post-27874","1":"product","2":"type-product","3":"status-publish","4":"has-post-thumbnail","6":"product_brand-tershine","7":"product_cat-avfettning","8":"product_cat-lackskydd","9":"product_cat-bilvard","11":"first","12":"instock","13":"taxable","14":"shipping-taxable","15":"purchasable","16":"product-type-simple"},"bundled_by":[],"bundle_stock_status":"instock","bundle_stock_quantity":18,"bundle_virtual":false,"bundle_layout":"","bundle_add_to_cart_form_location":"","bundle_editable_in_cart":false,"bundle_sold_individually_context":"","bundle_item_grouping":"","bundle_min_size":"","bundle_max_size":"","bundle_price":[],"bundled_items":[],"bundle_sell_ids":[],"acf":[],"yoast_head":"<!-- This site is optimized with the Yoast SEO plugin v27.0 - https:\/\/yoast.com\/product\/yoast-seo-wordpress\/ -->\n<title>Tershine Magnify - Glasf\u00f6rsegling - Xenonkungen<\/title>\n<meta name=\"robots\" content=\"index, follow, max-snippet:-1, max-image-preview:large, max-video-preview:-1\" \/>\n<link rel=\"canonical\" href=\"https:\/\/xenonkungen.com\/en\/product\/tershine-magnify-glass-sealer\/\" \/>\n<meta property=\"og:locale\" content=\"en_GB\" \/>\n<meta property=\"og:type\" content=\"article\" \/>\n<meta property=\"og:title\" content=\"Tershine Magnify - Glasf\u00f6rsegling - Xenonkungen\" \/>\n<meta property=\"og:description\" content=\"Glasf\u00f6rsegling (glasbehandling\/coating)\u00a0som \u00e4r superenkel att applicera och kommer som en smidig duk. L\u00e5ng h\u00e5llbarhet och b\u00e4ttre sikt!\" \/>\n<meta property=\"og:url\" content=\"https:\/\/xenonkungen.com\/en\/product\/tershine-magnify-glass-sealer\/\" \/>\n<meta property=\"og:site_name\" content=\"Xenonkungen\" \/>\n<meta property=\"article:modified_time\" content=\"2026-04-24T16:47:58+00:00\" \/>\n<meta property=\"og:image\" content=\"https:\/\/xenonkungen.com\/wp-content\/uploads\/2026\/03\/kntdOxQJ0mybYVN1jDQH4tObDK0ulQ8K590sG6Er.webp\" \/>\n\t<meta property=\"og:image:width\" content=\"1024\" \/>\n\t<meta property=\"og:image:height\" content=\"1024\" \/>\n\t<meta property=\"og:image:type\" content=\"image\/webp\" \/>\n<meta name=\"twitter:card\" content=\"summary_large_image\" \/>\n<meta name=\"twitter:label1\" content=\"Estimated reading time\" \/>\n\t<meta name=\"twitter:data1\" content=\"3 minutes\" \/>\n<script type=\"application\/ld+json\" class=\"yoast-schema-graph\">{\"@context\":\"https:\/\/schema.org\",\"@graph\":[{\"@type\":\"WebPage\",\"@id\":\"https:\/\/xenonkungen.com\/produkt\/tershine-magnify-glasforsegling\/\",\"url\":\"https:\/\/xenonkungen.com\/produkt\/tershine-magnify-glasforsegling\/\",\"name\":\"Tershine Magnify - Glasf\u00f6rsegling - Xenonkungen\",\"isPartOf\":{\"@id\":\"https:\/\/xenonkungen.com\/#website\"},\"primaryImageOfPage\":{\"@id\":\"https:\/\/xenonkungen.com\/produkt\/tershine-magnify-glasforsegling\/#primaryimage\"},\"image\":{\"@id\":\"https:\/\/xenonkungen.com\/produkt\/tershine-magnify-glasforsegling\/#primaryimage\"},\"thumbnailUrl\":\"https:\/\/xenonkungen.com\/wp-content\/uploads\/2026\/03\/kntdOxQJ0mybYVN1jDQH4tObDK0ulQ8K590sG6Er.webp\",\"datePublished\":\"2026-03-16T10:20:40+00:00\",\"dateModified\":\"2026-04-24T16:47:58+00:00\",\"breadcrumb\":{\"@id\":\"https:\/\/xenonkungen.com\/produkt\/tershine-magnify-glasforsegling\/#breadcrumb\"},\"inLanguage\":\"en-GB\",\"potentialAction\":[{\"@type\":\"ReadAction\",\"target\":[\"https:\/\/xenonkungen.com\/produkt\/tershine-magnify-glasforsegling\/\"]}]},{\"@type\":\"ImageObject\",\"inLanguage\":\"en-GB\",\"@id\":\"https:\/\/xenonkungen.com\/produkt\/tershine-magnify-glasforsegling\/#primaryimage\",\"url\":\"https:\/\/xenonkungen.com\/wp-content\/uploads\/2026\/03\/kntdOxQJ0mybYVN1jDQH4tObDK0ulQ8K590sG6Er.webp\",\"contentUrl\":\"https:\/\/xenonkungen.com\/wp-content\/uploads\/2026\/03\/kntdOxQJ0mybYVN1jDQH4tObDK0ulQ8K590sG6Er.webp\",\"width\":1024,\"height\":1024},{\"@type\":\"BreadcrumbList\",\"@id\":\"https:\/\/xenonkungen.com\/produkt\/tershine-magnify-glasforsegling\/#breadcrumb\",\"itemListElement\":[{\"@type\":\"ListItem\",\"position\":1,\"name\":\"Hem\",\"item\":\"https:\/\/xenonkungen.com\/\"},{\"@type\":\"ListItem\",\"position\":2,\"name\":\"Shop\",\"item\":\"https:\/\/xenonkungen.com\/shop\/\"},{\"@type\":\"ListItem\",\"position\":3,\"name\":\"Tershine Magnify &#8211; Glasf\u00f6rsegling\"}]},{\"@type\":\"WebSite\",\"@id\":\"https:\/\/xenonkungen.com\/#website\",\"url\":\"https:\/\/xenonkungen.com\/\",\"name\":\"Xenonkungen\",\"description\":\"\",\"potentialAction\":[{\"@type\":\"SearchAction\",\"target\":{\"@type\":\"EntryPoint\",\"urlTemplate\":\"https:\/\/xenonkungen.com\/?s={search_term_string}\"},\"query-input\":{\"@type\":\"PropertyValueSpecification\",\"valueRequired\":true,\"valueName\":\"search_term_string\"}}],\"inLanguage\":\"en-GB\"}]}<\/script>\n<!-- \/ Yoast SEO plugin. -->","yoast_head_json":{"title":"Tershine Magnify - Glass Sealant - Xenonkungen","robots":{"index":"index","follow":"follow","max-snippet":"max-snippet:-1","max-image-preview":"max-image-preview:large","max-video-preview":"max-video-preview:-1"},"canonical":"https:\/\/xenonkungen.com\/en\/product\/tershine-magnify-glass-sealer\/","og_locale":"en_GB","og_type":"article","og_title":"Tershine Magnify - Glasf\u00f6rsegling - Xenonkungen","og_description":"Glasf\u00f6rsegling (glasbehandling\/coating)\u00a0som \u00e4r superenkel att applicera och kommer som en smidig duk. L\u00e5ng h\u00e5llbarhet och b\u00e4ttre sikt!","og_url":"https:\/\/xenonkungen.com\/en\/product\/tershine-magnify-glass-sealer\/","og_site_name":"Xenonkungen","article_modified_time":"2026-04-24T16:47:58+00:00","og_image":[{"width":1024,"height":1024,"url":"https:\/\/xenonkungen.com\/wp-content\/uploads\/2026\/03\/kntdOxQJ0mybYVN1jDQH4tObDK0ulQ8K590sG6Er.webp","type":"image\/webp"}],"twitter_card":"summary_large_image","twitter_misc":{"Estimated reading time":"3 minutes"},"schema":{"@context":"https:\/\/schema.org","@graph":[{"@type":"WebPage","@id":"https:\/\/xenonkungen.com\/produkt\/tershine-magnify-glasforsegling\/","url":"https:\/\/xenonkungen.com\/produkt\/tershine-magnify-glasforsegling\/","name":"Tershine Magnify - Glass Sealant - Xenonkungen","isPartOf":{"@id":"https:\/\/xenonkungen.com\/#website"},"primaryImageOfPage":{"@id":"https:\/\/xenonkungen.com\/produkt\/tershine-magnify-glasforsegling\/#primaryimage"},"image":{"@id":"https:\/\/xenonkungen.com\/produkt\/tershine-magnify-glasforsegling\/#primaryimage"},"thumbnailUrl":"https:\/\/xenonkungen.com\/wp-content\/uploads\/2026\/03\/kntdOxQJ0mybYVN1jDQH4tObDK0ulQ8K590sG6Er.webp","datePublished":"2026-03-16T10:20:40+00:00","dateModified":"2026-04-24T16:47:58+00:00","breadcrumb":{"@id":"https:\/\/xenonkungen.com\/produkt\/tershine-magnify-glasforsegling\/#breadcrumb"},"inLanguage":"en-GB","potentialAction":[{"@type":"ReadAction","target":["https:\/\/xenonkungen.com\/produkt\/tershine-magnify-glasforsegling\/"]}]},{"@type":"ImageObject","inLanguage":"en-GB","@id":"https:\/\/xenonkungen.com\/produkt\/tershine-magnify-glasforsegling\/#primaryimage","url":"https:\/\/xenonkungen.com\/wp-content\/uploads\/2026\/03\/kntdOxQJ0mybYVN1jDQH4tObDK0ulQ8K590sG6Er.webp","contentUrl":"https:\/\/xenonkungen.com\/wp-content\/uploads\/2026\/03\/kntdOxQJ0mybYVN1jDQH4tObDK0ulQ8K590sG6Er.webp","width":1024,"height":1024},{"@type":"BreadcrumbList","@id":"https:\/\/xenonkungen.com\/produkt\/tershine-magnify-glasforsegling\/#breadcrumb","itemListElement":[{"@type":"ListItem","position":1,"name":"Hem","item":"https:\/\/xenonkungen.com\/"},{"@type":"ListItem","position":2,"name":"Shop","item":"https:\/\/xenonkungen.com\/shop\/"},{"@type":"ListItem","position":3,"name":"Tershine Magnify &#8211; Glasf\u00f6rsegling"}]},{"@type":"WebSite","@id":"https:\/\/xenonkungen.com\/#website","url":"https:\/\/xenonkungen.com\/","name":"Xenonkungen","description":"","potentialAction":[{"@type":"SearchAction","target":{"@type":"EntryPoint","urlTemplate":"https:\/\/xenonkungen.com\/?s={search_term_string}"},"query-input":{"@type":"PropertyValueSpecification","valueRequired":true,"valueName":"search_term_string"}}],"inLanguage":"en-GB"}]}},"taxonomy_info":{"product_brand":[{"value":2893,"label":"Tershine"}],"product_cat":[{"value":2989,"label":"2 | Avfettning"},{"value":2614,"label":"4 | Bilvax &amp; Lackskydd"},{"value":378,"label":"Bilv\u00e5rd"}]},"featured_image_src_large":["https:\/\/xenonkungen.com\/wp-content\/uploads\/2026\/03\/kntdOxQJ0mybYVN1jDQH4tObDK0ulQ8K590sG6Er.webp",1024,1024,false],"author_info":[],"comment_info":0,"_links":{"self":[{"href":"https:\/\/xenonkungen.com\/en\/wp-json\/wp\/v2\/product\/27874","targetHints":{"allow":["GET"]}}],"collection":[{"href":"https:\/\/xenonkungen.com\/en\/wp-json\/wp\/v2\/product"}],"about":[{"href":"https:\/\/xenonkungen.com\/en\/wp-json\/wp\/v2\/types\/product"}],"replies":[{"embeddable":true,"href":"https:\/\/xenonkungen.com\/en\/wp-json\/wp\/v2\/comments?post=27874"}],"wp:featuredmedia":[{"embeddable":true,"href":"https:\/\/xenonkungen.com\/en\/wp-json\/wp\/v2\/media\/27876"}],"wp:attachment":[{"href":"https:\/\/xenonkungen.com\/en\/wp-json\/wp\/v2\/media?parent=27874"}],"wp:term":[{"taxonomy":"anvandningsomrade","embeddable":true,"href":"https:\/\/xenonkungen.com\/en\/wp-json\/wp\/v2\/anvandningsomrade?post=27874"},{"taxonomy":"bilmarken","embeddable":true,"href":"https:\/\/xenonkungen.com\/en\/wp-json\/wp\/v2\/bilmarken?post=27874"},{"taxonomy":"product_brand","embeddable":true,"href":"https:\/\/xenonkungen.com\/en\/wp-json\/wp\/v2\/product_brand?post=27874"},{"taxonomy":"product_cat","embeddable":true,"href":"https:\/\/xenonkungen.com\/en\/wp-json\/wp\/v2\/product_cat?post=27874"},{"taxonomy":"product_tag","embeddable":true,"href":"https:\/\/xenonkungen.com\/en\/wp-json\/wp\/v2\/product_tag?post=27874"}],"curies":[{"name":"wp","href":"https:\/\/api.w.org\/{rel}","templated":true}]}}