{"id":27911,"date":"2026-03-16T13:15:40","date_gmt":"2026-03-16T12:15:40","guid":{"rendered":"https:\/\/xenonkungen.com\/?post_type=product&#038;p=27911"},"modified":"2026-05-12T14:51:59","modified_gmt":"2026-05-12T13:51:59","slug":"tershine-purify-car-shampoo-neutral-500-ml","status":"publish","type":"product","link":"https:\/\/xenonkungen.com\/en\/product\/tershine-purify-car-shampoo-neutral-500-ml\/","title":{"rendered":"Tershine Purify \u2013 Car shampoo Neutral 500 ml"},"content":{"rendered":"<p>Super-clean and very effective car shampoo. Works great for all types of vehicles such as motorhomes, caravans, boats, motorcycles and trucks.<\/p>\n<p><strong>Extremely high mixing ratio 1:2000 (approx. 100 washes)<br \/>\nVery effective<br \/>\nWorks on all types of surfaces<br \/>\nProvides a thick foam<br \/>\nWorks in Foam Lance<br \/>\nWorks on both clear and matte paint<\/strong><\/p>\n<p>How to use Purify \u2013 Car Shampoo Neutral<\/p>\n<p>1.\u00a0H\u00e4ll i en skv\u00e4tt i hinken med vatten<strong><br \/>\n2.\u00a0<\/strong>Rinse with a high-pressure nozzle into the bucket to activate the foam<strong><br \/>\n3.\u00a0<\/strong>Pull the wash mitt in straight strokes over the vehicle&#039;s paintwork<strong><br \/>\n4.\u00a0<\/strong>Rinse and wipe with a high-quality cloth<strong><br \/>\n5.\u00a0<\/strong>We know the feeling: \u201cf\u2013 how nice it is to have a freshly washed car\u201d<\/p>\n<p>Purify is a highly effective shampoo specially formulated to lift dirt and particles from the paintwork in one go. Minimises the appearance of wash scratches or damage to existing paint protection and leaves a high gloss surface behind.<\/p>\n<p>Extremely generous shampoo with a mixing ratio of 1:1900 (ish, really hard to measure that), meaning one cap is usually more than enough. Purify produces a thick and lovely lather that creates a film between the paint and the wash mitt, and of course works great in a foam gun!<\/p>\n<p>We have chosen not to have any wax in this shampoo, Purify works instead to boost the existing protection and leaves behind an incredibly nice shine, luster and cleans the paintwork in depth. If you want even more shine and boost, Purify S is the one to use. Enough for about 90-100 washes.<\/p>\n<p>Very easy to use, mix a bucket with 20 liters of water, pour in a splash and activate the foam with the high-pressure nozzle. Of course, it works well with a regular tap too.<\/p>\n<p><strong>Fragrance:<\/strong>\u00a0Mango<a title=\"Test winner shampoo Purify Car care tershine\" href=\"https:\/\/www.google.se\/amp\/s\/glossgaragese.wordpress.com\/2017\/12\/11\/premium-schampo-test-infor-2018\/amp\/\"><br \/>\n<\/a><em>Store frost-free.<\/em><\/p>","protected":false},"excerpt":{"rendered":"<p>An extremely generous car shampoo that foams a lot and has fantastic cleaning properties. Mixing ratio of 1:2000.<\/p>","protected":false},"featured_media":27912,"comment_status":"open","ping_status":"closed","template":"","meta":{"_acf_changed":false,"_smort_price_nok":"","_smort_price_dkk":"","_smort_price_eur":"","_smort_sale_price_nok":"","_smort_sale_price_dkk":"","_smort_sale_price_eur":"","smort_restorder":"","shipmondo_restorder":"","_kad_blocks_custom_css":"","_kad_blocks_head_custom_js":"","_kad_blocks_body_custom_js":"","_kad_blocks_footer_custom_js":"","smort_custom_pricelist_1":"127.36","smort_custom_pricelist_2":"127.36","smort_custom_pricelist_3":"127.36","smort_custom_pricelist_4":"159.2","smort_custom_pricelist_5":"127.36"},"anvandningsomrade":[],"bilmarken":[],"product_brand":[2893],"product_cat":[2988,2892,2621,378],"product_tag":[],"class_list":{"0":"post-27911","1":"product","2":"type-product","3":"status-publish","4":"has-post-thumbnail","6":"product_brand-tershine","7":"product_cat-biltvatt","8":"product_cat-retail-produkter","9":"product_cat-bilschampo","10":"product_cat-bilvard","12":"first","13":"onbackorder","14":"taxable","15":"shipping-taxable","16":"purchasable","17":"product-type-simple"},"bundled_by":[],"bundle_stock_status":"onbackorder","bundle_stock_quantity":0,"bundle_virtual":false,"bundle_layout":"","bundle_add_to_cart_form_location":"","bundle_editable_in_cart":false,"bundle_sold_individually_context":"","bundle_item_grouping":"","bundle_min_size":"","bundle_max_size":"","bundle_price":[],"bundled_items":[],"bundle_sell_ids":[],"acf":[],"yoast_head":"<!-- This site is optimized with the Yoast SEO plugin v27.0 - https:\/\/yoast.com\/product\/yoast-seo-wordpress\/ -->\n<title>Tershine Purify - Bilschampo Neutral 500 ml - Xenonkungen<\/title>\n<meta name=\"robots\" content=\"index, follow, max-snippet:-1, max-image-preview:large, max-video-preview:-1\" \/>\n<link rel=\"canonical\" href=\"https:\/\/xenonkungen.com\/en\/product\/tershine-purify-car-shampoo-neutral-500-ml\/\" \/>\n<meta property=\"og:locale\" content=\"en_GB\" \/>\n<meta property=\"og:type\" content=\"article\" \/>\n<meta property=\"og:title\" content=\"Tershine Purify - Bilschampo Neutral 500 ml - Xenonkungen\" \/>\n<meta property=\"og:description\" content=\"Ett extremt drygt bilschampo som skummar mycket och har fantastiska reng\u00f6ringsegenskaper. Blandningsf\u00f6rh\u00e5llande p\u00e5 hela 1:2000.\" \/>\n<meta property=\"og:url\" content=\"https:\/\/xenonkungen.com\/en\/product\/tershine-purify-car-shampoo-neutral-500-ml\/\" \/>\n<meta property=\"og:site_name\" content=\"Xenonkungen\" \/>\n<meta property=\"article:modified_time\" content=\"2026-05-12T13:51:59+00:00\" \/>\n<meta property=\"og:image\" content=\"https:\/\/xenonkungen.com\/wp-content\/uploads\/2026\/03\/GWMKM1Two9ihnFelQ86NWtiRbECBZYzp47cmsaBj.webp\" \/>\n\t<meta property=\"og:image:width\" content=\"1024\" \/>\n\t<meta property=\"og:image:height\" content=\"1024\" \/>\n\t<meta property=\"og:image:type\" content=\"image\/webp\" \/>\n<meta name=\"twitter:card\" content=\"summary_large_image\" \/>\n<meta name=\"twitter:label1\" content=\"Estimated reading time\" \/>\n\t<meta name=\"twitter:data1\" content=\"2 minutes\" \/>\n<script type=\"application\/ld+json\" class=\"yoast-schema-graph\">{\"@context\":\"https:\/\/schema.org\",\"@graph\":[{\"@type\":\"WebPage\",\"@id\":\"https:\/\/xenonkungen.com\/produkt\/tershine-purify-bilschampo-neutral-500-ml\/\",\"url\":\"https:\/\/xenonkungen.com\/produkt\/tershine-purify-bilschampo-neutral-500-ml\/\",\"name\":\"Tershine Purify - Bilschampo Neutral 500 ml - Xenonkungen\",\"isPartOf\":{\"@id\":\"https:\/\/xenonkungen.com\/#website\"},\"primaryImageOfPage\":{\"@id\":\"https:\/\/xenonkungen.com\/produkt\/tershine-purify-bilschampo-neutral-500-ml\/#primaryimage\"},\"image\":{\"@id\":\"https:\/\/xenonkungen.com\/produkt\/tershine-purify-bilschampo-neutral-500-ml\/#primaryimage\"},\"thumbnailUrl\":\"https:\/\/xenonkungen.com\/wp-content\/uploads\/2026\/03\/GWMKM1Two9ihnFelQ86NWtiRbECBZYzp47cmsaBj.webp\",\"datePublished\":\"2026-03-16T12:15:40+00:00\",\"dateModified\":\"2026-05-12T13:51:59+00:00\",\"breadcrumb\":{\"@id\":\"https:\/\/xenonkungen.com\/produkt\/tershine-purify-bilschampo-neutral-500-ml\/#breadcrumb\"},\"inLanguage\":\"en-GB\",\"potentialAction\":[{\"@type\":\"ReadAction\",\"target\":[\"https:\/\/xenonkungen.com\/produkt\/tershine-purify-bilschampo-neutral-500-ml\/\"]}]},{\"@type\":\"ImageObject\",\"inLanguage\":\"en-GB\",\"@id\":\"https:\/\/xenonkungen.com\/produkt\/tershine-purify-bilschampo-neutral-500-ml\/#primaryimage\",\"url\":\"https:\/\/xenonkungen.com\/wp-content\/uploads\/2026\/03\/GWMKM1Two9ihnFelQ86NWtiRbECBZYzp47cmsaBj.webp\",\"contentUrl\":\"https:\/\/xenonkungen.com\/wp-content\/uploads\/2026\/03\/GWMKM1Two9ihnFelQ86NWtiRbECBZYzp47cmsaBj.webp\",\"width\":1024,\"height\":1024},{\"@type\":\"BreadcrumbList\",\"@id\":\"https:\/\/xenonkungen.com\/produkt\/tershine-purify-bilschampo-neutral-500-ml\/#breadcrumb\",\"itemListElement\":[{\"@type\":\"ListItem\",\"position\":1,\"name\":\"Hem\",\"item\":\"https:\/\/xenonkungen.com\/\"},{\"@type\":\"ListItem\",\"position\":2,\"name\":\"Shop\",\"item\":\"https:\/\/xenonkungen.com\/shop\/\"},{\"@type\":\"ListItem\",\"position\":3,\"name\":\"Tershine Purify &#8211; Bilschampo Neutral 500 ml\"}]},{\"@type\":\"WebSite\",\"@id\":\"https:\/\/xenonkungen.com\/#website\",\"url\":\"https:\/\/xenonkungen.com\/\",\"name\":\"Xenonkungen\",\"description\":\"\",\"potentialAction\":[{\"@type\":\"SearchAction\",\"target\":{\"@type\":\"EntryPoint\",\"urlTemplate\":\"https:\/\/xenonkungen.com\/?s={search_term_string}\"},\"query-input\":{\"@type\":\"PropertyValueSpecification\",\"valueRequired\":true,\"valueName\":\"search_term_string\"}}],\"inLanguage\":\"en-GB\"}]}<\/script>\n<!-- \/ Yoast SEO plugin. -->","yoast_head_json":{"title":"Tershine Purify - Car Shampoo Neutral 500 ml - The Xenon King","robots":{"index":"index","follow":"follow","max-snippet":"max-snippet:-1","max-image-preview":"max-image-preview:large","max-video-preview":"max-video-preview:-1"},"canonical":"https:\/\/xenonkungen.com\/en\/product\/tershine-purify-car-shampoo-neutral-500-ml\/","og_locale":"en_GB","og_type":"article","og_title":"Tershine Purify - Bilschampo Neutral 500 ml - Xenonkungen","og_description":"Ett extremt drygt bilschampo som skummar mycket och har fantastiska reng\u00f6ringsegenskaper. Blandningsf\u00f6rh\u00e5llande p\u00e5 hela 1:2000.","og_url":"https:\/\/xenonkungen.com\/en\/product\/tershine-purify-car-shampoo-neutral-500-ml\/","og_site_name":"Xenonkungen","article_modified_time":"2026-05-12T13:51:59+00:00","og_image":[{"width":1024,"height":1024,"url":"https:\/\/xenonkungen.com\/wp-content\/uploads\/2026\/03\/GWMKM1Two9ihnFelQ86NWtiRbECBZYzp47cmsaBj.webp","type":"image\/webp"}],"twitter_card":"summary_large_image","twitter_misc":{"Estimated reading time":"2 minutes"},"schema":{"@context":"https:\/\/schema.org","@graph":[{"@type":"WebPage","@id":"https:\/\/xenonkungen.com\/produkt\/tershine-purify-bilschampo-neutral-500-ml\/","url":"https:\/\/xenonkungen.com\/produkt\/tershine-purify-bilschampo-neutral-500-ml\/","name":"Tershine Purify - Car Shampoo Neutral 500 ml - The Xenon King","isPartOf":{"@id":"https:\/\/xenonkungen.com\/#website"},"primaryImageOfPage":{"@id":"https:\/\/xenonkungen.com\/produkt\/tershine-purify-bilschampo-neutral-500-ml\/#primaryimage"},"image":{"@id":"https:\/\/xenonkungen.com\/produkt\/tershine-purify-bilschampo-neutral-500-ml\/#primaryimage"},"thumbnailUrl":"https:\/\/xenonkungen.com\/wp-content\/uploads\/2026\/03\/GWMKM1Two9ihnFelQ86NWtiRbECBZYzp47cmsaBj.webp","datePublished":"2026-03-16T12:15:40+00:00","dateModified":"2026-05-12T13:51:59+00:00","breadcrumb":{"@id":"https:\/\/xenonkungen.com\/produkt\/tershine-purify-bilschampo-neutral-500-ml\/#breadcrumb"},"inLanguage":"en-GB","potentialAction":[{"@type":"ReadAction","target":["https:\/\/xenonkungen.com\/produkt\/tershine-purify-bilschampo-neutral-500-ml\/"]}]},{"@type":"ImageObject","inLanguage":"en-GB","@id":"https:\/\/xenonkungen.com\/produkt\/tershine-purify-bilschampo-neutral-500-ml\/#primaryimage","url":"https:\/\/xenonkungen.com\/wp-content\/uploads\/2026\/03\/GWMKM1Two9ihnFelQ86NWtiRbECBZYzp47cmsaBj.webp","contentUrl":"https:\/\/xenonkungen.com\/wp-content\/uploads\/2026\/03\/GWMKM1Two9ihnFelQ86NWtiRbECBZYzp47cmsaBj.webp","width":1024,"height":1024},{"@type":"BreadcrumbList","@id":"https:\/\/xenonkungen.com\/produkt\/tershine-purify-bilschampo-neutral-500-ml\/#breadcrumb","itemListElement":[{"@type":"ListItem","position":1,"name":"Hem","item":"https:\/\/xenonkungen.com\/"},{"@type":"ListItem","position":2,"name":"Shop","item":"https:\/\/xenonkungen.com\/shop\/"},{"@type":"ListItem","position":3,"name":"Tershine Purify &#8211; Bilschampo Neutral 500 ml"}]},{"@type":"WebSite","@id":"https:\/\/xenonkungen.com\/#website","url":"https:\/\/xenonkungen.com\/","name":"Xenonkungen","description":"","potentialAction":[{"@type":"SearchAction","target":{"@type":"EntryPoint","urlTemplate":"https:\/\/xenonkungen.com\/?s={search_term_string}"},"query-input":{"@type":"PropertyValueSpecification","valueRequired":true,"valueName":"search_term_string"}}],"inLanguage":"en-GB"}]}},"taxonomy_info":{"product_brand":[{"value":2893,"label":"Tershine"}],"product_cat":[{"value":2988,"label":"1 | Biltv\u00e4tt"},{"value":2892,"label":"\u00c5terf\u00f6rs\u00e4ljarprodukter"},{"value":2621,"label":"Bilschampo"},{"value":378,"label":"Bilv\u00e5rd"}]},"featured_image_src_large":["https:\/\/xenonkungen.com\/wp-content\/uploads\/2026\/03\/GWMKM1Two9ihnFelQ86NWtiRbECBZYzp47cmsaBj.webp",1024,1024,false],"author_info":[],"comment_info":0,"_links":{"self":[{"href":"https:\/\/xenonkungen.com\/en\/wp-json\/wp\/v2\/product\/27911","targetHints":{"allow":["GET"]}}],"collection":[{"href":"https:\/\/xenonkungen.com\/en\/wp-json\/wp\/v2\/product"}],"about":[{"href":"https:\/\/xenonkungen.com\/en\/wp-json\/wp\/v2\/types\/product"}],"replies":[{"embeddable":true,"href":"https:\/\/xenonkungen.com\/en\/wp-json\/wp\/v2\/comments?post=27911"}],"wp:featuredmedia":[{"embeddable":true,"href":"https:\/\/xenonkungen.com\/en\/wp-json\/wp\/v2\/media\/27912"}],"wp:attachment":[{"href":"https:\/\/xenonkungen.com\/en\/wp-json\/wp\/v2\/media?parent=27911"}],"wp:term":[{"taxonomy":"anvandningsomrade","embeddable":true,"href":"https:\/\/xenonkungen.com\/en\/wp-json\/wp\/v2\/anvandningsomrade?post=27911"},{"taxonomy":"bilmarken","embeddable":true,"href":"https:\/\/xenonkungen.com\/en\/wp-json\/wp\/v2\/bilmarken?post=27911"},{"taxonomy":"product_brand","embeddable":true,"href":"https:\/\/xenonkungen.com\/en\/wp-json\/wp\/v2\/product_brand?post=27911"},{"taxonomy":"product_cat","embeddable":true,"href":"https:\/\/xenonkungen.com\/en\/wp-json\/wp\/v2\/product_cat?post=27911"},{"taxonomy":"product_tag","embeddable":true,"href":"https:\/\/xenonkungen.com\/en\/wp-json\/wp\/v2\/product_tag?post=27911"}],"curies":[{"name":"wp","href":"https:\/\/api.w.org\/{rel}","templated":true}]}}