{"id":27927,"date":"2026-03-16T13:45:14","date_gmt":"2026-03-16T12:45:14","guid":{"rendered":"https:\/\/xenonkungen.com\/?post_type=product&#038;p=27927"},"modified":"2026-05-12T14:51:38","modified_gmt":"2026-05-12T13:51:38","slug":"tershine-purify-s-car-shampoo-5-l","status":"publish","type":"product","link":"https:\/\/xenonkungen.com\/en\/product\/tershine-purify-s-car-shampoo-5-l\/","title":{"rendered":"Tershine Purify S+ \u2013 Car shampoo 5 L"},"content":{"rendered":"<p>Car shampoo and paint protection in one. Cleans and creates a water-repellent film in the same stroke. Maintaining your vehicle couldn&#039;t be easier!<\/p>\n<p><strong>Very easy to use<br \/>\nCleans and protects paintwork in one go<br \/>\nVery high gloss<br \/>\nLovely scent of apple<br \/>\nWorks in Foam Lance<br \/>\nFree from PFAS and VOC<\/strong><\/p>\n<p>1.\u00a0H\u00e4ll en skv\u00e4tt i hinken, laborera g\u00e4rna hur mycket ni beh\u00f6ver ha i. Det \u00e4r lite fr\u00e5n bil till bil och produkten har l\u00e4gre blandningsf\u00f6rh\u00e5llanden \u00e4n v\u00e5ra \u00f6vriga schampon. Den blir n\u00e4stan b\u00e4ttre ju mer ni tar. Kan ocks\u00e5 appliceras rent direkt i handske\/duk och p\u00e5 s\u00e5 s\u00e4tt &#8221;masseras&#8221; in och sedan sk\u00f6ljas av.\u00a0<strong><br \/>\n2.\u00a0<\/strong>Fluff up the foam using high pressure (repeat if necessary).<br \/>\n<strong>3.\u00a0<\/strong>Pull the wash mitt\/microfiber cloth in straight strokes over the vehicle&#039;s paintwork.<br \/>\n<strong>4.\u00a0<\/strong>Rinse and wipe dry with a high-quality cloth.\u00a0<strong><br \/>\n5.\u00a0<\/strong>Enjoy the epic shine and runoff!<\/p>\n<div class=\"o9v6fnle cxmmr5t8 oygrvhab hcukyx3x c1et5uql ii04i59q\">Purify S+ 5000 ml is a so-called ceramic shampoo with a green apple scent that, in addition to cleaning, provides lots of lovely glossy gloss and leaves a protective film, which is very water-repellent! Perfect for those who want to easily protect the vehicle&#039;s paint without a lot of frills or to boost existing protection.<\/div>\n<div class=\"o9v6fnle cxmmr5t8 oygrvhab hcukyx3x c1et5uql ii04i59q\">\n<div dir=\"auto\"><\/div>\n<\/div>\n<div class=\"o9v6fnle cxmmr5t8 oygrvhab hcukyx3x c1et5uql ii04i59q\">\n<div dir=\"auto\">Imagine Purify S and Refract in the same bottle (ish)! Of course completely free from highly fluorinated substances (PFAS) and shady solvents etc. Mixing ratio of 1:250-1:500 and works absolutely fantastic in a foam gun. In other words epic for those of you with large vehicles such as trucks, excavators or yes of course for ALL vehicles!<\/div>\n<\/div>\n<div class=\"o9v6fnle cxmmr5t8 oygrvhab hcukyx3x c1et5uql ii04i59q\">\n<div dir=\"auto\">The foam is actually quite ok but unfortunately it&#039;s the law of &quot;chemicals&quot;, runoff reduces foam! But it&#039;s fine to fluff up in the bucket from time to time.<\/div>\n<\/div>\n<div class=\"o9v6fnle cxmmr5t8 oygrvhab hcukyx3x c1et5uql ii04i59q\">\n<div dir=\"auto\">This is a great product for those times when you can&#039;t drive with Refract and all the steps, or if you just want to maintain your existing protection, such as Magnify or Refract. It gives really good drainage even on completely dead paint and if you already have a protection underneath, it boosts it a lot. This is a perfect product, both for beginners and also for us hardcore washers who sometimes don&#039;t really feel like they have time for a nice wash with all the steps. It&#039;s a small compromise to have everything in the same bottle, but this is really my own new favorite because it&#039;s so damn easy to use and gives a super nice result. Works great on wrap\/ppf and also matte paint. Also great on the boat, camper\/caravan, jet ski, yes it works on more or less everything.<\/div>\n<\/div>\n<div class=\"o9v6fnle cxmmr5t8 oygrvhab hcukyx3x c1et5uql ii04i59q\">\n<div dir=\"auto\">A great thing is that you absolutely do not need to &quot;panic&quot; if the product does not rinse off immediately. In other words, you can wash the entire vehicle in peace and quiet before rinsing it off, just like our other shampoos. Of course, you start with all the steps before such as degreasing, rim cleaning, etc. In other words, a completely normal wash.<\/div>\n<div dir=\"auto\"><\/div>\n<div dir=\"auto\"><\/div>\n<div dir=\"auto\">Can be used with advantage in a foam gun, as usual there are so many different factors that come into play so feel free to experiment until you get the right mixing ratio. Make sure to clean thoroughly before using the degreasers, then just shower off and let it soak in for a while before rinsing off.<\/div>\n<div dir=\"auto\"><\/div>\n<div dir=\"auto\">As a last thing, you can actually dilute it with water and use it as a form of wet coat, then mix it in an empty bottle and spray on a clean surface and rinse off like Refract.<\/div>\n<div dir=\"auto\"><\/div>\n<div dir=\"auto\">If the desired effect is not achieved, just try using a little more product, it sounds vague but as I described above, we recommend that you try to find the ratio that suits you best. Biodegradable and does not contain highly fluorinated substances (PFAS). Avoid direct sunlight and store the product in a dark and frost-free place.<\/div>\n<div dir=\"auto\"><\/div>\n<div dir=\"auto\"><strong>Fragrance:<\/strong>\u00a0Green apple<\/div>\n<div dir=\"auto\"><em>Store frost-free.<\/em><\/div>\n<\/div>","protected":false},"excerpt":{"rendered":"<p>Car shampoo and paint protection in the same product. Cleans the surface and creates a protective, water-repellent film. Mixing ratio 1:250<\/p>","protected":false},"featured_media":27928,"comment_status":"open","ping_status":"closed","template":"","meta":{"_acf_changed":false,"_smort_price_nok":"","_smort_price_dkk":"","_smort_price_eur":"","_smort_sale_price_nok":"","_smort_sale_price_dkk":"","_smort_sale_price_eur":"","smort_restorder":"","shipmondo_restorder":"","_kad_blocks_custom_css":"","_kad_blocks_head_custom_js":"","_kad_blocks_body_custom_js":"","_kad_blocks_footer_custom_js":"","smort_custom_pricelist_1":"831.36","smort_custom_pricelist_2":"831.36","smort_custom_pricelist_3":"831.36","smort_custom_pricelist_4":"1039.2","smort_custom_pricelist_5":"831.36"},"anvandningsomrade":[],"bilmarken":[],"product_brand":[2893],"product_cat":[2988,2892,2621,378],"product_tag":[],"class_list":{"0":"post-27927","1":"product","2":"type-product","3":"status-publish","4":"has-post-thumbnail","6":"product_brand-tershine","7":"product_cat-biltvatt","8":"product_cat-retail-produkter","9":"product_cat-bilschampo","10":"product_cat-bilvard","12":"first","13":"onbackorder","14":"taxable","15":"shipping-taxable","16":"purchasable","17":"product-type-simple"},"bundled_by":[],"bundle_stock_status":"onbackorder","bundle_stock_quantity":0,"bundle_virtual":false,"bundle_layout":"","bundle_add_to_cart_form_location":"","bundle_editable_in_cart":false,"bundle_sold_individually_context":"","bundle_item_grouping":"","bundle_min_size":"","bundle_max_size":"","bundle_price":[],"bundled_items":[],"bundle_sell_ids":[],"acf":[],"yoast_head":"<!-- This site is optimized with the Yoast SEO plugin v27.0 - https:\/\/yoast.com\/product\/yoast-seo-wordpress\/ -->\n<title>Tershine Purify S+ - Bilschampo 5 L - Xenonkungen<\/title>\n<meta name=\"robots\" content=\"index, follow, max-snippet:-1, max-image-preview:large, max-video-preview:-1\" \/>\n<link rel=\"canonical\" href=\"https:\/\/xenonkungen.com\/en\/product\/tershine-purify-s-car-shampoo-5-l\/\" \/>\n<meta property=\"og:locale\" content=\"en_GB\" \/>\n<meta property=\"og:type\" content=\"article\" \/>\n<meta property=\"og:title\" content=\"Tershine Purify S+ - Bilschampo 5 L - Xenonkungen\" \/>\n<meta property=\"og:description\" content=\"Bilschampo och lackskydd i samma produkt. Reng\u00f6r ytan samt skapar en skyddande, vattenavst\u00f6tande hinna. Blandningsf\u00f6rh\u00e5llande 1:250\" \/>\n<meta property=\"og:url\" content=\"https:\/\/xenonkungen.com\/en\/product\/tershine-purify-s-car-shampoo-5-l\/\" \/>\n<meta property=\"og:site_name\" content=\"Xenonkungen\" \/>\n<meta property=\"article:modified_time\" content=\"2026-05-12T13:51:38+00:00\" \/>\n<meta property=\"og:image\" content=\"https:\/\/xenonkungen.com\/wp-content\/uploads\/2026\/03\/nDA3rpbGJdhQ3TqQYwnCBiYoOUwLTXFrUsim8Oqx.webp\" \/>\n\t<meta property=\"og:image:width\" content=\"1024\" \/>\n\t<meta property=\"og:image:height\" content=\"1024\" \/>\n\t<meta property=\"og:image:type\" content=\"image\/webp\" \/>\n<meta name=\"twitter:card\" content=\"summary_large_image\" \/>\n<meta name=\"twitter:label1\" content=\"Estimated reading time\" \/>\n\t<meta name=\"twitter:data1\" content=\"4 minutes\" \/>\n<script type=\"application\/ld+json\" class=\"yoast-schema-graph\">{\"@context\":\"https:\/\/schema.org\",\"@graph\":[{\"@type\":\"WebPage\",\"@id\":\"https:\/\/xenonkungen.com\/produkt\/tershine-purify-s-bilschampo-5-l\/\",\"url\":\"https:\/\/xenonkungen.com\/produkt\/tershine-purify-s-bilschampo-5-l\/\",\"name\":\"Tershine Purify S+ - Bilschampo 5 L - Xenonkungen\",\"isPartOf\":{\"@id\":\"https:\/\/xenonkungen.com\/#website\"},\"primaryImageOfPage\":{\"@id\":\"https:\/\/xenonkungen.com\/produkt\/tershine-purify-s-bilschampo-5-l\/#primaryimage\"},\"image\":{\"@id\":\"https:\/\/xenonkungen.com\/produkt\/tershine-purify-s-bilschampo-5-l\/#primaryimage\"},\"thumbnailUrl\":\"https:\/\/xenonkungen.com\/wp-content\/uploads\/2026\/03\/nDA3rpbGJdhQ3TqQYwnCBiYoOUwLTXFrUsim8Oqx.webp\",\"datePublished\":\"2026-03-16T12:45:14+00:00\",\"dateModified\":\"2026-05-12T13:51:38+00:00\",\"breadcrumb\":{\"@id\":\"https:\/\/xenonkungen.com\/produkt\/tershine-purify-s-bilschampo-5-l\/#breadcrumb\"},\"inLanguage\":\"en-GB\",\"potentialAction\":[{\"@type\":\"ReadAction\",\"target\":[\"https:\/\/xenonkungen.com\/produkt\/tershine-purify-s-bilschampo-5-l\/\"]}]},{\"@type\":\"ImageObject\",\"inLanguage\":\"en-GB\",\"@id\":\"https:\/\/xenonkungen.com\/produkt\/tershine-purify-s-bilschampo-5-l\/#primaryimage\",\"url\":\"https:\/\/xenonkungen.com\/wp-content\/uploads\/2026\/03\/nDA3rpbGJdhQ3TqQYwnCBiYoOUwLTXFrUsim8Oqx.webp\",\"contentUrl\":\"https:\/\/xenonkungen.com\/wp-content\/uploads\/2026\/03\/nDA3rpbGJdhQ3TqQYwnCBiYoOUwLTXFrUsim8Oqx.webp\",\"width\":1024,\"height\":1024},{\"@type\":\"BreadcrumbList\",\"@id\":\"https:\/\/xenonkungen.com\/produkt\/tershine-purify-s-bilschampo-5-l\/#breadcrumb\",\"itemListElement\":[{\"@type\":\"ListItem\",\"position\":1,\"name\":\"Hem\",\"item\":\"https:\/\/xenonkungen.com\/\"},{\"@type\":\"ListItem\",\"position\":2,\"name\":\"Shop\",\"item\":\"https:\/\/xenonkungen.com\/shop\/\"},{\"@type\":\"ListItem\",\"position\":3,\"name\":\"Tershine Purify S+ &#8211; Bilschampo 5 L\"}]},{\"@type\":\"WebSite\",\"@id\":\"https:\/\/xenonkungen.com\/#website\",\"url\":\"https:\/\/xenonkungen.com\/\",\"name\":\"Xenonkungen\",\"description\":\"\",\"potentialAction\":[{\"@type\":\"SearchAction\",\"target\":{\"@type\":\"EntryPoint\",\"urlTemplate\":\"https:\/\/xenonkungen.com\/?s={search_term_string}\"},\"query-input\":{\"@type\":\"PropertyValueSpecification\",\"valueRequired\":true,\"valueName\":\"search_term_string\"}}],\"inLanguage\":\"en-GB\"}]}<\/script>\n<!-- \/ Yoast SEO plugin. -->","yoast_head_json":{"title":"Tershine Purify S+ - Car Shampoo 5 L - The Xenon King","robots":{"index":"index","follow":"follow","max-snippet":"max-snippet:-1","max-image-preview":"max-image-preview:large","max-video-preview":"max-video-preview:-1"},"canonical":"https:\/\/xenonkungen.com\/en\/product\/tershine-purify-s-car-shampoo-5-l\/","og_locale":"en_GB","og_type":"article","og_title":"Tershine Purify S+ - Bilschampo 5 L - Xenonkungen","og_description":"Bilschampo och lackskydd i samma produkt. Reng\u00f6r ytan samt skapar en skyddande, vattenavst\u00f6tande hinna. Blandningsf\u00f6rh\u00e5llande 1:250","og_url":"https:\/\/xenonkungen.com\/en\/product\/tershine-purify-s-car-shampoo-5-l\/","og_site_name":"Xenonkungen","article_modified_time":"2026-05-12T13:51:38+00:00","og_image":[{"width":1024,"height":1024,"url":"https:\/\/xenonkungen.com\/wp-content\/uploads\/2026\/03\/nDA3rpbGJdhQ3TqQYwnCBiYoOUwLTXFrUsim8Oqx.webp","type":"image\/webp"}],"twitter_card":"summary_large_image","twitter_misc":{"Estimated reading time":"4 minutes"},"schema":{"@context":"https:\/\/schema.org","@graph":[{"@type":"WebPage","@id":"https:\/\/xenonkungen.com\/produkt\/tershine-purify-s-bilschampo-5-l\/","url":"https:\/\/xenonkungen.com\/produkt\/tershine-purify-s-bilschampo-5-l\/","name":"Tershine Purify S+ - Car Shampoo 5 L - The Xenon King","isPartOf":{"@id":"https:\/\/xenonkungen.com\/#website"},"primaryImageOfPage":{"@id":"https:\/\/xenonkungen.com\/produkt\/tershine-purify-s-bilschampo-5-l\/#primaryimage"},"image":{"@id":"https:\/\/xenonkungen.com\/produkt\/tershine-purify-s-bilschampo-5-l\/#primaryimage"},"thumbnailUrl":"https:\/\/xenonkungen.com\/wp-content\/uploads\/2026\/03\/nDA3rpbGJdhQ3TqQYwnCBiYoOUwLTXFrUsim8Oqx.webp","datePublished":"2026-03-16T12:45:14+00:00","dateModified":"2026-05-12T13:51:38+00:00","breadcrumb":{"@id":"https:\/\/xenonkungen.com\/produkt\/tershine-purify-s-bilschampo-5-l\/#breadcrumb"},"inLanguage":"en-GB","potentialAction":[{"@type":"ReadAction","target":["https:\/\/xenonkungen.com\/produkt\/tershine-purify-s-bilschampo-5-l\/"]}]},{"@type":"ImageObject","inLanguage":"en-GB","@id":"https:\/\/xenonkungen.com\/produkt\/tershine-purify-s-bilschampo-5-l\/#primaryimage","url":"https:\/\/xenonkungen.com\/wp-content\/uploads\/2026\/03\/nDA3rpbGJdhQ3TqQYwnCBiYoOUwLTXFrUsim8Oqx.webp","contentUrl":"https:\/\/xenonkungen.com\/wp-content\/uploads\/2026\/03\/nDA3rpbGJdhQ3TqQYwnCBiYoOUwLTXFrUsim8Oqx.webp","width":1024,"height":1024},{"@type":"BreadcrumbList","@id":"https:\/\/xenonkungen.com\/produkt\/tershine-purify-s-bilschampo-5-l\/#breadcrumb","itemListElement":[{"@type":"ListItem","position":1,"name":"Hem","item":"https:\/\/xenonkungen.com\/"},{"@type":"ListItem","position":2,"name":"Shop","item":"https:\/\/xenonkungen.com\/shop\/"},{"@type":"ListItem","position":3,"name":"Tershine Purify S+ &#8211; Bilschampo 5 L"}]},{"@type":"WebSite","@id":"https:\/\/xenonkungen.com\/#website","url":"https:\/\/xenonkungen.com\/","name":"Xenonkungen","description":"","potentialAction":[{"@type":"SearchAction","target":{"@type":"EntryPoint","urlTemplate":"https:\/\/xenonkungen.com\/?s={search_term_string}"},"query-input":{"@type":"PropertyValueSpecification","valueRequired":true,"valueName":"search_term_string"}}],"inLanguage":"en-GB"}]}},"taxonomy_info":{"product_brand":[{"value":2893,"label":"Tershine"}],"product_cat":[{"value":2988,"label":"1 | Biltv\u00e4tt"},{"value":2892,"label":"\u00c5terf\u00f6rs\u00e4ljarprodukter"},{"value":2621,"label":"Bilschampo"},{"value":378,"label":"Bilv\u00e5rd"}]},"featured_image_src_large":["https:\/\/xenonkungen.com\/wp-content\/uploads\/2026\/03\/nDA3rpbGJdhQ3TqQYwnCBiYoOUwLTXFrUsim8Oqx.webp",1024,1024,false],"author_info":[],"comment_info":0,"_links":{"self":[{"href":"https:\/\/xenonkungen.com\/en\/wp-json\/wp\/v2\/product\/27927","targetHints":{"allow":["GET"]}}],"collection":[{"href":"https:\/\/xenonkungen.com\/en\/wp-json\/wp\/v2\/product"}],"about":[{"href":"https:\/\/xenonkungen.com\/en\/wp-json\/wp\/v2\/types\/product"}],"replies":[{"embeddable":true,"href":"https:\/\/xenonkungen.com\/en\/wp-json\/wp\/v2\/comments?post=27927"}],"wp:featuredmedia":[{"embeddable":true,"href":"https:\/\/xenonkungen.com\/en\/wp-json\/wp\/v2\/media\/27928"}],"wp:attachment":[{"href":"https:\/\/xenonkungen.com\/en\/wp-json\/wp\/v2\/media?parent=27927"}],"wp:term":[{"taxonomy":"anvandningsomrade","embeddable":true,"href":"https:\/\/xenonkungen.com\/en\/wp-json\/wp\/v2\/anvandningsomrade?post=27927"},{"taxonomy":"bilmarken","embeddable":true,"href":"https:\/\/xenonkungen.com\/en\/wp-json\/wp\/v2\/bilmarken?post=27927"},{"taxonomy":"product_brand","embeddable":true,"href":"https:\/\/xenonkungen.com\/en\/wp-json\/wp\/v2\/product_brand?post=27927"},{"taxonomy":"product_cat","embeddable":true,"href":"https:\/\/xenonkungen.com\/en\/wp-json\/wp\/v2\/product_cat?post=27927"},{"taxonomy":"product_tag","embeddable":true,"href":"https:\/\/xenonkungen.com\/en\/wp-json\/wp\/v2\/product_tag?post=27927"}],"curies":[{"name":"wp","href":"https:\/\/api.w.org\/{rel}","templated":true}]}}