{"id":27940,"date":"2026-03-16T14:03:14","date_gmt":"2026-03-16T13:03:14","guid":{"rendered":"https:\/\/xenonkungen.com\/?post_type=product&#038;p=27940"},"modified":"2026-04-24T17:48:36","modified_gmt":"2026-04-24T16:48:36","slug":"tershine-refract-ceramic-spray-paint-protection-500-ml-v4","status":"publish","type":"product","link":"https:\/\/xenonkungen.com\/en\/product\/tershine-refract-ceramic-spray-paint-protection-500-ml-v4\/","title":{"rendered":"Tershine Refract \u2013 Ceramic spray paint protection 500 ml V4"},"content":{"rendered":"<p><span style=\"color: #050505; font-family: Helvetica;\">Refract \u2013 Ceramic Spray Paint Protection V4 is the latest generation ceramic spray paint protection that provides fantastic shine and protection. Very easy to apply and provides a super hydrophobic surface as well as good protection against weather and wind.\u00a0<\/span><\/p>\n<p>Awesome spray paint protection that is extremely easy to apply and works on all types of vehicles. Leaves a protective layer with enormous water runoff, extremely high gloss. Can be applied in multiple layers if desired.<\/p>\n<p><strong>Creates fantastic shine and runoff<br \/>\nLong-lasting protection\u00a0<\/strong><br \/>\n<strong>Very easy to apply<br \/>\nHardens very quickly<br \/>\nVery good<br \/>\nDilutable up to 1:10<br \/>\nPictogram-free<br \/>\nAntistatic<br \/>\n<\/strong><br \/>\n<strong>How to use Refract \u2013 Ceramic Spray Paint Protection v4:\u00a0<\/strong><\/p>\n<p><strong>1.<\/strong><span style=\"color: #050505; font-family: Helvetica;\"><span class=\"Apple-converted-space\">\u00a0<\/span>Wash the car with a shampoo of your choice, such as Purify or Purify S \u2013 Car Shampoo.<\/span><br \/>\n<strong>2.<\/strong><span style=\"color: #050505; font-family: Helvetica;\"><span class=\"Apple-converted-space\">\u00a0<\/span>Dry the car with one of our drying cloths.<\/span><br \/>\n<strong>3.<\/strong><span style=\"color: #050505; font-family: Helvetica;\"><span class=\"Apple-converted-space\">\u00a0<\/span>Apply Refract with a couple of squirts of water onto a microfiber cloth and spread, one panel at a time. Turn the cloth over and buff off. It is best to use two cloths, one to apply and one to wipe off.<\/span><br \/>\n<strong>4.<span class=\"Apple-converted-space\">\u00a0<\/span><\/strong><span style=\"color: #050505; font-family: Helvetica;\">Enjoy the epic shine and protection.<\/span><\/p>\n<p><span style=\"color: #050505; font-family: Helvetica;\"><strong>What is Refract \u2013 Ceramic spray paint protection?<\/strong><\/p>\n<p>Refract is a ceramic spray paint protector that is very easy to use. It leaves a protective film and gives your vehicle a magical shine and runoff for a long time.\u00a0<\/span><span style=\"color: #050505; font-family: Helvetica;\"><\/p>\n<p><strong>Tips from the coach:<\/strong><\/span><\/p>\n<p><span style=\"color: #050505; font-family: Helvetica;\">Less is more and use two cloths, one to apply and one to wipe off. Of course, you should always avoid standing in direct sunlight or applying to hot surfaces. Feel free to experiment with the product on wet surfaces, drying supports, wet coats, etc.\u00a0<\/span><\/p>\n<p>Not subject to labeling!<\/p>\n<p><strong>Contains<\/strong>: Butylglycol, Butyldiglycol, Aminosilixane, Gluconic Acid.<\/p>","protected":false},"excerpt":{"rendered":"<p>The latest generation ceramic spray paint protection that provides fantastic shine and protection. Very easy to apply and provides a super hydrophobic surface as well as good protection against the elements.<\/p>","protected":false},"featured_media":27942,"comment_status":"open","ping_status":"closed","template":"","meta":{"_acf_changed":false,"_smort_price_nok":"","_smort_price_dkk":"","_smort_price_eur":"","_smort_sale_price_nok":"","_smort_sale_price_dkk":"","_smort_sale_price_eur":"","smort_restorder":"","shipmondo_restorder":"","_kad_blocks_custom_css":"","_kad_blocks_head_custom_js":"","_kad_blocks_body_custom_js":"","_kad_blocks_footer_custom_js":"","smort_custom_pricelist_1":"191.36","smort_custom_pricelist_2":"191.36","smort_custom_pricelist_3":"191.36","smort_custom_pricelist_4":"239.2","smort_custom_pricelist_5":"191.36"},"anvandningsomrade":[],"bilmarken":[],"product_brand":[2893],"product_cat":[2614,2892,378],"product_tag":[],"class_list":{"0":"post-27940","1":"product","2":"type-product","3":"status-publish","4":"has-post-thumbnail","6":"product_brand-tershine","7":"product_cat-lackskydd","8":"product_cat-retail-produkter","9":"product_cat-bilvard","11":"first","12":"instock","13":"taxable","14":"shipping-taxable","15":"purchasable","16":"product-type-simple"},"bundled_by":[],"bundle_stock_status":"instock","bundle_stock_quantity":10,"bundle_virtual":false,"bundle_layout":"","bundle_add_to_cart_form_location":"","bundle_editable_in_cart":false,"bundle_sold_individually_context":"","bundle_item_grouping":"","bundle_min_size":"","bundle_max_size":"","bundle_price":[],"bundled_items":[],"bundle_sell_ids":[],"acf":[],"yoast_head":"<!-- This site is optimized with the Yoast SEO plugin v27.0 - https:\/\/yoast.com\/product\/yoast-seo-wordpress\/ -->\n<title>Tershine Refract - Keramiskt spraylackskydd 500 ml V4 - Xenonkungen<\/title>\n<meta name=\"robots\" content=\"index, follow, max-snippet:-1, max-image-preview:large, max-video-preview:-1\" \/>\n<link rel=\"canonical\" href=\"https:\/\/xenonkungen.com\/en\/product\/tershine-refract-ceramic-spray-paint-protection-500-ml-v4\/\" \/>\n<meta property=\"og:locale\" content=\"en_GB\" \/>\n<meta property=\"og:type\" content=\"article\" \/>\n<meta property=\"og:title\" content=\"Tershine Refract - Keramiskt spraylackskydd 500 ml V4 - Xenonkungen\" \/>\n<meta property=\"og:description\" content=\"Den senaste generationens keramiska spraylackskydd som ger fantastisk glans och skydd. Mycket enkel applicering och ger en superhydrofobisk yta samt ett bra skydd mot v\u00e4der och vind.\" \/>\n<meta property=\"og:url\" content=\"https:\/\/xenonkungen.com\/en\/product\/tershine-refract-ceramic-spray-paint-protection-500-ml-v4\/\" \/>\n<meta property=\"og:site_name\" content=\"Xenonkungen\" \/>\n<meta property=\"article:modified_time\" content=\"2026-04-24T16:48:36+00:00\" \/>\n<meta property=\"og:image\" content=\"https:\/\/xenonkungen.com\/wp-content\/uploads\/2026\/03\/htYZFyScBqu7FnAKiPbl5AsvPjGOTV93JpnFrooz.webp\" \/>\n\t<meta property=\"og:image:width\" content=\"1024\" \/>\n\t<meta property=\"og:image:height\" content=\"1024\" \/>\n\t<meta property=\"og:image:type\" content=\"image\/webp\" \/>\n<meta name=\"twitter:card\" content=\"summary_large_image\" \/>\n<meta name=\"twitter:label1\" content=\"Estimated reading time\" \/>\n\t<meta name=\"twitter:data1\" content=\"2 minutes\" \/>\n<script type=\"application\/ld+json\" class=\"yoast-schema-graph\">{\"@context\":\"https:\/\/schema.org\",\"@graph\":[{\"@type\":\"WebPage\",\"@id\":\"https:\/\/xenonkungen.com\/produkt\/tershine-refract-keramiskt-spraylackskydd-500-ml-v4\/\",\"url\":\"https:\/\/xenonkungen.com\/produkt\/tershine-refract-keramiskt-spraylackskydd-500-ml-v4\/\",\"name\":\"Tershine Refract - Keramiskt spraylackskydd 500 ml V4 - Xenonkungen\",\"isPartOf\":{\"@id\":\"https:\/\/xenonkungen.com\/#website\"},\"primaryImageOfPage\":{\"@id\":\"https:\/\/xenonkungen.com\/produkt\/tershine-refract-keramiskt-spraylackskydd-500-ml-v4\/#primaryimage\"},\"image\":{\"@id\":\"https:\/\/xenonkungen.com\/produkt\/tershine-refract-keramiskt-spraylackskydd-500-ml-v4\/#primaryimage\"},\"thumbnailUrl\":\"https:\/\/xenonkungen.com\/wp-content\/uploads\/2026\/03\/htYZFyScBqu7FnAKiPbl5AsvPjGOTV93JpnFrooz.webp\",\"datePublished\":\"2026-03-16T13:03:14+00:00\",\"dateModified\":\"2026-04-24T16:48:36+00:00\",\"breadcrumb\":{\"@id\":\"https:\/\/xenonkungen.com\/produkt\/tershine-refract-keramiskt-spraylackskydd-500-ml-v4\/#breadcrumb\"},\"inLanguage\":\"en-GB\",\"potentialAction\":[{\"@type\":\"ReadAction\",\"target\":[\"https:\/\/xenonkungen.com\/produkt\/tershine-refract-keramiskt-spraylackskydd-500-ml-v4\/\"]}]},{\"@type\":\"ImageObject\",\"inLanguage\":\"en-GB\",\"@id\":\"https:\/\/xenonkungen.com\/produkt\/tershine-refract-keramiskt-spraylackskydd-500-ml-v4\/#primaryimage\",\"url\":\"https:\/\/xenonkungen.com\/wp-content\/uploads\/2026\/03\/htYZFyScBqu7FnAKiPbl5AsvPjGOTV93JpnFrooz.webp\",\"contentUrl\":\"https:\/\/xenonkungen.com\/wp-content\/uploads\/2026\/03\/htYZFyScBqu7FnAKiPbl5AsvPjGOTV93JpnFrooz.webp\",\"width\":1024,\"height\":1024},{\"@type\":\"BreadcrumbList\",\"@id\":\"https:\/\/xenonkungen.com\/produkt\/tershine-refract-keramiskt-spraylackskydd-500-ml-v4\/#breadcrumb\",\"itemListElement\":[{\"@type\":\"ListItem\",\"position\":1,\"name\":\"Hem\",\"item\":\"https:\/\/xenonkungen.com\/\"},{\"@type\":\"ListItem\",\"position\":2,\"name\":\"Shop\",\"item\":\"https:\/\/xenonkungen.com\/shop\/\"},{\"@type\":\"ListItem\",\"position\":3,\"name\":\"Tershine Refract &#8211; Keramiskt spraylackskydd 500 ml V4\"}]},{\"@type\":\"WebSite\",\"@id\":\"https:\/\/xenonkungen.com\/#website\",\"url\":\"https:\/\/xenonkungen.com\/\",\"name\":\"Xenonkungen\",\"description\":\"\",\"potentialAction\":[{\"@type\":\"SearchAction\",\"target\":{\"@type\":\"EntryPoint\",\"urlTemplate\":\"https:\/\/xenonkungen.com\/?s={search_term_string}\"},\"query-input\":{\"@type\":\"PropertyValueSpecification\",\"valueRequired\":true,\"valueName\":\"search_term_string\"}}],\"inLanguage\":\"en-GB\"}]}<\/script>\n<!-- \/ Yoast SEO plugin. -->","yoast_head_json":{"title":"Tershine Refract - Ceramic spray paint protection 500 ml V4 - Xenonkungen","robots":{"index":"index","follow":"follow","max-snippet":"max-snippet:-1","max-image-preview":"max-image-preview:large","max-video-preview":"max-video-preview:-1"},"canonical":"https:\/\/xenonkungen.com\/en\/product\/tershine-refract-ceramic-spray-paint-protection-500-ml-v4\/","og_locale":"en_GB","og_type":"article","og_title":"Tershine Refract - Keramiskt spraylackskydd 500 ml V4 - Xenonkungen","og_description":"Den senaste generationens keramiska spraylackskydd som ger fantastisk glans och skydd. Mycket enkel applicering och ger en superhydrofobisk yta samt ett bra skydd mot v\u00e4der och vind.","og_url":"https:\/\/xenonkungen.com\/en\/product\/tershine-refract-ceramic-spray-paint-protection-500-ml-v4\/","og_site_name":"Xenonkungen","article_modified_time":"2026-04-24T16:48:36+00:00","og_image":[{"width":1024,"height":1024,"url":"https:\/\/xenonkungen.com\/wp-content\/uploads\/2026\/03\/htYZFyScBqu7FnAKiPbl5AsvPjGOTV93JpnFrooz.webp","type":"image\/webp"}],"twitter_card":"summary_large_image","twitter_misc":{"Estimated reading time":"2 minutes"},"schema":{"@context":"https:\/\/schema.org","@graph":[{"@type":"WebPage","@id":"https:\/\/xenonkungen.com\/produkt\/tershine-refract-keramiskt-spraylackskydd-500-ml-v4\/","url":"https:\/\/xenonkungen.com\/produkt\/tershine-refract-keramiskt-spraylackskydd-500-ml-v4\/","name":"Tershine Refract - Ceramic spray paint protection 500 ml V4 - Xenonkungen","isPartOf":{"@id":"https:\/\/xenonkungen.com\/#website"},"primaryImageOfPage":{"@id":"https:\/\/xenonkungen.com\/produkt\/tershine-refract-keramiskt-spraylackskydd-500-ml-v4\/#primaryimage"},"image":{"@id":"https:\/\/xenonkungen.com\/produkt\/tershine-refract-keramiskt-spraylackskydd-500-ml-v4\/#primaryimage"},"thumbnailUrl":"https:\/\/xenonkungen.com\/wp-content\/uploads\/2026\/03\/htYZFyScBqu7FnAKiPbl5AsvPjGOTV93JpnFrooz.webp","datePublished":"2026-03-16T13:03:14+00:00","dateModified":"2026-04-24T16:48:36+00:00","breadcrumb":{"@id":"https:\/\/xenonkungen.com\/produkt\/tershine-refract-keramiskt-spraylackskydd-500-ml-v4\/#breadcrumb"},"inLanguage":"en-GB","potentialAction":[{"@type":"ReadAction","target":["https:\/\/xenonkungen.com\/produkt\/tershine-refract-keramiskt-spraylackskydd-500-ml-v4\/"]}]},{"@type":"ImageObject","inLanguage":"en-GB","@id":"https:\/\/xenonkungen.com\/produkt\/tershine-refract-keramiskt-spraylackskydd-500-ml-v4\/#primaryimage","url":"https:\/\/xenonkungen.com\/wp-content\/uploads\/2026\/03\/htYZFyScBqu7FnAKiPbl5AsvPjGOTV93JpnFrooz.webp","contentUrl":"https:\/\/xenonkungen.com\/wp-content\/uploads\/2026\/03\/htYZFyScBqu7FnAKiPbl5AsvPjGOTV93JpnFrooz.webp","width":1024,"height":1024},{"@type":"BreadcrumbList","@id":"https:\/\/xenonkungen.com\/produkt\/tershine-refract-keramiskt-spraylackskydd-500-ml-v4\/#breadcrumb","itemListElement":[{"@type":"ListItem","position":1,"name":"Hem","item":"https:\/\/xenonkungen.com\/"},{"@type":"ListItem","position":2,"name":"Shop","item":"https:\/\/xenonkungen.com\/shop\/"},{"@type":"ListItem","position":3,"name":"Tershine Refract &#8211; Keramiskt spraylackskydd 500 ml V4"}]},{"@type":"WebSite","@id":"https:\/\/xenonkungen.com\/#website","url":"https:\/\/xenonkungen.com\/","name":"Xenonkungen","description":"","potentialAction":[{"@type":"SearchAction","target":{"@type":"EntryPoint","urlTemplate":"https:\/\/xenonkungen.com\/?s={search_term_string}"},"query-input":{"@type":"PropertyValueSpecification","valueRequired":true,"valueName":"search_term_string"}}],"inLanguage":"en-GB"}]}},"taxonomy_info":{"product_brand":[{"value":2893,"label":"Tershine"}],"product_cat":[{"value":2614,"label":"4 | Bilvax &amp; Lackskydd"},{"value":2892,"label":"\u00c5terf\u00f6rs\u00e4ljarprodukter"},{"value":378,"label":"Bilv\u00e5rd"}]},"featured_image_src_large":["https:\/\/xenonkungen.com\/wp-content\/uploads\/2026\/03\/htYZFyScBqu7FnAKiPbl5AsvPjGOTV93JpnFrooz.webp",1024,1024,false],"author_info":[],"comment_info":0,"_links":{"self":[{"href":"https:\/\/xenonkungen.com\/en\/wp-json\/wp\/v2\/product\/27940","targetHints":{"allow":["GET"]}}],"collection":[{"href":"https:\/\/xenonkungen.com\/en\/wp-json\/wp\/v2\/product"}],"about":[{"href":"https:\/\/xenonkungen.com\/en\/wp-json\/wp\/v2\/types\/product"}],"replies":[{"embeddable":true,"href":"https:\/\/xenonkungen.com\/en\/wp-json\/wp\/v2\/comments?post=27940"}],"wp:featuredmedia":[{"embeddable":true,"href":"https:\/\/xenonkungen.com\/en\/wp-json\/wp\/v2\/media\/27942"}],"wp:attachment":[{"href":"https:\/\/xenonkungen.com\/en\/wp-json\/wp\/v2\/media?parent=27940"}],"wp:term":[{"taxonomy":"anvandningsomrade","embeddable":true,"href":"https:\/\/xenonkungen.com\/en\/wp-json\/wp\/v2\/anvandningsomrade?post=27940"},{"taxonomy":"bilmarken","embeddable":true,"href":"https:\/\/xenonkungen.com\/en\/wp-json\/wp\/v2\/bilmarken?post=27940"},{"taxonomy":"product_brand","embeddable":true,"href":"https:\/\/xenonkungen.com\/en\/wp-json\/wp\/v2\/product_brand?post=27940"},{"taxonomy":"product_cat","embeddable":true,"href":"https:\/\/xenonkungen.com\/en\/wp-json\/wp\/v2\/product_cat?post=27940"},{"taxonomy":"product_tag","embeddable":true,"href":"https:\/\/xenonkungen.com\/en\/wp-json\/wp\/v2\/product_tag?post=27940"}],"curies":[{"name":"wp","href":"https:\/\/api.w.org\/{rel}","templated":true}]}}