{"id":27972,"date":"2026-03-16T14:48:14","date_gmt":"2026-03-16T13:48:14","guid":{"rendered":"https:\/\/xenonkungen.com\/?post_type=product&#038;p=27972"},"modified":"2026-05-12T14:49:37","modified_gmt":"2026-05-12T13:49:37","slug":"tershine-relive-air-rust-remover-5-l","status":"publish","type":"product","link":"https:\/\/xenonkungen.com\/en\/product\/tershine-relive-air-rust-remover-5-l\/","title":{"rendered":"Tershine Relive \u2013 Fly rust remover 5 L"},"content":{"rendered":"<p>High-performance rust remover and rim cleaner A powerful product that effectively dissolves rust, brake dust and other metal particles on various surfaces.<br \/>\n<strong><br \/>\nGentle but super effective against metal particles<br \/>\nIndicates with purple when it is time to rinse off<br \/>\nUsable on most materials<br \/>\npH-neutral and free from acids<br \/>\nCan be diluted if necessary<br \/>\nPerfect for boat hulls and removing yellow water lines<br \/>\nCan be applied to both dry and wet surfaces<br \/>\nLow fragrance level for pleasant use<\/strong><\/p>\n<p>Areas of use:<\/p>\n<p>Fly rust<br \/>\nCleaning rims<br \/>\nBrake dust removal<br \/>\nYellow spots on the paintwork<br \/>\nCleaning water lines on boats<br \/>\nMetals in bathroom porcelain and tiles<\/p>\n<p><strong>How to use Relive \u2013 Air Rust Remover<\/strong><\/p>\n<p>1.\u00a0Spraya p\u00e5 f\u00e4lg samt valfria ytor<strong><br \/>\n2.\u00a0<\/strong>Leave on for about 5 minutes or until the product turns purple. In case of extreme dirt, a brush can be used to help dissolve the burnt-on material. Remember that in colder weather &lt;10c it should be left on for considerably longer (up to 10-15 minutes).<strong><br \/>\n3.\u00a0<\/strong>Do not let dry!<strong><br \/>\n4.\u00a0<\/strong>Rinse off with high pressure<strong><br \/>\n5.\u00a0<\/strong>We know, it&#039;s insanely good!<\/p>\n<p>Relive 5-liter is an almost unreal effective rim and rust remover. It reacts with metals from brake dust and rust and dissolves them within minutes. The product is pH-neutral and acid-free, which means it works on most types of paint, plastic, metals (even polished), Alcoa, etc.\u00a0<strong>NOTE: Do not use on spray-painted surfaces or similar.\u00a0<\/strong><\/p>\n<p>Low viscosity to maximize the product evenly over the surface and thus get an even processing of brake dust or fly rust. It also has cleaning properties to be able to remove &quot;normal&quot; dirt at the same time. It is truly an insanely effective product that makes rim washing a pure pleasure after, for example, a hard day on the track or after a lovely turn on winding roads. The product changes color to purple when it is ready to be rinsed off, normally about 2-5 minutes after application. Don&#039;t forget to shake the bottle before use. Of course, it also works great on the paint as a fly rust remover! Remember that the product (including the degreasing) should be left on significantly longer when it is below 10 degrees or the paint is really cold. Contains no highly fluorinated substances!<\/p>\n<p><em>Store frost-free.<\/em><\/p>","protected":false},"excerpt":{"rendered":"<p>Relive \u2013 Rust Remover 5 L is a powerful and gentle cleaning solution that effectively removes rust, brake dust and metal particles from all types of surfaces. It reacts quickly and turns purple on contact, indicating when it is time to rinse. The product is pH neutral, acid-free and safe to use on paint, plastic, metals and boat hulls.<\/p>","protected":false},"featured_media":27973,"comment_status":"open","ping_status":"closed","template":"","meta":{"_acf_changed":false,"_smort_price_nok":"","_smort_price_dkk":"","_smort_price_eur":"","_smort_sale_price_nok":"","_smort_sale_price_dkk":"","_smort_sale_price_eur":"","smort_restorder":"","shipmondo_restorder":"","_kad_blocks_custom_css":"","_kad_blocks_head_custom_js":"","_kad_blocks_body_custom_js":"","_kad_blocks_footer_custom_js":"","smort_custom_pricelist_1":"575.36","smort_custom_pricelist_2":"575.36","smort_custom_pricelist_3":"575.36","smort_custom_pricelist_4":"719.2","smort_custom_pricelist_5":"575.36"},"anvandningsomrade":[],"bilmarken":[],"product_brand":[2893],"product_cat":[2988,2989,2892,378],"product_tag":[],"class_list":{"0":"post-27972","1":"product","2":"type-product","3":"status-publish","4":"has-post-thumbnail","6":"product_brand-tershine","7":"product_cat-biltvatt","8":"product_cat-avfettning","9":"product_cat-retail-produkter","10":"product_cat-bilvard","12":"first","13":"onbackorder","14":"taxable","15":"shipping-taxable","16":"purchasable","17":"product-type-simple"},"bundled_by":[],"bundle_stock_status":"onbackorder","bundle_stock_quantity":0,"bundle_virtual":false,"bundle_layout":"","bundle_add_to_cart_form_location":"","bundle_editable_in_cart":false,"bundle_sold_individually_context":"","bundle_item_grouping":"","bundle_min_size":"","bundle_max_size":"","bundle_price":[],"bundled_items":[],"bundle_sell_ids":[],"acf":[],"yoast_head":"<!-- This site is optimized with the Yoast SEO plugin v27.0 - https:\/\/yoast.com\/product\/yoast-seo-wordpress\/ -->\n<title>Tershine Relive - Flygrostborttagare 5 L - Xenonkungen<\/title>\n<meta name=\"robots\" content=\"index, follow, max-snippet:-1, max-image-preview:large, max-video-preview:-1\" \/>\n<link rel=\"canonical\" href=\"https:\/\/xenonkungen.com\/en\/product\/tershine-relive-air-rust-remover-5-l\/\" \/>\n<meta property=\"og:locale\" content=\"en_GB\" \/>\n<meta property=\"og:type\" content=\"article\" \/>\n<meta property=\"og:title\" content=\"Tershine Relive - Flygrostborttagare 5 L - Xenonkungen\" \/>\n<meta property=\"og:description\" content=\"Relive \u2013 Flygrostborttagare 5 L \u00e4r en kraftfull och skonsam reng\u00f6ringsl\u00f6sning som effektivt avl\u00e4gsnar flygrost, bromsdamm och metallpartiklar fr\u00e5n alla typer av ytor. Den reagerar snabbt och f\u00e4rgas lila vid kontakt, vilket indikerar n\u00e4r det \u00e4r dags att spola av. Produkten \u00e4r pH-neutral, syrafri och s\u00e4ker att anv\u00e4nda p\u00e5 lack, plast, metaller och b\u00e5tskrov.\" \/>\n<meta property=\"og:url\" content=\"https:\/\/xenonkungen.com\/en\/product\/tershine-relive-air-rust-remover-5-l\/\" \/>\n<meta property=\"og:site_name\" content=\"Xenonkungen\" \/>\n<meta property=\"article:modified_time\" content=\"2026-05-12T13:49:37+00:00\" \/>\n<meta property=\"og:image\" content=\"https:\/\/xenonkungen.com\/wp-content\/uploads\/2026\/03\/XLdw3ycE84mmNzyaczGkNb4ke2p9uXk9gc7gCI9g.webp\" \/>\n\t<meta property=\"og:image:width\" content=\"1024\" \/>\n\t<meta property=\"og:image:height\" content=\"1024\" \/>\n\t<meta property=\"og:image:type\" content=\"image\/webp\" \/>\n<meta name=\"twitter:card\" content=\"summary_large_image\" \/>\n<meta name=\"twitter:label1\" content=\"Estimated reading time\" \/>\n\t<meta name=\"twitter:data1\" content=\"2 minutes\" \/>\n<script type=\"application\/ld+json\" class=\"yoast-schema-graph\">{\"@context\":\"https:\/\/schema.org\",\"@graph\":[{\"@type\":\"WebPage\",\"@id\":\"https:\/\/xenonkungen.com\/produkt\/tershine-relive-flygrostborttagare-5-l\/\",\"url\":\"https:\/\/xenonkungen.com\/produkt\/tershine-relive-flygrostborttagare-5-l\/\",\"name\":\"Tershine Relive - Flygrostborttagare 5 L - Xenonkungen\",\"isPartOf\":{\"@id\":\"https:\/\/xenonkungen.com\/#website\"},\"primaryImageOfPage\":{\"@id\":\"https:\/\/xenonkungen.com\/produkt\/tershine-relive-flygrostborttagare-5-l\/#primaryimage\"},\"image\":{\"@id\":\"https:\/\/xenonkungen.com\/produkt\/tershine-relive-flygrostborttagare-5-l\/#primaryimage\"},\"thumbnailUrl\":\"https:\/\/xenonkungen.com\/wp-content\/uploads\/2026\/03\/XLdw3ycE84mmNzyaczGkNb4ke2p9uXk9gc7gCI9g.webp\",\"datePublished\":\"2026-03-16T13:48:14+00:00\",\"dateModified\":\"2026-05-12T13:49:37+00:00\",\"breadcrumb\":{\"@id\":\"https:\/\/xenonkungen.com\/produkt\/tershine-relive-flygrostborttagare-5-l\/#breadcrumb\"},\"inLanguage\":\"en-GB\",\"potentialAction\":[{\"@type\":\"ReadAction\",\"target\":[\"https:\/\/xenonkungen.com\/produkt\/tershine-relive-flygrostborttagare-5-l\/\"]}]},{\"@type\":\"ImageObject\",\"inLanguage\":\"en-GB\",\"@id\":\"https:\/\/xenonkungen.com\/produkt\/tershine-relive-flygrostborttagare-5-l\/#primaryimage\",\"url\":\"https:\/\/xenonkungen.com\/wp-content\/uploads\/2026\/03\/XLdw3ycE84mmNzyaczGkNb4ke2p9uXk9gc7gCI9g.webp\",\"contentUrl\":\"https:\/\/xenonkungen.com\/wp-content\/uploads\/2026\/03\/XLdw3ycE84mmNzyaczGkNb4ke2p9uXk9gc7gCI9g.webp\",\"width\":1024,\"height\":1024},{\"@type\":\"BreadcrumbList\",\"@id\":\"https:\/\/xenonkungen.com\/produkt\/tershine-relive-flygrostborttagare-5-l\/#breadcrumb\",\"itemListElement\":[{\"@type\":\"ListItem\",\"position\":1,\"name\":\"Hem\",\"item\":\"https:\/\/xenonkungen.com\/\"},{\"@type\":\"ListItem\",\"position\":2,\"name\":\"Shop\",\"item\":\"https:\/\/xenonkungen.com\/shop\/\"},{\"@type\":\"ListItem\",\"position\":3,\"name\":\"Tershine Relive &#8211; Flygrostborttagare 5 L\"}]},{\"@type\":\"WebSite\",\"@id\":\"https:\/\/xenonkungen.com\/#website\",\"url\":\"https:\/\/xenonkungen.com\/\",\"name\":\"Xenonkungen\",\"description\":\"\",\"potentialAction\":[{\"@type\":\"SearchAction\",\"target\":{\"@type\":\"EntryPoint\",\"urlTemplate\":\"https:\/\/xenonkungen.com\/?s={search_term_string}\"},\"query-input\":{\"@type\":\"PropertyValueSpecification\",\"valueRequired\":true,\"valueName\":\"search_term_string\"}}],\"inLanguage\":\"en-GB\"}]}<\/script>\n<!-- \/ Yoast SEO plugin. -->","yoast_head_json":{"title":"Tershine Relive - Fly Rust Remover 5 L - The Xenon King","robots":{"index":"index","follow":"follow","max-snippet":"max-snippet:-1","max-image-preview":"max-image-preview:large","max-video-preview":"max-video-preview:-1"},"canonical":"https:\/\/xenonkungen.com\/en\/product\/tershine-relive-air-rust-remover-5-l\/","og_locale":"en_GB","og_type":"article","og_title":"Tershine Relive - Flygrostborttagare 5 L - Xenonkungen","og_description":"Relive \u2013 Flygrostborttagare 5 L \u00e4r en kraftfull och skonsam reng\u00f6ringsl\u00f6sning som effektivt avl\u00e4gsnar flygrost, bromsdamm och metallpartiklar fr\u00e5n alla typer av ytor. Den reagerar snabbt och f\u00e4rgas lila vid kontakt, vilket indikerar n\u00e4r det \u00e4r dags att spola av. Produkten \u00e4r pH-neutral, syrafri och s\u00e4ker att anv\u00e4nda p\u00e5 lack, plast, metaller och b\u00e5tskrov.","og_url":"https:\/\/xenonkungen.com\/en\/product\/tershine-relive-air-rust-remover-5-l\/","og_site_name":"Xenonkungen","article_modified_time":"2026-05-12T13:49:37+00:00","og_image":[{"width":1024,"height":1024,"url":"https:\/\/xenonkungen.com\/wp-content\/uploads\/2026\/03\/XLdw3ycE84mmNzyaczGkNb4ke2p9uXk9gc7gCI9g.webp","type":"image\/webp"}],"twitter_card":"summary_large_image","twitter_misc":{"Estimated reading time":"2 minutes"},"schema":{"@context":"https:\/\/schema.org","@graph":[{"@type":"WebPage","@id":"https:\/\/xenonkungen.com\/produkt\/tershine-relive-flygrostborttagare-5-l\/","url":"https:\/\/xenonkungen.com\/produkt\/tershine-relive-flygrostborttagare-5-l\/","name":"Tershine Relive - Fly Rust Remover 5 L - The Xenon King","isPartOf":{"@id":"https:\/\/xenonkungen.com\/#website"},"primaryImageOfPage":{"@id":"https:\/\/xenonkungen.com\/produkt\/tershine-relive-flygrostborttagare-5-l\/#primaryimage"},"image":{"@id":"https:\/\/xenonkungen.com\/produkt\/tershine-relive-flygrostborttagare-5-l\/#primaryimage"},"thumbnailUrl":"https:\/\/xenonkungen.com\/wp-content\/uploads\/2026\/03\/XLdw3ycE84mmNzyaczGkNb4ke2p9uXk9gc7gCI9g.webp","datePublished":"2026-03-16T13:48:14+00:00","dateModified":"2026-05-12T13:49:37+00:00","breadcrumb":{"@id":"https:\/\/xenonkungen.com\/produkt\/tershine-relive-flygrostborttagare-5-l\/#breadcrumb"},"inLanguage":"en-GB","potentialAction":[{"@type":"ReadAction","target":["https:\/\/xenonkungen.com\/produkt\/tershine-relive-flygrostborttagare-5-l\/"]}]},{"@type":"ImageObject","inLanguage":"en-GB","@id":"https:\/\/xenonkungen.com\/produkt\/tershine-relive-flygrostborttagare-5-l\/#primaryimage","url":"https:\/\/xenonkungen.com\/wp-content\/uploads\/2026\/03\/XLdw3ycE84mmNzyaczGkNb4ke2p9uXk9gc7gCI9g.webp","contentUrl":"https:\/\/xenonkungen.com\/wp-content\/uploads\/2026\/03\/XLdw3ycE84mmNzyaczGkNb4ke2p9uXk9gc7gCI9g.webp","width":1024,"height":1024},{"@type":"BreadcrumbList","@id":"https:\/\/xenonkungen.com\/produkt\/tershine-relive-flygrostborttagare-5-l\/#breadcrumb","itemListElement":[{"@type":"ListItem","position":1,"name":"Hem","item":"https:\/\/xenonkungen.com\/"},{"@type":"ListItem","position":2,"name":"Shop","item":"https:\/\/xenonkungen.com\/shop\/"},{"@type":"ListItem","position":3,"name":"Tershine Relive &#8211; Flygrostborttagare 5 L"}]},{"@type":"WebSite","@id":"https:\/\/xenonkungen.com\/#website","url":"https:\/\/xenonkungen.com\/","name":"Xenonkungen","description":"","potentialAction":[{"@type":"SearchAction","target":{"@type":"EntryPoint","urlTemplate":"https:\/\/xenonkungen.com\/?s={search_term_string}"},"query-input":{"@type":"PropertyValueSpecification","valueRequired":true,"valueName":"search_term_string"}}],"inLanguage":"en-GB"}]}},"taxonomy_info":{"product_brand":[{"value":2893,"label":"Tershine"}],"product_cat":[{"value":2988,"label":"1 | Biltv\u00e4tt"},{"value":2989,"label":"2 | Avfettning"},{"value":2892,"label":"\u00c5terf\u00f6rs\u00e4ljarprodukter"},{"value":378,"label":"Bilv\u00e5rd"}]},"featured_image_src_large":["https:\/\/xenonkungen.com\/wp-content\/uploads\/2026\/03\/XLdw3ycE84mmNzyaczGkNb4ke2p9uXk9gc7gCI9g.webp",1024,1024,false],"author_info":[],"comment_info":0,"_links":{"self":[{"href":"https:\/\/xenonkungen.com\/en\/wp-json\/wp\/v2\/product\/27972","targetHints":{"allow":["GET"]}}],"collection":[{"href":"https:\/\/xenonkungen.com\/en\/wp-json\/wp\/v2\/product"}],"about":[{"href":"https:\/\/xenonkungen.com\/en\/wp-json\/wp\/v2\/types\/product"}],"replies":[{"embeddable":true,"href":"https:\/\/xenonkungen.com\/en\/wp-json\/wp\/v2\/comments?post=27972"}],"wp:featuredmedia":[{"embeddable":true,"href":"https:\/\/xenonkungen.com\/en\/wp-json\/wp\/v2\/media\/27973"}],"wp:attachment":[{"href":"https:\/\/xenonkungen.com\/en\/wp-json\/wp\/v2\/media?parent=27972"}],"wp:term":[{"taxonomy":"anvandningsomrade","embeddable":true,"href":"https:\/\/xenonkungen.com\/en\/wp-json\/wp\/v2\/anvandningsomrade?post=27972"},{"taxonomy":"bilmarken","embeddable":true,"href":"https:\/\/xenonkungen.com\/en\/wp-json\/wp\/v2\/bilmarken?post=27972"},{"taxonomy":"product_brand","embeddable":true,"href":"https:\/\/xenonkungen.com\/en\/wp-json\/wp\/v2\/product_brand?post=27972"},{"taxonomy":"product_cat","embeddable":true,"href":"https:\/\/xenonkungen.com\/en\/wp-json\/wp\/v2\/product_cat?post=27972"},{"taxonomy":"product_tag","embeddable":true,"href":"https:\/\/xenonkungen.com\/en\/wp-json\/wp\/v2\/product_tag?post=27972"}],"curies":[{"name":"wp","href":"https:\/\/api.w.org\/{rel}","templated":true}]}}