{"id":27983,"date":"2026-03-16T15:10:51","date_gmt":"2026-03-16T14:10:51","guid":{"rendered":"https:\/\/xenonkungen.com\/?post_type=product&#038;p=27983"},"modified":"2026-04-24T17:48:49","modified_gmt":"2026-04-24T16:48:49","slug":"tershine-restore-polermedel","status":"publish","type":"product","link":"https:\/\/xenonkungen.com\/en\/product\/tershine-restore-polermedel\/","title":{"rendered":"Tershine Restore \u2013 Polish"},"content":{"rendered":"<p>Very effective and versatile polish, completely free of fillers. Works best with microfiber rollers but of course also with regular foam rollers.<\/p>\n<p><strong>Removes scratches from 1000 grit and finishes up to 4000 grit<br \/>\nPerfect for all types of paints<br \/>\nGives immense shine<br \/>\nContains no fillers<br \/>\nEasy to wipe off<br \/>\nCannon for polishing headlights<br \/>\nWorks on chrome surfaces<br \/>\nThe product is not classified as requiring labeling according to CLP Regulation (EC) 1272\/2008.<br \/>\n<\/strong><\/p>\n<p><strong>How to use Restore \u2013 Polish<\/strong><\/p>\n<p><strong>1.\u00a0<\/strong>Apply a small amount to your pad<strong><br \/>\n2.\u00a0<\/strong>Polish at low speed (1-2000 rpm) and let the machine\/agent and pad do the job. But test it out, it depends entirely on the machine etc. Works best with microfiber\/wool rollers most of the time in this step.\u00a0<strong><br \/>\n3.\u00a0<\/strong>Switch to a finish pad and finish at higher rpm (without adding more agent)<strong><br \/>\n4.\u00a0<\/strong>Say hello to the all mighty gloss<\/p>\n<p>Restore \u2013 Spray Polish is a polish that is super easy to use and will give you a great result, regardless of your previous polishing skills. The product can both remove tough scratches down to 1000 grit and can also be used as a finishing agent.<\/p>\n<p>&nbsp;<\/p>\n<p>&nbsp;<\/p>\n<p>Ps. With this product, the pad is what \u201cdetermines\u201d the result, so feel free to use two different ones. One for coarser scratches and then finish with a finer one, without adding more product. Of course, you can also just use one step, depending on the condition of the paint.<\/p>\n<div class=\"text_exposed_show\">\n<div class=\"text_exposed_show\">\n<p><strong>Fragrance:\u00a0<\/strong>Sip<strong>\u00a0<\/strong>with a little bit of forest<\/p>\n<p>Keep in mind that there is a good push in this (1000 grit is equivalent to a heavy cut).<\/p>\n<h6>Keep out of the reach of children. Have the container or label at hand if you need medical advice.<\/h6>\n<\/div>\n<\/div>","protected":false},"excerpt":{"rendered":"<p>Ett polermedel som \u00e4r superenkelt att anv\u00e4nda och kommer att ge ett kanonresultat, oavsett tidigare poleringskunskaper.<\/p>","protected":false},"featured_media":27984,"comment_status":"open","ping_status":"closed","template":"","meta":{"_acf_changed":false,"_smort_price_nok":"","_smort_price_dkk":"","_smort_price_eur":"","_smort_sale_price_nok":"","_smort_sale_price_dkk":"","_smort_sale_price_eur":"","smort_restorder":"","shipmondo_restorder":"","_kad_blocks_custom_css":"","_kad_blocks_head_custom_js":"","_kad_blocks_body_custom_js":"","_kad_blocks_footer_custom_js":"","smort_custom_pricelist_1":"","smort_custom_pricelist_2":"","smort_custom_pricelist_3":"","smort_custom_pricelist_4":"","smort_custom_pricelist_5":""},"anvandningsomrade":[],"bilmarken":[],"product_brand":[2893],"product_cat":[2617,2892,378],"product_tag":[],"class_list":{"0":"post-27983","1":"product","2":"type-product","3":"status-publish","4":"has-post-thumbnail","6":"product_brand-tershine","7":"product_cat-polering","8":"product_cat-retail-produkter","9":"product_cat-bilvard","11":"first","12":"onbackorder","13":"taxable","14":"shipping-taxable","15":"purchasable","16":"product-type-variable"},"bundled_by":[],"bundle_stock_status":"onbackorder","bundle_stock_quantity":null,"bundle_virtual":false,"bundle_layout":"","bundle_add_to_cart_form_location":"","bundle_editable_in_cart":false,"bundle_sold_individually_context":"","bundle_item_grouping":"","bundle_min_size":"","bundle_max_size":"","bundle_price":[],"bundled_items":[],"bundle_sell_ids":[],"acf":[],"yoast_head":"<!-- This site is optimized with the Yoast SEO plugin v27.0 - https:\/\/yoast.com\/product\/yoast-seo-wordpress\/ -->\n<title>Tershine Restore - Polermedel - Xenonkungen<\/title>\n<meta name=\"robots\" content=\"index, follow, max-snippet:-1, max-image-preview:large, max-video-preview:-1\" \/>\n<link rel=\"canonical\" href=\"https:\/\/xenonkungen.com\/en\/product\/tershine-restore-polermedel\/\" \/>\n<meta property=\"og:locale\" content=\"en_GB\" \/>\n<meta property=\"og:type\" content=\"article\" \/>\n<meta property=\"og:title\" content=\"Tershine Restore - Polermedel - Xenonkungen\" \/>\n<meta property=\"og:description\" content=\"Ett polermedel som \u00e4r superenkelt att anv\u00e4nda och kommer att ge ett kanonresultat, oavsett tidigare poleringskunskaper.\" \/>\n<meta property=\"og:url\" content=\"https:\/\/xenonkungen.com\/en\/product\/tershine-restore-polermedel\/\" \/>\n<meta property=\"og:site_name\" content=\"Xenonkungen\" \/>\n<meta property=\"article:modified_time\" content=\"2026-04-24T16:48:49+00:00\" \/>\n<meta property=\"og:image\" content=\"https:\/\/xenonkungen.com\/wp-content\/uploads\/2026\/03\/UWG7Mj94RyaitSuP7136RHUwEyFW550XLR9H7nSL.webp\" \/>\n\t<meta property=\"og:image:width\" content=\"1024\" \/>\n\t<meta property=\"og:image:height\" content=\"1024\" \/>\n\t<meta property=\"og:image:type\" content=\"image\/webp\" \/>\n<meta name=\"twitter:card\" content=\"summary_large_image\" \/>\n<meta name=\"twitter:label1\" content=\"Estimated reading time\" \/>\n\t<meta name=\"twitter:data1\" content=\"2 minutes\" \/>\n<script type=\"application\/ld+json\" class=\"yoast-schema-graph\">{\"@context\":\"https:\/\/schema.org\",\"@graph\":[{\"@type\":\"WebPage\",\"@id\":\"https:\/\/xenonkungen.com\/produkt\/tershine-restore-polermedel\/\",\"url\":\"https:\/\/xenonkungen.com\/produkt\/tershine-restore-polermedel\/\",\"name\":\"Tershine Restore - Polermedel - Xenonkungen\",\"isPartOf\":{\"@id\":\"https:\/\/xenonkungen.com\/#website\"},\"primaryImageOfPage\":{\"@id\":\"https:\/\/xenonkungen.com\/produkt\/tershine-restore-polermedel\/#primaryimage\"},\"image\":{\"@id\":\"https:\/\/xenonkungen.com\/produkt\/tershine-restore-polermedel\/#primaryimage\"},\"thumbnailUrl\":\"https:\/\/xenonkungen.com\/wp-content\/uploads\/2026\/03\/UWG7Mj94RyaitSuP7136RHUwEyFW550XLR9H7nSL.webp\",\"datePublished\":\"2026-03-16T14:10:51+00:00\",\"dateModified\":\"2026-04-24T16:48:49+00:00\",\"breadcrumb\":{\"@id\":\"https:\/\/xenonkungen.com\/produkt\/tershine-restore-polermedel\/#breadcrumb\"},\"inLanguage\":\"en-GB\",\"potentialAction\":[{\"@type\":\"ReadAction\",\"target\":[\"https:\/\/xenonkungen.com\/produkt\/tershine-restore-polermedel\/\"]}]},{\"@type\":\"ImageObject\",\"inLanguage\":\"en-GB\",\"@id\":\"https:\/\/xenonkungen.com\/produkt\/tershine-restore-polermedel\/#primaryimage\",\"url\":\"https:\/\/xenonkungen.com\/wp-content\/uploads\/2026\/03\/UWG7Mj94RyaitSuP7136RHUwEyFW550XLR9H7nSL.webp\",\"contentUrl\":\"https:\/\/xenonkungen.com\/wp-content\/uploads\/2026\/03\/UWG7Mj94RyaitSuP7136RHUwEyFW550XLR9H7nSL.webp\",\"width\":1024,\"height\":1024},{\"@type\":\"BreadcrumbList\",\"@id\":\"https:\/\/xenonkungen.com\/produkt\/tershine-restore-polermedel\/#breadcrumb\",\"itemListElement\":[{\"@type\":\"ListItem\",\"position\":1,\"name\":\"Hem\",\"item\":\"https:\/\/xenonkungen.com\/\"},{\"@type\":\"ListItem\",\"position\":2,\"name\":\"Shop\",\"item\":\"https:\/\/xenonkungen.com\/shop\/\"},{\"@type\":\"ListItem\",\"position\":3,\"name\":\"Tershine Restore &#8211; Polermedel\"}]},{\"@type\":\"WebSite\",\"@id\":\"https:\/\/xenonkungen.com\/#website\",\"url\":\"https:\/\/xenonkungen.com\/\",\"name\":\"Xenonkungen\",\"description\":\"\",\"potentialAction\":[{\"@type\":\"SearchAction\",\"target\":{\"@type\":\"EntryPoint\",\"urlTemplate\":\"https:\/\/xenonkungen.com\/?s={search_term_string}\"},\"query-input\":{\"@type\":\"PropertyValueSpecification\",\"valueRequired\":true,\"valueName\":\"search_term_string\"}}],\"inLanguage\":\"en-GB\"}]}<\/script>\n<!-- \/ Yoast SEO plugin. -->","yoast_head_json":{"title":"Tershine Restore - Polermedel - Xenonkungen","robots":{"index":"index","follow":"follow","max-snippet":"max-snippet:-1","max-image-preview":"max-image-preview:large","max-video-preview":"max-video-preview:-1"},"canonical":"https:\/\/xenonkungen.com\/en\/product\/tershine-restore-polermedel\/","og_locale":"en_GB","og_type":"article","og_title":"Tershine Restore - Polermedel - Xenonkungen","og_description":"Ett polermedel som \u00e4r superenkelt att anv\u00e4nda och kommer att ge ett kanonresultat, oavsett tidigare poleringskunskaper.","og_url":"https:\/\/xenonkungen.com\/en\/product\/tershine-restore-polermedel\/","og_site_name":"Xenonkungen","article_modified_time":"2026-04-24T16:48:49+00:00","og_image":[{"width":1024,"height":1024,"url":"https:\/\/xenonkungen.com\/wp-content\/uploads\/2026\/03\/UWG7Mj94RyaitSuP7136RHUwEyFW550XLR9H7nSL.webp","type":"image\/webp"}],"twitter_card":"summary_large_image","twitter_misc":{"Estimated reading time":"2 minutes"},"schema":{"@context":"https:\/\/schema.org","@graph":[{"@type":"WebPage","@id":"https:\/\/xenonkungen.com\/produkt\/tershine-restore-polermedel\/","url":"https:\/\/xenonkungen.com\/produkt\/tershine-restore-polermedel\/","name":"Tershine Restore - Polermedel - Xenonkungen","isPartOf":{"@id":"https:\/\/xenonkungen.com\/#website"},"primaryImageOfPage":{"@id":"https:\/\/xenonkungen.com\/produkt\/tershine-restore-polermedel\/#primaryimage"},"image":{"@id":"https:\/\/xenonkungen.com\/produkt\/tershine-restore-polermedel\/#primaryimage"},"thumbnailUrl":"https:\/\/xenonkungen.com\/wp-content\/uploads\/2026\/03\/UWG7Mj94RyaitSuP7136RHUwEyFW550XLR9H7nSL.webp","datePublished":"2026-03-16T14:10:51+00:00","dateModified":"2026-04-24T16:48:49+00:00","breadcrumb":{"@id":"https:\/\/xenonkungen.com\/produkt\/tershine-restore-polermedel\/#breadcrumb"},"inLanguage":"en-GB","potentialAction":[{"@type":"ReadAction","target":["https:\/\/xenonkungen.com\/produkt\/tershine-restore-polermedel\/"]}]},{"@type":"ImageObject","inLanguage":"en-GB","@id":"https:\/\/xenonkungen.com\/produkt\/tershine-restore-polermedel\/#primaryimage","url":"https:\/\/xenonkungen.com\/wp-content\/uploads\/2026\/03\/UWG7Mj94RyaitSuP7136RHUwEyFW550XLR9H7nSL.webp","contentUrl":"https:\/\/xenonkungen.com\/wp-content\/uploads\/2026\/03\/UWG7Mj94RyaitSuP7136RHUwEyFW550XLR9H7nSL.webp","width":1024,"height":1024},{"@type":"BreadcrumbList","@id":"https:\/\/xenonkungen.com\/produkt\/tershine-restore-polermedel\/#breadcrumb","itemListElement":[{"@type":"ListItem","position":1,"name":"Hem","item":"https:\/\/xenonkungen.com\/"},{"@type":"ListItem","position":2,"name":"Shop","item":"https:\/\/xenonkungen.com\/shop\/"},{"@type":"ListItem","position":3,"name":"Tershine Restore &#8211; Polermedel"}]},{"@type":"WebSite","@id":"https:\/\/xenonkungen.com\/#website","url":"https:\/\/xenonkungen.com\/","name":"Xenonkungen","description":"","potentialAction":[{"@type":"SearchAction","target":{"@type":"EntryPoint","urlTemplate":"https:\/\/xenonkungen.com\/?s={search_term_string}"},"query-input":{"@type":"PropertyValueSpecification","valueRequired":true,"valueName":"search_term_string"}}],"inLanguage":"en-GB"}]}},"taxonomy_info":{"product_brand":[{"value":2893,"label":"Tershine"}],"product_cat":[{"value":2617,"label":"3 | Polering"},{"value":2892,"label":"\u00c5terf\u00f6rs\u00e4ljarprodukter"},{"value":378,"label":"Bilv\u00e5rd"}]},"featured_image_src_large":["https:\/\/xenonkungen.com\/wp-content\/uploads\/2026\/03\/UWG7Mj94RyaitSuP7136RHUwEyFW550XLR9H7nSL.webp",1024,1024,false],"author_info":[],"comment_info":0,"_links":{"self":[{"href":"https:\/\/xenonkungen.com\/en\/wp-json\/wp\/v2\/product\/27983","targetHints":{"allow":["GET"]}}],"collection":[{"href":"https:\/\/xenonkungen.com\/en\/wp-json\/wp\/v2\/product"}],"about":[{"href":"https:\/\/xenonkungen.com\/en\/wp-json\/wp\/v2\/types\/product"}],"replies":[{"embeddable":true,"href":"https:\/\/xenonkungen.com\/en\/wp-json\/wp\/v2\/comments?post=27983"}],"wp:featuredmedia":[{"embeddable":true,"href":"https:\/\/xenonkungen.com\/en\/wp-json\/wp\/v2\/media\/27984"}],"wp:attachment":[{"href":"https:\/\/xenonkungen.com\/en\/wp-json\/wp\/v2\/media?parent=27983"}],"wp:term":[{"taxonomy":"anvandningsomrade","embeddable":true,"href":"https:\/\/xenonkungen.com\/en\/wp-json\/wp\/v2\/anvandningsomrade?post=27983"},{"taxonomy":"bilmarken","embeddable":true,"href":"https:\/\/xenonkungen.com\/en\/wp-json\/wp\/v2\/bilmarken?post=27983"},{"taxonomy":"product_brand","embeddable":true,"href":"https:\/\/xenonkungen.com\/en\/wp-json\/wp\/v2\/product_brand?post=27983"},{"taxonomy":"product_cat","embeddable":true,"href":"https:\/\/xenonkungen.com\/en\/wp-json\/wp\/v2\/product_cat?post=27983"},{"taxonomy":"product_tag","embeddable":true,"href":"https:\/\/xenonkungen.com\/en\/wp-json\/wp\/v2\/product_tag?post=27983"}],"curies":[{"name":"wp","href":"https:\/\/api.w.org\/{rel}","templated":true}]}}