{"id":27997,"date":"2026-03-16T15:40:24","date_gmt":"2026-03-16T14:40:24","guid":{"rendered":"https:\/\/xenonkungen.com\/?post_type=product&#038;p=27997"},"modified":"2026-04-24T17:48:05","modified_gmt":"2026-04-24T16:48:05","slug":"tershine-scrub-pad","status":"publish","type":"product","link":"https:\/\/xenonkungen.com\/en\/product\/tershine-scrub-pad\/","title":{"rendered":"Tershine Scrub Pad"},"content":{"rendered":"<p>Incredibly effective and safe cleaning sponge with short nylon bristles that cleans deeply without damaging the surface. Perfect for cleaning leather and plastic on the inside of your vehicle together with one of our APC \u2013 All-Purpose Cleaners.<\/p>\n<p><strong>Very effective<br \/>\nGentle on the surface<br \/>\nExtremely good for the steering wheel in the car<br \/>\nPerfect for plastic and leather<br \/>\nCruel on shoes<\/strong><\/p>\n<p><strong>Size:<\/strong>\u00a09\u00d715cm<\/p>\n<p><strong>Care instructions:<\/strong>\u00a0Rinse thoroughly after use with clean, lukewarm water. If the sponge is very dirty, use APC \u2013 All-purpose cleaner or Refresh \u2013 Microfiber detergent.<\/p>","protected":false},"excerpt":{"rendered":"<p>Incredibly effective and safe cleaning sponge with short nylon bristles that cleans deeply without damaging the surface.<\/p>","protected":false},"featured_media":27998,"comment_status":"open","ping_status":"closed","template":"","meta":{"_acf_changed":false,"_smort_price_nok":"","_smort_price_dkk":"","_smort_price_eur":"","_smort_sale_price_nok":"","_smort_sale_price_dkk":"","_smort_sale_price_eur":"","smort_restorder":"","shipmondo_restorder":"","_kad_blocks_custom_css":"","_kad_blocks_head_custom_js":"","_kad_blocks_body_custom_js":"","_kad_blocks_footer_custom_js":"","smort_custom_pricelist_1":"44.16","smort_custom_pricelist_2":"44.16","smort_custom_pricelist_3":"44.16","smort_custom_pricelist_4":"55.2","smort_custom_pricelist_5":"44.16"},"anvandningsomrade":[],"bilmarken":[],"product_brand":[2893],"product_cat":[2450,2892,378],"product_tag":[],"class_list":{"0":"post-27997","1":"product","2":"type-product","3":"status-publish","4":"has-post-thumbnail","6":"product_brand-tershine","7":"product_cat-tillbehor-bilvard","8":"product_cat-retail-produkter","9":"product_cat-bilvard","11":"first","12":"instock","13":"taxable","14":"shipping-taxable","15":"purchasable","16":"product-type-simple"},"bundled_by":[],"bundle_stock_status":"instock","bundle_stock_quantity":7,"bundle_virtual":false,"bundle_layout":"","bundle_add_to_cart_form_location":"","bundle_editable_in_cart":false,"bundle_sold_individually_context":"","bundle_item_grouping":"","bundle_min_size":"","bundle_max_size":"","bundle_price":[],"bundled_items":[],"bundle_sell_ids":[],"acf":[],"yoast_head":"<!-- This site is optimized with the Yoast SEO plugin v27.0 - https:\/\/yoast.com\/product\/yoast-seo-wordpress\/ -->\n<title>Tershine Scrub Pad - Xenonkungen<\/title>\n<meta name=\"robots\" content=\"index, follow, max-snippet:-1, max-image-preview:large, max-video-preview:-1\" \/>\n<link rel=\"canonical\" href=\"https:\/\/xenonkungen.com\/en\/product\/tershine-scrub-pad\/\" \/>\n<meta property=\"og:locale\" content=\"en_GB\" \/>\n<meta property=\"og:type\" content=\"article\" \/>\n<meta property=\"og:title\" content=\"Tershine Scrub Pad - Xenonkungen\" \/>\n<meta property=\"og:description\" content=\"Otroligt effektiv och s\u00e4ker reng\u00f6ringssvamp med korta nylonstr\u00e5n som reng\u00f6r p\u00e5 djupet utan att skada ytan.\" \/>\n<meta property=\"og:url\" content=\"https:\/\/xenonkungen.com\/en\/product\/tershine-scrub-pad\/\" \/>\n<meta property=\"og:site_name\" content=\"Xenonkungen\" \/>\n<meta property=\"article:modified_time\" content=\"2026-04-24T16:48:05+00:00\" \/>\n<meta property=\"og:image\" content=\"https:\/\/xenonkungen.com\/wp-content\/uploads\/2026\/03\/xvs55yJbDAY7Pvv8XV94ZXdN7jwKkQNdYvl0Kftj.webp\" \/>\n\t<meta property=\"og:image:width\" content=\"1024\" \/>\n\t<meta property=\"og:image:height\" content=\"1024\" \/>\n\t<meta property=\"og:image:type\" content=\"image\/webp\" \/>\n<meta name=\"twitter:card\" content=\"summary_large_image\" \/>\n<meta name=\"twitter:label1\" content=\"Estimated reading time\" \/>\n\t<meta name=\"twitter:data1\" content=\"1 minute\" \/>\n<script type=\"application\/ld+json\" class=\"yoast-schema-graph\">{\"@context\":\"https:\/\/schema.org\",\"@graph\":[{\"@type\":\"WebPage\",\"@id\":\"https:\/\/xenonkungen.com\/produkt\/tershine-scrub-pad\/\",\"url\":\"https:\/\/xenonkungen.com\/produkt\/tershine-scrub-pad\/\",\"name\":\"Tershine Scrub Pad - Xenonkungen\",\"isPartOf\":{\"@id\":\"https:\/\/xenonkungen.com\/#website\"},\"primaryImageOfPage\":{\"@id\":\"https:\/\/xenonkungen.com\/produkt\/tershine-scrub-pad\/#primaryimage\"},\"image\":{\"@id\":\"https:\/\/xenonkungen.com\/produkt\/tershine-scrub-pad\/#primaryimage\"},\"thumbnailUrl\":\"https:\/\/xenonkungen.com\/wp-content\/uploads\/2026\/03\/xvs55yJbDAY7Pvv8XV94ZXdN7jwKkQNdYvl0Kftj.webp\",\"datePublished\":\"2026-03-16T14:40:24+00:00\",\"dateModified\":\"2026-04-24T16:48:05+00:00\",\"breadcrumb\":{\"@id\":\"https:\/\/xenonkungen.com\/produkt\/tershine-scrub-pad\/#breadcrumb\"},\"inLanguage\":\"en-GB\",\"potentialAction\":[{\"@type\":\"ReadAction\",\"target\":[\"https:\/\/xenonkungen.com\/produkt\/tershine-scrub-pad\/\"]}]},{\"@type\":\"ImageObject\",\"inLanguage\":\"en-GB\",\"@id\":\"https:\/\/xenonkungen.com\/produkt\/tershine-scrub-pad\/#primaryimage\",\"url\":\"https:\/\/xenonkungen.com\/wp-content\/uploads\/2026\/03\/xvs55yJbDAY7Pvv8XV94ZXdN7jwKkQNdYvl0Kftj.webp\",\"contentUrl\":\"https:\/\/xenonkungen.com\/wp-content\/uploads\/2026\/03\/xvs55yJbDAY7Pvv8XV94ZXdN7jwKkQNdYvl0Kftj.webp\",\"width\":1024,\"height\":1024},{\"@type\":\"BreadcrumbList\",\"@id\":\"https:\/\/xenonkungen.com\/produkt\/tershine-scrub-pad\/#breadcrumb\",\"itemListElement\":[{\"@type\":\"ListItem\",\"position\":1,\"name\":\"Hem\",\"item\":\"https:\/\/xenonkungen.com\/\"},{\"@type\":\"ListItem\",\"position\":2,\"name\":\"Shop\",\"item\":\"https:\/\/xenonkungen.com\/shop\/\"},{\"@type\":\"ListItem\",\"position\":3,\"name\":\"Tershine Scrub Pad\"}]},{\"@type\":\"WebSite\",\"@id\":\"https:\/\/xenonkungen.com\/#website\",\"url\":\"https:\/\/xenonkungen.com\/\",\"name\":\"Xenonkungen\",\"description\":\"\",\"potentialAction\":[{\"@type\":\"SearchAction\",\"target\":{\"@type\":\"EntryPoint\",\"urlTemplate\":\"https:\/\/xenonkungen.com\/?s={search_term_string}\"},\"query-input\":{\"@type\":\"PropertyValueSpecification\",\"valueRequired\":true,\"valueName\":\"search_term_string\"}}],\"inLanguage\":\"en-GB\"}]}<\/script>\n<!-- \/ Yoast SEO plugin. -->","yoast_head_json":{"title":"Tershine Scrub Pad - The Xenon King","robots":{"index":"index","follow":"follow","max-snippet":"max-snippet:-1","max-image-preview":"max-image-preview:large","max-video-preview":"max-video-preview:-1"},"canonical":"https:\/\/xenonkungen.com\/en\/product\/tershine-scrub-pad\/","og_locale":"en_GB","og_type":"article","og_title":"Tershine Scrub Pad - Xenonkungen","og_description":"Otroligt effektiv och s\u00e4ker reng\u00f6ringssvamp med korta nylonstr\u00e5n som reng\u00f6r p\u00e5 djupet utan att skada ytan.","og_url":"https:\/\/xenonkungen.com\/en\/product\/tershine-scrub-pad\/","og_site_name":"Xenonkungen","article_modified_time":"2026-04-24T16:48:05+00:00","og_image":[{"width":1024,"height":1024,"url":"https:\/\/xenonkungen.com\/wp-content\/uploads\/2026\/03\/xvs55yJbDAY7Pvv8XV94ZXdN7jwKkQNdYvl0Kftj.webp","type":"image\/webp"}],"twitter_card":"summary_large_image","twitter_misc":{"Estimated reading time":"1 minute"},"schema":{"@context":"https:\/\/schema.org","@graph":[{"@type":"WebPage","@id":"https:\/\/xenonkungen.com\/produkt\/tershine-scrub-pad\/","url":"https:\/\/xenonkungen.com\/produkt\/tershine-scrub-pad\/","name":"Tershine Scrub Pad - The Xenon King","isPartOf":{"@id":"https:\/\/xenonkungen.com\/#website"},"primaryImageOfPage":{"@id":"https:\/\/xenonkungen.com\/produkt\/tershine-scrub-pad\/#primaryimage"},"image":{"@id":"https:\/\/xenonkungen.com\/produkt\/tershine-scrub-pad\/#primaryimage"},"thumbnailUrl":"https:\/\/xenonkungen.com\/wp-content\/uploads\/2026\/03\/xvs55yJbDAY7Pvv8XV94ZXdN7jwKkQNdYvl0Kftj.webp","datePublished":"2026-03-16T14:40:24+00:00","dateModified":"2026-04-24T16:48:05+00:00","breadcrumb":{"@id":"https:\/\/xenonkungen.com\/produkt\/tershine-scrub-pad\/#breadcrumb"},"inLanguage":"en-GB","potentialAction":[{"@type":"ReadAction","target":["https:\/\/xenonkungen.com\/produkt\/tershine-scrub-pad\/"]}]},{"@type":"ImageObject","inLanguage":"en-GB","@id":"https:\/\/xenonkungen.com\/produkt\/tershine-scrub-pad\/#primaryimage","url":"https:\/\/xenonkungen.com\/wp-content\/uploads\/2026\/03\/xvs55yJbDAY7Pvv8XV94ZXdN7jwKkQNdYvl0Kftj.webp","contentUrl":"https:\/\/xenonkungen.com\/wp-content\/uploads\/2026\/03\/xvs55yJbDAY7Pvv8XV94ZXdN7jwKkQNdYvl0Kftj.webp","width":1024,"height":1024},{"@type":"BreadcrumbList","@id":"https:\/\/xenonkungen.com\/produkt\/tershine-scrub-pad\/#breadcrumb","itemListElement":[{"@type":"ListItem","position":1,"name":"Hem","item":"https:\/\/xenonkungen.com\/"},{"@type":"ListItem","position":2,"name":"Shop","item":"https:\/\/xenonkungen.com\/shop\/"},{"@type":"ListItem","position":3,"name":"Tershine Scrub Pad"}]},{"@type":"WebSite","@id":"https:\/\/xenonkungen.com\/#website","url":"https:\/\/xenonkungen.com\/","name":"Xenonkungen","description":"","potentialAction":[{"@type":"SearchAction","target":{"@type":"EntryPoint","urlTemplate":"https:\/\/xenonkungen.com\/?s={search_term_string}"},"query-input":{"@type":"PropertyValueSpecification","valueRequired":true,"valueName":"search_term_string"}}],"inLanguage":"en-GB"}]}},"taxonomy_info":{"product_brand":[{"value":2893,"label":"Tershine"}],"product_cat":[{"value":2450,"label":"6 | Tillbeh\u00f6r"},{"value":2892,"label":"\u00c5terf\u00f6rs\u00e4ljarprodukter"},{"value":378,"label":"Bilv\u00e5rd"}]},"featured_image_src_large":["https:\/\/xenonkungen.com\/wp-content\/uploads\/2026\/03\/xvs55yJbDAY7Pvv8XV94ZXdN7jwKkQNdYvl0Kftj.webp",1024,1024,false],"author_info":[],"comment_info":0,"_links":{"self":[{"href":"https:\/\/xenonkungen.com\/en\/wp-json\/wp\/v2\/product\/27997","targetHints":{"allow":["GET"]}}],"collection":[{"href":"https:\/\/xenonkungen.com\/en\/wp-json\/wp\/v2\/product"}],"about":[{"href":"https:\/\/xenonkungen.com\/en\/wp-json\/wp\/v2\/types\/product"}],"replies":[{"embeddable":true,"href":"https:\/\/xenonkungen.com\/en\/wp-json\/wp\/v2\/comments?post=27997"}],"wp:featuredmedia":[{"embeddable":true,"href":"https:\/\/xenonkungen.com\/en\/wp-json\/wp\/v2\/media\/27998"}],"wp:attachment":[{"href":"https:\/\/xenonkungen.com\/en\/wp-json\/wp\/v2\/media?parent=27997"}],"wp:term":[{"taxonomy":"anvandningsomrade","embeddable":true,"href":"https:\/\/xenonkungen.com\/en\/wp-json\/wp\/v2\/anvandningsomrade?post=27997"},{"taxonomy":"bilmarken","embeddable":true,"href":"https:\/\/xenonkungen.com\/en\/wp-json\/wp\/v2\/bilmarken?post=27997"},{"taxonomy":"product_brand","embeddable":true,"href":"https:\/\/xenonkungen.com\/en\/wp-json\/wp\/v2\/product_brand?post=27997"},{"taxonomy":"product_cat","embeddable":true,"href":"https:\/\/xenonkungen.com\/en\/wp-json\/wp\/v2\/product_cat?post=27997"},{"taxonomy":"product_tag","embeddable":true,"href":"https:\/\/xenonkungen.com\/en\/wp-json\/wp\/v2\/product_tag?post=27997"}],"curies":[{"name":"wp","href":"https:\/\/api.w.org\/{rel}","templated":true}]}}