{"id":2811,"date":"2025-04-15T08:43:49","date_gmt":"2025-04-15T08:43:49","guid":{"rendered":"https:\/\/xenonkungen.com\/product\/briodlights-nex-led-arbetsljusramp-varning-522-mm\/"},"modified":"2026-04-24T16:48:22","modified_gmt":"2026-04-24T15:48:22","slug":"briodlights-nex-led-work-light-bar-warning-522-mm","status":"publish","type":"product","link":"https:\/\/xenonkungen.com\/en\/product\/briodlights-nex-led-work-light-bar-warning-522-mm\/","title":{"rendered":"BriodLights NEX LED Work Light Ramp Warning 522 mm"},"content":{"rendered":"<h1>BriodLights NEX LED Work Light Ramp with Integrated Warning Light<\/h1>\n<p>BriodLight's NEX LED work light bar with integrated warning light is a versatile lighting solution for working in all conditions. This lightbar combines bright LED lighting with a robust construction for reliable light when you need it most.<\/p>\n<h2>Robust and Durable<\/h2>\n<p>With a robust, powder-coated aluminium housing, the NEX LED work light is both shockproof and waterproof. This ensures it can withstand tough working conditions and enduring weather.<\/p>\n<h2>Easy and flexible installation<\/h2>\n<p>BriodLight's NEX LED work light ramp is easy to install with the included brackets. It includes adjustable brackets for rear or side mounting, giving you the flexibility to install the lightbar in the way that best suits your needs.<\/p>\n<h2>Integrated warning light<\/h2>\n<p>This lightbar has an integrated orange warning light to increase visibility and safety. This makes it an excellent solution for working in bad weather or during times of day when visibility is low.<\/p>\n<h2>Compatibility and Warranty<\/h2>\n<p>With CE, ECE R10, RoHS, IP69K certifications, this lightbar is a safe and reliable solution. In addition, BriodLights offers a 3-year warranty on the NEX LED work lightbar, giving you extra peace of mind when investing in this lighting solution.<\/p>","protected":false},"excerpt":{"rendered":"<p>BriodLights NEX LED Arbetsljusramp med Integrerat Varningsljus BriodLights NEX LED arbetsljusramp med integrerat varningsljus \u00e4r en m\u00e5ngsidig ljusl\u00f6sning f\u00f6r arbete under alla f\u00f6rh\u00e5llanden. Denna ljusramp kombinerar stark LED-belysning med en robust konstruktion f\u00f6r p\u00e5litligt ljus n\u00e4r du beh\u00f6ver det mest. Robust och H\u00e5llbar Med ett robust, pulverlackerat aluminiumhus \u00e4r NEX LED arbetsljusramp b\u00e5de st\u00f6ts\u00e4ker och [&hellip;]<\/p>","protected":false},"featured_media":2812,"comment_status":"closed","ping_status":"open","template":"","meta":{"_acf_changed":false,"_smort_price_nok":"5191","_smort_price_dkk":"3298","_smort_price_eur":"441.8","_smort_sale_price_nok":"","_smort_sale_price_dkk":"","_smort_sale_price_eur":"","smort_restorder":"","shipmondo_restorder":"","_kad_blocks_custom_css":"","_kad_blocks_head_custom_js":"","_kad_blocks_body_custom_js":"","_kad_blocks_footer_custom_js":"","smort_custom_pricelist_1":"3110.4","smort_custom_pricelist_2":"2721.6","smort_custom_pricelist_3":"2585.52","smort_custom_pricelist_4":"3888","smort_custom_pricelist_5":"2721.6"},"anvandningsomrade":[],"bilmarken":[],"product_brand":[92],"product_cat":[2551,508],"product_tag":[2788],"class_list":{"0":"post-2811","1":"product","2":"type-product","3":"status-publish","4":"has-post-thumbnail","6":"product_brand-briodlights","7":"product_cat-arbetsljusramp-arbetsbelysning","8":"product_cat-arbetsbelysning","9":"product_tag-black-week-exclude","10":"pa_faktisk-effekts-forbrukning-906","11":"pa_fargtemperatur-5000k","12":"pa_fuktskydd-varde-ipxx-ip69k","13":"pa_godkannande-e-godkand-ece-r10","14":"pa_lampsockel-kontakt-dt","15":"pa_ljusbild-flood","16":"pa_storlek-mm-522x471x543","17":"pa_stromforbrukning-332a24v","18":"pa_stromforbrukning-682a12v","19":"pa_volt-v-multivolt-10-12-16-18-24-28-30","21":"first","22":"onbackorder","23":"taxable","24":"shipping-taxable","25":"purchasable","26":"product-type-simple"},"bundled_by":[],"bundle_stock_status":"onbackorder","bundle_stock_quantity":0,"bundle_virtual":false,"bundle_layout":"","bundle_add_to_cart_form_location":"","bundle_editable_in_cart":false,"bundle_sold_individually_context":"","bundle_item_grouping":"","bundle_min_size":"","bundle_max_size":"","bundle_price":[],"bundled_items":[],"bundle_sell_ids":[],"acf":[],"yoast_head":"<!-- This site is optimized with the Yoast SEO plugin v27.0 - https:\/\/yoast.com\/product\/yoast-seo-wordpress\/ -->\n<title>BriodLights NEX LED Arbetsljusramp Varning 522 mm - Xenonkungen<\/title>\n<meta name=\"robots\" content=\"index, follow, max-snippet:-1, max-image-preview:large, max-video-preview:-1\" \/>\n<link rel=\"canonical\" href=\"https:\/\/xenonkungen.com\/en\/product\/briodlights-nex-led-work-light-bar-warning-522-mm\/\" \/>\n<meta property=\"og:locale\" content=\"en_GB\" \/>\n<meta property=\"og:type\" content=\"article\" \/>\n<meta property=\"og:title\" content=\"BriodLights NEX LED Arbetsljusramp Varning 522 mm - Xenonkungen\" \/>\n<meta property=\"og:description\" content=\"BriodLights NEX LED Arbetsljusramp med Integrerat Varningsljus BriodLights NEX LED arbetsljusramp med integrerat varningsljus \u00e4r en m\u00e5ngsidig ljusl\u00f6sning f\u00f6r arbete under alla f\u00f6rh\u00e5llanden. Denna ljusramp kombinerar stark LED-belysning med en robust konstruktion f\u00f6r p\u00e5litligt ljus n\u00e4r du beh\u00f6ver det mest. Robust och H\u00e5llbar Med ett robust, pulverlackerat aluminiumhus \u00e4r NEX LED arbetsljusramp b\u00e5de st\u00f6ts\u00e4ker och [&hellip;]\" \/>\n<meta property=\"og:url\" content=\"https:\/\/xenonkungen.com\/en\/product\/briodlights-nex-led-work-light-bar-warning-522-mm\/\" \/>\n<meta property=\"og:site_name\" content=\"Xenonkungen\" \/>\n<meta property=\"article:modified_time\" content=\"2026-04-24T15:48:22+00:00\" \/>\n<meta property=\"og:image\" content=\"https:\/\/xenonkungen.com\/wp-content\/uploads\/2025\/04\/11154_itemimage_mainfront.jpg\" \/>\n\t<meta property=\"og:image:width\" content=\"2048\" \/>\n\t<meta property=\"og:image:height\" content=\"1536\" \/>\n\t<meta property=\"og:image:type\" content=\"image\/jpeg\" \/>\n<meta name=\"twitter:card\" content=\"summary_large_image\" \/>\n<meta name=\"twitter:label1\" content=\"Estimated reading time\" \/>\n\t<meta name=\"twitter:data1\" content=\"1 minute\" \/>\n<script type=\"application\/ld+json\" class=\"yoast-schema-graph\">{\"@context\":\"https:\/\/schema.org\",\"@graph\":[{\"@type\":\"WebPage\",\"@id\":\"https:\/\/xenonkungen.com\/produkt\/briodlights-nex-led-arbetsljusramp-varning-522-mm\/\",\"url\":\"https:\/\/xenonkungen.com\/produkt\/briodlights-nex-led-arbetsljusramp-varning-522-mm\/\",\"name\":\"BriodLights NEX LED Arbetsljusramp Varning 522 mm - Xenonkungen\",\"isPartOf\":{\"@id\":\"https:\/\/xenonkungen.com\/#website\"},\"primaryImageOfPage\":{\"@id\":\"https:\/\/xenonkungen.com\/produkt\/briodlights-nex-led-arbetsljusramp-varning-522-mm\/#primaryimage\"},\"image\":{\"@id\":\"https:\/\/xenonkungen.com\/produkt\/briodlights-nex-led-arbetsljusramp-varning-522-mm\/#primaryimage\"},\"thumbnailUrl\":\"https:\/\/xenonkungen.com\/wp-content\/uploads\/2025\/04\/11154_itemimage_mainfront.jpg\",\"datePublished\":\"2025-04-15T08:43:49+00:00\",\"dateModified\":\"2026-04-24T15:48:22+00:00\",\"breadcrumb\":{\"@id\":\"https:\/\/xenonkungen.com\/produkt\/briodlights-nex-led-arbetsljusramp-varning-522-mm\/#breadcrumb\"},\"inLanguage\":\"en-GB\",\"potentialAction\":[{\"@type\":\"ReadAction\",\"target\":[\"https:\/\/xenonkungen.com\/produkt\/briodlights-nex-led-arbetsljusramp-varning-522-mm\/\"]}]},{\"@type\":\"ImageObject\",\"inLanguage\":\"en-GB\",\"@id\":\"https:\/\/xenonkungen.com\/produkt\/briodlights-nex-led-arbetsljusramp-varning-522-mm\/#primaryimage\",\"url\":\"https:\/\/xenonkungen.com\/wp-content\/uploads\/2025\/04\/11154_itemimage_mainfront.jpg\",\"contentUrl\":\"https:\/\/xenonkungen.com\/wp-content\/uploads\/2025\/04\/11154_itemimage_mainfront.jpg\",\"width\":2048,\"height\":1536},{\"@type\":\"BreadcrumbList\",\"@id\":\"https:\/\/xenonkungen.com\/produkt\/briodlights-nex-led-arbetsljusramp-varning-522-mm\/#breadcrumb\",\"itemListElement\":[{\"@type\":\"ListItem\",\"position\":1,\"name\":\"Hem\",\"item\":\"https:\/\/xenonkungen.com\/\"},{\"@type\":\"ListItem\",\"position\":2,\"name\":\"Shop\",\"item\":\"https:\/\/xenonkungen.com\/shop\/\"},{\"@type\":\"ListItem\",\"position\":3,\"name\":\"BriodLights NEX LED Arbetsljusramp Varning 522 mm\"}]},{\"@type\":\"WebSite\",\"@id\":\"https:\/\/xenonkungen.com\/#website\",\"url\":\"https:\/\/xenonkungen.com\/\",\"name\":\"Xenonkungen\",\"description\":\"\",\"potentialAction\":[{\"@type\":\"SearchAction\",\"target\":{\"@type\":\"EntryPoint\",\"urlTemplate\":\"https:\/\/xenonkungen.com\/?s={search_term_string}\"},\"query-input\":{\"@type\":\"PropertyValueSpecification\",\"valueRequired\":true,\"valueName\":\"search_term_string\"}}],\"inLanguage\":\"en-GB\"}]}<\/script>\n<!-- \/ Yoast SEO plugin. -->","yoast_head_json":{"title":"BriodLights NEX LED Work Light Bar Warning 522 mm - Xenonkungen","robots":{"index":"index","follow":"follow","max-snippet":"max-snippet:-1","max-image-preview":"max-image-preview:large","max-video-preview":"max-video-preview:-1"},"canonical":"https:\/\/xenonkungen.com\/en\/product\/briodlights-nex-led-work-light-bar-warning-522-mm\/","og_locale":"en_GB","og_type":"article","og_title":"BriodLights NEX LED Arbetsljusramp Varning 522 mm - Xenonkungen","og_description":"BriodLights NEX LED Arbetsljusramp med Integrerat Varningsljus BriodLights NEX LED arbetsljusramp med integrerat varningsljus \u00e4r en m\u00e5ngsidig ljusl\u00f6sning f\u00f6r arbete under alla f\u00f6rh\u00e5llanden. Denna ljusramp kombinerar stark LED-belysning med en robust konstruktion f\u00f6r p\u00e5litligt ljus n\u00e4r du beh\u00f6ver det mest. Robust och H\u00e5llbar Med ett robust, pulverlackerat aluminiumhus \u00e4r NEX LED arbetsljusramp b\u00e5de st\u00f6ts\u00e4ker och [&hellip;]","og_url":"https:\/\/xenonkungen.com\/en\/product\/briodlights-nex-led-work-light-bar-warning-522-mm\/","og_site_name":"Xenonkungen","article_modified_time":"2026-04-24T15:48:22+00:00","og_image":[{"width":2048,"height":1536,"url":"https:\/\/xenonkungen.com\/wp-content\/uploads\/2025\/04\/11154_itemimage_mainfront.jpg","type":"image\/jpeg"}],"twitter_card":"summary_large_image","twitter_misc":{"Estimated reading time":"1 minute"},"schema":{"@context":"https:\/\/schema.org","@graph":[{"@type":"WebPage","@id":"https:\/\/xenonkungen.com\/produkt\/briodlights-nex-led-arbetsljusramp-varning-522-mm\/","url":"https:\/\/xenonkungen.com\/produkt\/briodlights-nex-led-arbetsljusramp-varning-522-mm\/","name":"BriodLights NEX LED Work Light Bar Warning 522 mm - Xenonkungen","isPartOf":{"@id":"https:\/\/xenonkungen.com\/#website"},"primaryImageOfPage":{"@id":"https:\/\/xenonkungen.com\/produkt\/briodlights-nex-led-arbetsljusramp-varning-522-mm\/#primaryimage"},"image":{"@id":"https:\/\/xenonkungen.com\/produkt\/briodlights-nex-led-arbetsljusramp-varning-522-mm\/#primaryimage"},"thumbnailUrl":"https:\/\/xenonkungen.com\/wp-content\/uploads\/2025\/04\/11154_itemimage_mainfront.jpg","datePublished":"2025-04-15T08:43:49+00:00","dateModified":"2026-04-24T15:48:22+00:00","breadcrumb":{"@id":"https:\/\/xenonkungen.com\/produkt\/briodlights-nex-led-arbetsljusramp-varning-522-mm\/#breadcrumb"},"inLanguage":"en-GB","potentialAction":[{"@type":"ReadAction","target":["https:\/\/xenonkungen.com\/produkt\/briodlights-nex-led-arbetsljusramp-varning-522-mm\/"]}]},{"@type":"ImageObject","inLanguage":"en-GB","@id":"https:\/\/xenonkungen.com\/produkt\/briodlights-nex-led-arbetsljusramp-varning-522-mm\/#primaryimage","url":"https:\/\/xenonkungen.com\/wp-content\/uploads\/2025\/04\/11154_itemimage_mainfront.jpg","contentUrl":"https:\/\/xenonkungen.com\/wp-content\/uploads\/2025\/04\/11154_itemimage_mainfront.jpg","width":2048,"height":1536},{"@type":"BreadcrumbList","@id":"https:\/\/xenonkungen.com\/produkt\/briodlights-nex-led-arbetsljusramp-varning-522-mm\/#breadcrumb","itemListElement":[{"@type":"ListItem","position":1,"name":"Hem","item":"https:\/\/xenonkungen.com\/"},{"@type":"ListItem","position":2,"name":"Shop","item":"https:\/\/xenonkungen.com\/shop\/"},{"@type":"ListItem","position":3,"name":"BriodLights NEX LED Arbetsljusramp Varning 522 mm"}]},{"@type":"WebSite","@id":"https:\/\/xenonkungen.com\/#website","url":"https:\/\/xenonkungen.com\/","name":"Xenonkungen","description":"","potentialAction":[{"@type":"SearchAction","target":{"@type":"EntryPoint","urlTemplate":"https:\/\/xenonkungen.com\/?s={search_term_string}"},"query-input":{"@type":"PropertyValueSpecification","valueRequired":true,"valueName":"search_term_string"}}],"inLanguage":"en-GB"}]}},"taxonomy_info":{"product_brand":[{"value":92,"label":"Briodlights"}],"product_cat":[{"value":2551,"label":"Arbetsljusramp"},{"value":508,"label":"Arbetsbelysning"}],"product_tag":[{"value":2788,"label":"black-week-exclude"}],"pa_faktisk-effekts-forbrukning":[{"value":906,"label":"81,8"}],"pa_fargtemperatur":[{"value":154,"label":"5000K"}],"pa_fuktskydd-varde-ipxx":[{"value":155,"label":"IP69K"}],"pa_godkannande":[{"value":900,"label":"E-Godk\u00e4nd, ECE, R10"}],"pa_lampsockel-kontakt":[{"value":329,"label":"DT"}],"pa_ljusbild":[{"value":503,"label":"FLOOD"}],"pa_storlek-mm":[{"value":905,"label":"522x47,1x54,3"}],"pa_stromforbrukning":[{"value":908,"label":"3,32A@24V"},{"value":907,"label":"6,82A@12V"}],"pa_volt-v":[{"value":773,"label":"Multivolt, 10, 12, 16, 18, 24, 28, 30"}]},"featured_image_src_large":["https:\/\/xenonkungen.com\/wp-content\/uploads\/2025\/04\/11154_itemimage_mainfront-1024x768.jpg",1024,768,true],"author_info":[],"comment_info":0,"_links":{"self":[{"href":"https:\/\/xenonkungen.com\/en\/wp-json\/wp\/v2\/product\/2811","targetHints":{"allow":["GET"]}}],"collection":[{"href":"https:\/\/xenonkungen.com\/en\/wp-json\/wp\/v2\/product"}],"about":[{"href":"https:\/\/xenonkungen.com\/en\/wp-json\/wp\/v2\/types\/product"}],"replies":[{"embeddable":true,"href":"https:\/\/xenonkungen.com\/en\/wp-json\/wp\/v2\/comments?post=2811"}],"wp:featuredmedia":[{"embeddable":true,"href":"https:\/\/xenonkungen.com\/en\/wp-json\/wp\/v2\/media\/2812"}],"wp:attachment":[{"href":"https:\/\/xenonkungen.com\/en\/wp-json\/wp\/v2\/media?parent=2811"}],"wp:term":[{"taxonomy":"anvandningsomrade","embeddable":true,"href":"https:\/\/xenonkungen.com\/en\/wp-json\/wp\/v2\/anvandningsomrade?post=2811"},{"taxonomy":"bilmarken","embeddable":true,"href":"https:\/\/xenonkungen.com\/en\/wp-json\/wp\/v2\/bilmarken?post=2811"},{"taxonomy":"product_brand","embeddable":true,"href":"https:\/\/xenonkungen.com\/en\/wp-json\/wp\/v2\/product_brand?post=2811"},{"taxonomy":"product_cat","embeddable":true,"href":"https:\/\/xenonkungen.com\/en\/wp-json\/wp\/v2\/product_cat?post=2811"},{"taxonomy":"product_tag","embeddable":true,"href":"https:\/\/xenonkungen.com\/en\/wp-json\/wp\/v2\/product_tag?post=2811"}],"curies":[{"name":"wp","href":"https:\/\/api.w.org\/{rel}","templated":true}]}}