{"id":28127,"date":"2026-03-18T09:47:04","date_gmt":"2026-03-18T08:47:04","guid":{"rendered":"https:\/\/xenonkungen.com\/?post_type=product&#038;p=28127"},"modified":"2026-05-12T14:30:32","modified_gmt":"2026-05-12T13:30:32","slug":"tershine-tire-brush","status":"publish","type":"product","link":"https:\/\/xenonkungen.com\/en\/product\/tershine-tire-brush\/","title":{"rendered":"Tershine Tire Brush"},"content":{"rendered":"<p>Sturdy brush with ergonomic handle to easily clean your tire sides.<\/p>\n<p><strong>Perfect for tire sidewalls and other rubber surfaces<br \/>\nCruel for rubber mats<br \/>\nChemical resistant<br \/>\nWorks great on cab or boat canopy<\/strong><\/p>\n<p>A really nice brush that fits well in the hand and has sturdy bristles. Perfect for deep cleaning tire sides or other rubber surfaces, such as floor mats, etc. Works great with our degreasers or our APC \u2013 All-Purpose Cleaner. Finish by applying Refined \u2013 Rubber and trim and your tires will look like new again!<\/p>","protected":false},"excerpt":{"rendered":"<p>Sturdy brush with ergonomic handle to easily clean your tire sides.<\/p>","protected":false},"featured_media":28130,"comment_status":"open","ping_status":"closed","template":"","meta":{"_acf_changed":false,"_smort_price_nok":"","_smort_price_dkk":"","_smort_price_eur":"","_smort_sale_price_nok":"","_smort_sale_price_dkk":"","_smort_sale_price_eur":"","smort_restorder":"","shipmondo_restorder":"","_kad_blocks_custom_css":"","_kad_blocks_head_custom_js":"","_kad_blocks_body_custom_js":"","_kad_blocks_footer_custom_js":"","smort_custom_pricelist_1":"82.56","smort_custom_pricelist_2":"82.56","smort_custom_pricelist_3":"82.56","smort_custom_pricelist_4":"103.2","smort_custom_pricelist_5":"82.56"},"anvandningsomrade":[],"bilmarken":[],"product_brand":[2893],"product_cat":[2988,2450,378],"product_tag":[],"class_list":{"0":"post-28127","1":"product","2":"type-product","3":"status-publish","4":"has-post-thumbnail","6":"product_brand-tershine","7":"product_cat-biltvatt","8":"product_cat-tillbehor-bilvard","9":"product_cat-bilvard","11":"first","12":"onbackorder","13":"taxable","14":"shipping-taxable","15":"purchasable","16":"product-type-simple"},"bundled_by":[],"bundle_stock_status":"onbackorder","bundle_stock_quantity":0,"bundle_virtual":false,"bundle_layout":"","bundle_add_to_cart_form_location":"","bundle_editable_in_cart":false,"bundle_sold_individually_context":"","bundle_item_grouping":"","bundle_min_size":"","bundle_max_size":"","bundle_price":[],"bundled_items":[],"bundle_sell_ids":[],"acf":[],"yoast_head":"<!-- This site is optimized with the Yoast SEO plugin v27.0 - https:\/\/yoast.com\/product\/yoast-seo-wordpress\/ -->\n<title>Tershine D\u00e4ckborste - Xenonkungen<\/title>\n<meta name=\"robots\" content=\"index, follow, max-snippet:-1, max-image-preview:large, max-video-preview:-1\" \/>\n<link rel=\"canonical\" href=\"https:\/\/xenonkungen.com\/en\/product\/tershine-tire-brush\/\" \/>\n<meta property=\"og:locale\" content=\"en_GB\" \/>\n<meta property=\"og:type\" content=\"article\" \/>\n<meta property=\"og:title\" content=\"Tershine D\u00e4ckborste - Xenonkungen\" \/>\n<meta property=\"og:description\" content=\"Rej\u00e4l borste med ergonomiskt handtag f\u00f6r att p\u00e5 ett enkelt s\u00e4tt reng\u00f6ra dina d\u00e4cksidor.\" \/>\n<meta property=\"og:url\" content=\"https:\/\/xenonkungen.com\/en\/product\/tershine-tire-brush\/\" \/>\n<meta property=\"og:site_name\" content=\"Xenonkungen\" \/>\n<meta property=\"article:modified_time\" content=\"2026-05-12T13:30:32+00:00\" \/>\n<meta property=\"og:image\" content=\"https:\/\/xenonkungen.com\/wp-content\/uploads\/2026\/03\/3pHDP8CjTmVGKTkWwZdcY8AtV2dk4Wop4BGjCs5g.webp\" \/>\n\t<meta property=\"og:image:width\" content=\"1024\" \/>\n\t<meta property=\"og:image:height\" content=\"1024\" \/>\n\t<meta property=\"og:image:type\" content=\"image\/webp\" \/>\n<meta name=\"twitter:card\" content=\"summary_large_image\" \/>\n<meta name=\"twitter:label1\" content=\"Estimated reading time\" \/>\n\t<meta name=\"twitter:data1\" content=\"1 minute\" \/>\n<script type=\"application\/ld+json\" class=\"yoast-schema-graph\">{\"@context\":\"https:\/\/schema.org\",\"@graph\":[{\"@type\":\"WebPage\",\"@id\":\"https:\/\/xenonkungen.com\/produkt\/tershine-dackborste\/\",\"url\":\"https:\/\/xenonkungen.com\/produkt\/tershine-dackborste\/\",\"name\":\"Tershine D\u00e4ckborste - Xenonkungen\",\"isPartOf\":{\"@id\":\"https:\/\/xenonkungen.com\/#website\"},\"primaryImageOfPage\":{\"@id\":\"https:\/\/xenonkungen.com\/produkt\/tershine-dackborste\/#primaryimage\"},\"image\":{\"@id\":\"https:\/\/xenonkungen.com\/produkt\/tershine-dackborste\/#primaryimage\"},\"thumbnailUrl\":\"https:\/\/xenonkungen.com\/wp-content\/uploads\/2026\/03\/3pHDP8CjTmVGKTkWwZdcY8AtV2dk4Wop4BGjCs5g.webp\",\"datePublished\":\"2026-03-18T08:47:04+00:00\",\"dateModified\":\"2026-05-12T13:30:32+00:00\",\"breadcrumb\":{\"@id\":\"https:\/\/xenonkungen.com\/produkt\/tershine-dackborste\/#breadcrumb\"},\"inLanguage\":\"en-GB\",\"potentialAction\":[{\"@type\":\"ReadAction\",\"target\":[\"https:\/\/xenonkungen.com\/produkt\/tershine-dackborste\/\"]}]},{\"@type\":\"ImageObject\",\"inLanguage\":\"en-GB\",\"@id\":\"https:\/\/xenonkungen.com\/produkt\/tershine-dackborste\/#primaryimage\",\"url\":\"https:\/\/xenonkungen.com\/wp-content\/uploads\/2026\/03\/3pHDP8CjTmVGKTkWwZdcY8AtV2dk4Wop4BGjCs5g.webp\",\"contentUrl\":\"https:\/\/xenonkungen.com\/wp-content\/uploads\/2026\/03\/3pHDP8CjTmVGKTkWwZdcY8AtV2dk4Wop4BGjCs5g.webp\",\"width\":1024,\"height\":1024},{\"@type\":\"BreadcrumbList\",\"@id\":\"https:\/\/xenonkungen.com\/produkt\/tershine-dackborste\/#breadcrumb\",\"itemListElement\":[{\"@type\":\"ListItem\",\"position\":1,\"name\":\"Hem\",\"item\":\"https:\/\/xenonkungen.com\/\"},{\"@type\":\"ListItem\",\"position\":2,\"name\":\"Shop\",\"item\":\"https:\/\/xenonkungen.com\/shop\/\"},{\"@type\":\"ListItem\",\"position\":3,\"name\":\"Tershine D\u00e4ckborste\"}]},{\"@type\":\"WebSite\",\"@id\":\"https:\/\/xenonkungen.com\/#website\",\"url\":\"https:\/\/xenonkungen.com\/\",\"name\":\"Xenonkungen\",\"description\":\"\",\"potentialAction\":[{\"@type\":\"SearchAction\",\"target\":{\"@type\":\"EntryPoint\",\"urlTemplate\":\"https:\/\/xenonkungen.com\/?s={search_term_string}\"},\"query-input\":{\"@type\":\"PropertyValueSpecification\",\"valueRequired\":true,\"valueName\":\"search_term_string\"}}],\"inLanguage\":\"en-GB\"}]}<\/script>\n<!-- \/ Yoast SEO plugin. -->","yoast_head_json":{"title":"Tershine Tire Brush - The Xenon King","robots":{"index":"index","follow":"follow","max-snippet":"max-snippet:-1","max-image-preview":"max-image-preview:large","max-video-preview":"max-video-preview:-1"},"canonical":"https:\/\/xenonkungen.com\/en\/product\/tershine-tire-brush\/","og_locale":"en_GB","og_type":"article","og_title":"Tershine D\u00e4ckborste - Xenonkungen","og_description":"Rej\u00e4l borste med ergonomiskt handtag f\u00f6r att p\u00e5 ett enkelt s\u00e4tt reng\u00f6ra dina d\u00e4cksidor.","og_url":"https:\/\/xenonkungen.com\/en\/product\/tershine-tire-brush\/","og_site_name":"Xenonkungen","article_modified_time":"2026-05-12T13:30:32+00:00","og_image":[{"width":1024,"height":1024,"url":"https:\/\/xenonkungen.com\/wp-content\/uploads\/2026\/03\/3pHDP8CjTmVGKTkWwZdcY8AtV2dk4Wop4BGjCs5g.webp","type":"image\/webp"}],"twitter_card":"summary_large_image","twitter_misc":{"Estimated reading time":"1 minute"},"schema":{"@context":"https:\/\/schema.org","@graph":[{"@type":"WebPage","@id":"https:\/\/xenonkungen.com\/produkt\/tershine-dackborste\/","url":"https:\/\/xenonkungen.com\/produkt\/tershine-dackborste\/","name":"Tershine Tire Brush - The Xenon King","isPartOf":{"@id":"https:\/\/xenonkungen.com\/#website"},"primaryImageOfPage":{"@id":"https:\/\/xenonkungen.com\/produkt\/tershine-dackborste\/#primaryimage"},"image":{"@id":"https:\/\/xenonkungen.com\/produkt\/tershine-dackborste\/#primaryimage"},"thumbnailUrl":"https:\/\/xenonkungen.com\/wp-content\/uploads\/2026\/03\/3pHDP8CjTmVGKTkWwZdcY8AtV2dk4Wop4BGjCs5g.webp","datePublished":"2026-03-18T08:47:04+00:00","dateModified":"2026-05-12T13:30:32+00:00","breadcrumb":{"@id":"https:\/\/xenonkungen.com\/produkt\/tershine-dackborste\/#breadcrumb"},"inLanguage":"en-GB","potentialAction":[{"@type":"ReadAction","target":["https:\/\/xenonkungen.com\/produkt\/tershine-dackborste\/"]}]},{"@type":"ImageObject","inLanguage":"en-GB","@id":"https:\/\/xenonkungen.com\/produkt\/tershine-dackborste\/#primaryimage","url":"https:\/\/xenonkungen.com\/wp-content\/uploads\/2026\/03\/3pHDP8CjTmVGKTkWwZdcY8AtV2dk4Wop4BGjCs5g.webp","contentUrl":"https:\/\/xenonkungen.com\/wp-content\/uploads\/2026\/03\/3pHDP8CjTmVGKTkWwZdcY8AtV2dk4Wop4BGjCs5g.webp","width":1024,"height":1024},{"@type":"BreadcrumbList","@id":"https:\/\/xenonkungen.com\/produkt\/tershine-dackborste\/#breadcrumb","itemListElement":[{"@type":"ListItem","position":1,"name":"Hem","item":"https:\/\/xenonkungen.com\/"},{"@type":"ListItem","position":2,"name":"Shop","item":"https:\/\/xenonkungen.com\/shop\/"},{"@type":"ListItem","position":3,"name":"Tershine D\u00e4ckborste"}]},{"@type":"WebSite","@id":"https:\/\/xenonkungen.com\/#website","url":"https:\/\/xenonkungen.com\/","name":"Xenonkungen","description":"","potentialAction":[{"@type":"SearchAction","target":{"@type":"EntryPoint","urlTemplate":"https:\/\/xenonkungen.com\/?s={search_term_string}"},"query-input":{"@type":"PropertyValueSpecification","valueRequired":true,"valueName":"search_term_string"}}],"inLanguage":"en-GB"}]}},"taxonomy_info":{"product_brand":[{"value":2893,"label":"Tershine"}],"product_cat":[{"value":2988,"label":"1 | Biltv\u00e4tt"},{"value":2450,"label":"6 | Tillbeh\u00f6r"},{"value":378,"label":"Bilv\u00e5rd"}]},"featured_image_src_large":["https:\/\/xenonkungen.com\/wp-content\/uploads\/2026\/03\/3pHDP8CjTmVGKTkWwZdcY8AtV2dk4Wop4BGjCs5g.webp",1024,1024,false],"author_info":[],"comment_info":0,"_links":{"self":[{"href":"https:\/\/xenonkungen.com\/en\/wp-json\/wp\/v2\/product\/28127","targetHints":{"allow":["GET"]}}],"collection":[{"href":"https:\/\/xenonkungen.com\/en\/wp-json\/wp\/v2\/product"}],"about":[{"href":"https:\/\/xenonkungen.com\/en\/wp-json\/wp\/v2\/types\/product"}],"replies":[{"embeddable":true,"href":"https:\/\/xenonkungen.com\/en\/wp-json\/wp\/v2\/comments?post=28127"}],"wp:featuredmedia":[{"embeddable":true,"href":"https:\/\/xenonkungen.com\/en\/wp-json\/wp\/v2\/media\/28130"}],"wp:attachment":[{"href":"https:\/\/xenonkungen.com\/en\/wp-json\/wp\/v2\/media?parent=28127"}],"wp:term":[{"taxonomy":"anvandningsomrade","embeddable":true,"href":"https:\/\/xenonkungen.com\/en\/wp-json\/wp\/v2\/anvandningsomrade?post=28127"},{"taxonomy":"bilmarken","embeddable":true,"href":"https:\/\/xenonkungen.com\/en\/wp-json\/wp\/v2\/bilmarken?post=28127"},{"taxonomy":"product_brand","embeddable":true,"href":"https:\/\/xenonkungen.com\/en\/wp-json\/wp\/v2\/product_brand?post=28127"},{"taxonomy":"product_cat","embeddable":true,"href":"https:\/\/xenonkungen.com\/en\/wp-json\/wp\/v2\/product_cat?post=28127"},{"taxonomy":"product_tag","embeddable":true,"href":"https:\/\/xenonkungen.com\/en\/wp-json\/wp\/v2\/product_tag?post=28127"}],"curies":[{"name":"wp","href":"https:\/\/api.w.org\/{rel}","templated":true}]}}