{"id":28133,"date":"2026-03-18T09:54:59","date_gmt":"2026-03-18T08:54:59","guid":{"rendered":"https:\/\/xenonkungen.com\/?post_type=product&#038;p=28133"},"modified":"2026-05-12T14:42:17","modified_gmt":"2026-05-12T13:42:17","slug":"tershine-stain-remover-sponge-5-pack","status":"publish","type":"product","link":"https:\/\/xenonkungen.com\/en\/product\/tershine-stain-remover-sponge-5-pack\/","title":{"rendered":"Tershine Stain Removal Sponge 5-pack"},"content":{"rendered":"<p>Extremely effective and versatile stain remover sponges. Primarily intended for use on the inside of the car, but work wonderfully well in the home, on the boat, on shoes, etc. They have strong cleaning power so use with caution. Test on a small area first before going all out.<\/p>\n<p>Works great with our APC for tougher stains, or just a few drops of water for lighter stains. Wipe dry with a microfiber cloth.<\/p>","protected":false},"excerpt":{"rendered":"<p>Extremely effective and versatile stain removal sponges. Primarily intended for use on the inside of the car, but work wonderfully well at home, on the boat, on shoes, etc.<\/p>","protected":false},"featured_media":28134,"comment_status":"open","ping_status":"closed","template":"","meta":{"_acf_changed":false,"_smort_price_nok":"","_smort_price_dkk":"","_smort_price_eur":"","_smort_sale_price_nok":"","_smort_sale_price_dkk":"","_smort_sale_price_eur":"","smort_restorder":"","shipmondo_restorder":"","_kad_blocks_custom_css":"","_kad_blocks_head_custom_js":"","_kad_blocks_body_custom_js":"","_kad_blocks_footer_custom_js":"","smort_custom_pricelist_1":"37.76","smort_custom_pricelist_2":"37.76","smort_custom_pricelist_3":"37.76","smort_custom_pricelist_4":"47.2","smort_custom_pricelist_5":"37.76"},"anvandningsomrade":[],"bilmarken":[],"product_brand":[2893],"product_cat":[2450,378],"product_tag":[],"class_list":{"0":"post-28133","1":"product","2":"type-product","3":"status-publish","4":"has-post-thumbnail","6":"product_brand-tershine","7":"product_cat-tillbehor-bilvard","8":"product_cat-bilvard","10":"first","11":"onbackorder","12":"taxable","13":"shipping-taxable","14":"purchasable","15":"product-type-simple"},"bundled_by":[],"bundle_stock_status":"onbackorder","bundle_stock_quantity":0,"bundle_virtual":false,"bundle_layout":"","bundle_add_to_cart_form_location":"","bundle_editable_in_cart":false,"bundle_sold_individually_context":"","bundle_item_grouping":"","bundle_min_size":"","bundle_max_size":"","bundle_price":[],"bundled_items":[],"bundle_sell_ids":[],"acf":[],"yoast_head":"<!-- This site is optimized with the Yoast SEO plugin v27.0 - https:\/\/yoast.com\/product\/yoast-seo-wordpress\/ -->\n<title>Tershine Fl\u00e4ckborttagningssvamp 5-pack - Xenonkungen<\/title>\n<meta name=\"robots\" content=\"index, follow, max-snippet:-1, max-image-preview:large, max-video-preview:-1\" \/>\n<link rel=\"canonical\" href=\"https:\/\/xenonkungen.com\/en\/product\/tershine-stain-remover-sponge-5-pack\/\" \/>\n<meta property=\"og:locale\" content=\"en_GB\" \/>\n<meta property=\"og:type\" content=\"article\" \/>\n<meta property=\"og:title\" content=\"Tershine Fl\u00e4ckborttagningssvamp 5-pack - Xenonkungen\" \/>\n<meta property=\"og:description\" content=\"Extremt effektiva och m\u00e5ngsidiga fl\u00e4ckborttagningssvampar. Fr\u00e4mst t\u00e4nkta att anv\u00e4ndas p\u00e5 insidan av bilen, men funkar magiskt bra i hemmet, p\u00e5 b\u00e5ten, p\u00e5 skorna osv.\" \/>\n<meta property=\"og:url\" content=\"https:\/\/xenonkungen.com\/en\/product\/tershine-stain-remover-sponge-5-pack\/\" \/>\n<meta property=\"og:site_name\" content=\"Xenonkungen\" \/>\n<meta property=\"article:modified_time\" content=\"2026-05-12T13:42:17+00:00\" \/>\n<meta property=\"og:image\" content=\"https:\/\/xenonkungen.com\/wp-content\/uploads\/2026\/03\/zMU96fQAlTGvrR4eqnWqTVGA9BXWvssxzyeY3pZB.webp\" \/>\n\t<meta property=\"og:image:width\" content=\"1024\" \/>\n\t<meta property=\"og:image:height\" content=\"1024\" \/>\n\t<meta property=\"og:image:type\" content=\"image\/webp\" \/>\n<meta name=\"twitter:card\" content=\"summary_large_image\" \/>\n<meta name=\"twitter:label1\" content=\"Estimated reading time\" \/>\n\t<meta name=\"twitter:data1\" content=\"1 minute\" \/>\n<script type=\"application\/ld+json\" class=\"yoast-schema-graph\">{\"@context\":\"https:\/\/schema.org\",\"@graph\":[{\"@type\":\"WebPage\",\"@id\":\"https:\/\/xenonkungen.com\/produkt\/tershine-flackborttagningssvamp-5-pack\/\",\"url\":\"https:\/\/xenonkungen.com\/produkt\/tershine-flackborttagningssvamp-5-pack\/\",\"name\":\"Tershine Fl\u00e4ckborttagningssvamp 5-pack - Xenonkungen\",\"isPartOf\":{\"@id\":\"https:\/\/xenonkungen.com\/#website\"},\"primaryImageOfPage\":{\"@id\":\"https:\/\/xenonkungen.com\/produkt\/tershine-flackborttagningssvamp-5-pack\/#primaryimage\"},\"image\":{\"@id\":\"https:\/\/xenonkungen.com\/produkt\/tershine-flackborttagningssvamp-5-pack\/#primaryimage\"},\"thumbnailUrl\":\"https:\/\/xenonkungen.com\/wp-content\/uploads\/2026\/03\/zMU96fQAlTGvrR4eqnWqTVGA9BXWvssxzyeY3pZB.webp\",\"datePublished\":\"2026-03-18T08:54:59+00:00\",\"dateModified\":\"2026-05-12T13:42:17+00:00\",\"breadcrumb\":{\"@id\":\"https:\/\/xenonkungen.com\/produkt\/tershine-flackborttagningssvamp-5-pack\/#breadcrumb\"},\"inLanguage\":\"en-GB\",\"potentialAction\":[{\"@type\":\"ReadAction\",\"target\":[\"https:\/\/xenonkungen.com\/produkt\/tershine-flackborttagningssvamp-5-pack\/\"]}]},{\"@type\":\"ImageObject\",\"inLanguage\":\"en-GB\",\"@id\":\"https:\/\/xenonkungen.com\/produkt\/tershine-flackborttagningssvamp-5-pack\/#primaryimage\",\"url\":\"https:\/\/xenonkungen.com\/wp-content\/uploads\/2026\/03\/zMU96fQAlTGvrR4eqnWqTVGA9BXWvssxzyeY3pZB.webp\",\"contentUrl\":\"https:\/\/xenonkungen.com\/wp-content\/uploads\/2026\/03\/zMU96fQAlTGvrR4eqnWqTVGA9BXWvssxzyeY3pZB.webp\",\"width\":1024,\"height\":1024},{\"@type\":\"BreadcrumbList\",\"@id\":\"https:\/\/xenonkungen.com\/produkt\/tershine-flackborttagningssvamp-5-pack\/#breadcrumb\",\"itemListElement\":[{\"@type\":\"ListItem\",\"position\":1,\"name\":\"Hem\",\"item\":\"https:\/\/xenonkungen.com\/\"},{\"@type\":\"ListItem\",\"position\":2,\"name\":\"Shop\",\"item\":\"https:\/\/xenonkungen.com\/shop\/\"},{\"@type\":\"ListItem\",\"position\":3,\"name\":\"Tershine Fl\u00e4ckborttagningssvamp 5-pack\"}]},{\"@type\":\"WebSite\",\"@id\":\"https:\/\/xenonkungen.com\/#website\",\"url\":\"https:\/\/xenonkungen.com\/\",\"name\":\"Xenonkungen\",\"description\":\"\",\"potentialAction\":[{\"@type\":\"SearchAction\",\"target\":{\"@type\":\"EntryPoint\",\"urlTemplate\":\"https:\/\/xenonkungen.com\/?s={search_term_string}\"},\"query-input\":{\"@type\":\"PropertyValueSpecification\",\"valueRequired\":true,\"valueName\":\"search_term_string\"}}],\"inLanguage\":\"en-GB\"}]}<\/script>\n<!-- \/ Yoast SEO plugin. -->","yoast_head_json":{"title":"Tershine Stain Removal Sponge 5-pack - Xenonkungen","robots":{"index":"index","follow":"follow","max-snippet":"max-snippet:-1","max-image-preview":"max-image-preview:large","max-video-preview":"max-video-preview:-1"},"canonical":"https:\/\/xenonkungen.com\/en\/product\/tershine-stain-remover-sponge-5-pack\/","og_locale":"en_GB","og_type":"article","og_title":"Tershine Fl\u00e4ckborttagningssvamp 5-pack - Xenonkungen","og_description":"Extremt effektiva och m\u00e5ngsidiga fl\u00e4ckborttagningssvampar. Fr\u00e4mst t\u00e4nkta att anv\u00e4ndas p\u00e5 insidan av bilen, men funkar magiskt bra i hemmet, p\u00e5 b\u00e5ten, p\u00e5 skorna osv.","og_url":"https:\/\/xenonkungen.com\/en\/product\/tershine-stain-remover-sponge-5-pack\/","og_site_name":"Xenonkungen","article_modified_time":"2026-05-12T13:42:17+00:00","og_image":[{"width":1024,"height":1024,"url":"https:\/\/xenonkungen.com\/wp-content\/uploads\/2026\/03\/zMU96fQAlTGvrR4eqnWqTVGA9BXWvssxzyeY3pZB.webp","type":"image\/webp"}],"twitter_card":"summary_large_image","twitter_misc":{"Estimated reading time":"1 minute"},"schema":{"@context":"https:\/\/schema.org","@graph":[{"@type":"WebPage","@id":"https:\/\/xenonkungen.com\/produkt\/tershine-flackborttagningssvamp-5-pack\/","url":"https:\/\/xenonkungen.com\/produkt\/tershine-flackborttagningssvamp-5-pack\/","name":"Tershine Stain Removal Sponge 5-pack - Xenonkungen","isPartOf":{"@id":"https:\/\/xenonkungen.com\/#website"},"primaryImageOfPage":{"@id":"https:\/\/xenonkungen.com\/produkt\/tershine-flackborttagningssvamp-5-pack\/#primaryimage"},"image":{"@id":"https:\/\/xenonkungen.com\/produkt\/tershine-flackborttagningssvamp-5-pack\/#primaryimage"},"thumbnailUrl":"https:\/\/xenonkungen.com\/wp-content\/uploads\/2026\/03\/zMU96fQAlTGvrR4eqnWqTVGA9BXWvssxzyeY3pZB.webp","datePublished":"2026-03-18T08:54:59+00:00","dateModified":"2026-05-12T13:42:17+00:00","breadcrumb":{"@id":"https:\/\/xenonkungen.com\/produkt\/tershine-flackborttagningssvamp-5-pack\/#breadcrumb"},"inLanguage":"en-GB","potentialAction":[{"@type":"ReadAction","target":["https:\/\/xenonkungen.com\/produkt\/tershine-flackborttagningssvamp-5-pack\/"]}]},{"@type":"ImageObject","inLanguage":"en-GB","@id":"https:\/\/xenonkungen.com\/produkt\/tershine-flackborttagningssvamp-5-pack\/#primaryimage","url":"https:\/\/xenonkungen.com\/wp-content\/uploads\/2026\/03\/zMU96fQAlTGvrR4eqnWqTVGA9BXWvssxzyeY3pZB.webp","contentUrl":"https:\/\/xenonkungen.com\/wp-content\/uploads\/2026\/03\/zMU96fQAlTGvrR4eqnWqTVGA9BXWvssxzyeY3pZB.webp","width":1024,"height":1024},{"@type":"BreadcrumbList","@id":"https:\/\/xenonkungen.com\/produkt\/tershine-flackborttagningssvamp-5-pack\/#breadcrumb","itemListElement":[{"@type":"ListItem","position":1,"name":"Hem","item":"https:\/\/xenonkungen.com\/"},{"@type":"ListItem","position":2,"name":"Shop","item":"https:\/\/xenonkungen.com\/shop\/"},{"@type":"ListItem","position":3,"name":"Tershine Fl\u00e4ckborttagningssvamp 5-pack"}]},{"@type":"WebSite","@id":"https:\/\/xenonkungen.com\/#website","url":"https:\/\/xenonkungen.com\/","name":"Xenonkungen","description":"","potentialAction":[{"@type":"SearchAction","target":{"@type":"EntryPoint","urlTemplate":"https:\/\/xenonkungen.com\/?s={search_term_string}"},"query-input":{"@type":"PropertyValueSpecification","valueRequired":true,"valueName":"search_term_string"}}],"inLanguage":"en-GB"}]}},"taxonomy_info":{"product_brand":[{"value":2893,"label":"Tershine"}],"product_cat":[{"value":2450,"label":"6 | Tillbeh\u00f6r"},{"value":378,"label":"Bilv\u00e5rd"}]},"featured_image_src_large":["https:\/\/xenonkungen.com\/wp-content\/uploads\/2026\/03\/zMU96fQAlTGvrR4eqnWqTVGA9BXWvssxzyeY3pZB.webp",1024,1024,false],"author_info":[],"comment_info":0,"_links":{"self":[{"href":"https:\/\/xenonkungen.com\/en\/wp-json\/wp\/v2\/product\/28133","targetHints":{"allow":["GET"]}}],"collection":[{"href":"https:\/\/xenonkungen.com\/en\/wp-json\/wp\/v2\/product"}],"about":[{"href":"https:\/\/xenonkungen.com\/en\/wp-json\/wp\/v2\/types\/product"}],"replies":[{"embeddable":true,"href":"https:\/\/xenonkungen.com\/en\/wp-json\/wp\/v2\/comments?post=28133"}],"wp:featuredmedia":[{"embeddable":true,"href":"https:\/\/xenonkungen.com\/en\/wp-json\/wp\/v2\/media\/28134"}],"wp:attachment":[{"href":"https:\/\/xenonkungen.com\/en\/wp-json\/wp\/v2\/media?parent=28133"}],"wp:term":[{"taxonomy":"anvandningsomrade","embeddable":true,"href":"https:\/\/xenonkungen.com\/en\/wp-json\/wp\/v2\/anvandningsomrade?post=28133"},{"taxonomy":"bilmarken","embeddable":true,"href":"https:\/\/xenonkungen.com\/en\/wp-json\/wp\/v2\/bilmarken?post=28133"},{"taxonomy":"product_brand","embeddable":true,"href":"https:\/\/xenonkungen.com\/en\/wp-json\/wp\/v2\/product_brand?post=28133"},{"taxonomy":"product_cat","embeddable":true,"href":"https:\/\/xenonkungen.com\/en\/wp-json\/wp\/v2\/product_cat?post=28133"},{"taxonomy":"product_tag","embeddable":true,"href":"https:\/\/xenonkungen.com\/en\/wp-json\/wp\/v2\/product_tag?post=28133"}],"curies":[{"name":"wp","href":"https:\/\/api.w.org\/{rel}","templated":true}]}}