{"id":2840,"date":"2025-04-15T08:44:15","date_gmt":"2025-04-15T08:44:15","guid":{"rendered":"https:\/\/xenonkungen.com\/product\/briodlights-blixtljus-dubbelblixt-mini-platt\/"},"modified":"2026-04-24T16:48:38","modified_gmt":"2026-04-24T15:48:38","slug":"briodlights-flash-light-double-flash-mini-flat","status":"publish","type":"product","link":"https:\/\/xenonkungen.com\/en\/product\/briodlights-flash-light-double-flash-mini-flat\/","title":{"rendered":"BriodLights Flash Light Double Flash mini flat"},"content":{"rendered":"<h1>BriodLights Small Flexible Flash Light with Double Flash<\/h1>\n<p>The BriodLights Small Flexible Flash Light is a robust and reliable solution for your warning lighting. This small flash light comes with a double flash function, giving you the visibility you need in the most demanding conditions.<\/p>\n<h2>Flat pack for easy installation<\/h2>\n<p>Thanks to its flat design, this flash light can be mounted on almost any surface, making it a flexible and customisable choice for all your needs.<\/p>\n<h2>Simple and clear connection<\/h2>\n<p>The flash light comes with a 1.5 m ADR cable and clearly labelled wires for easy installation. Red cable is for positive pole, black cable is for negative pole. Yellow cable is used for synchronisation while the green cable is used for asynchronisation.<\/p>\n<h2>Certifications<\/h2>\n<p>BriodLight's small flexible flash light meets several international safety standards, including EMCR10 and ECER65. The product also meets RoHS requirements, ensuring it is safe for the environment.<\/p>","protected":false},"excerpt":{"rendered":"<p>BriodLights Liten Flexibel Blixtljus med Dubbelblixt BriodLights Liten Flexibel Blixtljus \u00e4r en robust och tillf\u00f6rlitlig l\u00f6sning f\u00f6r din varningsbelysning. Detta lilla blixtljus kommer med en dubbelblixt-funktion, vilket ger dig den synlighet du beh\u00f6ver under de mest kr\u00e4vande f\u00f6rh\u00e5llanden. Planmontage f\u00f6r enkel installation Tack vare sin plana design kan detta blixtljus monteras p\u00e5 n\u00e4stan vilken yta [&hellip;]<\/p>","protected":false},"featured_media":2841,"comment_status":"closed","ping_status":"open","template":"","meta":{"_acf_changed":false,"_smort_price_nok":"534","_smort_price_dkk":"339","_smort_price_eur":"45.45","_smort_sale_price_nok":"","_smort_sale_price_dkk":"","_smort_sale_price_eur":"","smort_restorder":"","shipmondo_restorder":"","_kad_blocks_custom_css":"","_kad_blocks_head_custom_js":"","_kad_blocks_body_custom_js":"","_kad_blocks_footer_custom_js":"","smort_custom_pricelist_1":"320","smort_custom_pricelist_2":"280","smort_custom_pricelist_3":"266","smort_custom_pricelist_4":"400","smort_custom_pricelist_5":"280"},"anvandningsomrade":[],"bilmarken":[],"product_brand":[92],"product_cat":[2553,1061],"product_tag":[2788],"class_list":{"0":"post-2840","1":"product","2":"type-product","3":"status-publish","4":"has-post-thumbnail","6":"product_brand-briodlights","7":"product_cat-blixtljus-riktat-varningsljus","8":"product_cat-varningsljus","9":"product_tag-black-week-exclude","10":"pa_faktisk-effekts-forbrukning-932","11":"pa_fargtemperatur-amber","12":"pa_fuktskydd-varde-ipxx-ip67","13":"pa_godkannande-emc-r10-r65-rohs","14":"pa_lampsockel-kontakt-open-wire","15":"pa_storlek-mm-101x32x13","16":"pa_volt-v-776","18":"first","19":"onbackorder","20":"taxable","21":"shipping-taxable","22":"purchasable","23":"product-type-simple"},"bundled_by":[],"bundle_stock_status":"onbackorder","bundle_stock_quantity":0,"bundle_virtual":false,"bundle_layout":"","bundle_add_to_cart_form_location":"","bundle_editable_in_cart":false,"bundle_sold_individually_context":"","bundle_item_grouping":"","bundle_min_size":"","bundle_max_size":"","bundle_price":[],"bundled_items":[],"bundle_sell_ids":[],"acf":[],"yoast_head":"<!-- This site is optimized with the Yoast SEO plugin v27.0 - https:\/\/yoast.com\/product\/yoast-seo-wordpress\/ -->\n<title>BriodLights Blixtljus Dubbelblixt mini platt - Xenonkungen<\/title>\n<meta name=\"robots\" content=\"index, follow, max-snippet:-1, max-image-preview:large, max-video-preview:-1\" \/>\n<link rel=\"canonical\" href=\"https:\/\/xenonkungen.com\/en\/product\/briodlights-flash-light-double-flash-mini-flat\/\" \/>\n<meta property=\"og:locale\" content=\"en_GB\" \/>\n<meta property=\"og:type\" content=\"article\" \/>\n<meta property=\"og:title\" content=\"BriodLights Blixtljus Dubbelblixt mini platt - Xenonkungen\" \/>\n<meta property=\"og:description\" content=\"BriodLights Liten Flexibel Blixtljus med Dubbelblixt BriodLights Liten Flexibel Blixtljus \u00e4r en robust och tillf\u00f6rlitlig l\u00f6sning f\u00f6r din varningsbelysning. Detta lilla blixtljus kommer med en dubbelblixt-funktion, vilket ger dig den synlighet du beh\u00f6ver under de mest kr\u00e4vande f\u00f6rh\u00e5llanden. Planmontage f\u00f6r enkel installation Tack vare sin plana design kan detta blixtljus monteras p\u00e5 n\u00e4stan vilken yta [&hellip;]\" \/>\n<meta property=\"og:url\" content=\"https:\/\/xenonkungen.com\/en\/product\/briodlights-flash-light-double-flash-mini-flat\/\" \/>\n<meta property=\"og:site_name\" content=\"Xenonkungen\" \/>\n<meta property=\"article:modified_time\" content=\"2026-04-24T15:48:38+00:00\" \/>\n<meta property=\"og:image\" content=\"https:\/\/xenonkungen.com\/wp-content\/uploads\/2025\/04\/14500_itemimage_mainfront.jpg\" \/>\n\t<meta property=\"og:image:width\" content=\"2048\" \/>\n\t<meta property=\"og:image:height\" content=\"1536\" \/>\n\t<meta property=\"og:image:type\" content=\"image\/jpeg\" \/>\n<meta name=\"twitter:card\" content=\"summary_large_image\" \/>\n<meta name=\"twitter:label1\" content=\"Estimated reading time\" \/>\n\t<meta name=\"twitter:data1\" content=\"1 minute\" \/>\n<script type=\"application\/ld+json\" class=\"yoast-schema-graph\">{\"@context\":\"https:\/\/schema.org\",\"@graph\":[{\"@type\":\"WebPage\",\"@id\":\"https:\/\/xenonkungen.com\/produkt\/briodlights-blixtljus-dubbelblixt-mini-platt\/\",\"url\":\"https:\/\/xenonkungen.com\/produkt\/briodlights-blixtljus-dubbelblixt-mini-platt\/\",\"name\":\"BriodLights Blixtljus Dubbelblixt mini platt - Xenonkungen\",\"isPartOf\":{\"@id\":\"https:\/\/xenonkungen.com\/#website\"},\"primaryImageOfPage\":{\"@id\":\"https:\/\/xenonkungen.com\/produkt\/briodlights-blixtljus-dubbelblixt-mini-platt\/#primaryimage\"},\"image\":{\"@id\":\"https:\/\/xenonkungen.com\/produkt\/briodlights-blixtljus-dubbelblixt-mini-platt\/#primaryimage\"},\"thumbnailUrl\":\"https:\/\/xenonkungen.com\/wp-content\/uploads\/2025\/04\/14500_itemimage_mainfront.jpg\",\"datePublished\":\"2025-04-15T08:44:15+00:00\",\"dateModified\":\"2026-04-24T15:48:38+00:00\",\"breadcrumb\":{\"@id\":\"https:\/\/xenonkungen.com\/produkt\/briodlights-blixtljus-dubbelblixt-mini-platt\/#breadcrumb\"},\"inLanguage\":\"en-GB\",\"potentialAction\":[{\"@type\":\"ReadAction\",\"target\":[\"https:\/\/xenonkungen.com\/produkt\/briodlights-blixtljus-dubbelblixt-mini-platt\/\"]}]},{\"@type\":\"ImageObject\",\"inLanguage\":\"en-GB\",\"@id\":\"https:\/\/xenonkungen.com\/produkt\/briodlights-blixtljus-dubbelblixt-mini-platt\/#primaryimage\",\"url\":\"https:\/\/xenonkungen.com\/wp-content\/uploads\/2025\/04\/14500_itemimage_mainfront.jpg\",\"contentUrl\":\"https:\/\/xenonkungen.com\/wp-content\/uploads\/2025\/04\/14500_itemimage_mainfront.jpg\",\"width\":2048,\"height\":1536},{\"@type\":\"BreadcrumbList\",\"@id\":\"https:\/\/xenonkungen.com\/produkt\/briodlights-blixtljus-dubbelblixt-mini-platt\/#breadcrumb\",\"itemListElement\":[{\"@type\":\"ListItem\",\"position\":1,\"name\":\"Hem\",\"item\":\"https:\/\/xenonkungen.com\/\"},{\"@type\":\"ListItem\",\"position\":2,\"name\":\"Shop\",\"item\":\"https:\/\/xenonkungen.com\/shop\/\"},{\"@type\":\"ListItem\",\"position\":3,\"name\":\"BriodLights Blixtljus Dubbelblixt mini platt\"}]},{\"@type\":\"WebSite\",\"@id\":\"https:\/\/xenonkungen.com\/#website\",\"url\":\"https:\/\/xenonkungen.com\/\",\"name\":\"Xenonkungen\",\"description\":\"\",\"potentialAction\":[{\"@type\":\"SearchAction\",\"target\":{\"@type\":\"EntryPoint\",\"urlTemplate\":\"https:\/\/xenonkungen.com\/?s={search_term_string}\"},\"query-input\":{\"@type\":\"PropertyValueSpecification\",\"valueRequired\":true,\"valueName\":\"search_term_string\"}}],\"inLanguage\":\"en-GB\"}]}<\/script>\n<!-- \/ Yoast SEO plugin. -->","yoast_head_json":{"title":"BriodLights Flash Light Double Flash Mini Flat - Xenon King","robots":{"index":"index","follow":"follow","max-snippet":"max-snippet:-1","max-image-preview":"max-image-preview:large","max-video-preview":"max-video-preview:-1"},"canonical":"https:\/\/xenonkungen.com\/en\/product\/briodlights-flash-light-double-flash-mini-flat\/","og_locale":"en_GB","og_type":"article","og_title":"BriodLights Blixtljus Dubbelblixt mini platt - Xenonkungen","og_description":"BriodLights Liten Flexibel Blixtljus med Dubbelblixt BriodLights Liten Flexibel Blixtljus \u00e4r en robust och tillf\u00f6rlitlig l\u00f6sning f\u00f6r din varningsbelysning. Detta lilla blixtljus kommer med en dubbelblixt-funktion, vilket ger dig den synlighet du beh\u00f6ver under de mest kr\u00e4vande f\u00f6rh\u00e5llanden. Planmontage f\u00f6r enkel installation Tack vare sin plana design kan detta blixtljus monteras p\u00e5 n\u00e4stan vilken yta [&hellip;]","og_url":"https:\/\/xenonkungen.com\/en\/product\/briodlights-flash-light-double-flash-mini-flat\/","og_site_name":"Xenonkungen","article_modified_time":"2026-04-24T15:48:38+00:00","og_image":[{"width":2048,"height":1536,"url":"https:\/\/xenonkungen.com\/wp-content\/uploads\/2025\/04\/14500_itemimage_mainfront.jpg","type":"image\/jpeg"}],"twitter_card":"summary_large_image","twitter_misc":{"Estimated reading time":"1 minute"},"schema":{"@context":"https:\/\/schema.org","@graph":[{"@type":"WebPage","@id":"https:\/\/xenonkungen.com\/produkt\/briodlights-blixtljus-dubbelblixt-mini-platt\/","url":"https:\/\/xenonkungen.com\/produkt\/briodlights-blixtljus-dubbelblixt-mini-platt\/","name":"BriodLights Flash Light Double Flash Mini Flat - Xenon King","isPartOf":{"@id":"https:\/\/xenonkungen.com\/#website"},"primaryImageOfPage":{"@id":"https:\/\/xenonkungen.com\/produkt\/briodlights-blixtljus-dubbelblixt-mini-platt\/#primaryimage"},"image":{"@id":"https:\/\/xenonkungen.com\/produkt\/briodlights-blixtljus-dubbelblixt-mini-platt\/#primaryimage"},"thumbnailUrl":"https:\/\/xenonkungen.com\/wp-content\/uploads\/2025\/04\/14500_itemimage_mainfront.jpg","datePublished":"2025-04-15T08:44:15+00:00","dateModified":"2026-04-24T15:48:38+00:00","breadcrumb":{"@id":"https:\/\/xenonkungen.com\/produkt\/briodlights-blixtljus-dubbelblixt-mini-platt\/#breadcrumb"},"inLanguage":"en-GB","potentialAction":[{"@type":"ReadAction","target":["https:\/\/xenonkungen.com\/produkt\/briodlights-blixtljus-dubbelblixt-mini-platt\/"]}]},{"@type":"ImageObject","inLanguage":"en-GB","@id":"https:\/\/xenonkungen.com\/produkt\/briodlights-blixtljus-dubbelblixt-mini-platt\/#primaryimage","url":"https:\/\/xenonkungen.com\/wp-content\/uploads\/2025\/04\/14500_itemimage_mainfront.jpg","contentUrl":"https:\/\/xenonkungen.com\/wp-content\/uploads\/2025\/04\/14500_itemimage_mainfront.jpg","width":2048,"height":1536},{"@type":"BreadcrumbList","@id":"https:\/\/xenonkungen.com\/produkt\/briodlights-blixtljus-dubbelblixt-mini-platt\/#breadcrumb","itemListElement":[{"@type":"ListItem","position":1,"name":"Hem","item":"https:\/\/xenonkungen.com\/"},{"@type":"ListItem","position":2,"name":"Shop","item":"https:\/\/xenonkungen.com\/shop\/"},{"@type":"ListItem","position":3,"name":"BriodLights Blixtljus Dubbelblixt mini platt"}]},{"@type":"WebSite","@id":"https:\/\/xenonkungen.com\/#website","url":"https:\/\/xenonkungen.com\/","name":"Xenonkungen","description":"","potentialAction":[{"@type":"SearchAction","target":{"@type":"EntryPoint","urlTemplate":"https:\/\/xenonkungen.com\/?s={search_term_string}"},"query-input":{"@type":"PropertyValueSpecification","valueRequired":true,"valueName":"search_term_string"}}],"inLanguage":"en-GB"}]}},"taxonomy_info":{"product_brand":[{"value":92,"label":"Briodlights"}],"product_cat":[{"value":2553,"label":"Blixtljus - Riktat varningsljus"},{"value":1061,"label":"Varningsljus"}],"product_tag":[{"value":2788,"label":"black-week-exclude"}],"pa_faktisk-effekts-forbrukning":[{"value":932,"label":"3,4"}],"pa_fargtemperatur":[{"value":745,"label":"Amber"}],"pa_fuktskydd-varde-ipxx":[{"value":333,"label":"IP67"}],"pa_godkannande":[{"value":933,"label":"EMC, R10, R65, RoHS"}],"pa_lampsockel-kontakt":[{"value":324,"label":"Open Wire"}],"pa_storlek-mm":[{"value":913,"label":"101x32x13"}],"pa_volt-v":[{"value":776,"label":"12,24"}]},"featured_image_src_large":["https:\/\/xenonkungen.com\/wp-content\/uploads\/2025\/04\/14500_itemimage_mainfront-1024x768.jpg",1024,768,true],"author_info":[],"comment_info":0,"_links":{"self":[{"href":"https:\/\/xenonkungen.com\/en\/wp-json\/wp\/v2\/product\/2840","targetHints":{"allow":["GET"]}}],"collection":[{"href":"https:\/\/xenonkungen.com\/en\/wp-json\/wp\/v2\/product"}],"about":[{"href":"https:\/\/xenonkungen.com\/en\/wp-json\/wp\/v2\/types\/product"}],"replies":[{"embeddable":true,"href":"https:\/\/xenonkungen.com\/en\/wp-json\/wp\/v2\/comments?post=2840"}],"wp:featuredmedia":[{"embeddable":true,"href":"https:\/\/xenonkungen.com\/en\/wp-json\/wp\/v2\/media\/2841"}],"wp:attachment":[{"href":"https:\/\/xenonkungen.com\/en\/wp-json\/wp\/v2\/media?parent=2840"}],"wp:term":[{"taxonomy":"anvandningsomrade","embeddable":true,"href":"https:\/\/xenonkungen.com\/en\/wp-json\/wp\/v2\/anvandningsomrade?post=2840"},{"taxonomy":"bilmarken","embeddable":true,"href":"https:\/\/xenonkungen.com\/en\/wp-json\/wp\/v2\/bilmarken?post=2840"},{"taxonomy":"product_brand","embeddable":true,"href":"https:\/\/xenonkungen.com\/en\/wp-json\/wp\/v2\/product_brand?post=2840"},{"taxonomy":"product_cat","embeddable":true,"href":"https:\/\/xenonkungen.com\/en\/wp-json\/wp\/v2\/product_cat?post=2840"},{"taxonomy":"product_tag","embeddable":true,"href":"https:\/\/xenonkungen.com\/en\/wp-json\/wp\/v2\/product_tag?post=2840"}],"curies":[{"name":"wp","href":"https:\/\/api.w.org\/{rel}","templated":true}]}}