{"id":28979,"date":"2026-04-09T07:49:38","date_gmt":"2026-04-09T06:49:38","guid":{"rendered":"https:\/\/xenonkungen.com\/?post_type=product&#038;p=28979"},"modified":"2026-04-09T09:05:17","modified_gmt":"2026-04-09T08:05:17","slug":"meguiars-mvp-matte-vinyl-wrap-protection-detailer","status":"publish","type":"product","link":"https:\/\/xenonkungen.com\/en\/product\/meguiars-mvp-matte-vinyl-wrap-protection-detailer\/","title":{"rendered":"Meguiar&#039;s MVP Matte &amp; Vinyl Wrap Protection Detailer"},"content":{"rendered":"<div class=\"container product-information-wrapper\">\n<div id=\"product-information\" class=\"product-information\">\n<div class=\"product-description\">\n<article class=\"product-description\">\n<div class=\"content\">\n<h2>Meguiar\u2019s Matte &amp; Vinyl Wrap Protection Detailer<\/h2>\n<p>F\u00f6r bil\u00e4gare som vill\u00a0<strong>bevara och skydda<\/strong>\u00a0sina exteri\u00f6ra ytor erbjuder Meguiar\u2019s Matte &amp; Vinyl Wrap Protection Detailer en fantastisk l\u00f6sning. Denna produkt \u00e4r skapad f\u00f6r att leverera ett\u00a0<strong>perfect<\/strong>\u00a0resultat\u00a0<strong>fritt fr\u00e5n hologram<\/strong>\u00a0p\u00e5 matta, satina och blanka ytor. Oavsett om ditt fordon har mattsvart vinylfolie eller klarlack, \u00e4r denna detailer perfekt f\u00f6r alla glansgrader.<\/p>\n<p><strong>Funktion och f\u00f6rdelar:<\/strong><\/p>\n<ul>\n<li>Skyddar och bevarar folieringar, lackskyddsfilm (PPF) och lack.<\/li>\n<li>Fungerar utm\u00e4rkt p\u00e5 matta, satina och blanka ytor.<\/li>\n<li>L\u00e4mnar inga r\u00e4nder eller hologram, oavsett f\u00e4rg.<\/li>\n<li>Integrerat UV-skydd mot solblekning.<\/li>\n<\/ul>\n<p>Denna produkt \u00e4r enkel att anv\u00e4nda:\u00a0<em>spraya, torka och njut<\/em>\u00a0av en ren och skyddad yta. Perfekt f\u00f6r alla bilentusiaster som vill ge sitt fordon extra skydd och lyster.<\/p>\n<p><strong>Content (ml):<\/strong> 710<\/p>\n<\/div>\n<\/article>\n<\/div>\n<div>\n<div class=\"product-properties\"><\/div>\n<div id=\"product-reviews\" class=\"product-reviews\"><\/div>\n<\/div>\n<\/div>\n<\/div>\n<div class=\"container\">\n<div class=\"product-list product-page-lists__similar-products\">\n<div class=\"container\"><\/div>\n<\/div>\n<\/div>","protected":false},"excerpt":{"rendered":"<p>Skyddar och bevarar matta, satin och blanka ytor utan r\u00e4nder, med UV-skydd mot blekning.<\/p>","protected":false},"featured_media":28981,"comment_status":"open","ping_status":"closed","template":"","meta":{"_acf_changed":false,"_smort_price_nok":"","_smort_price_dkk":"","_smort_price_eur":"","_smort_sale_price_nok":"","_smort_sale_price_dkk":"","_smort_sale_price_eur":"","smort_restorder":"","shipmondo_restorder":"","_kad_blocks_custom_css":"","_kad_blocks_head_custom_js":"","_kad_blocks_body_custom_js":"","_kad_blocks_footer_custom_js":"","smort_custom_pricelist_1":"152.96","smort_custom_pricelist_2":"152.96","smort_custom_pricelist_3":"152.96","smort_custom_pricelist_4":"191.2","smort_custom_pricelist_5":"152.96"},"anvandningsomrade":[],"bilmarken":[],"product_brand":[1383],"product_cat":[2614,2986,378],"product_tag":[],"class_list":{"0":"post-28979","1":"product","2":"type-product","3":"status-publish","4":"has-post-thumbnail","6":"product_brand-meguiars","7":"product_cat-lackskydd","8":"product_cat-bilvard-och-tillbehor","9":"product_cat-bilvard","11":"first","12":"onbackorder","13":"taxable","14":"shipping-taxable","15":"purchasable","16":"product-type-simple"},"bundled_by":[],"bundle_stock_status":"onbackorder","bundle_stock_quantity":null,"bundle_virtual":false,"bundle_layout":"","bundle_add_to_cart_form_location":"","bundle_editable_in_cart":false,"bundle_sold_individually_context":"","bundle_item_grouping":"","bundle_min_size":"","bundle_max_size":"","bundle_price":[],"bundled_items":[],"bundle_sell_ids":[],"acf":[],"yoast_head":"<!-- This site is optimized with the Yoast SEO plugin v27.0 - https:\/\/yoast.com\/product\/yoast-seo-wordpress\/ -->\n<title>Meguiar&#039;s MVP Matte &amp; Vinyl Wrap Protection Detailer - Xenonkungen Meguiar\u2019s Matte &amp; Vinyl Wrap Protection Detailer \u2013 Skydd utan r\u00e4nder<\/title>\n<meta name=\"description\" content=\"Skydda matte, satina och blanka ytor med Meguiar\u2019s Matte &amp; Vinyl Wrap Detailer. Ger UV-skydd, inga r\u00e4nder eller hologram \u2013 enkelt spray &amp; torka.\" \/>\n<meta name=\"robots\" content=\"index, follow, max-snippet:-1, max-image-preview:large, max-video-preview:-1\" \/>\n<link rel=\"canonical\" href=\"https:\/\/xenonkungen.com\/en\/product\/meguiars-mvp-matte-vinyl-wrap-protection-detailer\/\" \/>\n<meta property=\"og:locale\" content=\"en_GB\" \/>\n<meta property=\"og:type\" content=\"article\" \/>\n<meta property=\"og:title\" content=\"Meguiar&#039;s MVP Matte &amp; Vinyl Wrap Protection Detailer - Xenonkungen Meguiar\u2019s Matte &amp; Vinyl Wrap Protection Detailer \u2013 Skydd utan r\u00e4nder\" \/>\n<meta property=\"og:description\" content=\"Skydda matte, satina och blanka ytor med Meguiar\u2019s Matte &amp; Vinyl Wrap Detailer. Ger UV-skydd, inga r\u00e4nder eller hologram \u2013 enkelt spray &amp; torka.\" \/>\n<meta property=\"og:url\" content=\"https:\/\/xenonkungen.com\/en\/product\/meguiars-mvp-matte-vinyl-wrap-protection-detailer\/\" \/>\n<meta property=\"og:site_name\" content=\"Xenonkungen\" \/>\n<meta property=\"article:modified_time\" content=\"2026-04-09T08:05:17+00:00\" \/>\n<meta property=\"og:image\" content=\"https:\/\/xenonkungen.com\/wp-content\/uploads\/2026\/04\/eyJrZXkiOiJzdG9yZV8yMzljN2Q0Yy01ODY4LTQ5NmEtYjM0NS1iN2I4OWIyODVhMTJcL2ltYWdlc1wvYTVKMWlNcGtSNUZKbk9VV3FFdDlLRG9hN3hEeWhkNkdYQ2VVR0xGNC5wbmciLC.webp\" \/>\n\t<meta property=\"og:image:width\" content=\"1024\" \/>\n\t<meta property=\"og:image:height\" content=\"1024\" \/>\n\t<meta property=\"og:image:type\" content=\"image\/webp\" \/>\n<meta name=\"twitter:card\" content=\"summary_large_image\" \/>\n<meta name=\"twitter:label1\" content=\"Estimated reading time\" \/>\n\t<meta name=\"twitter:data1\" content=\"1 minute\" \/>\n<script type=\"application\/ld+json\" class=\"yoast-schema-graph\">{\"@context\":\"https:\/\/schema.org\",\"@graph\":[{\"@type\":\"WebPage\",\"@id\":\"https:\/\/xenonkungen.com\/produkt\/meguiars-mvp-matte-vinyl-wrap-protection-detailer\/\",\"url\":\"https:\/\/xenonkungen.com\/produkt\/meguiars-mvp-matte-vinyl-wrap-protection-detailer\/\",\"name\":\"Meguiar's MVP Matte & Vinyl Wrap Protection Detailer - Xenonkungen Meguiar\u2019s Matte & Vinyl Wrap Protection Detailer \u2013 Skydd utan r\u00e4nder\",\"isPartOf\":{\"@id\":\"https:\/\/xenonkungen.com\/#website\"},\"primaryImageOfPage\":{\"@id\":\"https:\/\/xenonkungen.com\/produkt\/meguiars-mvp-matte-vinyl-wrap-protection-detailer\/#primaryimage\"},\"image\":{\"@id\":\"https:\/\/xenonkungen.com\/produkt\/meguiars-mvp-matte-vinyl-wrap-protection-detailer\/#primaryimage\"},\"thumbnailUrl\":\"https:\/\/xenonkungen.com\/wp-content\/uploads\/2026\/04\/eyJrZXkiOiJzdG9yZV8yMzljN2Q0Yy01ODY4LTQ5NmEtYjM0NS1iN2I4OWIyODVhMTJcL2ltYWdlc1wvYTVKMWlNcGtSNUZKbk9VV3FFdDlLRG9hN3hEeWhkNkdYQ2VVR0xGNC5wbmciLC.webp\",\"datePublished\":\"2026-04-09T06:49:38+00:00\",\"dateModified\":\"2026-04-09T08:05:17+00:00\",\"description\":\"Skydda matte, satina och blanka ytor med Meguiar\u2019s Matte & Vinyl Wrap Detailer. Ger UV-skydd, inga r\u00e4nder eller hologram \u2013 enkelt spray & torka.\",\"breadcrumb\":{\"@id\":\"https:\/\/xenonkungen.com\/produkt\/meguiars-mvp-matte-vinyl-wrap-protection-detailer\/#breadcrumb\"},\"inLanguage\":\"en-GB\",\"potentialAction\":[{\"@type\":\"ReadAction\",\"target\":[\"https:\/\/xenonkungen.com\/produkt\/meguiars-mvp-matte-vinyl-wrap-protection-detailer\/\"]}]},{\"@type\":\"ImageObject\",\"inLanguage\":\"en-GB\",\"@id\":\"https:\/\/xenonkungen.com\/produkt\/meguiars-mvp-matte-vinyl-wrap-protection-detailer\/#primaryimage\",\"url\":\"https:\/\/xenonkungen.com\/wp-content\/uploads\/2026\/04\/eyJrZXkiOiJzdG9yZV8yMzljN2Q0Yy01ODY4LTQ5NmEtYjM0NS1iN2I4OWIyODVhMTJcL2ltYWdlc1wvYTVKMWlNcGtSNUZKbk9VV3FFdDlLRG9hN3hEeWhkNkdYQ2VVR0xGNC5wbmciLC.webp\",\"contentUrl\":\"https:\/\/xenonkungen.com\/wp-content\/uploads\/2026\/04\/eyJrZXkiOiJzdG9yZV8yMzljN2Q0Yy01ODY4LTQ5NmEtYjM0NS1iN2I4OWIyODVhMTJcL2ltYWdlc1wvYTVKMWlNcGtSNUZKbk9VV3FFdDlLRG9hN3hEeWhkNkdYQ2VVR0xGNC5wbmciLC.webp\",\"width\":1024,\"height\":1024},{\"@type\":\"BreadcrumbList\",\"@id\":\"https:\/\/xenonkungen.com\/produkt\/meguiars-mvp-matte-vinyl-wrap-protection-detailer\/#breadcrumb\",\"itemListElement\":[{\"@type\":\"ListItem\",\"position\":1,\"name\":\"Hem\",\"item\":\"https:\/\/xenonkungen.com\/\"},{\"@type\":\"ListItem\",\"position\":2,\"name\":\"Shop\",\"item\":\"https:\/\/xenonkungen.com\/shop\/\"},{\"@type\":\"ListItem\",\"position\":3,\"name\":\"Meguiar&#8217;s MVP Matte &#038; Vinyl Wrap Protection Detailer\"}]},{\"@type\":\"WebSite\",\"@id\":\"https:\/\/xenonkungen.com\/#website\",\"url\":\"https:\/\/xenonkungen.com\/\",\"name\":\"Xenonkungen\",\"description\":\"\",\"potentialAction\":[{\"@type\":\"SearchAction\",\"target\":{\"@type\":\"EntryPoint\",\"urlTemplate\":\"https:\/\/xenonkungen.com\/?s={search_term_string}\"},\"query-input\":{\"@type\":\"PropertyValueSpecification\",\"valueRequired\":true,\"valueName\":\"search_term_string\"}}],\"inLanguage\":\"en-GB\"}]}<\/script>\n<!-- \/ Yoast SEO plugin. -->","yoast_head_json":{"title":"Meguiar's MVP Matte & Vinyl Wrap Protection Detailer - Xenonkungen Meguiar\u2019s Matte & Vinyl Wrap Protection Detailer \u2013 Skydd utan r\u00e4nder","description":"Skydda matte, satina och blanka ytor med Meguiar\u2019s Matte & Vinyl Wrap Detailer. Ger UV-skydd, inga r\u00e4nder eller hologram \u2013 enkelt spray & torka.","robots":{"index":"index","follow":"follow","max-snippet":"max-snippet:-1","max-image-preview":"max-image-preview:large","max-video-preview":"max-video-preview:-1"},"canonical":"https:\/\/xenonkungen.com\/en\/product\/meguiars-mvp-matte-vinyl-wrap-protection-detailer\/","og_locale":"en_GB","og_type":"article","og_title":"Meguiar's MVP Matte & Vinyl Wrap Protection Detailer - Xenonkungen Meguiar\u2019s Matte & Vinyl Wrap Protection Detailer \u2013 Skydd utan r\u00e4nder","og_description":"Skydda matte, satina och blanka ytor med Meguiar\u2019s Matte & Vinyl Wrap Detailer. Ger UV-skydd, inga r\u00e4nder eller hologram \u2013 enkelt spray & torka.","og_url":"https:\/\/xenonkungen.com\/en\/product\/meguiars-mvp-matte-vinyl-wrap-protection-detailer\/","og_site_name":"Xenonkungen","article_modified_time":"2026-04-09T08:05:17+00:00","og_image":[{"width":1024,"height":1024,"url":"https:\/\/xenonkungen.com\/wp-content\/uploads\/2026\/04\/eyJrZXkiOiJzdG9yZV8yMzljN2Q0Yy01ODY4LTQ5NmEtYjM0NS1iN2I4OWIyODVhMTJcL2ltYWdlc1wvYTVKMWlNcGtSNUZKbk9VV3FFdDlLRG9hN3hEeWhkNkdYQ2VVR0xGNC5wbmciLC.webp","type":"image\/webp"}],"twitter_card":"summary_large_image","twitter_misc":{"Estimated reading time":"1 minute"},"schema":{"@context":"https:\/\/schema.org","@graph":[{"@type":"WebPage","@id":"https:\/\/xenonkungen.com\/produkt\/meguiars-mvp-matte-vinyl-wrap-protection-detailer\/","url":"https:\/\/xenonkungen.com\/produkt\/meguiars-mvp-matte-vinyl-wrap-protection-detailer\/","name":"Meguiar's MVP Matte & Vinyl Wrap Protection Detailer - Xenonkungen Meguiar\u2019s Matte & Vinyl Wrap Protection Detailer \u2013 Skydd utan r\u00e4nder","isPartOf":{"@id":"https:\/\/xenonkungen.com\/#website"},"primaryImageOfPage":{"@id":"https:\/\/xenonkungen.com\/produkt\/meguiars-mvp-matte-vinyl-wrap-protection-detailer\/#primaryimage"},"image":{"@id":"https:\/\/xenonkungen.com\/produkt\/meguiars-mvp-matte-vinyl-wrap-protection-detailer\/#primaryimage"},"thumbnailUrl":"https:\/\/xenonkungen.com\/wp-content\/uploads\/2026\/04\/eyJrZXkiOiJzdG9yZV8yMzljN2Q0Yy01ODY4LTQ5NmEtYjM0NS1iN2I4OWIyODVhMTJcL2ltYWdlc1wvYTVKMWlNcGtSNUZKbk9VV3FFdDlLRG9hN3hEeWhkNkdYQ2VVR0xGNC5wbmciLC.webp","datePublished":"2026-04-09T06:49:38+00:00","dateModified":"2026-04-09T08:05:17+00:00","description":"Skydda matte, satina och blanka ytor med Meguiar\u2019s Matte & Vinyl Wrap Detailer. Ger UV-skydd, inga r\u00e4nder eller hologram \u2013 enkelt spray & torka.","breadcrumb":{"@id":"https:\/\/xenonkungen.com\/produkt\/meguiars-mvp-matte-vinyl-wrap-protection-detailer\/#breadcrumb"},"inLanguage":"en-GB","potentialAction":[{"@type":"ReadAction","target":["https:\/\/xenonkungen.com\/produkt\/meguiars-mvp-matte-vinyl-wrap-protection-detailer\/"]}]},{"@type":"ImageObject","inLanguage":"en-GB","@id":"https:\/\/xenonkungen.com\/produkt\/meguiars-mvp-matte-vinyl-wrap-protection-detailer\/#primaryimage","url":"https:\/\/xenonkungen.com\/wp-content\/uploads\/2026\/04\/eyJrZXkiOiJzdG9yZV8yMzljN2Q0Yy01ODY4LTQ5NmEtYjM0NS1iN2I4OWIyODVhMTJcL2ltYWdlc1wvYTVKMWlNcGtSNUZKbk9VV3FFdDlLRG9hN3hEeWhkNkdYQ2VVR0xGNC5wbmciLC.webp","contentUrl":"https:\/\/xenonkungen.com\/wp-content\/uploads\/2026\/04\/eyJrZXkiOiJzdG9yZV8yMzljN2Q0Yy01ODY4LTQ5NmEtYjM0NS1iN2I4OWIyODVhMTJcL2ltYWdlc1wvYTVKMWlNcGtSNUZKbk9VV3FFdDlLRG9hN3hEeWhkNkdYQ2VVR0xGNC5wbmciLC.webp","width":1024,"height":1024},{"@type":"BreadcrumbList","@id":"https:\/\/xenonkungen.com\/produkt\/meguiars-mvp-matte-vinyl-wrap-protection-detailer\/#breadcrumb","itemListElement":[{"@type":"ListItem","position":1,"name":"Hem","item":"https:\/\/xenonkungen.com\/"},{"@type":"ListItem","position":2,"name":"Shop","item":"https:\/\/xenonkungen.com\/shop\/"},{"@type":"ListItem","position":3,"name":"Meguiar&#8217;s MVP Matte &#038; Vinyl Wrap Protection Detailer"}]},{"@type":"WebSite","@id":"https:\/\/xenonkungen.com\/#website","url":"https:\/\/xenonkungen.com\/","name":"Xenonkungen","description":"","potentialAction":[{"@type":"SearchAction","target":{"@type":"EntryPoint","urlTemplate":"https:\/\/xenonkungen.com\/?s={search_term_string}"},"query-input":{"@type":"PropertyValueSpecification","valueRequired":true,"valueName":"search_term_string"}}],"inLanguage":"en-GB"}]}},"taxonomy_info":{"product_brand":[{"value":1383,"label":"Meguiar's"}],"product_cat":[{"value":2614,"label":"4 | Bilvax &amp; Lackskydd"},{"value":2986,"label":"Bilv\u00e5rd &amp; Tillbeh\u00f6r"},{"value":378,"label":"Bilv\u00e5rd"}]},"featured_image_src_large":["https:\/\/xenonkungen.com\/wp-content\/uploads\/2026\/04\/eyJrZXkiOiJzdG9yZV8yMzljN2Q0Yy01ODY4LTQ5NmEtYjM0NS1iN2I4OWIyODVhMTJcL2ltYWdlc1wvYTVKMWlNcGtSNUZKbk9VV3FFdDlLRG9hN3hEeWhkNkdYQ2VVR0xGNC5wbmciLC.webp",1024,1024,false],"author_info":[],"comment_info":0,"_links":{"self":[{"href":"https:\/\/xenonkungen.com\/en\/wp-json\/wp\/v2\/product\/28979","targetHints":{"allow":["GET"]}}],"collection":[{"href":"https:\/\/xenonkungen.com\/en\/wp-json\/wp\/v2\/product"}],"about":[{"href":"https:\/\/xenonkungen.com\/en\/wp-json\/wp\/v2\/types\/product"}],"replies":[{"embeddable":true,"href":"https:\/\/xenonkungen.com\/en\/wp-json\/wp\/v2\/comments?post=28979"}],"wp:featuredmedia":[{"embeddable":true,"href":"https:\/\/xenonkungen.com\/en\/wp-json\/wp\/v2\/media\/28981"}],"wp:attachment":[{"href":"https:\/\/xenonkungen.com\/en\/wp-json\/wp\/v2\/media?parent=28979"}],"wp:term":[{"taxonomy":"anvandningsomrade","embeddable":true,"href":"https:\/\/xenonkungen.com\/en\/wp-json\/wp\/v2\/anvandningsomrade?post=28979"},{"taxonomy":"bilmarken","embeddable":true,"href":"https:\/\/xenonkungen.com\/en\/wp-json\/wp\/v2\/bilmarken?post=28979"},{"taxonomy":"product_brand","embeddable":true,"href":"https:\/\/xenonkungen.com\/en\/wp-json\/wp\/v2\/product_brand?post=28979"},{"taxonomy":"product_cat","embeddable":true,"href":"https:\/\/xenonkungen.com\/en\/wp-json\/wp\/v2\/product_cat?post=28979"},{"taxonomy":"product_tag","embeddable":true,"href":"https:\/\/xenonkungen.com\/en\/wp-json\/wp\/v2\/product_tag?post=28979"}],"curies":[{"name":"wp","href":"https:\/\/api.w.org\/{rel}","templated":true}]}}