{"id":28992,"date":"2026-04-09T08:10:15","date_gmt":"2026-04-09T07:10:15","guid":{"rendered":"https:\/\/xenonkungen.com\/?post_type=product&#038;p=28992"},"modified":"2026-04-09T09:00:53","modified_gmt":"2026-04-09T08:00:53","slug":"meguiars-foaming-floormat-carpet-cleaner","status":"publish","type":"product","link":"https:\/\/xenonkungen.com\/en\/product\/meguiars-foaming-floormat-carpet-cleaner\/","title":{"rendered":"Meguiar&#039;s Foaming Floormat &amp; Carpet Cleaner"},"content":{"rendered":"<p>Ge din bils interi\u00f6r en uppfr\u00e4schning med v\u00e5r\u00a0<strong>Foaming Floormat &amp; Carpet Cleaner<\/strong>. Denna h\u00f6gskummande reng\u00f6ringsprodukt \u00e4r designad f\u00f6r att snabbt och effektivt avl\u00e4gsna smuts, fett, ingrodd smuts och olika typer av matfl\u00e4ckar. Passar utm\u00e4rkt f\u00f6r alla typer av golvmattor, inklusive gummi, syntetmaterial och textil.<\/p>\n<p>Produkten \u00e4r enkel att anv\u00e4nda och kan appliceras med en trasa, borste eller en borrmaskinsmonterad borste f\u00f6r en \u00e4nnu mer grundlig reng\u00f6ring. Skummet tr\u00e4nger djupt in i fibrerna, vilket garanterar att \u00e4ven den mest envisa smutsen l\u00f6ses upp och avl\u00e4gsnas.<\/p>\n<p>Med Foaming Floormat &amp; Carpet Cleaner kan du vara s\u00e4ker p\u00e5 att din bil alltid \u00e4r i toppskick. Upplev den fr\u00e4scha k\u00e4nslan av en ren bilinteri\u00f6r och f\u00e5 den att se ut som ny igen.<\/p>\n<p><strong>Content (ml):<\/strong> 473<\/p>","protected":false},"excerpt":{"rendered":"<p>Effektivt h\u00f6gskummande reng\u00f6ringsmedel f\u00f6r golvmattor och tyg som avl\u00e4gsnar smuts, fett och fl\u00e4ckar.<\/p>","protected":false},"featured_media":28994,"comment_status":"open","ping_status":"closed","template":"","meta":{"_acf_changed":false,"_smort_price_nok":"","_smort_price_dkk":"","_smort_price_eur":"","_smort_sale_price_nok":"","_smort_sale_price_dkk":"","_smort_sale_price_eur":"","smort_restorder":"","shipmondo_restorder":"","_kad_blocks_custom_css":"","_kad_blocks_head_custom_js":"","_kad_blocks_body_custom_js":"","_kad_blocks_footer_custom_js":"","smort_custom_pricelist_1":"140.16","smort_custom_pricelist_2":"140.16","smort_custom_pricelist_3":"140.16","smort_custom_pricelist_4":"175.2","smort_custom_pricelist_5":"140.16"},"anvandningsomrade":[],"bilmarken":[],"product_brand":[1383],"product_cat":[2986,2618,2935,378],"product_tag":[],"class_list":{"0":"post-28992","1":"product","2":"type-product","3":"status-publish","4":"has-post-thumbnail","6":"product_brand-meguiars","7":"product_cat-bilvard-och-tillbehor","8":"product_cat-interior","9":"product_cat-interiorvard","10":"product_cat-bilvard","12":"first","13":"onbackorder","14":"taxable","15":"shipping-taxable","16":"purchasable","17":"product-type-simple"},"bundled_by":[],"bundle_stock_status":"onbackorder","bundle_stock_quantity":null,"bundle_virtual":false,"bundle_layout":"","bundle_add_to_cart_form_location":"","bundle_editable_in_cart":false,"bundle_sold_individually_context":"","bundle_item_grouping":"","bundle_min_size":"","bundle_max_size":"","bundle_price":[],"bundled_items":[],"bundle_sell_ids":[],"acf":[],"yoast_head":"<!-- This site is optimized with the Yoast SEO plugin v27.0 - https:\/\/yoast.com\/product\/yoast-seo-wordpress\/ -->\n<title>Meguiar&#039;s Foaming Floormat &amp; Carpet Cleaner - Xenonkungen Foaming Floormat &amp; Carpet Cleaner \u2013 Effektiv reng\u00f6ring av bilmattor<\/title>\n<meta name=\"description\" content=\"Kraftfull skumreng\u00f6ring f\u00f6r bilmattor och textil. L\u00f6ser smuts, fett och fl\u00e4ckar snabbt \u2013 passar gummi, tyg och syntetmaterial.\" \/>\n<meta name=\"robots\" content=\"index, follow, max-snippet:-1, max-image-preview:large, max-video-preview:-1\" \/>\n<link rel=\"canonical\" href=\"https:\/\/xenonkungen.com\/en\/product\/meguiars-foaming-floormat-carpet-cleaner\/\" \/>\n<meta property=\"og:locale\" content=\"en_GB\" \/>\n<meta property=\"og:type\" content=\"article\" \/>\n<meta property=\"og:title\" content=\"Meguiar&#039;s Foaming Floormat &amp; Carpet Cleaner - Xenonkungen Foaming Floormat &amp; Carpet Cleaner \u2013 Effektiv reng\u00f6ring av bilmattor\" \/>\n<meta property=\"og:description\" content=\"Kraftfull skumreng\u00f6ring f\u00f6r bilmattor och textil. L\u00f6ser smuts, fett och fl\u00e4ckar snabbt \u2013 passar gummi, tyg och syntetmaterial.\" \/>\n<meta property=\"og:url\" content=\"https:\/\/xenonkungen.com\/en\/product\/meguiars-foaming-floormat-carpet-cleaner\/\" \/>\n<meta property=\"og:site_name\" content=\"Xenonkungen\" \/>\n<meta property=\"article:modified_time\" content=\"2026-04-09T08:00:53+00:00\" \/>\n<meta property=\"og:image\" content=\"https:\/\/xenonkungen.com\/wp-content\/uploads\/2026\/04\/eyJrZXkiOiJzdG9yZV8yMzljN2Q0Yy01ODY4LTQ5NmEtYjM0NS1iN2I4OWIyODVhMTJcL2ltYWdlc1wvYTZWUjZXN1JKWnl2OVdOUWc3eUtZSUdUMlQxMlRxa1p5WVlzaTRyay5wbmciLC.webp\" \/>\n\t<meta property=\"og:image:width\" content=\"1024\" \/>\n\t<meta property=\"og:image:height\" content=\"1024\" \/>\n\t<meta property=\"og:image:type\" content=\"image\/webp\" \/>\n<meta name=\"twitter:card\" content=\"summary_large_image\" \/>\n<meta name=\"twitter:label1\" content=\"Estimated reading time\" \/>\n\t<meta name=\"twitter:data1\" content=\"1 minute\" \/>\n<script type=\"application\/ld+json\" class=\"yoast-schema-graph\">{\"@context\":\"https:\/\/schema.org\",\"@graph\":[{\"@type\":\"WebPage\",\"@id\":\"https:\/\/xenonkungen.com\/produkt\/meguiars-foaming-floormat-carpet-cleaner\/\",\"url\":\"https:\/\/xenonkungen.com\/produkt\/meguiars-foaming-floormat-carpet-cleaner\/\",\"name\":\"Meguiar's Foaming Floormat & Carpet Cleaner - Xenonkungen Foaming Floormat & Carpet Cleaner \u2013 Effektiv reng\u00f6ring av bilmattor\",\"isPartOf\":{\"@id\":\"https:\/\/xenonkungen.com\/#website\"},\"primaryImageOfPage\":{\"@id\":\"https:\/\/xenonkungen.com\/produkt\/meguiars-foaming-floormat-carpet-cleaner\/#primaryimage\"},\"image\":{\"@id\":\"https:\/\/xenonkungen.com\/produkt\/meguiars-foaming-floormat-carpet-cleaner\/#primaryimage\"},\"thumbnailUrl\":\"https:\/\/xenonkungen.com\/wp-content\/uploads\/2026\/04\/eyJrZXkiOiJzdG9yZV8yMzljN2Q0Yy01ODY4LTQ5NmEtYjM0NS1iN2I4OWIyODVhMTJcL2ltYWdlc1wvYTZWUjZXN1JKWnl2OVdOUWc3eUtZSUdUMlQxMlRxa1p5WVlzaTRyay5wbmciLC.webp\",\"datePublished\":\"2026-04-09T07:10:15+00:00\",\"dateModified\":\"2026-04-09T08:00:53+00:00\",\"description\":\"Kraftfull skumreng\u00f6ring f\u00f6r bilmattor och textil. L\u00f6ser smuts, fett och fl\u00e4ckar snabbt \u2013 passar gummi, tyg och syntetmaterial.\",\"breadcrumb\":{\"@id\":\"https:\/\/xenonkungen.com\/produkt\/meguiars-foaming-floormat-carpet-cleaner\/#breadcrumb\"},\"inLanguage\":\"en-GB\",\"potentialAction\":[{\"@type\":\"ReadAction\",\"target\":[\"https:\/\/xenonkungen.com\/produkt\/meguiars-foaming-floormat-carpet-cleaner\/\"]}]},{\"@type\":\"ImageObject\",\"inLanguage\":\"en-GB\",\"@id\":\"https:\/\/xenonkungen.com\/produkt\/meguiars-foaming-floormat-carpet-cleaner\/#primaryimage\",\"url\":\"https:\/\/xenonkungen.com\/wp-content\/uploads\/2026\/04\/eyJrZXkiOiJzdG9yZV8yMzljN2Q0Yy01ODY4LTQ5NmEtYjM0NS1iN2I4OWIyODVhMTJcL2ltYWdlc1wvYTZWUjZXN1JKWnl2OVdOUWc3eUtZSUdUMlQxMlRxa1p5WVlzaTRyay5wbmciLC.webp\",\"contentUrl\":\"https:\/\/xenonkungen.com\/wp-content\/uploads\/2026\/04\/eyJrZXkiOiJzdG9yZV8yMzljN2Q0Yy01ODY4LTQ5NmEtYjM0NS1iN2I4OWIyODVhMTJcL2ltYWdlc1wvYTZWUjZXN1JKWnl2OVdOUWc3eUtZSUdUMlQxMlRxa1p5WVlzaTRyay5wbmciLC.webp\",\"width\":1024,\"height\":1024},{\"@type\":\"BreadcrumbList\",\"@id\":\"https:\/\/xenonkungen.com\/produkt\/meguiars-foaming-floormat-carpet-cleaner\/#breadcrumb\",\"itemListElement\":[{\"@type\":\"ListItem\",\"position\":1,\"name\":\"Hem\",\"item\":\"https:\/\/xenonkungen.com\/\"},{\"@type\":\"ListItem\",\"position\":2,\"name\":\"Shop\",\"item\":\"https:\/\/xenonkungen.com\/shop\/\"},{\"@type\":\"ListItem\",\"position\":3,\"name\":\"Meguiar&#8217;s Foaming Floormat &#038; Carpet Cleaner\"}]},{\"@type\":\"WebSite\",\"@id\":\"https:\/\/xenonkungen.com\/#website\",\"url\":\"https:\/\/xenonkungen.com\/\",\"name\":\"Xenonkungen\",\"description\":\"\",\"potentialAction\":[{\"@type\":\"SearchAction\",\"target\":{\"@type\":\"EntryPoint\",\"urlTemplate\":\"https:\/\/xenonkungen.com\/?s={search_term_string}\"},\"query-input\":{\"@type\":\"PropertyValueSpecification\",\"valueRequired\":true,\"valueName\":\"search_term_string\"}}],\"inLanguage\":\"en-GB\"}]}<\/script>\n<!-- \/ Yoast SEO plugin. -->","yoast_head_json":{"title":"Meguiar's Foaming Floormat & Carpet Cleaner - Xenonkungen Foaming Floormat & Carpet Cleaner \u2013 Effektiv reng\u00f6ring av bilmattor","description":"Kraftfull skumreng\u00f6ring f\u00f6r bilmattor och textil. L\u00f6ser smuts, fett och fl\u00e4ckar snabbt \u2013 passar gummi, tyg och syntetmaterial.","robots":{"index":"index","follow":"follow","max-snippet":"max-snippet:-1","max-image-preview":"max-image-preview:large","max-video-preview":"max-video-preview:-1"},"canonical":"https:\/\/xenonkungen.com\/en\/product\/meguiars-foaming-floormat-carpet-cleaner\/","og_locale":"en_GB","og_type":"article","og_title":"Meguiar's Foaming Floormat & Carpet Cleaner - Xenonkungen Foaming Floormat & Carpet Cleaner \u2013 Effektiv reng\u00f6ring av bilmattor","og_description":"Kraftfull skumreng\u00f6ring f\u00f6r bilmattor och textil. L\u00f6ser smuts, fett och fl\u00e4ckar snabbt \u2013 passar gummi, tyg och syntetmaterial.","og_url":"https:\/\/xenonkungen.com\/en\/product\/meguiars-foaming-floormat-carpet-cleaner\/","og_site_name":"Xenonkungen","article_modified_time":"2026-04-09T08:00:53+00:00","og_image":[{"width":1024,"height":1024,"url":"https:\/\/xenonkungen.com\/wp-content\/uploads\/2026\/04\/eyJrZXkiOiJzdG9yZV8yMzljN2Q0Yy01ODY4LTQ5NmEtYjM0NS1iN2I4OWIyODVhMTJcL2ltYWdlc1wvYTZWUjZXN1JKWnl2OVdOUWc3eUtZSUdUMlQxMlRxa1p5WVlzaTRyay5wbmciLC.webp","type":"image\/webp"}],"twitter_card":"summary_large_image","twitter_misc":{"Estimated reading time":"1 minute"},"schema":{"@context":"https:\/\/schema.org","@graph":[{"@type":"WebPage","@id":"https:\/\/xenonkungen.com\/produkt\/meguiars-foaming-floormat-carpet-cleaner\/","url":"https:\/\/xenonkungen.com\/produkt\/meguiars-foaming-floormat-carpet-cleaner\/","name":"Meguiar's Foaming Floormat & Carpet Cleaner - Xenonkungen Foaming Floormat & Carpet Cleaner \u2013 Effektiv reng\u00f6ring av bilmattor","isPartOf":{"@id":"https:\/\/xenonkungen.com\/#website"},"primaryImageOfPage":{"@id":"https:\/\/xenonkungen.com\/produkt\/meguiars-foaming-floormat-carpet-cleaner\/#primaryimage"},"image":{"@id":"https:\/\/xenonkungen.com\/produkt\/meguiars-foaming-floormat-carpet-cleaner\/#primaryimage"},"thumbnailUrl":"https:\/\/xenonkungen.com\/wp-content\/uploads\/2026\/04\/eyJrZXkiOiJzdG9yZV8yMzljN2Q0Yy01ODY4LTQ5NmEtYjM0NS1iN2I4OWIyODVhMTJcL2ltYWdlc1wvYTZWUjZXN1JKWnl2OVdOUWc3eUtZSUdUMlQxMlRxa1p5WVlzaTRyay5wbmciLC.webp","datePublished":"2026-04-09T07:10:15+00:00","dateModified":"2026-04-09T08:00:53+00:00","description":"Kraftfull skumreng\u00f6ring f\u00f6r bilmattor och textil. L\u00f6ser smuts, fett och fl\u00e4ckar snabbt \u2013 passar gummi, tyg och syntetmaterial.","breadcrumb":{"@id":"https:\/\/xenonkungen.com\/produkt\/meguiars-foaming-floormat-carpet-cleaner\/#breadcrumb"},"inLanguage":"en-GB","potentialAction":[{"@type":"ReadAction","target":["https:\/\/xenonkungen.com\/produkt\/meguiars-foaming-floormat-carpet-cleaner\/"]}]},{"@type":"ImageObject","inLanguage":"en-GB","@id":"https:\/\/xenonkungen.com\/produkt\/meguiars-foaming-floormat-carpet-cleaner\/#primaryimage","url":"https:\/\/xenonkungen.com\/wp-content\/uploads\/2026\/04\/eyJrZXkiOiJzdG9yZV8yMzljN2Q0Yy01ODY4LTQ5NmEtYjM0NS1iN2I4OWIyODVhMTJcL2ltYWdlc1wvYTZWUjZXN1JKWnl2OVdOUWc3eUtZSUdUMlQxMlRxa1p5WVlzaTRyay5wbmciLC.webp","contentUrl":"https:\/\/xenonkungen.com\/wp-content\/uploads\/2026\/04\/eyJrZXkiOiJzdG9yZV8yMzljN2Q0Yy01ODY4LTQ5NmEtYjM0NS1iN2I4OWIyODVhMTJcL2ltYWdlc1wvYTZWUjZXN1JKWnl2OVdOUWc3eUtZSUdUMlQxMlRxa1p5WVlzaTRyay5wbmciLC.webp","width":1024,"height":1024},{"@type":"BreadcrumbList","@id":"https:\/\/xenonkungen.com\/produkt\/meguiars-foaming-floormat-carpet-cleaner\/#breadcrumb","itemListElement":[{"@type":"ListItem","position":1,"name":"Hem","item":"https:\/\/xenonkungen.com\/"},{"@type":"ListItem","position":2,"name":"Shop","item":"https:\/\/xenonkungen.com\/shop\/"},{"@type":"ListItem","position":3,"name":"Meguiar&#8217;s Foaming Floormat &#038; Carpet Cleaner"}]},{"@type":"WebSite","@id":"https:\/\/xenonkungen.com\/#website","url":"https:\/\/xenonkungen.com\/","name":"Xenonkungen","description":"","potentialAction":[{"@type":"SearchAction","target":{"@type":"EntryPoint","urlTemplate":"https:\/\/xenonkungen.com\/?s={search_term_string}"},"query-input":{"@type":"PropertyValueSpecification","valueRequired":true,"valueName":"search_term_string"}}],"inLanguage":"en-GB"}]}},"taxonomy_info":{"product_brand":[{"value":1383,"label":"Meguiar's"}],"product_cat":[{"value":2986,"label":"Bilv\u00e5rd &amp; Tillbeh\u00f6r"},{"value":2618,"label":"Interi\u00f6r"},{"value":2935,"label":"Interi\u00f6rv\u00e5rd"},{"value":378,"label":"Bilv\u00e5rd"}]},"featured_image_src_large":["https:\/\/xenonkungen.com\/wp-content\/uploads\/2026\/04\/eyJrZXkiOiJzdG9yZV8yMzljN2Q0Yy01ODY4LTQ5NmEtYjM0NS1iN2I4OWIyODVhMTJcL2ltYWdlc1wvYTZWUjZXN1JKWnl2OVdOUWc3eUtZSUdUMlQxMlRxa1p5WVlzaTRyay5wbmciLC.webp",1024,1024,false],"author_info":[],"comment_info":0,"_links":{"self":[{"href":"https:\/\/xenonkungen.com\/en\/wp-json\/wp\/v2\/product\/28992","targetHints":{"allow":["GET"]}}],"collection":[{"href":"https:\/\/xenonkungen.com\/en\/wp-json\/wp\/v2\/product"}],"about":[{"href":"https:\/\/xenonkungen.com\/en\/wp-json\/wp\/v2\/types\/product"}],"replies":[{"embeddable":true,"href":"https:\/\/xenonkungen.com\/en\/wp-json\/wp\/v2\/comments?post=28992"}],"wp:featuredmedia":[{"embeddable":true,"href":"https:\/\/xenonkungen.com\/en\/wp-json\/wp\/v2\/media\/28994"}],"wp:attachment":[{"href":"https:\/\/xenonkungen.com\/en\/wp-json\/wp\/v2\/media?parent=28992"}],"wp:term":[{"taxonomy":"anvandningsomrade","embeddable":true,"href":"https:\/\/xenonkungen.com\/en\/wp-json\/wp\/v2\/anvandningsomrade?post=28992"},{"taxonomy":"bilmarken","embeddable":true,"href":"https:\/\/xenonkungen.com\/en\/wp-json\/wp\/v2\/bilmarken?post=28992"},{"taxonomy":"product_brand","embeddable":true,"href":"https:\/\/xenonkungen.com\/en\/wp-json\/wp\/v2\/product_brand?post=28992"},{"taxonomy":"product_cat","embeddable":true,"href":"https:\/\/xenonkungen.com\/en\/wp-json\/wp\/v2\/product_cat?post=28992"},{"taxonomy":"product_tag","embeddable":true,"href":"https:\/\/xenonkungen.com\/en\/wp-json\/wp\/v2\/product_tag?post=28992"}],"curies":[{"name":"wp","href":"https:\/\/api.w.org\/{rel}","templated":true}]}}