{"id":29030,"date":"2026-04-09T13:14:03","date_gmt":"2026-04-09T12:14:03","guid":{"rendered":"https:\/\/xenonkungen.com\/?post_type=product&#038;p=29030"},"modified":"2026-04-09T15:15:51","modified_gmt":"2026-04-09T14:15:51","slug":"luxtar-airjazz-plum-and-coconut","status":"publish","type":"product","link":"https:\/\/xenonkungen.com\/en\/product\/luxtar-airjazz-plum-and-coconut\/","title":{"rendered":"Luxtar AirJazz \u2013 Plum and Coconut"},"content":{"rendered":"<p data-start=\"373\" data-end=\"438\"><strong data-start=\"373\" data-end=\"436\">Fresh and refreshing scent throughout the car via the ventilation<\/strong><\/p>\n<p data-start=\"440\" data-end=\"651\">Give your car a new sense of freshness with this air freshener from Xenonkungen. The combination of Plum &amp; Coconut creates a refreshing and pleasant scent that is spread evenly throughout the cabin via the car&#039;s ventilation system.<\/p>\n<h2 data-section-id=\"x56ajl\" data-start=\"653\" data-end=\"701\"><span role=\"text\"><strong data-start=\"656\" data-end=\"699\">Easy assembly and efficient spreading<\/strong><\/span><\/h2>\n<p data-start=\"702\" data-end=\"903\">The air freshener is easily attached to the ventilation grille, making installation quick and easy without tools. As the air circulates in the car, the scent is effectively dispersed, providing even and long-lasting freshness.<\/p>\n<h2 data-section-id=\"1pmzg04\" data-start=\"905\" data-end=\"946\"><span role=\"text\"><strong data-start=\"908\" data-end=\"944\">Stylish design with a premium feel<\/strong><\/span><\/h2>\n<p data-start=\"947\" data-end=\"1126\">The elegant wooden design together with the Xenon King logo gives a stylish and exclusive impression in the car&#039;s interior. Perfect for those who want to combine function with stylish design.<\/p>","protected":false},"excerpt":{"rendered":"<p>Freshen up your car with a refreshing scent of Plum &amp; Coconut. Stylish wooden design with Xenonkungen logo and easy installation in the ventilation grille for even fragrance distribution.<\/p>","protected":false},"featured_media":29033,"comment_status":"open","ping_status":"closed","template":"","meta":{"_acf_changed":false,"_smort_price_nok":"","_smort_price_dkk":"","_smort_price_eur":"","_smort_sale_price_nok":"","_smort_sale_price_dkk":"","_smort_sale_price_eur":"","smort_restorder":"","shipmondo_restorder":"","_kad_blocks_custom_css":"","_kad_blocks_head_custom_js":"","_kad_blocks_body_custom_js":"","_kad_blocks_footer_custom_js":"","smort_custom_pricelist_1":"109.2","smort_custom_pricelist_2":"109.2","smort_custom_pricelist_3":"101.4","smort_custom_pricelist_4":"156","smort_custom_pricelist_5":"109.2"},"anvandningsomrade":[],"bilmarken":[],"product_brand":[2235],"product_cat":[2986,2447,2991,378],"product_tag":[],"class_list":{"0":"post-29030","1":"product","2":"type-product","3":"status-publish","4":"has-post-thumbnail","6":"product_brand-meguiars-xenonkungen","7":"product_cat-bilvard-och-tillbehor","8":"product_cat-doft","9":"product_cat-luktborttagning-doft","10":"product_cat-bilvard","12":"first","13":"instock","14":"taxable","15":"shipping-taxable","16":"purchasable","17":"product-type-simple"},"bundled_by":[],"bundle_stock_status":"instock","bundle_stock_quantity":93,"bundle_virtual":false,"bundle_layout":"","bundle_add_to_cart_form_location":"","bundle_editable_in_cart":false,"bundle_sold_individually_context":"","bundle_item_grouping":"","bundle_min_size":"","bundle_max_size":"","bundle_price":[],"bundled_items":[],"bundle_sell_ids":[],"acf":[],"yoast_head":"<!-- This site is optimized with the Yoast SEO plugin v27.0 - https:\/\/yoast.com\/product\/yoast-seo-wordpress\/ -->\n<title>Luxtar AirJazz - Plum and Coconut - Xenonkungen Luftfr\u00e4schare Ventilation Plum &amp; Coconut Tr\u00e4design, Xenonkungen - Luxtar<\/title>\n<meta name=\"description\" content=\"K\u00f6p Luftfr\u00e4schare Ventilation Plum &amp; Coconut Tr\u00e4design, Xenonkungen. Uppfriskande doft via ventilationen. Snabb leverans. \u00d6ppet k\u00f6p 30 dagar. Handla enkelt p\u00e5 xenonkungen.com!\" \/>\n<meta name=\"robots\" content=\"index, follow, max-snippet:-1, max-image-preview:large, max-video-preview:-1\" \/>\n<link rel=\"canonical\" href=\"https:\/\/xenonkungen.com\/en\/product\/luxtar-airjazz-plum-and-coconut\/\" \/>\n<meta property=\"og:locale\" content=\"en_GB\" \/>\n<meta property=\"og:type\" content=\"article\" \/>\n<meta property=\"og:title\" content=\"Luxtar AirJazz - Plum and Coconut - Xenonkungen Luftfr\u00e4schare Ventilation Plum &amp; Coconut Tr\u00e4design, Xenonkungen - Luxtar\" \/>\n<meta property=\"og:description\" content=\"K\u00f6p Luftfr\u00e4schare Ventilation Plum &amp; Coconut Tr\u00e4design, Xenonkungen. Uppfriskande doft via ventilationen. Snabb leverans. \u00d6ppet k\u00f6p 30 dagar. Handla enkelt p\u00e5 xenonkungen.com!\" \/>\n<meta property=\"og:url\" content=\"https:\/\/xenonkungen.com\/en\/product\/luxtar-airjazz-plum-and-coconut\/\" \/>\n<meta property=\"og:site_name\" content=\"Xenonkungen\" \/>\n<meta property=\"article:modified_time\" content=\"2026-04-09T14:15:51+00:00\" \/>\n<meta property=\"og:image\" content=\"https:\/\/xenonkungen.com\/wp-content\/uploads\/2026\/04\/AIRJAZZ-Xenonkungen-Plum-and-Coconut-ArtNr8801-KZ261185-2000px-PNNG-1024x704.png\" \/>\n\t<meta property=\"og:image:width\" content=\"1024\" \/>\n\t<meta property=\"og:image:height\" content=\"704\" \/>\n\t<meta property=\"og:image:type\" content=\"image\/png\" \/>\n<meta name=\"twitter:card\" content=\"summary_large_image\" \/>\n<meta name=\"twitter:label1\" content=\"Estimated reading time\" \/>\n\t<meta name=\"twitter:data1\" content=\"1 minute\" \/>\n<script type=\"application\/ld+json\" class=\"yoast-schema-graph\">{\"@context\":\"https:\/\/schema.org\",\"@graph\":[{\"@type\":\"WebPage\",\"@id\":\"https:\/\/xenonkungen.com\/produkt\/luxtar-airjazz-plum-and-coconut\/\",\"url\":\"https:\/\/xenonkungen.com\/produkt\/luxtar-airjazz-plum-and-coconut\/\",\"name\":\"Luxtar AirJazz - Plum and Coconut - Xenonkungen Luftfr\u00e4schare Ventilation Plum & Coconut Tr\u00e4design, Xenonkungen - Luxtar\",\"isPartOf\":{\"@id\":\"https:\/\/xenonkungen.com\/#website\"},\"primaryImageOfPage\":{\"@id\":\"https:\/\/xenonkungen.com\/produkt\/luxtar-airjazz-plum-and-coconut\/#primaryimage\"},\"image\":{\"@id\":\"https:\/\/xenonkungen.com\/produkt\/luxtar-airjazz-plum-and-coconut\/#primaryimage\"},\"thumbnailUrl\":\"https:\/\/xenonkungen.com\/wp-content\/uploads\/2026\/04\/AIRJAZZ-Xenonkungen-Plum-and-Coconut-ArtNr8801-KZ261185-2000px-PNNG.png\",\"datePublished\":\"2026-04-09T12:14:03+00:00\",\"dateModified\":\"2026-04-09T14:15:51+00:00\",\"description\":\"K\u00f6p Luftfr\u00e4schare Ventilation Plum & Coconut Tr\u00e4design, Xenonkungen. Uppfriskande doft via ventilationen. Snabb leverans. \u00d6ppet k\u00f6p 30 dagar. Handla enkelt p\u00e5 xenonkungen.com!\",\"breadcrumb\":{\"@id\":\"https:\/\/xenonkungen.com\/produkt\/luxtar-airjazz-plum-and-coconut\/#breadcrumb\"},\"inLanguage\":\"en-GB\",\"potentialAction\":[{\"@type\":\"ReadAction\",\"target\":[\"https:\/\/xenonkungen.com\/produkt\/luxtar-airjazz-plum-and-coconut\/\"]}]},{\"@type\":\"ImageObject\",\"inLanguage\":\"en-GB\",\"@id\":\"https:\/\/xenonkungen.com\/produkt\/luxtar-airjazz-plum-and-coconut\/#primaryimage\",\"url\":\"https:\/\/xenonkungen.com\/wp-content\/uploads\/2026\/04\/AIRJAZZ-Xenonkungen-Plum-and-Coconut-ArtNr8801-KZ261185-2000px-PNNG.png\",\"contentUrl\":\"https:\/\/xenonkungen.com\/wp-content\/uploads\/2026\/04\/AIRJAZZ-Xenonkungen-Plum-and-Coconut-ArtNr8801-KZ261185-2000px-PNNG.png\",\"width\":1689,\"height\":1161},{\"@type\":\"BreadcrumbList\",\"@id\":\"https:\/\/xenonkungen.com\/produkt\/luxtar-airjazz-plum-and-coconut\/#breadcrumb\",\"itemListElement\":[{\"@type\":\"ListItem\",\"position\":1,\"name\":\"Hem\",\"item\":\"https:\/\/xenonkungen.com\/\"},{\"@type\":\"ListItem\",\"position\":2,\"name\":\"Shop\",\"item\":\"https:\/\/xenonkungen.com\/shop\/\"},{\"@type\":\"ListItem\",\"position\":3,\"name\":\"Luxtar AirJazz &#8211; Plum and Coconut\"}]},{\"@type\":\"WebSite\",\"@id\":\"https:\/\/xenonkungen.com\/#website\",\"url\":\"https:\/\/xenonkungen.com\/\",\"name\":\"Xenonkungen\",\"description\":\"\",\"potentialAction\":[{\"@type\":\"SearchAction\",\"target\":{\"@type\":\"EntryPoint\",\"urlTemplate\":\"https:\/\/xenonkungen.com\/?s={search_term_string}\"},\"query-input\":{\"@type\":\"PropertyValueSpecification\",\"valueRequired\":true,\"valueName\":\"search_term_string\"}}],\"inLanguage\":\"en-GB\"}]}<\/script>\n<!-- \/ Yoast SEO plugin. -->","yoast_head_json":{"title":"Luxtar AirJazz - Plum and Coconut - Xenonkungen Air Freshener Ventilation Plum &amp; Coconut Wooden Design, Xenonkungen - Luxtar","description":"Buy Air Freshener Ventilation Plum &amp; Coconut Wooden Design, Xenonkungen. Refreshing scent via the ventilation. Fast delivery. Open purchase 30 days. Shop easily at xenonkungen.com!","robots":{"index":"index","follow":"follow","max-snippet":"max-snippet:-1","max-image-preview":"max-image-preview:large","max-video-preview":"max-video-preview:-1"},"canonical":"https:\/\/xenonkungen.com\/en\/product\/luxtar-airjazz-plum-and-coconut\/","og_locale":"en_GB","og_type":"article","og_title":"Luxtar AirJazz - Plum and Coconut - Xenonkungen Luftfr\u00e4schare Ventilation Plum & Coconut Tr\u00e4design, Xenonkungen - Luxtar","og_description":"K\u00f6p Luftfr\u00e4schare Ventilation Plum & Coconut Tr\u00e4design, Xenonkungen. Uppfriskande doft via ventilationen. Snabb leverans. \u00d6ppet k\u00f6p 30 dagar. Handla enkelt p\u00e5 xenonkungen.com!","og_url":"https:\/\/xenonkungen.com\/en\/product\/luxtar-airjazz-plum-and-coconut\/","og_site_name":"Xenonkungen","article_modified_time":"2026-04-09T14:15:51+00:00","og_image":[{"width":1024,"height":704,"url":"https:\/\/xenonkungen.com\/wp-content\/uploads\/2026\/04\/AIRJAZZ-Xenonkungen-Plum-and-Coconut-ArtNr8801-KZ261185-2000px-PNNG-1024x704.png","type":"image\/png"}],"twitter_card":"summary_large_image","twitter_misc":{"Estimated reading time":"1 minute"},"schema":{"@context":"https:\/\/schema.org","@graph":[{"@type":"WebPage","@id":"https:\/\/xenonkungen.com\/produkt\/luxtar-airjazz-plum-and-coconut\/","url":"https:\/\/xenonkungen.com\/produkt\/luxtar-airjazz-plum-and-coconut\/","name":"Luxtar AirJazz - Plum and Coconut - Xenonkungen Air Freshener Ventilation Plum &amp; Coconut Wooden Design, Xenonkungen - Luxtar","isPartOf":{"@id":"https:\/\/xenonkungen.com\/#website"},"primaryImageOfPage":{"@id":"https:\/\/xenonkungen.com\/produkt\/luxtar-airjazz-plum-and-coconut\/#primaryimage"},"image":{"@id":"https:\/\/xenonkungen.com\/produkt\/luxtar-airjazz-plum-and-coconut\/#primaryimage"},"thumbnailUrl":"https:\/\/xenonkungen.com\/wp-content\/uploads\/2026\/04\/AIRJAZZ-Xenonkungen-Plum-and-Coconut-ArtNr8801-KZ261185-2000px-PNNG.png","datePublished":"2026-04-09T12:14:03+00:00","dateModified":"2026-04-09T14:15:51+00:00","description":"Buy Air Freshener Ventilation Plum &amp; Coconut Wooden Design, Xenonkungen. Refreshing scent via the ventilation. Fast delivery. Open purchase 30 days. Shop easily at xenonkungen.com!","breadcrumb":{"@id":"https:\/\/xenonkungen.com\/produkt\/luxtar-airjazz-plum-and-coconut\/#breadcrumb"},"inLanguage":"en-GB","potentialAction":[{"@type":"ReadAction","target":["https:\/\/xenonkungen.com\/produkt\/luxtar-airjazz-plum-and-coconut\/"]}]},{"@type":"ImageObject","inLanguage":"en-GB","@id":"https:\/\/xenonkungen.com\/produkt\/luxtar-airjazz-plum-and-coconut\/#primaryimage","url":"https:\/\/xenonkungen.com\/wp-content\/uploads\/2026\/04\/AIRJAZZ-Xenonkungen-Plum-and-Coconut-ArtNr8801-KZ261185-2000px-PNNG.png","contentUrl":"https:\/\/xenonkungen.com\/wp-content\/uploads\/2026\/04\/AIRJAZZ-Xenonkungen-Plum-and-Coconut-ArtNr8801-KZ261185-2000px-PNNG.png","width":1689,"height":1161},{"@type":"BreadcrumbList","@id":"https:\/\/xenonkungen.com\/produkt\/luxtar-airjazz-plum-and-coconut\/#breadcrumb","itemListElement":[{"@type":"ListItem","position":1,"name":"Hem","item":"https:\/\/xenonkungen.com\/"},{"@type":"ListItem","position":2,"name":"Shop","item":"https:\/\/xenonkungen.com\/shop\/"},{"@type":"ListItem","position":3,"name":"Luxtar AirJazz &#8211; Plum and Coconut"}]},{"@type":"WebSite","@id":"https:\/\/xenonkungen.com\/#website","url":"https:\/\/xenonkungen.com\/","name":"Xenonkungen","description":"","potentialAction":[{"@type":"SearchAction","target":{"@type":"EntryPoint","urlTemplate":"https:\/\/xenonkungen.com\/?s={search_term_string}"},"query-input":{"@type":"PropertyValueSpecification","valueRequired":true,"valueName":"search_term_string"}}],"inLanguage":"en-GB"}]}},"taxonomy_info":{"product_brand":[{"value":2235,"label":"Meguiar's , Xenonkungen"}],"product_cat":[{"value":2986,"label":"Bilv\u00e5rd &amp; Tillbeh\u00f6r"},{"value":2447,"label":"Doft"},{"value":2991,"label":"Luktborttagning \/ Doft"},{"value":378,"label":"Bilv\u00e5rd"}]},"featured_image_src_large":["https:\/\/xenonkungen.com\/wp-content\/uploads\/2026\/04\/AIRJAZZ-Xenonkungen-Plum-and-Coconut-ArtNr8801-KZ261185-2000px-PNNG-1024x704.png",1024,704,true],"author_info":[],"comment_info":0,"_links":{"self":[{"href":"https:\/\/xenonkungen.com\/en\/wp-json\/wp\/v2\/product\/29030","targetHints":{"allow":["GET"]}}],"collection":[{"href":"https:\/\/xenonkungen.com\/en\/wp-json\/wp\/v2\/product"}],"about":[{"href":"https:\/\/xenonkungen.com\/en\/wp-json\/wp\/v2\/types\/product"}],"replies":[{"embeddable":true,"href":"https:\/\/xenonkungen.com\/en\/wp-json\/wp\/v2\/comments?post=29030"}],"wp:featuredmedia":[{"embeddable":true,"href":"https:\/\/xenonkungen.com\/en\/wp-json\/wp\/v2\/media\/29033"}],"wp:attachment":[{"href":"https:\/\/xenonkungen.com\/en\/wp-json\/wp\/v2\/media?parent=29030"}],"wp:term":[{"taxonomy":"anvandningsomrade","embeddable":true,"href":"https:\/\/xenonkungen.com\/en\/wp-json\/wp\/v2\/anvandningsomrade?post=29030"},{"taxonomy":"bilmarken","embeddable":true,"href":"https:\/\/xenonkungen.com\/en\/wp-json\/wp\/v2\/bilmarken?post=29030"},{"taxonomy":"product_brand","embeddable":true,"href":"https:\/\/xenonkungen.com\/en\/wp-json\/wp\/v2\/product_brand?post=29030"},{"taxonomy":"product_cat","embeddable":true,"href":"https:\/\/xenonkungen.com\/en\/wp-json\/wp\/v2\/product_cat?post=29030"},{"taxonomy":"product_tag","embeddable":true,"href":"https:\/\/xenonkungen.com\/en\/wp-json\/wp\/v2\/product_tag?post=29030"}],"curies":[{"name":"wp","href":"https:\/\/api.w.org\/{rel}","templated":true}]}}