{"id":29175,"date":"2026-04-13T09:59:37","date_gmt":"2026-04-13T08:59:37","guid":{"rendered":"https:\/\/xenonkungen.com\/?post_type=product&#038;p=29175"},"modified":"2026-04-13T10:34:40","modified_gmt":"2026-04-13T09:34:40","slug":"lazer-ledrampskit-mercedes-vito-2024-2-x-triple-r-750-std","status":"publish","type":"product","link":"https:\/\/xenonkungen.com\/en\/product\/lazer-ledrampskit-mercedes-vito-2024-2-x-triple-r-750-std\/","title":{"rendered":"Lazer Led ramp kit Mercedes Vito 2024+ \u2013 2 x Triple-R 750 Std"},"content":{"rendered":"<p data-start=\"342\" data-end=\"399\"><strong data-start=\"342\" data-end=\"397\">Kraftfull LED-belysning med perfekt OEM-integration<\/strong><\/p>\n<p data-start=\"401\" data-end=\"627\">Uppgradera din Mercedes Benz Vito (2024+) med detta modellanpassade ledrampskit fr\u00e5n Lazer. Med tv\u00e5 Triple-R 750 Standard f\u00e5r du en kraftfull ljusbild som f\u00f6rb\u00e4ttrar sikten avsev\u00e4rt vid m\u00f6rkerk\u00f6rning och kr\u00e4vande f\u00f6rh\u00e5llanden.<\/p>\n<h2 data-section-id=\"r2esuc\" data-start=\"629\" data-end=\"681\"><span role=\"text\"><strong data-start=\"632\" data-end=\"679\">Skr\u00e4ddarsydd passform f\u00f6r stilrent resultat<\/strong><\/span><\/h2>\n<p data-start=\"682\" data-end=\"954\">Kitet \u00e4r utvecklat f\u00f6r att integreras s\u00f6ml\u00f6st i fordonets originalgrill, vilket ger en diskret och fabriksn\u00e4ra installation. De medf\u00f6ljande f\u00e4stena i ASA-material erbjuder h\u00f6g styrka, UV-best\u00e4ndighet samt motst\u00e5ndskraft mot v\u00e4der och kemikalier \u2013 f\u00f6r l\u00e5ngvarig h\u00e5llbarhet.<\/p>\n<h2 data-section-id=\"50igy1\" data-start=\"956\" data-end=\"994\"><span role=\"text\"><strong data-start=\"959\" data-end=\"992\">Enkel och smidig installation<\/strong><\/span><\/h2>\n<p data-start=\"995\" data-end=\"1165\">Installationen \u00e4r snabb och enkel tack vare medf\u00f6ljande sk\u00e4rguide, kopplingssats och monteringsanvisning. Resultatet blir en robust och s\u00e4ker montering utan kompromisser.<\/p>\n<h2 data-section-id=\"l18lp4\" data-start=\"1167\" data-end=\"1213\"><span role=\"text\"><strong data-start=\"1170\" data-end=\"1211\">Viktigt att t\u00e4nka p\u00e5 vid installation<\/strong><\/span><\/h2>\n<p data-start=\"1214\" data-end=\"1412\">Om fordonet \u00e4r utrustat med xenon- eller LED-str\u00e5lkastare kan det vara sv\u00e5rt att identifiera en 12V helljussignal. I dessa fall kr\u00e4vs ett Lazer CAN Interface f\u00f6r att slutf\u00f6ra installationen korrekt.<\/p>\n<hr data-start=\"1414\" data-end=\"1417\" \/>\n<h2 data-section-id=\"e6zi8d\" data-start=\"1419\" data-end=\"1448\"><span role=\"text\"><strong data-start=\"1422\" data-end=\"1446\">What is included in the package?<\/strong><\/span><\/h2>\n<p data-start=\"1449\" data-end=\"1589\">- 2 x Triple-R 750 Standard<br data-start=\"1476\" data-end=\"1479\" \/>\u2022 4 x brackets with associated fasteners<br data-start=\"1519\" data-end=\"1522\" \/>- 1 x cutting guide<br data-start=\"1537\" data-end=\"1540\" \/>- 1 x coupling kit<br data-start=\"1559\" data-end=\"1562\" \/>- 1 x assembly instructions<\/p>","protected":false},"excerpt":{"rendered":"<p>Skr\u00e4ddarsytt ledrampskit f\u00f6r Mercedes Vito 2024+ med tv\u00e5 Triple-R 750. Enkel montering, perfekt passform och kraftfull belysning.<\/p>","protected":false},"featured_media":29178,"comment_status":"open","ping_status":"closed","template":"","meta":{"_acf_changed":false,"_smort_price_nok":"","_smort_price_dkk":"","_smort_price_eur":"","_smort_sale_price_nok":"","_smort_sale_price_dkk":"","_smort_sale_price_eur":"","smort_restorder":"","shipmondo_restorder":"","_kad_blocks_custom_css":"","_kad_blocks_head_custom_js":"","_kad_blocks_body_custom_js":"","_kad_blocks_footer_custom_js":"","smort_custom_pricelist_1":"6080","smort_custom_pricelist_2":"6080","smort_custom_pricelist_3":"6080","smort_custom_pricelist_4":"7600","smort_custom_pricelist_5":"6080"},"anvandningsomrade":[],"bilmarken":[412,1625],"product_brand":[1124,98],"product_cat":[2610,1916],"product_tag":[],"class_list":{"0":"post-29175","1":"product","2":"type-product","3":"status-publish","4":"has-post-thumbnail","6":"bilmarken-mercedes","7":"bilmarken-mercedes-vito","8":"product_brand-lazer","9":"product_brand-lazer-lamps","10":"product_cat-modellanpassade","11":"product_cat-ledrampspaket","12":"pa_fargtemperatur-5000k","13":"pa_fuktskydd-varde-ipxx-ip67","14":"pa_lampsockel-kontakt-3-pin-superseal","15":"pa_storlek-mm-230x73x105","16":"pa_volt-v-multivolt-10-12-16-18-24-28-30-32","18":"first","19":"onbackorder","20":"taxable","21":"shipping-taxable","22":"purchasable","23":"product-type-simple"},"bundled_by":[],"bundle_stock_status":"onbackorder","bundle_stock_quantity":0,"bundle_virtual":false,"bundle_layout":"","bundle_add_to_cart_form_location":"","bundle_editable_in_cart":false,"bundle_sold_individually_context":"","bundle_item_grouping":"","bundle_min_size":"","bundle_max_size":"","bundle_price":[],"bundled_items":[],"bundle_sell_ids":[],"acf":[],"yoast_head":"<!-- This site is optimized with the Yoast SEO plugin v27.0 - https:\/\/yoast.com\/product\/yoast-seo-wordpress\/ -->\n<title>Lazer Ledrampskit Mercedes Vito 2024+ - 2 x Triple-R 750 Std - Xenonkungen Ledrampskit Triple-R 750 Mercedes Vito 2024+, Lazer - Xenonkungen<\/title>\n<meta name=\"description\" content=\"K\u00f6p Lazer Triple-R 750 ledrampskit f\u00f6r Mercedes Vito 2024+. Perfekt passform och enkel montering. Snabb leverans. \u00d6ppet k\u00f6p 30 dagar.\" \/>\n<meta name=\"robots\" content=\"index, follow, max-snippet:-1, max-image-preview:large, max-video-preview:-1\" \/>\n<link rel=\"canonical\" href=\"https:\/\/xenonkungen.com\/en\/product\/lazer-ledrampskit-mercedes-vito-2024-2-x-triple-r-750-std\/\" \/>\n<meta property=\"og:locale\" content=\"en_GB\" \/>\n<meta property=\"og:type\" content=\"article\" \/>\n<meta property=\"og:title\" content=\"Lazer Ledrampskit Mercedes Vito 2024+ - 2 x Triple-R 750 Std - Xenonkungen Ledrampskit Triple-R 750 Mercedes Vito 2024+, Lazer - Xenonkungen\" \/>\n<meta property=\"og:description\" content=\"K\u00f6p Lazer Triple-R 750 ledrampskit f\u00f6r Mercedes Vito 2024+. Perfekt passform och enkel montering. Snabb leverans. \u00d6ppet k\u00f6p 30 dagar.\" \/>\n<meta property=\"og:url\" content=\"https:\/\/xenonkungen.com\/en\/product\/lazer-ledrampskit-mercedes-vito-2024-2-x-triple-r-750-std\/\" \/>\n<meta property=\"og:site_name\" content=\"Xenonkungen\" \/>\n<meta property=\"article:modified_time\" content=\"2026-04-13T09:34:40+00:00\" \/>\n<meta property=\"og:image\" content=\"https:\/\/xenonkungen.com\/wp-content\/uploads\/2026\/04\/218159673-2.png\" \/>\n\t<meta property=\"og:image:width\" content=\"1021\" \/>\n\t<meta property=\"og:image:height\" content=\"769\" \/>\n\t<meta property=\"og:image:type\" content=\"image\/png\" \/>\n<meta name=\"twitter:card\" content=\"summary_large_image\" \/>\n<meta name=\"twitter:label1\" content=\"Estimated reading time\" \/>\n\t<meta name=\"twitter:data1\" content=\"2 minutes\" \/>\n<script type=\"application\/ld+json\" class=\"yoast-schema-graph\">{\"@context\":\"https:\/\/schema.org\",\"@graph\":[{\"@type\":\"WebPage\",\"@id\":\"https:\/\/xenonkungen.com\/produkt\/lazer-ledrampskit-mercedes-vito-2024-2-x-triple-r-750-std\/\",\"url\":\"https:\/\/xenonkungen.com\/produkt\/lazer-ledrampskit-mercedes-vito-2024-2-x-triple-r-750-std\/\",\"name\":\"Lazer Ledrampskit Mercedes Vito 2024+ - 2 x Triple-R 750 Std - Xenonkungen Ledrampskit Triple-R 750 Mercedes Vito 2024+, Lazer - Xenonkungen\",\"isPartOf\":{\"@id\":\"https:\/\/xenonkungen.com\/#website\"},\"primaryImageOfPage\":{\"@id\":\"https:\/\/xenonkungen.com\/produkt\/lazer-ledrampskit-mercedes-vito-2024-2-x-triple-r-750-std\/#primaryimage\"},\"image\":{\"@id\":\"https:\/\/xenonkungen.com\/produkt\/lazer-ledrampskit-mercedes-vito-2024-2-x-triple-r-750-std\/#primaryimage\"},\"thumbnailUrl\":\"https:\/\/xenonkungen.com\/wp-content\/uploads\/2026\/04\/218159673-2.png\",\"datePublished\":\"2026-04-13T08:59:37+00:00\",\"dateModified\":\"2026-04-13T09:34:40+00:00\",\"description\":\"K\u00f6p Lazer Triple-R 750 ledrampskit f\u00f6r Mercedes Vito 2024+. Perfekt passform och enkel montering. Snabb leverans. \u00d6ppet k\u00f6p 30 dagar.\",\"breadcrumb\":{\"@id\":\"https:\/\/xenonkungen.com\/produkt\/lazer-ledrampskit-mercedes-vito-2024-2-x-triple-r-750-std\/#breadcrumb\"},\"inLanguage\":\"en-GB\",\"potentialAction\":[{\"@type\":\"ReadAction\",\"target\":[\"https:\/\/xenonkungen.com\/produkt\/lazer-ledrampskit-mercedes-vito-2024-2-x-triple-r-750-std\/\"]}]},{\"@type\":\"ImageObject\",\"inLanguage\":\"en-GB\",\"@id\":\"https:\/\/xenonkungen.com\/produkt\/lazer-ledrampskit-mercedes-vito-2024-2-x-triple-r-750-std\/#primaryimage\",\"url\":\"https:\/\/xenonkungen.com\/wp-content\/uploads\/2026\/04\/218159673-2.png\",\"contentUrl\":\"https:\/\/xenonkungen.com\/wp-content\/uploads\/2026\/04\/218159673-2.png\",\"width\":1021,\"height\":769},{\"@type\":\"BreadcrumbList\",\"@id\":\"https:\/\/xenonkungen.com\/produkt\/lazer-ledrampskit-mercedes-vito-2024-2-x-triple-r-750-std\/#breadcrumb\",\"itemListElement\":[{\"@type\":\"ListItem\",\"position\":1,\"name\":\"Hem\",\"item\":\"https:\/\/xenonkungen.com\/\"},{\"@type\":\"ListItem\",\"position\":2,\"name\":\"Shop\",\"item\":\"https:\/\/xenonkungen.com\/shop\/\"},{\"@type\":\"ListItem\",\"position\":3,\"name\":\"Lazer Ledrampskit Mercedes Vito 2024+ &#8211; 2 x Triple-R 750 Std\"}]},{\"@type\":\"WebSite\",\"@id\":\"https:\/\/xenonkungen.com\/#website\",\"url\":\"https:\/\/xenonkungen.com\/\",\"name\":\"Xenonkungen\",\"description\":\"\",\"potentialAction\":[{\"@type\":\"SearchAction\",\"target\":{\"@type\":\"EntryPoint\",\"urlTemplate\":\"https:\/\/xenonkungen.com\/?s={search_term_string}\"},\"query-input\":{\"@type\":\"PropertyValueSpecification\",\"valueRequired\":true,\"valueName\":\"search_term_string\"}}],\"inLanguage\":\"en-GB\"}]}<\/script>\n<!-- \/ Yoast SEO plugin. -->","yoast_head_json":{"title":"Lazer Ledrampskit Mercedes Vito 2024+ - 2 x Triple-R 750 Std - Xenonkungen Ledrampskit Triple-R 750 Mercedes Vito 2024+, Lazer - Xenonkungen","description":"K\u00f6p Lazer Triple-R 750 ledrampskit f\u00f6r Mercedes Vito 2024+. Perfekt passform och enkel montering. Snabb leverans. \u00d6ppet k\u00f6p 30 dagar.","robots":{"index":"index","follow":"follow","max-snippet":"max-snippet:-1","max-image-preview":"max-image-preview:large","max-video-preview":"max-video-preview:-1"},"canonical":"https:\/\/xenonkungen.com\/en\/product\/lazer-ledrampskit-mercedes-vito-2024-2-x-triple-r-750-std\/","og_locale":"en_GB","og_type":"article","og_title":"Lazer Ledrampskit Mercedes Vito 2024+ - 2 x Triple-R 750 Std - Xenonkungen Ledrampskit Triple-R 750 Mercedes Vito 2024+, Lazer - Xenonkungen","og_description":"K\u00f6p Lazer Triple-R 750 ledrampskit f\u00f6r Mercedes Vito 2024+. Perfekt passform och enkel montering. Snabb leverans. \u00d6ppet k\u00f6p 30 dagar.","og_url":"https:\/\/xenonkungen.com\/en\/product\/lazer-ledrampskit-mercedes-vito-2024-2-x-triple-r-750-std\/","og_site_name":"Xenonkungen","article_modified_time":"2026-04-13T09:34:40+00:00","og_image":[{"width":1021,"height":769,"url":"https:\/\/xenonkungen.com\/wp-content\/uploads\/2026\/04\/218159673-2.png","type":"image\/png"}],"twitter_card":"summary_large_image","twitter_misc":{"Estimated reading time":"2 minutes"},"schema":{"@context":"https:\/\/schema.org","@graph":[{"@type":"WebPage","@id":"https:\/\/xenonkungen.com\/produkt\/lazer-ledrampskit-mercedes-vito-2024-2-x-triple-r-750-std\/","url":"https:\/\/xenonkungen.com\/produkt\/lazer-ledrampskit-mercedes-vito-2024-2-x-triple-r-750-std\/","name":"Lazer Ledrampskit Mercedes Vito 2024+ - 2 x Triple-R 750 Std - Xenonkungen Ledrampskit Triple-R 750 Mercedes Vito 2024+, Lazer - Xenonkungen","isPartOf":{"@id":"https:\/\/xenonkungen.com\/#website"},"primaryImageOfPage":{"@id":"https:\/\/xenonkungen.com\/produkt\/lazer-ledrampskit-mercedes-vito-2024-2-x-triple-r-750-std\/#primaryimage"},"image":{"@id":"https:\/\/xenonkungen.com\/produkt\/lazer-ledrampskit-mercedes-vito-2024-2-x-triple-r-750-std\/#primaryimage"},"thumbnailUrl":"https:\/\/xenonkungen.com\/wp-content\/uploads\/2026\/04\/218159673-2.png","datePublished":"2026-04-13T08:59:37+00:00","dateModified":"2026-04-13T09:34:40+00:00","description":"K\u00f6p Lazer Triple-R 750 ledrampskit f\u00f6r Mercedes Vito 2024+. Perfekt passform och enkel montering. Snabb leverans. \u00d6ppet k\u00f6p 30 dagar.","breadcrumb":{"@id":"https:\/\/xenonkungen.com\/produkt\/lazer-ledrampskit-mercedes-vito-2024-2-x-triple-r-750-std\/#breadcrumb"},"inLanguage":"en-GB","potentialAction":[{"@type":"ReadAction","target":["https:\/\/xenonkungen.com\/produkt\/lazer-ledrampskit-mercedes-vito-2024-2-x-triple-r-750-std\/"]}]},{"@type":"ImageObject","inLanguage":"en-GB","@id":"https:\/\/xenonkungen.com\/produkt\/lazer-ledrampskit-mercedes-vito-2024-2-x-triple-r-750-std\/#primaryimage","url":"https:\/\/xenonkungen.com\/wp-content\/uploads\/2026\/04\/218159673-2.png","contentUrl":"https:\/\/xenonkungen.com\/wp-content\/uploads\/2026\/04\/218159673-2.png","width":1021,"height":769},{"@type":"BreadcrumbList","@id":"https:\/\/xenonkungen.com\/produkt\/lazer-ledrampskit-mercedes-vito-2024-2-x-triple-r-750-std\/#breadcrumb","itemListElement":[{"@type":"ListItem","position":1,"name":"Hem","item":"https:\/\/xenonkungen.com\/"},{"@type":"ListItem","position":2,"name":"Shop","item":"https:\/\/xenonkungen.com\/shop\/"},{"@type":"ListItem","position":3,"name":"Lazer Ledrampskit Mercedes Vito 2024+ &#8211; 2 x Triple-R 750 Std"}]},{"@type":"WebSite","@id":"https:\/\/xenonkungen.com\/#website","url":"https:\/\/xenonkungen.com\/","name":"Xenonkungen","description":"","potentialAction":[{"@type":"SearchAction","target":{"@type":"EntryPoint","urlTemplate":"https:\/\/xenonkungen.com\/?s={search_term_string}"},"query-input":{"@type":"PropertyValueSpecification","valueRequired":true,"valueName":"search_term_string"}}],"inLanguage":"en-GB"}]}},"taxonomy_info":{"bilmarken":[{"value":412,"label":"Mercedes"},{"value":1625,"label":"Mercedes Vito"}],"product_brand":[{"value":1124,"label":"Lazer"},{"value":98,"label":"Lazer Lamps"}],"product_cat":[{"value":2610,"label":"Modellanpassade"},{"value":1916,"label":"Ledrampspaket"}],"pa_fargtemperatur":[{"value":154,"label":"5000K"}],"pa_fuktskydd-varde-ipxx":[{"value":333,"label":"IP67"}],"pa_lampsockel-kontakt":[{"value":3031,"label":"3-pin Superseal"}],"pa_storlek-mm":[{"value":1125,"label":"230x73x105"}],"pa_volt-v":[{"value":1084,"label":"Multivolt, 10, 12, 16, 18, 24, 28, 30, 32"}]},"featured_image_src_large":["https:\/\/xenonkungen.com\/wp-content\/uploads\/2026\/04\/218159673-2.png",1021,769,false],"author_info":[],"comment_info":0,"_links":{"self":[{"href":"https:\/\/xenonkungen.com\/en\/wp-json\/wp\/v2\/product\/29175","targetHints":{"allow":["GET"]}}],"collection":[{"href":"https:\/\/xenonkungen.com\/en\/wp-json\/wp\/v2\/product"}],"about":[{"href":"https:\/\/xenonkungen.com\/en\/wp-json\/wp\/v2\/types\/product"}],"replies":[{"embeddable":true,"href":"https:\/\/xenonkungen.com\/en\/wp-json\/wp\/v2\/comments?post=29175"}],"wp:featuredmedia":[{"embeddable":true,"href":"https:\/\/xenonkungen.com\/en\/wp-json\/wp\/v2\/media\/29178"}],"wp:attachment":[{"href":"https:\/\/xenonkungen.com\/en\/wp-json\/wp\/v2\/media?parent=29175"}],"wp:term":[{"taxonomy":"anvandningsomrade","embeddable":true,"href":"https:\/\/xenonkungen.com\/en\/wp-json\/wp\/v2\/anvandningsomrade?post=29175"},{"taxonomy":"bilmarken","embeddable":true,"href":"https:\/\/xenonkungen.com\/en\/wp-json\/wp\/v2\/bilmarken?post=29175"},{"taxonomy":"product_brand","embeddable":true,"href":"https:\/\/xenonkungen.com\/en\/wp-json\/wp\/v2\/product_brand?post=29175"},{"taxonomy":"product_cat","embeddable":true,"href":"https:\/\/xenonkungen.com\/en\/wp-json\/wp\/v2\/product_cat?post=29175"},{"taxonomy":"product_tag","embeddable":true,"href":"https:\/\/xenonkungen.com\/en\/wp-json\/wp\/v2\/product_tag?post=29175"}],"curies":[{"name":"wp","href":"https:\/\/api.w.org\/{rel}","templated":true}]}}