{"id":29229,"date":"2026-04-14T13:21:45","date_gmt":"2026-04-14T12:21:45","guid":{"rendered":"https:\/\/xenonkungen.com\/?post_type=product&#038;p=29229"},"modified":"2026-04-14T13:38:20","modified_gmt":"2026-04-14T12:38:20","slug":"briodlights-olympus-9-2-0-black","status":"publish","type":"product","link":"https:\/\/xenonkungen.com\/en\/product\/briodlights-olympus-9-2-0-black\/","title":{"rendered":"BriodLights Olympus 9\u2033 2.0 | Black"},"content":{"rendered":"<p data-start=\"360\" data-end=\"413\"><strong data-start=\"360\" data-end=\"411\">Extrem ljusstyrka och r\u00e4ckvidd f\u00f6r maximal sikt<\/strong><\/p>\n<p data-start=\"415\" data-end=\"767\">Olympus 2.0 \u2013 9&#8243; Svart fr\u00e5n BriodLights tar ljusprestanda till n\u00e4sta niv\u00e5. Med upp till 12 400 lumen i boost-l\u00e4ge och en r\u00e4ckvidd p\u00e5 hela 844 meter vid 1 lux f\u00e5r du ett kraftfullt ljus som ger optimal sikt i alla k\u00f6rf\u00f6rh\u00e5llanden. Den avancerade optiken skapar dessutom en imponerande bredd, vilket ger ett j\u00e4mnt och effektivt ljus \u00f6ver hela v\u00e4gomr\u00e5det.<\/p>\n<h2 data-section-id=\"tzb8g1\" data-start=\"769\" data-end=\"805\"><span role=\"text\"><strong data-start=\"772\" data-end=\"803\">Modern design med 3D-effekt<\/strong><\/span><\/h2>\n<p data-start=\"806\" data-end=\"1045\">Den uppdaterade positionsljusdesignen ger ett mer distinkt och tredimensionellt uttryck som lyfter fordonets utseende. V\u00e4lj mellan vitt eller orange positionsljus f\u00f6r att matcha din stil, samtidigt som funktionen beh\u00e5ller h\u00f6gsta prestanda.<\/p>\n<h2 data-section-id=\"ajfg63\" data-start=\"1047\" data-end=\"1090\"><span role=\"text\"><strong data-start=\"1050\" data-end=\"1088\">Fullutrustad med smarta funktioner<\/strong><\/span><\/h2>\n<p data-start=\"1091\" data-end=\"1270\">Extraljuset \u00e4r utrustat med boost-funktion f\u00f6r maximal effekt samt blixtljusfunktion f\u00f6r \u00f6kad synlighet. Detta g\u00f6r Olympus 2.0 till ett komplett extraljus f\u00f6r b\u00e5de v\u00e4g och arbete.<\/p>\n<h2 data-section-id=\"er47if\" data-start=\"1272\" data-end=\"1321\"><span role=\"text\"><strong data-start=\"1275\" data-end=\"1319\">H\u00e5llbar konstruktion och premiumkvalitet<\/strong><\/span><\/h2>\n<p data-start=\"1322\" data-end=\"1569\">Lamphuset \u00e4r pulverlackerat av AkzoNobel \u2013 en av v\u00e4rldens ledande tillverkare av industrif\u00e4rg \u2013 vilket ger en slitstark yta som klarar tuffa f\u00f6rh\u00e5llanden. Levereras dessutom i en helt plastfri f\u00f6rpackning, vilket g\u00f6r det till ett mer h\u00e5llbart val.<\/p>\n<h2 data-section-id=\"uf1wok\" data-start=\"1571\" data-end=\"1609\"><span role=\"text\"><strong data-start=\"1574\" data-end=\"1607\">Trygg investering med garanti<\/strong><\/span><\/h2>\n<p data-start=\"1610\" data-end=\"1710\">Med 3 \u00e5rs funktionsgaranti f\u00e5r du ett extraljus som kombinerar prestanda, design och l\u00e5ng livsl\u00e4ngd.<\/p>","protected":false},"excerpt":{"rendered":"<p>Uppgraderat extraljus med 12 400 lumen, upp till 844 meters r\u00e4ckvidd och ny 3D-design p\u00e5 positionsljuset. Kraft, bredd och stil i ett.<\/p>","protected":false},"featured_media":29235,"comment_status":"open","ping_status":"closed","template":"","meta":{"_acf_changed":false,"_smort_price_nok":"","_smort_price_dkk":"","_smort_price_eur":"","_smort_sale_price_nok":"","_smort_sale_price_dkk":"","_smort_sale_price_eur":"","smort_restorder":"","shipmondo_restorder":"","_kad_blocks_custom_css":"","_kad_blocks_head_custom_js":"","_kad_blocks_body_custom_js":"","_kad_blocks_footer_custom_js":"","smort_custom_pricelist_1":"1916.8","smort_custom_pricelist_2":"1916.8","smort_custom_pricelist_3":"1916.8","smort_custom_pricelist_4":"2396","smort_custom_pricelist_5":"1916.8"},"anvandningsomrade":[],"bilmarken":[],"product_brand":[92],"product_cat":[2839,142],"product_tag":[],"class_list":{"0":"post-29229","1":"product","2":"type-product","3":"status-publish","4":"has-post-thumbnail","6":"product_brand-briodlights","7":"product_cat-extraljus-9","8":"product_cat-extraljus","9":"pa_fargtemperatur-5600k","10":"pa_fuktskydd-varde-ipxx-ip68k","11":"pa_ljusbild-driving","12":"pa_storlek-mm-241x85x228","13":"pa_stromforbrukning-14a12v","14":"pa_stromforbrukning-75a-24v","15":"pa_volt-v-multivolt-10-12-16-18-24-28-30","17":"first","18":"instock","19":"taxable","20":"shipping-taxable","21":"purchasable","22":"product-type-simple"},"bundled_by":[],"bundle_stock_status":"instock","bundle_stock_quantity":7,"bundle_virtual":false,"bundle_layout":"","bundle_add_to_cart_form_location":"","bundle_editable_in_cart":false,"bundle_sold_individually_context":"","bundle_item_grouping":"","bundle_min_size":"","bundle_max_size":"","bundle_price":[],"bundled_items":[],"bundle_sell_ids":[],"acf":[],"yoast_head":"<!-- This site is optimized with the Yoast SEO plugin v27.0 - https:\/\/yoast.com\/product\/yoast-seo-wordpress\/ -->\n<title>BriodLights Olympus 9&quot; 2.0 | Black - Xenonkungen Extraljus Olympus 2.0 9&quot; 12400lm Boost, BriodLights - Xenonkungen<\/title>\n<meta name=\"description\" content=\"K\u00f6p BriodLights Olympus 2.0 9&quot; extraljus med 12400 lumen och 844 m r\u00e4ckvidd. Boost och positionsljus. Snabb leverans. \u00d6ppet k\u00f6p 30 dagar.\" \/>\n<meta name=\"robots\" content=\"index, follow, max-snippet:-1, max-image-preview:large, max-video-preview:-1\" \/>\n<link rel=\"canonical\" href=\"https:\/\/xenonkungen.com\/en\/product\/briodlights-olympus-9-2-0-black\/\" \/>\n<meta property=\"og:locale\" content=\"en_GB\" \/>\n<meta property=\"og:type\" content=\"article\" \/>\n<meta property=\"og:title\" content=\"BriodLights Olympus 9&quot; 2.0 | Black - Xenonkungen Extraljus Olympus 2.0 9&quot; 12400lm Boost, BriodLights - Xenonkungen\" \/>\n<meta property=\"og:description\" content=\"K\u00f6p BriodLights Olympus 2.0 9&quot; extraljus med 12400 lumen och 844 m r\u00e4ckvidd. Boost och positionsljus. Snabb leverans. \u00d6ppet k\u00f6p 30 dagar.\" \/>\n<meta property=\"og:url\" content=\"https:\/\/xenonkungen.com\/en\/product\/briodlights-olympus-9-2-0-black\/\" \/>\n<meta property=\"og:site_name\" content=\"Xenonkungen\" \/>\n<meta property=\"article:modified_time\" content=\"2026-04-14T12:38:20+00:00\" \/>\n<meta property=\"og:image\" content=\"https:\/\/xenonkungen.com\/wp-content\/uploads\/2026\/04\/21815870-2-1024x1024.png\" \/>\n\t<meta property=\"og:image:width\" content=\"1024\" \/>\n\t<meta property=\"og:image:height\" content=\"1024\" \/>\n\t<meta property=\"og:image:type\" content=\"image\/png\" \/>\n<meta name=\"twitter:card\" content=\"summary_large_image\" \/>\n<meta name=\"twitter:label1\" content=\"Estimated reading time\" \/>\n\t<meta name=\"twitter:data1\" content=\"2 minutes\" \/>\n<script type=\"application\/ld+json\" class=\"yoast-schema-graph\">{\"@context\":\"https:\/\/schema.org\",\"@graph\":[{\"@type\":\"WebPage\",\"@id\":\"https:\/\/xenonkungen.com\/produkt\/briodlights-olympus-9-2-0-black\/\",\"url\":\"https:\/\/xenonkungen.com\/produkt\/briodlights-olympus-9-2-0-black\/\",\"name\":\"BriodLights Olympus 9\\\" 2.0 | Black - Xenonkungen Extraljus Olympus 2.0 9\\\" 12400lm Boost, BriodLights - Xenonkungen\",\"isPartOf\":{\"@id\":\"https:\/\/xenonkungen.com\/#website\"},\"primaryImageOfPage\":{\"@id\":\"https:\/\/xenonkungen.com\/produkt\/briodlights-olympus-9-2-0-black\/#primaryimage\"},\"image\":{\"@id\":\"https:\/\/xenonkungen.com\/produkt\/briodlights-olympus-9-2-0-black\/#primaryimage\"},\"thumbnailUrl\":\"https:\/\/xenonkungen.com\/wp-content\/uploads\/2026\/04\/21815870-2.png\",\"datePublished\":\"2026-04-14T12:21:45+00:00\",\"dateModified\":\"2026-04-14T12:38:20+00:00\",\"description\":\"K\u00f6p BriodLights Olympus 2.0 9\\\" extraljus med 12400 lumen och 844 m r\u00e4ckvidd. Boost och positionsljus. Snabb leverans. \u00d6ppet k\u00f6p 30 dagar.\",\"breadcrumb\":{\"@id\":\"https:\/\/xenonkungen.com\/produkt\/briodlights-olympus-9-2-0-black\/#breadcrumb\"},\"inLanguage\":\"en-GB\",\"potentialAction\":[{\"@type\":\"ReadAction\",\"target\":[\"https:\/\/xenonkungen.com\/produkt\/briodlights-olympus-9-2-0-black\/\"]}]},{\"@type\":\"ImageObject\",\"inLanguage\":\"en-GB\",\"@id\":\"https:\/\/xenonkungen.com\/produkt\/briodlights-olympus-9-2-0-black\/#primaryimage\",\"url\":\"https:\/\/xenonkungen.com\/wp-content\/uploads\/2026\/04\/21815870-2.png\",\"contentUrl\":\"https:\/\/xenonkungen.com\/wp-content\/uploads\/2026\/04\/21815870-2.png\",\"width\":1500,\"height\":1500},{\"@type\":\"BreadcrumbList\",\"@id\":\"https:\/\/xenonkungen.com\/produkt\/briodlights-olympus-9-2-0-black\/#breadcrumb\",\"itemListElement\":[{\"@type\":\"ListItem\",\"position\":1,\"name\":\"Hem\",\"item\":\"https:\/\/xenonkungen.com\/\"},{\"@type\":\"ListItem\",\"position\":2,\"name\":\"Shop\",\"item\":\"https:\/\/xenonkungen.com\/shop\/\"},{\"@type\":\"ListItem\",\"position\":3,\"name\":\"BriodLights Olympus 9&#8243; 2.0 | Black\"}]},{\"@type\":\"WebSite\",\"@id\":\"https:\/\/xenonkungen.com\/#website\",\"url\":\"https:\/\/xenonkungen.com\/\",\"name\":\"Xenonkungen\",\"description\":\"\",\"potentialAction\":[{\"@type\":\"SearchAction\",\"target\":{\"@type\":\"EntryPoint\",\"urlTemplate\":\"https:\/\/xenonkungen.com\/?s={search_term_string}\"},\"query-input\":{\"@type\":\"PropertyValueSpecification\",\"valueRequired\":true,\"valueName\":\"search_term_string\"}}],\"inLanguage\":\"en-GB\"}]}<\/script>\n<!-- \/ Yoast SEO plugin. -->","yoast_head_json":{"title":"BriodLights Olympus 9\" 2.0 | Black - Xenonkungen Extraljus Olympus 2.0 9\" 12400lm Boost, BriodLights - Xenonkungen","description":"K\u00f6p BriodLights Olympus 2.0 9\" extraljus med 12400 lumen och 844 m r\u00e4ckvidd. Boost och positionsljus. Snabb leverans. \u00d6ppet k\u00f6p 30 dagar.","robots":{"index":"index","follow":"follow","max-snippet":"max-snippet:-1","max-image-preview":"max-image-preview:large","max-video-preview":"max-video-preview:-1"},"canonical":"https:\/\/xenonkungen.com\/en\/product\/briodlights-olympus-9-2-0-black\/","og_locale":"en_GB","og_type":"article","og_title":"BriodLights Olympus 9\" 2.0 | Black - Xenonkungen Extraljus Olympus 2.0 9\" 12400lm Boost, BriodLights - Xenonkungen","og_description":"K\u00f6p BriodLights Olympus 2.0 9\" extraljus med 12400 lumen och 844 m r\u00e4ckvidd. Boost och positionsljus. Snabb leverans. \u00d6ppet k\u00f6p 30 dagar.","og_url":"https:\/\/xenonkungen.com\/en\/product\/briodlights-olympus-9-2-0-black\/","og_site_name":"Xenonkungen","article_modified_time":"2026-04-14T12:38:20+00:00","og_image":[{"width":1024,"height":1024,"url":"https:\/\/xenonkungen.com\/wp-content\/uploads\/2026\/04\/21815870-2-1024x1024.png","type":"image\/png"}],"twitter_card":"summary_large_image","twitter_misc":{"Estimated reading time":"2 minutes"},"schema":{"@context":"https:\/\/schema.org","@graph":[{"@type":"WebPage","@id":"https:\/\/xenonkungen.com\/produkt\/briodlights-olympus-9-2-0-black\/","url":"https:\/\/xenonkungen.com\/produkt\/briodlights-olympus-9-2-0-black\/","name":"BriodLights Olympus 9\" 2.0 | Black - Xenonkungen Extraljus Olympus 2.0 9\" 12400lm Boost, BriodLights - Xenonkungen","isPartOf":{"@id":"https:\/\/xenonkungen.com\/#website"},"primaryImageOfPage":{"@id":"https:\/\/xenonkungen.com\/produkt\/briodlights-olympus-9-2-0-black\/#primaryimage"},"image":{"@id":"https:\/\/xenonkungen.com\/produkt\/briodlights-olympus-9-2-0-black\/#primaryimage"},"thumbnailUrl":"https:\/\/xenonkungen.com\/wp-content\/uploads\/2026\/04\/21815870-2.png","datePublished":"2026-04-14T12:21:45+00:00","dateModified":"2026-04-14T12:38:20+00:00","description":"K\u00f6p BriodLights Olympus 2.0 9\" extraljus med 12400 lumen och 844 m r\u00e4ckvidd. Boost och positionsljus. Snabb leverans. \u00d6ppet k\u00f6p 30 dagar.","breadcrumb":{"@id":"https:\/\/xenonkungen.com\/produkt\/briodlights-olympus-9-2-0-black\/#breadcrumb"},"inLanguage":"en-GB","potentialAction":[{"@type":"ReadAction","target":["https:\/\/xenonkungen.com\/produkt\/briodlights-olympus-9-2-0-black\/"]}]},{"@type":"ImageObject","inLanguage":"en-GB","@id":"https:\/\/xenonkungen.com\/produkt\/briodlights-olympus-9-2-0-black\/#primaryimage","url":"https:\/\/xenonkungen.com\/wp-content\/uploads\/2026\/04\/21815870-2.png","contentUrl":"https:\/\/xenonkungen.com\/wp-content\/uploads\/2026\/04\/21815870-2.png","width":1500,"height":1500},{"@type":"BreadcrumbList","@id":"https:\/\/xenonkungen.com\/produkt\/briodlights-olympus-9-2-0-black\/#breadcrumb","itemListElement":[{"@type":"ListItem","position":1,"name":"Hem","item":"https:\/\/xenonkungen.com\/"},{"@type":"ListItem","position":2,"name":"Shop","item":"https:\/\/xenonkungen.com\/shop\/"},{"@type":"ListItem","position":3,"name":"BriodLights Olympus 9&#8243; 2.0 | Black"}]},{"@type":"WebSite","@id":"https:\/\/xenonkungen.com\/#website","url":"https:\/\/xenonkungen.com\/","name":"Xenonkungen","description":"","potentialAction":[{"@type":"SearchAction","target":{"@type":"EntryPoint","urlTemplate":"https:\/\/xenonkungen.com\/?s={search_term_string}"},"query-input":{"@type":"PropertyValueSpecification","valueRequired":true,"valueName":"search_term_string"}}],"inLanguage":"en-GB"}]}},"taxonomy_info":{"product_brand":[{"value":92,"label":"Briodlights"}],"product_cat":[{"value":2839,"label":"Extraljus 9\""},{"value":142,"label":"Extraljus"}],"pa_fargtemperatur":[{"value":1054,"label":"5600K"}],"pa_fuktskydd-varde-ipxx":[{"value":682,"label":"IP68K"}],"pa_ljusbild":[{"value":178,"label":"Driving"}],"pa_storlek-mm":[{"value":3033,"label":"241x85x228"}],"pa_stromforbrukning":[{"value":1056,"label":"14A@12V"},{"value":1924,"label":"7,5A @24V"}],"pa_volt-v":[{"value":773,"label":"Multivolt, 10, 12, 16, 18, 24, 28, 30"}]},"featured_image_src_large":["https:\/\/xenonkungen.com\/wp-content\/uploads\/2026\/04\/21815870-2-1024x1024.png",1024,1024,true],"author_info":[],"comment_info":0,"_links":{"self":[{"href":"https:\/\/xenonkungen.com\/en\/wp-json\/wp\/v2\/product\/29229","targetHints":{"allow":["GET"]}}],"collection":[{"href":"https:\/\/xenonkungen.com\/en\/wp-json\/wp\/v2\/product"}],"about":[{"href":"https:\/\/xenonkungen.com\/en\/wp-json\/wp\/v2\/types\/product"}],"replies":[{"embeddable":true,"href":"https:\/\/xenonkungen.com\/en\/wp-json\/wp\/v2\/comments?post=29229"}],"wp:featuredmedia":[{"embeddable":true,"href":"https:\/\/xenonkungen.com\/en\/wp-json\/wp\/v2\/media\/29235"}],"wp:attachment":[{"href":"https:\/\/xenonkungen.com\/en\/wp-json\/wp\/v2\/media?parent=29229"}],"wp:term":[{"taxonomy":"anvandningsomrade","embeddable":true,"href":"https:\/\/xenonkungen.com\/en\/wp-json\/wp\/v2\/anvandningsomrade?post=29229"},{"taxonomy":"bilmarken","embeddable":true,"href":"https:\/\/xenonkungen.com\/en\/wp-json\/wp\/v2\/bilmarken?post=29229"},{"taxonomy":"product_brand","embeddable":true,"href":"https:\/\/xenonkungen.com\/en\/wp-json\/wp\/v2\/product_brand?post=29229"},{"taxonomy":"product_cat","embeddable":true,"href":"https:\/\/xenonkungen.com\/en\/wp-json\/wp\/v2\/product_cat?post=29229"},{"taxonomy":"product_tag","embeddable":true,"href":"https:\/\/xenonkungen.com\/en\/wp-json\/wp\/v2\/product_tag?post=29229"}],"curies":[{"name":"wp","href":"https:\/\/api.w.org\/{rel}","templated":true}]}}