{"id":29315,"date":"2026-04-15T10:03:54","date_gmt":"2026-04-15T09:03:54","guid":{"rendered":"https:\/\/xenonkungen.com\/?post_type=product&#038;p=29315"},"modified":"2026-04-15T10:37:19","modified_gmt":"2026-04-15T09:37:19","slug":"osram-ledriving-smart-canbus-h7-24v","status":"publish","type":"product","link":"https:\/\/xenonkungen.com\/en\/product\/osram-ledriving-smart-canbus-h7-24v\/","title":{"rendered":"OSRAM LEDriving SMART CANBUS H7 \u2013 24V"},"content":{"rendered":"<p data-start=\"315\" data-end=\"366\"><strong data-start=\"315\" data-end=\"364\">Hassle-free conversion from halogen to LED<\/strong><\/p>\n<p data-start=\"368\" data-end=\"668\">With the OSRAM LEDriving Smart Canbus LEDSCT10 you can easily convert from halogen to LED without getting error messages in the vehicle&#039;s system. LED lamps have lower power consumption than halogen, which can trigger the car&#039;s monitoring system - this accessory solves the problem and ensures stable operation.<\/p>\n<h2 data-section-id=\"11q5lcm\" data-start=\"670\" data-end=\"709\"><span role=\"text\"><strong data-start=\"673\" data-end=\"707\">Adapted for 24V H7 LED systems<\/strong><\/span><\/h2>\n<p data-start=\"710\" data-end=\"924\">LEDSCT10 is specifically designed for 24V systems and H7 LED bulbs for both high and low beam. It acts as a smart solution to eliminate warning messages and ensure proper operation in modern vehicles.<\/p>\n<h2 data-section-id=\"etm1uc\" data-start=\"926\" data-end=\"972\"><span role=\"text\"><strong data-start=\"929\" data-end=\"970\">Robust construction for tough environments<\/strong><\/span><\/h2>\n<p data-start=\"973\" data-end=\"1198\">The product is built in a high-quality aluminum housing with a black anodized finish. It is tested for extreme conditions such as water, dust, heat, cold and vibration, and has an IP54 rating, ensuring good durability.<\/p>\n<h2 data-section-id=\"2zbqtz\" data-start=\"1200\" data-end=\"1237\"><span role=\"text\"><strong data-start=\"1203\" data-end=\"1235\">Original accessories from OSRAM<\/strong><\/span><\/h2>\n<p data-start=\"1238\" data-end=\"1470\">For best function and compatibility, it is recommended to use OSRAM LED lamps together with original accessories such as LEDriving Adapter, Smart Canbus, Caps and Error Canceler. This ensures optimal performance and operational reliability.<\/p>\n<h2 data-section-id=\"2228oc\" data-start=\"1472\" data-end=\"1507\"><span role=\"text\"><strong data-start=\"1475\" data-end=\"1505\">Reliable quality with guarantee<\/strong><\/span><\/h2>\n<p data-start=\"1508\" data-end=\"1606\">OSRAM offers a 3-year warranty on LEDriving series accessories, providing extra peace of mind with your purchase.<\/p>","protected":false},"excerpt":{"rendered":"<p>Avoid error codes when converting to LED. OSRAM LEDriving Smart Canbus provides stable operation for H7 LED in 24V systems.<\/p>","protected":false},"featured_media":29310,"comment_status":"open","ping_status":"closed","template":"","meta":{"_acf_changed":false,"_smort_price_nok":"","_smort_price_dkk":"","_smort_price_eur":"","_smort_sale_price_nok":"","_smort_sale_price_dkk":"","_smort_sale_price_eur":"","smort_restorder":"","shipmondo_restorder":"","_kad_blocks_custom_css":"","_kad_blocks_head_custom_js":"","_kad_blocks_body_custom_js":"","_kad_blocks_footer_custom_js":"","smort_custom_pricelist_1":"572.8","smort_custom_pricelist_2":"501.2","smort_custom_pricelist_3":"465.4","smort_custom_pricelist_4":"716","smort_custom_pricelist_5":"501.2"},"anvandningsomrade":[],"bilmarken":[],"product_brand":[108],"product_cat":[2487,2970,3001,477,390],"product_tag":[],"class_list":{"0":"post-29315","1":"product","2":"type-product","3":"status-publish","4":"has-post-thumbnail","6":"product_brand-osram","7":"product_cat-canbus-installation","8":"product_cat-installation-ledramper","9":"product_cat-lastbil-trailer-slap","10":"product_cat-canbus-emc","11":"product_cat-installation","12":"pa_volt-v-160","14":"first","15":"onbackorder","16":"taxable","17":"shipping-taxable","18":"purchasable","19":"product-type-simple"},"bundled_by":[],"bundle_stock_status":"onbackorder","bundle_stock_quantity":-1,"bundle_virtual":false,"bundle_layout":"","bundle_add_to_cart_form_location":"","bundle_editable_in_cart":false,"bundle_sold_individually_context":"","bundle_item_grouping":"","bundle_min_size":"","bundle_max_size":"","bundle_price":[],"bundled_items":[],"bundle_sell_ids":[],"acf":[],"yoast_head":"<!-- This site is optimized with the Yoast SEO plugin v27.0 - https:\/\/yoast.com\/product\/yoast-seo-wordpress\/ -->\n<title>OSRAM LEDriving SMART CANBUS H7 - 24V - Xenonkungen OSRAM LEDriving Smart Canbus LEDSCT10 24V H7 - Xenonkungen<\/title>\n<meta name=\"description\" content=\"K\u00f6p OSRAM LEDriving Smart Canbus LEDSCT10 f\u00f6r 24V H7 LED. Undvik felkoder vid LED-konvertering. Snabb leverans. \u00d6ppet k\u00f6p 30 dagar.\" \/>\n<meta name=\"robots\" content=\"index, follow, max-snippet:-1, max-image-preview:large, max-video-preview:-1\" \/>\n<link rel=\"canonical\" href=\"https:\/\/xenonkungen.com\/en\/product\/osram-ledriving-smart-canbus-h7-24v\/\" \/>\n<meta property=\"og:locale\" content=\"en_GB\" \/>\n<meta property=\"og:type\" content=\"article\" \/>\n<meta property=\"og:title\" content=\"OSRAM LEDriving SMART CANBUS H7 - 24V - Xenonkungen OSRAM LEDriving Smart Canbus LEDSCT10 24V H7 - Xenonkungen\" \/>\n<meta property=\"og:description\" content=\"K\u00f6p OSRAM LEDriving Smart Canbus LEDSCT10 f\u00f6r 24V H7 LED. Undvik felkoder vid LED-konvertering. Snabb leverans. \u00d6ppet k\u00f6p 30 dagar.\" \/>\n<meta property=\"og:url\" content=\"https:\/\/xenonkungen.com\/en\/product\/osram-ledriving-smart-canbus-h7-24v\/\" \/>\n<meta property=\"og:site_name\" content=\"Xenonkungen\" \/>\n<meta property=\"article:modified_time\" content=\"2026-04-15T09:37:19+00:00\" \/>\n<meta property=\"og:image\" content=\"https:\/\/xenonkungen.com\/wp-content\/uploads\/2026\/04\/Small-for-web-and-ppt-PI_ARF-2023-02250_LEDriving_Smart_Canbus_LEDSCT10_02.jpg\" \/>\n\t<meta property=\"og:image:width\" content=\"1024\" \/>\n\t<meta property=\"og:image:height\" content=\"1024\" \/>\n\t<meta property=\"og:image:type\" content=\"image\/jpeg\" \/>\n<meta name=\"twitter:card\" content=\"summary_large_image\" \/>\n<meta name=\"twitter:label1\" content=\"Estimated reading time\" \/>\n\t<meta name=\"twitter:data1\" content=\"2 minutes\" \/>\n<script type=\"application\/ld+json\" class=\"yoast-schema-graph\">{\"@context\":\"https:\/\/schema.org\",\"@graph\":[{\"@type\":\"WebPage\",\"@id\":\"https:\/\/xenonkungen.com\/produkt\/osram-ledriving-smart-canbus-h7-24v\/\",\"url\":\"https:\/\/xenonkungen.com\/produkt\/osram-ledriving-smart-canbus-h7-24v\/\",\"name\":\"OSRAM LEDriving SMART CANBUS H7 - 24V - Xenonkungen OSRAM LEDriving Smart Canbus LEDSCT10 24V H7 - Xenonkungen\",\"isPartOf\":{\"@id\":\"https:\/\/xenonkungen.com\/#website\"},\"primaryImageOfPage\":{\"@id\":\"https:\/\/xenonkungen.com\/produkt\/osram-ledriving-smart-canbus-h7-24v\/#primaryimage\"},\"image\":{\"@id\":\"https:\/\/xenonkungen.com\/produkt\/osram-ledriving-smart-canbus-h7-24v\/#primaryimage\"},\"thumbnailUrl\":\"https:\/\/xenonkungen.com\/wp-content\/uploads\/2026\/04\/Small-for-web-and-ppt-PI_ARF-2023-02250_LEDriving_Smart_Canbus_LEDSCT10_02.jpg\",\"datePublished\":\"2026-04-15T09:03:54+00:00\",\"dateModified\":\"2026-04-15T09:37:19+00:00\",\"description\":\"K\u00f6p OSRAM LEDriving Smart Canbus LEDSCT10 f\u00f6r 24V H7 LED. Undvik felkoder vid LED-konvertering. Snabb leverans. \u00d6ppet k\u00f6p 30 dagar.\",\"breadcrumb\":{\"@id\":\"https:\/\/xenonkungen.com\/produkt\/osram-ledriving-smart-canbus-h7-24v\/#breadcrumb\"},\"inLanguage\":\"en-GB\",\"potentialAction\":[{\"@type\":\"ReadAction\",\"target\":[\"https:\/\/xenonkungen.com\/produkt\/osram-ledriving-smart-canbus-h7-24v\/\"]}]},{\"@type\":\"ImageObject\",\"inLanguage\":\"en-GB\",\"@id\":\"https:\/\/xenonkungen.com\/produkt\/osram-ledriving-smart-canbus-h7-24v\/#primaryimage\",\"url\":\"https:\/\/xenonkungen.com\/wp-content\/uploads\/2026\/04\/Small-for-web-and-ppt-PI_ARF-2023-02250_LEDriving_Smart_Canbus_LEDSCT10_02.jpg\",\"contentUrl\":\"https:\/\/xenonkungen.com\/wp-content\/uploads\/2026\/04\/Small-for-web-and-ppt-PI_ARF-2023-02250_LEDriving_Smart_Canbus_LEDSCT10_02.jpg\",\"width\":1024,\"height\":1024},{\"@type\":\"BreadcrumbList\",\"@id\":\"https:\/\/xenonkungen.com\/produkt\/osram-ledriving-smart-canbus-h7-24v\/#breadcrumb\",\"itemListElement\":[{\"@type\":\"ListItem\",\"position\":1,\"name\":\"Hem\",\"item\":\"https:\/\/xenonkungen.com\/\"},{\"@type\":\"ListItem\",\"position\":2,\"name\":\"Shop\",\"item\":\"https:\/\/xenonkungen.com\/shop\/\"},{\"@type\":\"ListItem\",\"position\":3,\"name\":\"OSRAM LEDriving SMART CANBUS H7 &#8211; 24V\"}]},{\"@type\":\"WebSite\",\"@id\":\"https:\/\/xenonkungen.com\/#website\",\"url\":\"https:\/\/xenonkungen.com\/\",\"name\":\"Xenonkungen\",\"description\":\"\",\"potentialAction\":[{\"@type\":\"SearchAction\",\"target\":{\"@type\":\"EntryPoint\",\"urlTemplate\":\"https:\/\/xenonkungen.com\/?s={search_term_string}\"},\"query-input\":{\"@type\":\"PropertyValueSpecification\",\"valueRequired\":true,\"valueName\":\"search_term_string\"}}],\"inLanguage\":\"en-GB\"}]}<\/script>\n<!-- \/ Yoast SEO plugin. -->","yoast_head_json":{"title":"OSRAM LEDriving SMART CANBUS H7 - 24V - The Xenon King OSRAM LEDriving Smart Canbus LEDSCT10 24V H7 - The Xenon King","description":"Buy OSRAM LEDriving Smart Canbus LEDSCT10 for 24V H7 LED. Avoid error codes when converting to LED. Fast delivery. Open purchase 30 days.","robots":{"index":"index","follow":"follow","max-snippet":"max-snippet:-1","max-image-preview":"max-image-preview:large","max-video-preview":"max-video-preview:-1"},"canonical":"https:\/\/xenonkungen.com\/en\/product\/osram-ledriving-smart-canbus-h7-24v\/","og_locale":"en_GB","og_type":"article","og_title":"OSRAM LEDriving SMART CANBUS H7 - 24V - Xenonkungen OSRAM LEDriving Smart Canbus LEDSCT10 24V H7 - Xenonkungen","og_description":"K\u00f6p OSRAM LEDriving Smart Canbus LEDSCT10 f\u00f6r 24V H7 LED. Undvik felkoder vid LED-konvertering. Snabb leverans. \u00d6ppet k\u00f6p 30 dagar.","og_url":"https:\/\/xenonkungen.com\/en\/product\/osram-ledriving-smart-canbus-h7-24v\/","og_site_name":"Xenonkungen","article_modified_time":"2026-04-15T09:37:19+00:00","og_image":[{"width":1024,"height":1024,"url":"https:\/\/xenonkungen.com\/wp-content\/uploads\/2026\/04\/Small-for-web-and-ppt-PI_ARF-2023-02250_LEDriving_Smart_Canbus_LEDSCT10_02.jpg","type":"image\/jpeg"}],"twitter_card":"summary_large_image","twitter_misc":{"Estimated reading time":"2 minutes"},"schema":{"@context":"https:\/\/schema.org","@graph":[{"@type":"WebPage","@id":"https:\/\/xenonkungen.com\/produkt\/osram-ledriving-smart-canbus-h7-24v\/","url":"https:\/\/xenonkungen.com\/produkt\/osram-ledriving-smart-canbus-h7-24v\/","name":"OSRAM LEDriving SMART CANBUS H7 - 24V - The Xenon King OSRAM LEDriving Smart Canbus LEDSCT10 24V H7 - The Xenon King","isPartOf":{"@id":"https:\/\/xenonkungen.com\/#website"},"primaryImageOfPage":{"@id":"https:\/\/xenonkungen.com\/produkt\/osram-ledriving-smart-canbus-h7-24v\/#primaryimage"},"image":{"@id":"https:\/\/xenonkungen.com\/produkt\/osram-ledriving-smart-canbus-h7-24v\/#primaryimage"},"thumbnailUrl":"https:\/\/xenonkungen.com\/wp-content\/uploads\/2026\/04\/Small-for-web-and-ppt-PI_ARF-2023-02250_LEDriving_Smart_Canbus_LEDSCT10_02.jpg","datePublished":"2026-04-15T09:03:54+00:00","dateModified":"2026-04-15T09:37:19+00:00","description":"Buy OSRAM LEDriving Smart Canbus LEDSCT10 for 24V H7 LED. Avoid error codes when converting to LED. Fast delivery. Open purchase 30 days.","breadcrumb":{"@id":"https:\/\/xenonkungen.com\/produkt\/osram-ledriving-smart-canbus-h7-24v\/#breadcrumb"},"inLanguage":"en-GB","potentialAction":[{"@type":"ReadAction","target":["https:\/\/xenonkungen.com\/produkt\/osram-ledriving-smart-canbus-h7-24v\/"]}]},{"@type":"ImageObject","inLanguage":"en-GB","@id":"https:\/\/xenonkungen.com\/produkt\/osram-ledriving-smart-canbus-h7-24v\/#primaryimage","url":"https:\/\/xenonkungen.com\/wp-content\/uploads\/2026\/04\/Small-for-web-and-ppt-PI_ARF-2023-02250_LEDriving_Smart_Canbus_LEDSCT10_02.jpg","contentUrl":"https:\/\/xenonkungen.com\/wp-content\/uploads\/2026\/04\/Small-for-web-and-ppt-PI_ARF-2023-02250_LEDriving_Smart_Canbus_LEDSCT10_02.jpg","width":1024,"height":1024},{"@type":"BreadcrumbList","@id":"https:\/\/xenonkungen.com\/produkt\/osram-ledriving-smart-canbus-h7-24v\/#breadcrumb","itemListElement":[{"@type":"ListItem","position":1,"name":"Hem","item":"https:\/\/xenonkungen.com\/"},{"@type":"ListItem","position":2,"name":"Shop","item":"https:\/\/xenonkungen.com\/shop\/"},{"@type":"ListItem","position":3,"name":"OSRAM LEDriving SMART CANBUS H7 &#8211; 24V"}]},{"@type":"WebSite","@id":"https:\/\/xenonkungen.com\/#website","url":"https:\/\/xenonkungen.com\/","name":"Xenonkungen","description":"","potentialAction":[{"@type":"SearchAction","target":{"@type":"EntryPoint","urlTemplate":"https:\/\/xenonkungen.com\/?s={search_term_string}"},"query-input":{"@type":"PropertyValueSpecification","valueRequired":true,"valueName":"search_term_string"}}],"inLanguage":"en-GB"}]}},"taxonomy_info":{"product_brand":[{"value":108,"label":"OSRAM"}],"product_cat":[{"value":2487,"label":"Canbus"},{"value":2970,"label":"Installation"},{"value":3001,"label":"Lastbil \/ Trailer \/ Sl\u00e4p"},{"value":477,"label":"Canbus | EMC"},{"value":390,"label":"Installation"}],"pa_volt-v":[{"value":160,"label":"24"}]},"featured_image_src_large":["https:\/\/xenonkungen.com\/wp-content\/uploads\/2026\/04\/Small-for-web-and-ppt-PI_ARF-2023-02250_LEDriving_Smart_Canbus_LEDSCT10_02.jpg",1024,1024,false],"author_info":[],"comment_info":0,"_links":{"self":[{"href":"https:\/\/xenonkungen.com\/en\/wp-json\/wp\/v2\/product\/29315","targetHints":{"allow":["GET"]}}],"collection":[{"href":"https:\/\/xenonkungen.com\/en\/wp-json\/wp\/v2\/product"}],"about":[{"href":"https:\/\/xenonkungen.com\/en\/wp-json\/wp\/v2\/types\/product"}],"replies":[{"embeddable":true,"href":"https:\/\/xenonkungen.com\/en\/wp-json\/wp\/v2\/comments?post=29315"}],"wp:featuredmedia":[{"embeddable":true,"href":"https:\/\/xenonkungen.com\/en\/wp-json\/wp\/v2\/media\/29310"}],"wp:attachment":[{"href":"https:\/\/xenonkungen.com\/en\/wp-json\/wp\/v2\/media?parent=29315"}],"wp:term":[{"taxonomy":"anvandningsomrade","embeddable":true,"href":"https:\/\/xenonkungen.com\/en\/wp-json\/wp\/v2\/anvandningsomrade?post=29315"},{"taxonomy":"bilmarken","embeddable":true,"href":"https:\/\/xenonkungen.com\/en\/wp-json\/wp\/v2\/bilmarken?post=29315"},{"taxonomy":"product_brand","embeddable":true,"href":"https:\/\/xenonkungen.com\/en\/wp-json\/wp\/v2\/product_brand?post=29315"},{"taxonomy":"product_cat","embeddable":true,"href":"https:\/\/xenonkungen.com\/en\/wp-json\/wp\/v2\/product_cat?post=29315"},{"taxonomy":"product_tag","embeddable":true,"href":"https:\/\/xenonkungen.com\/en\/wp-json\/wp\/v2\/product_tag?post=29315"}],"curies":[{"name":"wp","href":"https:\/\/api.w.org\/{rel}","templated":true}]}}