{"id":2962,"date":"2025-04-15T08:46:06","date_gmt":"2025-04-15T08:46:06","guid":{"rendered":"https:\/\/xenonkungen.com\/product\/luxtar-premium-canbus-hb3-lampa-9005\/"},"modified":"2026-03-18T09:50:03","modified_gmt":"2026-03-18T08:50:03","slug":"luxtar-premium-canbus-hb3-lamp-9005","status":"publish","type":"product","link":"https:\/\/xenonkungen.com\/en\/product\/luxtar-premium-canbus-hb3-lamp-9005\/","title":{"rendered":"LUXTAR\u00ae Premium Canbus HB3 Lamp \/9005"},"content":{"rendered":"<p>Our new Luxtar Premium Canbus HB3 is here!<\/p>\n<p>This is our latest product for those who want to improve the low\/high beam on their vehicle. Suitable for cars, motorcycles and lorries.<\/p>\n<p>Powerful LED chip, which provides performance higher than a Xenon lamp does. Usually a good Xenon lamp is about 3200 lumens, while this lamp shines with a full 3400 lumens.<\/p>\n<p>Can handle even the most difficult cars, with very low tolerance limits in the Canbus system, Tex, BMW, Mercedes, Volkswagen and others. The lamp is of course multivolt, suitable for most vehicles with 9-45V system.<\/p>\n<p><strong>Specification<\/strong><br \/>\nLamp cap: HB3\/9005<br \/>\nVolt: 12\/24V DC<br \/>\nPower consumption: 4.3A\/12V<br \/>\nPower: 52W<br \/>\nLuminous flux, actual: 3400\u00b1100 lumens<br \/>\nColour temperature: 6000K<br \/>\nE-approved: No<br \/>\nCanbus: Yes<br \/>\nCertificate: IP68 RoHS CE<\/p>\n<p><strong>Good to know<\/strong><\/p>\n<p>Works independently of polarity thanks to its built-in controller, which ensures that the lamp is not sensitive to current spikes or similar.<\/p>","protected":false},"excerpt":{"rendered":"<p>LUXTAR\u00ae Premium Canbus HB3 Lamp \/9005 is a bright LED upgrade for HB3\/9005 main beam headlamps.<br \/>\n<b>Amount of light:<\/b> 3400 lumens<br \/>\n<b>Effect(Real):<\/b> 52W<br \/>\n<b>Canbus-safe:<\/b> Yes<\/p>\n<p>Lamp cap: HB3\/9005<\/p>","protected":false},"featured_media":2963,"comment_status":"closed","ping_status":"closed","template":"","meta":{"_acf_changed":false,"_smort_price_nok":"1028","_smort_price_dkk":"811","_smort_price_eur":"108.63","_smort_sale_price_nok":"1028","_smort_sale_price_dkk":"","_smort_sale_price_eur":"","smort_restorder":"","shipmondo_restorder":"","_kad_blocks_custom_css":"","_kad_blocks_head_custom_js":"","_kad_blocks_body_custom_js":"","_kad_blocks_footer_custom_js":"","smort_custom_pricelist_1":"764.8","smort_custom_pricelist_2":"669.2","smort_custom_pricelist_3":"635.74","smort_custom_pricelist_4":"956","smort_custom_pricelist_5":"669.2"},"anvandningsomrade":[],"bilmarken":[],"product_brand":[103],"product_cat":[2451,2826,2825,733,1402],"product_tag":[],"class_list":{"0":"post-2962","1":"product","2":"type-product","3":"status-publish","4":"has-post-thumbnail","6":"product_brand-luxtar","7":"product_cat-led-konvertering","8":"product_cat-luxtar","9":"product_cat-luxtar-lampor-konvertering","10":"product_cat-halvljus-helljus","11":"product_cat-outlet","12":"pa_fargtemperatur-6000k","13":"pa_fuktskydd-varde-ipxx-ip68","14":"pa_godkannande-ip68-rohs-ce","15":"pa_lampsockel-kontakt-hb3-9005","16":"pa_volt-v-12-24","18":"first","19":"instock","20":"taxable","21":"shipping-taxable","22":"purchasable","23":"product-type-simple"},"bundled_by":[],"bundle_stock_status":"instock","bundle_stock_quantity":88,"bundle_virtual":false,"bundle_layout":"","bundle_add_to_cart_form_location":"","bundle_editable_in_cart":false,"bundle_sold_individually_context":"","bundle_item_grouping":"","bundle_min_size":"","bundle_max_size":"","bundle_price":[],"bundled_items":[],"bundle_sell_ids":[],"acf":[],"yoast_head":"<!-- This site is optimized with the Yoast SEO plugin v27.0 - https:\/\/yoast.com\/product\/yoast-seo-wordpress\/ -->\n<title>LUXTAR\u00ae Premium Canbus HB3 Lampa \/9005 - Xenonkungen<\/title>\n<meta name=\"robots\" content=\"index, follow, max-snippet:-1, max-image-preview:large, max-video-preview:-1\" \/>\n<link rel=\"canonical\" href=\"https:\/\/xenonkungen.com\/en\/product\/luxtar-premium-canbus-hb3-lamp-9005\/\" \/>\n<meta property=\"og:locale\" content=\"en_GB\" \/>\n<meta property=\"og:type\" content=\"article\" \/>\n<meta property=\"og:title\" content=\"LUXTAR\u00ae Premium Canbus HB3 Lampa \/9005 - Xenonkungen\" \/>\n<meta property=\"og:description\" content=\"LUXTAR\u00ae Premium Canbus HB3 Lampa \/9005 \u00e4r en ljusstark LED uppgradering f\u00f6r HB3\/9005 helljus str\u00e5lkastare. Ljusm\u00e4ngd: 3400 Lumen Effekt(Real): 52W Canbus-s\u00e4ker: Ja  Lampsockel: HB3\/9005\" \/>\n<meta property=\"og:url\" content=\"https:\/\/xenonkungen.com\/en\/product\/luxtar-premium-canbus-hb3-lamp-9005\/\" \/>\n<meta property=\"og:site_name\" content=\"Xenonkungen\" \/>\n<meta property=\"article:modified_time\" content=\"2026-03-18T08:50:03+00:00\" \/>\n<meta property=\"og:image\" content=\"https:\/\/xenonkungen.com\/wp-content\/uploads\/2025\/04\/175839839-origpic-cfa89f.png\" \/>\n\t<meta property=\"og:image:width\" content=\"1000\" \/>\n\t<meta property=\"og:image:height\" content=\"1000\" \/>\n\t<meta property=\"og:image:type\" content=\"image\/png\" \/>\n<meta name=\"twitter:card\" content=\"summary_large_image\" \/>\n<meta name=\"twitter:label1\" content=\"Estimated reading time\" \/>\n\t<meta name=\"twitter:data1\" content=\"1 minute\" \/>\n<script type=\"application\/ld+json\" class=\"yoast-schema-graph\">{\"@context\":\"https:\/\/schema.org\",\"@graph\":[{\"@type\":\"WebPage\",\"@id\":\"https:\/\/xenonkungen.com\/produkt\/luxtar-premium-canbus-hb3-lampa-9005\/\",\"url\":\"https:\/\/xenonkungen.com\/produkt\/luxtar-premium-canbus-hb3-lampa-9005\/\",\"name\":\"LUXTAR\u00ae Premium Canbus HB3 Lampa \/9005 - Xenonkungen\",\"isPartOf\":{\"@id\":\"https:\/\/xenonkungen.com\/#website\"},\"primaryImageOfPage\":{\"@id\":\"https:\/\/xenonkungen.com\/produkt\/luxtar-premium-canbus-hb3-lampa-9005\/#primaryimage\"},\"image\":{\"@id\":\"https:\/\/xenonkungen.com\/produkt\/luxtar-premium-canbus-hb3-lampa-9005\/#primaryimage\"},\"thumbnailUrl\":\"https:\/\/xenonkungen.com\/wp-content\/uploads\/2025\/04\/175839839-origpic-cfa89f.png\",\"datePublished\":\"2025-04-15T08:46:06+00:00\",\"dateModified\":\"2026-03-18T08:50:03+00:00\",\"breadcrumb\":{\"@id\":\"https:\/\/xenonkungen.com\/produkt\/luxtar-premium-canbus-hb3-lampa-9005\/#breadcrumb\"},\"inLanguage\":\"en-GB\",\"potentialAction\":[{\"@type\":\"ReadAction\",\"target\":[\"https:\/\/xenonkungen.com\/produkt\/luxtar-premium-canbus-hb3-lampa-9005\/\"]}]},{\"@type\":\"ImageObject\",\"inLanguage\":\"en-GB\",\"@id\":\"https:\/\/xenonkungen.com\/produkt\/luxtar-premium-canbus-hb3-lampa-9005\/#primaryimage\",\"url\":\"https:\/\/xenonkungen.com\/wp-content\/uploads\/2025\/04\/175839839-origpic-cfa89f.png\",\"contentUrl\":\"https:\/\/xenonkungen.com\/wp-content\/uploads\/2025\/04\/175839839-origpic-cfa89f.png\",\"width\":1000,\"height\":1000},{\"@type\":\"BreadcrumbList\",\"@id\":\"https:\/\/xenonkungen.com\/produkt\/luxtar-premium-canbus-hb3-lampa-9005\/#breadcrumb\",\"itemListElement\":[{\"@type\":\"ListItem\",\"position\":1,\"name\":\"Hem\",\"item\":\"https:\/\/xenonkungen.com\/\"},{\"@type\":\"ListItem\",\"position\":2,\"name\":\"Shop\",\"item\":\"https:\/\/xenonkungen.com\/shop\/\"},{\"@type\":\"ListItem\",\"position\":3,\"name\":\"LUXTAR\u00ae Premium Canbus HB3 Lampa \/9005\"}]},{\"@type\":\"WebSite\",\"@id\":\"https:\/\/xenonkungen.com\/#website\",\"url\":\"https:\/\/xenonkungen.com\/\",\"name\":\"Xenonkungen\",\"description\":\"\",\"potentialAction\":[{\"@type\":\"SearchAction\",\"target\":{\"@type\":\"EntryPoint\",\"urlTemplate\":\"https:\/\/xenonkungen.com\/?s={search_term_string}\"},\"query-input\":{\"@type\":\"PropertyValueSpecification\",\"valueRequired\":true,\"valueName\":\"search_term_string\"}}],\"inLanguage\":\"en-GB\"}]}<\/script>\n<!-- \/ Yoast SEO plugin. -->","yoast_head_json":{"title":"LUXTAR\u00ae Premium Canbus HB3 Lamp \/9005 - The Xenon King","robots":{"index":"index","follow":"follow","max-snippet":"max-snippet:-1","max-image-preview":"max-image-preview:large","max-video-preview":"max-video-preview:-1"},"canonical":"https:\/\/xenonkungen.com\/en\/product\/luxtar-premium-canbus-hb3-lamp-9005\/","og_locale":"en_GB","og_type":"article","og_title":"LUXTAR\u00ae Premium Canbus HB3 Lampa \/9005 - Xenonkungen","og_description":"LUXTAR\u00ae Premium Canbus HB3 Lampa \/9005 \u00e4r en ljusstark LED uppgradering f\u00f6r HB3\/9005 helljus str\u00e5lkastare. Ljusm\u00e4ngd: 3400 Lumen Effekt(Real): 52W Canbus-s\u00e4ker: Ja  Lampsockel: HB3\/9005","og_url":"https:\/\/xenonkungen.com\/en\/product\/luxtar-premium-canbus-hb3-lamp-9005\/","og_site_name":"Xenonkungen","article_modified_time":"2026-03-18T08:50:03+00:00","og_image":[{"width":1000,"height":1000,"url":"https:\/\/xenonkungen.com\/wp-content\/uploads\/2025\/04\/175839839-origpic-cfa89f.png","type":"image\/png"}],"twitter_card":"summary_large_image","twitter_misc":{"Estimated reading time":"1 minute"},"schema":{"@context":"https:\/\/schema.org","@graph":[{"@type":"WebPage","@id":"https:\/\/xenonkungen.com\/produkt\/luxtar-premium-canbus-hb3-lampa-9005\/","url":"https:\/\/xenonkungen.com\/produkt\/luxtar-premium-canbus-hb3-lampa-9005\/","name":"LUXTAR\u00ae Premium Canbus HB3 Lamp \/9005 - The Xenon King","isPartOf":{"@id":"https:\/\/xenonkungen.com\/#website"},"primaryImageOfPage":{"@id":"https:\/\/xenonkungen.com\/produkt\/luxtar-premium-canbus-hb3-lampa-9005\/#primaryimage"},"image":{"@id":"https:\/\/xenonkungen.com\/produkt\/luxtar-premium-canbus-hb3-lampa-9005\/#primaryimage"},"thumbnailUrl":"https:\/\/xenonkungen.com\/wp-content\/uploads\/2025\/04\/175839839-origpic-cfa89f.png","datePublished":"2025-04-15T08:46:06+00:00","dateModified":"2026-03-18T08:50:03+00:00","breadcrumb":{"@id":"https:\/\/xenonkungen.com\/produkt\/luxtar-premium-canbus-hb3-lampa-9005\/#breadcrumb"},"inLanguage":"en-GB","potentialAction":[{"@type":"ReadAction","target":["https:\/\/xenonkungen.com\/produkt\/luxtar-premium-canbus-hb3-lampa-9005\/"]}]},{"@type":"ImageObject","inLanguage":"en-GB","@id":"https:\/\/xenonkungen.com\/produkt\/luxtar-premium-canbus-hb3-lampa-9005\/#primaryimage","url":"https:\/\/xenonkungen.com\/wp-content\/uploads\/2025\/04\/175839839-origpic-cfa89f.png","contentUrl":"https:\/\/xenonkungen.com\/wp-content\/uploads\/2025\/04\/175839839-origpic-cfa89f.png","width":1000,"height":1000},{"@type":"BreadcrumbList","@id":"https:\/\/xenonkungen.com\/produkt\/luxtar-premium-canbus-hb3-lampa-9005\/#breadcrumb","itemListElement":[{"@type":"ListItem","position":1,"name":"Hem","item":"https:\/\/xenonkungen.com\/"},{"@type":"ListItem","position":2,"name":"Shop","item":"https:\/\/xenonkungen.com\/shop\/"},{"@type":"ListItem","position":3,"name":"LUXTAR\u00ae Premium Canbus HB3 Lampa \/9005"}]},{"@type":"WebSite","@id":"https:\/\/xenonkungen.com\/#website","url":"https:\/\/xenonkungen.com\/","name":"Xenonkungen","description":"","potentialAction":[{"@type":"SearchAction","target":{"@type":"EntryPoint","urlTemplate":"https:\/\/xenonkungen.com\/?s={search_term_string}"},"query-input":{"@type":"PropertyValueSpecification","valueRequired":true,"valueName":"search_term_string"}}],"inLanguage":"en-GB"}]}},"taxonomy_info":{"product_brand":[{"value":103,"label":"LUXTAR"}],"product_cat":[{"value":2451,"label":"Led-konvertering"},{"value":2826,"label":"LUXTAR"},{"value":2825,"label":"Luxtar - Lampor &amp; Konvertering"},{"value":733,"label":"Halvljus \/ Helljus"},{"value":1402,"label":"Outlet"}],"pa_fargtemperatur":[{"value":188,"label":"6000K"}],"pa_fuktskydd-varde-ipxx":[{"value":177,"label":"IP68"}],"pa_godkannande":[{"value":975,"label":"IP68 RoHS CE"}],"pa_lampsockel-kontakt":[{"value":370,"label":"HB3, 9005"}],"pa_volt-v":[{"value":348,"label":"12, 24"}]},"featured_image_src_large":["https:\/\/xenonkungen.com\/wp-content\/uploads\/2025\/04\/175839839-origpic-cfa89f.png",1000,1000,false],"author_info":[],"comment_info":0,"_links":{"self":[{"href":"https:\/\/xenonkungen.com\/en\/wp-json\/wp\/v2\/product\/2962","targetHints":{"allow":["GET"]}}],"collection":[{"href":"https:\/\/xenonkungen.com\/en\/wp-json\/wp\/v2\/product"}],"about":[{"href":"https:\/\/xenonkungen.com\/en\/wp-json\/wp\/v2\/types\/product"}],"replies":[{"embeddable":true,"href":"https:\/\/xenonkungen.com\/en\/wp-json\/wp\/v2\/comments?post=2962"}],"wp:featuredmedia":[{"embeddable":true,"href":"https:\/\/xenonkungen.com\/en\/wp-json\/wp\/v2\/media\/2963"}],"wp:attachment":[{"href":"https:\/\/xenonkungen.com\/en\/wp-json\/wp\/v2\/media?parent=2962"}],"wp:term":[{"taxonomy":"anvandningsomrade","embeddable":true,"href":"https:\/\/xenonkungen.com\/en\/wp-json\/wp\/v2\/anvandningsomrade?post=2962"},{"taxonomy":"bilmarken","embeddable":true,"href":"https:\/\/xenonkungen.com\/en\/wp-json\/wp\/v2\/bilmarken?post=2962"},{"taxonomy":"product_brand","embeddable":true,"href":"https:\/\/xenonkungen.com\/en\/wp-json\/wp\/v2\/product_brand?post=2962"},{"taxonomy":"product_cat","embeddable":true,"href":"https:\/\/xenonkungen.com\/en\/wp-json\/wp\/v2\/product_cat?post=2962"},{"taxonomy":"product_tag","embeddable":true,"href":"https:\/\/xenonkungen.com\/en\/wp-json\/wp\/v2\/product_tag?post=2962"}],"curies":[{"name":"wp","href":"https:\/\/api.w.org\/{rel}","templated":true}]}}