{"id":3142,"date":"2025-04-15T08:49:31","date_gmt":"2025-04-15T08:49:31","guid":{"rendered":"https:\/\/xenonkungen.com\/product\/briodlights-ice-x-led-extraljus-9-218mm\/"},"modified":"2026-04-24T16:49:06","modified_gmt":"2026-04-24T15:49:06","slug":"bridolights-ice-x-led-extra-light-9-218mm","status":"publish","type":"product","link":"https:\/\/xenonkungen.com\/en\/product\/bridolights-ice-x-led-extra-light-9-218mm\/","title":{"rendered":"BriodLights ICE-X LED extra light 9\u2033\/218mm"},"content":{"rendered":"<h1>BriodLights ICE X 218 mm: The Ultimate Extra Light for Nordic Conditions<\/h1>\n<p>BriodLights ICE X 218 mm is the perfect extra light for those who have high demands on light, performance and design. It is specially developed to withstand the harsh Nordic climate conditions and is the first extra light on the market with an integrated de-icing heating function that prevents snow and ice from sticking to the glass.<\/p>\n<h2>Features and Benefits:<\/h2>\n<ul>\n<li><strong>De-icing heating function:<\/strong> The ICE X extra light is equipped with an innovative de-icing heating function that prevents snow and ice from settling on the glass. This ensures a clear and unobstructed light image even in extreme weather conditions.<\/li>\n<li><strong>LED technology:<\/strong> The extra light uses high-quality LEDs that provide impressive brightness and long life. With 10500 measured lumens, it provides outstanding illumination and visibility on the road.<\/li>\n<li><strong>Driving Beam slide:<\/strong> The auxiliary light generates a Driving Beam light pattern that combines width and length to provide optimal visibility in different driving conditions.<\/li>\n<li><strong>Integrated position light:<\/strong> The ICE X auxiliary light has a stylish integrated position light for extra visibility and style. You can choose between white and orange light depending on your preference.<\/li>\n<li><strong>Durable construction:<\/strong> The extra light is made with high-quality materials and has a durable design that can withstand the harsh Nordic conditions.<\/li>\n<li><strong>3-year functional guarantee:<\/strong> The extra light comes with a 3-year functional warranty, giving you peace of mind and confidence in its reliability and quality.<\/li>\n<\/ul>\n<p>BriodLights ICE X 218 mm is the first auxiliary light on the market with an integrated de-icing heat function, making it unique and invaluable in ensuring excellent visibility and light output even in the harshest winter conditions. With its impressive brightness, driving beam light pattern and stylish design, this auxiliary light fulfils the highest demands on performance and aesthetics.<\/p>","protected":false},"excerpt":{"rendered":"<p>BriodLights ICE X 218 mm: Det Ultimata Extraljuset f\u00f6r Nordiska F\u00f6rh\u00e5llanden BriodLights ICE X 218 mm \u00e4r det perfekta extraljuset f\u00f6r dig som st\u00e4ller h\u00f6ga krav p\u00e5 ljus, prestanda och design. Det \u00e4r speciellt utvecklat f\u00f6r att klara av de tuffa nordiska klimatf\u00f6rh\u00e5llandena och \u00e4r det f\u00f6rsta extraljuset p\u00e5 marknaden med en integrerad de-icing v\u00e4rmefunktion [&hellip;]<\/p>","protected":false},"featured_media":3143,"comment_status":"closed","ping_status":"open","template":"","meta":{"_acf_changed":false,"_smort_price_nok":"3845","_smort_price_dkk":"2443","_smort_price_eur":"327.26","_smort_sale_price_nok":"","_smort_sale_price_dkk":"","_smort_sale_price_eur":"","smort_restorder":"","shipmondo_restorder":"","_kad_blocks_custom_css":"","_kad_blocks_head_custom_js":"","_kad_blocks_body_custom_js":"","_kad_blocks_footer_custom_js":"","smort_custom_pricelist_1":"1859.2","smort_custom_pricelist_2":"1859.2","smort_custom_pricelist_3":"1859.2","smort_custom_pricelist_4":"2324","smort_custom_pricelist_5":"1859.2"},"anvandningsomrade":[],"bilmarken":[],"product_brand":[92],"product_cat":[142],"product_tag":[2788],"class_list":{"0":"post-3142","1":"product","2":"type-product","3":"status-publish","4":"has-post-thumbnail","6":"product_brand-briodlights","7":"product_cat-extraljus","8":"product_tag-black-week-exclude","9":"pa_fargtemperatur-6000k","10":"pa_fuktskydd-varde-ipxx-ip69k","11":"pa_godkannande-e-godkand-ce-r10-r7-r149","12":"pa_lampsockel-kontakt-dt","13":"pa_led-chips-effekt-w-1004","14":"pa_ljusbild-driving","15":"pa_stromforbrukning-42a24v","16":"pa_stromforbrukning-88a12v","17":"pa_volt-v-multivolt-9-12-16-18-24-28-30-32-36","19":"first","20":"onbackorder","21":"taxable","22":"shipping-taxable","23":"purchasable","24":"product-type-simple"},"bundled_by":[],"bundle_stock_status":"onbackorder","bundle_stock_quantity":0,"bundle_virtual":false,"bundle_layout":"","bundle_add_to_cart_form_location":"","bundle_editable_in_cart":false,"bundle_sold_individually_context":"","bundle_item_grouping":"","bundle_min_size":"","bundle_max_size":"","bundle_price":[],"bundled_items":[],"bundle_sell_ids":[],"acf":[],"yoast_head":"<!-- This site is optimized with the Yoast SEO plugin v27.0 - https:\/\/yoast.com\/product\/yoast-seo-wordpress\/ -->\n<title>BriodLights ICE-X LED extraljus 9&quot;\/218mm - Xenonkungen<\/title>\n<meta name=\"robots\" content=\"index, follow, max-snippet:-1, max-image-preview:large, max-video-preview:-1\" \/>\n<link rel=\"canonical\" href=\"https:\/\/xenonkungen.com\/en\/product\/bridolights-ice-x-led-extra-light-9-218mm\/\" \/>\n<meta property=\"og:locale\" content=\"en_GB\" \/>\n<meta property=\"og:type\" content=\"article\" \/>\n<meta property=\"og:title\" content=\"BriodLights ICE-X LED extraljus 9&quot;\/218mm - Xenonkungen\" \/>\n<meta property=\"og:description\" content=\"BriodLights ICE X 218 mm: Det Ultimata Extraljuset f\u00f6r Nordiska F\u00f6rh\u00e5llanden BriodLights ICE X 218 mm \u00e4r det perfekta extraljuset f\u00f6r dig som st\u00e4ller h\u00f6ga krav p\u00e5 ljus, prestanda och design. Det \u00e4r speciellt utvecklat f\u00f6r att klara av de tuffa nordiska klimatf\u00f6rh\u00e5llandena och \u00e4r det f\u00f6rsta extraljuset p\u00e5 marknaden med en integrerad de-icing v\u00e4rmefunktion [&hellip;]\" \/>\n<meta property=\"og:url\" content=\"https:\/\/xenonkungen.com\/en\/product\/bridolights-ice-x-led-extra-light-9-218mm\/\" \/>\n<meta property=\"og:site_name\" content=\"Xenonkungen\" \/>\n<meta property=\"article:modified_time\" content=\"2026-04-24T15:49:06+00:00\" \/>\n<meta property=\"og:image\" content=\"https:\/\/xenonkungen.com\/wp-content\/uploads\/2025\/04\/15225_itemimage_2.jpg\" \/>\n\t<meta property=\"og:image:width\" content=\"2048\" \/>\n\t<meta property=\"og:image:height\" content=\"1535\" \/>\n\t<meta property=\"og:image:type\" content=\"image\/jpeg\" \/>\n<meta name=\"twitter:card\" content=\"summary_large_image\" \/>\n<meta name=\"twitter:label1\" content=\"Estimated reading time\" \/>\n\t<meta name=\"twitter:data1\" content=\"2 minutes\" \/>\n<script type=\"application\/ld+json\" class=\"yoast-schema-graph\">{\"@context\":\"https:\/\/schema.org\",\"@graph\":[{\"@type\":\"WebPage\",\"@id\":\"https:\/\/xenonkungen.com\/produkt\/briodlights-ice-x-led-extraljus-9-218mm\/\",\"url\":\"https:\/\/xenonkungen.com\/produkt\/briodlights-ice-x-led-extraljus-9-218mm\/\",\"name\":\"BriodLights ICE-X LED extraljus 9\\\"\/218mm - Xenonkungen\",\"isPartOf\":{\"@id\":\"https:\/\/xenonkungen.com\/#website\"},\"primaryImageOfPage\":{\"@id\":\"https:\/\/xenonkungen.com\/produkt\/briodlights-ice-x-led-extraljus-9-218mm\/#primaryimage\"},\"image\":{\"@id\":\"https:\/\/xenonkungen.com\/produkt\/briodlights-ice-x-led-extraljus-9-218mm\/#primaryimage\"},\"thumbnailUrl\":\"https:\/\/xenonkungen.com\/wp-content\/uploads\/2025\/04\/15225_itemimage_2.jpg\",\"datePublished\":\"2025-04-15T08:49:31+00:00\",\"dateModified\":\"2026-04-24T15:49:06+00:00\",\"breadcrumb\":{\"@id\":\"https:\/\/xenonkungen.com\/produkt\/briodlights-ice-x-led-extraljus-9-218mm\/#breadcrumb\"},\"inLanguage\":\"en-GB\",\"potentialAction\":[{\"@type\":\"ReadAction\",\"target\":[\"https:\/\/xenonkungen.com\/produkt\/briodlights-ice-x-led-extraljus-9-218mm\/\"]}]},{\"@type\":\"ImageObject\",\"inLanguage\":\"en-GB\",\"@id\":\"https:\/\/xenonkungen.com\/produkt\/briodlights-ice-x-led-extraljus-9-218mm\/#primaryimage\",\"url\":\"https:\/\/xenonkungen.com\/wp-content\/uploads\/2025\/04\/15225_itemimage_2.jpg\",\"contentUrl\":\"https:\/\/xenonkungen.com\/wp-content\/uploads\/2025\/04\/15225_itemimage_2.jpg\",\"width\":2048,\"height\":1535},{\"@type\":\"BreadcrumbList\",\"@id\":\"https:\/\/xenonkungen.com\/produkt\/briodlights-ice-x-led-extraljus-9-218mm\/#breadcrumb\",\"itemListElement\":[{\"@type\":\"ListItem\",\"position\":1,\"name\":\"Hem\",\"item\":\"https:\/\/xenonkungen.com\/\"},{\"@type\":\"ListItem\",\"position\":2,\"name\":\"Shop\",\"item\":\"https:\/\/xenonkungen.com\/shop\/\"},{\"@type\":\"ListItem\",\"position\":3,\"name\":\"BriodLights ICE-X LED extraljus 9&#8243;\/218mm\"}]},{\"@type\":\"WebSite\",\"@id\":\"https:\/\/xenonkungen.com\/#website\",\"url\":\"https:\/\/xenonkungen.com\/\",\"name\":\"Xenonkungen\",\"description\":\"\",\"potentialAction\":[{\"@type\":\"SearchAction\",\"target\":{\"@type\":\"EntryPoint\",\"urlTemplate\":\"https:\/\/xenonkungen.com\/?s={search_term_string}\"},\"query-input\":{\"@type\":\"PropertyValueSpecification\",\"valueRequired\":true,\"valueName\":\"search_term_string\"}}],\"inLanguage\":\"en-GB\"}]}<\/script>\n<!-- \/ Yoast SEO plugin. -->","yoast_head_json":{"title":"BriodLights ICE-X LED auxiliary light 9&quot;\/218mm - Xenonkungen","robots":{"index":"index","follow":"follow","max-snippet":"max-snippet:-1","max-image-preview":"max-image-preview:large","max-video-preview":"max-video-preview:-1"},"canonical":"https:\/\/xenonkungen.com\/en\/product\/bridolights-ice-x-led-extra-light-9-218mm\/","og_locale":"en_GB","og_type":"article","og_title":"BriodLights ICE-X LED extraljus 9\"\/218mm - Xenonkungen","og_description":"BriodLights ICE X 218 mm: Det Ultimata Extraljuset f\u00f6r Nordiska F\u00f6rh\u00e5llanden BriodLights ICE X 218 mm \u00e4r det perfekta extraljuset f\u00f6r dig som st\u00e4ller h\u00f6ga krav p\u00e5 ljus, prestanda och design. Det \u00e4r speciellt utvecklat f\u00f6r att klara av de tuffa nordiska klimatf\u00f6rh\u00e5llandena och \u00e4r det f\u00f6rsta extraljuset p\u00e5 marknaden med en integrerad de-icing v\u00e4rmefunktion [&hellip;]","og_url":"https:\/\/xenonkungen.com\/en\/product\/bridolights-ice-x-led-extra-light-9-218mm\/","og_site_name":"Xenonkungen","article_modified_time":"2026-04-24T15:49:06+00:00","og_image":[{"width":2048,"height":1535,"url":"https:\/\/xenonkungen.com\/wp-content\/uploads\/2025\/04\/15225_itemimage_2.jpg","type":"image\/jpeg"}],"twitter_card":"summary_large_image","twitter_misc":{"Estimated reading time":"2 minutes"},"schema":{"@context":"https:\/\/schema.org","@graph":[{"@type":"WebPage","@id":"https:\/\/xenonkungen.com\/produkt\/briodlights-ice-x-led-extraljus-9-218mm\/","url":"https:\/\/xenonkungen.com\/produkt\/briodlights-ice-x-led-extraljus-9-218mm\/","name":"BriodLights ICE-X LED auxiliary light 9&quot;\/218mm - Xenonkungen","isPartOf":{"@id":"https:\/\/xenonkungen.com\/#website"},"primaryImageOfPage":{"@id":"https:\/\/xenonkungen.com\/produkt\/briodlights-ice-x-led-extraljus-9-218mm\/#primaryimage"},"image":{"@id":"https:\/\/xenonkungen.com\/produkt\/briodlights-ice-x-led-extraljus-9-218mm\/#primaryimage"},"thumbnailUrl":"https:\/\/xenonkungen.com\/wp-content\/uploads\/2025\/04\/15225_itemimage_2.jpg","datePublished":"2025-04-15T08:49:31+00:00","dateModified":"2026-04-24T15:49:06+00:00","breadcrumb":{"@id":"https:\/\/xenonkungen.com\/produkt\/briodlights-ice-x-led-extraljus-9-218mm\/#breadcrumb"},"inLanguage":"en-GB","potentialAction":[{"@type":"ReadAction","target":["https:\/\/xenonkungen.com\/produkt\/briodlights-ice-x-led-extraljus-9-218mm\/"]}]},{"@type":"ImageObject","inLanguage":"en-GB","@id":"https:\/\/xenonkungen.com\/produkt\/briodlights-ice-x-led-extraljus-9-218mm\/#primaryimage","url":"https:\/\/xenonkungen.com\/wp-content\/uploads\/2025\/04\/15225_itemimage_2.jpg","contentUrl":"https:\/\/xenonkungen.com\/wp-content\/uploads\/2025\/04\/15225_itemimage_2.jpg","width":2048,"height":1535},{"@type":"BreadcrumbList","@id":"https:\/\/xenonkungen.com\/produkt\/briodlights-ice-x-led-extraljus-9-218mm\/#breadcrumb","itemListElement":[{"@type":"ListItem","position":1,"name":"Hem","item":"https:\/\/xenonkungen.com\/"},{"@type":"ListItem","position":2,"name":"Shop","item":"https:\/\/xenonkungen.com\/shop\/"},{"@type":"ListItem","position":3,"name":"BriodLights ICE-X LED extraljus 9&#8243;\/218mm"}]},{"@type":"WebSite","@id":"https:\/\/xenonkungen.com\/#website","url":"https:\/\/xenonkungen.com\/","name":"Xenonkungen","description":"","potentialAction":[{"@type":"SearchAction","target":{"@type":"EntryPoint","urlTemplate":"https:\/\/xenonkungen.com\/?s={search_term_string}"},"query-input":{"@type":"PropertyValueSpecification","valueRequired":true,"valueName":"search_term_string"}}],"inLanguage":"en-GB"}]}},"taxonomy_info":{"product_brand":[{"value":92,"label":"Briodlights"}],"product_cat":[{"value":142,"label":"Extraljus"}],"product_tag":[{"value":2788,"label":"black-week-exclude"}],"pa_fargtemperatur":[{"value":188,"label":"6000K"}],"pa_fuktskydd-varde-ipxx":[{"value":155,"label":"IP69K"}],"pa_godkannande":[{"value":1007,"label":"E-Godk\u00e4nd, CE, R10, R7, R149"}],"pa_lampsockel-kontakt":[{"value":329,"label":"DT"}],"pa_led-chips-effekt-w":[{"value":1004,"label":"150"}],"pa_ljusbild":[{"value":178,"label":"Driving"}],"pa_stromforbrukning":[{"value":1006,"label":"4,2A@24V"},{"value":1005,"label":"8,8A@12V"}],"pa_volt-v":[{"value":504,"label":"Multivolt, 9, 12, 16, 18, 24, 28, 30, 32, 36"}]},"featured_image_src_large":["https:\/\/xenonkungen.com\/wp-content\/uploads\/2025\/04\/15225_itemimage_2-1024x768.jpg",1024,768,true],"author_info":[],"comment_info":0,"_links":{"self":[{"href":"https:\/\/xenonkungen.com\/en\/wp-json\/wp\/v2\/product\/3142","targetHints":{"allow":["GET"]}}],"collection":[{"href":"https:\/\/xenonkungen.com\/en\/wp-json\/wp\/v2\/product"}],"about":[{"href":"https:\/\/xenonkungen.com\/en\/wp-json\/wp\/v2\/types\/product"}],"replies":[{"embeddable":true,"href":"https:\/\/xenonkungen.com\/en\/wp-json\/wp\/v2\/comments?post=3142"}],"wp:featuredmedia":[{"embeddable":true,"href":"https:\/\/xenonkungen.com\/en\/wp-json\/wp\/v2\/media\/3143"}],"wp:attachment":[{"href":"https:\/\/xenonkungen.com\/en\/wp-json\/wp\/v2\/media?parent=3142"}],"wp:term":[{"taxonomy":"anvandningsomrade","embeddable":true,"href":"https:\/\/xenonkungen.com\/en\/wp-json\/wp\/v2\/anvandningsomrade?post=3142"},{"taxonomy":"bilmarken","embeddable":true,"href":"https:\/\/xenonkungen.com\/en\/wp-json\/wp\/v2\/bilmarken?post=3142"},{"taxonomy":"product_brand","embeddable":true,"href":"https:\/\/xenonkungen.com\/en\/wp-json\/wp\/v2\/product_brand?post=3142"},{"taxonomy":"product_cat","embeddable":true,"href":"https:\/\/xenonkungen.com\/en\/wp-json\/wp\/v2\/product_cat?post=3142"},{"taxonomy":"product_tag","embeddable":true,"href":"https:\/\/xenonkungen.com\/en\/wp-json\/wp\/v2\/product_tag?post=3142"}],"curies":[{"name":"wp","href":"https:\/\/api.w.org\/{rel}","templated":true}]}}