{"id":3182,"date":"2025-04-15T08:50:20","date_gmt":"2025-04-15T08:50:20","guid":{"rendered":"https:\/\/xenonkungen.com\/product\/briodlights-extender-led-extraljusramp-518-mm\/"},"modified":"2026-04-24T16:49:22","modified_gmt":"2026-04-24T15:49:22","slug":"briodlights-extender-led-extra-light-ramp-518-mm","status":"publish","type":"product","link":"https:\/\/xenonkungen.com\/en\/product\/briodlights-extender-led-extra-light-ramp-518-mm\/","title":{"rendered":"BriodLights Extender LED Extra Light Ramp (518 mm)"},"content":{"rendered":"<h1>BriodLights Extender LED Extra Light Frame: Groundbreaking Design and Impressive Light Performance<\/h1>\n<p>Explore the BriodLights Extender LED auxiliary light bar with its unique curved front and dynamic position lights in white and orange. This groundbreaking addition gives the ramp a modern touch not previously available on the market. The ramp is also equipped with a fully moulded lamp housing that improves resistance to moisture and humidity. With its dark appearance, this led ramp offers a discreet style without compromising on light performance.<\/p>\n<h2>Impressive Light Output and Performance<\/h2>\n<p>With an impressive 7500 measured lumens and a range of 1 lux at 460 metres, the BriodLights Extender LED auxiliary light bar provides a powerful light output that improves visibility on the road. Whether it's darkness or bad weather conditions, you can rely on this ramp to deliver impressive performance.<\/p>\n<h2>Durable construction<\/h2>\n<p>The Extender LED auxiliary light bar is constructed with a fully moulded lamp housing, which contributes to its resistance to moisture and humidity. You can be sure that the ramp will withstand challenging conditions and last a long time.<\/p>\n<p>Invest in BriodLight's Extender LED Extra Light Ramp and experience a cutting-edge design and impressive lighting performance. You can rely on this ramp to improve visibility and safety on the road. Experience quality and reliability with a 3-year functional warranty.<\/p>","protected":false},"excerpt":{"rendered":"<p>BriodLights Extender LED Extraljusramp: Banbrytande Design och Imponerande Ljusprestanda Utforska BriodLights Extender LED extraljusramp med sin unika kurvade front och dynamiska positionsljus i vitt och orange. Detta banbrytande tillskott ger rampen en modern touch som tidigare inte funnits p\u00e5 marknaden. Rampen \u00e4r ocks\u00e5 utrustad med ett helgjutet lamphus som f\u00f6rb\u00e4ttrar motst\u00e5ndskraften mot v\u00e4ta och fukt. [&hellip;]<\/p>","protected":false},"featured_media":3183,"comment_status":"closed","ping_status":"open","template":"","meta":{"_acf_changed":false,"_smort_price_nok":"3471","_smort_price_dkk":"2205","_smort_price_eur":"295.44","_smort_sale_price_nok":"","_smort_sale_price_dkk":"","_smort_sale_price_eur":"","smort_restorder":"","shipmondo_restorder":"","_kad_blocks_custom_css":"","_kad_blocks_head_custom_js":"","_kad_blocks_body_custom_js":"","_kad_blocks_footer_custom_js":"","smort_custom_pricelist_1":"1996.8","smort_custom_pricelist_2":"1996.8","smort_custom_pricelist_3":"1996.8","smort_custom_pricelist_4":"2496","smort_custom_pricelist_5":"1996.8"},"anvandningsomrade":[],"bilmarken":[],"product_brand":[92],"product_cat":[2966,2539],"product_tag":[2788],"class_list":{"0":"post-3182","1":"product","2":"type-product","3":"status-publish","4":"has-post-thumbnail","6":"product_brand-briodlights","7":"product_cat-ledramp-rak","8":"product_cat-ledramper","9":"product_tag-black-week-exclude","10":"pa_fargtemperatur-5700k","11":"pa_fuktskydd-varde-ipxx-ip69k","12":"pa_godkannande-emc-ece-r112-r10","13":"pa_lampsockel-kontakt-dt","14":"pa_led-chips-effekt-w-1040","15":"pa_ljusbild-driving","16":"pa_storlek-mm-518x507x65","17":"pa_stromforbrukning-130a12v","18":"pa_stromforbrukning-130a24v","19":"pa_volt-v-multivolt-12-16-18-24-28-30-32-36-48","21":"first","22":"onbackorder","23":"taxable","24":"shipping-taxable","25":"purchasable","26":"product-type-simple"},"bundled_by":[],"bundle_stock_status":"onbackorder","bundle_stock_quantity":0,"bundle_virtual":false,"bundle_layout":"","bundle_add_to_cart_form_location":"","bundle_editable_in_cart":false,"bundle_sold_individually_context":"","bundle_item_grouping":"","bundle_min_size":"","bundle_max_size":"","bundle_price":[],"bundled_items":[],"bundle_sell_ids":[],"acf":[],"yoast_head":"<!-- This site is optimized with the Yoast SEO plugin v27.0 - https:\/\/yoast.com\/product\/yoast-seo-wordpress\/ -->\n<title>BriodLights Extender LED Extraljusramp (518 mm) - Xenonkungen<\/title>\n<meta name=\"robots\" content=\"index, follow, max-snippet:-1, max-image-preview:large, max-video-preview:-1\" \/>\n<link rel=\"canonical\" href=\"https:\/\/xenonkungen.com\/en\/product\/briodlights-extender-led-extra-light-ramp-518-mm\/\" \/>\n<meta property=\"og:locale\" content=\"en_GB\" \/>\n<meta property=\"og:type\" content=\"article\" \/>\n<meta property=\"og:title\" content=\"BriodLights Extender LED Extraljusramp (518 mm) - Xenonkungen\" \/>\n<meta property=\"og:description\" content=\"BriodLights Extender LED Extraljusramp: Banbrytande Design och Imponerande Ljusprestanda Utforska BriodLights Extender LED extraljusramp med sin unika kurvade front och dynamiska positionsljus i vitt och orange. Detta banbrytande tillskott ger rampen en modern touch som tidigare inte funnits p\u00e5 marknaden. Rampen \u00e4r ocks\u00e5 utrustad med ett helgjutet lamphus som f\u00f6rb\u00e4ttrar motst\u00e5ndskraften mot v\u00e4ta och fukt. [&hellip;]\" \/>\n<meta property=\"og:url\" content=\"https:\/\/xenonkungen.com\/en\/product\/briodlights-extender-led-extra-light-ramp-518-mm\/\" \/>\n<meta property=\"og:site_name\" content=\"Xenonkungen\" \/>\n<meta property=\"article:modified_time\" content=\"2026-04-24T15:49:22+00:00\" \/>\n<meta property=\"og:image\" content=\"https:\/\/xenonkungen.com\/wp-content\/uploads\/2025\/04\/15250_itemimage_mainfront.jpg\" \/>\n\t<meta property=\"og:image:width\" content=\"2048\" \/>\n\t<meta property=\"og:image:height\" content=\"1536\" \/>\n\t<meta property=\"og:image:type\" content=\"image\/jpeg\" \/>\n<meta name=\"twitter:card\" content=\"summary_large_image\" \/>\n<meta name=\"twitter:label1\" content=\"Estimated reading time\" \/>\n\t<meta name=\"twitter:data1\" content=\"1 minute\" \/>\n<script type=\"application\/ld+json\" class=\"yoast-schema-graph\">{\"@context\":\"https:\/\/schema.org\",\"@graph\":[{\"@type\":\"WebPage\",\"@id\":\"https:\/\/xenonkungen.com\/produkt\/briodlights-extender-led-extraljusramp-518-mm\/\",\"url\":\"https:\/\/xenonkungen.com\/produkt\/briodlights-extender-led-extraljusramp-518-mm\/\",\"name\":\"BriodLights Extender LED Extraljusramp (518 mm) - Xenonkungen\",\"isPartOf\":{\"@id\":\"https:\/\/xenonkungen.com\/#website\"},\"primaryImageOfPage\":{\"@id\":\"https:\/\/xenonkungen.com\/produkt\/briodlights-extender-led-extraljusramp-518-mm\/#primaryimage\"},\"image\":{\"@id\":\"https:\/\/xenonkungen.com\/produkt\/briodlights-extender-led-extraljusramp-518-mm\/#primaryimage\"},\"thumbnailUrl\":\"https:\/\/xenonkungen.com\/wp-content\/uploads\/2025\/04\/15250_itemimage_mainfront.jpg\",\"datePublished\":\"2025-04-15T08:50:20+00:00\",\"dateModified\":\"2026-04-24T15:49:22+00:00\",\"breadcrumb\":{\"@id\":\"https:\/\/xenonkungen.com\/produkt\/briodlights-extender-led-extraljusramp-518-mm\/#breadcrumb\"},\"inLanguage\":\"en-GB\",\"potentialAction\":[{\"@type\":\"ReadAction\",\"target\":[\"https:\/\/xenonkungen.com\/produkt\/briodlights-extender-led-extraljusramp-518-mm\/\"]}]},{\"@type\":\"ImageObject\",\"inLanguage\":\"en-GB\",\"@id\":\"https:\/\/xenonkungen.com\/produkt\/briodlights-extender-led-extraljusramp-518-mm\/#primaryimage\",\"url\":\"https:\/\/xenonkungen.com\/wp-content\/uploads\/2025\/04\/15250_itemimage_mainfront.jpg\",\"contentUrl\":\"https:\/\/xenonkungen.com\/wp-content\/uploads\/2025\/04\/15250_itemimage_mainfront.jpg\",\"width\":2048,\"height\":1536},{\"@type\":\"BreadcrumbList\",\"@id\":\"https:\/\/xenonkungen.com\/produkt\/briodlights-extender-led-extraljusramp-518-mm\/#breadcrumb\",\"itemListElement\":[{\"@type\":\"ListItem\",\"position\":1,\"name\":\"Hem\",\"item\":\"https:\/\/xenonkungen.com\/\"},{\"@type\":\"ListItem\",\"position\":2,\"name\":\"Shop\",\"item\":\"https:\/\/xenonkungen.com\/shop\/\"},{\"@type\":\"ListItem\",\"position\":3,\"name\":\"BriodLights Extender LED Extraljusramp (518 mm)\"}]},{\"@type\":\"WebSite\",\"@id\":\"https:\/\/xenonkungen.com\/#website\",\"url\":\"https:\/\/xenonkungen.com\/\",\"name\":\"Xenonkungen\",\"description\":\"\",\"potentialAction\":[{\"@type\":\"SearchAction\",\"target\":{\"@type\":\"EntryPoint\",\"urlTemplate\":\"https:\/\/xenonkungen.com\/?s={search_term_string}\"},\"query-input\":{\"@type\":\"PropertyValueSpecification\",\"valueRequired\":true,\"valueName\":\"search_term_string\"}}],\"inLanguage\":\"en-GB\"}]}<\/script>\n<!-- \/ Yoast SEO plugin. -->","yoast_head_json":{"title":"BriodLights Extender LED Extra light ramp (518 mm) - The Xenon king","robots":{"index":"index","follow":"follow","max-snippet":"max-snippet:-1","max-image-preview":"max-image-preview:large","max-video-preview":"max-video-preview:-1"},"canonical":"https:\/\/xenonkungen.com\/en\/product\/briodlights-extender-led-extra-light-ramp-518-mm\/","og_locale":"en_GB","og_type":"article","og_title":"BriodLights Extender LED Extraljusramp (518 mm) - Xenonkungen","og_description":"BriodLights Extender LED Extraljusramp: Banbrytande Design och Imponerande Ljusprestanda Utforska BriodLights Extender LED extraljusramp med sin unika kurvade front och dynamiska positionsljus i vitt och orange. Detta banbrytande tillskott ger rampen en modern touch som tidigare inte funnits p\u00e5 marknaden. Rampen \u00e4r ocks\u00e5 utrustad med ett helgjutet lamphus som f\u00f6rb\u00e4ttrar motst\u00e5ndskraften mot v\u00e4ta och fukt. [&hellip;]","og_url":"https:\/\/xenonkungen.com\/en\/product\/briodlights-extender-led-extra-light-ramp-518-mm\/","og_site_name":"Xenonkungen","article_modified_time":"2026-04-24T15:49:22+00:00","og_image":[{"width":2048,"height":1536,"url":"https:\/\/xenonkungen.com\/wp-content\/uploads\/2025\/04\/15250_itemimage_mainfront.jpg","type":"image\/jpeg"}],"twitter_card":"summary_large_image","twitter_misc":{"Estimated reading time":"1 minute"},"schema":{"@context":"https:\/\/schema.org","@graph":[{"@type":"WebPage","@id":"https:\/\/xenonkungen.com\/produkt\/briodlights-extender-led-extraljusramp-518-mm\/","url":"https:\/\/xenonkungen.com\/produkt\/briodlights-extender-led-extraljusramp-518-mm\/","name":"BriodLights Extender LED Extra light ramp (518 mm) - The Xenon king","isPartOf":{"@id":"https:\/\/xenonkungen.com\/#website"},"primaryImageOfPage":{"@id":"https:\/\/xenonkungen.com\/produkt\/briodlights-extender-led-extraljusramp-518-mm\/#primaryimage"},"image":{"@id":"https:\/\/xenonkungen.com\/produkt\/briodlights-extender-led-extraljusramp-518-mm\/#primaryimage"},"thumbnailUrl":"https:\/\/xenonkungen.com\/wp-content\/uploads\/2025\/04\/15250_itemimage_mainfront.jpg","datePublished":"2025-04-15T08:50:20+00:00","dateModified":"2026-04-24T15:49:22+00:00","breadcrumb":{"@id":"https:\/\/xenonkungen.com\/produkt\/briodlights-extender-led-extraljusramp-518-mm\/#breadcrumb"},"inLanguage":"en-GB","potentialAction":[{"@type":"ReadAction","target":["https:\/\/xenonkungen.com\/produkt\/briodlights-extender-led-extraljusramp-518-mm\/"]}]},{"@type":"ImageObject","inLanguage":"en-GB","@id":"https:\/\/xenonkungen.com\/produkt\/briodlights-extender-led-extraljusramp-518-mm\/#primaryimage","url":"https:\/\/xenonkungen.com\/wp-content\/uploads\/2025\/04\/15250_itemimage_mainfront.jpg","contentUrl":"https:\/\/xenonkungen.com\/wp-content\/uploads\/2025\/04\/15250_itemimage_mainfront.jpg","width":2048,"height":1536},{"@type":"BreadcrumbList","@id":"https:\/\/xenonkungen.com\/produkt\/briodlights-extender-led-extraljusramp-518-mm\/#breadcrumb","itemListElement":[{"@type":"ListItem","position":1,"name":"Hem","item":"https:\/\/xenonkungen.com\/"},{"@type":"ListItem","position":2,"name":"Shop","item":"https:\/\/xenonkungen.com\/shop\/"},{"@type":"ListItem","position":3,"name":"BriodLights Extender LED Extraljusramp (518 mm)"}]},{"@type":"WebSite","@id":"https:\/\/xenonkungen.com\/#website","url":"https:\/\/xenonkungen.com\/","name":"Xenonkungen","description":"","potentialAction":[{"@type":"SearchAction","target":{"@type":"EntryPoint","urlTemplate":"https:\/\/xenonkungen.com\/?s={search_term_string}"},"query-input":{"@type":"PropertyValueSpecification","valueRequired":true,"valueName":"search_term_string"}}],"inLanguage":"en-GB"}]}},"taxonomy_info":{"product_brand":[{"value":92,"label":"Briodlights"}],"product_cat":[{"value":2966,"label":"Ledramp Rak"},{"value":2539,"label":"LEDRAMPER"}],"product_tag":[{"value":2788,"label":"black-week-exclude"}],"pa_fargtemperatur":[{"value":226,"label":"5700K"}],"pa_fuktskydd-varde-ipxx":[{"value":155,"label":"IP69K"}],"pa_godkannande":[{"value":1044,"label":"EMC, ECE, R112, R10"}],"pa_lampsockel-kontakt":[{"value":329,"label":"DT"}],"pa_led-chips-effekt-w":[{"value":1040,"label":"210"}],"pa_ljusbild":[{"value":178,"label":"Driving"}],"pa_storlek-mm":[{"value":1039,"label":"518x50,7x65"}],"pa_stromforbrukning":[{"value":1042,"label":"130A@12V"},{"value":1043,"label":"130A@24V"}],"pa_volt-v":[{"value":1041,"label":"Multivolt, 12, 16, 18, 24, 28, 30, 32, 36, 48"}]},"featured_image_src_large":["https:\/\/xenonkungen.com\/wp-content\/uploads\/2025\/04\/15250_itemimage_mainfront-1024x768.jpg",1024,768,true],"author_info":[],"comment_info":0,"_links":{"self":[{"href":"https:\/\/xenonkungen.com\/en\/wp-json\/wp\/v2\/product\/3182","targetHints":{"allow":["GET"]}}],"collection":[{"href":"https:\/\/xenonkungen.com\/en\/wp-json\/wp\/v2\/product"}],"about":[{"href":"https:\/\/xenonkungen.com\/en\/wp-json\/wp\/v2\/types\/product"}],"replies":[{"embeddable":true,"href":"https:\/\/xenonkungen.com\/en\/wp-json\/wp\/v2\/comments?post=3182"}],"wp:featuredmedia":[{"embeddable":true,"href":"https:\/\/xenonkungen.com\/en\/wp-json\/wp\/v2\/media\/3183"}],"wp:attachment":[{"href":"https:\/\/xenonkungen.com\/en\/wp-json\/wp\/v2\/media?parent=3182"}],"wp:term":[{"taxonomy":"anvandningsomrade","embeddable":true,"href":"https:\/\/xenonkungen.com\/en\/wp-json\/wp\/v2\/anvandningsomrade?post=3182"},{"taxonomy":"bilmarken","embeddable":true,"href":"https:\/\/xenonkungen.com\/en\/wp-json\/wp\/v2\/bilmarken?post=3182"},{"taxonomy":"product_brand","embeddable":true,"href":"https:\/\/xenonkungen.com\/en\/wp-json\/wp\/v2\/product_brand?post=3182"},{"taxonomy":"product_cat","embeddable":true,"href":"https:\/\/xenonkungen.com\/en\/wp-json\/wp\/v2\/product_cat?post=3182"},{"taxonomy":"product_tag","embeddable":true,"href":"https:\/\/xenonkungen.com\/en\/wp-json\/wp\/v2\/product_tag?post=3182"}],"curies":[{"name":"wp","href":"https:\/\/api.w.org\/{rel}","templated":true}]}}