{"id":3324,"date":"2025-04-15T08:53:55","date_gmt":"2025-04-15T08:53:55","guid":{"rendered":"https:\/\/xenonkungen.com\/product\/ozz-xh1-led-ploglampa\/"},"modified":"2026-03-17T12:05:46","modified_gmt":"2026-03-17T11:05:46","slug":"ozz-xh1-led-plow-light","status":"publish","type":"product","link":"https:\/\/xenonkungen.com\/en\/product\/ozz-xh1-led-plow-light\/","title":{"rendered":"OZZ XH1 LED plough light"},"content":{"rendered":"<h2><strong>OZZ XH1 \u2013 The Ultimate Headlight\/Snowplow Light<\/strong><\/h2>\n<p><strong>Introducing the OZZ XH1<\/strong> \u2013 a revolutionary headlight\/snowplow light that redefines versatility and performance. With a powerful 1700 lumens in low beam and an impressive 3100 lumens in high beam, the OZZ XH1 is your ultimate solution on the road.<\/p>\n<p><strong>Optimal Visibility in All Conditions<\/strong><br \/>The OZZ XH1 is equipped with an automatically heated lens that ensures crystal clear visibility in all weather conditions. Enjoy a range of 183 metres in low beam and a whopping 365 metres in high beam at 1 lux, providing unrivalled safety and visibility.<\/p>\n<p><strong>Natural and Cosy Light<\/strong><br \/>With a natural 5000K light, the OZZ XH1 offers both style and functionality, making your driving both safer and more comfortable. Available with low and high beam and turn signals, the lamp is designed to be easily mounted on both sides of the vehicle.<\/p>\n<p><strong>Flexible Design for Easy Installation<\/strong><br \/>OZZ XH1<\/p>\n<p>side unit is easy to assemble and disassemble thanks to its flexible and removable design. This allows you to quickly adapt and maintain your lighting as needed.<\/p>\n<p><strong>Technical Specifications:<\/strong><\/p>\n<ul>\n<li>Luminous flux: 1700 lumens (low beam), 3100 lumens (high beam)<\/li>\n<li>Range: 183 metres (low beam), 365 metres (high beam) at 1 lux<\/li>\n<li>Colour temperature: 5000 K<\/li>\n<li>REF: 27.5<\/li>\n<\/ul>\n<p>OZZ XH1 \u2013 combines power, reliability and simplicity in an elegant solution for all your needs on the road.<\/p>","protected":false},"excerpt":{"rendered":"<p>OZZ XH1 &#8211; Den Ultimata Str\u00e5lkastaren\/Sn\u00f6plogslampan Presentera OZZ XH1 &#8211; en revolutionerande str\u00e5lkastare\/sn\u00f6plogslampa som omdefinierar m\u00e5ngsidighet och prestanda. Med kraftfulla 1700 lumen i halvljus och imponerande 3100 lumen i helljus, \u00e4r OZZ XH1 din ultimata l\u00f6sning p\u00e5 v\u00e4gen. Optimal Sikt under Alla F\u00f6rh\u00e5llandenOZZ XH1 \u00e4r utrustad med en automatiskt uppv\u00e4rmd lins som s\u00e4kerst\u00e4ller kristallklar sikt [&hellip;]<\/p>","protected":false},"featured_media":3325,"comment_status":"closed","ping_status":"open","template":"","meta":{"_acf_changed":false,"_smort_price_nok":"3840","_smort_price_dkk":"2439","_smort_price_eur":"326.8","_smort_sale_price_nok":"","_smort_sale_price_dkk":"","_smort_sale_price_eur":"","smort_restorder":"","shipmondo_restorder":"","_kad_blocks_custom_css":"","_kad_blocks_head_custom_js":"","_kad_blocks_body_custom_js":"","_kad_blocks_footer_custom_js":"","smort_custom_pricelist_1":"2240","smort_custom_pricelist_2":"2240","smort_custom_pricelist_3":"2240","smort_custom_pricelist_4":"2800","smort_custom_pricelist_5":"2240"},"anvandningsomrade":[],"bilmarken":[],"product_brand":[1051,109],"product_cat":[142],"product_tag":[2788],"class_list":{"0":"post-3324","1":"product","2":"type-product","3":"status-publish","4":"has-post-thumbnail","6":"product_brand-ozz","7":"product_brand-ozz-lights","8":"product_cat-extraljus","9":"product_tag-black-week-exclude","10":"pa_fargtemperatur-5000k","11":"pa_fuktskydd-varde-ipxx-ip68-ip69k","12":"pa_godkannande-ece-r10-ce-r7-r112","13":"pa_lampsockel-kontakt-dt","14":"pa_led-chips-effekt-w-712","15":"pa_ljusbild-driving","16":"pa_storlek-mm-2245x80x150","17":"pa_stromforbrukning-2a24v","18":"pa_stromforbrukning-4a12v","19":"pa_volt-v-multivolt-10-12-16-18-24-28-30","21":"first","22":"onbackorder","23":"taxable","24":"shipping-taxable","25":"purchasable","26":"product-type-simple"},"bundled_by":[],"bundle_stock_status":"onbackorder","bundle_stock_quantity":0,"bundle_virtual":false,"bundle_layout":"","bundle_add_to_cart_form_location":"","bundle_editable_in_cart":false,"bundle_sold_individually_context":"","bundle_item_grouping":"","bundle_min_size":"","bundle_max_size":"","bundle_price":[],"bundled_items":[],"bundle_sell_ids":[],"acf":[],"yoast_head":"<!-- This site is optimized with the Yoast SEO plugin v27.0 - https:\/\/yoast.com\/product\/yoast-seo-wordpress\/ -->\n<title>OZZ XH1 LED Ploglampa - Xenonkungen<\/title>\n<meta name=\"robots\" content=\"index, follow, max-snippet:-1, max-image-preview:large, max-video-preview:-1\" \/>\n<link rel=\"canonical\" href=\"https:\/\/xenonkungen.com\/en\/product\/ozz-xh1-led-plow-light\/\" \/>\n<meta property=\"og:locale\" content=\"en_GB\" \/>\n<meta property=\"og:type\" content=\"article\" \/>\n<meta property=\"og:title\" content=\"OZZ XH1 LED Ploglampa - Xenonkungen\" \/>\n<meta property=\"og:description\" content=\"OZZ XH1 &#8211; Den Ultimata Str\u00e5lkastaren\/Sn\u00f6plogslampan Presentera OZZ XH1 &#8211; en revolutionerande str\u00e5lkastare\/sn\u00f6plogslampa som omdefinierar m\u00e5ngsidighet och prestanda. Med kraftfulla 1700 lumen i halvljus och imponerande 3100 lumen i helljus, \u00e4r OZZ XH1 din ultimata l\u00f6sning p\u00e5 v\u00e4gen. Optimal Sikt under Alla F\u00f6rh\u00e5llandenOZZ XH1 \u00e4r utrustad med en automatiskt uppv\u00e4rmd lins som s\u00e4kerst\u00e4ller kristallklar sikt [&hellip;]\" \/>\n<meta property=\"og:url\" content=\"https:\/\/xenonkungen.com\/en\/product\/ozz-xh1-led-plow-light\/\" \/>\n<meta property=\"og:site_name\" content=\"Xenonkungen\" \/>\n<meta property=\"article:modified_time\" content=\"2026-03-17T11:05:46+00:00\" \/>\n<meta property=\"og:image\" content=\"https:\/\/xenonkungen.com\/wp-content\/uploads\/2025\/04\/88301-front.jpg\" \/>\n\t<meta property=\"og:image:width\" content=\"2024\" \/>\n\t<meta property=\"og:image:height\" content=\"2024\" \/>\n\t<meta property=\"og:image:type\" content=\"image\/jpeg\" \/>\n<meta name=\"twitter:card\" content=\"summary_large_image\" \/>\n<meta name=\"twitter:label1\" content=\"Estimated reading time\" \/>\n\t<meta name=\"twitter:data1\" content=\"1 minute\" \/>\n<script type=\"application\/ld+json\" class=\"yoast-schema-graph\">{\"@context\":\"https:\/\/schema.org\",\"@graph\":[{\"@type\":\"WebPage\",\"@id\":\"https:\/\/xenonkungen.com\/produkt\/ozz-xh1-led-ploglampa\/\",\"url\":\"https:\/\/xenonkungen.com\/produkt\/ozz-xh1-led-ploglampa\/\",\"name\":\"OZZ XH1 LED Ploglampa - Xenonkungen\",\"isPartOf\":{\"@id\":\"https:\/\/xenonkungen.com\/#website\"},\"primaryImageOfPage\":{\"@id\":\"https:\/\/xenonkungen.com\/produkt\/ozz-xh1-led-ploglampa\/#primaryimage\"},\"image\":{\"@id\":\"https:\/\/xenonkungen.com\/produkt\/ozz-xh1-led-ploglampa\/#primaryimage\"},\"thumbnailUrl\":\"https:\/\/xenonkungen.com\/wp-content\/uploads\/2025\/04\/88301-front.jpg\",\"datePublished\":\"2025-04-15T08:53:55+00:00\",\"dateModified\":\"2026-03-17T11:05:46+00:00\",\"breadcrumb\":{\"@id\":\"https:\/\/xenonkungen.com\/produkt\/ozz-xh1-led-ploglampa\/#breadcrumb\"},\"inLanguage\":\"en-GB\",\"potentialAction\":[{\"@type\":\"ReadAction\",\"target\":[\"https:\/\/xenonkungen.com\/produkt\/ozz-xh1-led-ploglampa\/\"]}]},{\"@type\":\"ImageObject\",\"inLanguage\":\"en-GB\",\"@id\":\"https:\/\/xenonkungen.com\/produkt\/ozz-xh1-led-ploglampa\/#primaryimage\",\"url\":\"https:\/\/xenonkungen.com\/wp-content\/uploads\/2025\/04\/88301-front.jpg\",\"contentUrl\":\"https:\/\/xenonkungen.com\/wp-content\/uploads\/2025\/04\/88301-front.jpg\",\"width\":2024,\"height\":2024},{\"@type\":\"BreadcrumbList\",\"@id\":\"https:\/\/xenonkungen.com\/produkt\/ozz-xh1-led-ploglampa\/#breadcrumb\",\"itemListElement\":[{\"@type\":\"ListItem\",\"position\":1,\"name\":\"Hem\",\"item\":\"https:\/\/xenonkungen.com\/\"},{\"@type\":\"ListItem\",\"position\":2,\"name\":\"Shop\",\"item\":\"https:\/\/xenonkungen.com\/shop\/\"},{\"@type\":\"ListItem\",\"position\":3,\"name\":\"OZZ XH1 LED Ploglampa\"}]},{\"@type\":\"WebSite\",\"@id\":\"https:\/\/xenonkungen.com\/#website\",\"url\":\"https:\/\/xenonkungen.com\/\",\"name\":\"Xenonkungen\",\"description\":\"\",\"potentialAction\":[{\"@type\":\"SearchAction\",\"target\":{\"@type\":\"EntryPoint\",\"urlTemplate\":\"https:\/\/xenonkungen.com\/?s={search_term_string}\"},\"query-input\":{\"@type\":\"PropertyValueSpecification\",\"valueRequired\":true,\"valueName\":\"search_term_string\"}}],\"inLanguage\":\"en-GB\"}]}<\/script>\n<!-- \/ Yoast SEO plugin. -->","yoast_head_json":{"title":"OZZ XH1 LED Plow Lamp - The Xenon King","robots":{"index":"index","follow":"follow","max-snippet":"max-snippet:-1","max-image-preview":"max-image-preview:large","max-video-preview":"max-video-preview:-1"},"canonical":"https:\/\/xenonkungen.com\/en\/product\/ozz-xh1-led-plow-light\/","og_locale":"en_GB","og_type":"article","og_title":"OZZ XH1 LED Ploglampa - Xenonkungen","og_description":"OZZ XH1 &#8211; Den Ultimata Str\u00e5lkastaren\/Sn\u00f6plogslampan Presentera OZZ XH1 &#8211; en revolutionerande str\u00e5lkastare\/sn\u00f6plogslampa som omdefinierar m\u00e5ngsidighet och prestanda. Med kraftfulla 1700 lumen i halvljus och imponerande 3100 lumen i helljus, \u00e4r OZZ XH1 din ultimata l\u00f6sning p\u00e5 v\u00e4gen. Optimal Sikt under Alla F\u00f6rh\u00e5llandenOZZ XH1 \u00e4r utrustad med en automatiskt uppv\u00e4rmd lins som s\u00e4kerst\u00e4ller kristallklar sikt [&hellip;]","og_url":"https:\/\/xenonkungen.com\/en\/product\/ozz-xh1-led-plow-light\/","og_site_name":"Xenonkungen","article_modified_time":"2026-03-17T11:05:46+00:00","og_image":[{"width":2024,"height":2024,"url":"https:\/\/xenonkungen.com\/wp-content\/uploads\/2025\/04\/88301-front.jpg","type":"image\/jpeg"}],"twitter_card":"summary_large_image","twitter_misc":{"Estimated reading time":"1 minute"},"schema":{"@context":"https:\/\/schema.org","@graph":[{"@type":"WebPage","@id":"https:\/\/xenonkungen.com\/produkt\/ozz-xh1-led-ploglampa\/","url":"https:\/\/xenonkungen.com\/produkt\/ozz-xh1-led-ploglampa\/","name":"OZZ XH1 LED Plow Lamp - The Xenon King","isPartOf":{"@id":"https:\/\/xenonkungen.com\/#website"},"primaryImageOfPage":{"@id":"https:\/\/xenonkungen.com\/produkt\/ozz-xh1-led-ploglampa\/#primaryimage"},"image":{"@id":"https:\/\/xenonkungen.com\/produkt\/ozz-xh1-led-ploglampa\/#primaryimage"},"thumbnailUrl":"https:\/\/xenonkungen.com\/wp-content\/uploads\/2025\/04\/88301-front.jpg","datePublished":"2025-04-15T08:53:55+00:00","dateModified":"2026-03-17T11:05:46+00:00","breadcrumb":{"@id":"https:\/\/xenonkungen.com\/produkt\/ozz-xh1-led-ploglampa\/#breadcrumb"},"inLanguage":"en-GB","potentialAction":[{"@type":"ReadAction","target":["https:\/\/xenonkungen.com\/produkt\/ozz-xh1-led-ploglampa\/"]}]},{"@type":"ImageObject","inLanguage":"en-GB","@id":"https:\/\/xenonkungen.com\/produkt\/ozz-xh1-led-ploglampa\/#primaryimage","url":"https:\/\/xenonkungen.com\/wp-content\/uploads\/2025\/04\/88301-front.jpg","contentUrl":"https:\/\/xenonkungen.com\/wp-content\/uploads\/2025\/04\/88301-front.jpg","width":2024,"height":2024},{"@type":"BreadcrumbList","@id":"https:\/\/xenonkungen.com\/produkt\/ozz-xh1-led-ploglampa\/#breadcrumb","itemListElement":[{"@type":"ListItem","position":1,"name":"Hem","item":"https:\/\/xenonkungen.com\/"},{"@type":"ListItem","position":2,"name":"Shop","item":"https:\/\/xenonkungen.com\/shop\/"},{"@type":"ListItem","position":3,"name":"OZZ XH1 LED Ploglampa"}]},{"@type":"WebSite","@id":"https:\/\/xenonkungen.com\/#website","url":"https:\/\/xenonkungen.com\/","name":"Xenonkungen","description":"","potentialAction":[{"@type":"SearchAction","target":{"@type":"EntryPoint","urlTemplate":"https:\/\/xenonkungen.com\/?s={search_term_string}"},"query-input":{"@type":"PropertyValueSpecification","valueRequired":true,"valueName":"search_term_string"}}],"inLanguage":"en-GB"}]}},"taxonomy_info":{"product_brand":[{"value":1051,"label":"OZZ"},{"value":109,"label":"OZZ LIGHTS"}],"product_cat":[{"value":142,"label":"Extraljus"}],"product_tag":[{"value":2788,"label":"black-week-exclude"}],"pa_fargtemperatur":[{"value":154,"label":"5000K"}],"pa_fuktskydd-varde-ipxx":[{"value":402,"label":"IP68. IP69K"}],"pa_godkannande":[{"value":1106,"label":"ECE, R10, CE, R7, R112"}],"pa_lampsockel-kontakt":[{"value":329,"label":"DT"}],"pa_led-chips-effekt-w":[{"value":712,"label":"48"}],"pa_ljusbild":[{"value":178,"label":"Driving"}],"pa_storlek-mm":[{"value":1105,"label":"224,5x80x150"}],"pa_stromforbrukning":[{"value":813,"label":"2A@24V"},{"value":812,"label":"4A@12V"}],"pa_volt-v":[{"value":773,"label":"Multivolt, 10, 12, 16, 18, 24, 28, 30"}]},"featured_image_src_large":["https:\/\/xenonkungen.com\/wp-content\/uploads\/2025\/04\/88301-front-1024x1024.jpg",1024,1024,true],"author_info":[],"comment_info":0,"_links":{"self":[{"href":"https:\/\/xenonkungen.com\/en\/wp-json\/wp\/v2\/product\/3324","targetHints":{"allow":["GET"]}}],"collection":[{"href":"https:\/\/xenonkungen.com\/en\/wp-json\/wp\/v2\/product"}],"about":[{"href":"https:\/\/xenonkungen.com\/en\/wp-json\/wp\/v2\/types\/product"}],"replies":[{"embeddable":true,"href":"https:\/\/xenonkungen.com\/en\/wp-json\/wp\/v2\/comments?post=3324"}],"wp:featuredmedia":[{"embeddable":true,"href":"https:\/\/xenonkungen.com\/en\/wp-json\/wp\/v2\/media\/3325"}],"wp:attachment":[{"href":"https:\/\/xenonkungen.com\/en\/wp-json\/wp\/v2\/media?parent=3324"}],"wp:term":[{"taxonomy":"anvandningsomrade","embeddable":true,"href":"https:\/\/xenonkungen.com\/en\/wp-json\/wp\/v2\/anvandningsomrade?post=3324"},{"taxonomy":"bilmarken","embeddable":true,"href":"https:\/\/xenonkungen.com\/en\/wp-json\/wp\/v2\/bilmarken?post=3324"},{"taxonomy":"product_brand","embeddable":true,"href":"https:\/\/xenonkungen.com\/en\/wp-json\/wp\/v2\/product_brand?post=3324"},{"taxonomy":"product_cat","embeddable":true,"href":"https:\/\/xenonkungen.com\/en\/wp-json\/wp\/v2\/product_cat?post=3324"},{"taxonomy":"product_tag","embeddable":true,"href":"https:\/\/xenonkungen.com\/en\/wp-json\/wp\/v2\/product_tag?post=3324"}],"curies":[{"name":"wp","href":"https:\/\/api.w.org\/{rel}","templated":true}]}}