{"id":3369,"date":"2025-04-15T08:55:39","date_gmt":"2025-04-15T08:55:39","guid":{"rendered":"https:\/\/xenonkungen.com\/product\/ozz-transparent-linsskydd-oval\/"},"modified":"2026-04-24T16:52:51","modified_gmt":"2026-04-24T15:52:51","slug":"ozz-transparent-lens-cover-oval","status":"publish","type":"product","link":"https:\/\/xenonkungen.com\/en\/product\/ozz-transparent-lens-cover-oval\/","title":{"rendered":"OZZ Transparent lens hood Oval"},"content":{"rendered":"<p>Transparent Lens Hood from OZZ: Transform Your Extra Light<br \/>\nAesthetic and Functional<\/p>\n<p>Transform the look and function of your auxiliary light with our transparent lens cover, specially designed for the OZZ XO1 P\u201d. Made from durable polycarbonate, this lens cover not only offers an aesthetic touch of style but also acts as an important protective layer for your lights.<\/p>\n<p>Trouble-free installation<\/p>\n<p>With an innovative clip-on mechanism, an easy and secure installation is guaranteed, making it a breeze to upgrade your lighting system. No tools are required for assembly, saving both time and effort.<\/p>\n<p>Product dimensions<\/p>\n<p>Dimensions: 225x215x30, designed to fit perfectly with the OZZ XO1 P\u201d auxiliary light, ensuring a seamless and attractive finish.<\/p>","protected":false},"excerpt":{"rendered":"<p>Transparent Linsskydd fr\u00e5n OZZ: F\u00f6rvandla Ditt Extraljus Estetiskt och Funktionellt F\u00f6rvandla utseendet och funktionen p\u00e5 ditt extraljus med v\u00e5rt transparanta linsskydd, specialdesignat f\u00f6r OZZ XO1 P&#8221;. Tillverkat av h\u00e5llbart polykarbonat, erbjuder detta linsskydd inte bara en estetisk touch av stil utan agerar ocks\u00e5 som ett viktigt skyddande lager f\u00f6r dina lampor. Problemfri Installation Med en [&hellip;]<\/p>","protected":false},"featured_media":3370,"comment_status":"closed","ping_status":"open","template":"","meta":{"_acf_changed":false,"_smort_price_nok":"266","_smort_price_dkk":"169","_smort_price_eur":"22.64","_smort_sale_price_nok":"","_smort_sale_price_dkk":"","_smort_sale_price_eur":"","smort_restorder":"","shipmondo_restorder":"","_kad_blocks_custom_css":"","_kad_blocks_head_custom_js":"","_kad_blocks_body_custom_js":"","_kad_blocks_footer_custom_js":"","smort_custom_pricelist_1":"127.36","smort_custom_pricelist_2":"127.36","smort_custom_pricelist_3":"127.36","smort_custom_pricelist_4":"159.2","smort_custom_pricelist_5":"127.36"},"anvandningsomrade":[],"bilmarken":[],"product_brand":[1051],"product_cat":[2545,2546,142,1048],"product_tag":[2788],"class_list":{"0":"post-3369","1":"product","2":"type-product","3":"status-publish","4":"has-post-thumbnail","6":"product_brand-ozz","7":"product_cat-tillbehor-installation","8":"product_cat-ovriga-tillbehor-tillbehor-installation","9":"product_cat-extraljus","10":"product_cat-linsskydd","11":"product_tag-black-week-exclude","12":"pa_storlek-mm-240x185x40","14":"first","15":"onbackorder","16":"taxable","17":"shipping-taxable","18":"purchasable","19":"product-type-simple"},"bundled_by":[],"bundle_stock_status":"onbackorder","bundle_stock_quantity":0,"bundle_virtual":false,"bundle_layout":"","bundle_add_to_cart_form_location":"","bundle_editable_in_cart":false,"bundle_sold_individually_context":"","bundle_item_grouping":"","bundle_min_size":"","bundle_max_size":"","bundle_price":[],"bundled_items":[],"bundle_sell_ids":[],"acf":[],"yoast_head":"<!-- This site is optimized with the Yoast SEO plugin v27.0 - https:\/\/yoast.com\/product\/yoast-seo-wordpress\/ -->\n<title>OZZ Transparent linsskydd Oval - Xenonkungen<\/title>\n<meta name=\"robots\" content=\"index, follow, max-snippet:-1, max-image-preview:large, max-video-preview:-1\" \/>\n<link rel=\"canonical\" href=\"https:\/\/xenonkungen.com\/en\/product\/ozz-transparent-lens-cover-oval\/\" \/>\n<meta property=\"og:locale\" content=\"en_GB\" \/>\n<meta property=\"og:type\" content=\"article\" \/>\n<meta property=\"og:title\" content=\"OZZ Transparent linsskydd Oval - Xenonkungen\" \/>\n<meta property=\"og:description\" content=\"Transparent Linsskydd fr\u00e5n OZZ: F\u00f6rvandla Ditt Extraljus Estetiskt och Funktionellt F\u00f6rvandla utseendet och funktionen p\u00e5 ditt extraljus med v\u00e5rt transparanta linsskydd, specialdesignat f\u00f6r OZZ XO1 P&#8221;. Tillverkat av h\u00e5llbart polykarbonat, erbjuder detta linsskydd inte bara en estetisk touch av stil utan agerar ocks\u00e5 som ett viktigt skyddande lager f\u00f6r dina lampor. Problemfri Installation Med en [&hellip;]\" \/>\n<meta property=\"og:url\" content=\"https:\/\/xenonkungen.com\/en\/product\/ozz-transparent-lens-cover-oval\/\" \/>\n<meta property=\"og:site_name\" content=\"Xenonkungen\" \/>\n<meta property=\"article:modified_time\" content=\"2026-04-24T15:52:51+00:00\" \/>\n<meta property=\"og:image\" content=\"https:\/\/xenonkungen.com\/wp-content\/uploads\/2025\/04\/Skarmklipp-5.jpg\" \/>\n\t<meta property=\"og:image:width\" content=\"947\" \/>\n\t<meta property=\"og:image:height\" content=\"711\" \/>\n\t<meta property=\"og:image:type\" content=\"image\/jpeg\" \/>\n<meta name=\"twitter:card\" content=\"summary_large_image\" \/>\n<meta name=\"twitter:label1\" content=\"Estimated reading time\" \/>\n\t<meta name=\"twitter:data1\" content=\"1 minute\" \/>\n<script type=\"application\/ld+json\" class=\"yoast-schema-graph\">{\"@context\":\"https:\/\/schema.org\",\"@graph\":[{\"@type\":\"WebPage\",\"@id\":\"https:\/\/xenonkungen.com\/produkt\/ozz-transparent-linsskydd-oval\/\",\"url\":\"https:\/\/xenonkungen.com\/produkt\/ozz-transparent-linsskydd-oval\/\",\"name\":\"OZZ Transparent linsskydd Oval - Xenonkungen\",\"isPartOf\":{\"@id\":\"https:\/\/xenonkungen.com\/#website\"},\"primaryImageOfPage\":{\"@id\":\"https:\/\/xenonkungen.com\/produkt\/ozz-transparent-linsskydd-oval\/#primaryimage\"},\"image\":{\"@id\":\"https:\/\/xenonkungen.com\/produkt\/ozz-transparent-linsskydd-oval\/#primaryimage\"},\"thumbnailUrl\":\"https:\/\/xenonkungen.com\/wp-content\/uploads\/2025\/04\/Skarmklipp-5.jpg\",\"datePublished\":\"2025-04-15T08:55:39+00:00\",\"dateModified\":\"2026-04-24T15:52:51+00:00\",\"breadcrumb\":{\"@id\":\"https:\/\/xenonkungen.com\/produkt\/ozz-transparent-linsskydd-oval\/#breadcrumb\"},\"inLanguage\":\"en-GB\",\"potentialAction\":[{\"@type\":\"ReadAction\",\"target\":[\"https:\/\/xenonkungen.com\/produkt\/ozz-transparent-linsskydd-oval\/\"]}]},{\"@type\":\"ImageObject\",\"inLanguage\":\"en-GB\",\"@id\":\"https:\/\/xenonkungen.com\/produkt\/ozz-transparent-linsskydd-oval\/#primaryimage\",\"url\":\"https:\/\/xenonkungen.com\/wp-content\/uploads\/2025\/04\/Skarmklipp-5.jpg\",\"contentUrl\":\"https:\/\/xenonkungen.com\/wp-content\/uploads\/2025\/04\/Skarmklipp-5.jpg\",\"width\":947,\"height\":711},{\"@type\":\"BreadcrumbList\",\"@id\":\"https:\/\/xenonkungen.com\/produkt\/ozz-transparent-linsskydd-oval\/#breadcrumb\",\"itemListElement\":[{\"@type\":\"ListItem\",\"position\":1,\"name\":\"Hem\",\"item\":\"https:\/\/xenonkungen.com\/\"},{\"@type\":\"ListItem\",\"position\":2,\"name\":\"Shop\",\"item\":\"https:\/\/xenonkungen.com\/shop\/\"},{\"@type\":\"ListItem\",\"position\":3,\"name\":\"OZZ Transparent linsskydd Oval\"}]},{\"@type\":\"WebSite\",\"@id\":\"https:\/\/xenonkungen.com\/#website\",\"url\":\"https:\/\/xenonkungen.com\/\",\"name\":\"Xenonkungen\",\"description\":\"\",\"potentialAction\":[{\"@type\":\"SearchAction\",\"target\":{\"@type\":\"EntryPoint\",\"urlTemplate\":\"https:\/\/xenonkungen.com\/?s={search_term_string}\"},\"query-input\":{\"@type\":\"PropertyValueSpecification\",\"valueRequired\":true,\"valueName\":\"search_term_string\"}}],\"inLanguage\":\"en-GB\"}]}<\/script>\n<!-- \/ Yoast SEO plugin. -->","yoast_head_json":{"title":"OZZ Transparent lens cover Oval - Xenonkungen","robots":{"index":"index","follow":"follow","max-snippet":"max-snippet:-1","max-image-preview":"max-image-preview:large","max-video-preview":"max-video-preview:-1"},"canonical":"https:\/\/xenonkungen.com\/en\/product\/ozz-transparent-lens-cover-oval\/","og_locale":"en_GB","og_type":"article","og_title":"OZZ Transparent linsskydd Oval - Xenonkungen","og_description":"Transparent Linsskydd fr\u00e5n OZZ: F\u00f6rvandla Ditt Extraljus Estetiskt och Funktionellt F\u00f6rvandla utseendet och funktionen p\u00e5 ditt extraljus med v\u00e5rt transparanta linsskydd, specialdesignat f\u00f6r OZZ XO1 P&#8221;. Tillverkat av h\u00e5llbart polykarbonat, erbjuder detta linsskydd inte bara en estetisk touch av stil utan agerar ocks\u00e5 som ett viktigt skyddande lager f\u00f6r dina lampor. Problemfri Installation Med en [&hellip;]","og_url":"https:\/\/xenonkungen.com\/en\/product\/ozz-transparent-lens-cover-oval\/","og_site_name":"Xenonkungen","article_modified_time":"2026-04-24T15:52:51+00:00","og_image":[{"width":947,"height":711,"url":"https:\/\/xenonkungen.com\/wp-content\/uploads\/2025\/04\/Skarmklipp-5.jpg","type":"image\/jpeg"}],"twitter_card":"summary_large_image","twitter_misc":{"Estimated reading time":"1 minute"},"schema":{"@context":"https:\/\/schema.org","@graph":[{"@type":"WebPage","@id":"https:\/\/xenonkungen.com\/produkt\/ozz-transparent-linsskydd-oval\/","url":"https:\/\/xenonkungen.com\/produkt\/ozz-transparent-linsskydd-oval\/","name":"OZZ Transparent lens cover Oval - Xenonkungen","isPartOf":{"@id":"https:\/\/xenonkungen.com\/#website"},"primaryImageOfPage":{"@id":"https:\/\/xenonkungen.com\/produkt\/ozz-transparent-linsskydd-oval\/#primaryimage"},"image":{"@id":"https:\/\/xenonkungen.com\/produkt\/ozz-transparent-linsskydd-oval\/#primaryimage"},"thumbnailUrl":"https:\/\/xenonkungen.com\/wp-content\/uploads\/2025\/04\/Skarmklipp-5.jpg","datePublished":"2025-04-15T08:55:39+00:00","dateModified":"2026-04-24T15:52:51+00:00","breadcrumb":{"@id":"https:\/\/xenonkungen.com\/produkt\/ozz-transparent-linsskydd-oval\/#breadcrumb"},"inLanguage":"en-GB","potentialAction":[{"@type":"ReadAction","target":["https:\/\/xenonkungen.com\/produkt\/ozz-transparent-linsskydd-oval\/"]}]},{"@type":"ImageObject","inLanguage":"en-GB","@id":"https:\/\/xenonkungen.com\/produkt\/ozz-transparent-linsskydd-oval\/#primaryimage","url":"https:\/\/xenonkungen.com\/wp-content\/uploads\/2025\/04\/Skarmklipp-5.jpg","contentUrl":"https:\/\/xenonkungen.com\/wp-content\/uploads\/2025\/04\/Skarmklipp-5.jpg","width":947,"height":711},{"@type":"BreadcrumbList","@id":"https:\/\/xenonkungen.com\/produkt\/ozz-transparent-linsskydd-oval\/#breadcrumb","itemListElement":[{"@type":"ListItem","position":1,"name":"Hem","item":"https:\/\/xenonkungen.com\/"},{"@type":"ListItem","position":2,"name":"Shop","item":"https:\/\/xenonkungen.com\/shop\/"},{"@type":"ListItem","position":3,"name":"OZZ Transparent linsskydd Oval"}]},{"@type":"WebSite","@id":"https:\/\/xenonkungen.com\/#website","url":"https:\/\/xenonkungen.com\/","name":"Xenonkungen","description":"","potentialAction":[{"@type":"SearchAction","target":{"@type":"EntryPoint","urlTemplate":"https:\/\/xenonkungen.com\/?s={search_term_string}"},"query-input":{"@type":"PropertyValueSpecification","valueRequired":true,"valueName":"search_term_string"}}],"inLanguage":"en-GB"}]}},"taxonomy_info":{"product_brand":[{"value":1051,"label":"OZZ"}],"product_cat":[{"value":2545,"label":"INSTALLATION"},{"value":2546,"label":"\u00d6vriga Tillbeh\u00f6r"},{"value":142,"label":"Extraljus"},{"value":1048,"label":"Linsskydd"}],"product_tag":[{"value":2788,"label":"black-week-exclude"}],"pa_storlek-mm":[{"value":1118,"label":"240x185x40"}]},"featured_image_src_large":["https:\/\/xenonkungen.com\/wp-content\/uploads\/2025\/04\/Skarmklipp-5.jpg",947,711,false],"author_info":[],"comment_info":0,"_links":{"self":[{"href":"https:\/\/xenonkungen.com\/en\/wp-json\/wp\/v2\/product\/3369","targetHints":{"allow":["GET"]}}],"collection":[{"href":"https:\/\/xenonkungen.com\/en\/wp-json\/wp\/v2\/product"}],"about":[{"href":"https:\/\/xenonkungen.com\/en\/wp-json\/wp\/v2\/types\/product"}],"replies":[{"embeddable":true,"href":"https:\/\/xenonkungen.com\/en\/wp-json\/wp\/v2\/comments?post=3369"}],"wp:featuredmedia":[{"embeddable":true,"href":"https:\/\/xenonkungen.com\/en\/wp-json\/wp\/v2\/media\/3370"}],"wp:attachment":[{"href":"https:\/\/xenonkungen.com\/en\/wp-json\/wp\/v2\/media?parent=3369"}],"wp:term":[{"taxonomy":"anvandningsomrade","embeddable":true,"href":"https:\/\/xenonkungen.com\/en\/wp-json\/wp\/v2\/anvandningsomrade?post=3369"},{"taxonomy":"bilmarken","embeddable":true,"href":"https:\/\/xenonkungen.com\/en\/wp-json\/wp\/v2\/bilmarken?post=3369"},{"taxonomy":"product_brand","embeddable":true,"href":"https:\/\/xenonkungen.com\/en\/wp-json\/wp\/v2\/product_brand?post=3369"},{"taxonomy":"product_cat","embeddable":true,"href":"https:\/\/xenonkungen.com\/en\/wp-json\/wp\/v2\/product_cat?post=3369"},{"taxonomy":"product_tag","embeddable":true,"href":"https:\/\/xenonkungen.com\/en\/wp-json\/wp\/v2\/product_tag?post=3369"}],"curies":[{"name":"wp","href":"https:\/\/api.w.org\/{rel}","templated":true}]}}