{"id":3464,"date":"2025-04-15T08:56:43","date_gmt":"2025-04-15T08:56:43","guid":{"rendered":"https:\/\/xenonkungen.com\/product\/ganador-led-ramp-150w-curved-pro\/"},"modified":"2026-04-11T00:13:53","modified_gmt":"2026-04-10T23:13:53","slug":"ganador-led-ramp-150w-curved-pro","status":"publish","type":"product","link":"https:\/\/xenonkungen.com\/en\/product\/ganador-led-ramp-150w-curved-pro\/","title":{"rendered":"Ganador LED ramp 150W Curved PRO+"},"content":{"rendered":"<h1>Gandor 20\u2033 Extra Light Bar: Powerful LED Lighting for Your Vehicle<\/h1>\n<p>The Gandor 20\u2033 auxiliary light bar is the perfect solution for those looking for a powerful LED bar for their vehicle. With an impressive performance of <strong>11 500 actual lumens<\/strong> and <strong>1 lux over 480 metres<\/strong>this ramp will light up the road ahead of you like never before.<\/p>\n<h2>Selectable Position Light<\/h2>\n<p>A great feature on this ramp is the selectable position light in <strong>white and orange<\/strong>. You can customise the position light according to your preferences and needs, giving you even more flexibility when driving on the road.<\/p>\n<h2>E-approved for Your Safety<\/h2>\n<p>CAD's Gandor 20\u2033 auxiliary light bar is also fully E-approved, which means it fulfils all requirements and regulations in terms of brightness and design. You can feel safe and secure with this ramp installed on your vehicle.<\/p>\n<p>So whether you're looking to improve visibility on dark evenings or need a powerful auxiliary light for off-road adventures, CAD's Gandor 20\u2033 auxiliary light bar is the perfect choice for you. Give yourself a better and safer driving experience with this high-performance LED ramp.<\/p>","protected":false},"excerpt":{"rendered":"<p>Gandor 20&#8243; Extraljusramp: Kraftfull LED-belysning f\u00f6r Ditt Fordon Gandor 20&#8243; extraljusramp \u00e4r den perfekta l\u00f6sningen f\u00f6r dig som s\u00f6ker en kraftfull LED-ramp till ditt fordon. Med en imponerande prestanda p\u00e5 11 500 faktiska lumen och 1 lux p\u00e5 hela 480 meter, kommer denna ramp att lysa upp v\u00e4gen framf\u00f6r dig som aldrig f\u00f6rr. Valbart Positionsljus [&hellip;]<\/p>","protected":false},"featured_media":3465,"comment_status":"closed","ping_status":"open","template":"","meta":{"_acf_changed":false,"_smort_price_nok":"4005","_smort_price_dkk":"2545","_smort_price_eur":"340.89","_smort_sale_price_nok":"","_smort_sale_price_dkk":"","_smort_sale_price_eur":"","smort_restorder":"","shipmondo_restorder":"","_kad_blocks_custom_css":"","_kad_blocks_head_custom_js":"","_kad_blocks_body_custom_js":"","_kad_blocks_footer_custom_js":"","smort_custom_pricelist_1":"2400","smort_custom_pricelist_2":"2100","smort_custom_pricelist_3":"1950","smort_custom_pricelist_4":"3000","smort_custom_pricelist_5":"2100"},"anvandningsomrade":[],"bilmarken":[],"product_brand":[2793],"product_cat":[2967,2539],"product_tag":[],"class_list":{"0":"post-3464","1":"product","2":"type-product","3":"status-publish","4":"has-post-thumbnail","6":"product_brand-ovrigt","7":"product_cat-ledramp-curved","8":"product_cat-ledramper","9":"pa_faktisk-effekts-forbrukning-871","10":"pa_fargtemperatur-6000k","11":"pa_fuktskydd-varde-ipxx-ip68-ip69k","12":"pa_godkannande-ece-r148-r149","13":"pa_lampsockel-kontakt-dt","14":"pa_led-chips-effekt-w-1004","15":"pa_ljusbild-combo","16":"pa_storlek-mm-517x65x54","17":"pa_stromforbrukning-766a137v","18":"pa_volt-v-multivolt-9-12-16-18-24-28-30-32-36","20":"first","21":"onbackorder","22":"taxable","23":"shipping-taxable","24":"purchasable","25":"product-type-simple"},"bundled_by":[],"bundle_stock_status":"onbackorder","bundle_stock_quantity":0,"bundle_virtual":false,"bundle_layout":"","bundle_add_to_cart_form_location":"","bundle_editable_in_cart":false,"bundle_sold_individually_context":"","bundle_item_grouping":"","bundle_min_size":"","bundle_max_size":"","bundle_price":[],"bundled_items":[],"bundle_sell_ids":[],"acf":[],"yoast_head":"<!-- This site is optimized with the Yoast SEO plugin v27.0 - https:\/\/yoast.com\/product\/yoast-seo-wordpress\/ -->\n<title>Ganador LED ramp 150W Curved PRO+ - Xenonkungen<\/title>\n<meta name=\"robots\" content=\"index, follow, max-snippet:-1, max-image-preview:large, max-video-preview:-1\" \/>\n<link rel=\"canonical\" href=\"https:\/\/xenonkungen.com\/en\/product\/ganador-led-ramp-150w-curved-pro\/\" \/>\n<meta property=\"og:locale\" content=\"en_GB\" \/>\n<meta property=\"og:type\" content=\"article\" \/>\n<meta property=\"og:title\" content=\"Ganador LED ramp 150W Curved PRO+ - Xenonkungen\" \/>\n<meta property=\"og:description\" content=\"Gandor 20&#8243; Extraljusramp: Kraftfull LED-belysning f\u00f6r Ditt Fordon Gandor 20&#8243; extraljusramp \u00e4r den perfekta l\u00f6sningen f\u00f6r dig som s\u00f6ker en kraftfull LED-ramp till ditt fordon. Med en imponerande prestanda p\u00e5 11 500 faktiska lumen och 1 lux p\u00e5 hela 480 meter, kommer denna ramp att lysa upp v\u00e4gen framf\u00f6r dig som aldrig f\u00f6rr. Valbart Positionsljus [&hellip;]\" \/>\n<meta property=\"og:url\" content=\"https:\/\/xenonkungen.com\/en\/product\/ganador-led-ramp-150w-curved-pro\/\" \/>\n<meta property=\"og:site_name\" content=\"Xenonkungen\" \/>\n<meta property=\"article:modified_time\" content=\"2026-04-10T23:13:53+00:00\" \/>\n<meta property=\"og:image\" content=\"https:\/\/xenonkungen.com\/wp-content\/uploads\/2025\/04\/401015cs3-led-ramp-ganador-150w-curved-pro-scaled.jpg\" \/>\n\t<meta property=\"og:image:width\" content=\"2560\" \/>\n\t<meta property=\"og:image:height\" content=\"684\" \/>\n\t<meta property=\"og:image:type\" content=\"image\/jpeg\" \/>\n<meta name=\"twitter:card\" content=\"summary_large_image\" \/>\n<meta name=\"twitter:label1\" content=\"Estimated reading time\" \/>\n\t<meta name=\"twitter:data1\" content=\"1 minute\" \/>\n<script type=\"application\/ld+json\" class=\"yoast-schema-graph\">{\"@context\":\"https:\/\/schema.org\",\"@graph\":[{\"@type\":\"WebPage\",\"@id\":\"https:\/\/xenonkungen.com\/produkt\/ganador-led-ramp-150w-curved-pro\/\",\"url\":\"https:\/\/xenonkungen.com\/produkt\/ganador-led-ramp-150w-curved-pro\/\",\"name\":\"Ganador LED ramp 150W Curved PRO+ - Xenonkungen\",\"isPartOf\":{\"@id\":\"https:\/\/xenonkungen.com\/#website\"},\"primaryImageOfPage\":{\"@id\":\"https:\/\/xenonkungen.com\/produkt\/ganador-led-ramp-150w-curved-pro\/#primaryimage\"},\"image\":{\"@id\":\"https:\/\/xenonkungen.com\/produkt\/ganador-led-ramp-150w-curved-pro\/#primaryimage\"},\"thumbnailUrl\":\"https:\/\/xenonkungen.com\/wp-content\/uploads\/2025\/04\/401015cs3-led-ramp-ganador-150w-curved-pro-scaled.jpg\",\"datePublished\":\"2025-04-15T08:56:43+00:00\",\"dateModified\":\"2026-04-10T23:13:53+00:00\",\"breadcrumb\":{\"@id\":\"https:\/\/xenonkungen.com\/produkt\/ganador-led-ramp-150w-curved-pro\/#breadcrumb\"},\"inLanguage\":\"en-GB\",\"potentialAction\":[{\"@type\":\"ReadAction\",\"target\":[\"https:\/\/xenonkungen.com\/produkt\/ganador-led-ramp-150w-curved-pro\/\"]}]},{\"@type\":\"ImageObject\",\"inLanguage\":\"en-GB\",\"@id\":\"https:\/\/xenonkungen.com\/produkt\/ganador-led-ramp-150w-curved-pro\/#primaryimage\",\"url\":\"https:\/\/xenonkungen.com\/wp-content\/uploads\/2025\/04\/401015cs3-led-ramp-ganador-150w-curved-pro-scaled.jpg\",\"contentUrl\":\"https:\/\/xenonkungen.com\/wp-content\/uploads\/2025\/04\/401015cs3-led-ramp-ganador-150w-curved-pro-scaled.jpg\",\"width\":2560,\"height\":684},{\"@type\":\"BreadcrumbList\",\"@id\":\"https:\/\/xenonkungen.com\/produkt\/ganador-led-ramp-150w-curved-pro\/#breadcrumb\",\"itemListElement\":[{\"@type\":\"ListItem\",\"position\":1,\"name\":\"Hem\",\"item\":\"https:\/\/xenonkungen.com\/\"},{\"@type\":\"ListItem\",\"position\":2,\"name\":\"Shop\",\"item\":\"https:\/\/xenonkungen.com\/shop\/\"},{\"@type\":\"ListItem\",\"position\":3,\"name\":\"Ganador LED ramp 150W Curved PRO+\"}]},{\"@type\":\"WebSite\",\"@id\":\"https:\/\/xenonkungen.com\/#website\",\"url\":\"https:\/\/xenonkungen.com\/\",\"name\":\"Xenonkungen\",\"description\":\"\",\"potentialAction\":[{\"@type\":\"SearchAction\",\"target\":{\"@type\":\"EntryPoint\",\"urlTemplate\":\"https:\/\/xenonkungen.com\/?s={search_term_string}\"},\"query-input\":{\"@type\":\"PropertyValueSpecification\",\"valueRequired\":true,\"valueName\":\"search_term_string\"}}],\"inLanguage\":\"en-GB\"}]}<\/script>\n<!-- \/ Yoast SEO plugin. -->","yoast_head_json":{"title":"Ganador LED ramp 150W Curved PRO+ - The Xenon king","robots":{"index":"index","follow":"follow","max-snippet":"max-snippet:-1","max-image-preview":"max-image-preview:large","max-video-preview":"max-video-preview:-1"},"canonical":"https:\/\/xenonkungen.com\/en\/product\/ganador-led-ramp-150w-curved-pro\/","og_locale":"en_GB","og_type":"article","og_title":"Ganador LED ramp 150W Curved PRO+ - Xenonkungen","og_description":"Gandor 20&#8243; Extraljusramp: Kraftfull LED-belysning f\u00f6r Ditt Fordon Gandor 20&#8243; extraljusramp \u00e4r den perfekta l\u00f6sningen f\u00f6r dig som s\u00f6ker en kraftfull LED-ramp till ditt fordon. Med en imponerande prestanda p\u00e5 11 500 faktiska lumen och 1 lux p\u00e5 hela 480 meter, kommer denna ramp att lysa upp v\u00e4gen framf\u00f6r dig som aldrig f\u00f6rr. Valbart Positionsljus [&hellip;]","og_url":"https:\/\/xenonkungen.com\/en\/product\/ganador-led-ramp-150w-curved-pro\/","og_site_name":"Xenonkungen","article_modified_time":"2026-04-10T23:13:53+00:00","og_image":[{"width":2560,"height":684,"url":"https:\/\/xenonkungen.com\/wp-content\/uploads\/2025\/04\/401015cs3-led-ramp-ganador-150w-curved-pro-scaled.jpg","type":"image\/jpeg"}],"twitter_card":"summary_large_image","twitter_misc":{"Estimated reading time":"1 minute"},"schema":{"@context":"https:\/\/schema.org","@graph":[{"@type":"WebPage","@id":"https:\/\/xenonkungen.com\/produkt\/ganador-led-ramp-150w-curved-pro\/","url":"https:\/\/xenonkungen.com\/produkt\/ganador-led-ramp-150w-curved-pro\/","name":"Ganador LED ramp 150W Curved PRO+ - The Xenon king","isPartOf":{"@id":"https:\/\/xenonkungen.com\/#website"},"primaryImageOfPage":{"@id":"https:\/\/xenonkungen.com\/produkt\/ganador-led-ramp-150w-curved-pro\/#primaryimage"},"image":{"@id":"https:\/\/xenonkungen.com\/produkt\/ganador-led-ramp-150w-curved-pro\/#primaryimage"},"thumbnailUrl":"https:\/\/xenonkungen.com\/wp-content\/uploads\/2025\/04\/401015cs3-led-ramp-ganador-150w-curved-pro-scaled.jpg","datePublished":"2025-04-15T08:56:43+00:00","dateModified":"2026-04-10T23:13:53+00:00","breadcrumb":{"@id":"https:\/\/xenonkungen.com\/produkt\/ganador-led-ramp-150w-curved-pro\/#breadcrumb"},"inLanguage":"en-GB","potentialAction":[{"@type":"ReadAction","target":["https:\/\/xenonkungen.com\/produkt\/ganador-led-ramp-150w-curved-pro\/"]}]},{"@type":"ImageObject","inLanguage":"en-GB","@id":"https:\/\/xenonkungen.com\/produkt\/ganador-led-ramp-150w-curved-pro\/#primaryimage","url":"https:\/\/xenonkungen.com\/wp-content\/uploads\/2025\/04\/401015cs3-led-ramp-ganador-150w-curved-pro-scaled.jpg","contentUrl":"https:\/\/xenonkungen.com\/wp-content\/uploads\/2025\/04\/401015cs3-led-ramp-ganador-150w-curved-pro-scaled.jpg","width":2560,"height":684},{"@type":"BreadcrumbList","@id":"https:\/\/xenonkungen.com\/produkt\/ganador-led-ramp-150w-curved-pro\/#breadcrumb","itemListElement":[{"@type":"ListItem","position":1,"name":"Hem","item":"https:\/\/xenonkungen.com\/"},{"@type":"ListItem","position":2,"name":"Shop","item":"https:\/\/xenonkungen.com\/shop\/"},{"@type":"ListItem","position":3,"name":"Ganador LED ramp 150W Curved PRO+"}]},{"@type":"WebSite","@id":"https:\/\/xenonkungen.com\/#website","url":"https:\/\/xenonkungen.com\/","name":"Xenonkungen","description":"","potentialAction":[{"@type":"SearchAction","target":{"@type":"EntryPoint","urlTemplate":"https:\/\/xenonkungen.com\/?s={search_term_string}"},"query-input":{"@type":"PropertyValueSpecification","valueRequired":true,"valueName":"search_term_string"}}],"inLanguage":"en-GB"}]}},"taxonomy_info":{"product_brand":[{"value":2793,"label":"\u00d6VRIGT"}],"product_cat":[{"value":2967,"label":"Ledramp Curved"},{"value":2539,"label":"LEDRAMPER"}],"pa_faktisk-effekts-forbrukning":[{"value":871,"label":"105"}],"pa_fargtemperatur":[{"value":188,"label":"6000K"}],"pa_fuktskydd-varde-ipxx":[{"value":402,"label":"IP68. IP69K"}],"pa_godkannande":[{"value":1147,"label":"ECE, R148, R149"}],"pa_lampsockel-kontakt":[{"value":329,"label":"DT"}],"pa_led-chips-effekt-w":[{"value":1004,"label":"150"}],"pa_ljusbild":[{"value":804,"label":"Combo"}],"pa_storlek-mm":[{"value":1145,"label":"517x65x54"}],"pa_stromforbrukning":[{"value":1146,"label":"7,66A@13,7V"}],"pa_volt-v":[{"value":504,"label":"Multivolt, 9, 12, 16, 18, 24, 28, 30, 32, 36"}]},"featured_image_src_large":["https:\/\/xenonkungen.com\/wp-content\/uploads\/2025\/04\/401015cs3-led-ramp-ganador-150w-curved-pro-1024x274.jpg",1024,274,true],"author_info":[],"comment_info":0,"_links":{"self":[{"href":"https:\/\/xenonkungen.com\/en\/wp-json\/wp\/v2\/product\/3464","targetHints":{"allow":["GET"]}}],"collection":[{"href":"https:\/\/xenonkungen.com\/en\/wp-json\/wp\/v2\/product"}],"about":[{"href":"https:\/\/xenonkungen.com\/en\/wp-json\/wp\/v2\/types\/product"}],"replies":[{"embeddable":true,"href":"https:\/\/xenonkungen.com\/en\/wp-json\/wp\/v2\/comments?post=3464"}],"wp:featuredmedia":[{"embeddable":true,"href":"https:\/\/xenonkungen.com\/en\/wp-json\/wp\/v2\/media\/3465"}],"wp:attachment":[{"href":"https:\/\/xenonkungen.com\/en\/wp-json\/wp\/v2\/media?parent=3464"}],"wp:term":[{"taxonomy":"anvandningsomrade","embeddable":true,"href":"https:\/\/xenonkungen.com\/en\/wp-json\/wp\/v2\/anvandningsomrade?post=3464"},{"taxonomy":"bilmarken","embeddable":true,"href":"https:\/\/xenonkungen.com\/en\/wp-json\/wp\/v2\/bilmarken?post=3464"},{"taxonomy":"product_brand","embeddable":true,"href":"https:\/\/xenonkungen.com\/en\/wp-json\/wp\/v2\/product_brand?post=3464"},{"taxonomy":"product_cat","embeddable":true,"href":"https:\/\/xenonkungen.com\/en\/wp-json\/wp\/v2\/product_cat?post=3464"},{"taxonomy":"product_tag","embeddable":true,"href":"https:\/\/xenonkungen.com\/en\/wp-json\/wp\/v2\/product_tag?post=3464"}],"curies":[{"name":"wp","href":"https:\/\/api.w.org\/{rel}","templated":true}]}}