{"id":3555,"date":"2025-04-15T08:58:40","date_gmt":"2025-04-15T08:58:40","guid":{"rendered":"https:\/\/xenonkungen.com\/product\/arbetslampa-abl-sla-2000-bred-asymmetrisk\/"},"modified":"2026-04-24T16:51:11","modified_gmt":"2026-04-24T15:51:11","slug":"work-lamp-abl-sla-2000-wide-asymmetrical","status":"publish","type":"product","link":"https:\/\/xenonkungen.com\/en\/product\/work-lamp-abl-sla-2000-wide-asymmetrical\/","title":{"rendered":"Work light ABL SLA 2000 wide asymmetric"},"content":{"rendered":"<h1>ABL SL2000 FL: High quality work light with tempered glass<\/h1>\n<p>The ABL SL2000 FL is a powerful and efficient work light that fulfils ADR approved requirements. Designed to meet and exceed high industry standards, this work light is the ultimate premium option for those looking for a robust and durable light in a compact format.<\/p>\n<h2>Outstanding Features of the product:<\/h2>\n<ol>\n<li><strong>Compact design:<\/strong> With a depth of only 57 mm, the ABL SL2000 FL offers a powerful light source in a compact and manoeuvrable package.<\/li>\n<li><strong>High quality glass:<\/strong> This work light is equipped with tempered glass for increased durability and light performance.<\/li>\n<li><strong>Wide Symmetrical Light pattern:<\/strong> With its wide symmetrical light distribution, the ABL SL2000 FL ensures even and efficient light distribution.<\/li>\n<li><strong>Reliable Performance:<\/strong> The ABL SL2000 FL has undergone rigorous technical tests to guarantee the highest efficiency and durability even in the toughest working conditions.<\/li>\n<li><strong>European Quality:<\/strong> All components of this work light are manufactured and tested in Europe, ensuring their reliability and long life.<\/li>\n<li><strong>Built-in 2-pole DT connector:<\/strong> For easy installation and use, the ABL SL2000 FL has a built-in 2-pin DT connector.<\/li>\n<li><strong>EMC Approved:<\/strong> This work light complies with EMC standards ISO 13766, ISO 14982, ISO 12985 and CISPR25 Class 5, ensuring its safe use.<\/li>\n<li><strong>5 Years Warranty:<\/strong> For your peace of mind, we offer a 5-year warranty on ABL SL2000 FL work lights.<\/li>\n<\/ol>\n<p>Choose the ABL SL2000 FL work light for stable and efficient lighting, whatever the working conditions.<\/p>","protected":false},"excerpt":{"rendered":"<p>ABL SL2000 FL: H\u00f6gkvalitativ Arbetslampa med H\u00e4rdat Glas ABL SL2000 FL \u00e4r en kraftfull och effektiv arbetslampa som uppfyller ADR-godk\u00e4nda krav. Utformad f\u00f6r att m\u00f6ta och \u00f6vertr\u00e4ffa h\u00f6gt st\u00e4llda branschkrav, \u00e4r denna arbetsbelysning det ultimata premiumalternativet f\u00f6r dig som s\u00f6ker en robust och h\u00e5llbar lampa i kompakt format. Produktens Framst\u00e5ende Egenskaper: Kompakt Design: Med ett [&hellip;]<\/p>","protected":false},"featured_media":3556,"comment_status":"closed","ping_status":"open","template":"","meta":{"_acf_changed":false,"_smort_price_nok":"1319","_smort_price_dkk":"838","_smort_price_eur":"112.27","_smort_sale_price_nok":"","_smort_sale_price_dkk":"","_smort_sale_price_eur":"","smort_restorder":"","shipmondo_restorder":"","_kad_blocks_custom_css":"","_kad_blocks_head_custom_js":"","_kad_blocks_body_custom_js":"","_kad_blocks_footer_custom_js":"","smort_custom_pricelist_1":"790.4","smort_custom_pricelist_2":"691.6","smort_custom_pricelist_3":"657.02","smort_custom_pricelist_4":"988","smort_custom_pricelist_5":"691.6"},"anvandningsomrade":[],"bilmarken":[],"product_brand":[],"product_cat":[508],"product_tag":[2788],"class_list":{"0":"post-3555","1":"product","2":"type-product","3":"status-publish","4":"has-post-thumbnail","6":"product_cat-arbetsbelysning","7":"product_tag-black-week-exclude","8":"pa_fargtemperatur-6000k","9":"pa_fuktskydd-varde-ipxx-ip69k","10":"pa_godkannande-emc-iso-13766-iso-14982-iso-12985-cispr25-class-5","11":"pa_lampsockel-kontakt-dt","12":"pa_led-chips-effekt-w-1169","13":"pa_storlek-mm-101x97x57","14":"pa_stromforbrukning-12a24v","15":"pa_volt-v-12-24","17":"first","18":"onbackorder","19":"taxable","20":"shipping-taxable","21":"purchasable","22":"product-type-simple"},"bundled_by":[],"bundle_stock_status":"onbackorder","bundle_stock_quantity":0,"bundle_virtual":false,"bundle_layout":"","bundle_add_to_cart_form_location":"","bundle_editable_in_cart":false,"bundle_sold_individually_context":"","bundle_item_grouping":"","bundle_min_size":"","bundle_max_size":"","bundle_price":[],"bundled_items":[],"bundle_sell_ids":[],"acf":[],"yoast_head":"<!-- This site is optimized with the Yoast SEO plugin v27.0 - https:\/\/yoast.com\/product\/yoast-seo-wordpress\/ -->\n<title>Arbetslampa ABL SLA 2000 bred asymmetrisk - Xenonkungen<\/title>\n<meta name=\"robots\" content=\"index, follow, max-snippet:-1, max-image-preview:large, max-video-preview:-1\" \/>\n<link rel=\"canonical\" href=\"http:\/\/xenonkungen.com\/en\/product\/work-lamp-abl-sla-2000-wide-asymmetrical\/\" \/>\n<meta property=\"og:locale\" content=\"en_GB\" \/>\n<meta property=\"og:type\" content=\"article\" \/>\n<meta property=\"og:title\" content=\"Arbetslampa ABL SLA 2000 bred asymmetrisk - Xenonkungen\" \/>\n<meta property=\"og:description\" content=\"ABL SL2000 FL: H\u00f6gkvalitativ Arbetslampa med H\u00e4rdat Glas ABL SL2000 FL \u00e4r en kraftfull och effektiv arbetslampa som uppfyller ADR-godk\u00e4nda krav. Utformad f\u00f6r att m\u00f6ta och \u00f6vertr\u00e4ffa h\u00f6gt st\u00e4llda branschkrav, \u00e4r denna arbetsbelysning det ultimata premiumalternativet f\u00f6r dig som s\u00f6ker en robust och h\u00e5llbar lampa i kompakt format. Produktens Framst\u00e5ende Egenskaper: Kompakt Design: Med ett [&hellip;]\" \/>\n<meta property=\"og:url\" content=\"http:\/\/xenonkungen.com\/en\/product\/work-lamp-abl-sla-2000-wide-asymmetrical\/\" \/>\n<meta property=\"og:site_name\" content=\"Xenonkungen\" \/>\n<meta property=\"article:modified_time\" content=\"2026-04-24T15:51:11+00:00\" \/>\n<meta property=\"og:image\" content=\"https:\/\/xenonkungen.com\/wp-content\/uploads\/2025\/04\/273-621_itemimage_2.jpg\" \/>\n\t<meta property=\"og:image:width\" content=\"2048\" \/>\n\t<meta property=\"og:image:height\" content=\"1535\" \/>\n\t<meta property=\"og:image:type\" content=\"image\/jpeg\" \/>\n<meta name=\"twitter:card\" content=\"summary_large_image\" \/>\n<meta name=\"twitter:label1\" content=\"Estimated reading time\" \/>\n\t<meta name=\"twitter:data1\" content=\"1 minute\" \/>\n<script type=\"application\/ld+json\" class=\"yoast-schema-graph\">{\"@context\":\"https:\/\/schema.org\",\"@graph\":[{\"@type\":\"WebPage\",\"@id\":\"http:\/\/xenonkungen.com\/en\/product\/work-lamp-abl-sla-2000-wide-asymmetrical\/\",\"url\":\"http:\/\/xenonkungen.com\/en\/product\/work-lamp-abl-sla-2000-wide-asymmetrical\/\",\"name\":\"Arbetslampa ABL SLA 2000 bred asymmetrisk - Xenonkungen\",\"isPartOf\":{\"@id\":\"https:\/\/xenonkungen.com\/#website\"},\"primaryImageOfPage\":{\"@id\":\"http:\/\/xenonkungen.com\/en\/product\/work-lamp-abl-sla-2000-wide-asymmetrical\/#primaryimage\"},\"image\":{\"@id\":\"http:\/\/xenonkungen.com\/en\/product\/work-lamp-abl-sla-2000-wide-asymmetrical\/#primaryimage\"},\"thumbnailUrl\":\"https:\/\/xenonkungen.com\/wp-content\/uploads\/2025\/04\/273-621_itemimage_2.jpg\",\"datePublished\":\"2025-04-15T08:58:40+00:00\",\"dateModified\":\"2026-04-24T15:51:11+00:00\",\"breadcrumb\":{\"@id\":\"http:\/\/xenonkungen.com\/en\/product\/work-lamp-abl-sla-2000-wide-asymmetrical\/#breadcrumb\"},\"inLanguage\":\"en-GB\",\"potentialAction\":[{\"@type\":\"ReadAction\",\"target\":[\"http:\/\/xenonkungen.com\/en\/product\/work-lamp-abl-sla-2000-wide-asymmetrical\/\"]}]},{\"@type\":\"ImageObject\",\"inLanguage\":\"en-GB\",\"@id\":\"http:\/\/xenonkungen.com\/en\/product\/work-lamp-abl-sla-2000-wide-asymmetrical\/#primaryimage\",\"url\":\"https:\/\/xenonkungen.com\/wp-content\/uploads\/2025\/04\/273-621_itemimage_2.jpg\",\"contentUrl\":\"https:\/\/xenonkungen.com\/wp-content\/uploads\/2025\/04\/273-621_itemimage_2.jpg\",\"width\":2048,\"height\":1535},{\"@type\":\"BreadcrumbList\",\"@id\":\"http:\/\/xenonkungen.com\/en\/product\/work-lamp-abl-sla-2000-wide-asymmetrical\/#breadcrumb\",\"itemListElement\":[{\"@type\":\"ListItem\",\"position\":1,\"name\":\"Hem\",\"item\":\"https:\/\/xenonkungen.com\/\"},{\"@type\":\"ListItem\",\"position\":2,\"name\":\"Shop\",\"item\":\"https:\/\/xenonkungen.com\/shop\/\"},{\"@type\":\"ListItem\",\"position\":3,\"name\":\"Arbetslampa ABL SLA 2000 bred asymmetrisk\"}]},{\"@type\":\"WebSite\",\"@id\":\"https:\/\/xenonkungen.com\/#website\",\"url\":\"https:\/\/xenonkungen.com\/\",\"name\":\"Xenonkungen\",\"description\":\"\",\"potentialAction\":[{\"@type\":\"SearchAction\",\"target\":{\"@type\":\"EntryPoint\",\"urlTemplate\":\"https:\/\/xenonkungen.com\/?s={search_term_string}\"},\"query-input\":{\"@type\":\"PropertyValueSpecification\",\"valueRequired\":true,\"valueName\":\"search_term_string\"}}],\"inLanguage\":\"en-GB\"}]}<\/script>\n<!-- \/ Yoast SEO plugin. -->","yoast_head_json":{"title":"Work lamp ABL SLA 2000 wide asymmetrical - Xenonkungen","robots":{"index":"index","follow":"follow","max-snippet":"max-snippet:-1","max-image-preview":"max-image-preview:large","max-video-preview":"max-video-preview:-1"},"canonical":"http:\/\/xenonkungen.com\/en\/product\/work-lamp-abl-sla-2000-wide-asymmetrical\/","og_locale":"en_GB","og_type":"article","og_title":"Arbetslampa ABL SLA 2000 bred asymmetrisk - Xenonkungen","og_description":"ABL SL2000 FL: H\u00f6gkvalitativ Arbetslampa med H\u00e4rdat Glas ABL SL2000 FL \u00e4r en kraftfull och effektiv arbetslampa som uppfyller ADR-godk\u00e4nda krav. Utformad f\u00f6r att m\u00f6ta och \u00f6vertr\u00e4ffa h\u00f6gt st\u00e4llda branschkrav, \u00e4r denna arbetsbelysning det ultimata premiumalternativet f\u00f6r dig som s\u00f6ker en robust och h\u00e5llbar lampa i kompakt format. Produktens Framst\u00e5ende Egenskaper: Kompakt Design: Med ett [&hellip;]","og_url":"http:\/\/xenonkungen.com\/en\/product\/work-lamp-abl-sla-2000-wide-asymmetrical\/","og_site_name":"Xenonkungen","article_modified_time":"2026-04-24T15:51:11+00:00","og_image":[{"width":2048,"height":1535,"url":"https:\/\/xenonkungen.com\/wp-content\/uploads\/2025\/04\/273-621_itemimage_2.jpg","type":"image\/jpeg"}],"twitter_card":"summary_large_image","twitter_misc":{"Estimated reading time":"1 minute"},"schema":{"@context":"https:\/\/schema.org","@graph":[{"@type":"WebPage","@id":"http:\/\/xenonkungen.com\/en\/product\/work-lamp-abl-sla-2000-wide-asymmetrical\/","url":"http:\/\/xenonkungen.com\/en\/product\/work-lamp-abl-sla-2000-wide-asymmetrical\/","name":"Work lamp ABL SLA 2000 wide asymmetrical - Xenonkungen","isPartOf":{"@id":"https:\/\/xenonkungen.com\/#website"},"primaryImageOfPage":{"@id":"http:\/\/xenonkungen.com\/en\/product\/work-lamp-abl-sla-2000-wide-asymmetrical\/#primaryimage"},"image":{"@id":"http:\/\/xenonkungen.com\/en\/product\/work-lamp-abl-sla-2000-wide-asymmetrical\/#primaryimage"},"thumbnailUrl":"https:\/\/xenonkungen.com\/wp-content\/uploads\/2025\/04\/273-621_itemimage_2.jpg","datePublished":"2025-04-15T08:58:40+00:00","dateModified":"2026-04-24T15:51:11+00:00","breadcrumb":{"@id":"http:\/\/xenonkungen.com\/en\/product\/work-lamp-abl-sla-2000-wide-asymmetrical\/#breadcrumb"},"inLanguage":"en-GB","potentialAction":[{"@type":"ReadAction","target":["http:\/\/xenonkungen.com\/en\/product\/work-lamp-abl-sla-2000-wide-asymmetrical\/"]}]},{"@type":"ImageObject","inLanguage":"en-GB","@id":"http:\/\/xenonkungen.com\/en\/product\/work-lamp-abl-sla-2000-wide-asymmetrical\/#primaryimage","url":"https:\/\/xenonkungen.com\/wp-content\/uploads\/2025\/04\/273-621_itemimage_2.jpg","contentUrl":"https:\/\/xenonkungen.com\/wp-content\/uploads\/2025\/04\/273-621_itemimage_2.jpg","width":2048,"height":1535},{"@type":"BreadcrumbList","@id":"http:\/\/xenonkungen.com\/en\/product\/work-lamp-abl-sla-2000-wide-asymmetrical\/#breadcrumb","itemListElement":[{"@type":"ListItem","position":1,"name":"Hem","item":"https:\/\/xenonkungen.com\/"},{"@type":"ListItem","position":2,"name":"Shop","item":"https:\/\/xenonkungen.com\/shop\/"},{"@type":"ListItem","position":3,"name":"Arbetslampa ABL SLA 2000 bred asymmetrisk"}]},{"@type":"WebSite","@id":"https:\/\/xenonkungen.com\/#website","url":"https:\/\/xenonkungen.com\/","name":"Xenonkungen","description":"","potentialAction":[{"@type":"SearchAction","target":{"@type":"EntryPoint","urlTemplate":"https:\/\/xenonkungen.com\/?s={search_term_string}"},"query-input":{"@type":"PropertyValueSpecification","valueRequired":true,"valueName":"search_term_string"}}],"inLanguage":"en-GB"}]}},"taxonomy_info":{"product_cat":[{"value":508,"label":"Arbetsbelysning"}],"product_tag":[{"value":2788,"label":"black-week-exclude"}],"pa_fargtemperatur":[{"value":188,"label":"6000K"}],"pa_fuktskydd-varde-ipxx":[{"value":155,"label":"IP69K"}],"pa_godkannande":[{"value":1165,"label":"EMC: ISO 13766 - ISO 14982 - ISO 12985 - CISPR25 Class 5"}],"pa_lampsockel-kontakt":[{"value":329,"label":"DT"}],"pa_led-chips-effekt-w":[{"value":1169,"label":"29"}],"pa_storlek-mm":[{"value":1166,"label":"101x97x57"}],"pa_stromforbrukning":[{"value":535,"label":"1,2A@24V"}],"pa_volt-v":[{"value":348,"label":"12, 24"}]},"featured_image_src_large":["https:\/\/xenonkungen.com\/wp-content\/uploads\/2025\/04\/273-621_itemimage_2-1024x768.jpg",1024,768,true],"author_info":[],"comment_info":0,"_links":{"self":[{"href":"https:\/\/xenonkungen.com\/en\/wp-json\/wp\/v2\/product\/3555","targetHints":{"allow":["GET"]}}],"collection":[{"href":"https:\/\/xenonkungen.com\/en\/wp-json\/wp\/v2\/product"}],"about":[{"href":"https:\/\/xenonkungen.com\/en\/wp-json\/wp\/v2\/types\/product"}],"replies":[{"embeddable":true,"href":"https:\/\/xenonkungen.com\/en\/wp-json\/wp\/v2\/comments?post=3555"}],"wp:featuredmedia":[{"embeddable":true,"href":"https:\/\/xenonkungen.com\/en\/wp-json\/wp\/v2\/media\/3556"}],"wp:attachment":[{"href":"https:\/\/xenonkungen.com\/en\/wp-json\/wp\/v2\/media?parent=3555"}],"wp:term":[{"taxonomy":"anvandningsomrade","embeddable":true,"href":"https:\/\/xenonkungen.com\/en\/wp-json\/wp\/v2\/anvandningsomrade?post=3555"},{"taxonomy":"bilmarken","embeddable":true,"href":"https:\/\/xenonkungen.com\/en\/wp-json\/wp\/v2\/bilmarken?post=3555"},{"taxonomy":"product_brand","embeddable":true,"href":"https:\/\/xenonkungen.com\/en\/wp-json\/wp\/v2\/product_brand?post=3555"},{"taxonomy":"product_cat","embeddable":true,"href":"https:\/\/xenonkungen.com\/en\/wp-json\/wp\/v2\/product_cat?post=3555"},{"taxonomy":"product_tag","embeddable":true,"href":"https:\/\/xenonkungen.com\/en\/wp-json\/wp\/v2\/product_tag?post=3555"}],"curies":[{"name":"wp","href":"https:\/\/api.w.org\/{rel}","templated":true}]}}