{"id":3564,"date":"2025-04-15T08:58:40","date_gmt":"2025-04-15T08:58:40","guid":{"rendered":"https:\/\/xenonkungen.com\/product\/arbetslampa-abl-sla-2000-fl-no-glare\/"},"modified":"2026-04-24T16:51:14","modified_gmt":"2026-04-24T15:51:14","slug":"work-lamp-abl-sla-2000-fl-no-glare","status":"publish","type":"product","link":"https:\/\/xenonkungen.com\/en\/product\/work-lamp-abl-sla-2000-fl-no-glare\/","title":{"rendered":"Work lamp ABL SLA 2000 FL NO GLARE"},"content":{"rendered":"<h1>ABL SLA 2000 FL NO GLARE: Glare-free power in work lamps<\/h1>\n<p>The ABL SLA 2000 FL NO GLARE task light provides powerful and stable illumination without glare, making it ideal for all your work needs. This ADR approved LED work light is specifically designed to meet and exceed demanding industry requirements, making it an optimal solution for various applications.<\/p>\n<h2>Characteristics:<\/h2>\n<ol>\n<li><strong>Compact and Powerful:<\/strong> The SLA 2000 FL NO GLARE work light has a compact design with a depth of just 57 mm. Despite its small size, it delivers powerful and even light distribution for efficient lighting.<\/li>\n<li><strong>Glare-free:<\/strong> Thanks to the clever design of the lens, this work light provides glare-free illumination that lights up the area around the vehicle, exactly where it is needed.<\/li>\n<li><strong>High quality:<\/strong> This work light is manufactured and tested in Europe to guarantee high quality and performance.<\/li>\n<li><strong>Withstand Tough Conditions:<\/strong> SLA 2000 FL NO GLARE has undergone rigorous technical tests to ensure its durability and efficiency even in the toughest conditions.<\/li>\n<li><strong>Built-in 2-pole DT connector:<\/strong> Includes a built-in 2-pin DT connector for easy installation and use.<\/li>\n<li><strong>EMC:<\/strong> Complies with EMC standards ISO 13766, ISO 14982, ISO 12985 and CISPR25 Class 5 for safe and reliable use.<\/li>\n<li><strong>5 year guarantee:<\/strong> We offer a 5-year warranty on SLA 2000 FL NO GLARE work lights to give you extra peace of mind and security.<\/li>\n<\/ol>\n<p>With the ABL SLA 2000 FL NO GLARE work light, you can count on stable and efficient lighting without glare, whatever your working conditions. Invest in this work light today for an improved working experience.<\/p>","protected":false},"excerpt":{"rendered":"<p>ABL SLA 2000 FL NO GLARE: Bl\u00e4ndfri Kraft i Arbetslampor ABL SLA 2000 FL NO GLARE arbetsbelysning ger en kraftfull och stabil belysning utan att bl\u00e4nda, vilket g\u00f6r den idealisk f\u00f6r alla dina arbetsbehov. Denna ADR-godk\u00e4nda LED arbetsbelysning \u00e4r speciellt utformad f\u00f6r att m\u00f6ta och \u00f6vertr\u00e4ffa kr\u00e4vande branschkrav, vilket g\u00f6r den till en optimal l\u00f6sning [&hellip;]<\/p>","protected":false},"featured_media":3565,"comment_status":"closed","ping_status":"open","template":"","meta":{"_acf_changed":false,"_smort_price_nok":"1527","_smort_price_dkk":"970","_smort_price_eur":"129.99","_smort_sale_price_nok":"","_smort_sale_price_dkk":"","_smort_sale_price_eur":"","smort_restorder":"","shipmondo_restorder":"","_kad_blocks_custom_css":"","_kad_blocks_head_custom_js":"","_kad_blocks_body_custom_js":"","_kad_blocks_footer_custom_js":"","smort_custom_pricelist_1":"915.2","smort_custom_pricelist_2":"800.8","smort_custom_pricelist_3":"760.76","smort_custom_pricelist_4":"1144","smort_custom_pricelist_5":"800.8"},"anvandningsomrade":[],"bilmarken":[],"product_brand":[],"product_cat":[508],"product_tag":[2788],"class_list":{"0":"post-3564","1":"product","2":"type-product","3":"status-publish","4":"has-post-thumbnail","6":"product_cat-arbetsbelysning","7":"product_tag-black-week-exclude","8":"pa_fargtemperatur-6000k","9":"pa_fuktskydd-varde-ipxx-ip69k","10":"pa_godkannande-emc-iso-13766-iso-14982-iso-12985-cispr25-class-5","11":"pa_lampsockel-kontakt-dt","12":"pa_led-chips-effekt-w-1169","13":"pa_storlek-mm-101x97x57","14":"pa_stromforbrukning-12a24v","15":"pa_volt-v-12-24","17":"first","18":"onbackorder","19":"taxable","20":"shipping-taxable","21":"purchasable","22":"product-type-simple"},"bundled_by":[],"bundle_stock_status":"onbackorder","bundle_stock_quantity":0,"bundle_virtual":false,"bundle_layout":"","bundle_add_to_cart_form_location":"","bundle_editable_in_cart":false,"bundle_sold_individually_context":"","bundle_item_grouping":"","bundle_min_size":"","bundle_max_size":"","bundle_price":[],"bundled_items":[],"bundle_sell_ids":[],"acf":[],"yoast_head":"<!-- This site is optimized with the Yoast SEO plugin v27.0 - https:\/\/yoast.com\/product\/yoast-seo-wordpress\/ -->\n<title>Arbetslampa ABL SLA 2000 FL NO GLARE - Xenonkungen<\/title>\n<meta name=\"robots\" content=\"index, follow, max-snippet:-1, max-image-preview:large, max-video-preview:-1\" \/>\n<link rel=\"canonical\" href=\"https:\/\/xenonkungen.com\/en\/product\/work-lamp-abl-sla-2000-fl-no-glare\/\" \/>\n<meta property=\"og:locale\" content=\"en_GB\" \/>\n<meta property=\"og:type\" content=\"article\" \/>\n<meta property=\"og:title\" content=\"Arbetslampa ABL SLA 2000 FL NO GLARE - Xenonkungen\" \/>\n<meta property=\"og:description\" content=\"ABL SLA 2000 FL NO GLARE: Bl\u00e4ndfri Kraft i Arbetslampor ABL SLA 2000 FL NO GLARE arbetsbelysning ger en kraftfull och stabil belysning utan att bl\u00e4nda, vilket g\u00f6r den idealisk f\u00f6r alla dina arbetsbehov. Denna ADR-godk\u00e4nda LED arbetsbelysning \u00e4r speciellt utformad f\u00f6r att m\u00f6ta och \u00f6vertr\u00e4ffa kr\u00e4vande branschkrav, vilket g\u00f6r den till en optimal l\u00f6sning [&hellip;]\" \/>\n<meta property=\"og:url\" content=\"https:\/\/xenonkungen.com\/en\/product\/work-lamp-abl-sla-2000-fl-no-glare\/\" \/>\n<meta property=\"og:site_name\" content=\"Xenonkungen\" \/>\n<meta property=\"article:modified_time\" content=\"2026-04-24T15:51:14+00:00\" \/>\n<meta property=\"og:image\" content=\"https:\/\/xenonkungen.com\/wp-content\/uploads\/2025\/04\/273-624_itemimage_mainfront.jpg\" \/>\n\t<meta property=\"og:image:width\" content=\"2048\" \/>\n\t<meta property=\"og:image:height\" content=\"1536\" \/>\n\t<meta property=\"og:image:type\" content=\"image\/jpeg\" \/>\n<meta name=\"twitter:card\" content=\"summary_large_image\" \/>\n<meta name=\"twitter:label1\" content=\"Estimated reading time\" \/>\n\t<meta name=\"twitter:data1\" content=\"1 minute\" \/>\n<script type=\"application\/ld+json\" class=\"yoast-schema-graph\">{\"@context\":\"https:\/\/schema.org\",\"@graph\":[{\"@type\":\"WebPage\",\"@id\":\"https:\/\/xenonkungen.com\/produkt\/arbetslampa-abl-sla-2000-fl-no-glare\/\",\"url\":\"https:\/\/xenonkungen.com\/produkt\/arbetslampa-abl-sla-2000-fl-no-glare\/\",\"name\":\"Arbetslampa ABL SLA 2000 FL NO GLARE - Xenonkungen\",\"isPartOf\":{\"@id\":\"https:\/\/xenonkungen.com\/#website\"},\"primaryImageOfPage\":{\"@id\":\"https:\/\/xenonkungen.com\/produkt\/arbetslampa-abl-sla-2000-fl-no-glare\/#primaryimage\"},\"image\":{\"@id\":\"https:\/\/xenonkungen.com\/produkt\/arbetslampa-abl-sla-2000-fl-no-glare\/#primaryimage\"},\"thumbnailUrl\":\"https:\/\/xenonkungen.com\/wp-content\/uploads\/2025\/04\/273-624_itemimage_mainfront.jpg\",\"datePublished\":\"2025-04-15T08:58:40+00:00\",\"dateModified\":\"2026-04-24T15:51:14+00:00\",\"breadcrumb\":{\"@id\":\"https:\/\/xenonkungen.com\/produkt\/arbetslampa-abl-sla-2000-fl-no-glare\/#breadcrumb\"},\"inLanguage\":\"en-GB\",\"potentialAction\":[{\"@type\":\"ReadAction\",\"target\":[\"https:\/\/xenonkungen.com\/produkt\/arbetslampa-abl-sla-2000-fl-no-glare\/\"]}]},{\"@type\":\"ImageObject\",\"inLanguage\":\"en-GB\",\"@id\":\"https:\/\/xenonkungen.com\/produkt\/arbetslampa-abl-sla-2000-fl-no-glare\/#primaryimage\",\"url\":\"https:\/\/xenonkungen.com\/wp-content\/uploads\/2025\/04\/273-624_itemimage_mainfront.jpg\",\"contentUrl\":\"https:\/\/xenonkungen.com\/wp-content\/uploads\/2025\/04\/273-624_itemimage_mainfront.jpg\",\"width\":2048,\"height\":1536},{\"@type\":\"BreadcrumbList\",\"@id\":\"https:\/\/xenonkungen.com\/produkt\/arbetslampa-abl-sla-2000-fl-no-glare\/#breadcrumb\",\"itemListElement\":[{\"@type\":\"ListItem\",\"position\":1,\"name\":\"Hem\",\"item\":\"https:\/\/xenonkungen.com\/\"},{\"@type\":\"ListItem\",\"position\":2,\"name\":\"Shop\",\"item\":\"https:\/\/xenonkungen.com\/shop\/\"},{\"@type\":\"ListItem\",\"position\":3,\"name\":\"Arbetslampa ABL SLA 2000 FL NO GLARE\"}]},{\"@type\":\"WebSite\",\"@id\":\"https:\/\/xenonkungen.com\/#website\",\"url\":\"https:\/\/xenonkungen.com\/\",\"name\":\"Xenonkungen\",\"description\":\"\",\"potentialAction\":[{\"@type\":\"SearchAction\",\"target\":{\"@type\":\"EntryPoint\",\"urlTemplate\":\"https:\/\/xenonkungen.com\/?s={search_term_string}\"},\"query-input\":{\"@type\":\"PropertyValueSpecification\",\"valueRequired\":true,\"valueName\":\"search_term_string\"}}],\"inLanguage\":\"en-GB\"}]}<\/script>\n<!-- \/ Yoast SEO plugin. -->","yoast_head_json":{"title":"Work lamp ABL SLA 2000 FL NO GLARE - Xenonkungen","robots":{"index":"index","follow":"follow","max-snippet":"max-snippet:-1","max-image-preview":"max-image-preview:large","max-video-preview":"max-video-preview:-1"},"canonical":"https:\/\/xenonkungen.com\/en\/product\/work-lamp-abl-sla-2000-fl-no-glare\/","og_locale":"en_GB","og_type":"article","og_title":"Arbetslampa ABL SLA 2000 FL NO GLARE - Xenonkungen","og_description":"ABL SLA 2000 FL NO GLARE: Bl\u00e4ndfri Kraft i Arbetslampor ABL SLA 2000 FL NO GLARE arbetsbelysning ger en kraftfull och stabil belysning utan att bl\u00e4nda, vilket g\u00f6r den idealisk f\u00f6r alla dina arbetsbehov. Denna ADR-godk\u00e4nda LED arbetsbelysning \u00e4r speciellt utformad f\u00f6r att m\u00f6ta och \u00f6vertr\u00e4ffa kr\u00e4vande branschkrav, vilket g\u00f6r den till en optimal l\u00f6sning [&hellip;]","og_url":"https:\/\/xenonkungen.com\/en\/product\/work-lamp-abl-sla-2000-fl-no-glare\/","og_site_name":"Xenonkungen","article_modified_time":"2026-04-24T15:51:14+00:00","og_image":[{"width":2048,"height":1536,"url":"https:\/\/xenonkungen.com\/wp-content\/uploads\/2025\/04\/273-624_itemimage_mainfront.jpg","type":"image\/jpeg"}],"twitter_card":"summary_large_image","twitter_misc":{"Estimated reading time":"1 minute"},"schema":{"@context":"https:\/\/schema.org","@graph":[{"@type":"WebPage","@id":"https:\/\/xenonkungen.com\/produkt\/arbetslampa-abl-sla-2000-fl-no-glare\/","url":"https:\/\/xenonkungen.com\/produkt\/arbetslampa-abl-sla-2000-fl-no-glare\/","name":"Work lamp ABL SLA 2000 FL NO GLARE - Xenonkungen","isPartOf":{"@id":"https:\/\/xenonkungen.com\/#website"},"primaryImageOfPage":{"@id":"https:\/\/xenonkungen.com\/produkt\/arbetslampa-abl-sla-2000-fl-no-glare\/#primaryimage"},"image":{"@id":"https:\/\/xenonkungen.com\/produkt\/arbetslampa-abl-sla-2000-fl-no-glare\/#primaryimage"},"thumbnailUrl":"https:\/\/xenonkungen.com\/wp-content\/uploads\/2025\/04\/273-624_itemimage_mainfront.jpg","datePublished":"2025-04-15T08:58:40+00:00","dateModified":"2026-04-24T15:51:14+00:00","breadcrumb":{"@id":"https:\/\/xenonkungen.com\/produkt\/arbetslampa-abl-sla-2000-fl-no-glare\/#breadcrumb"},"inLanguage":"en-GB","potentialAction":[{"@type":"ReadAction","target":["https:\/\/xenonkungen.com\/produkt\/arbetslampa-abl-sla-2000-fl-no-glare\/"]}]},{"@type":"ImageObject","inLanguage":"en-GB","@id":"https:\/\/xenonkungen.com\/produkt\/arbetslampa-abl-sla-2000-fl-no-glare\/#primaryimage","url":"https:\/\/xenonkungen.com\/wp-content\/uploads\/2025\/04\/273-624_itemimage_mainfront.jpg","contentUrl":"https:\/\/xenonkungen.com\/wp-content\/uploads\/2025\/04\/273-624_itemimage_mainfront.jpg","width":2048,"height":1536},{"@type":"BreadcrumbList","@id":"https:\/\/xenonkungen.com\/produkt\/arbetslampa-abl-sla-2000-fl-no-glare\/#breadcrumb","itemListElement":[{"@type":"ListItem","position":1,"name":"Hem","item":"https:\/\/xenonkungen.com\/"},{"@type":"ListItem","position":2,"name":"Shop","item":"https:\/\/xenonkungen.com\/shop\/"},{"@type":"ListItem","position":3,"name":"Arbetslampa ABL SLA 2000 FL NO GLARE"}]},{"@type":"WebSite","@id":"https:\/\/xenonkungen.com\/#website","url":"https:\/\/xenonkungen.com\/","name":"Xenonkungen","description":"","potentialAction":[{"@type":"SearchAction","target":{"@type":"EntryPoint","urlTemplate":"https:\/\/xenonkungen.com\/?s={search_term_string}"},"query-input":{"@type":"PropertyValueSpecification","valueRequired":true,"valueName":"search_term_string"}}],"inLanguage":"en-GB"}]}},"taxonomy_info":{"product_cat":[{"value":508,"label":"Arbetsbelysning"}],"product_tag":[{"value":2788,"label":"black-week-exclude"}],"pa_fargtemperatur":[{"value":188,"label":"6000K"}],"pa_fuktskydd-varde-ipxx":[{"value":155,"label":"IP69K"}],"pa_godkannande":[{"value":1165,"label":"EMC: ISO 13766 - ISO 14982 - ISO 12985 - CISPR25 Class 5"}],"pa_lampsockel-kontakt":[{"value":329,"label":"DT"}],"pa_led-chips-effekt-w":[{"value":1169,"label":"29"}],"pa_storlek-mm":[{"value":1166,"label":"101x97x57"}],"pa_stromforbrukning":[{"value":535,"label":"1,2A@24V"}],"pa_volt-v":[{"value":348,"label":"12, 24"}]},"featured_image_src_large":["https:\/\/xenonkungen.com\/wp-content\/uploads\/2025\/04\/273-624_itemimage_mainfront-1024x768.jpg",1024,768,true],"author_info":[],"comment_info":0,"_links":{"self":[{"href":"https:\/\/xenonkungen.com\/en\/wp-json\/wp\/v2\/product\/3564","targetHints":{"allow":["GET"]}}],"collection":[{"href":"https:\/\/xenonkungen.com\/en\/wp-json\/wp\/v2\/product"}],"about":[{"href":"https:\/\/xenonkungen.com\/en\/wp-json\/wp\/v2\/types\/product"}],"replies":[{"embeddable":true,"href":"https:\/\/xenonkungen.com\/en\/wp-json\/wp\/v2\/comments?post=3564"}],"wp:featuredmedia":[{"embeddable":true,"href":"https:\/\/xenonkungen.com\/en\/wp-json\/wp\/v2\/media\/3565"}],"wp:attachment":[{"href":"https:\/\/xenonkungen.com\/en\/wp-json\/wp\/v2\/media?parent=3564"}],"wp:term":[{"taxonomy":"anvandningsomrade","embeddable":true,"href":"https:\/\/xenonkungen.com\/en\/wp-json\/wp\/v2\/anvandningsomrade?post=3564"},{"taxonomy":"bilmarken","embeddable":true,"href":"https:\/\/xenonkungen.com\/en\/wp-json\/wp\/v2\/bilmarken?post=3564"},{"taxonomy":"product_brand","embeddable":true,"href":"https:\/\/xenonkungen.com\/en\/wp-json\/wp\/v2\/product_brand?post=3564"},{"taxonomy":"product_cat","embeddable":true,"href":"https:\/\/xenonkungen.com\/en\/wp-json\/wp\/v2\/product_cat?post=3564"},{"taxonomy":"product_tag","embeddable":true,"href":"https:\/\/xenonkungen.com\/en\/wp-json\/wp\/v2\/product_tag?post=3564"}],"curies":[{"name":"wp","href":"https:\/\/api.w.org\/{rel}","templated":true}]}}