{"id":3580,"date":"2025-04-15T08:59:14","date_gmt":"2025-04-15T08:59:14","guid":{"rendered":"https:\/\/xenonkungen.com\/product\/briodlights-led-arbetsbelysning-oval-2400-lm\/"},"modified":"2026-05-08T13:28:28","modified_gmt":"2026-05-08T12:28:28","slug":"briodlights-led-work-light-oval-2400-lm","status":"publish","type":"product","link":"https:\/\/xenonkungen.com\/en\/product\/briodlights-led-work-light-oval-2400-lm\/","title":{"rendered":"BriodLights LED work light oval 2400 lm"},"content":{"rendered":"<h1>Oval Task Light with LED from BriodLights<\/h1>\n<h2>High quality task lighting<\/h2>\n<p>BriodLight's oval LED task light delivers exceptional illumination thanks to its eight 3W CREE diodes. With a wide beam pattern and a life expectancy of around 50,000 hours, this lamp gives you reliable lighting for a long time.<\/p>\n<h2>Strong and Efficient Lighting<\/h2>\n<p>This task light provides an impressive 1600 lm of brightness, with a power of 24W. The voltage range is 9-32V, making it a powerful and flexible lighting solution for all your work needs.<\/p>\n<h2>Reliable Certifications<\/h2>\n<p>Your safety is our priority. That's why our work lights have certifications such as E, EMC, ECE R10, LED and IP68. You can be sure you're getting a product that delivers reliable performance and durability.<\/p>","protected":false},"excerpt":{"rendered":"<p>Oval Arbetsbelysning med LED fr\u00e5n BriodLights H\u00f6gkvalitativ Arbetsbelysning BriodLights ovala LED-arbetsbelysning levererar exceptionell belysning tack vare dess \u00e5tta 3W CREE-dioder. Med en bred ljusbild och en f\u00f6rv\u00e4ntad livsl\u00e4ngd p\u00e5 cirka 50 000 timmar, ger denna lampa dig tillf\u00f6rlitlig belysning under l\u00e5ng tid. Stark och Effektiv Belysning Denna arbetsbelysning ger en imponerande ljusstyrka p\u00e5 1600 lm, [&hellip;]<\/p>","protected":false},"featured_media":3581,"comment_status":"closed","ping_status":"closed","template":"","meta":{"_acf_changed":false,"_smort_price_nok":"491","_smort_price_dkk":"312","_smort_price_eur":"41.82","_smort_sale_price_nok":"","_smort_sale_price_dkk":"","_smort_sale_price_eur":"","smort_restorder":"","shipmondo_restorder":"","_kad_blocks_custom_css":"","_kad_blocks_head_custom_js":"","_kad_blocks_body_custom_js":"","_kad_blocks_footer_custom_js":"","smort_custom_pricelist_1":"288","smort_custom_pricelist_2":"288","smort_custom_pricelist_3":"288","smort_custom_pricelist_4":"360","smort_custom_pricelist_5":"288"},"anvandningsomrade":[],"bilmarken":[],"product_brand":[92],"product_cat":[508],"product_tag":[2788],"class_list":{"0":"post-3580","1":"product","2":"type-product","3":"status-publish","4":"has-post-thumbnail","6":"product_brand-briodlights","7":"product_cat-arbetsbelysning","8":"product_tag-black-week-exclude","9":"pa_fargtemperatur-6000k","10":"pa_fuktskydd-varde-ipxx-ip68","11":"pa_godkannande-emc-ece-r10","12":"pa_lampsockel-kontakt-dt","13":"pa_led-chips-effekt-w-708","14":"pa_storlek-mm-140x145x60","15":"pa_volt-v-multivolt-9-12-16-18-24-28-30-32","17":"first","18":"onbackorder","19":"taxable","20":"shipping-taxable","21":"purchasable","22":"product-type-simple"},"bundled_by":[],"bundle_stock_status":"onbackorder","bundle_stock_quantity":0,"bundle_virtual":false,"bundle_layout":"","bundle_add_to_cart_form_location":"","bundle_editable_in_cart":false,"bundle_sold_individually_context":"","bundle_item_grouping":"","bundle_min_size":"","bundle_max_size":"","bundle_price":[],"bundled_items":[],"bundle_sell_ids":[],"acf":[],"yoast_head":"<!-- This site is optimized with the Yoast SEO plugin v27.0 - https:\/\/yoast.com\/product\/yoast-seo-wordpress\/ -->\n<title>BriodLights LED Arbetsbelysning oval 2400 lm - Xenonkungen<\/title>\n<meta name=\"robots\" content=\"index, follow, max-snippet:-1, max-image-preview:large, max-video-preview:-1\" \/>\n<link rel=\"canonical\" href=\"https:\/\/xenonkungen.com\/en\/product\/briodlights-led-work-light-oval-2400-lm\/\" \/>\n<meta property=\"og:locale\" content=\"en_GB\" \/>\n<meta property=\"og:type\" content=\"article\" \/>\n<meta property=\"og:title\" content=\"BriodLights LED Arbetsbelysning oval 2400 lm - Xenonkungen\" \/>\n<meta property=\"og:description\" content=\"Oval Arbetsbelysning med LED fr\u00e5n BriodLights H\u00f6gkvalitativ Arbetsbelysning BriodLights ovala LED-arbetsbelysning levererar exceptionell belysning tack vare dess \u00e5tta 3W CREE-dioder. Med en bred ljusbild och en f\u00f6rv\u00e4ntad livsl\u00e4ngd p\u00e5 cirka 50 000 timmar, ger denna lampa dig tillf\u00f6rlitlig belysning under l\u00e5ng tid. Stark och Effektiv Belysning Denna arbetsbelysning ger en imponerande ljusstyrka p\u00e5 1600 lm, [&hellip;]\" \/>\n<meta property=\"og:url\" content=\"https:\/\/xenonkungen.com\/en\/product\/briodlights-led-work-light-oval-2400-lm\/\" \/>\n<meta property=\"og:site_name\" content=\"Xenonkungen\" \/>\n<meta property=\"article:modified_time\" content=\"2026-05-08T12:28:28+00:00\" \/>\n<meta property=\"og:image\" content=\"https:\/\/xenonkungen.com\/wp-content\/uploads\/2025\/04\/A1044_productimage_mainfront.jpg\" \/>\n\t<meta property=\"og:image:width\" content=\"2048\" \/>\n\t<meta property=\"og:image:height\" content=\"2048\" \/>\n\t<meta property=\"og:image:type\" content=\"image\/jpeg\" \/>\n<meta name=\"twitter:card\" content=\"summary_large_image\" \/>\n<meta name=\"twitter:label1\" content=\"Estimated reading time\" \/>\n\t<meta name=\"twitter:data1\" content=\"1 minute\" \/>\n<script type=\"application\/ld+json\" class=\"yoast-schema-graph\">{\"@context\":\"https:\/\/schema.org\",\"@graph\":[{\"@type\":\"WebPage\",\"@id\":\"https:\/\/xenonkungen.com\/produkt\/briodlights-led-arbetsbelysning-oval-2400-lm\/\",\"url\":\"https:\/\/xenonkungen.com\/produkt\/briodlights-led-arbetsbelysning-oval-2400-lm\/\",\"name\":\"BriodLights LED Arbetsbelysning oval 2400 lm - Xenonkungen\",\"isPartOf\":{\"@id\":\"https:\/\/xenonkungen.com\/#website\"},\"primaryImageOfPage\":{\"@id\":\"https:\/\/xenonkungen.com\/produkt\/briodlights-led-arbetsbelysning-oval-2400-lm\/#primaryimage\"},\"image\":{\"@id\":\"https:\/\/xenonkungen.com\/produkt\/briodlights-led-arbetsbelysning-oval-2400-lm\/#primaryimage\"},\"thumbnailUrl\":\"https:\/\/xenonkungen.com\/wp-content\/uploads\/2025\/04\/A1044_productimage_mainfront.jpg\",\"datePublished\":\"2025-04-15T08:59:14+00:00\",\"dateModified\":\"2026-05-08T12:28:28+00:00\",\"breadcrumb\":{\"@id\":\"https:\/\/xenonkungen.com\/produkt\/briodlights-led-arbetsbelysning-oval-2400-lm\/#breadcrumb\"},\"inLanguage\":\"en-GB\",\"potentialAction\":[{\"@type\":\"ReadAction\",\"target\":[\"https:\/\/xenonkungen.com\/produkt\/briodlights-led-arbetsbelysning-oval-2400-lm\/\"]}]},{\"@type\":\"ImageObject\",\"inLanguage\":\"en-GB\",\"@id\":\"https:\/\/xenonkungen.com\/produkt\/briodlights-led-arbetsbelysning-oval-2400-lm\/#primaryimage\",\"url\":\"https:\/\/xenonkungen.com\/wp-content\/uploads\/2025\/04\/A1044_productimage_mainfront.jpg\",\"contentUrl\":\"https:\/\/xenonkungen.com\/wp-content\/uploads\/2025\/04\/A1044_productimage_mainfront.jpg\",\"width\":2048,\"height\":2048},{\"@type\":\"BreadcrumbList\",\"@id\":\"https:\/\/xenonkungen.com\/produkt\/briodlights-led-arbetsbelysning-oval-2400-lm\/#breadcrumb\",\"itemListElement\":[{\"@type\":\"ListItem\",\"position\":1,\"name\":\"Hem\",\"item\":\"https:\/\/xenonkungen.com\/\"},{\"@type\":\"ListItem\",\"position\":2,\"name\":\"Shop\",\"item\":\"https:\/\/xenonkungen.com\/shop\/\"},{\"@type\":\"ListItem\",\"position\":3,\"name\":\"BriodLights LED Arbetsbelysning oval 2400 lm\"}]},{\"@type\":\"WebSite\",\"@id\":\"https:\/\/xenonkungen.com\/#website\",\"url\":\"https:\/\/xenonkungen.com\/\",\"name\":\"Xenonkungen\",\"description\":\"\",\"potentialAction\":[{\"@type\":\"SearchAction\",\"target\":{\"@type\":\"EntryPoint\",\"urlTemplate\":\"https:\/\/xenonkungen.com\/?s={search_term_string}\"},\"query-input\":{\"@type\":\"PropertyValueSpecification\",\"valueRequired\":true,\"valueName\":\"search_term_string\"}}],\"inLanguage\":\"en-GB\"}]}<\/script>\n<!-- \/ Yoast SEO plugin. -->","yoast_head_json":{"title":"BriodLights LED Work Light oval 2400 lm - Xenonkungen","robots":{"index":"index","follow":"follow","max-snippet":"max-snippet:-1","max-image-preview":"max-image-preview:large","max-video-preview":"max-video-preview:-1"},"canonical":"https:\/\/xenonkungen.com\/en\/product\/briodlights-led-work-light-oval-2400-lm\/","og_locale":"en_GB","og_type":"article","og_title":"BriodLights LED Arbetsbelysning oval 2400 lm - Xenonkungen","og_description":"Oval Arbetsbelysning med LED fr\u00e5n BriodLights H\u00f6gkvalitativ Arbetsbelysning BriodLights ovala LED-arbetsbelysning levererar exceptionell belysning tack vare dess \u00e5tta 3W CREE-dioder. Med en bred ljusbild och en f\u00f6rv\u00e4ntad livsl\u00e4ngd p\u00e5 cirka 50 000 timmar, ger denna lampa dig tillf\u00f6rlitlig belysning under l\u00e5ng tid. Stark och Effektiv Belysning Denna arbetsbelysning ger en imponerande ljusstyrka p\u00e5 1600 lm, [&hellip;]","og_url":"https:\/\/xenonkungen.com\/en\/product\/briodlights-led-work-light-oval-2400-lm\/","og_site_name":"Xenonkungen","article_modified_time":"2026-05-08T12:28:28+00:00","og_image":[{"width":2048,"height":2048,"url":"https:\/\/xenonkungen.com\/wp-content\/uploads\/2025\/04\/A1044_productimage_mainfront.jpg","type":"image\/jpeg"}],"twitter_card":"summary_large_image","twitter_misc":{"Estimated reading time":"1 minute"},"schema":{"@context":"https:\/\/schema.org","@graph":[{"@type":"WebPage","@id":"https:\/\/xenonkungen.com\/produkt\/briodlights-led-arbetsbelysning-oval-2400-lm\/","url":"https:\/\/xenonkungen.com\/produkt\/briodlights-led-arbetsbelysning-oval-2400-lm\/","name":"BriodLights LED Work Light oval 2400 lm - Xenonkungen","isPartOf":{"@id":"https:\/\/xenonkungen.com\/#website"},"primaryImageOfPage":{"@id":"https:\/\/xenonkungen.com\/produkt\/briodlights-led-arbetsbelysning-oval-2400-lm\/#primaryimage"},"image":{"@id":"https:\/\/xenonkungen.com\/produkt\/briodlights-led-arbetsbelysning-oval-2400-lm\/#primaryimage"},"thumbnailUrl":"https:\/\/xenonkungen.com\/wp-content\/uploads\/2025\/04\/A1044_productimage_mainfront.jpg","datePublished":"2025-04-15T08:59:14+00:00","dateModified":"2026-05-08T12:28:28+00:00","breadcrumb":{"@id":"https:\/\/xenonkungen.com\/produkt\/briodlights-led-arbetsbelysning-oval-2400-lm\/#breadcrumb"},"inLanguage":"en-GB","potentialAction":[{"@type":"ReadAction","target":["https:\/\/xenonkungen.com\/produkt\/briodlights-led-arbetsbelysning-oval-2400-lm\/"]}]},{"@type":"ImageObject","inLanguage":"en-GB","@id":"https:\/\/xenonkungen.com\/produkt\/briodlights-led-arbetsbelysning-oval-2400-lm\/#primaryimage","url":"https:\/\/xenonkungen.com\/wp-content\/uploads\/2025\/04\/A1044_productimage_mainfront.jpg","contentUrl":"https:\/\/xenonkungen.com\/wp-content\/uploads\/2025\/04\/A1044_productimage_mainfront.jpg","width":2048,"height":2048},{"@type":"BreadcrumbList","@id":"https:\/\/xenonkungen.com\/produkt\/briodlights-led-arbetsbelysning-oval-2400-lm\/#breadcrumb","itemListElement":[{"@type":"ListItem","position":1,"name":"Hem","item":"https:\/\/xenonkungen.com\/"},{"@type":"ListItem","position":2,"name":"Shop","item":"https:\/\/xenonkungen.com\/shop\/"},{"@type":"ListItem","position":3,"name":"BriodLights LED Arbetsbelysning oval 2400 lm"}]},{"@type":"WebSite","@id":"https:\/\/xenonkungen.com\/#website","url":"https:\/\/xenonkungen.com\/","name":"Xenonkungen","description":"","potentialAction":[{"@type":"SearchAction","target":{"@type":"EntryPoint","urlTemplate":"https:\/\/xenonkungen.com\/?s={search_term_string}"},"query-input":{"@type":"PropertyValueSpecification","valueRequired":true,"valueName":"search_term_string"}}],"inLanguage":"en-GB"}]}},"taxonomy_info":{"product_brand":[{"value":92,"label":"Briodlights"}],"product_cat":[{"value":508,"label":"Arbetsbelysning"}],"product_tag":[{"value":2788,"label":"black-week-exclude"}],"pa_fargtemperatur":[{"value":188,"label":"6000K"}],"pa_fuktskydd-varde-ipxx":[{"value":177,"label":"IP68"}],"pa_godkannande":[{"value":1174,"label":"EMC, ECE, R10"}],"pa_lampsockel-kontakt":[{"value":329,"label":"DT"}],"pa_led-chips-effekt-w":[{"value":708,"label":"24"}],"pa_storlek-mm":[{"value":1173,"label":"140x145x60"}],"pa_volt-v":[{"value":521,"label":"Multivolt, 9, 12, 16, 18, 24, 28, 30, 32"}]},"featured_image_src_large":["https:\/\/xenonkungen.com\/wp-content\/uploads\/2025\/04\/A1044_productimage_mainfront-1024x1024.jpg",1024,1024,true],"author_info":[],"comment_info":0,"_links":{"self":[{"href":"https:\/\/xenonkungen.com\/en\/wp-json\/wp\/v2\/product\/3580","targetHints":{"allow":["GET"]}}],"collection":[{"href":"https:\/\/xenonkungen.com\/en\/wp-json\/wp\/v2\/product"}],"about":[{"href":"https:\/\/xenonkungen.com\/en\/wp-json\/wp\/v2\/types\/product"}],"replies":[{"embeddable":true,"href":"https:\/\/xenonkungen.com\/en\/wp-json\/wp\/v2\/comments?post=3580"}],"wp:featuredmedia":[{"embeddable":true,"href":"https:\/\/xenonkungen.com\/en\/wp-json\/wp\/v2\/media\/3581"}],"wp:attachment":[{"href":"https:\/\/xenonkungen.com\/en\/wp-json\/wp\/v2\/media?parent=3580"}],"wp:term":[{"taxonomy":"anvandningsomrade","embeddable":true,"href":"https:\/\/xenonkungen.com\/en\/wp-json\/wp\/v2\/anvandningsomrade?post=3580"},{"taxonomy":"bilmarken","embeddable":true,"href":"https:\/\/xenonkungen.com\/en\/wp-json\/wp\/v2\/bilmarken?post=3580"},{"taxonomy":"product_brand","embeddable":true,"href":"https:\/\/xenonkungen.com\/en\/wp-json\/wp\/v2\/product_brand?post=3580"},{"taxonomy":"product_cat","embeddable":true,"href":"https:\/\/xenonkungen.com\/en\/wp-json\/wp\/v2\/product_cat?post=3580"},{"taxonomy":"product_tag","embeddable":true,"href":"https:\/\/xenonkungen.com\/en\/wp-json\/wp\/v2\/product_tag?post=3580"}],"curies":[{"name":"wp","href":"https:\/\/api.w.org\/{rel}","templated":true}]}}