{"id":3593,"date":"2025-04-15T08:59:55","date_gmt":"2025-04-15T08:59:55","guid":{"rendered":"https:\/\/xenonkungen.com\/product\/briodlights-v2-led-extraljusramp-rak-40x3-w-22-560-mm\/"},"modified":"2026-04-24T16:51:24","modified_gmt":"2026-04-24T15:51:24","slug":"briodlights-v2-led-extra-light-ramp-straight-40x3-w-22560-mm","status":"publish","type":"product","link":"https:\/\/xenonkungen.com\/en\/product\/briodlights-v2-led-extra-light-ramp-straight-40x3-w-22560-mm\/","title":{"rendered":"BriodLights V2 LED auxiliary lightbar straight, 40\u00d73 W, 22\u2033 (560 mm)"},"content":{"rendered":"<h1>BriodLights Straight LED Extra Light Ramps<\/h1>\n<h2>High quality and high efficiency light bars<\/h2>\n<p>BriodLight's straight LED auxiliary light bars are the perfect solution for those who need reliable and powerful lighting. With their high-efficiency and high-quality diodes from Osram, these light bars will exceed your expectations.<\/p>\n<p>The light bars are equipped with double rows of 3 W diodes, providing an impressive light output and outstanding performance. You will experience a bright and even illumination that is ideal for all types of terrain and working environments. With an extraordinary lifespan of over 30,000 hours, you can trust that these light bars will last a long time and provide reliable performance for a long time to come.<\/p>\n<p>The light bars have a powder-coated aluminium housing, providing a robust construction that is shockproof and waterproof. They're designed to withstand harsh weather conditions and stay intact even under stress and vibration. You can rely on these light bars to stay in top condition and deliver reliable lighting when you need it most.<\/p>\n<p>For easy installation, brackets for rear or side mounting are included. You can choose to mount the ramps high or low using the flexible side brackets that have double mounting holes. This allows you to customise the mounting height to your specific needs and preferences.<\/p>\n<p>We are so confident in the quality and performance of BriodLight's straight LED auxiliary light bars that we offer a 3-year performance guarantee. You can be confident in your purchase knowing that we stand behind the product.<\/p>\n<h2>Product specifications<\/h2>\n<ul>\n<li>High efficiency and high quality diodes from Osram<\/li>\n<li>Double rows of 3 W diodes<\/li>\n<li>Extraordinary lifetime: over 30 000 hours<\/li>\n<li>Powder-coated aluminium housing (shockproof and waterproof)<\/li>\n<li>Brackets for rear or side mounting included<\/li>\n<li>Flexible side brackets with double mounting holes<\/li>\n<\/ul>\n<p>BriodLight's straight LED auxiliary light bars deliver high-quality and highly efficient lighting. With their robust construction and impressive longevity, these light bars are ideal for all types of applications. Order your BriodLights straight LED auxiliary light bars today and benefit from our 3-year performance guarantee!<\/p>","protected":false},"excerpt":{"rendered":"<p>BriodLights Raka LED Extraljusramper H\u00f6gkvalitativa och h\u00f6geffektiva ljusrampar BriodLights raka LED extraljusramper \u00e4r den perfekta l\u00f6sningen f\u00f6r dig som beh\u00f6ver p\u00e5litlig och kraftfull belysning. Med sina h\u00f6geffektiva och h\u00f6gkvalitativa dioder fr\u00e5n Osram kommer dessa ljusrampar att \u00f6vertr\u00e4ffa dina f\u00f6rv\u00e4ntningar. Ljusramparna \u00e4r utrustade med dubbla rader av 3 W dioder, vilket ger en imponerande ljusbild och [&hellip;]<\/p>","protected":false},"featured_media":3594,"comment_status":"closed","ping_status":"open","template":"","meta":{"_acf_changed":false,"_smort_price_nok":"3466","_smort_price_dkk":"2202","_smort_price_eur":"294.99","_smort_sale_price_nok":"","_smort_sale_price_dkk":"","_smort_sale_price_eur":"","smort_restorder":"","shipmondo_restorder":"","_kad_blocks_custom_css":"","_kad_blocks_head_custom_js":"","_kad_blocks_body_custom_js":"","_kad_blocks_footer_custom_js":"","smort_custom_pricelist_1":"2076.8","smort_custom_pricelist_2":"1817.2","smort_custom_pricelist_3":"1726.34","smort_custom_pricelist_4":"2596","smort_custom_pricelist_5":"1817.2"},"anvandningsomrade":[],"bilmarken":[],"product_brand":[92],"product_cat":[2966,2539],"product_tag":[2788],"class_list":{"0":"post-3593","1":"product","2":"type-product","3":"status-publish","4":"has-post-thumbnail","6":"product_brand-briodlights","7":"product_cat-ledramp-rak","8":"product_cat-ledramper","9":"product_tag-black-week-exclude","10":"pa_fuktskydd-varde-ipxx-ip69k","11":"pa_lampsockel-kontakt-dt","12":"pa_led-chips-effekt-w-310","13":"pa_storlek-mm-560x80x88","14":"pa_volt-v-multivolt-10-12-16-18-24-28-30","16":"first","17":"onbackorder","18":"taxable","19":"shipping-taxable","20":"purchasable","21":"product-type-simple"},"bundled_by":[],"bundle_stock_status":"onbackorder","bundle_stock_quantity":0,"bundle_virtual":false,"bundle_layout":"","bundle_add_to_cart_form_location":"","bundle_editable_in_cart":false,"bundle_sold_individually_context":"","bundle_item_grouping":"","bundle_min_size":"","bundle_max_size":"","bundle_price":[],"bundled_items":[],"bundle_sell_ids":[],"acf":[],"yoast_head":"<!-- This site is optimized with the Yoast SEO plugin v27.0 - https:\/\/yoast.com\/product\/yoast-seo-wordpress\/ -->\n<title>BriodLights V2 LED extraljusramp rak, 40x3 W, 22&quot; (560 mm) - Xenonkungen<\/title>\n<meta name=\"robots\" content=\"index, follow, max-snippet:-1, max-image-preview:large, max-video-preview:-1\" \/>\n<link rel=\"canonical\" href=\"https:\/\/xenonkungen.com\/en\/product\/briodlights-v2-led-extra-light-ramp-straight-40x3-w-22560-mm\/\" \/>\n<meta property=\"og:locale\" content=\"en_GB\" \/>\n<meta property=\"og:type\" content=\"article\" \/>\n<meta property=\"og:title\" content=\"BriodLights V2 LED extraljusramp rak, 40x3 W, 22&quot; (560 mm) - Xenonkungen\" \/>\n<meta property=\"og:description\" content=\"BriodLights Raka LED Extraljusramper H\u00f6gkvalitativa och h\u00f6geffektiva ljusrampar BriodLights raka LED extraljusramper \u00e4r den perfekta l\u00f6sningen f\u00f6r dig som beh\u00f6ver p\u00e5litlig och kraftfull belysning. Med sina h\u00f6geffektiva och h\u00f6gkvalitativa dioder fr\u00e5n Osram kommer dessa ljusrampar att \u00f6vertr\u00e4ffa dina f\u00f6rv\u00e4ntningar. Ljusramparna \u00e4r utrustade med dubbla rader av 3 W dioder, vilket ger en imponerande ljusbild och [&hellip;]\" \/>\n<meta property=\"og:url\" content=\"https:\/\/xenonkungen.com\/en\/product\/briodlights-v2-led-extra-light-ramp-straight-40x3-w-22560-mm\/\" \/>\n<meta property=\"og:site_name\" content=\"Xenonkungen\" \/>\n<meta property=\"article:modified_time\" content=\"2026-04-24T15:51:24+00:00\" \/>\n<meta property=\"og:image\" content=\"https:\/\/xenonkungen.com\/wp-content\/uploads\/2025\/04\/275-53340_itemimage_mainfront.jpg\" \/>\n\t<meta property=\"og:image:width\" content=\"2048\" \/>\n\t<meta property=\"og:image:height\" content=\"1365\" \/>\n\t<meta property=\"og:image:type\" content=\"image\/jpeg\" \/>\n<meta name=\"twitter:card\" content=\"summary_large_image\" \/>\n<meta name=\"twitter:label1\" content=\"Estimated reading time\" \/>\n\t<meta name=\"twitter:data1\" content=\"2 minutes\" \/>\n<script type=\"application\/ld+json\" class=\"yoast-schema-graph\">{\"@context\":\"https:\/\/schema.org\",\"@graph\":[{\"@type\":\"WebPage\",\"@id\":\"https:\/\/xenonkungen.com\/produkt\/briodlights-v2-led-extraljusramp-rak-40x3-w-22-560-mm\/\",\"url\":\"https:\/\/xenonkungen.com\/produkt\/briodlights-v2-led-extraljusramp-rak-40x3-w-22-560-mm\/\",\"name\":\"BriodLights V2 LED extraljusramp rak, 40x3 W, 22\\\" (560 mm) - Xenonkungen\",\"isPartOf\":{\"@id\":\"https:\/\/xenonkungen.com\/#website\"},\"primaryImageOfPage\":{\"@id\":\"https:\/\/xenonkungen.com\/produkt\/briodlights-v2-led-extraljusramp-rak-40x3-w-22-560-mm\/#primaryimage\"},\"image\":{\"@id\":\"https:\/\/xenonkungen.com\/produkt\/briodlights-v2-led-extraljusramp-rak-40x3-w-22-560-mm\/#primaryimage\"},\"thumbnailUrl\":\"https:\/\/xenonkungen.com\/wp-content\/uploads\/2025\/04\/275-53340_itemimage_mainfront.jpg\",\"datePublished\":\"2025-04-15T08:59:55+00:00\",\"dateModified\":\"2026-04-24T15:51:24+00:00\",\"breadcrumb\":{\"@id\":\"https:\/\/xenonkungen.com\/produkt\/briodlights-v2-led-extraljusramp-rak-40x3-w-22-560-mm\/#breadcrumb\"},\"inLanguage\":\"en-GB\",\"potentialAction\":[{\"@type\":\"ReadAction\",\"target\":[\"https:\/\/xenonkungen.com\/produkt\/briodlights-v2-led-extraljusramp-rak-40x3-w-22-560-mm\/\"]}]},{\"@type\":\"ImageObject\",\"inLanguage\":\"en-GB\",\"@id\":\"https:\/\/xenonkungen.com\/produkt\/briodlights-v2-led-extraljusramp-rak-40x3-w-22-560-mm\/#primaryimage\",\"url\":\"https:\/\/xenonkungen.com\/wp-content\/uploads\/2025\/04\/275-53340_itemimage_mainfront.jpg\",\"contentUrl\":\"https:\/\/xenonkungen.com\/wp-content\/uploads\/2025\/04\/275-53340_itemimage_mainfront.jpg\",\"width\":2048,\"height\":1365},{\"@type\":\"BreadcrumbList\",\"@id\":\"https:\/\/xenonkungen.com\/produkt\/briodlights-v2-led-extraljusramp-rak-40x3-w-22-560-mm\/#breadcrumb\",\"itemListElement\":[{\"@type\":\"ListItem\",\"position\":1,\"name\":\"Hem\",\"item\":\"https:\/\/xenonkungen.com\/\"},{\"@type\":\"ListItem\",\"position\":2,\"name\":\"Shop\",\"item\":\"https:\/\/xenonkungen.com\/shop\/\"},{\"@type\":\"ListItem\",\"position\":3,\"name\":\"BriodLights V2 LED extraljusramp rak, 40&#215;3 W, 22&#8243; (560 mm)\"}]},{\"@type\":\"WebSite\",\"@id\":\"https:\/\/xenonkungen.com\/#website\",\"url\":\"https:\/\/xenonkungen.com\/\",\"name\":\"Xenonkungen\",\"description\":\"\",\"potentialAction\":[{\"@type\":\"SearchAction\",\"target\":{\"@type\":\"EntryPoint\",\"urlTemplate\":\"https:\/\/xenonkungen.com\/?s={search_term_string}\"},\"query-input\":{\"@type\":\"PropertyValueSpecification\",\"valueRequired\":true,\"valueName\":\"search_term_string\"}}],\"inLanguage\":\"en-GB\"}]}<\/script>\n<!-- \/ Yoast SEO plugin. -->","yoast_head_json":{"title":"BriodLights V2 LED additional light bar straight, 40x3 W, 22&quot; (560 mm) - The Xenon King","robots":{"index":"index","follow":"follow","max-snippet":"max-snippet:-1","max-image-preview":"max-image-preview:large","max-video-preview":"max-video-preview:-1"},"canonical":"https:\/\/xenonkungen.com\/en\/product\/briodlights-v2-led-extra-light-ramp-straight-40x3-w-22560-mm\/","og_locale":"en_GB","og_type":"article","og_title":"BriodLights V2 LED extraljusramp rak, 40x3 W, 22\" (560 mm) - Xenonkungen","og_description":"BriodLights Raka LED Extraljusramper H\u00f6gkvalitativa och h\u00f6geffektiva ljusrampar BriodLights raka LED extraljusramper \u00e4r den perfekta l\u00f6sningen f\u00f6r dig som beh\u00f6ver p\u00e5litlig och kraftfull belysning. Med sina h\u00f6geffektiva och h\u00f6gkvalitativa dioder fr\u00e5n Osram kommer dessa ljusrampar att \u00f6vertr\u00e4ffa dina f\u00f6rv\u00e4ntningar. Ljusramparna \u00e4r utrustade med dubbla rader av 3 W dioder, vilket ger en imponerande ljusbild och [&hellip;]","og_url":"https:\/\/xenonkungen.com\/en\/product\/briodlights-v2-led-extra-light-ramp-straight-40x3-w-22560-mm\/","og_site_name":"Xenonkungen","article_modified_time":"2026-04-24T15:51:24+00:00","og_image":[{"width":2048,"height":1365,"url":"https:\/\/xenonkungen.com\/wp-content\/uploads\/2025\/04\/275-53340_itemimage_mainfront.jpg","type":"image\/jpeg"}],"twitter_card":"summary_large_image","twitter_misc":{"Estimated reading time":"2 minutes"},"schema":{"@context":"https:\/\/schema.org","@graph":[{"@type":"WebPage","@id":"https:\/\/xenonkungen.com\/produkt\/briodlights-v2-led-extraljusramp-rak-40x3-w-22-560-mm\/","url":"https:\/\/xenonkungen.com\/produkt\/briodlights-v2-led-extraljusramp-rak-40x3-w-22-560-mm\/","name":"BriodLights V2 LED additional light bar straight, 40x3 W, 22&quot; (560 mm) - The Xenon King","isPartOf":{"@id":"https:\/\/xenonkungen.com\/#website"},"primaryImageOfPage":{"@id":"https:\/\/xenonkungen.com\/produkt\/briodlights-v2-led-extraljusramp-rak-40x3-w-22-560-mm\/#primaryimage"},"image":{"@id":"https:\/\/xenonkungen.com\/produkt\/briodlights-v2-led-extraljusramp-rak-40x3-w-22-560-mm\/#primaryimage"},"thumbnailUrl":"https:\/\/xenonkungen.com\/wp-content\/uploads\/2025\/04\/275-53340_itemimage_mainfront.jpg","datePublished":"2025-04-15T08:59:55+00:00","dateModified":"2026-04-24T15:51:24+00:00","breadcrumb":{"@id":"https:\/\/xenonkungen.com\/produkt\/briodlights-v2-led-extraljusramp-rak-40x3-w-22-560-mm\/#breadcrumb"},"inLanguage":"en-GB","potentialAction":[{"@type":"ReadAction","target":["https:\/\/xenonkungen.com\/produkt\/briodlights-v2-led-extraljusramp-rak-40x3-w-22-560-mm\/"]}]},{"@type":"ImageObject","inLanguage":"en-GB","@id":"https:\/\/xenonkungen.com\/produkt\/briodlights-v2-led-extraljusramp-rak-40x3-w-22-560-mm\/#primaryimage","url":"https:\/\/xenonkungen.com\/wp-content\/uploads\/2025\/04\/275-53340_itemimage_mainfront.jpg","contentUrl":"https:\/\/xenonkungen.com\/wp-content\/uploads\/2025\/04\/275-53340_itemimage_mainfront.jpg","width":2048,"height":1365},{"@type":"BreadcrumbList","@id":"https:\/\/xenonkungen.com\/produkt\/briodlights-v2-led-extraljusramp-rak-40x3-w-22-560-mm\/#breadcrumb","itemListElement":[{"@type":"ListItem","position":1,"name":"Hem","item":"https:\/\/xenonkungen.com\/"},{"@type":"ListItem","position":2,"name":"Shop","item":"https:\/\/xenonkungen.com\/shop\/"},{"@type":"ListItem","position":3,"name":"BriodLights V2 LED extraljusramp rak, 40&#215;3 W, 22&#8243; (560 mm)"}]},{"@type":"WebSite","@id":"https:\/\/xenonkungen.com\/#website","url":"https:\/\/xenonkungen.com\/","name":"Xenonkungen","description":"","potentialAction":[{"@type":"SearchAction","target":{"@type":"EntryPoint","urlTemplate":"https:\/\/xenonkungen.com\/?s={search_term_string}"},"query-input":{"@type":"PropertyValueSpecification","valueRequired":true,"valueName":"search_term_string"}}],"inLanguage":"en-GB"}]}},"taxonomy_info":{"product_brand":[{"value":92,"label":"Briodlights"}],"product_cat":[{"value":2966,"label":"Ledramp Rak"},{"value":2539,"label":"LEDRAMPER"}],"product_tag":[{"value":2788,"label":"black-week-exclude"}],"pa_fuktskydd-varde-ipxx":[{"value":155,"label":"IP69K"}],"pa_lampsockel-kontakt":[{"value":329,"label":"DT"}],"pa_led-chips-effekt-w":[{"value":310,"label":"120"}],"pa_storlek-mm":[{"value":1181,"label":"560x80x88"}],"pa_volt-v":[{"value":773,"label":"Multivolt, 10, 12, 16, 18, 24, 28, 30"}]},"featured_image_src_large":["https:\/\/xenonkungen.com\/wp-content\/uploads\/2025\/04\/275-53340_itemimage_mainfront-1024x683.jpg",1024,683,true],"author_info":[],"comment_info":0,"_links":{"self":[{"href":"https:\/\/xenonkungen.com\/en\/wp-json\/wp\/v2\/product\/3593","targetHints":{"allow":["GET"]}}],"collection":[{"href":"https:\/\/xenonkungen.com\/en\/wp-json\/wp\/v2\/product"}],"about":[{"href":"https:\/\/xenonkungen.com\/en\/wp-json\/wp\/v2\/types\/product"}],"replies":[{"embeddable":true,"href":"https:\/\/xenonkungen.com\/en\/wp-json\/wp\/v2\/comments?post=3593"}],"wp:featuredmedia":[{"embeddable":true,"href":"https:\/\/xenonkungen.com\/en\/wp-json\/wp\/v2\/media\/3594"}],"wp:attachment":[{"href":"https:\/\/xenonkungen.com\/en\/wp-json\/wp\/v2\/media?parent=3593"}],"wp:term":[{"taxonomy":"anvandningsomrade","embeddable":true,"href":"https:\/\/xenonkungen.com\/en\/wp-json\/wp\/v2\/anvandningsomrade?post=3593"},{"taxonomy":"bilmarken","embeddable":true,"href":"https:\/\/xenonkungen.com\/en\/wp-json\/wp\/v2\/bilmarken?post=3593"},{"taxonomy":"product_brand","embeddable":true,"href":"https:\/\/xenonkungen.com\/en\/wp-json\/wp\/v2\/product_brand?post=3593"},{"taxonomy":"product_cat","embeddable":true,"href":"https:\/\/xenonkungen.com\/en\/wp-json\/wp\/v2\/product_cat?post=3593"},{"taxonomy":"product_tag","embeddable":true,"href":"https:\/\/xenonkungen.com\/en\/wp-json\/wp\/v2\/product_tag?post=3593"}],"curies":[{"name":"wp","href":"https:\/\/api.w.org\/{rel}","templated":true}]}}