{"id":3597,"date":"2025-04-15T08:59:55","date_gmt":"2025-04-15T08:59:55","guid":{"rendered":"https:\/\/xenonkungen.com\/product\/briodlights-v2-led-extraljusramp-rak-80x3-w-42-1073-mm\/"},"modified":"2026-04-24T16:51:26","modified_gmt":"2026-04-24T15:51:26","slug":"briodlights-v2-led-extra-light-ramp-straight-80x3-w-42-1073-mm","status":"publish","type":"product","link":"https:\/\/xenonkungen.com\/en\/product\/briodlights-v2-led-extra-light-ramp-straight-80x3-w-42-1073-mm\/","title":{"rendered":"BriodLights V2 LED auxiliary lightbar straight, 80\u00d73 W, 42\u2033 (1073 mm)"},"content":{"rendered":"<h1>BriodLights Straight LED Extralight Ramps<\/h1>\n<p>BriodLight's straight LED auxiliary light bars offer high-performance and durable lighting for all types of vehicles. With double rows of 3W high-efficiency and high-quality diodes from Osram, these beams deliver an impressive light pattern that illuminates the road ahead.<\/p>\n<h2>Long life and shockproof construction<\/h2>\n<p>These LED ramps have an extraordinary lifespan of over 30 000 hours, making them a durable and cost-effective choice. In addition, the powder-coated aluminium housing makes them both shockproof and waterproof, meaning they can withstand harsh conditions and demanding environments.<\/p>\n<h2>Flexible Assembly<\/h2>\n<p>The ramps come with rear mounting brackets, as well as side brackets with double mounting holes. This allows you to choose whether you want the ramp to sit high or low on your vehicle. Note that the dimensions of the ramps are given without brackets.<\/p>\n<h2>3 year functional guarantee<\/h2>\n<p>To ensure your satisfaction and the durability of the product, BriodLights offers a 3-year functional warranty on these straight LED auxiliary light bars. You can trust that this product will deliver a reliable performance for many years.<\/p>","protected":false},"excerpt":{"rendered":"<p>BriodLights Raka LED Exstraljusramper BriodLights raka LED extraljusramper erbjuder h\u00f6gpresterande och h\u00e5llbar belysning f\u00f6r alla typer av fordon. Med dubbla rader av 3W h\u00f6geffektiva och h\u00f6gkvalitativa dioder fr\u00e5n Osram levererar dessa ramper en imponerande ljusbild som lyser upp v\u00e4gen framf\u00f6r dig. L\u00e5ng Livsl\u00e4ngd och St\u00f6ts\u00e4ker Konstruktion Dessa LED-ramper har en extraordin\u00e4r livsl\u00e4ngd p\u00e5 \u00f6ver 30 [&hellip;]<\/p>","protected":false},"featured_media":3598,"comment_status":"closed","ping_status":"open","template":"","meta":{"_acf_changed":false,"_smort_price_nok":"7205","_smort_price_dkk":"4577","_smort_price_eur":"613.15","_smort_sale_price_nok":"","_smort_sale_price_dkk":"","_smort_sale_price_eur":"","smort_restorder":"","shipmondo_restorder":"","_kad_blocks_custom_css":"","_kad_blocks_head_custom_js":"","_kad_blocks_body_custom_js":"","_kad_blocks_footer_custom_js":"","smort_custom_pricelist_1":"4316.8","smort_custom_pricelist_2":"3777.2","smort_custom_pricelist_3":"3588.34","smort_custom_pricelist_4":"5396","smort_custom_pricelist_5":"3777.2"},"anvandningsomrade":[],"bilmarken":[],"product_brand":[92],"product_cat":[2966,2539],"product_tag":[2788],"class_list":{"0":"post-3597","1":"product","2":"type-product","3":"status-publish","4":"has-post-thumbnail","6":"product_brand-briodlights","7":"product_cat-ledramp-rak","8":"product_cat-ledramper","9":"product_tag-black-week-exclude","10":"pa_fuktskydd-varde-ipxx-ip69k","11":"pa_lampsockel-kontakt-dtp","12":"pa_led-chips-effekt-w-823","13":"pa_storlek-mm-1073x80x88","14":"pa_volt-v-multivolt-10-12-16-18-24-28-30","16":"first","17":"onbackorder","18":"taxable","19":"shipping-taxable","20":"purchasable","21":"product-type-simple"},"bundled_by":[],"bundle_stock_status":"onbackorder","bundle_stock_quantity":0,"bundle_virtual":false,"bundle_layout":"","bundle_add_to_cart_form_location":"","bundle_editable_in_cart":false,"bundle_sold_individually_context":"","bundle_item_grouping":"","bundle_min_size":"","bundle_max_size":"","bundle_price":[],"bundled_items":[],"bundle_sell_ids":[],"acf":[],"yoast_head":"<!-- This site is optimized with the Yoast SEO plugin v27.0 - https:\/\/yoast.com\/product\/yoast-seo-wordpress\/ -->\n<title>BriodLights V2 LED extraljusramp rak, 80x3 W, 42&quot; (1073 mm - Xenonkungen<\/title>\n<meta name=\"robots\" content=\"index, follow, max-snippet:-1, max-image-preview:large, max-video-preview:-1\" \/>\n<link rel=\"canonical\" href=\"https:\/\/xenonkungen.com\/en\/product\/briodlights-v2-led-extra-light-ramp-straight-80x3-w-42-1073-mm\/\" \/>\n<meta property=\"og:locale\" content=\"en_GB\" \/>\n<meta property=\"og:type\" content=\"article\" \/>\n<meta property=\"og:title\" content=\"BriodLights V2 LED extraljusramp rak, 80x3 W, 42&quot; (1073 mm - Xenonkungen\" \/>\n<meta property=\"og:description\" content=\"BriodLights Raka LED Exstraljusramper BriodLights raka LED extraljusramper erbjuder h\u00f6gpresterande och h\u00e5llbar belysning f\u00f6r alla typer av fordon. Med dubbla rader av 3W h\u00f6geffektiva och h\u00f6gkvalitativa dioder fr\u00e5n Osram levererar dessa ramper en imponerande ljusbild som lyser upp v\u00e4gen framf\u00f6r dig. L\u00e5ng Livsl\u00e4ngd och St\u00f6ts\u00e4ker Konstruktion Dessa LED-ramper har en extraordin\u00e4r livsl\u00e4ngd p\u00e5 \u00f6ver 30 [&hellip;]\" \/>\n<meta property=\"og:url\" content=\"https:\/\/xenonkungen.com\/en\/product\/briodlights-v2-led-extra-light-ramp-straight-80x3-w-42-1073-mm\/\" \/>\n<meta property=\"og:site_name\" content=\"Xenonkungen\" \/>\n<meta property=\"article:modified_time\" content=\"2026-04-24T15:51:26+00:00\" \/>\n<meta property=\"og:image\" content=\"https:\/\/xenonkungen.com\/wp-content\/uploads\/2025\/04\/275-53380_itemimage_mainfront.jpg\" \/>\n\t<meta property=\"og:image:width\" content=\"2048\" \/>\n\t<meta property=\"og:image:height\" content=\"1365\" \/>\n\t<meta property=\"og:image:type\" content=\"image\/jpeg\" \/>\n<meta name=\"twitter:card\" content=\"summary_large_image\" \/>\n<meta name=\"twitter:label1\" content=\"Estimated reading time\" \/>\n\t<meta name=\"twitter:data1\" content=\"1 minute\" \/>\n<script type=\"application\/ld+json\" class=\"yoast-schema-graph\">{\"@context\":\"https:\/\/schema.org\",\"@graph\":[{\"@type\":\"WebPage\",\"@id\":\"https:\/\/xenonkungen.com\/produkt\/briodlights-v2-led-extraljusramp-rak-80x3-w-42-1073-mm\/\",\"url\":\"https:\/\/xenonkungen.com\/produkt\/briodlights-v2-led-extraljusramp-rak-80x3-w-42-1073-mm\/\",\"name\":\"BriodLights V2 LED extraljusramp rak, 80x3 W, 42\\\" (1073 mm - Xenonkungen\",\"isPartOf\":{\"@id\":\"https:\/\/xenonkungen.com\/#website\"},\"primaryImageOfPage\":{\"@id\":\"https:\/\/xenonkungen.com\/produkt\/briodlights-v2-led-extraljusramp-rak-80x3-w-42-1073-mm\/#primaryimage\"},\"image\":{\"@id\":\"https:\/\/xenonkungen.com\/produkt\/briodlights-v2-led-extraljusramp-rak-80x3-w-42-1073-mm\/#primaryimage\"},\"thumbnailUrl\":\"https:\/\/xenonkungen.com\/wp-content\/uploads\/2025\/04\/275-53380_itemimage_mainfront.jpg\",\"datePublished\":\"2025-04-15T08:59:55+00:00\",\"dateModified\":\"2026-04-24T15:51:26+00:00\",\"breadcrumb\":{\"@id\":\"https:\/\/xenonkungen.com\/produkt\/briodlights-v2-led-extraljusramp-rak-80x3-w-42-1073-mm\/#breadcrumb\"},\"inLanguage\":\"en-GB\",\"potentialAction\":[{\"@type\":\"ReadAction\",\"target\":[\"https:\/\/xenonkungen.com\/produkt\/briodlights-v2-led-extraljusramp-rak-80x3-w-42-1073-mm\/\"]}]},{\"@type\":\"ImageObject\",\"inLanguage\":\"en-GB\",\"@id\":\"https:\/\/xenonkungen.com\/produkt\/briodlights-v2-led-extraljusramp-rak-80x3-w-42-1073-mm\/#primaryimage\",\"url\":\"https:\/\/xenonkungen.com\/wp-content\/uploads\/2025\/04\/275-53380_itemimage_mainfront.jpg\",\"contentUrl\":\"https:\/\/xenonkungen.com\/wp-content\/uploads\/2025\/04\/275-53380_itemimage_mainfront.jpg\",\"width\":2048,\"height\":1365},{\"@type\":\"BreadcrumbList\",\"@id\":\"https:\/\/xenonkungen.com\/produkt\/briodlights-v2-led-extraljusramp-rak-80x3-w-42-1073-mm\/#breadcrumb\",\"itemListElement\":[{\"@type\":\"ListItem\",\"position\":1,\"name\":\"Hem\",\"item\":\"https:\/\/xenonkungen.com\/\"},{\"@type\":\"ListItem\",\"position\":2,\"name\":\"Shop\",\"item\":\"https:\/\/xenonkungen.com\/shop\/\"},{\"@type\":\"ListItem\",\"position\":3,\"name\":\"BriodLights V2 LED extraljusramp rak, 80&#215;3 W, 42&#8243; (1073 mm\"}]},{\"@type\":\"WebSite\",\"@id\":\"https:\/\/xenonkungen.com\/#website\",\"url\":\"https:\/\/xenonkungen.com\/\",\"name\":\"Xenonkungen\",\"description\":\"\",\"potentialAction\":[{\"@type\":\"SearchAction\",\"target\":{\"@type\":\"EntryPoint\",\"urlTemplate\":\"https:\/\/xenonkungen.com\/?s={search_term_string}\"},\"query-input\":{\"@type\":\"PropertyValueSpecification\",\"valueRequired\":true,\"valueName\":\"search_term_string\"}}],\"inLanguage\":\"en-GB\"}]}<\/script>\n<!-- \/ Yoast SEO plugin. -->","yoast_head_json":{"title":"BriodLights V2 LED additional light ramp straight, 80x3 W, 42&quot; (1073 mm - The Xenon King","robots":{"index":"index","follow":"follow","max-snippet":"max-snippet:-1","max-image-preview":"max-image-preview:large","max-video-preview":"max-video-preview:-1"},"canonical":"https:\/\/xenonkungen.com\/en\/product\/briodlights-v2-led-extra-light-ramp-straight-80x3-w-42-1073-mm\/","og_locale":"en_GB","og_type":"article","og_title":"BriodLights V2 LED extraljusramp rak, 80x3 W, 42\" (1073 mm - Xenonkungen","og_description":"BriodLights Raka LED Exstraljusramper BriodLights raka LED extraljusramper erbjuder h\u00f6gpresterande och h\u00e5llbar belysning f\u00f6r alla typer av fordon. Med dubbla rader av 3W h\u00f6geffektiva och h\u00f6gkvalitativa dioder fr\u00e5n Osram levererar dessa ramper en imponerande ljusbild som lyser upp v\u00e4gen framf\u00f6r dig. L\u00e5ng Livsl\u00e4ngd och St\u00f6ts\u00e4ker Konstruktion Dessa LED-ramper har en extraordin\u00e4r livsl\u00e4ngd p\u00e5 \u00f6ver 30 [&hellip;]","og_url":"https:\/\/xenonkungen.com\/en\/product\/briodlights-v2-led-extra-light-ramp-straight-80x3-w-42-1073-mm\/","og_site_name":"Xenonkungen","article_modified_time":"2026-04-24T15:51:26+00:00","og_image":[{"width":2048,"height":1365,"url":"https:\/\/xenonkungen.com\/wp-content\/uploads\/2025\/04\/275-53380_itemimage_mainfront.jpg","type":"image\/jpeg"}],"twitter_card":"summary_large_image","twitter_misc":{"Estimated reading time":"1 minute"},"schema":{"@context":"https:\/\/schema.org","@graph":[{"@type":"WebPage","@id":"https:\/\/xenonkungen.com\/produkt\/briodlights-v2-led-extraljusramp-rak-80x3-w-42-1073-mm\/","url":"https:\/\/xenonkungen.com\/produkt\/briodlights-v2-led-extraljusramp-rak-80x3-w-42-1073-mm\/","name":"BriodLights V2 LED additional light ramp straight, 80x3 W, 42&quot; (1073 mm - The Xenon King","isPartOf":{"@id":"https:\/\/xenonkungen.com\/#website"},"primaryImageOfPage":{"@id":"https:\/\/xenonkungen.com\/produkt\/briodlights-v2-led-extraljusramp-rak-80x3-w-42-1073-mm\/#primaryimage"},"image":{"@id":"https:\/\/xenonkungen.com\/produkt\/briodlights-v2-led-extraljusramp-rak-80x3-w-42-1073-mm\/#primaryimage"},"thumbnailUrl":"https:\/\/xenonkungen.com\/wp-content\/uploads\/2025\/04\/275-53380_itemimage_mainfront.jpg","datePublished":"2025-04-15T08:59:55+00:00","dateModified":"2026-04-24T15:51:26+00:00","breadcrumb":{"@id":"https:\/\/xenonkungen.com\/produkt\/briodlights-v2-led-extraljusramp-rak-80x3-w-42-1073-mm\/#breadcrumb"},"inLanguage":"en-GB","potentialAction":[{"@type":"ReadAction","target":["https:\/\/xenonkungen.com\/produkt\/briodlights-v2-led-extraljusramp-rak-80x3-w-42-1073-mm\/"]}]},{"@type":"ImageObject","inLanguage":"en-GB","@id":"https:\/\/xenonkungen.com\/produkt\/briodlights-v2-led-extraljusramp-rak-80x3-w-42-1073-mm\/#primaryimage","url":"https:\/\/xenonkungen.com\/wp-content\/uploads\/2025\/04\/275-53380_itemimage_mainfront.jpg","contentUrl":"https:\/\/xenonkungen.com\/wp-content\/uploads\/2025\/04\/275-53380_itemimage_mainfront.jpg","width":2048,"height":1365},{"@type":"BreadcrumbList","@id":"https:\/\/xenonkungen.com\/produkt\/briodlights-v2-led-extraljusramp-rak-80x3-w-42-1073-mm\/#breadcrumb","itemListElement":[{"@type":"ListItem","position":1,"name":"Hem","item":"https:\/\/xenonkungen.com\/"},{"@type":"ListItem","position":2,"name":"Shop","item":"https:\/\/xenonkungen.com\/shop\/"},{"@type":"ListItem","position":3,"name":"BriodLights V2 LED extraljusramp rak, 80&#215;3 W, 42&#8243; (1073 mm"}]},{"@type":"WebSite","@id":"https:\/\/xenonkungen.com\/#website","url":"https:\/\/xenonkungen.com\/","name":"Xenonkungen","description":"","potentialAction":[{"@type":"SearchAction","target":{"@type":"EntryPoint","urlTemplate":"https:\/\/xenonkungen.com\/?s={search_term_string}"},"query-input":{"@type":"PropertyValueSpecification","valueRequired":true,"valueName":"search_term_string"}}],"inLanguage":"en-GB"}]}},"taxonomy_info":{"product_brand":[{"value":92,"label":"Briodlights"}],"product_cat":[{"value":2966,"label":"Ledramp Rak"},{"value":2539,"label":"LEDRAMPER"}],"product_tag":[{"value":2788,"label":"black-week-exclude"}],"pa_fuktskydd-varde-ipxx":[{"value":155,"label":"IP69K"}],"pa_lampsockel-kontakt":[{"value":475,"label":"DTP"}],"pa_led-chips-effekt-w":[{"value":823,"label":"240"}],"pa_storlek-mm":[{"value":1182,"label":"1073x80x88"}],"pa_volt-v":[{"value":773,"label":"Multivolt, 10, 12, 16, 18, 24, 28, 30"}]},"featured_image_src_large":["https:\/\/xenonkungen.com\/wp-content\/uploads\/2025\/04\/275-53380_itemimage_mainfront-1024x683.jpg",1024,683,true],"author_info":[],"comment_info":0,"_links":{"self":[{"href":"https:\/\/xenonkungen.com\/en\/wp-json\/wp\/v2\/product\/3597","targetHints":{"allow":["GET"]}}],"collection":[{"href":"https:\/\/xenonkungen.com\/en\/wp-json\/wp\/v2\/product"}],"about":[{"href":"https:\/\/xenonkungen.com\/en\/wp-json\/wp\/v2\/types\/product"}],"replies":[{"embeddable":true,"href":"https:\/\/xenonkungen.com\/en\/wp-json\/wp\/v2\/comments?post=3597"}],"wp:featuredmedia":[{"embeddable":true,"href":"https:\/\/xenonkungen.com\/en\/wp-json\/wp\/v2\/media\/3598"}],"wp:attachment":[{"href":"https:\/\/xenonkungen.com\/en\/wp-json\/wp\/v2\/media?parent=3597"}],"wp:term":[{"taxonomy":"anvandningsomrade","embeddable":true,"href":"https:\/\/xenonkungen.com\/en\/wp-json\/wp\/v2\/anvandningsomrade?post=3597"},{"taxonomy":"bilmarken","embeddable":true,"href":"https:\/\/xenonkungen.com\/en\/wp-json\/wp\/v2\/bilmarken?post=3597"},{"taxonomy":"product_brand","embeddable":true,"href":"https:\/\/xenonkungen.com\/en\/wp-json\/wp\/v2\/product_brand?post=3597"},{"taxonomy":"product_cat","embeddable":true,"href":"https:\/\/xenonkungen.com\/en\/wp-json\/wp\/v2\/product_cat?post=3597"},{"taxonomy":"product_tag","embeddable":true,"href":"https:\/\/xenonkungen.com\/en\/wp-json\/wp\/v2\/product_tag?post=3597"}],"curies":[{"name":"wp","href":"https:\/\/api.w.org\/{rel}","templated":true}]}}