{"id":3678,"date":"2025-04-15T09:01:29","date_gmt":"2025-04-15T09:01:29","guid":{"rendered":"https:\/\/xenonkungen.com\/product\/60w-xenonkit-for-helljus-speedstart-12-24v\/"},"modified":"2026-05-13T15:57:00","modified_gmt":"2026-05-13T14:57:00","slug":"60w-xenon-kit-for-high-beam-speedstart-12-24v","status":"publish","type":"product","link":"https:\/\/xenonkungen.com\/en\/product\/60w-xenon-kit-for-high-beam-speedstart-12-24v\/","title":{"rendered":"60W Xenon kit for high beam SpeedStart | 12\/24V"},"content":{"rendered":"<h1>Premium 60W Xenon kit<\/h1>\n<p>Exclusively at Xenon King.<br \/>\nBoth ballast and lamps are of the Super fast start and High brightness type: Fast starting and with higher brightness.<\/p>\n<p>The input ballast HNS-6 has power 60W (effective ~60W).<\/p>\n<p>A unique feature of the HNS-6 is that it can operate all xenon lamps, including lead-free (D1\/D2\/D3\/D4). However, specialised cables are required for this and the task is given here to demonstrate the advanced technology of the HNS-6.<\/p>\n<p>HNS-6 replaces the manufacturer's outstanding but discontinued HNS-60 ballast, which has proven its reliability over many years.<\/p>\n<p>How much better high beam will you get in your particular car when the headlights provide 11200 lumens against the existing 2400 lumens?<\/p>\n<p>Ballast: HNS-6 Super fast start<br \/>\nPower: 60W (~60W), 42V\/85V AC<br \/>\nPower consumption: 5.2A\/12V<br \/>\nVolt: 9-32V DC<br \/>\nOperating environment: -40 to +85<\/p>\n<p><strong>Available with the following lamp base:<\/strong><br \/>\nXenon kit H1<br \/>\nXenon kit H3<br \/>\nH7 Xenon Kit \/ Xenon Kit H7 (projector lens or high beam)<br \/>\nH7R (reflector dipped beam)<br \/>\nH9 (H8\/H11)<br \/>\n9005 (HB3\/HIR1\/9011)<br \/>\n9006 (HB4\/HIR2\/9012)<\/p>\n<p><strong>Any colour temperature (K = Kelvin):<\/strong><br \/>\n4300K = 5600\u00b1100 lm, Standard white<br \/>\n5000K = 5200\u00b1100 lm, Bright white<br \/>\n6000K = 4700\u00b1100 lm, Diamond white<br \/>\nActual values according to spectroanalysis.<br \/>\n- We recommend 4300K.<\/p>\n<p><strong>Take into account<\/strong> that this kit is not suitable for low beam due to the excessive light. Provides about 450% more light compared to the car's existing halogen 55W. Therefore only recommended for conversion of the car's high beam.<\/p>\n<p>Heat generation is lower than for halogen 55W so there is no risk of burnt lamps.<\/p>\n<p>Content:<br \/>\n2pcs Ballast HNS-6 Super fast start 9-32V DC<br \/>\n2pcs Power Xenon lamps<\/p>\n<p><strong>Stock status<\/strong><br \/>\nThis kit consists of two separate items. You can check the stock status of the specific lamp\/colour and ballast under the respective category\/item.<\/p>\n<p><strong>CANBUS:<\/strong><br \/>\nIf you have a car with Canbus light monitoring, we recommend that you contact customer service for guidance.<\/p>\n<p><strong>NOTE! On some late model Saabs, we have received reports that the car's sophisticated\/sensitive electrical system has been damaged during installation.<br \/>\nWe therefore advise against xenon conversion on these cars, and will not reimburse any repair costs should problems arise on your car. For more information, please call our support team on 0300-30860.<\/strong><\/p>\n<p>Warranty 3 years Ballast | 1 year Lamp<\/p>","protected":false},"excerpt":{"rendered":"<p>High beam | Premium 60W Xenon kit for the best way to xenon conversion. Both ballast and lamps are of type Super fast start and High brightness: Fast starting and with higher brightness.<\/p>","protected":false},"featured_media":25925,"comment_status":"closed","ping_status":"closed","template":"","meta":{"_acf_changed":false,"_smort_price_nok":"1063","_smort_price_dkk":"675","_smort_price_eur":"90.45","_smort_sale_price_nok":"","_smort_sale_price_dkk":"","_smort_sale_price_eur":"","smort_restorder":"","shipmondo_restorder":"","_kad_blocks_custom_css":"","_kad_blocks_head_custom_js":"","_kad_blocks_body_custom_js":"","_kad_blocks_footer_custom_js":"","smort_custom_pricelist_1":"636.8","smort_custom_pricelist_2":"557.2","smort_custom_pricelist_3":"529.34","smort_custom_pricelist_4":"796","smort_custom_pricelist_5":"557.2"},"anvandningsomrade":[],"bilmarken":[],"product_brand":[],"product_cat":[2485],"product_tag":[],"class_list":{"0":"post-3678","1":"product","2":"type-product","3":"status-publish","4":"has-post-thumbnail","6":"product_cat-xenonkonventering","7":"pa_faktisk-effekts-forbrukning-401","8":"pa_fargtemperatur-5000k","9":"pa_fargtemperatur-6000k","10":"pa_fargtemperatur-4300k","11":"pa_lampsockel-kontakt-h7","12":"pa_lampsockel-kontakt-h9","13":"pa_lampsockel-kontakt-9005-hb3","14":"pa_lampsockel-kontakt-9006-hb4","15":"pa_lampsockel-kontakt-h1","16":"pa_lampsockel-kontakt-h3","17":"pa_lampsockel-kontakt-h7r","18":"pa_led-chips-effekt-w-694","19":"pa_volt-v-12-24","21":"first","22":"onbackorder","23":"taxable","24":"shipping-taxable","25":"purchasable","26":"product-type-variable"},"bundled_by":[],"bundle_stock_status":"onbackorder","bundle_stock_quantity":-213,"bundle_virtual":false,"bundle_layout":"","bundle_add_to_cart_form_location":"","bundle_editable_in_cart":false,"bundle_sold_individually_context":"","bundle_item_grouping":"","bundle_min_size":"","bundle_max_size":"","bundle_price":[],"bundled_items":[],"bundle_sell_ids":[],"acf":[],"yoast_head":"<!-- This site is optimized with the Yoast SEO plugin v27.0 - https:\/\/yoast.com\/product\/yoast-seo-wordpress\/ -->\n<title>60W Xenonkit f\u00f6r helljus SpeedStart | 12\/24V - Xenonkungen<\/title>\n<meta name=\"robots\" content=\"index, follow, max-snippet:-1, max-image-preview:large, max-video-preview:-1\" \/>\n<link rel=\"canonical\" href=\"https:\/\/xenonkungen.com\/en\/product\/60w-xenon-kit-for-high-beam-speedstart-12-24v\/\" \/>\n<meta property=\"og:locale\" content=\"en_GB\" \/>\n<meta property=\"og:type\" content=\"article\" \/>\n<meta property=\"og:title\" content=\"60W Xenonkit f\u00f6r helljus SpeedStart | 12\/24V - Xenonkungen\" \/>\n<meta property=\"og:description\" content=\"Helljus | Premium 60W Xenon kit f\u00f6r b\u00e4sta s\u00e4ttet att xenonkonvertera. B\u00e5de ballast och lampor \u00e4r av typ Super fast start och High brightness: Snabbstartande och med h\u00f6gre ljusstyrka.\" \/>\n<meta property=\"og:url\" content=\"https:\/\/xenonkungen.com\/en\/product\/60w-xenon-kit-for-high-beam-speedstart-12-24v\/\" \/>\n<meta property=\"og:site_name\" content=\"Xenonkungen\" \/>\n<meta property=\"article:modified_time\" content=\"2026-05-13T14:57:00+00:00\" \/>\n<meta property=\"og:image\" content=\"https:\/\/xenonkungen.com\/wp-content\/uploads\/2025\/04\/Xenonkit-60W-ArtNr128814-ToHemsidan-no-text-2-PNNG-1024x921.png\" \/>\n\t<meta property=\"og:image:width\" content=\"1024\" \/>\n\t<meta property=\"og:image:height\" content=\"921\" \/>\n\t<meta property=\"og:image:type\" content=\"image\/png\" \/>\n<meta name=\"twitter:card\" content=\"summary_large_image\" \/>\n<meta name=\"twitter:label1\" content=\"Estimated reading time\" \/>\n\t<meta name=\"twitter:data1\" content=\"2 minutes\" \/>\n<script type=\"application\/ld+json\" class=\"yoast-schema-graph\">{\"@context\":\"https:\/\/schema.org\",\"@graph\":[{\"@type\":\"WebPage\",\"@id\":\"https:\/\/xenonkungen.com\/produkt\/60w-xenonkit-for-helljus-speedstart-12-24v\/\",\"url\":\"https:\/\/xenonkungen.com\/produkt\/60w-xenonkit-for-helljus-speedstart-12-24v\/\",\"name\":\"60W Xenonkit f\u00f6r helljus SpeedStart | 12\/24V - Xenonkungen\",\"isPartOf\":{\"@id\":\"https:\/\/xenonkungen.com\/#website\"},\"primaryImageOfPage\":{\"@id\":\"https:\/\/xenonkungen.com\/produkt\/60w-xenonkit-for-helljus-speedstart-12-24v\/#primaryimage\"},\"image\":{\"@id\":\"https:\/\/xenonkungen.com\/produkt\/60w-xenonkit-for-helljus-speedstart-12-24v\/#primaryimage\"},\"thumbnailUrl\":\"https:\/\/xenonkungen.com\/wp-content\/uploads\/2025\/04\/Xenonkit-60W-ArtNr128814-ToHemsidan-no-text-2-PNNG-scaled.png\",\"datePublished\":\"2025-04-15T09:01:29+00:00\",\"dateModified\":\"2026-05-13T14:57:00+00:00\",\"breadcrumb\":{\"@id\":\"https:\/\/xenonkungen.com\/produkt\/60w-xenonkit-for-helljus-speedstart-12-24v\/#breadcrumb\"},\"inLanguage\":\"en-GB\",\"potentialAction\":[{\"@type\":\"ReadAction\",\"target\":[\"https:\/\/xenonkungen.com\/produkt\/60w-xenonkit-for-helljus-speedstart-12-24v\/\"]}]},{\"@type\":\"ImageObject\",\"inLanguage\":\"en-GB\",\"@id\":\"https:\/\/xenonkungen.com\/produkt\/60w-xenonkit-for-helljus-speedstart-12-24v\/#primaryimage\",\"url\":\"https:\/\/xenonkungen.com\/wp-content\/uploads\/2025\/04\/Xenonkit-60W-ArtNr128814-ToHemsidan-no-text-2-PNNG-scaled.png\",\"contentUrl\":\"https:\/\/xenonkungen.com\/wp-content\/uploads\/2025\/04\/Xenonkit-60W-ArtNr128814-ToHemsidan-no-text-2-PNNG-scaled.png\",\"width\":2560,\"height\":2303},{\"@type\":\"BreadcrumbList\",\"@id\":\"https:\/\/xenonkungen.com\/produkt\/60w-xenonkit-for-helljus-speedstart-12-24v\/#breadcrumb\",\"itemListElement\":[{\"@type\":\"ListItem\",\"position\":1,\"name\":\"Hem\",\"item\":\"https:\/\/xenonkungen.com\/\"},{\"@type\":\"ListItem\",\"position\":2,\"name\":\"Shop\",\"item\":\"https:\/\/xenonkungen.com\/shop\/\"},{\"@type\":\"ListItem\",\"position\":3,\"name\":\"60W Xenonkit f\u00f6r helljus SpeedStart | 12\/24V\"}]},{\"@type\":\"WebSite\",\"@id\":\"https:\/\/xenonkungen.com\/#website\",\"url\":\"https:\/\/xenonkungen.com\/\",\"name\":\"Xenonkungen\",\"description\":\"\",\"potentialAction\":[{\"@type\":\"SearchAction\",\"target\":{\"@type\":\"EntryPoint\",\"urlTemplate\":\"https:\/\/xenonkungen.com\/?s={search_term_string}\"},\"query-input\":{\"@type\":\"PropertyValueSpecification\",\"valueRequired\":true,\"valueName\":\"search_term_string\"}}],\"inLanguage\":\"en-GB\"}]}<\/script>\n<!-- \/ Yoast SEO plugin. -->","yoast_head_json":{"title":"60W Xenon kit for high beam SpeedStart | 12\/24V - Xenonkungen","robots":{"index":"index","follow":"follow","max-snippet":"max-snippet:-1","max-image-preview":"max-image-preview:large","max-video-preview":"max-video-preview:-1"},"canonical":"https:\/\/xenonkungen.com\/en\/product\/60w-xenon-kit-for-high-beam-speedstart-12-24v\/","og_locale":"en_GB","og_type":"article","og_title":"60W Xenonkit f\u00f6r helljus SpeedStart | 12\/24V - Xenonkungen","og_description":"Helljus | Premium 60W Xenon kit f\u00f6r b\u00e4sta s\u00e4ttet att xenonkonvertera. B\u00e5de ballast och lampor \u00e4r av typ Super fast start och High brightness: Snabbstartande och med h\u00f6gre ljusstyrka.","og_url":"https:\/\/xenonkungen.com\/en\/product\/60w-xenon-kit-for-high-beam-speedstart-12-24v\/","og_site_name":"Xenonkungen","article_modified_time":"2026-05-13T14:57:00+00:00","og_image":[{"width":1024,"height":921,"url":"https:\/\/xenonkungen.com\/wp-content\/uploads\/2025\/04\/Xenonkit-60W-ArtNr128814-ToHemsidan-no-text-2-PNNG-1024x921.png","type":"image\/png"}],"twitter_card":"summary_large_image","twitter_misc":{"Estimated reading time":"2 minutes"},"schema":{"@context":"https:\/\/schema.org","@graph":[{"@type":"WebPage","@id":"https:\/\/xenonkungen.com\/produkt\/60w-xenonkit-for-helljus-speedstart-12-24v\/","url":"https:\/\/xenonkungen.com\/produkt\/60w-xenonkit-for-helljus-speedstart-12-24v\/","name":"60W Xenon kit for high beam SpeedStart | 12\/24V - Xenonkungen","isPartOf":{"@id":"https:\/\/xenonkungen.com\/#website"},"primaryImageOfPage":{"@id":"https:\/\/xenonkungen.com\/produkt\/60w-xenonkit-for-helljus-speedstart-12-24v\/#primaryimage"},"image":{"@id":"https:\/\/xenonkungen.com\/produkt\/60w-xenonkit-for-helljus-speedstart-12-24v\/#primaryimage"},"thumbnailUrl":"https:\/\/xenonkungen.com\/wp-content\/uploads\/2025\/04\/Xenonkit-60W-ArtNr128814-ToHemsidan-no-text-2-PNNG-scaled.png","datePublished":"2025-04-15T09:01:29+00:00","dateModified":"2026-05-13T14:57:00+00:00","breadcrumb":{"@id":"https:\/\/xenonkungen.com\/produkt\/60w-xenonkit-for-helljus-speedstart-12-24v\/#breadcrumb"},"inLanguage":"en-GB","potentialAction":[{"@type":"ReadAction","target":["https:\/\/xenonkungen.com\/produkt\/60w-xenonkit-for-helljus-speedstart-12-24v\/"]}]},{"@type":"ImageObject","inLanguage":"en-GB","@id":"https:\/\/xenonkungen.com\/produkt\/60w-xenonkit-for-helljus-speedstart-12-24v\/#primaryimage","url":"https:\/\/xenonkungen.com\/wp-content\/uploads\/2025\/04\/Xenonkit-60W-ArtNr128814-ToHemsidan-no-text-2-PNNG-scaled.png","contentUrl":"https:\/\/xenonkungen.com\/wp-content\/uploads\/2025\/04\/Xenonkit-60W-ArtNr128814-ToHemsidan-no-text-2-PNNG-scaled.png","width":2560,"height":2303},{"@type":"BreadcrumbList","@id":"https:\/\/xenonkungen.com\/produkt\/60w-xenonkit-for-helljus-speedstart-12-24v\/#breadcrumb","itemListElement":[{"@type":"ListItem","position":1,"name":"Hem","item":"https:\/\/xenonkungen.com\/"},{"@type":"ListItem","position":2,"name":"Shop","item":"https:\/\/xenonkungen.com\/shop\/"},{"@type":"ListItem","position":3,"name":"60W Xenonkit f\u00f6r helljus SpeedStart | 12\/24V"}]},{"@type":"WebSite","@id":"https:\/\/xenonkungen.com\/#website","url":"https:\/\/xenonkungen.com\/","name":"Xenonkungen","description":"","potentialAction":[{"@type":"SearchAction","target":{"@type":"EntryPoint","urlTemplate":"https:\/\/xenonkungen.com\/?s={search_term_string}"},"query-input":{"@type":"PropertyValueSpecification","valueRequired":true,"valueName":"search_term_string"}}],"inLanguage":"en-GB"}]}},"taxonomy_info":{"product_cat":[{"value":2485,"label":"Xenonkonvertering"}],"pa_faktisk-effekts-forbrukning":[{"value":401,"label":"60"}],"pa_fargtemperatur":[{"value":154,"label":"5000K"},{"value":188,"label":"6000K"},{"value":755,"label":"4300K"}],"pa_lampsockel-kontakt":[{"value":206,"label":"H7"},{"value":163,"label":"H9"},{"value":741,"label":"9005, HB3"},{"value":326,"label":"9006 , HB4"},{"value":336,"label":"H1"},{"value":339,"label":"H3"},{"value":2719,"label":"H7R"}],"pa_led-chips-effekt-w":[{"value":694,"label":"60"}],"pa_volt-v":[{"value":348,"label":"12, 24"}]},"featured_image_src_large":["https:\/\/xenonkungen.com\/wp-content\/uploads\/2025\/04\/Xenonkit-60W-ArtNr128814-ToHemsidan-no-text-2-PNNG-1024x921.png",1024,921,true],"author_info":[],"comment_info":3,"_links":{"self":[{"href":"https:\/\/xenonkungen.com\/en\/wp-json\/wp\/v2\/product\/3678","targetHints":{"allow":["GET"]}}],"collection":[{"href":"https:\/\/xenonkungen.com\/en\/wp-json\/wp\/v2\/product"}],"about":[{"href":"https:\/\/xenonkungen.com\/en\/wp-json\/wp\/v2\/types\/product"}],"replies":[{"embeddable":true,"href":"https:\/\/xenonkungen.com\/en\/wp-json\/wp\/v2\/comments?post=3678"}],"wp:featuredmedia":[{"embeddable":true,"href":"https:\/\/xenonkungen.com\/en\/wp-json\/wp\/v2\/media\/25925"}],"wp:attachment":[{"href":"https:\/\/xenonkungen.com\/en\/wp-json\/wp\/v2\/media?parent=3678"}],"wp:term":[{"taxonomy":"anvandningsomrade","embeddable":true,"href":"https:\/\/xenonkungen.com\/en\/wp-json\/wp\/v2\/anvandningsomrade?post=3678"},{"taxonomy":"bilmarken","embeddable":true,"href":"https:\/\/xenonkungen.com\/en\/wp-json\/wp\/v2\/bilmarken?post=3678"},{"taxonomy":"product_brand","embeddable":true,"href":"https:\/\/xenonkungen.com\/en\/wp-json\/wp\/v2\/product_brand?post=3678"},{"taxonomy":"product_cat","embeddable":true,"href":"https:\/\/xenonkungen.com\/en\/wp-json\/wp\/v2\/product_cat?post=3678"},{"taxonomy":"product_tag","embeddable":true,"href":"https:\/\/xenonkungen.com\/en\/wp-json\/wp\/v2\/product_tag?post=3678"}],"curies":[{"name":"wp","href":"https:\/\/api.w.org\/{rel}","templated":true}]}}